{"id":1025,"date":"2020-12-08T15:06:59","date_gmt":"2020-12-08T18:06:59","guid":{"rendered":"https:\/\/www.pacoteshyatt.com.br\/rio-de-janeiro\/?page_id=1025"},"modified":"2023-06-12T11:08:09","modified_gmt":"2023-06-12T14:08:09","slug":"sustentabilidade","status":"publish","type":"page","link":"https:\/\/www.pacoteshyatt.com.br\/rio-de-janeiro\/o-resort\/sustentabilidade\/","title":{"rendered":"Sustentabilidade"},"content":{"rendered":"\n<div class=\"wp-container-69f5cb8113a82 wp-block-group intro-content-home text-center\"><div class=\"wp-bootstrap-blocks-container container mb-2\">\n\t\n<div class=\"wp-bootstrap-blocks-row row\">\n\t\n\n<div class=\"col-12 col-md-12 inner-intro-content\">\n\t\t\t\n\n<div class=\"wp-container-69f5cb81135a7 wp-block-group inner-content\">\n<h1>Pol\u00edtica C.A.R.E de Sustentabilidade<\/h1>\n\n\n\n<p>O Grand Hyatt Rio de Janeiro refor\u00e7a o seu compromisso com os Princ\u00edpios do Turismo Sustent\u00e1vel relativos&nbsp;as tr\u00eas dimens\u00f5es (ambiental, sociocultural e econ\u00f4mica) e estabelece a sua pol\u00edtica de sustentabilidade&nbsp;<br><strong>CARE<\/strong>:&nbsp;<br><strong>C<\/strong>ompromisso com a melhoria cont\u00ednua do Sistema de Gest\u00e3o da sustentabilidade.&nbsp;<br><strong>A<\/strong>tendimento as legisla\u00e7\u00f5es e aos compromissos subscritos pelo hotel.&nbsp;<br><strong>R<\/strong>espeito nas rela\u00e7\u00f5es &nbsp;garantindo \u00e0 &nbsp;satisfa\u00e7\u00e3o dos clientes.&nbsp;<br><strong>E<\/strong>ngajamento no atendimento, com excel\u00eancia, \u00e0s expectativas das parte interessadas.<\/p>\n\n\n\n<p><strong>Conhe\u00e7a outros protocolos de sustentabilidade do Grand Hyatt Rio de Janeiro:<\/strong><\/p>\n\n\n\n<p><strong>LEED<\/strong><\/p>\n\n\n\n<p>\u00c9 uma certifica\u00e7\u00e3o internacional presente em mais de 160 pa\u00edses. Os projetos que buscam essa certifica\u00e7\u00e3o s\u00e3o avaliados em 8 dimens\u00f5es e todas possuem pr\u00e9-requisitos e cr\u00e9ditos que a medida que atendidos, garantem pontos \u00e0 edifica\u00e7\u00e3o.&nbsp;O Grand Hyatt Rio de Janeiro possui a certifica\u00e7\u00e3o LEED na categoria &#8220;Novas Constru\u00e7\u00f5es&#8221;.<\/p>\n\n\n\n<p><strong>PROCEL<\/strong><\/p>\n\n\n\n<p>O Programa Nacional de Conserva\u00e7\u00e3o de Energia El\u00e9trica \u00e9 um programa de governo, coordenado pelo Minist\u00e9rio de Minas e Energia e executado pela Eletrobras.&nbsp;O Procel promove a\u00e7\u00f5es de efici\u00eancia energ\u00e9tica em diversos segmentos da economia, que ajudam o pa\u00eds a economizar energia el\u00e9trica e que geram benef\u00edcios para toda a sociedade. O Grand Hyatt Rio de Janeiro possui o selo Procel de Efici\u00eancia Energ\u00e9tica.<\/p>\n\n\n\n<p><strong>ABNT NBR 15401:2006<\/strong><\/p>\n\n\n\n<p>O certificado ABNT NBR 15401:2006 especifica os requisitos relativos \u00e0 sustentabilidade de meios de hospedagem, estabelecendo crit\u00e9rios de desempenho e permitindo a formula\u00e7\u00e3o de uma pol\u00edtica e objetivos que levem em conta os requisitos legais e as informa\u00e7\u00f5es referentes aos impactos ambientais, socioculturais e econ\u00f4micos.<\/p>\n<\/div>\n\n\t<\/div>\n\n<\/div>\n\n<\/div>\n<\/div>\n\n\n        <div class=\"service-section\">\n            <div class=\"container\">\n                <div class=\"row\">\n                    <div class=\"inner-service-col col-12\">\n                                                <div class=\"all-section-title\">\n                            <h2>Nossos servi\u00e7os<\/h2>\n                        <\/div>\n                                                <div class=\"d-flex flex-wrap inner-service-section justify-content-center\">\n                                    <div class=\"col-6 col-sm-4 col-lg-3 custom-3-col\">\n                                <a href=\"https:\/\/www.pacoteshyatt.com.br\/rio-de-janeiro\/o-resort\/hospedagem\/\" class=\"service-image\">\n                                    <div class=\"inner-service-image\">\n                                        <img src=\"https:\/\/www.pacoteshyatt.com.br\/rio-de-janeiro\/wp-content\/uploads\/sites\/2\/2020\/10\/Diplomat-Suite-Bedroom.jpg\" alt=\"HOSPEDAGEM\">\n                                    <\/div>\n                                    <div class=\"btn-col\">\n                                        <span class=\"btn with-border\">| HOSPEDAGEM<\/span>\n                                    <\/div>\n                                <\/a>\n                            <\/div>\n                                        <div class=\"col-6 col-sm-4 col-lg-3 custom-3-col\">\n                                <a href=\"https:\/\/www.pacoteshyatt.com.br\/rio-de-janeiro\/product-category\/gastronomia\/\" class=\"service-image\">\n                                    <div class=\"inner-service-image\">\n                                        <img src=\"https:\/\/www.pacoteshyatt.com.br\/rio-de-janeiro\/wp-content\/uploads\/sites\/2\/2020\/10\/RIOGH_P445-Shiso-Dish.jpg\" alt=\"GASTRONOMIA\">\n                                    <\/div>\n                                    <div class=\"btn-col\">\n                                        <span class=\"btn with-border\">| GASTRONOMIA<\/span>\n                                    <\/div>\n                                <\/a>\n                            <\/div>\n                                        <div class=\"col-6 col-sm-4 col-lg-3 custom-3-col\">\n                                <a href=\"https:\/\/www.pacoteshyatt.com.br\/rio-de-janeiro\/product-category\/atiaia-spa-fitness\/\" class=\"service-image\">\n                                    <div class=\"inner-service-image\">\n                                        <img src=\"https:\/\/www.pacoteshyatt.com.br\/rio-de-janeiro\/wp-content\/uploads\/sites\/2\/2020\/10\/HYATT_TBF_3923.jpg\" alt=\"ATIAIA SPA &#038; FITNESS\">\n                                    <\/div>\n                                    <div class=\"btn-col\">\n                                        <span class=\"btn with-border\">| ATIAIA SPA &#038; FITNESS<\/span>\n                                    <\/div>\n                                <\/a>\n                            <\/div>\n                                        <div class=\"col-6 col-sm-4 col-lg-3 custom-3-col\">\n                                <a href=\"https:\/\/www.pacoteshyatt.com.br\/rio-de-janeiro\/pet-service\/\" class=\"service-image\">\n                                    <div class=\"inner-service-image\">\n                                        <img src=\"https:\/\/www.pacoteshyatt.com.br\/rio-de-janeiro\/wp-content\/uploads\/sites\/2\/2020\/12\/pet.jpg\" alt=\"PET SERVICE\">\n                                    <\/div>\n                                    <div class=\"btn-col\">\n                                        <span class=\"btn with-border\">| PET SERVICE<\/span>\n                                    <\/div>\n                                <\/a>\n                            <\/div>\n                                    <\/div>\n                    <\/div>\n                <\/div>\n            <\/div>\n        <\/div>\n        ","protected":false},"excerpt":{"rendered":"","protected":false},"author":1,"featured_media":0,"parent":561,"menu_order":0,"comment_status":"closed","ping_status":"closed","template":"","meta":{"_eb_attr":""},"yoast_head":"<!-- This site is optimized with the Yoast SEO plugin v18.4.1 - https:\/\/yoast.com\/wordpress\/plugins\/seo\/ -->\n<title>Sustentabilidade - GRAND HYATT RIO DE JANEIRO<\/title>\n<meta name=\"robots\" content=\"index, follow, max-snippet:-1, max-image-preview:large, max-video-preview:-1\" \/>\n<link rel=\"canonical\" href=\"https:\/\/www.pacoteshyatt.com.br\/rio-de-janeiro\/o-resort\/sustentabilidade\/\" \/>\n<meta property=\"og:locale\" content=\"pt_BR\" \/>\n<meta property=\"og:type\" content=\"article\" \/>\n<meta property=\"og:title\" content=\"Sustentabilidade - GRAND HYATT RIO DE JANEIRO\" \/>\n<meta property=\"og:url\" content=\"https:\/\/www.pacoteshyatt.com.br\/rio-de-janeiro\/o-resort\/sustentabilidade\/\" \/>\n<meta property=\"og:site_name\" content=\"GRAND HYATT RIO DE JANEIRO\" \/>\n<meta property=\"article:modified_time\" content=\"2023-06-12T14:08:09+00:00\" \/>\n<meta name=\"twitter:card\" content=\"summary_large_image\" \/>\n<meta name=\"twitter:label1\" content=\"Est. tempo de leitura\" \/>\n\t<meta name=\"twitter:data1\" content=\"2 minutos\" \/>\n<script type=\"application\/ld+json\" class=\"yoast-schema-graph\">{\"@context\":\"https:\/\/schema.org\",\"@graph\":[{\"@type\":\"WebSite\",\"@id\":\"https:\/\/www.pacoteshyatt.com.br\/rio-de-janeiro\/#website\",\"url\":\"https:\/\/www.pacoteshyatt.com.br\/rio-de-janeiro\/\",\"name\":\"GRAND HYATT RIO DE JANEIRO\",\"description\":\"Um verdadeiro resort urbano na Barra da Tijuca!\",\"potentialAction\":[{\"@type\":\"SearchAction\",\"target\":{\"@type\":\"EntryPoint\",\"urlTemplate\":\"https:\/\/www.pacoteshyatt.com.br\/rio-de-janeiro\/?s={search_term_string}\"},\"query-input\":\"required name=search_term_string\"}],\"inLanguage\":\"pt-BR\"},{\"@type\":\"WebPage\",\"@id\":\"https:\/\/www.pacoteshyatt.com.br\/rio-de-janeiro\/o-resort\/sustentabilidade\/#webpage\",\"url\":\"https:\/\/www.pacoteshyatt.com.br\/rio-de-janeiro\/o-resort\/sustentabilidade\/\",\"name\":\"Sustentabilidade - GRAND HYATT RIO DE JANEIRO\",\"isPartOf\":{\"@id\":\"https:\/\/www.pacoteshyatt.com.br\/rio-de-janeiro\/#website\"},\"datePublished\":\"2020-12-08T18:06:59+00:00\",\"dateModified\":\"2023-06-12T14:08:09+00:00\",\"breadcrumb\":{\"@id\":\"https:\/\/www.pacoteshyatt.com.br\/rio-de-janeiro\/o-resort\/sustentabilidade\/#breadcrumb\"},\"inLanguage\":\"pt-BR\",\"potentialAction\":[{\"@type\":\"ReadAction\",\"target\":[\"https:\/\/www.pacoteshyatt.com.br\/rio-de-janeiro\/o-resort\/sustentabilidade\/\"]}]},{\"@type\":\"BreadcrumbList\",\"@id\":\"https:\/\/www.pacoteshyatt.com.br\/rio-de-janeiro\/o-resort\/sustentabilidade\/#breadcrumb\",\"itemListElement\":[{\"@type\":\"ListItem\",\"position\":1,\"name\":\"Home\",\"item\":\"https:\/\/www.pacoteshyatt.com.br\/rio-de-janeiro\/\"},{\"@type\":\"ListItem\",\"position\":2,\"name\":\"O Resort\",\"item\":\"https:\/\/www.pacoteshyatt.com.br\/rio-de-janeiro\/o-resort\/\"},{\"@type\":\"ListItem\",\"position\":3,\"name\":\"Sustentabilidade\"}]}]}<\/script>\n<!-- \/ Yoast SEO plugin. -->","yoast_head_json":{"title":"Sustentabilidade - GRAND HYATT RIO DE JANEIRO","robots":{"index":"index","follow":"follow","max-snippet":"max-snippet:-1","max-image-preview":"max-image-preview:large","max-video-preview":"max-video-preview:-1"},"canonical":"https:\/\/www.pacoteshyatt.com.br\/rio-de-janeiro\/o-resort\/sustentabilidade\/","og_locale":"pt_BR","og_type":"article","og_title":"Sustentabilidade - GRAND HYATT RIO DE JANEIRO","og_url":"https:\/\/www.pacoteshyatt.com.br\/rio-de-janeiro\/o-resort\/sustentabilidade\/","og_site_name":"GRAND HYATT RIO DE JANEIRO","article_modified_time":"2023-06-12T14:08:09+00:00","twitter_card":"summary_large_image","twitter_misc":{"Est. tempo de leitura":"2 minutos"},"schema":{"@context":"https:\/\/schema.org","@graph":[{"@type":"WebSite","@id":"https:\/\/www.pacoteshyatt.com.br\/rio-de-janeiro\/#website","url":"https:\/\/www.pacoteshyatt.com.br\/rio-de-janeiro\/","name":"GRAND HYATT RIO DE JANEIRO","description":"Um verdadeiro resort urbano na Barra da Tijuca!","potentialAction":[{"@type":"SearchAction","target":{"@type":"EntryPoint","urlTemplate":"https:\/\/www.pacoteshyatt.com.br\/rio-de-janeiro\/?s={search_term_string}"},"query-input":"required name=search_term_string"}],"inLanguage":"pt-BR"},{"@type":"WebPage","@id":"https:\/\/www.pacoteshyatt.com.br\/rio-de-janeiro\/o-resort\/sustentabilidade\/#webpage","url":"https:\/\/www.pacoteshyatt.com.br\/rio-de-janeiro\/o-resort\/sustentabilidade\/","name":"Sustentabilidade - GRAND HYATT RIO DE JANEIRO","isPartOf":{"@id":"https:\/\/www.pacoteshyatt.com.br\/rio-de-janeiro\/#website"},"datePublished":"2020-12-08T18:06:59+00:00","dateModified":"2023-06-12T14:08:09+00:00","breadcrumb":{"@id":"https:\/\/www.pacoteshyatt.com.br\/rio-de-janeiro\/o-resort\/sustentabilidade\/#breadcrumb"},"inLanguage":"pt-BR","potentialAction":[{"@type":"ReadAction","target":["https:\/\/www.pacoteshyatt.com.br\/rio-de-janeiro\/o-resort\/sustentabilidade\/"]}]},{"@type":"BreadcrumbList","@id":"https:\/\/www.pacoteshyatt.com.br\/rio-de-janeiro\/o-resort\/sustentabilidade\/#breadcrumb","itemListElement":[{"@type":"ListItem","position":1,"name":"Home","item":"https:\/\/www.pacoteshyatt.com.br\/rio-de-janeiro\/"},{"@type":"ListItem","position":2,"name":"O Resort","item":"https:\/\/www.pacoteshyatt.com.br\/rio-de-janeiro\/o-resort\/"},{"@type":"ListItem","position":3,"name":"Sustentabilidade"}]}]}},"_links":{"self":[{"href":"https:\/\/www.pacoteshyatt.com.br\/rio-de-janeiro\/wp-json\/wp\/v2\/pages\/1025"}],"collection":[{"href":"https:\/\/www.pacoteshyatt.com.br\/rio-de-janeiro\/wp-json\/wp\/v2\/pages"}],"about":[{"href":"https:\/\/www.pacoteshyatt.com.br\/rio-de-janeiro\/wp-json\/wp\/v2\/types\/page"}],"author":[{"embeddable":true,"href":"https:\/\/www.pacoteshyatt.com.br\/rio-de-janeiro\/wp-json\/wp\/v2\/users\/1"}],"replies":[{"embeddable":true,"href":"https:\/\/www.pacoteshyatt.com.br\/rio-de-janeiro\/wp-json\/wp\/v2\/comments?post=1025"}],"version-history":[{"count":20,"href":"https:\/\/www.pacoteshyatt.com.br\/rio-de-janeiro\/wp-json\/wp\/v2\/pages\/1025\/revisions"}],"predecessor-version":[{"id":9437,"href":"https:\/\/www.pacoteshyatt.com.br\/rio-de-janeiro\/wp-json\/wp\/v2\/pages\/1025\/revisions\/9437"}],"up":[{"embeddable":true,"href":"https:\/\/www.pacoteshyatt.com.br\/rio-de-janeiro\/wp-json\/wp\/v2\/pages\/561"}],"wp:attachment":[{"href":"https:\/\/www.pacoteshyatt.com.br\/rio-de-janeiro\/wp-json\/wp\/v2\/media?parent=1025"}],"curies":[{"name":"wp","href":"https:\/\/api.w.org\/{rel}","templated":true}]}}