{"id":10685,"date":"2023-08-29T11:40:38","date_gmt":"2023-08-29T14:40:38","guid":{"rendered":"https:\/\/www.pacoteshyatt.com.br\/rio-de-janeiro\/?page_id=10685"},"modified":"2023-08-30T11:28:49","modified_gmt":"2023-08-30T14:28:49","slug":"mes-do-cliente-atiaia","status":"publish","type":"page","link":"https:\/\/www.pacoteshyatt.com.br\/rio-de-janeiro\/mes-do-cliente-atiaia\/","title":{"rendered":"M\u00eas do Cliente | Atiaia Spa"},"content":{"rendered":"\n<div class=\"wp-container-69d7ee1b304d9 wp-block-group intro-content-home text-center\"><div class=\"wp-bootstrap-blocks-container container mb-2\">\n\t\n<div class=\"wp-bootstrap-blocks-row row\">\n\t\n\n<div class=\"col-12 col-md-12 inner-intro-content\">\n\t\t\t\n\n<div class=\"wp-container-69d7ee1b2ff95 wp-block-group inner-content\">\n<div class=\"wp-container-69d7ee1b2fa10 wp-block-group\">\n<h2 class=\"has-pink-color has-white-background-color has-text-color has-background\">M\u00eas do Cliente | Atiaia Spa<\/h2>\n\n\n\n<p>Durante todo o m\u00eas de Setembro, todas <strong>massagens de 50min<\/strong> do Atiaia Spa estar\u00e3o com <strong>15% de desconto!<\/strong><br>Venha relaxar sua mente e seu corpo com toda a estrutura do Spa do Grand Hyatt Rio de Janeiro. <\/p>\n\n\n\n<p><\/p>\n\n\n\n<p>Aproveite tamb\u00e9m para ter uma experi\u00eancia completa com o Day Spa Primavera!<\/p>\n<\/div>\n<\/div>\n\n\t<\/div>\n\n<\/div>\n\n<\/div>\n<\/div>\n\n\n\n<div class=\"wp-container-69d7ee1b34556 wp-block-group is-style-default\">        <div class=\"destaques-section d-md-block\">\n            <div class=\"container\">\n                <div class=\"row\">\n                    <div class=\"inner-destaques-col col-12\">\n                        <div class=\"all-section-title\">\n                            <h2>Viva essa experi\u00eancia!<\/h2>\n                        <\/div>\n                                                    <div class=\"products row\">\n                                                          <\/div>\n                                            <\/div>\n                <\/div>\n            <\/div>\n        <\/div>\n                       \n        <\/div>\n","protected":false},"excerpt":{"rendered":"","protected":false},"author":106058,"featured_media":0,"parent":0,"menu_order":0,"comment_status":"closed","ping_status":"closed","template":"","meta":{"_eb_attr":""},"yoast_head":"<!-- This site is optimized with the Yoast SEO plugin v18.4.1 - https:\/\/yoast.com\/wordpress\/plugins\/seo\/ -->\n<title>M\u00eas do Cliente | Atiaia Spa - GRAND HYATT RIO DE JANEIRO<\/title>\n<meta name=\"description\" content=\"No m\u00eas de Setembro, todas massagens de 50min do Atiaia Spa estar\u00e3o com 15% de desconto! Relaxe no Spa do Grand Hyatt Rio de Janeiro.\" \/>\n<meta name=\"robots\" content=\"index, follow, max-snippet:-1, max-image-preview:large, max-video-preview:-1\" \/>\n<link rel=\"canonical\" href=\"https:\/\/www.pacoteshyatt.com.br\/rio-de-janeiro\/mes-do-cliente-atiaia\/\" \/>\n<meta property=\"og:locale\" content=\"pt_BR\" \/>\n<meta property=\"og:type\" content=\"article\" \/>\n<meta property=\"og:title\" content=\"M\u00eas do Cliente | Atiaia Spa - GRAND HYATT RIO DE JANEIRO\" \/>\n<meta property=\"og:description\" content=\"No m\u00eas de Setembro, todas massagens de 50min do Atiaia Spa estar\u00e3o com 15% de desconto! Relaxe no Spa do Grand Hyatt Rio de Janeiro.\" \/>\n<meta property=\"og:url\" content=\"https:\/\/www.pacoteshyatt.com.br\/rio-de-janeiro\/mes-do-cliente-atiaia\/\" \/>\n<meta property=\"og:site_name\" content=\"GRAND HYATT RIO DE JANEIRO\" \/>\n<meta property=\"article:modified_time\" content=\"2023-08-30T14:28:49+00:00\" \/>\n<meta name=\"twitter:card\" content=\"summary_large_image\" \/>\n<meta name=\"twitter:label1\" content=\"Est. tempo de leitura\" \/>\n\t<meta name=\"twitter:data1\" content=\"1 minuto\" \/>\n<script type=\"application\/ld+json\" class=\"yoast-schema-graph\">{\"@context\":\"https:\/\/schema.org\",\"@graph\":[{\"@type\":\"WebSite\",\"@id\":\"https:\/\/www.pacoteshyatt.com.br\/rio-de-janeiro\/#website\",\"url\":\"https:\/\/www.pacoteshyatt.com.br\/rio-de-janeiro\/\",\"name\":\"GRAND HYATT RIO DE JANEIRO\",\"description\":\"Um verdadeiro resort urbano na Barra da Tijuca!\",\"potentialAction\":[{\"@type\":\"SearchAction\",\"target\":{\"@type\":\"EntryPoint\",\"urlTemplate\":\"https:\/\/www.pacoteshyatt.com.br\/rio-de-janeiro\/?s={search_term_string}\"},\"query-input\":\"required name=search_term_string\"}],\"inLanguage\":\"pt-BR\"},{\"@type\":\"WebPage\",\"@id\":\"https:\/\/www.pacoteshyatt.com.br\/rio-de-janeiro\/mes-do-cliente-atiaia\/#webpage\",\"url\":\"https:\/\/www.pacoteshyatt.com.br\/rio-de-janeiro\/mes-do-cliente-atiaia\/\",\"name\":\"M\u00eas do Cliente | Atiaia Spa - GRAND HYATT RIO DE JANEIRO\",\"isPartOf\":{\"@id\":\"https:\/\/www.pacoteshyatt.com.br\/rio-de-janeiro\/#website\"},\"datePublished\":\"2023-08-29T14:40:38+00:00\",\"dateModified\":\"2023-08-30T14:28:49+00:00\",\"description\":\"No m\u00eas de Setembro, todas massagens de 50min do Atiaia Spa estar\u00e3o com 15% de desconto! Relaxe no Spa do Grand Hyatt Rio de Janeiro.\",\"breadcrumb\":{\"@id\":\"https:\/\/www.pacoteshyatt.com.br\/rio-de-janeiro\/mes-do-cliente-atiaia\/#breadcrumb\"},\"inLanguage\":\"pt-BR\",\"potentialAction\":[{\"@type\":\"ReadAction\",\"target\":[\"https:\/\/www.pacoteshyatt.com.br\/rio-de-janeiro\/mes-do-cliente-atiaia\/\"]}]},{\"@type\":\"BreadcrumbList\",\"@id\":\"https:\/\/www.pacoteshyatt.com.br\/rio-de-janeiro\/mes-do-cliente-atiaia\/#breadcrumb\",\"itemListElement\":[{\"@type\":\"ListItem\",\"position\":1,\"name\":\"Home\",\"item\":\"https:\/\/www.pacoteshyatt.com.br\/rio-de-janeiro\/\"},{\"@type\":\"ListItem\",\"position\":2,\"name\":\"M\u00eas do Cliente | Atiaia Spa\"}]}]}<\/script>\n<!-- \/ Yoast SEO plugin. -->","yoast_head_json":{"title":"M\u00eas do Cliente | Atiaia Spa - GRAND HYATT RIO DE JANEIRO","description":"No m\u00eas de Setembro, todas massagens de 50min do Atiaia Spa estar\u00e3o com 15% de desconto! Relaxe no Spa do Grand Hyatt Rio de Janeiro.","robots":{"index":"index","follow":"follow","max-snippet":"max-snippet:-1","max-image-preview":"max-image-preview:large","max-video-preview":"max-video-preview:-1"},"canonical":"https:\/\/www.pacoteshyatt.com.br\/rio-de-janeiro\/mes-do-cliente-atiaia\/","og_locale":"pt_BR","og_type":"article","og_title":"M\u00eas do Cliente | Atiaia Spa - GRAND HYATT RIO DE JANEIRO","og_description":"No m\u00eas de Setembro, todas massagens de 50min do Atiaia Spa estar\u00e3o com 15% de desconto! Relaxe no Spa do Grand Hyatt Rio de Janeiro.","og_url":"https:\/\/www.pacoteshyatt.com.br\/rio-de-janeiro\/mes-do-cliente-atiaia\/","og_site_name":"GRAND HYATT RIO DE JANEIRO","article_modified_time":"2023-08-30T14:28:49+00:00","twitter_card":"summary_large_image","twitter_misc":{"Est. tempo de leitura":"1 minuto"},"schema":{"@context":"https:\/\/schema.org","@graph":[{"@type":"WebSite","@id":"https:\/\/www.pacoteshyatt.com.br\/rio-de-janeiro\/#website","url":"https:\/\/www.pacoteshyatt.com.br\/rio-de-janeiro\/","name":"GRAND HYATT RIO DE JANEIRO","description":"Um verdadeiro resort urbano na Barra da Tijuca!","potentialAction":[{"@type":"SearchAction","target":{"@type":"EntryPoint","urlTemplate":"https:\/\/www.pacoteshyatt.com.br\/rio-de-janeiro\/?s={search_term_string}"},"query-input":"required name=search_term_string"}],"inLanguage":"pt-BR"},{"@type":"WebPage","@id":"https:\/\/www.pacoteshyatt.com.br\/rio-de-janeiro\/mes-do-cliente-atiaia\/#webpage","url":"https:\/\/www.pacoteshyatt.com.br\/rio-de-janeiro\/mes-do-cliente-atiaia\/","name":"M\u00eas do Cliente | Atiaia Spa - GRAND HYATT RIO DE JANEIRO","isPartOf":{"@id":"https:\/\/www.pacoteshyatt.com.br\/rio-de-janeiro\/#website"},"datePublished":"2023-08-29T14:40:38+00:00","dateModified":"2023-08-30T14:28:49+00:00","description":"No m\u00eas de Setembro, todas massagens de 50min do Atiaia Spa estar\u00e3o com 15% de desconto! Relaxe no Spa do Grand Hyatt Rio de Janeiro.","breadcrumb":{"@id":"https:\/\/www.pacoteshyatt.com.br\/rio-de-janeiro\/mes-do-cliente-atiaia\/#breadcrumb"},"inLanguage":"pt-BR","potentialAction":[{"@type":"ReadAction","target":["https:\/\/www.pacoteshyatt.com.br\/rio-de-janeiro\/mes-do-cliente-atiaia\/"]}]},{"@type":"BreadcrumbList","@id":"https:\/\/www.pacoteshyatt.com.br\/rio-de-janeiro\/mes-do-cliente-atiaia\/#breadcrumb","itemListElement":[{"@type":"ListItem","position":1,"name":"Home","item":"https:\/\/www.pacoteshyatt.com.br\/rio-de-janeiro\/"},{"@type":"ListItem","position":2,"name":"M\u00eas do Cliente | Atiaia Spa"}]}]}},"_links":{"self":[{"href":"https:\/\/www.pacoteshyatt.com.br\/rio-de-janeiro\/wp-json\/wp\/v2\/pages\/10685"}],"collection":[{"href":"https:\/\/www.pacoteshyatt.com.br\/rio-de-janeiro\/wp-json\/wp\/v2\/pages"}],"about":[{"href":"https:\/\/www.pacoteshyatt.com.br\/rio-de-janeiro\/wp-json\/wp\/v2\/types\/page"}],"author":[{"embeddable":true,"href":"https:\/\/www.pacoteshyatt.com.br\/rio-de-janeiro\/wp-json\/wp\/v2\/users\/106058"}],"replies":[{"embeddable":true,"href":"https:\/\/www.pacoteshyatt.com.br\/rio-de-janeiro\/wp-json\/wp\/v2\/comments?post=10685"}],"version-history":[{"count":12,"href":"https:\/\/www.pacoteshyatt.com.br\/rio-de-janeiro\/wp-json\/wp\/v2\/pages\/10685\/revisions"}],"predecessor-version":[{"id":10731,"href":"https:\/\/www.pacoteshyatt.com.br\/rio-de-janeiro\/wp-json\/wp\/v2\/pages\/10685\/revisions\/10731"}],"wp:attachment":[{"href":"https:\/\/www.pacoteshyatt.com.br\/rio-de-janeiro\/wp-json\/wp\/v2\/media?parent=10685"}],"curies":[{"name":"wp","href":"https:\/\/api.w.org\/{rel}","templated":true}]}}