{"id":12942,"date":"2024-01-15T11:48:55","date_gmt":"2024-01-15T14:48:55","guid":{"rendered":"https:\/\/www.pacoteshyatt.com.br\/rio-de-janeiro\/?page_id=12942"},"modified":"2024-01-24T15:52:56","modified_gmt":"2024-01-24T18:52:56","slug":"galeria-quiosque","status":"publish","type":"page","link":"https:\/\/www.pacoteshyatt.com.br\/rio-de-janeiro\/galeria-quiosque\/","title":{"rendered":"Galeria &#8211; Quiosque"},"content":{"rendered":"<div class=\"gb-container gb-container-ced0f595\">\n\n<div class=\"wp-block-cover is-light\" style=\"padding-top:70px;padding-left:0px;min-height:791px\"><span aria-hidden=\"true\" class=\"has-background-dim-0 wp-block-cover__gradient-background has-background-dim\"><\/span><img loading=\"lazy\" width=\"2560\" height=\"1440\" class=\"wp-block-cover__image-background wp-image-13183\" alt=\"\" src=\"https:\/\/www.pacoteshyatt.com.br\/rio-de-janeiro\/wp-content\/uploads\/sites\/2\/2024\/01\/Grand-Hyatt-Rio-de-Janeiro-Fotografo_Gabriel-Cardoso_29deJulho2019-24-scaled.jpg\" style=\"object-position:59% 75%\" data-object-fit=\"cover\" data-object-position=\"59% 75%\" srcset=\"https:\/\/www.pacoteshyatt.com.br\/rio-de-janeiro\/wp-content\/uploads\/sites\/2\/2024\/01\/Grand-Hyatt-Rio-de-Janeiro-Fotografo_Gabriel-Cardoso_29deJulho2019-24-scaled.jpg 2560w, https:\/\/www.pacoteshyatt.com.br\/rio-de-janeiro\/wp-content\/uploads\/sites\/2\/2024\/01\/Grand-Hyatt-Rio-de-Janeiro-Fotografo_Gabriel-Cardoso_29deJulho2019-24-300x169.jpg 300w, https:\/\/www.pacoteshyatt.com.br\/rio-de-janeiro\/wp-content\/uploads\/sites\/2\/2024\/01\/Grand-Hyatt-Rio-de-Janeiro-Fotografo_Gabriel-Cardoso_29deJulho2019-24-1024x576.jpg 1024w, https:\/\/www.pacoteshyatt.com.br\/rio-de-janeiro\/wp-content\/uploads\/sites\/2\/2024\/01\/Grand-Hyatt-Rio-de-Janeiro-Fotografo_Gabriel-Cardoso_29deJulho2019-24-768x432.jpg 768w, https:\/\/www.pacoteshyatt.com.br\/rio-de-janeiro\/wp-content\/uploads\/sites\/2\/2024\/01\/Grand-Hyatt-Rio-de-Janeiro-Fotografo_Gabriel-Cardoso_29deJulho2019-24-1536x864.jpg 1536w, https:\/\/www.pacoteshyatt.com.br\/rio-de-janeiro\/wp-content\/uploads\/sites\/2\/2024\/01\/Grand-Hyatt-Rio-de-Janeiro-Fotografo_Gabriel-Cardoso_29deJulho2019-24-2048x1152.jpg 2048w, https:\/\/www.pacoteshyatt.com.br\/rio-de-janeiro\/wp-content\/uploads\/sites\/2\/2024\/01\/Grand-Hyatt-Rio-de-Janeiro-Fotografo_Gabriel-Cardoso_29deJulho2019-24-308x173.jpg 308w, https:\/\/www.pacoteshyatt.com.br\/rio-de-janeiro\/wp-content\/uploads\/sites\/2\/2024\/01\/Grand-Hyatt-Rio-de-Janeiro-Fotografo_Gabriel-Cardoso_29deJulho2019-24-348x196.jpg 348w\" sizes=\"(max-width: 2560px) 100vw, 2560px\" \/><div class=\"wp-block-cover__inner-container\"><div class=\"gb-container gb-container-1ef1e03e\">\n<div class=\"wp-bootstrap-blocks-container container mb-2\">\n\t\n<div class=\"gb-container gb-container-b26b3a72\">\n\n<h2 class=\"has-white-color has-text-color\" style=\"line-height:1.2;margin-bottom:20px;text-transform:uppercase;letter-spacing:3px\"><strong><strong>Quiosque<\/strong><\/strong><\/h2>\n\n\n\n<p class=\"has-white-color has-text-color\" style=\"line-height:1.4\">Um espa\u00e7o vers\u00e1til Nossa loja de conveni\u00eancia, localizada no lobby, traz diversas op\u00e7\u00f5es de alimentos e bebidas que prometem agradar a todos os gostos. No Quiosque, voc\u00ea encontra sandu\u00edches, saladas, frutas, doces produzidos pela nossa confeitaria e muito mais!<\/p>\n\n<\/div>\n<\/div>\n\n<\/div><\/div><\/div>\n\n<\/div>\n\n\n<div class=\"wp-container-69f24327c0839 wp-block-group has-border-color-background-color has-background\" style=\"padding-top:30px;padding-right:0px;padding-bottom:30px;padding-left:0px\"><div class=\"wp-bootstrap-blocks-container container mb-0\">\n\t\n\n<h2 class=\"gb-headline gb-headline-26b7ca66 gb-headline-text\">Galeria<\/h2>\n\n\n\n<figure class=\"wp-block-gallery has-nested-images columns-3 is-cropped\" id=\"spa\">\n<figure class=\"wp-block-image size-full is-style-default\"><a href=\"https:\/\/www.pacoteshyatt.com.br\/rio-de-janeiro\/wp-content\/uploads\/sites\/2\/2024\/01\/RIOGH_P483-Quiosque-scaled.jpg\"><img loading=\"lazy\" width=\"2560\" height=\"1704\" src=\"https:\/\/www.pacoteshyatt.com.br\/rio-de-janeiro\/wp-content\/uploads\/sites\/2\/2024\/01\/RIOGH_P483-Quiosque-scaled.jpg\" alt=\"\" class=\"wp-image-13178\" srcset=\"https:\/\/www.pacoteshyatt.com.br\/rio-de-janeiro\/wp-content\/uploads\/sites\/2\/2024\/01\/RIOGH_P483-Quiosque-scaled.jpg 2560w, https:\/\/www.pacoteshyatt.com.br\/rio-de-janeiro\/wp-content\/uploads\/sites\/2\/2024\/01\/RIOGH_P483-Quiosque-300x200.jpg 300w, https:\/\/www.pacoteshyatt.com.br\/rio-de-janeiro\/wp-content\/uploads\/sites\/2\/2024\/01\/RIOGH_P483-Quiosque-1024x682.jpg 1024w, https:\/\/www.pacoteshyatt.com.br\/rio-de-janeiro\/wp-content\/uploads\/sites\/2\/2024\/01\/RIOGH_P483-Quiosque-768x511.jpg 768w, https:\/\/www.pacoteshyatt.com.br\/rio-de-janeiro\/wp-content\/uploads\/sites\/2\/2024\/01\/RIOGH_P483-Quiosque-1536x1022.jpg 1536w, https:\/\/www.pacoteshyatt.com.br\/rio-de-janeiro\/wp-content\/uploads\/sites\/2\/2024\/01\/RIOGH_P483-Quiosque-2048x1363.jpg 2048w, https:\/\/www.pacoteshyatt.com.br\/rio-de-janeiro\/wp-content\/uploads\/sites\/2\/2024\/01\/RIOGH_P483-Quiosque-438x292.jpg 438w, https:\/\/www.pacoteshyatt.com.br\/rio-de-janeiro\/wp-content\/uploads\/sites\/2\/2024\/01\/RIOGH_P483-Quiosque-237x158.jpg 237w, https:\/\/www.pacoteshyatt.com.br\/rio-de-janeiro\/wp-content\/uploads\/sites\/2\/2024\/01\/RIOGH_P483-Quiosque-348x232.jpg 348w\" sizes=\"(max-width: 2560px) 100vw, 2560px\" \/><\/a><\/figure>\n\n\n\n<figure class=\"wp-block-image size-full is-style-default\"><a href=\"https:\/\/www.pacoteshyatt.com.br\/rio-de-janeiro\/wp-content\/uploads\/sites\/2\/2024\/01\/Grand-Hyatt-Rio-de-Janeiro-Quiosque-Sandwich.jpg\"><img loading=\"lazy\" width=\"2550\" height=\"1700\" src=\"https:\/\/www.pacoteshyatt.com.br\/rio-de-janeiro\/wp-content\/uploads\/sites\/2\/2024\/01\/Grand-Hyatt-Rio-de-Janeiro-Quiosque-Sandwich.jpg\" alt=\"\" class=\"wp-image-13177\" srcset=\"https:\/\/www.pacoteshyatt.com.br\/rio-de-janeiro\/wp-content\/uploads\/sites\/2\/2024\/01\/Grand-Hyatt-Rio-de-Janeiro-Quiosque-Sandwich.jpg 2550w, https:\/\/www.pacoteshyatt.com.br\/rio-de-janeiro\/wp-content\/uploads\/sites\/2\/2024\/01\/Grand-Hyatt-Rio-de-Janeiro-Quiosque-Sandwich-300x200.jpg 300w, https:\/\/www.pacoteshyatt.com.br\/rio-de-janeiro\/wp-content\/uploads\/sites\/2\/2024\/01\/Grand-Hyatt-Rio-de-Janeiro-Quiosque-Sandwich-1024x683.jpg 1024w, https:\/\/www.pacoteshyatt.com.br\/rio-de-janeiro\/wp-content\/uploads\/sites\/2\/2024\/01\/Grand-Hyatt-Rio-de-Janeiro-Quiosque-Sandwich-768x512.jpg 768w, https:\/\/www.pacoteshyatt.com.br\/rio-de-janeiro\/wp-content\/uploads\/sites\/2\/2024\/01\/Grand-Hyatt-Rio-de-Janeiro-Quiosque-Sandwich-1536x1024.jpg 1536w, https:\/\/www.pacoteshyatt.com.br\/rio-de-janeiro\/wp-content\/uploads\/sites\/2\/2024\/01\/Grand-Hyatt-Rio-de-Janeiro-Quiosque-Sandwich-2048x1365.jpg 2048w, https:\/\/www.pacoteshyatt.com.br\/rio-de-janeiro\/wp-content\/uploads\/sites\/2\/2024\/01\/Grand-Hyatt-Rio-de-Janeiro-Quiosque-Sandwich-438x292.jpg 438w, https:\/\/www.pacoteshyatt.com.br\/rio-de-janeiro\/wp-content\/uploads\/sites\/2\/2024\/01\/Grand-Hyatt-Rio-de-Janeiro-Quiosque-Sandwich-237x158.jpg 237w, https:\/\/www.pacoteshyatt.com.br\/rio-de-janeiro\/wp-content\/uploads\/sites\/2\/2024\/01\/Grand-Hyatt-Rio-de-Janeiro-Quiosque-Sandwich-348x232.jpg 348w\" sizes=\"(max-width: 2550px) 100vw, 2550px\" \/><\/a><\/figure>\n\n\n\n<figure class=\"wp-block-image size-full is-style-default\"><a href=\"https:\/\/www.pacoteshyatt.com.br\/rio-de-janeiro\/wp-content\/uploads\/sites\/2\/2024\/01\/HYATT_TBF_6231-scaled.jpg\"><img loading=\"lazy\" width=\"2560\" height=\"1704\" src=\"https:\/\/www.pacoteshyatt.com.br\/rio-de-janeiro\/wp-content\/uploads\/sites\/2\/2024\/01\/HYATT_TBF_6231-scaled.jpg\" alt=\"\" class=\"wp-image-13179\" srcset=\"https:\/\/www.pacoteshyatt.com.br\/rio-de-janeiro\/wp-content\/uploads\/sites\/2\/2024\/01\/HYATT_TBF_6231-scaled.jpg 2560w, https:\/\/www.pacoteshyatt.com.br\/rio-de-janeiro\/wp-content\/uploads\/sites\/2\/2024\/01\/HYATT_TBF_6231-300x200.jpg 300w, https:\/\/www.pacoteshyatt.com.br\/rio-de-janeiro\/wp-content\/uploads\/sites\/2\/2024\/01\/HYATT_TBF_6231-1024x682.jpg 1024w, https:\/\/www.pacoteshyatt.com.br\/rio-de-janeiro\/wp-content\/uploads\/sites\/2\/2024\/01\/HYATT_TBF_6231-768x511.jpg 768w, https:\/\/www.pacoteshyatt.com.br\/rio-de-janeiro\/wp-content\/uploads\/sites\/2\/2024\/01\/HYATT_TBF_6231-1536x1022.jpg 1536w, https:\/\/www.pacoteshyatt.com.br\/rio-de-janeiro\/wp-content\/uploads\/sites\/2\/2024\/01\/HYATT_TBF_6231-2048x1363.jpg 2048w, https:\/\/www.pacoteshyatt.com.br\/rio-de-janeiro\/wp-content\/uploads\/sites\/2\/2024\/01\/HYATT_TBF_6231-438x292.jpg 438w, https:\/\/www.pacoteshyatt.com.br\/rio-de-janeiro\/wp-content\/uploads\/sites\/2\/2024\/01\/HYATT_TBF_6231-237x158.jpg 237w, https:\/\/www.pacoteshyatt.com.br\/rio-de-janeiro\/wp-content\/uploads\/sites\/2\/2024\/01\/HYATT_TBF_6231-348x232.jpg 348w\" sizes=\"(max-width: 2560px) 100vw, 2560px\" \/><\/a><\/figure>\n\n\n\n<figure class=\"wp-block-image size-full is-style-default\"><a href=\"https:\/\/www.pacoteshyatt.com.br\/rio-de-janeiro\/wp-content\/uploads\/sites\/2\/2024\/01\/Grand-Hyatt-Rio-de-Janeiro-Quiosque-Dessert.jpg\"><img loading=\"lazy\" width=\"2550\" height=\"1700\" src=\"https:\/\/www.pacoteshyatt.com.br\/rio-de-janeiro\/wp-content\/uploads\/sites\/2\/2024\/01\/Grand-Hyatt-Rio-de-Janeiro-Quiosque-Dessert.jpg\" alt=\"\" class=\"wp-image-13180\" srcset=\"https:\/\/www.pacoteshyatt.com.br\/rio-de-janeiro\/wp-content\/uploads\/sites\/2\/2024\/01\/Grand-Hyatt-Rio-de-Janeiro-Quiosque-Dessert.jpg 2550w, https:\/\/www.pacoteshyatt.com.br\/rio-de-janeiro\/wp-content\/uploads\/sites\/2\/2024\/01\/Grand-Hyatt-Rio-de-Janeiro-Quiosque-Dessert-300x200.jpg 300w, https:\/\/www.pacoteshyatt.com.br\/rio-de-janeiro\/wp-content\/uploads\/sites\/2\/2024\/01\/Grand-Hyatt-Rio-de-Janeiro-Quiosque-Dessert-1024x683.jpg 1024w, https:\/\/www.pacoteshyatt.com.br\/rio-de-janeiro\/wp-content\/uploads\/sites\/2\/2024\/01\/Grand-Hyatt-Rio-de-Janeiro-Quiosque-Dessert-768x512.jpg 768w, https:\/\/www.pacoteshyatt.com.br\/rio-de-janeiro\/wp-content\/uploads\/sites\/2\/2024\/01\/Grand-Hyatt-Rio-de-Janeiro-Quiosque-Dessert-1536x1024.jpg 1536w, https:\/\/www.pacoteshyatt.com.br\/rio-de-janeiro\/wp-content\/uploads\/sites\/2\/2024\/01\/Grand-Hyatt-Rio-de-Janeiro-Quiosque-Dessert-2048x1365.jpg 2048w, https:\/\/www.pacoteshyatt.com.br\/rio-de-janeiro\/wp-content\/uploads\/sites\/2\/2024\/01\/Grand-Hyatt-Rio-de-Janeiro-Quiosque-Dessert-438x292.jpg 438w, https:\/\/www.pacoteshyatt.com.br\/rio-de-janeiro\/wp-content\/uploads\/sites\/2\/2024\/01\/Grand-Hyatt-Rio-de-Janeiro-Quiosque-Dessert-237x158.jpg 237w, https:\/\/www.pacoteshyatt.com.br\/rio-de-janeiro\/wp-content\/uploads\/sites\/2\/2024\/01\/Grand-Hyatt-Rio-de-Janeiro-Quiosque-Dessert-348x232.jpg 348w\" sizes=\"(max-width: 2550px) 100vw, 2550px\" \/><\/a><\/figure>\n\n\n\n<figure class=\"wp-block-image size-full is-style-default\"><a href=\"https:\/\/www.pacoteshyatt.com.br\/rio-de-janeiro\/wp-content\/uploads\/sites\/2\/2024\/01\/Grand-Hyatt-Rio-de-Janeiro-Quiosque-Chocolate-Pie-1.jpg\"><img loading=\"lazy\" width=\"2550\" height=\"1700\" src=\"https:\/\/www.pacoteshyatt.com.br\/rio-de-janeiro\/wp-content\/uploads\/sites\/2\/2024\/01\/Grand-Hyatt-Rio-de-Janeiro-Quiosque-Chocolate-Pie-1.jpg\" alt=\"\" class=\"wp-image-13181\" srcset=\"https:\/\/www.pacoteshyatt.com.br\/rio-de-janeiro\/wp-content\/uploads\/sites\/2\/2024\/01\/Grand-Hyatt-Rio-de-Janeiro-Quiosque-Chocolate-Pie-1.jpg 2550w, https:\/\/www.pacoteshyatt.com.br\/rio-de-janeiro\/wp-content\/uploads\/sites\/2\/2024\/01\/Grand-Hyatt-Rio-de-Janeiro-Quiosque-Chocolate-Pie-1-300x200.jpg 300w, https:\/\/www.pacoteshyatt.com.br\/rio-de-janeiro\/wp-content\/uploads\/sites\/2\/2024\/01\/Grand-Hyatt-Rio-de-Janeiro-Quiosque-Chocolate-Pie-1-1024x683.jpg 1024w, https:\/\/www.pacoteshyatt.com.br\/rio-de-janeiro\/wp-content\/uploads\/sites\/2\/2024\/01\/Grand-Hyatt-Rio-de-Janeiro-Quiosque-Chocolate-Pie-1-768x512.jpg 768w, https:\/\/www.pacoteshyatt.com.br\/rio-de-janeiro\/wp-content\/uploads\/sites\/2\/2024\/01\/Grand-Hyatt-Rio-de-Janeiro-Quiosque-Chocolate-Pie-1-1536x1024.jpg 1536w, https:\/\/www.pacoteshyatt.com.br\/rio-de-janeiro\/wp-content\/uploads\/sites\/2\/2024\/01\/Grand-Hyatt-Rio-de-Janeiro-Quiosque-Chocolate-Pie-1-2048x1365.jpg 2048w, https:\/\/www.pacoteshyatt.com.br\/rio-de-janeiro\/wp-content\/uploads\/sites\/2\/2024\/01\/Grand-Hyatt-Rio-de-Janeiro-Quiosque-Chocolate-Pie-1-438x292.jpg 438w, https:\/\/www.pacoteshyatt.com.br\/rio-de-janeiro\/wp-content\/uploads\/sites\/2\/2024\/01\/Grand-Hyatt-Rio-de-Janeiro-Quiosque-Chocolate-Pie-1-237x158.jpg 237w, https:\/\/www.pacoteshyatt.com.br\/rio-de-janeiro\/wp-content\/uploads\/sites\/2\/2024\/01\/Grand-Hyatt-Rio-de-Janeiro-Quiosque-Chocolate-Pie-1-348x232.jpg 348w\" sizes=\"(max-width: 2550px) 100vw, 2550px\" \/><\/a><\/figure>\n\n\n\n<figure class=\"wp-block-image size-full is-style-default\"><a href=\"https:\/\/www.pacoteshyatt.com.br\/rio-de-janeiro\/wp-content\/uploads\/sites\/2\/2024\/01\/Grand-Hyatt-Rio-de-Janeiro-Quiosque-Cookie-3.jpg\"><img loading=\"lazy\" width=\"2550\" height=\"1700\" src=\"https:\/\/www.pacoteshyatt.com.br\/rio-de-janeiro\/wp-content\/uploads\/sites\/2\/2024\/01\/Grand-Hyatt-Rio-de-Janeiro-Quiosque-Cookie-3.jpg\" alt=\"\" class=\"wp-image-13182\" srcset=\"https:\/\/www.pacoteshyatt.com.br\/rio-de-janeiro\/wp-content\/uploads\/sites\/2\/2024\/01\/Grand-Hyatt-Rio-de-Janeiro-Quiosque-Cookie-3.jpg 2550w, https:\/\/www.pacoteshyatt.com.br\/rio-de-janeiro\/wp-content\/uploads\/sites\/2\/2024\/01\/Grand-Hyatt-Rio-de-Janeiro-Quiosque-Cookie-3-300x200.jpg 300w, https:\/\/www.pacoteshyatt.com.br\/rio-de-janeiro\/wp-content\/uploads\/sites\/2\/2024\/01\/Grand-Hyatt-Rio-de-Janeiro-Quiosque-Cookie-3-1024x683.jpg 1024w, https:\/\/www.pacoteshyatt.com.br\/rio-de-janeiro\/wp-content\/uploads\/sites\/2\/2024\/01\/Grand-Hyatt-Rio-de-Janeiro-Quiosque-Cookie-3-768x512.jpg 768w, https:\/\/www.pacoteshyatt.com.br\/rio-de-janeiro\/wp-content\/uploads\/sites\/2\/2024\/01\/Grand-Hyatt-Rio-de-Janeiro-Quiosque-Cookie-3-1536x1024.jpg 1536w, https:\/\/www.pacoteshyatt.com.br\/rio-de-janeiro\/wp-content\/uploads\/sites\/2\/2024\/01\/Grand-Hyatt-Rio-de-Janeiro-Quiosque-Cookie-3-2048x1365.jpg 2048w, https:\/\/www.pacoteshyatt.com.br\/rio-de-janeiro\/wp-content\/uploads\/sites\/2\/2024\/01\/Grand-Hyatt-Rio-de-Janeiro-Quiosque-Cookie-3-438x292.jpg 438w, https:\/\/www.pacoteshyatt.com.br\/rio-de-janeiro\/wp-content\/uploads\/sites\/2\/2024\/01\/Grand-Hyatt-Rio-de-Janeiro-Quiosque-Cookie-3-237x158.jpg 237w, https:\/\/www.pacoteshyatt.com.br\/rio-de-janeiro\/wp-content\/uploads\/sites\/2\/2024\/01\/Grand-Hyatt-Rio-de-Janeiro-Quiosque-Cookie-3-348x232.jpg 348w\" sizes=\"(max-width: 2550px) 100vw, 2550px\" \/><\/a><\/figure>\n<\/figure>\n\n<\/div>\n<\/div>\n","protected":false},"excerpt":{"rendered":"","protected":false},"author":106058,"featured_media":0,"parent":0,"menu_order":0,"comment_status":"closed","ping_status":"closed","template":"template-full-page.php","meta":{"_eb_attr":""},"yoast_head":"<!-- This site is optimized with the Yoast SEO plugin v18.4.1 - https:\/\/yoast.com\/wordpress\/plugins\/seo\/ -->\n<title>Galeria - Quiosque - GRAND HYATT RIO DE JANEIRO<\/title>\n<meta name=\"robots\" content=\"index, follow, max-snippet:-1, max-image-preview:large, max-video-preview:-1\" \/>\n<link rel=\"canonical\" href=\"https:\/\/www.pacoteshyatt.com.br\/rio-de-janeiro\/galeria-quiosque\/\" \/>\n<meta property=\"og:locale\" content=\"pt_BR\" \/>\n<meta property=\"og:type\" content=\"article\" \/>\n<meta property=\"og:title\" content=\"Galeria - Quiosque - GRAND HYATT RIO DE JANEIRO\" \/>\n<meta property=\"og:url\" content=\"https:\/\/www.pacoteshyatt.com.br\/rio-de-janeiro\/galeria-quiosque\/\" \/>\n<meta property=\"og:site_name\" content=\"GRAND HYATT RIO DE JANEIRO\" \/>\n<meta property=\"article:modified_time\" content=\"2024-01-24T18:52:56+00:00\" \/>\n<meta property=\"og:image\" content=\"https:\/\/www.pacoteshyatt.com.br\/rio-de-janeiro\/wp-content\/uploads\/sites\/2\/2024\/01\/Grand-Hyatt-Rio-de-Janeiro-Fotografo_Gabriel-Cardoso_29deJulho2019-24-scaled.jpg\" \/>\n<meta name=\"twitter:card\" content=\"summary_large_image\" \/>\n<meta name=\"twitter:label1\" content=\"Est. tempo de leitura\" \/>\n\t<meta name=\"twitter:data1\" content=\"2 minutos\" \/>\n<script type=\"application\/ld+json\" class=\"yoast-schema-graph\">{\"@context\":\"https:\/\/schema.org\",\"@graph\":[{\"@type\":\"WebSite\",\"@id\":\"https:\/\/www.pacoteshyatt.com.br\/rio-de-janeiro\/#website\",\"url\":\"https:\/\/www.pacoteshyatt.com.br\/rio-de-janeiro\/\",\"name\":\"GRAND HYATT RIO DE JANEIRO\",\"description\":\"Um verdadeiro resort urbano na Barra da Tijuca!\",\"potentialAction\":[{\"@type\":\"SearchAction\",\"target\":{\"@type\":\"EntryPoint\",\"urlTemplate\":\"https:\/\/www.pacoteshyatt.com.br\/rio-de-janeiro\/?s={search_term_string}\"},\"query-input\":\"required name=search_term_string\"}],\"inLanguage\":\"pt-BR\"},{\"@type\":\"ImageObject\",\"@id\":\"https:\/\/www.pacoteshyatt.com.br\/rio-de-janeiro\/galeria-quiosque\/#primaryimage\",\"inLanguage\":\"pt-BR\",\"url\":\"https:\/\/www.pacoteshyatt.com.br\/rio-de-janeiro\/wp-content\/uploads\/sites\/2\/2024\/01\/Grand-Hyatt-Rio-de-Janeiro-Fotografo_Gabriel-Cardoso_29deJulho2019-24-scaled.jpg\",\"contentUrl\":\"https:\/\/www.pacoteshyatt.com.br\/rio-de-janeiro\/wp-content\/uploads\/sites\/2\/2024\/01\/Grand-Hyatt-Rio-de-Janeiro-Fotografo_Gabriel-Cardoso_29deJulho2019-24-scaled.jpg\",\"width\":2560,\"height\":1440},{\"@type\":\"WebPage\",\"@id\":\"https:\/\/www.pacoteshyatt.com.br\/rio-de-janeiro\/galeria-quiosque\/#webpage\",\"url\":\"https:\/\/www.pacoteshyatt.com.br\/rio-de-janeiro\/galeria-quiosque\/\",\"name\":\"Galeria - Quiosque - GRAND HYATT RIO DE JANEIRO\",\"isPartOf\":{\"@id\":\"https:\/\/www.pacoteshyatt.com.br\/rio-de-janeiro\/#website\"},\"primaryImageOfPage\":{\"@id\":\"https:\/\/www.pacoteshyatt.com.br\/rio-de-janeiro\/galeria-quiosque\/#primaryimage\"},\"datePublished\":\"2024-01-15T14:48:55+00:00\",\"dateModified\":\"2024-01-24T18:52:56+00:00\",\"breadcrumb\":{\"@id\":\"https:\/\/www.pacoteshyatt.com.br\/rio-de-janeiro\/galeria-quiosque\/#breadcrumb\"},\"inLanguage\":\"pt-BR\",\"potentialAction\":[{\"@type\":\"ReadAction\",\"target\":[\"https:\/\/www.pacoteshyatt.com.br\/rio-de-janeiro\/galeria-quiosque\/\"]}]},{\"@type\":\"BreadcrumbList\",\"@id\":\"https:\/\/www.pacoteshyatt.com.br\/rio-de-janeiro\/galeria-quiosque\/#breadcrumb\",\"itemListElement\":[{\"@type\":\"ListItem\",\"position\":1,\"name\":\"Home\",\"item\":\"https:\/\/www.pacoteshyatt.com.br\/rio-de-janeiro\/\"},{\"@type\":\"ListItem\",\"position\":2,\"name\":\"Galeria &#8211; Quiosque\"}]}]}<\/script>\n<!-- \/ Yoast SEO plugin. -->","yoast_head_json":{"title":"Galeria - Quiosque - GRAND HYATT RIO DE JANEIRO","robots":{"index":"index","follow":"follow","max-snippet":"max-snippet:-1","max-image-preview":"max-image-preview:large","max-video-preview":"max-video-preview:-1"},"canonical":"https:\/\/www.pacoteshyatt.com.br\/rio-de-janeiro\/galeria-quiosque\/","og_locale":"pt_BR","og_type":"article","og_title":"Galeria - Quiosque - GRAND HYATT RIO DE JANEIRO","og_url":"https:\/\/www.pacoteshyatt.com.br\/rio-de-janeiro\/galeria-quiosque\/","og_site_name":"GRAND HYATT RIO DE JANEIRO","article_modified_time":"2024-01-24T18:52:56+00:00","og_image":[{"url":"https:\/\/www.pacoteshyatt.com.br\/rio-de-janeiro\/wp-content\/uploads\/sites\/2\/2024\/01\/Grand-Hyatt-Rio-de-Janeiro-Fotografo_Gabriel-Cardoso_29deJulho2019-24-scaled.jpg"}],"twitter_card":"summary_large_image","twitter_misc":{"Est. tempo de leitura":"2 minutos"},"schema":{"@context":"https:\/\/schema.org","@graph":[{"@type":"WebSite","@id":"https:\/\/www.pacoteshyatt.com.br\/rio-de-janeiro\/#website","url":"https:\/\/www.pacoteshyatt.com.br\/rio-de-janeiro\/","name":"GRAND HYATT RIO DE JANEIRO","description":"Um verdadeiro resort urbano na Barra da Tijuca!","potentialAction":[{"@type":"SearchAction","target":{"@type":"EntryPoint","urlTemplate":"https:\/\/www.pacoteshyatt.com.br\/rio-de-janeiro\/?s={search_term_string}"},"query-input":"required name=search_term_string"}],"inLanguage":"pt-BR"},{"@type":"ImageObject","@id":"https:\/\/www.pacoteshyatt.com.br\/rio-de-janeiro\/galeria-quiosque\/#primaryimage","inLanguage":"pt-BR","url":"https:\/\/www.pacoteshyatt.com.br\/rio-de-janeiro\/wp-content\/uploads\/sites\/2\/2024\/01\/Grand-Hyatt-Rio-de-Janeiro-Fotografo_Gabriel-Cardoso_29deJulho2019-24-scaled.jpg","contentUrl":"https:\/\/www.pacoteshyatt.com.br\/rio-de-janeiro\/wp-content\/uploads\/sites\/2\/2024\/01\/Grand-Hyatt-Rio-de-Janeiro-Fotografo_Gabriel-Cardoso_29deJulho2019-24-scaled.jpg","width":2560,"height":1440},{"@type":"WebPage","@id":"https:\/\/www.pacoteshyatt.com.br\/rio-de-janeiro\/galeria-quiosque\/#webpage","url":"https:\/\/www.pacoteshyatt.com.br\/rio-de-janeiro\/galeria-quiosque\/","name":"Galeria - Quiosque - GRAND HYATT RIO DE JANEIRO","isPartOf":{"@id":"https:\/\/www.pacoteshyatt.com.br\/rio-de-janeiro\/#website"},"primaryImageOfPage":{"@id":"https:\/\/www.pacoteshyatt.com.br\/rio-de-janeiro\/galeria-quiosque\/#primaryimage"},"datePublished":"2024-01-15T14:48:55+00:00","dateModified":"2024-01-24T18:52:56+00:00","breadcrumb":{"@id":"https:\/\/www.pacoteshyatt.com.br\/rio-de-janeiro\/galeria-quiosque\/#breadcrumb"},"inLanguage":"pt-BR","potentialAction":[{"@type":"ReadAction","target":["https:\/\/www.pacoteshyatt.com.br\/rio-de-janeiro\/galeria-quiosque\/"]}]},{"@type":"BreadcrumbList","@id":"https:\/\/www.pacoteshyatt.com.br\/rio-de-janeiro\/galeria-quiosque\/#breadcrumb","itemListElement":[{"@type":"ListItem","position":1,"name":"Home","item":"https:\/\/www.pacoteshyatt.com.br\/rio-de-janeiro\/"},{"@type":"ListItem","position":2,"name":"Galeria &#8211; Quiosque"}]}]}},"_links":{"self":[{"href":"https:\/\/www.pacoteshyatt.com.br\/rio-de-janeiro\/wp-json\/wp\/v2\/pages\/12942"}],"collection":[{"href":"https:\/\/www.pacoteshyatt.com.br\/rio-de-janeiro\/wp-json\/wp\/v2\/pages"}],"about":[{"href":"https:\/\/www.pacoteshyatt.com.br\/rio-de-janeiro\/wp-json\/wp\/v2\/types\/page"}],"author":[{"embeddable":true,"href":"https:\/\/www.pacoteshyatt.com.br\/rio-de-janeiro\/wp-json\/wp\/v2\/users\/106058"}],"replies":[{"embeddable":true,"href":"https:\/\/www.pacoteshyatt.com.br\/rio-de-janeiro\/wp-json\/wp\/v2\/comments?post=12942"}],"version-history":[{"count":3,"href":"https:\/\/www.pacoteshyatt.com.br\/rio-de-janeiro\/wp-json\/wp\/v2\/pages\/12942\/revisions"}],"predecessor-version":[{"id":13200,"href":"https:\/\/www.pacoteshyatt.com.br\/rio-de-janeiro\/wp-json\/wp\/v2\/pages\/12942\/revisions\/13200"}],"wp:attachment":[{"href":"https:\/\/www.pacoteshyatt.com.br\/rio-de-janeiro\/wp-json\/wp\/v2\/media?parent=12942"}],"curies":[{"name":"wp","href":"https:\/\/api.w.org\/{rel}","templated":true}]}}