{"id":15263,"date":"2024-06-04T13:38:24","date_gmt":"2024-06-04T16:38:24","guid":{"rendered":"https:\/\/www.pacoteshyatt.com.br\/rio-de-janeiro\/?page_id=15263"},"modified":"2024-06-06T11:12:00","modified_gmt":"2024-06-06T14:12:00","slug":"aviso","status":"publish","type":"page","link":"https:\/\/www.pacoteshyatt.com.br\/rio-de-janeiro\/aviso\/","title":{"rendered":"Revitaliza\u00e7\u00e3o do Hotel"},"content":{"rendered":"\n<div class=\"wp-container-69d053d295e41 wp-block-group intro-content-home text-center\"><div class=\"wp-bootstrap-blocks-container container mb-2\">\n\t\n<div class=\"wp-bootstrap-blocks-row row\">\n\t\n\n<div class=\"col-12 col-md-12 inner-intro-content\">\n\t\t\t\n\n<div class=\"wp-container-69d053d2958dd wp-block-group inner-content\">\n<div class=\"wp-container-69d053d29535c wp-block-group\">\n<h1 class=\"has-pink-color has-white-background-color has-text-color has-background\">Comunicado<\/h1>\n<\/div>\n\n\n\n<p class=\"has-black-color has-white-background-color has-text-color has-background\" style=\"font-size:16px\">O Grand Hyatt Rio de Janeiro est\u00e1 passando por um projeto de renova\u00e7\u00e3o de suas \u00e1reas p\u00fablicas, quartos e instala\u00e7\u00f5es.<\/p>\n\n\n\n<p class=\"has-black-color has-white-background-color has-text-color has-background\" style=\"font-size:16px\">As opera\u00e7\u00f5es est\u00e3o suspensas temporariamente e voltaremos a receber os h\u00f3spedes a partir de <strong>10 de agosto de 2024.&nbsp;<\/strong><\/p>\n\n\n\n<p style=\"font-size:16px\">Em caso de d\u00favidas, entre em contato atrav\u00e9s do nosso telefone <strong>+55 21 3797 1234<\/strong>, ou pelo email<strong> <a href=\"mailto:rio.grand@hyatt.com\">Rio.grand@hyatt.com<\/a><\/strong>.<\/p>\n<\/div>\n\n\t<\/div>\n\n<\/div>\n\n<\/div>\n<\/div>\n\n\n\n<div class=\"wp-container-69d053d296ecf wp-block-group intro-content-home text-center\"><div class=\"wp-bootstrap-blocks-container container mb-2\">\n\t\n<div class=\"wp-bootstrap-blocks-row row\">\n\t\n\n<div class=\"col-12 col-md-12 inner-intro-content\">\n\t\t\t\n\n<div class=\"wp-container-69d053d2968e8 wp-block-group inner-content\">\n<div class=\"wp-container-69d053d296381 wp-block-group\">\n<h2 class=\"has-pink-color has-white-background-color has-text-color has-background\">Mais informa\u00e7\u00f5es sobre o SPA e restaurantes. <\/h2>\n<\/div>\n\n\n\n<h2 class=\"has-light-gray-color has-white-background-color has-text-color has-background\">Atiaia Spa<\/h2>\n\n\n\n<p class=\"has-text-align-center\" style=\"font-size:16px\"><br>As opera\u00e7\u00f5es est\u00e3o suspensas temporariamente e voltaremos com nossas atividades a partir de <strong>10 de agosto de 2024.<\/strong><\/p>\n\n\n\n<p class=\"has-text-align-center has-medium-font-size\"><strong>Informa\u00e7\u00f5es sobre os vouchers<\/strong><\/p>\n\n\n\n<p class=\"has-text-align-center\" style=\"font-size:16px\"><strong>&gt;<\/strong> Os vouchers com vencimento no per\u00edodo de paraliza\u00e7\u00e3o ter\u00e3o sua validade estendida para o dia 10 de Novembro de 2024<br><strong>&gt;<\/strong> As experi\u00eancias do Atiaia Spa podem ser adquiridas normalmente em nosso site<\/p>\n\n\n\n<p><\/p>\n\n\n\n<p class=\"has-pink-color has-white-background-color has-text-color has-background\" style=\"font-size:16px\">Em caso de d\u00favidas, entre em contato atrav\u00e9s do nosso telefone <strong>+55 21 3797 1234<\/strong>, ou pelo email<strong> <a href=\"mailto:rio.grand@hyatt.com\">Rio.grand@hyatt.com<\/a><\/strong>.<\/p>\n\n\n\n<p><\/p>\n\n\n\n<h2 class=\"has-light-gray-color has-white-background-color has-text-color has-background\">Restaurante Shiso<\/h2>\n\n\n\n<p style=\"font-size:16px\"><br>As opera\u00e7\u00f5es do Restaurante Shiso est\u00e3o suspensas temporariamente e voltaremos com nossas atividades a partir de <strong>10 de agosto de 2024.&nbsp;<\/strong><\/p>\n\n\n\n<p><\/p>\n\n\n\n<p class=\"has-pink-color has-text-color\" style=\"font-size:16px\">Em caso de d\u00favidas, entre em contato atrav\u00e9s do nosso telefone <strong>+55 21 3797 1234<\/strong>, ou pelo email<strong> <a href=\"mailto:rio.grand@hyatt.com\">Rio.grand@hyatt.com<\/a><\/strong>.<\/p>\n\n\n\n<p><\/p>\n\n\n\n<h2 class=\"has-light-gray-color has-white-background-color has-text-color has-background\">Restaurante Cant\u00f4<\/h2>\n\n\n\n<p style=\"font-size:16px\"><br>As opera\u00e7\u00f5es do Restaurante Cant\u00f4 &amp; Gastr\u00f4 Lounge est\u00e3o suspensas temporariamente e voltaremos com nossas atividades a partir de <strong>10 de agosto de 2024.&nbsp;<\/strong><\/p>\n\n\n\n<p class=\"has-medium-font-size\"><strong>Informa\u00e7\u00f5es sobre os vouchers<\/strong><\/p>\n\n\n\n<p style=\"font-size:16px\"><strong>&gt;<\/strong> Os vouchers com vencimento no per\u00edodo de paraliza\u00e7\u00e3o ter\u00e3o sua validade estendida para o dia 10 de Novembro de 2024<\/p>\n\n\n\n<p><\/p>\n\n\n\n<p class=\"has-pink-color has-text-color\" style=\"font-size:16px\">Em caso de d\u00favidas, entre em contato atrav\u00e9s do nosso telefone <strong>+55 21 3797 1234<\/strong>, ou pelo email<strong> <a href=\"mailto:rio.grand@hyatt.com\">Rio.grand@hyatt.com<\/a><\/strong>.<\/p>\n<\/div>\n\n\t<\/div>\n\n<\/div>\n\n<\/div>\n<\/div>\n","protected":false},"excerpt":{"rendered":"","protected":false},"author":106058,"featured_media":0,"parent":0,"menu_order":0,"comment_status":"closed","ping_status":"closed","template":"","meta":{"_eb_attr":""},"yoast_head":"<!-- This site is optimized with the Yoast SEO plugin v18.4.1 - https:\/\/yoast.com\/wordpress\/plugins\/seo\/ -->\n<title>Revitaliza\u00e7\u00e3o - Grand Hyatt Rio de Janeiro<\/title>\n<meta name=\"description\" content=\"O Grand Hyatt Rio de Janeiro est\u00e1 passando por um projeto de revitaliza\u00e7\u00e3o de suas \u00e1reas p\u00fablicas, quartos e instala\u00e7\u00f5es.\" \/>\n<meta name=\"robots\" content=\"index, follow, max-snippet:-1, max-image-preview:large, max-video-preview:-1\" \/>\n<link rel=\"canonical\" href=\"https:\/\/www.pacoteshyatt.com.br\/rio-de-janeiro\/aviso\/\" \/>\n<meta property=\"og:locale\" content=\"pt_BR\" \/>\n<meta property=\"og:type\" content=\"article\" \/>\n<meta property=\"og:title\" content=\"Revitaliza\u00e7\u00e3o - Grand Hyatt Rio de Janeiro\" \/>\n<meta property=\"og:description\" content=\"O Grand Hyatt Rio de Janeiro est\u00e1 passando por um projeto de revitaliza\u00e7\u00e3o de suas \u00e1reas p\u00fablicas, quartos e instala\u00e7\u00f5es.\" \/>\n<meta property=\"og:url\" content=\"https:\/\/www.pacoteshyatt.com.br\/rio-de-janeiro\/aviso\/\" \/>\n<meta property=\"og:site_name\" content=\"GRAND HYATT RIO DE JANEIRO\" \/>\n<meta property=\"article:modified_time\" content=\"2024-06-06T14:12:00+00:00\" \/>\n<meta name=\"twitter:card\" content=\"summary_large_image\" \/>\n<meta name=\"twitter:label1\" content=\"Est. tempo de leitura\" \/>\n\t<meta name=\"twitter:data1\" content=\"2 minutos\" \/>\n<script type=\"application\/ld+json\" class=\"yoast-schema-graph\">{\"@context\":\"https:\/\/schema.org\",\"@graph\":[{\"@type\":\"WebSite\",\"@id\":\"https:\/\/www.pacoteshyatt.com.br\/rio-de-janeiro\/#website\",\"url\":\"https:\/\/www.pacoteshyatt.com.br\/rio-de-janeiro\/\",\"name\":\"GRAND HYATT RIO DE JANEIRO\",\"description\":\"Um verdadeiro resort urbano na Barra da Tijuca!\",\"potentialAction\":[{\"@type\":\"SearchAction\",\"target\":{\"@type\":\"EntryPoint\",\"urlTemplate\":\"https:\/\/www.pacoteshyatt.com.br\/rio-de-janeiro\/?s={search_term_string}\"},\"query-input\":\"required name=search_term_string\"}],\"inLanguage\":\"pt-BR\"},{\"@type\":\"WebPage\",\"@id\":\"https:\/\/www.pacoteshyatt.com.br\/rio-de-janeiro\/aviso\/#webpage\",\"url\":\"https:\/\/www.pacoteshyatt.com.br\/rio-de-janeiro\/aviso\/\",\"name\":\"Revitaliza\u00e7\u00e3o - Grand Hyatt Rio de Janeiro\",\"isPartOf\":{\"@id\":\"https:\/\/www.pacoteshyatt.com.br\/rio-de-janeiro\/#website\"},\"datePublished\":\"2024-06-04T16:38:24+00:00\",\"dateModified\":\"2024-06-06T14:12:00+00:00\",\"description\":\"O Grand Hyatt Rio de Janeiro est\u00e1 passando por um projeto de revitaliza\u00e7\u00e3o de suas \u00e1reas p\u00fablicas, quartos e instala\u00e7\u00f5es.\",\"breadcrumb\":{\"@id\":\"https:\/\/www.pacoteshyatt.com.br\/rio-de-janeiro\/aviso\/#breadcrumb\"},\"inLanguage\":\"pt-BR\",\"potentialAction\":[{\"@type\":\"ReadAction\",\"target\":[\"https:\/\/www.pacoteshyatt.com.br\/rio-de-janeiro\/aviso\/\"]}]},{\"@type\":\"BreadcrumbList\",\"@id\":\"https:\/\/www.pacoteshyatt.com.br\/rio-de-janeiro\/aviso\/#breadcrumb\",\"itemListElement\":[{\"@type\":\"ListItem\",\"position\":1,\"name\":\"Home\",\"item\":\"https:\/\/www.pacoteshyatt.com.br\/rio-de-janeiro\/\"},{\"@type\":\"ListItem\",\"position\":2,\"name\":\"Revitaliza\u00e7\u00e3o do Hotel\"}]}]}<\/script>\n<!-- \/ Yoast SEO plugin. -->","yoast_head_json":{"title":"Revitaliza\u00e7\u00e3o - Grand Hyatt Rio de Janeiro","description":"O Grand Hyatt Rio de Janeiro est\u00e1 passando por um projeto de revitaliza\u00e7\u00e3o de suas \u00e1reas p\u00fablicas, quartos e instala\u00e7\u00f5es.","robots":{"index":"index","follow":"follow","max-snippet":"max-snippet:-1","max-image-preview":"max-image-preview:large","max-video-preview":"max-video-preview:-1"},"canonical":"https:\/\/www.pacoteshyatt.com.br\/rio-de-janeiro\/aviso\/","og_locale":"pt_BR","og_type":"article","og_title":"Revitaliza\u00e7\u00e3o - Grand Hyatt Rio de Janeiro","og_description":"O Grand Hyatt Rio de Janeiro est\u00e1 passando por um projeto de revitaliza\u00e7\u00e3o de suas \u00e1reas p\u00fablicas, quartos e instala\u00e7\u00f5es.","og_url":"https:\/\/www.pacoteshyatt.com.br\/rio-de-janeiro\/aviso\/","og_site_name":"GRAND HYATT RIO DE JANEIRO","article_modified_time":"2024-06-06T14:12:00+00:00","twitter_card":"summary_large_image","twitter_misc":{"Est. tempo de leitura":"2 minutos"},"schema":{"@context":"https:\/\/schema.org","@graph":[{"@type":"WebSite","@id":"https:\/\/www.pacoteshyatt.com.br\/rio-de-janeiro\/#website","url":"https:\/\/www.pacoteshyatt.com.br\/rio-de-janeiro\/","name":"GRAND HYATT RIO DE JANEIRO","description":"Um verdadeiro resort urbano na Barra da Tijuca!","potentialAction":[{"@type":"SearchAction","target":{"@type":"EntryPoint","urlTemplate":"https:\/\/www.pacoteshyatt.com.br\/rio-de-janeiro\/?s={search_term_string}"},"query-input":"required name=search_term_string"}],"inLanguage":"pt-BR"},{"@type":"WebPage","@id":"https:\/\/www.pacoteshyatt.com.br\/rio-de-janeiro\/aviso\/#webpage","url":"https:\/\/www.pacoteshyatt.com.br\/rio-de-janeiro\/aviso\/","name":"Revitaliza\u00e7\u00e3o - Grand Hyatt Rio de Janeiro","isPartOf":{"@id":"https:\/\/www.pacoteshyatt.com.br\/rio-de-janeiro\/#website"},"datePublished":"2024-06-04T16:38:24+00:00","dateModified":"2024-06-06T14:12:00+00:00","description":"O Grand Hyatt Rio de Janeiro est\u00e1 passando por um projeto de revitaliza\u00e7\u00e3o de suas \u00e1reas p\u00fablicas, quartos e instala\u00e7\u00f5es.","breadcrumb":{"@id":"https:\/\/www.pacoteshyatt.com.br\/rio-de-janeiro\/aviso\/#breadcrumb"},"inLanguage":"pt-BR","potentialAction":[{"@type":"ReadAction","target":["https:\/\/www.pacoteshyatt.com.br\/rio-de-janeiro\/aviso\/"]}]},{"@type":"BreadcrumbList","@id":"https:\/\/www.pacoteshyatt.com.br\/rio-de-janeiro\/aviso\/#breadcrumb","itemListElement":[{"@type":"ListItem","position":1,"name":"Home","item":"https:\/\/www.pacoteshyatt.com.br\/rio-de-janeiro\/"},{"@type":"ListItem","position":2,"name":"Revitaliza\u00e7\u00e3o do Hotel"}]}]}},"_links":{"self":[{"href":"https:\/\/www.pacoteshyatt.com.br\/rio-de-janeiro\/wp-json\/wp\/v2\/pages\/15263"}],"collection":[{"href":"https:\/\/www.pacoteshyatt.com.br\/rio-de-janeiro\/wp-json\/wp\/v2\/pages"}],"about":[{"href":"https:\/\/www.pacoteshyatt.com.br\/rio-de-janeiro\/wp-json\/wp\/v2\/types\/page"}],"author":[{"embeddable":true,"href":"https:\/\/www.pacoteshyatt.com.br\/rio-de-janeiro\/wp-json\/wp\/v2\/users\/106058"}],"replies":[{"embeddable":true,"href":"https:\/\/www.pacoteshyatt.com.br\/rio-de-janeiro\/wp-json\/wp\/v2\/comments?post=15263"}],"version-history":[{"count":27,"href":"https:\/\/www.pacoteshyatt.com.br\/rio-de-janeiro\/wp-json\/wp\/v2\/pages\/15263\/revisions"}],"predecessor-version":[{"id":15344,"href":"https:\/\/www.pacoteshyatt.com.br\/rio-de-janeiro\/wp-json\/wp\/v2\/pages\/15263\/revisions\/15344"}],"wp:attachment":[{"href":"https:\/\/www.pacoteshyatt.com.br\/rio-de-janeiro\/wp-json\/wp\/v2\/media?parent=15263"}],"curies":[{"name":"wp","href":"https:\/\/api.w.org\/{rel}","templated":true}]}}