{"id":179,"date":"2020-10-22T12:05:55","date_gmt":"2020-10-22T15:05:55","guid":{"rendered":"https:\/\/www.pacoteshyatt.com.br\/rio-de-janeiro\/?page_id=179"},"modified":"2025-10-13T17:28:52","modified_gmt":"2025-10-13T20:28:52","slug":"eventos","status":"publish","type":"page","link":"https:\/\/www.pacoteshyatt.com.br\/rio-de-janeiro\/eventos\/","title":{"rendered":"Eventos"},"content":{"rendered":"\n<div class=\"wp-container-6a074bdee9c91 wp-block-group intro-content-home text-center\"><div class=\"wp-bootstrap-blocks-container container mb-2\">\n\t\n<div class=\"wp-bootstrap-blocks-row row\">\n\t\n\n<div class=\"col-12 col-md-12 inner-intro-content\">\n\t\t\t\n\n<div class=\"wp-container-6a074bdee9795 wp-block-group inner-content\">\n<h1><strong>Espa\u00e7os de Eventos<\/strong><\/h1>\n\n\n\n<p> Todos os&nbsp;ambientes do Grand Hyatt Rio de Janeiro contam com espa\u00e7os integrados com a natureza proporcionando a harmonia perfeita entre o requinte e a informalidade. S\u00e3o mais de 2.000m\u00b2 em <strong>espa\u00e7os para eventos<\/strong>, al\u00e9m de servi\u00e7o e infraestrutura 5 estrelas na Barra da Tijuca.  <\/p>\n\n\n\n<p><\/p>\n<\/div>\n\n\t<\/div>\n\n<\/div>\n\n<\/div>\n<\/div>\n\n\n\n<div class=\"wp-container-6a074bdeeb028 wp-block-group grand-taste-top-section\"><div class=\"wp-bootstrap-blocks-container container mb-2 product-descrip-section\">\n\t\n<div class=\"wp-bootstrap-blocks-row row inner-taste-col\">\n\t\n\n<div class=\"col-12 col-md-6 description-content\">\n\t\t\t\n\n<h2 class=\"has-text-color\" style=\"color:#375a7e\"><strong>Together By Hyatt<\/strong><\/h2>\n\n\n\n<div class=\"wp-container-6a074bdeea361 wp-block-group\"><div class=\"gb-container gb-container-9068771b\">\n\n<p>O <strong>cuidado<\/strong> \u00e9 nosso compromisso que guia nossas a\u00e7\u00f5es e nos inspira a aprimorar cada detalhe, refletindo em pr\u00e1ticas que abra\u00e7am a excel\u00eancia.<\/p>\n\n\n\n<p><br>Ao planejar seu evento conosco, voc\u00ea ter\u00e1 a certeza de que estaremos <strong>ao seu lado em cada etapa<\/strong>. Nossa dedica\u00e7\u00e3o \u00e9 total para que, juntos, possamos orquestrar uma experi\u00eancia verdadeiramente \u00fanica para todos os seus convidados<\/p>\n\n<\/div><\/div>\n\n\n\n<a class=\"gb-button gb-button-15cf2326 gb-button-text\" href=\"https:\/\/www.hyatt.com\/events\/pt-PT\/together-by-hyatt\" target=\"_blank\" rel=\"noopener noreferrer\">Clique e Saiba Mais<\/a>\n\n\t<\/div>\n\n\n\n<div class=\"col-12 col-md-6 p-relative\">\n\t\t\t\n<div class=\"gb-container gb-container-1b83354c\">\n\n<figure class=\"wp-block-embed is-type-video is-provider-youtube wp-block-embed-youtube wp-embed-aspect-16-9 wp-has-aspect-ratio\"><div class=\"wp-block-embed__wrapper\">\n<iframe loading=\"lazy\" title=\"Together by Hyatt | Grand Hyatt Rio de Janeiro\" width=\"500\" height=\"281\" src=\"https:\/\/www.youtube.com\/embed\/H2VHL0xdwHY?feature=oembed&#038;enablejsapi=1&#038;origin=https:\/\/www.pacoteshyatt.com.br\" frameborder=\"0\" allow=\"accelerometer; autoplay; clipboard-write; encrypted-media; gyroscope; picture-in-picture; web-share\" referrerpolicy=\"strict-origin-when-cross-origin\" allowfullscreen><\/iframe>\n<\/div><\/figure>\n\n<\/div>\n\t<\/div>\n\n<\/div>\n\n<\/div>\n\n\n<div class=\"wp-bootstrap-blocks-container container mb-2 product-descrip-section\">\n\t\n<div class=\"wp-bootstrap-blocks-row row inner-taste-col\">\n\t\n\n<div class=\"col-12 col-md-6\">\n\t\t\t\n\n<figure class=\"wp-block-image size-full\"><img loading=\"lazy\" width=\"506\" height=\"313\" src=\"https:\/\/www.pacoteshyatt.com.br\/rio-de-janeiro\/wp-content\/uploads\/sites\/2\/2024\/09\/Design-sem-nome.png\" alt=\"\" class=\"wp-image-16229\" srcset=\"https:\/\/www.pacoteshyatt.com.br\/rio-de-janeiro\/wp-content\/uploads\/sites\/2\/2024\/09\/Design-sem-nome.png 506w, https:\/\/www.pacoteshyatt.com.br\/rio-de-janeiro\/wp-content\/uploads\/sites\/2\/2024\/09\/Design-sem-nome-300x186.png 300w, https:\/\/www.pacoteshyatt.com.br\/rio-de-janeiro\/wp-content\/uploads\/sites\/2\/2024\/09\/Design-sem-nome-308x191.png 308w, https:\/\/www.pacoteshyatt.com.br\/rio-de-janeiro\/wp-content\/uploads\/sites\/2\/2024\/09\/Design-sem-nome-348x215.png 348w\" sizes=\"(max-width: 506px) 100vw, 506px\" \/><\/figure>\n\n\t<\/div>\n\n\n\n<div class=\"col-12 col-md-6 description-content\">\n\t\t\t\n\n<h2><strong>Eventos Corporativos<\/strong><\/h2>\n\n\n\n<p>Espa\u00e7os divididos em salas de reuni\u00f5es com cozinha gourmet, centro de neg\u00f3cios, sal\u00f5es com varandas, equipamentos audiovisuais, entrada e check-in exclusivos, menus personalizados, gerente de eventos no local e estacionamento com manobrista.<\/p>\n\n\n\n<p><a href=\"https:\/\/www.pacoteshyatt.com.br\/rio-de-janeiro\/eventos\/corporativos\/\">Conhe\u00e7a!<\/a><\/p>\n\n\t<\/div>\n\n<\/div>\n\n<\/div>\n\n\n<div class=\"wp-bootstrap-blocks-container container mb-2 product-descrip-section\">\n\t\n<div class=\"wp-bootstrap-blocks-row row inner-taste-col\">\n\t\n\n<div class=\"col-12 col-md-6 description-content\">\n\t\t\t\n\n<h2><strong>Eventos Sociais<\/strong><\/h2>\n\n\n\n<div class=\"wp-container-6a074bdeeab3a wp-block-group\"><div class=\"gb-container gb-container-11a29a8b\">\n\n<p>Se procura <strong>espa\u00e7os para eventos<\/strong> sociais, o Grande Hyatt Rio de Janeiro \u00e9 perfeito para sua comemora\u00e7\u00e3o. Com a arquitetura do escrit\u00f3rio internacional Yabu Pushelberg e de Arthur Casas, gastronomia de alto padr\u00e3o, vistas estonteantes e atendimento exclusivo. A combina\u00e7\u00e3o perfeita para todos os tipos de comemora\u00e7\u00e3o. <br><\/p>\n\n<\/div><\/div>\n\n\n\n<p> <a href=\"https:\/\/www.pacoteshyatt.com.br\/rio-de-janeiro\/eventos\/sociais\/\">Saiba mais!<\/a> <\/p>\n\n\t<\/div>\n\n\n\n<div class=\"col-12 col-md-6 p-relative\">\n\t\t\t\n\n<div class=\"wp-block-image is-style-default\"><figure class=\"alignright size-large\"><img loading=\"lazy\" width=\"506\" height=\"313\" src=\"https:\/\/www.pacoteshyatt.com.br\/rio-de-janeiro\/wp-content\/uploads\/sites\/2\/2021\/01\/DECOR-WLP_7844-HDR.jpg\" alt=\"\" class=\"wp-image-1933\" srcset=\"https:\/\/www.pacoteshyatt.com.br\/rio-de-janeiro\/wp-content\/uploads\/sites\/2\/2021\/01\/DECOR-WLP_7844-HDR.jpg 506w, https:\/\/www.pacoteshyatt.com.br\/rio-de-janeiro\/wp-content\/uploads\/sites\/2\/2021\/01\/DECOR-WLP_7844-HDR-300x186.jpg 300w, https:\/\/www.pacoteshyatt.com.br\/rio-de-janeiro\/wp-content\/uploads\/sites\/2\/2021\/01\/DECOR-WLP_7844-HDR-308x191.jpg 308w, https:\/\/www.pacoteshyatt.com.br\/rio-de-janeiro\/wp-content\/uploads\/sites\/2\/2021\/01\/DECOR-WLP_7844-HDR-348x215.jpg 348w\" sizes=\"(max-width: 506px) 100vw, 506px\" \/><\/figure><\/div>\n\n\t<\/div>\n\n<\/div>\n\n<\/div>\n<\/div>\n","protected":false},"excerpt":{"rendered":"","protected":false},"author":5,"featured_media":0,"parent":0,"menu_order":0,"comment_status":"closed","ping_status":"closed","template":"","meta":{"_eb_attr":""},"yoast_head":"<!-- This site is optimized with the Yoast SEO plugin v18.4.1 - https:\/\/yoast.com\/wordpress\/plugins\/seo\/ -->\n<title>Pacotes Hyatt RJ: Espa\u00e7os para Eventos - Grand Hyatt RJ<\/title>\n<meta name=\"description\" content=\"No Grand Hyatt Rio de Janeiro temos diversos espa\u00e7os para eventos corporativos ou sociais, como reuni\u00f5es, casamentos e comemora\u00e7\u00f5es. Conhe\u00e7a nossas op\u00e7\u00f5es!.\" \/>\n<meta name=\"robots\" content=\"index, follow, max-snippet:-1, max-image-preview:large, max-video-preview:-1\" \/>\n<link rel=\"canonical\" href=\"https:\/\/www.pacoteshyatt.com.br\/rio-de-janeiro\/eventos\/\" \/>\n<meta property=\"og:locale\" content=\"pt_BR\" \/>\n<meta property=\"og:type\" content=\"article\" \/>\n<meta property=\"og:title\" content=\"Pacotes Hyatt RJ: Espa\u00e7os para Eventos - Grand Hyatt RJ\" \/>\n<meta property=\"og:description\" content=\"No Grand Hyatt Rio de Janeiro temos diversos espa\u00e7os para eventos corporativos ou sociais, como reuni\u00f5es, casamentos e comemora\u00e7\u00f5es. Conhe\u00e7a nossas op\u00e7\u00f5es!.\" \/>\n<meta property=\"og:url\" content=\"https:\/\/www.pacoteshyatt.com.br\/rio-de-janeiro\/eventos\/\" \/>\n<meta property=\"og:site_name\" content=\"GRAND HYATT RIO DE JANEIRO\" \/>\n<meta property=\"article:modified_time\" content=\"2025-10-13T20:28:52+00:00\" \/>\n<meta property=\"og:image\" content=\"https:\/\/www.pacoteshyatt.com.br\/rio-de-janeiro\/wp-content\/uploads\/sites\/2\/2024\/09\/Design-sem-nome.png\" \/>\n<meta name=\"twitter:card\" content=\"summary_large_image\" \/>\n<meta name=\"twitter:label1\" content=\"Est. tempo de leitura\" \/>\n\t<meta name=\"twitter:data1\" content=\"2 minutos\" \/>\n<script type=\"application\/ld+json\" class=\"yoast-schema-graph\">{\"@context\":\"https:\/\/schema.org\",\"@graph\":[{\"@type\":\"WebSite\",\"@id\":\"https:\/\/www.pacoteshyatt.com.br\/rio-de-janeiro\/#website\",\"url\":\"https:\/\/www.pacoteshyatt.com.br\/rio-de-janeiro\/\",\"name\":\"GRAND HYATT RIO DE JANEIRO\",\"description\":\"Um verdadeiro resort urbano na Barra da Tijuca!\",\"potentialAction\":[{\"@type\":\"SearchAction\",\"target\":{\"@type\":\"EntryPoint\",\"urlTemplate\":\"https:\/\/www.pacoteshyatt.com.br\/rio-de-janeiro\/?s={search_term_string}\"},\"query-input\":\"required name=search_term_string\"}],\"inLanguage\":\"pt-BR\"},{\"@type\":\"ImageObject\",\"@id\":\"https:\/\/www.pacoteshyatt.com.br\/rio-de-janeiro\/eventos\/#primaryimage\",\"inLanguage\":\"pt-BR\",\"url\":\"https:\/\/www.pacoteshyatt.com.br\/rio-de-janeiro\/wp-content\/uploads\/sites\/2\/2024\/09\/Design-sem-nome.png\",\"contentUrl\":\"https:\/\/www.pacoteshyatt.com.br\/rio-de-janeiro\/wp-content\/uploads\/sites\/2\/2024\/09\/Design-sem-nome.png\",\"width\":506,\"height\":313},{\"@type\":\"WebPage\",\"@id\":\"https:\/\/www.pacoteshyatt.com.br\/rio-de-janeiro\/eventos\/#webpage\",\"url\":\"https:\/\/www.pacoteshyatt.com.br\/rio-de-janeiro\/eventos\/\",\"name\":\"Pacotes Hyatt RJ: Espa\u00e7os para Eventos - Grand Hyatt RJ\",\"isPartOf\":{\"@id\":\"https:\/\/www.pacoteshyatt.com.br\/rio-de-janeiro\/#website\"},\"primaryImageOfPage\":{\"@id\":\"https:\/\/www.pacoteshyatt.com.br\/rio-de-janeiro\/eventos\/#primaryimage\"},\"datePublished\":\"2020-10-22T15:05:55+00:00\",\"dateModified\":\"2025-10-13T20:28:52+00:00\",\"description\":\"No Grand Hyatt Rio de Janeiro temos diversos espa\u00e7os para eventos corporativos ou sociais, como reuni\u00f5es, casamentos e comemora\u00e7\u00f5es. Conhe\u00e7a nossas op\u00e7\u00f5es!.\",\"breadcrumb\":{\"@id\":\"https:\/\/www.pacoteshyatt.com.br\/rio-de-janeiro\/eventos\/#breadcrumb\"},\"inLanguage\":\"pt-BR\",\"potentialAction\":[{\"@type\":\"ReadAction\",\"target\":[\"https:\/\/www.pacoteshyatt.com.br\/rio-de-janeiro\/eventos\/\"]}]},{\"@type\":\"BreadcrumbList\",\"@id\":\"https:\/\/www.pacoteshyatt.com.br\/rio-de-janeiro\/eventos\/#breadcrumb\",\"itemListElement\":[{\"@type\":\"ListItem\",\"position\":1,\"name\":\"Home\",\"item\":\"https:\/\/www.pacoteshyatt.com.br\/rio-de-janeiro\/\"},{\"@type\":\"ListItem\",\"position\":2,\"name\":\"Eventos\"}]}]}<\/script>\n<!-- \/ Yoast SEO plugin. -->","yoast_head_json":{"title":"Pacotes Hyatt RJ: Espa\u00e7os para Eventos - Grand Hyatt RJ","description":"No Grand Hyatt Rio de Janeiro temos diversos espa\u00e7os para eventos corporativos ou sociais, como reuni\u00f5es, casamentos e comemora\u00e7\u00f5es. Conhe\u00e7a nossas op\u00e7\u00f5es!.","robots":{"index":"index","follow":"follow","max-snippet":"max-snippet:-1","max-image-preview":"max-image-preview:large","max-video-preview":"max-video-preview:-1"},"canonical":"https:\/\/www.pacoteshyatt.com.br\/rio-de-janeiro\/eventos\/","og_locale":"pt_BR","og_type":"article","og_title":"Pacotes Hyatt RJ: Espa\u00e7os para Eventos - Grand Hyatt RJ","og_description":"No Grand Hyatt Rio de Janeiro temos diversos espa\u00e7os para eventos corporativos ou sociais, como reuni\u00f5es, casamentos e comemora\u00e7\u00f5es. Conhe\u00e7a nossas op\u00e7\u00f5es!.","og_url":"https:\/\/www.pacoteshyatt.com.br\/rio-de-janeiro\/eventos\/","og_site_name":"GRAND HYATT RIO DE JANEIRO","article_modified_time":"2025-10-13T20:28:52+00:00","og_image":[{"url":"https:\/\/www.pacoteshyatt.com.br\/rio-de-janeiro\/wp-content\/uploads\/sites\/2\/2024\/09\/Design-sem-nome.png"}],"twitter_card":"summary_large_image","twitter_misc":{"Est. tempo de leitura":"2 minutos"},"schema":{"@context":"https:\/\/schema.org","@graph":[{"@type":"WebSite","@id":"https:\/\/www.pacoteshyatt.com.br\/rio-de-janeiro\/#website","url":"https:\/\/www.pacoteshyatt.com.br\/rio-de-janeiro\/","name":"GRAND HYATT RIO DE JANEIRO","description":"Um verdadeiro resort urbano na Barra da Tijuca!","potentialAction":[{"@type":"SearchAction","target":{"@type":"EntryPoint","urlTemplate":"https:\/\/www.pacoteshyatt.com.br\/rio-de-janeiro\/?s={search_term_string}"},"query-input":"required name=search_term_string"}],"inLanguage":"pt-BR"},{"@type":"ImageObject","@id":"https:\/\/www.pacoteshyatt.com.br\/rio-de-janeiro\/eventos\/#primaryimage","inLanguage":"pt-BR","url":"https:\/\/www.pacoteshyatt.com.br\/rio-de-janeiro\/wp-content\/uploads\/sites\/2\/2024\/09\/Design-sem-nome.png","contentUrl":"https:\/\/www.pacoteshyatt.com.br\/rio-de-janeiro\/wp-content\/uploads\/sites\/2\/2024\/09\/Design-sem-nome.png","width":506,"height":313},{"@type":"WebPage","@id":"https:\/\/www.pacoteshyatt.com.br\/rio-de-janeiro\/eventos\/#webpage","url":"https:\/\/www.pacoteshyatt.com.br\/rio-de-janeiro\/eventos\/","name":"Pacotes Hyatt RJ: Espa\u00e7os para Eventos - Grand Hyatt RJ","isPartOf":{"@id":"https:\/\/www.pacoteshyatt.com.br\/rio-de-janeiro\/#website"},"primaryImageOfPage":{"@id":"https:\/\/www.pacoteshyatt.com.br\/rio-de-janeiro\/eventos\/#primaryimage"},"datePublished":"2020-10-22T15:05:55+00:00","dateModified":"2025-10-13T20:28:52+00:00","description":"No Grand Hyatt Rio de Janeiro temos diversos espa\u00e7os para eventos corporativos ou sociais, como reuni\u00f5es, casamentos e comemora\u00e7\u00f5es. Conhe\u00e7a nossas op\u00e7\u00f5es!.","breadcrumb":{"@id":"https:\/\/www.pacoteshyatt.com.br\/rio-de-janeiro\/eventos\/#breadcrumb"},"inLanguage":"pt-BR","potentialAction":[{"@type":"ReadAction","target":["https:\/\/www.pacoteshyatt.com.br\/rio-de-janeiro\/eventos\/"]}]},{"@type":"BreadcrumbList","@id":"https:\/\/www.pacoteshyatt.com.br\/rio-de-janeiro\/eventos\/#breadcrumb","itemListElement":[{"@type":"ListItem","position":1,"name":"Home","item":"https:\/\/www.pacoteshyatt.com.br\/rio-de-janeiro\/"},{"@type":"ListItem","position":2,"name":"Eventos"}]}]}},"_links":{"self":[{"href":"https:\/\/www.pacoteshyatt.com.br\/rio-de-janeiro\/wp-json\/wp\/v2\/pages\/179"}],"collection":[{"href":"https:\/\/www.pacoteshyatt.com.br\/rio-de-janeiro\/wp-json\/wp\/v2\/pages"}],"about":[{"href":"https:\/\/www.pacoteshyatt.com.br\/rio-de-janeiro\/wp-json\/wp\/v2\/types\/page"}],"author":[{"embeddable":true,"href":"https:\/\/www.pacoteshyatt.com.br\/rio-de-janeiro\/wp-json\/wp\/v2\/users\/5"}],"replies":[{"embeddable":true,"href":"https:\/\/www.pacoteshyatt.com.br\/rio-de-janeiro\/wp-json\/wp\/v2\/comments?post=179"}],"version-history":[{"count":85,"href":"https:\/\/www.pacoteshyatt.com.br\/rio-de-janeiro\/wp-json\/wp\/v2\/pages\/179\/revisions"}],"predecessor-version":[{"id":21167,"href":"https:\/\/www.pacoteshyatt.com.br\/rio-de-janeiro\/wp-json\/wp\/v2\/pages\/179\/revisions\/21167"}],"wp:attachment":[{"href":"https:\/\/www.pacoteshyatt.com.br\/rio-de-janeiro\/wp-json\/wp\/v2\/media?parent=179"}],"curies":[{"name":"wp","href":"https:\/\/api.w.org\/{rel}","templated":true}]}}