{"id":1813,"date":"2021-01-11T14:19:48","date_gmt":"2021-01-11T17:19:48","guid":{"rendered":"https:\/\/www.pacoteshyatt.com.br\/rio-de-janeiro\/?page_id=1813"},"modified":"2022-11-27T23:57:02","modified_gmt":"2022-11-28T02:57:02","slug":"quiosque","status":"publish","type":"page","link":"https:\/\/www.pacoteshyatt.com.br\/rio-de-janeiro\/gastronomia\/quiosque\/","title":{"rendered":"Quiosque"},"content":{"rendered":"\n<div class=\"wp-container-69e07c26f302f wp-block-group intro-content-home text-center\"><div class=\"wp-bootstrap-blocks-container container mb-2\">\n\t\n<div class=\"wp-bootstrap-blocks-row row\">\n\t\n\n<div class=\"col-12 col-md-12 inner-intro-content\">\n\t\t\t\n\n<div class=\"wp-container-69e07c26f2b43 wp-block-group inner-content\">\n<h1>Quiosque<\/h1>\n\n\n\n<p>Localizado no lobby do Grand Hyatt Rio de Janeiro, o Quiosque \u00e9 a sua <strong>loja de conveni\u00eancias<\/strong> perfeita para matar aquela fome do momento. S\u00e3o diversas op\u00e7\u00f5es de lanches, caf\u00e9s, mini por\u00e7\u00f5es, doces, bebidas e as del\u00edcias produzidas pela confeitaria cinco estrelas do hotel.<\/p>\n\n\n\n<p>A <strong>loja de conveni\u00eancias<\/strong> do Grand Hyatt est\u00e1 sempre preparada com o melhor para saciar sua fome ou vontade de comer e beber.<\/p>\n\n\n\n<p><\/p>\n\n\n\n<div class=\"wp-container-69e07c26f26ff wp-block-group\">\n<p><\/p>\n<\/div>\n<\/div>\n\n\t<\/div>\n\n<\/div>\n\n<\/div>\n<\/div>\n\n\n        <div class=\"fancionam-section\">\n            <div class=\"container\">\n                <div class=\"innre-fancionam-col\">\n                    <div class=\"fanci-col-inner text-center\">\n                        <h2>Funcionamento<\/h2>\n                        <div class=\"row\">\n                            <div class=\"col-12 \">\n                                <div class=\"inner-content\">\n                                    <h3>Todos os dias<\/h3>\n                                    <p><p>Das 9h \u00e0s 21h<\/p>\n<\/p>\n                                <\/div>\n                            <\/div>\n                                                    <\/div>\n                                            <\/div>\n                <\/div>\n            <\/div>\n        <\/div>\n        \n\n        <div class=\"destaques-section d-md-block\">\n            <div class=\"container\">\n                <div class=\"row\">\n                    <div class=\"inner-destaques-col col-12\">\n                        <div class=\"all-section-title\">\n                            <h2>Destaques<\/h2>\n                        <\/div>\n                                                    <div class=\"swiper-container\">\n                               <div class=\"swiper-wrapper\">\n                                                                      <div class=\"swiper-slide product type-product post-18235 status-publish first instock product_cat-brasileira product_cat-canto product_cat-gastronomia product_cat-ofertas-gastronomicas has-post-thumbnail virtual purchasable product-type-simple\" >\n                                       <div>\n                                           <a href=\"https:\/\/www.pacoteshyatt.com.br\/rio-de-janeiro\/product\/carioca-nights\/\" class=\"woocommerce-LoopProduct-link woocommerce-loop-product__link\"><img class=\"catalog-image\" src=\"https:\/\/www.pacoteshyatt.com.br\/rio-de-janeiro\/wp-content\/uploads\/sites\/2\/2025\/05\/GHRJ_ImgOferta_NoitesMusicais_308x200px_Fev2025_v2.jpg\"\/><\/a>                                           <div class=\"product-details\">\n                                               <a href=\"https:\/\/www.pacoteshyatt.com.br\/rio-de-janeiro\/product\/carioca-nights\/\" class=\"woocommerce-LoopProduct-link woocommerce-loop-product__link\"><h2 class=\"woocommerce-loop-product__title\">S\u00e1bados | Carioca Nights<\/h2><\/a>                                           <\/div>\n                                       <\/div>\n                                       <div>\n                                           <div class=\"product-details\">\n                                               \n<div class=\"price\"><span class=\"part\">&nbsp;<\/span><strong class=\"price\">&#82;&#36; 217,80<\/strong><\/div>\n<div class=\"d-flex justify-content-between align-items-center mb-2 mr-3\">\n<a href=\"https:\/\/www.pacoteshyatt.com.br\/rio-de-janeiro\/product\/carioca-nights\/\" class=\"btn button product_type_simple add_to_cart_button ajax_add_to_cart\" >Saiba Mais<\/a><span class=\"cart-icon pr-2\"><a href=\"?add-to-cart=18235\" data-quantity=\"1\" class=\"button product_type_simple add_to_cart_button ajax_add_to_cart\" data-product_id=\"18235\" data-product_sku=\"60-2\" aria-label=\"Adicionar &ldquo;S\u00e1bados | Carioca Nights&rdquo; no seu carrinho\" rel=\"nofollow\"><\/a><\/span><\/div>\n                                           <\/div>\n                                       <\/div>\n                                   <\/div>\n                                                                      <div class=\"swiper-slide product type-product post-45 status-publish instock product_cat-destaque product_cat-gastronomia product_cat-ofertas-de-gastronomia product_cat-inverno product_cat-ofertas-gastronomicas product_cat-portas-abertas has-post-thumbnail virtual purchasable product-type-variable\" >\n                                       <div>\n                                           <a href=\"https:\/\/www.pacoteshyatt.com.br\/rio-de-janeiro\/product\/cafe-da-manha\/\" class=\"woocommerce-LoopProduct-link woocommerce-loop-product__link\"><img class=\"catalog-image\" src=\"https:\/\/www.pacoteshyatt.com.br\/rio-de-janeiro\/wp-content\/uploads\/sites\/2\/2020\/10\/cafe-da-manha-308x200-1.png\"\/><\/a>                                           <div class=\"product-details\">\n                                               <a href=\"https:\/\/www.pacoteshyatt.com.br\/rio-de-janeiro\/product\/cafe-da-manha\/\" class=\"woocommerce-LoopProduct-link woocommerce-loop-product__link\"><h2 class=\"woocommerce-loop-product__title\">Caf\u00e9 da Manh\u00e3 do Tano<\/h2><\/a>                                           <\/div>\n                                       <\/div>\n                                       <div>\n                                           <div class=\"product-details\">\n                                               \n<div class=\"price\"><span class=\"part\">&nbsp;<\/span><strong class=\"price\">&#82;&#36; 149,60<\/strong><\/div>\n<div class=\"d-flex justify-content-between align-items-center mb-2 mr-3\">\n<a href=\"https:\/\/www.pacoteshyatt.com.br\/rio-de-janeiro\/product\/cafe-da-manha\/\" class=\"btn button product_type_variable add_to_cart_button\" >Saiba Mais<\/a><span class=\"cart-icon pr-2\"><a href=\"https:\/\/www.pacoteshyatt.com.br\/rio-de-janeiro\/product\/cafe-da-manha\/\" data-quantity=\"1\" class=\"button product_type_variable add_to_cart_button\" data-product_id=\"45\" data-product_sku=\"\" aria-label=\"Selecione as op\u00e7\u00f5es para &ldquo;Caf\u00e9 da Manh\u00e3 do Tano&rdquo;\" rel=\"nofollow\"><\/a><\/span><\/div>\n                                           <\/div>\n                                       <\/div>\n                                   <\/div>\n                                                                      <div class=\"swiper-slide product type-product post-43 status-publish instock product_cat-brasileira product_cat-canto product_cat-gastronomia product_cat-ofertas-de-gastronomia product_cat-ofertas-gastronomicas product_cat-portas-abertas has-post-thumbnail featured virtual purchasable product-type-variable\" >\n                                       <div>\n                                           <a href=\"https:\/\/www.pacoteshyatt.com.br\/rio-de-janeiro\/product\/feijoada-de-sabado\/\" class=\"woocommerce-LoopProduct-link woocommerce-loop-product__link\"><img class=\"catalog-image\" src=\"https:\/\/www.pacoteshyatt.com.br\/rio-de-janeiro\/wp-content\/uploads\/sites\/2\/2020\/10\/308x200-1.png\"\/><\/a>                                           <div class=\"product-details\">\n                                               <a href=\"https:\/\/www.pacoteshyatt.com.br\/rio-de-janeiro\/product\/feijoada-de-sabado\/\" class=\"woocommerce-LoopProduct-link woocommerce-loop-product__link\"><h2 class=\"woocommerce-loop-product__title\">Feijoada de S\u00e1bado | Cant\u00f4<\/h2><\/a>                                           <\/div>\n                                       <\/div>\n                                       <div>\n                                           <div class=\"product-details\">\n                                               \n<div class=\"price\"><span class=\"part\">&nbsp;<\/span><strong class=\"price\">&#82;&#36; 242,00<\/strong><\/div>\n<div class=\"d-flex justify-content-between align-items-center mb-2 mr-3\">\n<a href=\"https:\/\/www.pacoteshyatt.com.br\/rio-de-janeiro\/product\/feijoada-de-sabado\/\" class=\"btn button product_type_variable add_to_cart_button\" >Saiba Mais<\/a><span class=\"cart-icon pr-2\"><a href=\"https:\/\/www.pacoteshyatt.com.br\/rio-de-janeiro\/product\/feijoada-de-sabado\/\" data-quantity=\"1\" class=\"button product_type_variable add_to_cart_button\" data-product_id=\"43\" data-product_sku=\"\" aria-label=\"Selecione as op\u00e7\u00f5es para &ldquo;Feijoada de S\u00e1bado | Cant\u00f4&rdquo;\" rel=\"nofollow\"><\/a><\/span><\/div>\n                                           <\/div>\n                                       <\/div>\n                                   <\/div>\n                                                                      <div class=\"swiper-slide product type-product post-19588 status-publish instock product_cat-canto product_cat-gastronomia product_cat-ofertas-gastronomicas product_cat-portas-abertas has-post-thumbnail shipping-taxable purchasable product-type-simple\" >\n                                       <div>\n                                           <a href=\"https:\/\/www.pacoteshyatt.com.br\/rio-de-janeiro\/product\/wine-tasting\/\" class=\"woocommerce-LoopProduct-link woocommerce-loop-product__link\"><img class=\"catalog-image\" src=\"https:\/\/www.pacoteshyatt.com.br\/rio-de-janeiro\/wp-content\/uploads\/sites\/2\/2025\/07\/Design-sem-nome-12.png\"\/><\/a>                                           <div class=\"product-details\">\n                                               <a href=\"https:\/\/www.pacoteshyatt.com.br\/rio-de-janeiro\/product\/wine-tasting\/\" class=\"woocommerce-LoopProduct-link woocommerce-loop-product__link\"><h2 class=\"woocommerce-loop-product__title\">Grand Wine Tasting Experience<\/h2><\/a>                                           <\/div>\n                                       <\/div>\n                                       <div>\n                                           <div class=\"product-details\">\n                                               \n<div class=\"price\"><span class=\"part\">&nbsp;<\/span><strong class=\"price\">&#82;&#36; 242,00<\/strong><\/div>\n<div class=\"d-flex justify-content-between align-items-center mb-2 mr-3\">\n<a href=\"https:\/\/www.pacoteshyatt.com.br\/rio-de-janeiro\/product\/wine-tasting\/\" class=\"btn button product_type_simple add_to_cart_button ajax_add_to_cart\" >Saiba Mais<\/a><span class=\"cart-icon pr-2\"><a href=\"?add-to-cart=19588\" data-quantity=\"1\" class=\"button product_type_simple add_to_cart_button ajax_add_to_cart\" data-product_id=\"19588\" data-product_sku=\"\" aria-label=\"Adicionar &ldquo;Grand Wine Tasting Experience&rdquo; no seu carrinho\" rel=\"nofollow\"><\/a><\/span><\/div>\n                                           <\/div>\n                                       <\/div>\n                                   <\/div>\n                                                                      <div class=\"swiper-slide product type-product post-14398 status-publish instock product_cat-brasileira product_cat-canto product_cat-gastronomia product_cat-ofertas-gastronomicas has-post-thumbnail virtual purchasable product-type-simple\" >\n                                       <div>\n                                           <a href=\"https:\/\/www.pacoteshyatt.com.br\/rio-de-janeiro\/product\/quintas-no-canto\/\" class=\"woocommerce-LoopProduct-link woocommerce-loop-product__link\"><img class=\"catalog-image\" src=\"https:\/\/www.pacoteshyatt.com.br\/rio-de-janeiro\/wp-content\/uploads\/sites\/2\/2024\/04\/GHRJ_Banner-ImgdaOferta_NoitesMusicais_308x200px_2024_v1B.jpg\"\/><\/a>                                           <div class=\"product-details\">\n                                               <a href=\"https:\/\/www.pacoteshyatt.com.br\/rio-de-janeiro\/product\/quintas-no-canto\/\" class=\"woocommerce-LoopProduct-link woocommerce-loop-product__link\"><h2 class=\"woocommerce-loop-product__title\">Quintas | Jazz &amp; Oysters<\/h2><\/a>                                           <\/div>\n                                       <\/div>\n                                       <div>\n                                           <div class=\"product-details\">\n                                               \n<div class=\"price\"><span class=\"part\">&nbsp;<\/span><strong class=\"price\">&#82;&#36; 218,00<\/strong><\/div>\n<div class=\"d-flex justify-content-between align-items-center mb-2 mr-3\">\n<a href=\"https:\/\/www.pacoteshyatt.com.br\/rio-de-janeiro\/product\/quintas-no-canto\/\" class=\"btn button product_type_simple add_to_cart_button ajax_add_to_cart\" >Saiba Mais<\/a><span class=\"cart-icon pr-2\"><a href=\"?add-to-cart=14398\" data-quantity=\"1\" class=\"button product_type_simple add_to_cart_button ajax_add_to_cart\" data-product_id=\"14398\" data-product_sku=\"60-1\" aria-label=\"Adicionar &ldquo;Quintas | Jazz &amp; Oysters&rdquo; no seu carrinho\" rel=\"nofollow\"><\/a><\/span><\/div>\n                                           <\/div>\n                                       <\/div>\n                                   <\/div>\n                                                                  <\/div>\n                           <\/div>\n                           <div class=\"swiper-button-next\"><\/div>\n                           <div class=\"swiper-button-prev\"><\/div>\n                                        <\/div>\n                <\/div>\n            <\/div>\n        <\/div>\n                       \n        \n\n        <div class=\"service-section\">\n            <div class=\"container\">\n                <div class=\"row\">\n                    <div class=\"inner-service-col col-12\">\n                                                <div class=\"all-section-title\">\n                            <h2>Nossos Restaurantes<\/h2>\n                        <\/div>\n                                                <div class=\"d-flex flex-wrap inner-service-section justify-content-center\">\n                                    <div class=\"col-6 col-sm-4 col-lg-3 custom-3-col\">\n                                <a href=\"https:\/\/www.pacoteshyatt.com.br\/rio-de-janeiro\/gastronomia\/espaco-tano\/\" class=\"service-image\">\n                                    <div class=\"inner-service-image\">\n                                        <img src=\"https:\/\/www.pacoteshyatt.com.br\/rio-de-janeiro\/wp-content\/uploads\/sites\/2\/2020\/12\/cafe-tano-e1607738446988.jpg\" alt=\"TANO\">\n                                    <\/div>\n                                    <div class=\"btn-col\">\n                                        <span class=\"btn with-border\">| TANO<\/span>\n                                    <\/div>\n                                <\/a>\n                            <\/div>\n                                        <div class=\"col-6 col-sm-4 col-lg-3 custom-3-col\">\n                                <a href=\"https:\/\/www.pacoteshyatt.com.br\/rio-de-janeiro\/gastronomia\/restaurante-canto\/\" class=\"service-image\">\n                                    <div class=\"inner-service-image\">\n                                        <img src=\"https:\/\/www.pacoteshyatt.com.br\/rio-de-janeiro\/wp-content\/uploads\/sites\/2\/2020\/12\/canto_1.jpg\" alt=\"CANT\u00d4\">\n                                    <\/div>\n                                    <div class=\"btn-col\">\n                                        <span class=\"btn with-border\">| CANT\u00d4<\/span>\n                                    <\/div>\n                                <\/a>\n                            <\/div>\n                                        <div class=\"col-6 col-sm-4 col-lg-3 custom-3-col\">\n                                <a href=\"https:\/\/www.pacoteshyatt.com.br\/rio-de-janeiro\/gastronomia\/restaurante-shiso\/\" class=\"service-image\">\n                                    <div class=\"inner-service-image\">\n                                        <img src=\"https:\/\/www.pacoteshyatt.com.br\/rio-de-janeiro\/wp-content\/uploads\/sites\/2\/2020\/10\/RIOGH_P446-Shiso-Japanese-Dish-e1619203111425.jpg\" alt=\"SHISO\">\n                                    <\/div>\n                                    <div class=\"btn-col\">\n                                        <span class=\"btn with-border\">| SHISO<\/span>\n                                    <\/div>\n                                <\/a>\n                            <\/div>\n                                    <\/div>\n                    <\/div>\n                <\/div>\n            <\/div>\n        <\/div>\n        ","protected":false},"excerpt":{"rendered":"","protected":false},"author":5,"featured_media":0,"parent":655,"menu_order":0,"comment_status":"closed","ping_status":"closed","template":"","meta":{"_eb_attr":""},"yoast_head":"<!-- This site is optimized with the Yoast SEO plugin v18.4.1 - https:\/\/yoast.com\/wordpress\/plugins\/seo\/ -->\n<title>Quiosque: loja de conveni\u00eancia no Rio de Janeiro - Grand Hyatt<\/title>\n<meta name=\"description\" content=\"Para matar a fome, tomar um caf\u00e9 ou apenas saciar a vontade de comer algum doce, nada como um quiosque. Uma loja de conveni\u00eancias pronta pra te atender!\" \/>\n<meta name=\"robots\" content=\"index, follow, max-snippet:-1, max-image-preview:large, max-video-preview:-1\" \/>\n<link rel=\"canonical\" href=\"https:\/\/www.pacoteshyatt.com.br\/rio-de-janeiro\/gastronomia\/quiosque\/\" \/>\n<meta property=\"og:locale\" content=\"pt_BR\" \/>\n<meta property=\"og:type\" content=\"article\" \/>\n<meta property=\"og:title\" content=\"Quiosque: loja de conveni\u00eancia no Rio de Janeiro - Grand Hyatt\" \/>\n<meta property=\"og:description\" content=\"Para matar a fome, tomar um caf\u00e9 ou apenas saciar a vontade de comer algum doce, nada como um quiosque. Uma loja de conveni\u00eancias pronta pra te atender!\" \/>\n<meta property=\"og:url\" content=\"https:\/\/www.pacoteshyatt.com.br\/rio-de-janeiro\/gastronomia\/quiosque\/\" \/>\n<meta property=\"og:site_name\" content=\"GRAND HYATT RIO DE JANEIRO\" \/>\n<meta property=\"article:modified_time\" content=\"2022-11-28T02:57:02+00:00\" \/>\n<meta name=\"twitter:card\" content=\"summary_large_image\" \/>\n<meta name=\"twitter:label1\" content=\"Est. tempo de leitura\" \/>\n\t<meta name=\"twitter:data1\" content=\"1 minuto\" \/>\n<script type=\"application\/ld+json\" class=\"yoast-schema-graph\">{\"@context\":\"https:\/\/schema.org\",\"@graph\":[{\"@type\":\"WebSite\",\"@id\":\"https:\/\/www.pacoteshyatt.com.br\/rio-de-janeiro\/#website\",\"url\":\"https:\/\/www.pacoteshyatt.com.br\/rio-de-janeiro\/\",\"name\":\"GRAND HYATT RIO DE JANEIRO\",\"description\":\"Um verdadeiro resort urbano na Barra da Tijuca!\",\"potentialAction\":[{\"@type\":\"SearchAction\",\"target\":{\"@type\":\"EntryPoint\",\"urlTemplate\":\"https:\/\/www.pacoteshyatt.com.br\/rio-de-janeiro\/?s={search_term_string}\"},\"query-input\":\"required name=search_term_string\"}],\"inLanguage\":\"pt-BR\"},{\"@type\":\"WebPage\",\"@id\":\"https:\/\/www.pacoteshyatt.com.br\/rio-de-janeiro\/gastronomia\/quiosque\/#webpage\",\"url\":\"https:\/\/www.pacoteshyatt.com.br\/rio-de-janeiro\/gastronomia\/quiosque\/\",\"name\":\"Quiosque: loja de conveni\u00eancia no Rio de Janeiro - Grand Hyatt\",\"isPartOf\":{\"@id\":\"https:\/\/www.pacoteshyatt.com.br\/rio-de-janeiro\/#website\"},\"datePublished\":\"2021-01-11T17:19:48+00:00\",\"dateModified\":\"2022-11-28T02:57:02+00:00\",\"description\":\"Para matar a fome, tomar um caf\u00e9 ou apenas saciar a vontade de comer algum doce, nada como um quiosque. Uma loja de conveni\u00eancias pronta pra te atender!\",\"breadcrumb\":{\"@id\":\"https:\/\/www.pacoteshyatt.com.br\/rio-de-janeiro\/gastronomia\/quiosque\/#breadcrumb\"},\"inLanguage\":\"pt-BR\",\"potentialAction\":[{\"@type\":\"ReadAction\",\"target\":[\"https:\/\/www.pacoteshyatt.com.br\/rio-de-janeiro\/gastronomia\/quiosque\/\"]}]},{\"@type\":\"BreadcrumbList\",\"@id\":\"https:\/\/www.pacoteshyatt.com.br\/rio-de-janeiro\/gastronomia\/quiosque\/#breadcrumb\",\"itemListElement\":[{\"@type\":\"ListItem\",\"position\":1,\"name\":\"Home\",\"item\":\"https:\/\/www.pacoteshyatt.com.br\/rio-de-janeiro\/\"},{\"@type\":\"ListItem\",\"position\":2,\"name\":\"Gastronomia\",\"item\":\"https:\/\/www.pacoteshyatt.com.br\/rio-de-janeiro\/gastronomia\/\"},{\"@type\":\"ListItem\",\"position\":3,\"name\":\"Quiosque\"}]}]}<\/script>\n<!-- \/ Yoast SEO plugin. -->","yoast_head_json":{"title":"Quiosque: loja de conveni\u00eancia no Rio de Janeiro - Grand Hyatt","description":"Para matar a fome, tomar um caf\u00e9 ou apenas saciar a vontade de comer algum doce, nada como um quiosque. Uma loja de conveni\u00eancias pronta pra te atender!","robots":{"index":"index","follow":"follow","max-snippet":"max-snippet:-1","max-image-preview":"max-image-preview:large","max-video-preview":"max-video-preview:-1"},"canonical":"https:\/\/www.pacoteshyatt.com.br\/rio-de-janeiro\/gastronomia\/quiosque\/","og_locale":"pt_BR","og_type":"article","og_title":"Quiosque: loja de conveni\u00eancia no Rio de Janeiro - Grand Hyatt","og_description":"Para matar a fome, tomar um caf\u00e9 ou apenas saciar a vontade de comer algum doce, nada como um quiosque. Uma loja de conveni\u00eancias pronta pra te atender!","og_url":"https:\/\/www.pacoteshyatt.com.br\/rio-de-janeiro\/gastronomia\/quiosque\/","og_site_name":"GRAND HYATT RIO DE JANEIRO","article_modified_time":"2022-11-28T02:57:02+00:00","twitter_card":"summary_large_image","twitter_misc":{"Est. tempo de leitura":"1 minuto"},"schema":{"@context":"https:\/\/schema.org","@graph":[{"@type":"WebSite","@id":"https:\/\/www.pacoteshyatt.com.br\/rio-de-janeiro\/#website","url":"https:\/\/www.pacoteshyatt.com.br\/rio-de-janeiro\/","name":"GRAND HYATT RIO DE JANEIRO","description":"Um verdadeiro resort urbano na Barra da Tijuca!","potentialAction":[{"@type":"SearchAction","target":{"@type":"EntryPoint","urlTemplate":"https:\/\/www.pacoteshyatt.com.br\/rio-de-janeiro\/?s={search_term_string}"},"query-input":"required name=search_term_string"}],"inLanguage":"pt-BR"},{"@type":"WebPage","@id":"https:\/\/www.pacoteshyatt.com.br\/rio-de-janeiro\/gastronomia\/quiosque\/#webpage","url":"https:\/\/www.pacoteshyatt.com.br\/rio-de-janeiro\/gastronomia\/quiosque\/","name":"Quiosque: loja de conveni\u00eancia no Rio de Janeiro - Grand Hyatt","isPartOf":{"@id":"https:\/\/www.pacoteshyatt.com.br\/rio-de-janeiro\/#website"},"datePublished":"2021-01-11T17:19:48+00:00","dateModified":"2022-11-28T02:57:02+00:00","description":"Para matar a fome, tomar um caf\u00e9 ou apenas saciar a vontade de comer algum doce, nada como um quiosque. Uma loja de conveni\u00eancias pronta pra te atender!","breadcrumb":{"@id":"https:\/\/www.pacoteshyatt.com.br\/rio-de-janeiro\/gastronomia\/quiosque\/#breadcrumb"},"inLanguage":"pt-BR","potentialAction":[{"@type":"ReadAction","target":["https:\/\/www.pacoteshyatt.com.br\/rio-de-janeiro\/gastronomia\/quiosque\/"]}]},{"@type":"BreadcrumbList","@id":"https:\/\/www.pacoteshyatt.com.br\/rio-de-janeiro\/gastronomia\/quiosque\/#breadcrumb","itemListElement":[{"@type":"ListItem","position":1,"name":"Home","item":"https:\/\/www.pacoteshyatt.com.br\/rio-de-janeiro\/"},{"@type":"ListItem","position":2,"name":"Gastronomia","item":"https:\/\/www.pacoteshyatt.com.br\/rio-de-janeiro\/gastronomia\/"},{"@type":"ListItem","position":3,"name":"Quiosque"}]}]}},"_links":{"self":[{"href":"https:\/\/www.pacoteshyatt.com.br\/rio-de-janeiro\/wp-json\/wp\/v2\/pages\/1813"}],"collection":[{"href":"https:\/\/www.pacoteshyatt.com.br\/rio-de-janeiro\/wp-json\/wp\/v2\/pages"}],"about":[{"href":"https:\/\/www.pacoteshyatt.com.br\/rio-de-janeiro\/wp-json\/wp\/v2\/types\/page"}],"author":[{"embeddable":true,"href":"https:\/\/www.pacoteshyatt.com.br\/rio-de-janeiro\/wp-json\/wp\/v2\/users\/5"}],"replies":[{"embeddable":true,"href":"https:\/\/www.pacoteshyatt.com.br\/rio-de-janeiro\/wp-json\/wp\/v2\/comments?post=1813"}],"version-history":[{"count":17,"href":"https:\/\/www.pacoteshyatt.com.br\/rio-de-janeiro\/wp-json\/wp\/v2\/pages\/1813\/revisions"}],"predecessor-version":[{"id":7447,"href":"https:\/\/www.pacoteshyatt.com.br\/rio-de-janeiro\/wp-json\/wp\/v2\/pages\/1813\/revisions\/7447"}],"up":[{"embeddable":true,"href":"https:\/\/www.pacoteshyatt.com.br\/rio-de-janeiro\/wp-json\/wp\/v2\/pages\/655"}],"wp:attachment":[{"href":"https:\/\/www.pacoteshyatt.com.br\/rio-de-janeiro\/wp-json\/wp\/v2\/media?parent=1813"}],"curies":[{"name":"wp","href":"https:\/\/api.w.org\/{rel}","templated":true}]}}