{"id":19386,"date":"2025-06-11T14:51:13","date_gmt":"2025-06-11T17:51:13","guid":{"rendered":"https:\/\/www.pacoteshyatt.com.br\/rio-de-janeiro\/?page_id=19386"},"modified":"2025-09-01T09:34:34","modified_gmt":"2025-09-01T12:34:34","slug":"mes-tematico","status":"publish","type":"page","link":"https:\/\/www.pacoteshyatt.com.br\/rio-de-janeiro\/mes-tematico\/","title":{"rendered":"M\u00eas Tem\u00e1tico"},"content":{"rendered":"\n<div class=\"wp-container-69eaa9a34efac wp-block-group intro-content-home text-center\"><div class=\"wp-bootstrap-blocks-container container mb-2\">\n\t\n<div class=\"wp-bootstrap-blocks-row row\">\n\t\n\n<div class=\"col-12 col-md-12 inner-intro-content\">\n\t\t\t\n\n<div class=\"wp-container-69eaa9a34ea95 wp-block-group inner-content\" style=\"border-radius:0px\">\n<div class=\"wp-container-69eaa9a34dfcd wp-block-group\">\n<h1 class=\"m-0 p-0 has-pink-color has-white-background-color has-text-color has-background\">M\u00eas Smurfant\u00e1stico:<\/h1>\n\n\n\n<p class=\"has-vivid-cyan-blue-color has-white-background-color has-text-color has-background has-medium-font-size\" style=\"line-height:2.4\">Venha viver uma experi\u00eancia imersiva e divertida na Vila Smurf do Grand Hyatt Rio de Janeiro.<br>Preparamos dois quartos tem\u00e1ticos conectantes para que voc\u00ea e sua fam\u00edlia possam curtir esse momento juntos!<br>Al\u00e9m de come\u00e7ar o dia com um caf\u00e9 da manh\u00e3 delicioso dentro do quarto com itens exclusivos dos SMURFS.<br><\/p>\n<\/div>\n\n\n\n<div class=\"wp-container-69eaa9a34e665 wp-block-group intro-content-home text-center\"><div class=\"wp-bootstrap-blocks-container container-fluid mb-2\">\n\t\n<div class=\"gb-container gb-container-e4310817 embed-responsive embed-responsive-16by9\">\n\n<figure class=\"wp-block-embed is-type-video is-provider-youtube wp-block-embed-youtube wp-embed-aspect-16-9 wp-has-aspect-ratio\"><div class=\"wp-block-embed__wrapper\">\n<iframe loading=\"lazy\" title=\"Smurfs | Trailer Oficial | DUB | Paramount Pictures Brasil\" width=\"500\" height=\"281\" src=\"https:\/\/www.youtube.com\/embed\/-EjSAqyv5tY?feature=oembed&#038;enablejsapi=1&#038;origin=https:\/\/www.pacoteshyatt.com.br\" frameborder=\"0\" allow=\"accelerometer; autoplay; clipboard-write; encrypted-media; gyroscope; picture-in-picture; web-share\" referrerpolicy=\"strict-origin-when-cross-origin\" allowfullscreen><\/iframe>\n<\/div><\/figure>\n\n<\/div>\n<\/div>\n<\/div>\n<\/div>\n\n\t<\/div>\n\n<\/div>\n\n<\/div>\n<\/div>\n\n\n\n<div class=\"wp-container-69eaa9a350f0d wp-block-group grand-taste-top-section\"><div class=\"wp-bootstrap-blocks-container container mb-2 product-descrip-section\">\n\t\n<div class=\"wp-bootstrap-blocks-row row inner-taste-col\">\n\t\n\n<div class=\"col-12 col-md-6 order-1 order-lg-0\">\n\t\t\t\n\n<div class=\"wp-container-69eaa9a34f438 wp-block-group description-content\">\n<h2 class=\"has-red-color has-text-color\">Hospede-se no Quarto Tem\u00e1tico dos Smurfs!<\/h2>\n\n\n\n<p class=\"has-vivid-cyan-blue-color has-text-color\">Mergulhe no universo encantado dos Smurfs em nosso <strong>quarto tem\u00e1tico exclusivo<\/strong>! Cada detalhe da decora\u00e7\u00e3o foi cuidadosamente pensado para transportar voc\u00ea diretamente para a vibrante e alegre <strong>Vila Smurf<\/strong>.  Imagine acordar rodeado pela magia e pelo charme da casa de um Smurf?<\/p>\n\n\n\n<p class=\"has-vivid-cyan-blue-color has-text-color\"><strong>Dispon\u00edvel at\u00e9 dia 31\/08\/2025.<\/strong><\/p>\n<\/div>\n\n\t<\/div>\n\n\n\n<div class=\"col-12 col-md-6\">\n\t\t\t\n\n<div class=\"wp-container-69eaa9a34fd31 wp-block-group\">\n<div class=\"wp-block-columns are-vertically-aligned-top\">\n<div class=\"wp-block-column is-vertically-aligned-top\" style=\"flex-basis:100%\">\n<div class=\"wp-container-69eaa9a34f8d8 wp-block-group\">\n<figure class=\"wp-block-image size-full\"><img loading=\"lazy\" width=\"649\" height=\"435\" src=\"https:\/\/www.pacoteshyatt.com.br\/rio-de-janeiro\/wp-content\/uploads\/sites\/2\/2025\/06\/smurfs_Landing_hospedagem_649x435px.jpg\" alt=\"\" class=\"wp-image-19475\" srcset=\"https:\/\/www.pacoteshyatt.com.br\/rio-de-janeiro\/wp-content\/uploads\/sites\/2\/2025\/06\/smurfs_Landing_hospedagem_649x435px.jpg 649w, https:\/\/www.pacoteshyatt.com.br\/rio-de-janeiro\/wp-content\/uploads\/sites\/2\/2025\/06\/smurfs_Landing_hospedagem_649x435px-300x201.jpg 300w, https:\/\/www.pacoteshyatt.com.br\/rio-de-janeiro\/wp-content\/uploads\/sites\/2\/2025\/06\/smurfs_Landing_hospedagem_649x435px-237x158.jpg 237w, https:\/\/www.pacoteshyatt.com.br\/rio-de-janeiro\/wp-content\/uploads\/sites\/2\/2025\/06\/smurfs_Landing_hospedagem_649x435px-298x200.jpg 298w, https:\/\/www.pacoteshyatt.com.br\/rio-de-janeiro\/wp-content\/uploads\/sites\/2\/2025\/06\/smurfs_Landing_hospedagem_649x435px-348x233.jpg 348w\" sizes=\"(max-width: 649px) 100vw, 649px\" \/><\/figure>\n<\/div>\n<\/div>\n<\/div>\n<\/div>\n\n\t<\/div>\n\n<\/div>\n\n<\/div>\n\n\n<div class=\"wp-bootstrap-blocks-container container mb-2 product-descrip-section\">\n\t\n<div class=\"wp-bootstrap-blocks-row row inner-taste-col\">\n\t\n\n<div class=\"col-12 col-md-6 order-1 order-lg-0\">\n\t\t\t\n\n<div class=\"wp-container-69eaa9a3505f7 wp-block-group\">\n<div class=\"wp-block-columns are-vertically-aligned-top\">\n<div class=\"wp-block-column is-vertically-aligned-top\" style=\"flex-basis:100%\">\n<div class=\"wp-container-69eaa9a35021b wp-block-group\">\n<figure class=\"wp-block-image size-full\"><img loading=\"lazy\" width=\"649\" height=\"435\" src=\"https:\/\/www.pacoteshyatt.com.br\/rio-de-janeiro\/wp-content\/uploads\/sites\/2\/2025\/06\/smurfs_Landing_brunch_649x435px.jpg\" alt=\"\" class=\"wp-image-19476\" srcset=\"https:\/\/www.pacoteshyatt.com.br\/rio-de-janeiro\/wp-content\/uploads\/sites\/2\/2025\/06\/smurfs_Landing_brunch_649x435px.jpg 649w, https:\/\/www.pacoteshyatt.com.br\/rio-de-janeiro\/wp-content\/uploads\/sites\/2\/2025\/06\/smurfs_Landing_brunch_649x435px-300x201.jpg 300w, https:\/\/www.pacoteshyatt.com.br\/rio-de-janeiro\/wp-content\/uploads\/sites\/2\/2025\/06\/smurfs_Landing_brunch_649x435px-237x158.jpg 237w, https:\/\/www.pacoteshyatt.com.br\/rio-de-janeiro\/wp-content\/uploads\/sites\/2\/2025\/06\/smurfs_Landing_brunch_649x435px-298x200.jpg 298w, https:\/\/www.pacoteshyatt.com.br\/rio-de-janeiro\/wp-content\/uploads\/sites\/2\/2025\/06\/smurfs_Landing_brunch_649x435px-348x233.jpg 348w\" sizes=\"(max-width: 649px) 100vw, 649px\" \/><\/figure>\n<\/div>\n<\/div>\n<\/div>\n<\/div>\n\n\t<\/div>\n\n\n\n<div class=\"col-12 col-md-6\">\n\t\t\t\n\n<div class=\"wp-container-69eaa9a350a74 wp-block-group description-content\">\n<h2 class=\"has-pink-color has-text-color\">20\/07 | Brunch com a presen\u00e7a dos Smurfs!<\/h2>\n\n\n\n<p class=\"has-vivid-cyan-blue-color has-text-color\">Prepare-se para um <strong>Brunch Inesquec\u00edvel<\/strong> com a <strong>presen\u00e7a dos ador\u00e1veis personagens Smurfs<\/strong>. Desfrute de um buffet completo com espumante liberado para os adultos, e bebidas n\u00e3o alc\u00f3olicas para todos!<br><br>Uma experi\u00eancia m\u00e1gica e deliciosa, perfeita para momentos inesquec\u00edveis em fam\u00edlia. Garanta seu lugar neste evento \u00fanico e crie mem\u00f3rias que durar\u00e3o para sempre.<\/p>\n<\/div>\n\n\t<\/div>\n\n<\/div>\n\n<\/div>\n<\/div>\n","protected":false},"excerpt":{"rendered":"","protected":false},"author":106058,"featured_media":0,"parent":0,"menu_order":0,"comment_status":"closed","ping_status":"closed","template":"","meta":{"_eb_attr":""},"yoast_head":"<!-- This site is optimized with the Yoast SEO plugin v18.4.1 - https:\/\/yoast.com\/wordpress\/plugins\/seo\/ -->\n<title>Smurfs - Julho Tem\u00e1tico no Grand Hyatt Rio de Janeiro<\/title>\n<meta name=\"description\" content=\"Venha viver uma experi\u00eancia Smurfant\u00e1stica no Grand Hyatt Rio de Janeiro. O Julho Tem\u00e1tico est\u00e1 repleto de divers\u00e3o para toda a fam\u00edlia! Acesse e saiba mais:\" \/>\n<meta name=\"robots\" content=\"index, follow, max-snippet:-1, max-image-preview:large, max-video-preview:-1\" \/>\n<link rel=\"canonical\" href=\"https:\/\/www.pacoteshyatt.com.br\/rio-de-janeiro\/mes-tematico\/\" \/>\n<meta property=\"og:locale\" content=\"pt_BR\" \/>\n<meta property=\"og:type\" content=\"article\" \/>\n<meta property=\"og:title\" content=\"Smurfs - Julho Tem\u00e1tico no Grand Hyatt Rio de Janeiro\" \/>\n<meta property=\"og:description\" content=\"Venha viver uma experi\u00eancia Smurfant\u00e1stica no Grand Hyatt Rio de Janeiro. O Julho Tem\u00e1tico est\u00e1 repleto de divers\u00e3o para toda a fam\u00edlia! Acesse e saiba mais:\" \/>\n<meta property=\"og:url\" content=\"https:\/\/www.pacoteshyatt.com.br\/rio-de-janeiro\/mes-tematico\/\" \/>\n<meta property=\"og:site_name\" content=\"GRAND HYATT RIO DE JANEIRO\" \/>\n<meta property=\"article:modified_time\" content=\"2025-09-01T12:34:34+00:00\" \/>\n<meta property=\"og:image\" content=\"https:\/\/www.pacoteshyatt.com.br\/rio-de-janeiro\/wp-content\/uploads\/sites\/2\/2025\/06\/smurfs_Landing_hospedagem_649x435px.jpg\" \/>\n<meta name=\"twitter:card\" content=\"summary_large_image\" \/>\n<meta name=\"twitter:label1\" content=\"Est. tempo de leitura\" \/>\n\t<meta name=\"twitter:data1\" content=\"2 minutos\" \/>\n<script type=\"application\/ld+json\" class=\"yoast-schema-graph\">{\"@context\":\"https:\/\/schema.org\",\"@graph\":[{\"@type\":\"WebSite\",\"@id\":\"https:\/\/www.pacoteshyatt.com.br\/rio-de-janeiro\/#website\",\"url\":\"https:\/\/www.pacoteshyatt.com.br\/rio-de-janeiro\/\",\"name\":\"GRAND HYATT RIO DE JANEIRO\",\"description\":\"Um verdadeiro resort urbano na Barra da Tijuca!\",\"potentialAction\":[{\"@type\":\"SearchAction\",\"target\":{\"@type\":\"EntryPoint\",\"urlTemplate\":\"https:\/\/www.pacoteshyatt.com.br\/rio-de-janeiro\/?s={search_term_string}\"},\"query-input\":\"required name=search_term_string\"}],\"inLanguage\":\"pt-BR\"},{\"@type\":\"ImageObject\",\"@id\":\"https:\/\/www.pacoteshyatt.com.br\/rio-de-janeiro\/mes-tematico\/#primaryimage\",\"inLanguage\":\"pt-BR\",\"url\":\"https:\/\/www.pacoteshyatt.com.br\/rio-de-janeiro\/wp-content\/uploads\/sites\/2\/2025\/06\/smurfs_Landing_hospedagem_649x435px.jpg\",\"contentUrl\":\"https:\/\/www.pacoteshyatt.com.br\/rio-de-janeiro\/wp-content\/uploads\/sites\/2\/2025\/06\/smurfs_Landing_hospedagem_649x435px.jpg\",\"width\":649,\"height\":435},{\"@type\":\"WebPage\",\"@id\":\"https:\/\/www.pacoteshyatt.com.br\/rio-de-janeiro\/mes-tematico\/#webpage\",\"url\":\"https:\/\/www.pacoteshyatt.com.br\/rio-de-janeiro\/mes-tematico\/\",\"name\":\"Smurfs - Julho Tem\u00e1tico no Grand Hyatt Rio de Janeiro\",\"isPartOf\":{\"@id\":\"https:\/\/www.pacoteshyatt.com.br\/rio-de-janeiro\/#website\"},\"primaryImageOfPage\":{\"@id\":\"https:\/\/www.pacoteshyatt.com.br\/rio-de-janeiro\/mes-tematico\/#primaryimage\"},\"datePublished\":\"2025-06-11T17:51:13+00:00\",\"dateModified\":\"2025-09-01T12:34:34+00:00\",\"description\":\"Venha viver uma experi\u00eancia Smurfant\u00e1stica no Grand Hyatt Rio de Janeiro. O Julho Tem\u00e1tico est\u00e1 repleto de divers\u00e3o para toda a fam\u00edlia! Acesse e saiba mais:\",\"breadcrumb\":{\"@id\":\"https:\/\/www.pacoteshyatt.com.br\/rio-de-janeiro\/mes-tematico\/#breadcrumb\"},\"inLanguage\":\"pt-BR\",\"potentialAction\":[{\"@type\":\"ReadAction\",\"target\":[\"https:\/\/www.pacoteshyatt.com.br\/rio-de-janeiro\/mes-tematico\/\"]}]},{\"@type\":\"BreadcrumbList\",\"@id\":\"https:\/\/www.pacoteshyatt.com.br\/rio-de-janeiro\/mes-tematico\/#breadcrumb\",\"itemListElement\":[{\"@type\":\"ListItem\",\"position\":1,\"name\":\"Home\",\"item\":\"https:\/\/www.pacoteshyatt.com.br\/rio-de-janeiro\/\"},{\"@type\":\"ListItem\",\"position\":2,\"name\":\"M\u00eas Tem\u00e1tico\"}]}]}<\/script>\n<!-- \/ Yoast SEO plugin. -->","yoast_head_json":{"title":"Smurfs - Julho Tem\u00e1tico no Grand Hyatt Rio de Janeiro","description":"Venha viver uma experi\u00eancia Smurfant\u00e1stica no Grand Hyatt Rio de Janeiro. O Julho Tem\u00e1tico est\u00e1 repleto de divers\u00e3o para toda a fam\u00edlia! Acesse e saiba mais:","robots":{"index":"index","follow":"follow","max-snippet":"max-snippet:-1","max-image-preview":"max-image-preview:large","max-video-preview":"max-video-preview:-1"},"canonical":"https:\/\/www.pacoteshyatt.com.br\/rio-de-janeiro\/mes-tematico\/","og_locale":"pt_BR","og_type":"article","og_title":"Smurfs - Julho Tem\u00e1tico no Grand Hyatt Rio de Janeiro","og_description":"Venha viver uma experi\u00eancia Smurfant\u00e1stica no Grand Hyatt Rio de Janeiro. O Julho Tem\u00e1tico est\u00e1 repleto de divers\u00e3o para toda a fam\u00edlia! Acesse e saiba mais:","og_url":"https:\/\/www.pacoteshyatt.com.br\/rio-de-janeiro\/mes-tematico\/","og_site_name":"GRAND HYATT RIO DE JANEIRO","article_modified_time":"2025-09-01T12:34:34+00:00","og_image":[{"url":"https:\/\/www.pacoteshyatt.com.br\/rio-de-janeiro\/wp-content\/uploads\/sites\/2\/2025\/06\/smurfs_Landing_hospedagem_649x435px.jpg"}],"twitter_card":"summary_large_image","twitter_misc":{"Est. tempo de leitura":"2 minutos"},"schema":{"@context":"https:\/\/schema.org","@graph":[{"@type":"WebSite","@id":"https:\/\/www.pacoteshyatt.com.br\/rio-de-janeiro\/#website","url":"https:\/\/www.pacoteshyatt.com.br\/rio-de-janeiro\/","name":"GRAND HYATT RIO DE JANEIRO","description":"Um verdadeiro resort urbano na Barra da Tijuca!","potentialAction":[{"@type":"SearchAction","target":{"@type":"EntryPoint","urlTemplate":"https:\/\/www.pacoteshyatt.com.br\/rio-de-janeiro\/?s={search_term_string}"},"query-input":"required name=search_term_string"}],"inLanguage":"pt-BR"},{"@type":"ImageObject","@id":"https:\/\/www.pacoteshyatt.com.br\/rio-de-janeiro\/mes-tematico\/#primaryimage","inLanguage":"pt-BR","url":"https:\/\/www.pacoteshyatt.com.br\/rio-de-janeiro\/wp-content\/uploads\/sites\/2\/2025\/06\/smurfs_Landing_hospedagem_649x435px.jpg","contentUrl":"https:\/\/www.pacoteshyatt.com.br\/rio-de-janeiro\/wp-content\/uploads\/sites\/2\/2025\/06\/smurfs_Landing_hospedagem_649x435px.jpg","width":649,"height":435},{"@type":"WebPage","@id":"https:\/\/www.pacoteshyatt.com.br\/rio-de-janeiro\/mes-tematico\/#webpage","url":"https:\/\/www.pacoteshyatt.com.br\/rio-de-janeiro\/mes-tematico\/","name":"Smurfs - Julho Tem\u00e1tico no Grand Hyatt Rio de Janeiro","isPartOf":{"@id":"https:\/\/www.pacoteshyatt.com.br\/rio-de-janeiro\/#website"},"primaryImageOfPage":{"@id":"https:\/\/www.pacoteshyatt.com.br\/rio-de-janeiro\/mes-tematico\/#primaryimage"},"datePublished":"2025-06-11T17:51:13+00:00","dateModified":"2025-09-01T12:34:34+00:00","description":"Venha viver uma experi\u00eancia Smurfant\u00e1stica no Grand Hyatt Rio de Janeiro. O Julho Tem\u00e1tico est\u00e1 repleto de divers\u00e3o para toda a fam\u00edlia! Acesse e saiba mais:","breadcrumb":{"@id":"https:\/\/www.pacoteshyatt.com.br\/rio-de-janeiro\/mes-tematico\/#breadcrumb"},"inLanguage":"pt-BR","potentialAction":[{"@type":"ReadAction","target":["https:\/\/www.pacoteshyatt.com.br\/rio-de-janeiro\/mes-tematico\/"]}]},{"@type":"BreadcrumbList","@id":"https:\/\/www.pacoteshyatt.com.br\/rio-de-janeiro\/mes-tematico\/#breadcrumb","itemListElement":[{"@type":"ListItem","position":1,"name":"Home","item":"https:\/\/www.pacoteshyatt.com.br\/rio-de-janeiro\/"},{"@type":"ListItem","position":2,"name":"M\u00eas Tem\u00e1tico"}]}]}},"_links":{"self":[{"href":"https:\/\/www.pacoteshyatt.com.br\/rio-de-janeiro\/wp-json\/wp\/v2\/pages\/19386"}],"collection":[{"href":"https:\/\/www.pacoteshyatt.com.br\/rio-de-janeiro\/wp-json\/wp\/v2\/pages"}],"about":[{"href":"https:\/\/www.pacoteshyatt.com.br\/rio-de-janeiro\/wp-json\/wp\/v2\/types\/page"}],"author":[{"embeddable":true,"href":"https:\/\/www.pacoteshyatt.com.br\/rio-de-janeiro\/wp-json\/wp\/v2\/users\/106058"}],"replies":[{"embeddable":true,"href":"https:\/\/www.pacoteshyatt.com.br\/rio-de-janeiro\/wp-json\/wp\/v2\/comments?post=19386"}],"version-history":[{"count":69,"href":"https:\/\/www.pacoteshyatt.com.br\/rio-de-janeiro\/wp-json\/wp\/v2\/pages\/19386\/revisions"}],"predecessor-version":[{"id":20505,"href":"https:\/\/www.pacoteshyatt.com.br\/rio-de-janeiro\/wp-json\/wp\/v2\/pages\/19386\/revisions\/20505"}],"wp:attachment":[{"href":"https:\/\/www.pacoteshyatt.com.br\/rio-de-janeiro\/wp-json\/wp\/v2\/media?parent=19386"}],"curies":[{"name":"wp","href":"https:\/\/api.w.org\/{rel}","templated":true}]}}