{"id":4251,"date":"2021-10-22T15:40:55","date_gmt":"2021-10-22T18:40:55","guid":{"rendered":"https:\/\/www.pacoteshyatt.com.br\/rio-de-janeiro\/?page_id=4251"},"modified":"2022-10-10T16:19:44","modified_gmt":"2022-10-10T19:19:44","slug":"ceia-de-ano-novo-canto","status":"publish","type":"page","link":"https:\/\/www.pacoteshyatt.com.br\/rio-de-janeiro\/ceia-de-ano-novo-canto\/","title":{"rendered":"Ceia de Ano Novo | Cant\u00f4"},"content":{"rendered":"<p><!--EndFragment--><\/p>\n\n\n<div class=\"wp-container-69f8f75f68b04 wp-block-group intro-content-home text-center\"><div class=\"wp-bootstrap-blocks-container container mb-2\">\n\t\n<div class=\"wp-bootstrap-blocks-row row\">\n\t\n\n<div class=\"col-12 col-md-12 inner-intro-content\">\n\t\t\t\n\n<div class=\"wp-container-69f8f75f623a2 wp-block-group inner-content\">\n<h1>Ceia de Ano Novo | Cant\u00f4<\/h1>\n\n\n\n<p>Aproveite a virada do ano em uma ceia mais do que especial no restaurante Cant\u00f4, com direito \u00e0 buffet variado e prato principal \u00e0 escolha.<\/p>\n\n\n\n<p> <strong>Dia: 31\/12, das 21h \u00e0s 03h.<\/strong>  <\/p>\n<\/div>\n\n\t<\/div>\n\n<\/div>\n\n\n<div data-block-name=\"woocommerce\/handpicked-products\" data-edit-mode=\"false\" data-products=\"[6550,6549,6551]\" class=\"wc-block-grid wp-block-handpicked-products wc-block-handpicked-products has-3-columns has-multiple-rows\"><ul class=\"wc-block-grid__products\"><li class=\"wc-block-grid__product\"><span class=\"gtm4wp_productdata\" style=\"display:none; visibility:hidden;\" data-gtm4wp_product_id=\"6549\" data-gtm4wp_product_name=\"Ceia de Ano Novo | Tano\" data-gtm4wp_product_price=\"0\" data-gtm4wp_product_cat=\"Gastronomia\/Ano Novo\" data-gtm4wp_product_url=\"https:\/\/www.pacoteshyatt.com.br\/rio-de-janeiro\/product\/ceia-de-ano-novo\/\" data-gtm4wp_product_listposition=\"0\" data-gtm4wp_productlist_name=\"General Product List\" data-gtm4wp_product_stocklevel=\"\" data-gtm4wp_product_brand=\"\"><\/span>\n\t\t\t\t<a href=\"https:\/\/www.pacoteshyatt.com.br\/rio-de-janeiro\/product\/ceia-de-ano-novo\/\" class=\"wc-block-grid__product-link\">\n\t\t\t\t\t<div class=\"wc-block-grid__product-image\"><img width=\"308\" height=\"200\" src=\"https:\/\/www.pacoteshyatt.com.br\/rio-de-janeiro\/wp-content\/uploads\/sites\/2\/2022\/10\/GHRJ_Banners_PTBR_308x200_Ceiadeanonovo_2025_v1.png\" class=\"attachment-woocommerce_thumbnail size-woocommerce_thumbnail\" alt=\"Ceia de Ano Novo | Tano\" loading=\"lazy\" srcset=\"https:\/\/www.pacoteshyatt.com.br\/rio-de-janeiro\/wp-content\/uploads\/sites\/2\/2022\/10\/GHRJ_Banners_PTBR_308x200_Ceiadeanonovo_2025_v1.png 308w, https:\/\/www.pacoteshyatt.com.br\/rio-de-janeiro\/wp-content\/uploads\/sites\/2\/2022\/10\/GHRJ_Banners_PTBR_308x200_Ceiadeanonovo_2025_v1-300x195.png 300w\" sizes=\"(max-width: 308px) 100vw, 308px\" \/><\/div>\n\t\t\t\t\t<div class=\"wc-block-grid__product-title\">Ceia de Ano Novo | Tano<\/div>\n\t\t\t\t<\/a>\n\t\t\t\t\n\t\t\t\t<div class=\"wc-block-grid__product-price price\"><\/div>\n\t\t\t\t\n\t\t\t\t<div class=\"wp-block-button wc-block-grid__product-add-to-cart\"><a href=\"https:\/\/wa.me\/5511942414458\" aria-label=\"Vendas online encerradas! Clique aqui e adquira pelo WhatsApp\" data-quantity=\"1\" data-product_id=\"6549\" data-product_sku=\"\" rel=\"nofollow\" class=\"wp-block-button__link add_to_cart_button\">Vendas online encerradas! Clique aqui e adquira pelo WhatsApp<\/a><\/div>\n\t\t\t<\/li><\/ul><\/div>\n\n\n<div class=\"wp-block-columns\"><\/div>\n\n<\/div>\n<\/div>\n\n\n        <div class=\"service-section\">\n            <div class=\"container\">\n                <div class=\"row\">\n                    <div class=\"inner-service-col col-12\">\n                                                <div class=\"all-section-title\">\n                            <h2>Conhe\u00e7a tamb\u00e9m<\/h2>\n                        <\/div>\n                                                <div class=\"d-flex flex-wrap inner-service-section justify-content-center\">\n                                    <div class=\"col-6 col-sm-4 col-lg-3 custom-3-col\">\n                                <a href=\"https:\/\/www.pacoteshyatt.com.br\/rio-de-janeiro\/ceia-de-natal\/\" class=\"service-image\">\n                                    <div class=\"inner-service-image\">\n                                        <img src=\"https:\/\/www.pacoteshyatt.com.br\/rio-de-janeiro\/wp-content\/uploads\/sites\/2\/2021\/10\/oferta_gastronomia_ceia-natal-tano-mesa-grupos.jpg\" alt=\"Ceia de Natal - Tano\">\n                                    <\/div>\n                                    <div class=\"btn-col\">\n                                        <span class=\"btn with-border\">| Ceia de Natal &#8211; Tano<\/span>\n                                    <\/div>\n                                <\/a>\n                            <\/div>\n                                        <div class=\"col-6 col-sm-4 col-lg-3 custom-3-col\">\n                                <a href=\"https:\/\/www.pacoteshyatt.com.br\/rio-de-janeiro\/festa-de-ano-novo-grand-ballroom\/\" class=\"service-image\">\n                                    <div class=\"inner-service-image\">\n                                        <img src=\"\" alt=\"Festa de Ano Novo - Grand Ballroom\">\n                                    <\/div>\n                                    <div class=\"btn-col\">\n                                        <span class=\"btn with-border\">| Festa de Ano Novo &#8211; Grand Ballroom<\/span>\n                                    <\/div>\n                                <\/a>\n                            <\/div>\n                                        <div class=\"col-6 col-sm-4 col-lg-3 custom-3-col\">\n                                <a href=\"https:\/\/www.pacoteshyatt.com.br\/rio-de-janeiro\/ceia-de-ano-novo-shiso\/\" class=\"service-image\">\n                                    <div class=\"inner-service-image\">\n                                        <img src=\"https:\/\/www.pacoteshyatt.com.br\/rio-de-janeiro\/wp-content\/uploads\/sites\/2\/2021\/10\/oferta_gastronomia_ceia-ano-novo-shiso-mesa-para-4-e1747670069302.jpg\" alt=\"Ceia de Ano Novo - Shiso\">\n                                    <\/div>\n                                    <div class=\"btn-col\">\n                                        <span class=\"btn with-border\">| Ceia de Ano Novo &#8211; Shiso<\/span>\n                                    <\/div>\n                                <\/a>\n                            <\/div>\n                                    <\/div>\n                    <\/div>\n                <\/div>\n            <\/div>\n        <\/div>\n        ","protected":false},"excerpt":{"rendered":"","protected":false},"author":76,"featured_media":0,"parent":0,"menu_order":0,"comment_status":"closed","ping_status":"closed","template":"","meta":{"_eb_attr":""},"yoast_head":"<!-- This site is optimized with the Yoast SEO plugin v18.4.1 - https:\/\/yoast.com\/wordpress\/plugins\/seo\/ -->\n<title>Ceia de Ano Novo | Cant\u00f4 - GRAND HYATT RIO DE JANEIRO<\/title>\n<meta name=\"robots\" content=\"index, follow, max-snippet:-1, max-image-preview:large, max-video-preview:-1\" \/>\n<link rel=\"canonical\" href=\"https:\/\/www.pacoteshyatt.com.br\/rio-de-janeiro\/ceia-de-ano-novo-canto\/\" \/>\n<meta property=\"og:locale\" content=\"pt_BR\" \/>\n<meta property=\"og:type\" content=\"article\" \/>\n<meta property=\"og:title\" content=\"Ceia de Ano Novo | Cant\u00f4 - GRAND HYATT RIO DE JANEIRO\" \/>\n<meta property=\"og:url\" content=\"https:\/\/www.pacoteshyatt.com.br\/rio-de-janeiro\/ceia-de-ano-novo-canto\/\" \/>\n<meta property=\"og:site_name\" content=\"GRAND HYATT RIO DE JANEIRO\" \/>\n<meta property=\"article:modified_time\" content=\"2022-10-10T19:19:44+00:00\" \/>\n<meta name=\"twitter:card\" content=\"summary_large_image\" \/>\n<meta name=\"twitter:label1\" content=\"Est. tempo de leitura\" \/>\n\t<meta name=\"twitter:data1\" content=\"1 minuto\" \/>\n<script type=\"application\/ld+json\" class=\"yoast-schema-graph\">{\"@context\":\"https:\/\/schema.org\",\"@graph\":[{\"@type\":\"WebSite\",\"@id\":\"https:\/\/www.pacoteshyatt.com.br\/rio-de-janeiro\/#website\",\"url\":\"https:\/\/www.pacoteshyatt.com.br\/rio-de-janeiro\/\",\"name\":\"GRAND HYATT RIO DE JANEIRO\",\"description\":\"Um verdadeiro resort urbano na Barra da Tijuca!\",\"potentialAction\":[{\"@type\":\"SearchAction\",\"target\":{\"@type\":\"EntryPoint\",\"urlTemplate\":\"https:\/\/www.pacoteshyatt.com.br\/rio-de-janeiro\/?s={search_term_string}\"},\"query-input\":\"required name=search_term_string\"}],\"inLanguage\":\"pt-BR\"},{\"@type\":\"WebPage\",\"@id\":\"https:\/\/www.pacoteshyatt.com.br\/rio-de-janeiro\/ceia-de-ano-novo-canto\/#webpage\",\"url\":\"https:\/\/www.pacoteshyatt.com.br\/rio-de-janeiro\/ceia-de-ano-novo-canto\/\",\"name\":\"Ceia de Ano Novo | Cant\u00f4 - GRAND HYATT RIO DE JANEIRO\",\"isPartOf\":{\"@id\":\"https:\/\/www.pacoteshyatt.com.br\/rio-de-janeiro\/#website\"},\"datePublished\":\"2021-10-22T18:40:55+00:00\",\"dateModified\":\"2022-10-10T19:19:44+00:00\",\"breadcrumb\":{\"@id\":\"https:\/\/www.pacoteshyatt.com.br\/rio-de-janeiro\/ceia-de-ano-novo-canto\/#breadcrumb\"},\"inLanguage\":\"pt-BR\",\"potentialAction\":[{\"@type\":\"ReadAction\",\"target\":[\"https:\/\/www.pacoteshyatt.com.br\/rio-de-janeiro\/ceia-de-ano-novo-canto\/\"]}]},{\"@type\":\"BreadcrumbList\",\"@id\":\"https:\/\/www.pacoteshyatt.com.br\/rio-de-janeiro\/ceia-de-ano-novo-canto\/#breadcrumb\",\"itemListElement\":[{\"@type\":\"ListItem\",\"position\":1,\"name\":\"Home\",\"item\":\"https:\/\/www.pacoteshyatt.com.br\/rio-de-janeiro\/\"},{\"@type\":\"ListItem\",\"position\":2,\"name\":\"Ceia de Ano Novo | Cant\u00f4\"}]}]}<\/script>\n<!-- \/ Yoast SEO plugin. -->","yoast_head_json":{"title":"Ceia de Ano Novo | Cant\u00f4 - GRAND HYATT RIO DE JANEIRO","robots":{"index":"index","follow":"follow","max-snippet":"max-snippet:-1","max-image-preview":"max-image-preview:large","max-video-preview":"max-video-preview:-1"},"canonical":"https:\/\/www.pacoteshyatt.com.br\/rio-de-janeiro\/ceia-de-ano-novo-canto\/","og_locale":"pt_BR","og_type":"article","og_title":"Ceia de Ano Novo | Cant\u00f4 - GRAND HYATT RIO DE JANEIRO","og_url":"https:\/\/www.pacoteshyatt.com.br\/rio-de-janeiro\/ceia-de-ano-novo-canto\/","og_site_name":"GRAND HYATT RIO DE JANEIRO","article_modified_time":"2022-10-10T19:19:44+00:00","twitter_card":"summary_large_image","twitter_misc":{"Est. tempo de leitura":"1 minuto"},"schema":{"@context":"https:\/\/schema.org","@graph":[{"@type":"WebSite","@id":"https:\/\/www.pacoteshyatt.com.br\/rio-de-janeiro\/#website","url":"https:\/\/www.pacoteshyatt.com.br\/rio-de-janeiro\/","name":"GRAND HYATT RIO DE JANEIRO","description":"Um verdadeiro resort urbano na Barra da Tijuca!","potentialAction":[{"@type":"SearchAction","target":{"@type":"EntryPoint","urlTemplate":"https:\/\/www.pacoteshyatt.com.br\/rio-de-janeiro\/?s={search_term_string}"},"query-input":"required name=search_term_string"}],"inLanguage":"pt-BR"},{"@type":"WebPage","@id":"https:\/\/www.pacoteshyatt.com.br\/rio-de-janeiro\/ceia-de-ano-novo-canto\/#webpage","url":"https:\/\/www.pacoteshyatt.com.br\/rio-de-janeiro\/ceia-de-ano-novo-canto\/","name":"Ceia de Ano Novo | Cant\u00f4 - GRAND HYATT RIO DE JANEIRO","isPartOf":{"@id":"https:\/\/www.pacoteshyatt.com.br\/rio-de-janeiro\/#website"},"datePublished":"2021-10-22T18:40:55+00:00","dateModified":"2022-10-10T19:19:44+00:00","breadcrumb":{"@id":"https:\/\/www.pacoteshyatt.com.br\/rio-de-janeiro\/ceia-de-ano-novo-canto\/#breadcrumb"},"inLanguage":"pt-BR","potentialAction":[{"@type":"ReadAction","target":["https:\/\/www.pacoteshyatt.com.br\/rio-de-janeiro\/ceia-de-ano-novo-canto\/"]}]},{"@type":"BreadcrumbList","@id":"https:\/\/www.pacoteshyatt.com.br\/rio-de-janeiro\/ceia-de-ano-novo-canto\/#breadcrumb","itemListElement":[{"@type":"ListItem","position":1,"name":"Home","item":"https:\/\/www.pacoteshyatt.com.br\/rio-de-janeiro\/"},{"@type":"ListItem","position":2,"name":"Ceia de Ano Novo | Cant\u00f4"}]}]}},"_links":{"self":[{"href":"https:\/\/www.pacoteshyatt.com.br\/rio-de-janeiro\/wp-json\/wp\/v2\/pages\/4251"}],"collection":[{"href":"https:\/\/www.pacoteshyatt.com.br\/rio-de-janeiro\/wp-json\/wp\/v2\/pages"}],"about":[{"href":"https:\/\/www.pacoteshyatt.com.br\/rio-de-janeiro\/wp-json\/wp\/v2\/types\/page"}],"author":[{"embeddable":true,"href":"https:\/\/www.pacoteshyatt.com.br\/rio-de-janeiro\/wp-json\/wp\/v2\/users\/76"}],"replies":[{"embeddable":true,"href":"https:\/\/www.pacoteshyatt.com.br\/rio-de-janeiro\/wp-json\/wp\/v2\/comments?post=4251"}],"version-history":[{"count":13,"href":"https:\/\/www.pacoteshyatt.com.br\/rio-de-janeiro\/wp-json\/wp\/v2\/pages\/4251\/revisions"}],"predecessor-version":[{"id":6587,"href":"https:\/\/www.pacoteshyatt.com.br\/rio-de-janeiro\/wp-json\/wp\/v2\/pages\/4251\/revisions\/6587"}],"wp:attachment":[{"href":"https:\/\/www.pacoteshyatt.com.br\/rio-de-janeiro\/wp-json\/wp\/v2\/media?parent=4251"}],"curies":[{"name":"wp","href":"https:\/\/api.w.org\/{rel}","templated":true}]}}