{"id":561,"date":"2020-11-24T18:23:02","date_gmt":"2020-11-24T21:23:02","guid":{"rendered":"https:\/\/www.pacoteshyatt.com.br\/rio-de-janeiro\/?page_id=561"},"modified":"2025-12-03T16:27:24","modified_gmt":"2025-12-03T19:27:24","slug":"o-resort","status":"publish","type":"page","link":"https:\/\/www.pacoteshyatt.com.br\/rio-de-janeiro\/o-resort\/","title":{"rendered":"O Resort"},"content":{"rendered":"\n<div class=\"wp-container-69f2f85b11b44 wp-block-group grand-taste-top-section\"><div class=\"wp-bootstrap-blocks-container container mb-2 product-descrip-section\">\n\t\n<div class=\"wp-bootstrap-blocks-row row inner-taste-col\">\n\t\n\n<div class=\"col-12 col-md-6\">\n\t\t\t\n\n<div class=\"wp-container-69f2f85b115d9 wp-block-group\">\n<figure class=\"wp-block-embed is-type-video is-provider-youtube wp-block-embed-youtube wp-embed-aspect-16-9 wp-has-aspect-ratio\"><div class=\"wp-block-embed__wrapper\">\n<iframe loading=\"lazy\" title=\"Live the Grand Hyatt Rio de Janeiro Experience!\" width=\"500\" height=\"281\" src=\"https:\/\/www.youtube.com\/embed\/BKUmth7OPso?feature=oembed\" frameborder=\"0\" allow=\"accelerometer; autoplay; clipboard-write; encrypted-media; gyroscope; picture-in-picture; web-share\" referrerpolicy=\"strict-origin-when-cross-origin\" allowfullscreen><\/iframe>\n<\/div><\/figure>\n<\/div>\n\n\t<\/div>\n\n\n\n<div class=\"col-12 col-md-6 description-content\">\n\t\t\t\n\n<h1>Um Resort no Rio de Janeiro de frente para o mar<\/h1>\n\n\n\n<p>Refer\u00eancia em <strong>Resort no Rio de Janeiro<\/strong>, o Grande Hyatt possui infraestrutura ideal, proporciona servi\u00e7os exclusivos, atividades de resort e acomoda\u00e7\u00f5es sofisticadas com completa seguran\u00e7a. Conhe\u00e7a e surpreenda-se!<\/p>\n\n\t<\/div>\n\n<\/div>\n\n<\/div>\n<\/div>\n\n\n\n<div class=\"wp-container-69f2f85b134a1 wp-block-group grand-taste-top-section\"><div class=\"wp-bootstrap-blocks-container container mb-2 product-descrip-section\">\n\t\n<div class=\"wp-bootstrap-blocks-container container mb-2 product-descrip-section\">\n\t\n<div class=\"wp-bootstrap-blocks-row row inner-taste-col\">\n\t\n\n<div class=\"col-12 col-md-6 description-content\">\n\t\t\t\n\n<h2> Hospedagem memor\u00e1vel <\/h2>\n\n\n\n<div class=\"wp-container-69f2f85b11fa2 wp-block-group\">\n<p> Sinta a experi\u00eancia de estar hospedado com vistas espetaculares para a Praia da Barra ou para Lagoa de Marapendi. <\/p>\n\n\n\n<p> <\/p>\n<\/div>\n\n\n\n<p> <a href=\"https:\/\/www.hyatt.com\/pt-PT\/hotel\/brazil\/grand-hyatt-rio-de-janeiro\/riogh\/rooms?origem=pacotes-hyatt-rio-de-janeiro\">Saiba mais<\/a> <\/p>\n\n\t<\/div>\n\n\n\n<div class=\"col-12 col-md-6\">\n\t\t\t\n\n<figure class=\"wp-block-image size-full\"><img loading=\"lazy\" width=\"591\" height=\"393\" src=\"https:\/\/www.pacoteshyatt.com.br\/rio-de-janeiro\/wp-content\/uploads\/sites\/2\/2020\/10\/Diplomat-Suite-Bedroom.jpg\" alt=\"\" class=\"wp-image-499\" srcset=\"https:\/\/www.pacoteshyatt.com.br\/rio-de-janeiro\/wp-content\/uploads\/sites\/2\/2020\/10\/Diplomat-Suite-Bedroom.jpg 591w, https:\/\/www.pacoteshyatt.com.br\/rio-de-janeiro\/wp-content\/uploads\/sites\/2\/2020\/10\/Diplomat-Suite-Bedroom-300x199.jpg 300w, https:\/\/www.pacoteshyatt.com.br\/rio-de-janeiro\/wp-content\/uploads\/sites\/2\/2020\/10\/Diplomat-Suite-Bedroom-438x292.jpg 438w, https:\/\/www.pacoteshyatt.com.br\/rio-de-janeiro\/wp-content\/uploads\/sites\/2\/2020\/10\/Diplomat-Suite-Bedroom-237x158.jpg 237w, https:\/\/www.pacoteshyatt.com.br\/rio-de-janeiro\/wp-content\/uploads\/sites\/2\/2020\/10\/Diplomat-Suite-Bedroom-301x200.jpg 301w\" sizes=\"(max-width: 591px) 100vw, 591px\" \/><\/figure>\n\n\t<\/div>\n\n<\/div>\n\n\n<div class=\"wp-bootstrap-blocks-row row inner-taste-col\">\n\t\n\n<div class=\"col-12 col-md-6\">\n\t\t\t\n\n<figure class=\"wp-block-image size-full\"><img loading=\"lazy\" width=\"591\" height=\"393\" src=\"https:\/\/www.pacoteshyatt.com.br\/rio-de-janeiro\/wp-content\/uploads\/sites\/2\/2021\/12\/banner_lading-nupcias.jpg\" alt=\"\" class=\"wp-image-4841\" srcset=\"https:\/\/www.pacoteshyatt.com.br\/rio-de-janeiro\/wp-content\/uploads\/sites\/2\/2021\/12\/banner_lading-nupcias.jpg 591w, https:\/\/www.pacoteshyatt.com.br\/rio-de-janeiro\/wp-content\/uploads\/sites\/2\/2021\/12\/banner_lading-nupcias-300x199.jpg 300w, https:\/\/www.pacoteshyatt.com.br\/rio-de-janeiro\/wp-content\/uploads\/sites\/2\/2021\/12\/banner_lading-nupcias-438x292.jpg 438w, https:\/\/www.pacoteshyatt.com.br\/rio-de-janeiro\/wp-content\/uploads\/sites\/2\/2021\/12\/banner_lading-nupcias-237x158.jpg 237w, https:\/\/www.pacoteshyatt.com.br\/rio-de-janeiro\/wp-content\/uploads\/sites\/2\/2021\/12\/banner_lading-nupcias-301x200.jpg 301w, https:\/\/www.pacoteshyatt.com.br\/rio-de-janeiro\/wp-content\/uploads\/sites\/2\/2021\/12\/banner_lading-nupcias-348x231.jpg 348w\" sizes=\"(max-width: 591px) 100vw, 591px\" \/><figcaption>.<\/figcaption><\/figure>\n\n\t<\/div>\n\n\n\n<div class=\"col-12 col-md-6 description-content\">\n\t\t\t\n\n<h2>Pacotes Especiais<\/h2>\n\n\n\n<p>Pensando em uma hospedagem exclusiva e especial para alguma data? Encontre aqui as op\u00e7\u00f5es para celebrar.<\/p>\n\n\n\n<p> <a href=\"https:\/\/www.pacoteshyatt.com.br\/rio-de-janeiro\/pacotes-especiais\/\" target=\"_blank\" rel=\"noreferrer noopener\">Conhe\u00e7a<\/a> <\/p>\n\n\t<\/div>\n\n<\/div>\n\n\n<div class=\"wp-bootstrap-blocks-row row inner-taste-col\">\n\t\n\n<div class=\"col-12 col-md-6 description-content\">\n\t\t\t\n\n<h2>Spa<\/h2>\n\n\n\n<div class=\"wp-container-69f2f85b12563 wp-block-group\">\n<p>Encontre o equil\u00edbrio perfeito entre corpo e mente em um delicioso o\u00e1sis de sa\u00fade e bem-estar. Conhe\u00e7a o Atiaia Spa e seus tratamentos. <\/p>\n\n\n\n<p> <\/p>\n<\/div>\n\n\n\n<p> <a href=\"https:\/\/www.pacoteshyatt.com.br\/rio-de-janeiro\/product-category\/atiaia-spa-fitness\/\" target=\"_blank\" rel=\"noreferrer noopener\">Saiba mais<\/a> <\/p>\n\n\t<\/div>\n\n\n\n<div class=\"col-12 col-md-6\">\n\t\t\t\n\n<figure class=\"wp-block-image size-full\"><img loading=\"lazy\" width=\"900\" height=\"599\" src=\"https:\/\/www.pacoteshyatt.com.br\/rio-de-janeiro\/wp-content\/uploads\/sites\/2\/2020\/11\/RIOGH_P433-Atiaia-Spa-Massage-Oleo.jpg\" alt=\"\" class=\"wp-image-552\"\/><\/figure>\n\n\t<\/div>\n\n<\/div>\n\n\n<div class=\"wp-bootstrap-blocks-row row inner-taste-col\">\n\t\n\n<div class=\"col-12 col-md-6\">\n\t\t\t\n\n<div class=\"wp-container-69f2f85b12a6a wp-block-group\">\n<figure class=\"wp-block-image size-large\"><img loading=\"lazy\" width=\"701\" height=\"467\" src=\"https:\/\/www.pacoteshyatt.com.br\/rio-de-janeiro\/wp-content\/uploads\/sites\/2\/2020\/12\/SabrinaVasconcelos_13-002.jpg\" alt=\"\" class=\"wp-image-1316\" srcset=\"https:\/\/www.pacoteshyatt.com.br\/rio-de-janeiro\/wp-content\/uploads\/sites\/2\/2020\/12\/SabrinaVasconcelos_13-002.jpg 701w, https:\/\/www.pacoteshyatt.com.br\/rio-de-janeiro\/wp-content\/uploads\/sites\/2\/2020\/12\/SabrinaVasconcelos_13-002-300x200.jpg 300w, https:\/\/www.pacoteshyatt.com.br\/rio-de-janeiro\/wp-content\/uploads\/sites\/2\/2020\/12\/SabrinaVasconcelos_13-002-438x292.jpg 438w, https:\/\/www.pacoteshyatt.com.br\/rio-de-janeiro\/wp-content\/uploads\/sites\/2\/2020\/12\/SabrinaVasconcelos_13-002-237x158.jpg 237w, https:\/\/www.pacoteshyatt.com.br\/rio-de-janeiro\/wp-content\/uploads\/sites\/2\/2020\/12\/SabrinaVasconcelos_13-002-348x232.jpg 348w\" sizes=\"(max-width: 701px) 100vw, 701px\" \/><\/figure>\n<\/div>\n\n\t<\/div>\n\n\n\n<div class=\"col-12 col-md-6 description-content\">\n\t\t\t\n\n<h2>Eventos inesquec\u00edveis<\/h2>\n\n\n\n<p>Encante-se pelos ambientes e espa\u00e7os integrados completamente \u00e0 natureza que cerca o hotel por meio de paredes de vidro e janelas que privilegiam a ilumina\u00e7\u00e3o natural. Garanta vistas espetaculares para todos os estilos de evento! <\/p>\n\n\n\n<p><a href=\"https:\/\/www.pacoteshyatt.com.br\/rio-de-janeiro\/eventos\/\">Saiba mais!<\/a><\/p>\n\n\t<\/div>\n\n<\/div>\n\n\n<div class=\"wp-bootstrap-blocks-row row inner-taste-col\">\n\t\n\n<div class=\"col-12 col-md-6 description-content\">\n\t\t\t\n\n<h2>Gastronomia Premiada<\/h2>\n\n\n\n<div class=\"wp-container-69f2f85b12f3e wp-block-group\">\n<p>Desfrute de restaurantes com diferentes ambientes e conceitos gastron\u00f4micos. Do sabor tipicamente carioca aos ex\u00f3ticos sabores orientais, o Grand Hyatt Rio oferece op\u00e7\u00f5es para todos os gostos. <\/p>\n\n\n\n<p> <\/p>\n<\/div>\n\n\n\n<p> <a href=\"https:\/\/www.pacoteshyatt.com.br\/rio-de-janeiro\/gastronomia\/\" target=\"_blank\" rel=\"noreferrer noopener\" aria-label=\" (abre numa nova aba)\">Saiba mais<\/a> <\/p>\n\n\t<\/div>\n\n\n\n<div class=\"col-12 col-md-6\">\n\t\t\t\n\n<figure class=\"wp-block-image size-large\"><img src=\"https:\/\/www.pacoteshyatt.com.br\/rio-de-janeiro\/wp-content\/uploads\/sites\/2\/2020\/10\/RIOGH_P446-Shiso-Japanese-Dish.jpg\" alt=\"\" class=\"wp-image-153\"\/><\/figure>\n\n\t<\/div>\n\n<\/div>\n\n<\/div>\n\n<\/div>\n\n\n<div class=\"wp-bootstrap-blocks-container container mb-2 product-descrip-section\">\n\t<\/div>\n<\/div>\n\n\n        <div class=\"service-section\">\n            <div class=\"container\">\n                <div class=\"row\">\n                    <div class=\"inner-service-col col-12\">\n                                                <div class=\"all-section-title\">\n                            <h2>Saiba mais!<\/h2>\n                        <\/div>\n                                                <div class=\"d-flex flex-wrap inner-service-section justify-content-center\">\n                                    <div class=\"col-6 col-sm-4 col-lg-3 custom-3-col\">\n                                <a href=\"https:\/\/www.pacoteshyatt.com.br\/rio-de-janeiro\/atiaia\/\" class=\"service-image\">\n                                    <div class=\"inner-service-image\">\n                                        <img src=\"https:\/\/www.pacoteshyatt.com.br\/rio-de-janeiro\/wp-content\/uploads\/sites\/2\/2020\/12\/atiaia_1.jpg\" alt=\"ATIAIA SPA &#038; FITNESS\">\n                                    <\/div>\n                                    <div class=\"btn-col\">\n                                        <span class=\"btn with-border\">| ATIAIA SPA &#038; FITNESS<\/span>\n                                    <\/div>\n                                <\/a>\n                            <\/div>\n                                        <div class=\"col-6 col-sm-4 col-lg-3 custom-3-col\">\n                                <a href=\"https:\/\/www.pacoteshyatt.com.br\/rio-de-janeiro\/hotel-pet-friendly\/\" class=\"service-image\">\n                                    <div class=\"inner-service-image\">\n                                        <img src=\"https:\/\/www.pacoteshyatt.com.br\/rio-de-janeiro\/wp-content\/uploads\/sites\/2\/2020\/12\/pet.jpg\" alt=\"PET FRIENDLY\">\n                                    <\/div>\n                                    <div class=\"btn-col\">\n                                        <span class=\"btn with-border\">| PET FRIENDLY<\/span>\n                                    <\/div>\n                                <\/a>\n                            <\/div>\n                                        <div class=\"col-6 col-sm-4 col-lg-3 custom-3-col\">\n                                <a href=\"https:\/\/www.pacoteshyatt.com.br\/rio-de-janeiro\/grand-hyatt-rio-de-janeiro\/sustentabilidade\/\" class=\"service-image\">\n                                    <div class=\"inner-service-image\">\n                                        <img src=\"https:\/\/www.pacoteshyatt.com.br\/rio-de-janeiro\/wp-content\/uploads\/sites\/2\/2021\/01\/sustentabilidade.jpg\" alt=\"POL\u00cdTICA SUSTENT\u00c1VEL\">\n                                    <\/div>\n                                    <div class=\"btn-col\">\n                                        <span class=\"btn with-border\">| POL\u00cdTICA SUSTENT\u00c1VEL<\/span>\n                                    <\/div>\n                                <\/a>\n                            <\/div>\n                                    <\/div>\n                    <\/div>\n                <\/div>\n            <\/div>\n        <\/div>\n        ","protected":false},"excerpt":{"rendered":"","protected":false},"author":5,"featured_media":0,"parent":0,"menu_order":0,"comment_status":"closed","ping_status":"closed","template":"","meta":{"_eb_attr":""},"yoast_head":"<!-- This site is optimized with the Yoast SEO plugin v18.4.1 - https:\/\/yoast.com\/wordpress\/plugins\/seo\/ -->\n<title>Resort no Rio de Janeiro: conhe\u00e7a e aproveite - Pacotes Hyatt RJ<\/title>\n<meta name=\"description\" content=\"O Grande Hyatt Rio de Janeiro proporciona servi\u00e7os exclusivos e atividades de lazer prazerosas em espa\u00e7os cheios de conforto. Conhe\u00e7a agora nosso Resort!\" \/>\n<meta name=\"robots\" content=\"index, follow, max-snippet:-1, max-image-preview:large, max-video-preview:-1\" \/>\n<link rel=\"canonical\" href=\"https:\/\/www.pacoteshyatt.com.br\/rio-de-janeiro\/o-resort\/\" \/>\n<meta property=\"og:locale\" content=\"pt_BR\" \/>\n<meta property=\"og:type\" content=\"article\" \/>\n<meta property=\"og:title\" content=\"Resort no Rio de Janeiro: conhe\u00e7a e aproveite - Pacotes Hyatt RJ\" \/>\n<meta property=\"og:description\" content=\"O Grande Hyatt Rio de Janeiro proporciona servi\u00e7os exclusivos e atividades de lazer prazerosas em espa\u00e7os cheios de conforto. Conhe\u00e7a agora nosso Resort!\" \/>\n<meta property=\"og:url\" content=\"https:\/\/www.pacoteshyatt.com.br\/rio-de-janeiro\/o-resort\/\" \/>\n<meta property=\"og:site_name\" content=\"GRAND HYATT RIO DE JANEIRO\" \/>\n<meta property=\"article:modified_time\" content=\"2025-12-03T19:27:24+00:00\" \/>\n<meta property=\"og:image\" content=\"https:\/\/www.pacoteshyatt.com.br\/rio-de-janeiro\/wp-content\/uploads\/sites\/2\/2020\/10\/Diplomat-Suite-Bedroom.jpg\" \/>\n<meta name=\"twitter:card\" content=\"summary_large_image\" \/>\n<meta name=\"twitter:label1\" content=\"Est. tempo de leitura\" \/>\n\t<meta name=\"twitter:data1\" content=\"2 minutos\" \/>\n<script type=\"application\/ld+json\" class=\"yoast-schema-graph\">{\"@context\":\"https:\/\/schema.org\",\"@graph\":[{\"@type\":\"WebSite\",\"@id\":\"https:\/\/www.pacoteshyatt.com.br\/rio-de-janeiro\/#website\",\"url\":\"https:\/\/www.pacoteshyatt.com.br\/rio-de-janeiro\/\",\"name\":\"GRAND HYATT RIO DE JANEIRO\",\"description\":\"Um verdadeiro resort urbano na Barra da Tijuca!\",\"potentialAction\":[{\"@type\":\"SearchAction\",\"target\":{\"@type\":\"EntryPoint\",\"urlTemplate\":\"https:\/\/www.pacoteshyatt.com.br\/rio-de-janeiro\/?s={search_term_string}\"},\"query-input\":\"required name=search_term_string\"}],\"inLanguage\":\"pt-BR\"},{\"@type\":\"ImageObject\",\"@id\":\"https:\/\/www.pacoteshyatt.com.br\/rio-de-janeiro\/o-resort\/#primaryimage\",\"inLanguage\":\"pt-BR\",\"url\":\"https:\/\/www.pacoteshyatt.com.br\/rio-de-janeiro\/wp-content\/uploads\/sites\/2\/2020\/10\/Diplomat-Suite-Bedroom.jpg\",\"contentUrl\":\"https:\/\/www.pacoteshyatt.com.br\/rio-de-janeiro\/wp-content\/uploads\/sites\/2\/2020\/10\/Diplomat-Suite-Bedroom.jpg\",\"width\":591,\"height\":393},{\"@type\":\"WebPage\",\"@id\":\"https:\/\/www.pacoteshyatt.com.br\/rio-de-janeiro\/o-resort\/#webpage\",\"url\":\"https:\/\/www.pacoteshyatt.com.br\/rio-de-janeiro\/o-resort\/\",\"name\":\"Resort no Rio de Janeiro: conhe\u00e7a e aproveite - Pacotes Hyatt RJ\",\"isPartOf\":{\"@id\":\"https:\/\/www.pacoteshyatt.com.br\/rio-de-janeiro\/#website\"},\"primaryImageOfPage\":{\"@id\":\"https:\/\/www.pacoteshyatt.com.br\/rio-de-janeiro\/o-resort\/#primaryimage\"},\"datePublished\":\"2020-11-24T21:23:02+00:00\",\"dateModified\":\"2025-12-03T19:27:24+00:00\",\"description\":\"O Grande Hyatt Rio de Janeiro proporciona servi\u00e7os exclusivos e atividades de lazer prazerosas em espa\u00e7os cheios de conforto. Conhe\u00e7a agora nosso Resort!\",\"breadcrumb\":{\"@id\":\"https:\/\/www.pacoteshyatt.com.br\/rio-de-janeiro\/o-resort\/#breadcrumb\"},\"inLanguage\":\"pt-BR\",\"potentialAction\":[{\"@type\":\"ReadAction\",\"target\":[\"https:\/\/www.pacoteshyatt.com.br\/rio-de-janeiro\/o-resort\/\"]}]},{\"@type\":\"BreadcrumbList\",\"@id\":\"https:\/\/www.pacoteshyatt.com.br\/rio-de-janeiro\/o-resort\/#breadcrumb\",\"itemListElement\":[{\"@type\":\"ListItem\",\"position\":1,\"name\":\"Home\",\"item\":\"https:\/\/www.pacoteshyatt.com.br\/rio-de-janeiro\/\"},{\"@type\":\"ListItem\",\"position\":2,\"name\":\"O Resort\"}]}]}<\/script>\n<!-- \/ Yoast SEO plugin. -->","yoast_head_json":{"title":"Resort no Rio de Janeiro: conhe\u00e7a e aproveite - Pacotes Hyatt RJ","description":"O Grande Hyatt Rio de Janeiro proporciona servi\u00e7os exclusivos e atividades de lazer prazerosas em espa\u00e7os cheios de conforto. Conhe\u00e7a agora nosso Resort!","robots":{"index":"index","follow":"follow","max-snippet":"max-snippet:-1","max-image-preview":"max-image-preview:large","max-video-preview":"max-video-preview:-1"},"canonical":"https:\/\/www.pacoteshyatt.com.br\/rio-de-janeiro\/o-resort\/","og_locale":"pt_BR","og_type":"article","og_title":"Resort no Rio de Janeiro: conhe\u00e7a e aproveite - Pacotes Hyatt RJ","og_description":"O Grande Hyatt Rio de Janeiro proporciona servi\u00e7os exclusivos e atividades de lazer prazerosas em espa\u00e7os cheios de conforto. Conhe\u00e7a agora nosso Resort!","og_url":"https:\/\/www.pacoteshyatt.com.br\/rio-de-janeiro\/o-resort\/","og_site_name":"GRAND HYATT RIO DE JANEIRO","article_modified_time":"2025-12-03T19:27:24+00:00","og_image":[{"url":"https:\/\/www.pacoteshyatt.com.br\/rio-de-janeiro\/wp-content\/uploads\/sites\/2\/2020\/10\/Diplomat-Suite-Bedroom.jpg"}],"twitter_card":"summary_large_image","twitter_misc":{"Est. tempo de leitura":"2 minutos"},"schema":{"@context":"https:\/\/schema.org","@graph":[{"@type":"WebSite","@id":"https:\/\/www.pacoteshyatt.com.br\/rio-de-janeiro\/#website","url":"https:\/\/www.pacoteshyatt.com.br\/rio-de-janeiro\/","name":"GRAND HYATT RIO DE JANEIRO","description":"Um verdadeiro resort urbano na Barra da Tijuca!","potentialAction":[{"@type":"SearchAction","target":{"@type":"EntryPoint","urlTemplate":"https:\/\/www.pacoteshyatt.com.br\/rio-de-janeiro\/?s={search_term_string}"},"query-input":"required name=search_term_string"}],"inLanguage":"pt-BR"},{"@type":"ImageObject","@id":"https:\/\/www.pacoteshyatt.com.br\/rio-de-janeiro\/o-resort\/#primaryimage","inLanguage":"pt-BR","url":"https:\/\/www.pacoteshyatt.com.br\/rio-de-janeiro\/wp-content\/uploads\/sites\/2\/2020\/10\/Diplomat-Suite-Bedroom.jpg","contentUrl":"https:\/\/www.pacoteshyatt.com.br\/rio-de-janeiro\/wp-content\/uploads\/sites\/2\/2020\/10\/Diplomat-Suite-Bedroom.jpg","width":591,"height":393},{"@type":"WebPage","@id":"https:\/\/www.pacoteshyatt.com.br\/rio-de-janeiro\/o-resort\/#webpage","url":"https:\/\/www.pacoteshyatt.com.br\/rio-de-janeiro\/o-resort\/","name":"Resort no Rio de Janeiro: conhe\u00e7a e aproveite - Pacotes Hyatt RJ","isPartOf":{"@id":"https:\/\/www.pacoteshyatt.com.br\/rio-de-janeiro\/#website"},"primaryImageOfPage":{"@id":"https:\/\/www.pacoteshyatt.com.br\/rio-de-janeiro\/o-resort\/#primaryimage"},"datePublished":"2020-11-24T21:23:02+00:00","dateModified":"2025-12-03T19:27:24+00:00","description":"O Grande Hyatt Rio de Janeiro proporciona servi\u00e7os exclusivos e atividades de lazer prazerosas em espa\u00e7os cheios de conforto. Conhe\u00e7a agora nosso Resort!","breadcrumb":{"@id":"https:\/\/www.pacoteshyatt.com.br\/rio-de-janeiro\/o-resort\/#breadcrumb"},"inLanguage":"pt-BR","potentialAction":[{"@type":"ReadAction","target":["https:\/\/www.pacoteshyatt.com.br\/rio-de-janeiro\/o-resort\/"]}]},{"@type":"BreadcrumbList","@id":"https:\/\/www.pacoteshyatt.com.br\/rio-de-janeiro\/o-resort\/#breadcrumb","itemListElement":[{"@type":"ListItem","position":1,"name":"Home","item":"https:\/\/www.pacoteshyatt.com.br\/rio-de-janeiro\/"},{"@type":"ListItem","position":2,"name":"O Resort"}]}]}},"_links":{"self":[{"href":"https:\/\/www.pacoteshyatt.com.br\/rio-de-janeiro\/wp-json\/wp\/v2\/pages\/561"}],"collection":[{"href":"https:\/\/www.pacoteshyatt.com.br\/rio-de-janeiro\/wp-json\/wp\/v2\/pages"}],"about":[{"href":"https:\/\/www.pacoteshyatt.com.br\/rio-de-janeiro\/wp-json\/wp\/v2\/types\/page"}],"author":[{"embeddable":true,"href":"https:\/\/www.pacoteshyatt.com.br\/rio-de-janeiro\/wp-json\/wp\/v2\/users\/5"}],"replies":[{"embeddable":true,"href":"https:\/\/www.pacoteshyatt.com.br\/rio-de-janeiro\/wp-json\/wp\/v2\/comments?post=561"}],"version-history":[{"count":135,"href":"https:\/\/www.pacoteshyatt.com.br\/rio-de-janeiro\/wp-json\/wp\/v2\/pages\/561\/revisions"}],"predecessor-version":[{"id":21800,"href":"https:\/\/www.pacoteshyatt.com.br\/rio-de-janeiro\/wp-json\/wp\/v2\/pages\/561\/revisions\/21800"}],"wp:attachment":[{"href":"https:\/\/www.pacoteshyatt.com.br\/rio-de-janeiro\/wp-json\/wp\/v2\/media?parent=561"}],"curies":[{"name":"wp","href":"https:\/\/api.w.org\/{rel}","templated":true}]}}