{"id":913,"date":"2020-12-08T13:08:32","date_gmt":"2020-12-08T16:08:32","guid":{"rendered":"https:\/\/www.pacoteshyatt.com.br\/rio-de-janeiro\/?page_id=913"},"modified":"2022-02-07T10:45:46","modified_gmt":"2022-02-07T13:45:46","slug":"hospedagem","status":"publish","type":"page","link":"https:\/\/www.pacoteshyatt.com.br\/rio-de-janeiro\/o-resort\/hospedagem\/","title":{"rendered":"Hospedagem"},"content":{"rendered":"\n<div class=\"wp-container-69dfede527da2 wp-block-group intro-content-home text-center\"><div class=\"wp-bootstrap-blocks-container container mb-2\">\n\t\n<div class=\"wp-bootstrap-blocks-row row\">\n\t\n\n<div class=\"col-12 col-md-12 inner-intro-content\">\n\t\t\t\n\n<div class=\"wp-container-69dfede5278ee wp-block-group inner-content\">\n<h1>Hospedagem<\/h1>\n\n\n\n<p>Com vistas de tirar o f\u00f4lego para a encantadora praia da Barra e para exuberante Lagoa de Marapendi, os apartamentos do Grand Hyatt causam amor \u00e0 primeira vista. S\u00e3o diversas categorias de quarto apaixonantes, com a incr\u00edvel decora\u00e7\u00e3o de Yabu Pushelberg, al\u00e9m de Internet Wi-Fi de cortesia, controle de temperatura, portas e janelas \u00e0 prova de som, cofre, linha de banho exclusiva da Granado e muito mais. Escolha o que mais tem a ver com a sua personalidade e passe dias extraordin\u00e1rios no Rio de Janeiro. <\/p>\n\n\n\n<div class=\"wp-container-69dfede5273e6 wp-block-group\"><\/div>\n<\/div>\n\n\t<\/div>\n\n<\/div>\n\n<\/div>\n<\/div>\n\n\n        <div class=\"service-section\">\n            <div class=\"container\">\n                <div class=\"row\">\n                    <div class=\"inner-service-col col-12\">\n                                                <div class=\"all-section-title\">\n                            <h2>Conhe\u00e7a nossas categorias!<\/h2>\n                        <\/div>\n                                                <div class=\"d-flex flex-wrap inner-service-section justify-content-center\">\n                                    <div class=\"col-6 col-sm-4 col-lg-3 custom-3-col\">\n                                <a href=\"https:\/\/www.pacoteshyatt.com.br\/rio-de-janeiro\/o-resort\/hospedagem\/grand-room\/\" class=\"service-image\">\n                                    <div class=\"inner-service-image\">\n                                        <img src=\"https:\/\/www.pacoteshyatt.com.br\/rio-de-janeiro\/wp-content\/uploads\/sites\/2\/2020\/12\/2-16-e1611172657923.jpg\" alt=\"GRAND ROOM\">\n                                    <\/div>\n                                    <div class=\"btn-col\">\n                                        <span class=\"btn with-border\">| GRAND ROOM<\/span>\n                                    <\/div>\n                                <\/a>\n                            <\/div>\n                                        <div class=\"col-6 col-sm-4 col-lg-3 custom-3-col\">\n                                <a href=\"https:\/\/www.pacoteshyatt.com.br\/rio-de-janeiro\/o-resort\/hospedagem\/acesso-clube\/\" class=\"service-image\">\n                                    <div class=\"inner-service-image\">\n                                        <img src=\"https:\/\/www.pacoteshyatt.com.br\/rio-de-janeiro\/wp-content\/uploads\/sites\/2\/2020\/12\/4-5-e1611172384562.jpg\" alt=\"ACESSO AO CLUB\">\n                                    <\/div>\n                                    <div class=\"btn-col\">\n                                        <span class=\"btn with-border\">| ACESSO AO CLUB<\/span>\n                                    <\/div>\n                                <\/a>\n                            <\/div>\n                                        <div class=\"col-6 col-sm-4 col-lg-3 custom-3-col\">\n                                <a href=\"https:\/\/www.pacoteshyatt.com.br\/rio-de-janeiro\/o-resort\/hospedagem\/grand-suite\/\" class=\"service-image\">\n                                    <div class=\"inner-service-image\">\n                                        <img src=\"https:\/\/www.pacoteshyatt.com.br\/rio-de-janeiro\/wp-content\/uploads\/sites\/2\/2020\/12\/3-12.jpg\" alt=\"SU\u00cdTES\">\n                                    <\/div>\n                                    <div class=\"btn-col\">\n                                        <span class=\"btn with-border\">| SU\u00cdTES<\/span>\n                                    <\/div>\n                                <\/a>\n                            <\/div>\n                                        <div class=\"col-6 col-sm-4 col-lg-3 custom-3-col\">\n                                <a href=\"https:\/\/www.pacoteshyatt.com.br\/rio-de-janeiro\/o-resort\/hospedagem\/penthouse\/\" class=\"service-image\">\n                                    <div class=\"inner-service-image\">\n                                        <img src=\"https:\/\/www.pacoteshyatt.com.br\/rio-de-janeiro\/wp-content\/uploads\/sites\/2\/2020\/12\/pent_1.jpg\" alt=\"PENTHOUSE\">\n                                    <\/div>\n                                    <div class=\"btn-col\">\n                                        <span class=\"btn with-border\">| PENTHOUSE<\/span>\n                                    <\/div>\n                                <\/a>\n                            <\/div>\n                                    <\/div>\n                    <\/div>\n                <\/div>\n            <\/div>\n        <\/div>\n        ","protected":false},"excerpt":{"rendered":"","protected":false},"author":1,"featured_media":0,"parent":561,"menu_order":0,"comment_status":"closed","ping_status":"closed","template":"","meta":{"_eb_attr":""},"yoast_head":"<!-- This site is optimized with the Yoast SEO plugin v18.4.1 - https:\/\/yoast.com\/wordpress\/plugins\/seo\/ -->\n<title>Hospedagem na Barra da Tijuca (Rio de Janeiro) - Pacotes Hyatt RJ<\/title>\n<meta name=\"description\" content=\"Op\u00e7\u00f5es de pacotes de hospedagem na Barra do Tijuca, com vistas de tirar o f\u00f4lego para a encantadora praia da Barra e para exuberante Lagoa de Marapendi.\" \/>\n<meta name=\"robots\" content=\"index, follow, max-snippet:-1, max-image-preview:large, max-video-preview:-1\" \/>\n<link rel=\"canonical\" href=\"https:\/\/www.pacoteshyatt.com.br\/rio-de-janeiro\/o-resort\/hospedagem\/\" \/>\n<meta property=\"og:locale\" content=\"pt_BR\" \/>\n<meta property=\"og:type\" content=\"article\" \/>\n<meta property=\"og:title\" content=\"Hospedagem na Barra da Tijuca (Rio de Janeiro) - Pacotes Hyatt RJ\" \/>\n<meta property=\"og:description\" content=\"Op\u00e7\u00f5es de pacotes de hospedagem na Barra do Tijuca, com vistas de tirar o f\u00f4lego para a encantadora praia da Barra e para exuberante Lagoa de Marapendi.\" \/>\n<meta property=\"og:url\" content=\"https:\/\/www.pacoteshyatt.com.br\/rio-de-janeiro\/o-resort\/hospedagem\/\" \/>\n<meta property=\"og:site_name\" content=\"GRAND HYATT RIO DE JANEIRO\" \/>\n<meta property=\"article:modified_time\" content=\"2022-02-07T13:45:46+00:00\" \/>\n<meta name=\"twitter:card\" content=\"summary_large_image\" \/>\n<meta name=\"twitter:label1\" content=\"Est. tempo de leitura\" \/>\n\t<meta name=\"twitter:data1\" content=\"1 minuto\" \/>\n<script type=\"application\/ld+json\" class=\"yoast-schema-graph\">{\"@context\":\"https:\/\/schema.org\",\"@graph\":[{\"@type\":\"WebSite\",\"@id\":\"https:\/\/www.pacoteshyatt.com.br\/rio-de-janeiro\/#website\",\"url\":\"https:\/\/www.pacoteshyatt.com.br\/rio-de-janeiro\/\",\"name\":\"GRAND HYATT RIO DE JANEIRO\",\"description\":\"Um verdadeiro resort urbano na Barra da Tijuca!\",\"potentialAction\":[{\"@type\":\"SearchAction\",\"target\":{\"@type\":\"EntryPoint\",\"urlTemplate\":\"https:\/\/www.pacoteshyatt.com.br\/rio-de-janeiro\/?s={search_term_string}\"},\"query-input\":\"required name=search_term_string\"}],\"inLanguage\":\"pt-BR\"},{\"@type\":\"WebPage\",\"@id\":\"https:\/\/www.pacoteshyatt.com.br\/rio-de-janeiro\/o-resort\/hospedagem\/#webpage\",\"url\":\"https:\/\/www.pacoteshyatt.com.br\/rio-de-janeiro\/o-resort\/hospedagem\/\",\"name\":\"Hospedagem na Barra da Tijuca (Rio de Janeiro) - Pacotes Hyatt RJ\",\"isPartOf\":{\"@id\":\"https:\/\/www.pacoteshyatt.com.br\/rio-de-janeiro\/#website\"},\"datePublished\":\"2020-12-08T16:08:32+00:00\",\"dateModified\":\"2022-02-07T13:45:46+00:00\",\"description\":\"Op\u00e7\u00f5es de pacotes de hospedagem na Barra do Tijuca, com vistas de tirar o f\u00f4lego para a encantadora praia da Barra e para exuberante Lagoa de Marapendi.\",\"breadcrumb\":{\"@id\":\"https:\/\/www.pacoteshyatt.com.br\/rio-de-janeiro\/o-resort\/hospedagem\/#breadcrumb\"},\"inLanguage\":\"pt-BR\",\"potentialAction\":[{\"@type\":\"ReadAction\",\"target\":[\"https:\/\/www.pacoteshyatt.com.br\/rio-de-janeiro\/o-resort\/hospedagem\/\"]}]},{\"@type\":\"BreadcrumbList\",\"@id\":\"https:\/\/www.pacoteshyatt.com.br\/rio-de-janeiro\/o-resort\/hospedagem\/#breadcrumb\",\"itemListElement\":[{\"@type\":\"ListItem\",\"position\":1,\"name\":\"Home\",\"item\":\"https:\/\/www.pacoteshyatt.com.br\/rio-de-janeiro\/\"},{\"@type\":\"ListItem\",\"position\":2,\"name\":\"O Resort\",\"item\":\"https:\/\/www.pacoteshyatt.com.br\/rio-de-janeiro\/o-resort\/\"},{\"@type\":\"ListItem\",\"position\":3,\"name\":\"Hospedagem\"}]}]}<\/script>\n<!-- \/ Yoast SEO plugin. -->","yoast_head_json":{"title":"Hospedagem na Barra da Tijuca (Rio de Janeiro) - Pacotes Hyatt RJ","description":"Op\u00e7\u00f5es de pacotes de hospedagem na Barra do Tijuca, com vistas de tirar o f\u00f4lego para a encantadora praia da Barra e para exuberante Lagoa de Marapendi.","robots":{"index":"index","follow":"follow","max-snippet":"max-snippet:-1","max-image-preview":"max-image-preview:large","max-video-preview":"max-video-preview:-1"},"canonical":"https:\/\/www.pacoteshyatt.com.br\/rio-de-janeiro\/o-resort\/hospedagem\/","og_locale":"pt_BR","og_type":"article","og_title":"Hospedagem na Barra da Tijuca (Rio de Janeiro) - Pacotes Hyatt RJ","og_description":"Op\u00e7\u00f5es de pacotes de hospedagem na Barra do Tijuca, com vistas de tirar o f\u00f4lego para a encantadora praia da Barra e para exuberante Lagoa de Marapendi.","og_url":"https:\/\/www.pacoteshyatt.com.br\/rio-de-janeiro\/o-resort\/hospedagem\/","og_site_name":"GRAND HYATT RIO DE JANEIRO","article_modified_time":"2022-02-07T13:45:46+00:00","twitter_card":"summary_large_image","twitter_misc":{"Est. tempo de leitura":"1 minuto"},"schema":{"@context":"https:\/\/schema.org","@graph":[{"@type":"WebSite","@id":"https:\/\/www.pacoteshyatt.com.br\/rio-de-janeiro\/#website","url":"https:\/\/www.pacoteshyatt.com.br\/rio-de-janeiro\/","name":"GRAND HYATT RIO DE JANEIRO","description":"Um verdadeiro resort urbano na Barra da Tijuca!","potentialAction":[{"@type":"SearchAction","target":{"@type":"EntryPoint","urlTemplate":"https:\/\/www.pacoteshyatt.com.br\/rio-de-janeiro\/?s={search_term_string}"},"query-input":"required name=search_term_string"}],"inLanguage":"pt-BR"},{"@type":"WebPage","@id":"https:\/\/www.pacoteshyatt.com.br\/rio-de-janeiro\/o-resort\/hospedagem\/#webpage","url":"https:\/\/www.pacoteshyatt.com.br\/rio-de-janeiro\/o-resort\/hospedagem\/","name":"Hospedagem na Barra da Tijuca (Rio de Janeiro) - Pacotes Hyatt RJ","isPartOf":{"@id":"https:\/\/www.pacoteshyatt.com.br\/rio-de-janeiro\/#website"},"datePublished":"2020-12-08T16:08:32+00:00","dateModified":"2022-02-07T13:45:46+00:00","description":"Op\u00e7\u00f5es de pacotes de hospedagem na Barra do Tijuca, com vistas de tirar o f\u00f4lego para a encantadora praia da Barra e para exuberante Lagoa de Marapendi.","breadcrumb":{"@id":"https:\/\/www.pacoteshyatt.com.br\/rio-de-janeiro\/o-resort\/hospedagem\/#breadcrumb"},"inLanguage":"pt-BR","potentialAction":[{"@type":"ReadAction","target":["https:\/\/www.pacoteshyatt.com.br\/rio-de-janeiro\/o-resort\/hospedagem\/"]}]},{"@type":"BreadcrumbList","@id":"https:\/\/www.pacoteshyatt.com.br\/rio-de-janeiro\/o-resort\/hospedagem\/#breadcrumb","itemListElement":[{"@type":"ListItem","position":1,"name":"Home","item":"https:\/\/www.pacoteshyatt.com.br\/rio-de-janeiro\/"},{"@type":"ListItem","position":2,"name":"O Resort","item":"https:\/\/www.pacoteshyatt.com.br\/rio-de-janeiro\/o-resort\/"},{"@type":"ListItem","position":3,"name":"Hospedagem"}]}]}},"_links":{"self":[{"href":"https:\/\/www.pacoteshyatt.com.br\/rio-de-janeiro\/wp-json\/wp\/v2\/pages\/913"}],"collection":[{"href":"https:\/\/www.pacoteshyatt.com.br\/rio-de-janeiro\/wp-json\/wp\/v2\/pages"}],"about":[{"href":"https:\/\/www.pacoteshyatt.com.br\/rio-de-janeiro\/wp-json\/wp\/v2\/types\/page"}],"author":[{"embeddable":true,"href":"https:\/\/www.pacoteshyatt.com.br\/rio-de-janeiro\/wp-json\/wp\/v2\/users\/1"}],"replies":[{"embeddable":true,"href":"https:\/\/www.pacoteshyatt.com.br\/rio-de-janeiro\/wp-json\/wp\/v2\/comments?post=913"}],"version-history":[{"count":41,"href":"https:\/\/www.pacoteshyatt.com.br\/rio-de-janeiro\/wp-json\/wp\/v2\/pages\/913\/revisions"}],"predecessor-version":[{"id":5197,"href":"https:\/\/www.pacoteshyatt.com.br\/rio-de-janeiro\/wp-json\/wp\/v2\/pages\/913\/revisions\/5197"}],"up":[{"embeddable":true,"href":"https:\/\/www.pacoteshyatt.com.br\/rio-de-janeiro\/wp-json\/wp\/v2\/pages\/561"}],"wp:attachment":[{"href":"https:\/\/www.pacoteshyatt.com.br\/rio-de-janeiro\/wp-json\/wp\/v2\/media?parent=913"}],"curies":[{"name":"wp","href":"https:\/\/api.w.org\/{rel}","templated":true}]}}