{"id":9648,"date":"2023-06-20T10:54:15","date_gmt":"2023-06-20T13:54:15","guid":{"rendered":"https:\/\/www.pacoteshyatt.com.br\/rio-de-janeiro\/?page_id=9648"},"modified":"2025-03-12T12:32:07","modified_gmt":"2025-03-12T15:32:07","slug":"brunch-infantil","status":"publish","type":"page","link":"https:\/\/www.pacoteshyatt.com.br\/rio-de-janeiro\/brunch-infantil\/","title":{"rendered":"Brunch Infantil"},"content":{"rendered":"\n<div class=\"wp-container-69e2fc8238061 wp-block-group intro-content-home text-center\"><div class=\"wp-bootstrap-blocks-container container mb-2\">\n\t\n<div class=\"wp-bootstrap-blocks-row row\">\n\t\n\n<div class=\"col-12 col-md-12 inner-intro-content\">\n\t\t\t\n\n<div class=\"wp-container-69e2fc8237af1 wp-block-group inner-content\">\n<div class=\"wp-container-69e2fc8237633 wp-block-group\">\n<h2 class=\"has-pink-color has-white-background-color has-text-color has-background\"> <strong>Viva o sabor do Brunch no <\/strong><br><strong>Grand Hyatt Rio de Janeiro<\/strong><\/h2>\n<\/div>\n\n\n\n<p>Imagine uma tarde perfeita, onde cada detalhe foi cuidadosamente pensado para proporcionar um momento perfeito.<\/p>\n\n\n\n<p>Entre em um mundo, onde o aroma das receitas preparadas se mistura harmoniosamente com o ambiente<\/p>\n\n\n\n<p>Deixe-se levar pela variedade de sabores, desde cria\u00e7\u00f5es cl\u00e1ssicas at\u00e9 inova\u00e7\u00f5es contempor\u00e2neas, todas elaboradas com ingredientes da mais alta qualidade. <\/p>\n\n\n\n<p>Nossa equipe est\u00e1 preparada para atender \u00e0s suas expectativas com um servi\u00e7o impec\u00e1vel e personalizado. Estamos aqui para garantir que cada visita seja memor\u00e1vel, oferecendo aten\u00e7\u00e3o aos detalhes que fazem toda a diferen\u00e7a.<\/p>\n\n\n\n<p><\/p>\n\n\n\n<p><strong>Esperamos por voc\u00ea!<\/strong><\/p>\n<\/div>\n\n\t<\/div>\n\n<\/div>\n\n<\/div>\n<\/div>\n\n\n\n<div class=\"wp-container-69e2fc823b925 wp-block-group is-style-default\">        <div class=\"destaques-section d-md-block\">\n            <div class=\"container\">\n                <div class=\"row\">\n                    <div class=\"inner-destaques-col col-12\">\n                        <div class=\"all-section-title\">\n                            <h2><\/h2>\n                        <\/div>\n                                                    <div class=\"products row\">\n                                                          <\/div>\n                                            <\/div>\n                <\/div>\n            <\/div>\n        <\/div>\n                       \n        <\/div>\n","protected":false},"excerpt":{"rendered":"","protected":false},"author":106058,"featured_media":9026,"parent":0,"menu_order":0,"comment_status":"closed","ping_status":"closed","template":"","meta":{"_eb_attr":""},"yoast_head":"<!-- This site is optimized with the Yoast SEO plugin v18.4.1 - https:\/\/yoast.com\/wordpress\/plugins\/seo\/ -->\n<title>Pacotes Hyatt: Conhe\u00e7a o Brunch Infantil - Grand Hyatt<\/title>\n<meta name=\"description\" content=\"Traga seus filhos, sobrinhos, netos e amigos para aproveitar o delicioso Brunch Infantil, com os temas Circo, Alladin e Floresta Encantada!\" \/>\n<meta name=\"robots\" content=\"index, follow, max-snippet:-1, max-image-preview:large, max-video-preview:-1\" \/>\n<link rel=\"canonical\" href=\"https:\/\/www.pacoteshyatt.com.br\/rio-de-janeiro\/brunch-infantil\/\" \/>\n<meta property=\"og:locale\" content=\"pt_BR\" \/>\n<meta property=\"og:type\" content=\"article\" \/>\n<meta property=\"og:title\" content=\"Pacotes Hyatt: Conhe\u00e7a o Brunch Infantil - Grand Hyatt\" \/>\n<meta property=\"og:description\" content=\"Traga seus filhos, sobrinhos, netos e amigos para aproveitar o delicioso Brunch Infantil, com os temas Circo, Alladin e Floresta Encantada!\" \/>\n<meta property=\"og:url\" content=\"https:\/\/www.pacoteshyatt.com.br\/rio-de-janeiro\/brunch-infantil\/\" \/>\n<meta property=\"og:site_name\" content=\"GRAND HYATT RIO DE JANEIRO\" \/>\n<meta property=\"article:modified_time\" content=\"2025-03-12T15:32:07+00:00\" \/>\n<meta property=\"og:image\" content=\"https:\/\/www.pacoteshyatt.com.br\/rio-de-janeiro\/wp-content\/uploads\/sites\/2\/2023\/05\/banner-mobile-brunch-doces.jpg\" \/>\n\t<meta property=\"og:image:width\" content=\"425\" \/>\n\t<meta property=\"og:image:height\" content=\"425\" \/>\n\t<meta property=\"og:image:type\" content=\"image\/jpeg\" \/>\n<meta name=\"twitter:card\" content=\"summary_large_image\" \/>\n<meta name=\"twitter:label1\" content=\"Est. tempo de leitura\" \/>\n\t<meta name=\"twitter:data1\" content=\"1 minuto\" \/>\n<script type=\"application\/ld+json\" class=\"yoast-schema-graph\">{\"@context\":\"https:\/\/schema.org\",\"@graph\":[{\"@type\":\"WebSite\",\"@id\":\"https:\/\/www.pacoteshyatt.com.br\/rio-de-janeiro\/#website\",\"url\":\"https:\/\/www.pacoteshyatt.com.br\/rio-de-janeiro\/\",\"name\":\"GRAND HYATT RIO DE JANEIRO\",\"description\":\"Um verdadeiro resort urbano na Barra da Tijuca!\",\"potentialAction\":[{\"@type\":\"SearchAction\",\"target\":{\"@type\":\"EntryPoint\",\"urlTemplate\":\"https:\/\/www.pacoteshyatt.com.br\/rio-de-janeiro\/?s={search_term_string}\"},\"query-input\":\"required name=search_term_string\"}],\"inLanguage\":\"pt-BR\"},{\"@type\":\"ImageObject\",\"@id\":\"https:\/\/www.pacoteshyatt.com.br\/rio-de-janeiro\/brunch-infantil\/#primaryimage\",\"inLanguage\":\"pt-BR\",\"url\":\"https:\/\/www.pacoteshyatt.com.br\/rio-de-janeiro\/wp-content\/uploads\/sites\/2\/2023\/05\/banner-mobile-brunch-doces.jpg\",\"contentUrl\":\"https:\/\/www.pacoteshyatt.com.br\/rio-de-janeiro\/wp-content\/uploads\/sites\/2\/2023\/05\/banner-mobile-brunch-doces.jpg\",\"width\":425,\"height\":425,\"caption\":\"Brunch Infantil no Rio de Janeiro do Garfield\"},{\"@type\":\"WebPage\",\"@id\":\"https:\/\/www.pacoteshyatt.com.br\/rio-de-janeiro\/brunch-infantil\/#webpage\",\"url\":\"https:\/\/www.pacoteshyatt.com.br\/rio-de-janeiro\/brunch-infantil\/\",\"name\":\"Pacotes Hyatt: Conhe\u00e7a o Brunch Infantil - Grand Hyatt\",\"isPartOf\":{\"@id\":\"https:\/\/www.pacoteshyatt.com.br\/rio-de-janeiro\/#website\"},\"primaryImageOfPage\":{\"@id\":\"https:\/\/www.pacoteshyatt.com.br\/rio-de-janeiro\/brunch-infantil\/#primaryimage\"},\"datePublished\":\"2023-06-20T13:54:15+00:00\",\"dateModified\":\"2025-03-12T15:32:07+00:00\",\"description\":\"Traga seus filhos, sobrinhos, netos e amigos para aproveitar o delicioso Brunch Infantil, com os temas Circo, Alladin e Floresta Encantada!\",\"breadcrumb\":{\"@id\":\"https:\/\/www.pacoteshyatt.com.br\/rio-de-janeiro\/brunch-infantil\/#breadcrumb\"},\"inLanguage\":\"pt-BR\",\"potentialAction\":[{\"@type\":\"ReadAction\",\"target\":[\"https:\/\/www.pacoteshyatt.com.br\/rio-de-janeiro\/brunch-infantil\/\"]}]},{\"@type\":\"BreadcrumbList\",\"@id\":\"https:\/\/www.pacoteshyatt.com.br\/rio-de-janeiro\/brunch-infantil\/#breadcrumb\",\"itemListElement\":[{\"@type\":\"ListItem\",\"position\":1,\"name\":\"Home\",\"item\":\"https:\/\/www.pacoteshyatt.com.br\/rio-de-janeiro\/\"},{\"@type\":\"ListItem\",\"position\":2,\"name\":\"Brunch Infantil\"}]}]}<\/script>\n<!-- \/ Yoast SEO plugin. -->","yoast_head_json":{"title":"Pacotes Hyatt: Conhe\u00e7a o Brunch Infantil - Grand Hyatt","description":"Traga seus filhos, sobrinhos, netos e amigos para aproveitar o delicioso Brunch Infantil, com os temas Circo, Alladin e Floresta Encantada!","robots":{"index":"index","follow":"follow","max-snippet":"max-snippet:-1","max-image-preview":"max-image-preview:large","max-video-preview":"max-video-preview:-1"},"canonical":"https:\/\/www.pacoteshyatt.com.br\/rio-de-janeiro\/brunch-infantil\/","og_locale":"pt_BR","og_type":"article","og_title":"Pacotes Hyatt: Conhe\u00e7a o Brunch Infantil - Grand Hyatt","og_description":"Traga seus filhos, sobrinhos, netos e amigos para aproveitar o delicioso Brunch Infantil, com os temas Circo, Alladin e Floresta Encantada!","og_url":"https:\/\/www.pacoteshyatt.com.br\/rio-de-janeiro\/brunch-infantil\/","og_site_name":"GRAND HYATT RIO DE JANEIRO","article_modified_time":"2025-03-12T15:32:07+00:00","og_image":[{"width":425,"height":425,"url":"https:\/\/www.pacoteshyatt.com.br\/rio-de-janeiro\/wp-content\/uploads\/sites\/2\/2023\/05\/banner-mobile-brunch-doces.jpg","type":"image\/jpeg"}],"twitter_card":"summary_large_image","twitter_misc":{"Est. tempo de leitura":"1 minuto"},"schema":{"@context":"https:\/\/schema.org","@graph":[{"@type":"WebSite","@id":"https:\/\/www.pacoteshyatt.com.br\/rio-de-janeiro\/#website","url":"https:\/\/www.pacoteshyatt.com.br\/rio-de-janeiro\/","name":"GRAND HYATT RIO DE JANEIRO","description":"Um verdadeiro resort urbano na Barra da Tijuca!","potentialAction":[{"@type":"SearchAction","target":{"@type":"EntryPoint","urlTemplate":"https:\/\/www.pacoteshyatt.com.br\/rio-de-janeiro\/?s={search_term_string}"},"query-input":"required name=search_term_string"}],"inLanguage":"pt-BR"},{"@type":"ImageObject","@id":"https:\/\/www.pacoteshyatt.com.br\/rio-de-janeiro\/brunch-infantil\/#primaryimage","inLanguage":"pt-BR","url":"https:\/\/www.pacoteshyatt.com.br\/rio-de-janeiro\/wp-content\/uploads\/sites\/2\/2023\/05\/banner-mobile-brunch-doces.jpg","contentUrl":"https:\/\/www.pacoteshyatt.com.br\/rio-de-janeiro\/wp-content\/uploads\/sites\/2\/2023\/05\/banner-mobile-brunch-doces.jpg","width":425,"height":425,"caption":"Brunch Infantil no Rio de Janeiro do Garfield"},{"@type":"WebPage","@id":"https:\/\/www.pacoteshyatt.com.br\/rio-de-janeiro\/brunch-infantil\/#webpage","url":"https:\/\/www.pacoteshyatt.com.br\/rio-de-janeiro\/brunch-infantil\/","name":"Pacotes Hyatt: Conhe\u00e7a o Brunch Infantil - Grand Hyatt","isPartOf":{"@id":"https:\/\/www.pacoteshyatt.com.br\/rio-de-janeiro\/#website"},"primaryImageOfPage":{"@id":"https:\/\/www.pacoteshyatt.com.br\/rio-de-janeiro\/brunch-infantil\/#primaryimage"},"datePublished":"2023-06-20T13:54:15+00:00","dateModified":"2025-03-12T15:32:07+00:00","description":"Traga seus filhos, sobrinhos, netos e amigos para aproveitar o delicioso Brunch Infantil, com os temas Circo, Alladin e Floresta Encantada!","breadcrumb":{"@id":"https:\/\/www.pacoteshyatt.com.br\/rio-de-janeiro\/brunch-infantil\/#breadcrumb"},"inLanguage":"pt-BR","potentialAction":[{"@type":"ReadAction","target":["https:\/\/www.pacoteshyatt.com.br\/rio-de-janeiro\/brunch-infantil\/"]}]},{"@type":"BreadcrumbList","@id":"https:\/\/www.pacoteshyatt.com.br\/rio-de-janeiro\/brunch-infantil\/#breadcrumb","itemListElement":[{"@type":"ListItem","position":1,"name":"Home","item":"https:\/\/www.pacoteshyatt.com.br\/rio-de-janeiro\/"},{"@type":"ListItem","position":2,"name":"Brunch Infantil"}]}]}},"_links":{"self":[{"href":"https:\/\/www.pacoteshyatt.com.br\/rio-de-janeiro\/wp-json\/wp\/v2\/pages\/9648"}],"collection":[{"href":"https:\/\/www.pacoteshyatt.com.br\/rio-de-janeiro\/wp-json\/wp\/v2\/pages"}],"about":[{"href":"https:\/\/www.pacoteshyatt.com.br\/rio-de-janeiro\/wp-json\/wp\/v2\/types\/page"}],"author":[{"embeddable":true,"href":"https:\/\/www.pacoteshyatt.com.br\/rio-de-janeiro\/wp-json\/wp\/v2\/users\/106058"}],"replies":[{"embeddable":true,"href":"https:\/\/www.pacoteshyatt.com.br\/rio-de-janeiro\/wp-json\/wp\/v2\/comments?post=9648"}],"version-history":[{"count":21,"href":"https:\/\/www.pacoteshyatt.com.br\/rio-de-janeiro\/wp-json\/wp\/v2\/pages\/9648\/revisions"}],"predecessor-version":[{"id":18497,"href":"https:\/\/www.pacoteshyatt.com.br\/rio-de-janeiro\/wp-json\/wp\/v2\/pages\/9648\/revisions\/18497"}],"wp:featuredmedia":[{"embeddable":true,"href":"https:\/\/www.pacoteshyatt.com.br\/rio-de-janeiro\/wp-json\/wp\/v2\/media\/9026"}],"wp:attachment":[{"href":"https:\/\/www.pacoteshyatt.com.br\/rio-de-janeiro\/wp-json\/wp\/v2\/media?parent=9648"}],"curies":[{"name":"wp","href":"https:\/\/api.w.org\/{rel}","templated":true}]}}