{"id":10186,"date":"2023-07-24T13:28:53","date_gmt":"2023-07-24T16:28:53","guid":{"rendered":"https:\/\/www.pacoteshyatt.com.br\/rio-de-janeiro\/?post_type=product&#038;p=10186"},"modified":"2023-10-30T14:10:54","modified_gmt":"2023-10-30T17:10:54","slug":"massagem-de-dia-dos-pais-com-noi","status":"publish","type":"product","link":"https:\/\/www.pacoteshyatt.com.br\/rio-de-janeiro\/product\/massagem-de-dia-dos-pais-com-noi\/","title":{"rendered":"Massagem de Dia Dos Pais com Noi"},"content":{"rendered":"<p style=\"text-align: center\">Para o Dia dos Pais, marque uma\u00a0<strong>massagem profunda<\/strong> do Atiaia Spa e ganhe um kit de cerveja Noi<\/p>\n<p style=\"text-align: center\">A <strong>massagem profunda<\/strong> \u00e9 mais conhecida como Massagem Deep Tissue. Leva esse nome por ser inspirada na for\u00e7a e profundeza dos oceanos, esta massagem corporal alivia dores e tens\u00f5es musculares causadas pelo stress ou exerc\u00edcios f\u00edsicos por meio de manobras que penetram as diversas camadas dos m\u00fasculos.<\/p>\n<div class=\"j_more\">\n<div>\n<div>\n<div>\n<p>&nbsp;<\/p>\n<\/div>\n<\/div>\n<\/div>\n<\/div>\n","protected":false},"excerpt":{"rendered":"<p>Para o Dia dos Pais, marque uma\u00a0massagem profunda do Atiaia Spa e ganhe um kit de cerveja Noi A massagem profunda \u00e9 mais conhecida como Massagem Deep Tissue. Leva esse nome por ser inspirada na for\u00e7a e profundeza dos oceanos, esta massagem corporal alivia dores e tens\u00f5es musculares causadas pelo stress ou exerc\u00edcios f\u00edsicos por [&hellip;]<\/p>\n","protected":false},"featured_media":10284,"template":"","meta":{"_eb_attr":""},"product_cat":[15],"product_tag":[],"bundled_by":[],"bundle_stock_status":"outofstock","bundle_stock_quantity":0,"bundle_virtual":false,"bundle_layout":"","bundle_add_to_cart_form_location":"","bundle_editable_in_cart":false,"bundle_sold_individually_context":"","bundle_item_grouping":"","bundle_min_size":"","bundle_max_size":"","bundled_items":[],"yoast_head":"<!-- This site is optimized with the Yoast SEO plugin v18.4.1 - https:\/\/yoast.com\/wordpress\/plugins\/seo\/ -->\n<title>Massagem de Dia Dos Pais com Noi - Grand Hyatt Rio de Janeiro<\/title>\n<meta name=\"description\" content=\"Para o Dia dos Pais, marque uma\u00a0massagem profunda do Atiaia Spa, no Grand Hyatt Rio de Janeiro, e ganhe um kit de cerveja Noi.\" \/>\n<meta name=\"robots\" content=\"index, follow, max-snippet:-1, max-image-preview:large, max-video-preview:-1\" \/>\n<link rel=\"canonical\" href=\"https:\/\/www.pacoteshyatt.com.br\/rio-de-janeiro\/product\/massagem-de-dia-dos-pais-com-noi\/\" \/>\n<meta property=\"og:locale\" content=\"pt_BR\" \/>\n<meta property=\"og:type\" content=\"article\" \/>\n<meta property=\"og:title\" content=\"Massagem de Dia Dos Pais com Noi - Grand Hyatt Rio de Janeiro\" \/>\n<meta property=\"og:description\" content=\"Para o Dia dos Pais, marque uma\u00a0massagem profunda do Atiaia Spa, no Grand Hyatt Rio de Janeiro, e ganhe um kit de cerveja Noi.\" \/>\n<meta property=\"og:url\" content=\"https:\/\/www.pacoteshyatt.com.br\/rio-de-janeiro\/product\/massagem-de-dia-dos-pais-com-noi\/\" \/>\n<meta property=\"og:site_name\" content=\"GRAND HYATT RIO DE JANEIRO\" \/>\n<meta property=\"article:modified_time\" content=\"2023-10-30T17:10:54+00:00\" \/>\n<meta property=\"og:image\" content=\"https:\/\/www.pacoteshyatt.com.br\/rio-de-janeiro\/wp-content\/uploads\/sites\/2\/2023\/07\/VENDAS-ENCERRADAS-4.png\" \/>\n\t<meta property=\"og:image:width\" content=\"308\" \/>\n\t<meta property=\"og:image:height\" content=\"200\" \/>\n\t<meta property=\"og:image:type\" content=\"image\/png\" \/>\n<meta name=\"twitter:card\" content=\"summary_large_image\" \/>\n<meta name=\"twitter:label1\" content=\"Est. tempo de leitura\" \/>\n\t<meta name=\"twitter:data1\" content=\"1 minuto\" \/>\n<script type=\"application\/ld+json\" class=\"yoast-schema-graph\">{\"@context\":\"https:\/\/schema.org\",\"@graph\":[{\"@type\":\"WebSite\",\"@id\":\"https:\/\/www.pacoteshyatt.com.br\/rio-de-janeiro\/#website\",\"url\":\"https:\/\/www.pacoteshyatt.com.br\/rio-de-janeiro\/\",\"name\":\"GRAND HYATT RIO DE JANEIRO\",\"description\":\"Um verdadeiro resort urbano na Barra da Tijuca!\",\"potentialAction\":[{\"@type\":\"SearchAction\",\"target\":{\"@type\":\"EntryPoint\",\"urlTemplate\":\"https:\/\/www.pacoteshyatt.com.br\/rio-de-janeiro\/?s={search_term_string}\"},\"query-input\":\"required name=search_term_string\"}],\"inLanguage\":\"pt-BR\"},{\"@type\":\"ImageObject\",\"@id\":\"https:\/\/www.pacoteshyatt.com.br\/rio-de-janeiro\/product\/massagem-de-dia-dos-pais-com-noi\/#primaryimage\",\"inLanguage\":\"pt-BR\",\"url\":\"https:\/\/www.pacoteshyatt.com.br\/rio-de-janeiro\/wp-content\/uploads\/sites\/2\/2023\/07\/VENDAS-ENCERRADAS-4.png\",\"contentUrl\":\"https:\/\/www.pacoteshyatt.com.br\/rio-de-janeiro\/wp-content\/uploads\/sites\/2\/2023\/07\/VENDAS-ENCERRADAS-4.png\",\"width\":308,\"height\":200},{\"@type\":\"WebPage\",\"@id\":\"https:\/\/www.pacoteshyatt.com.br\/rio-de-janeiro\/product\/massagem-de-dia-dos-pais-com-noi\/#webpage\",\"url\":\"https:\/\/www.pacoteshyatt.com.br\/rio-de-janeiro\/product\/massagem-de-dia-dos-pais-com-noi\/\",\"name\":\"Massagem de Dia Dos Pais com Noi - Grand Hyatt Rio de Janeiro\",\"isPartOf\":{\"@id\":\"https:\/\/www.pacoteshyatt.com.br\/rio-de-janeiro\/#website\"},\"primaryImageOfPage\":{\"@id\":\"https:\/\/www.pacoteshyatt.com.br\/rio-de-janeiro\/product\/massagem-de-dia-dos-pais-com-noi\/#primaryimage\"},\"datePublished\":\"2023-07-24T16:28:53+00:00\",\"dateModified\":\"2023-10-30T17:10:54+00:00\",\"description\":\"Para o Dia dos Pais, marque uma\u00a0massagem profunda do Atiaia Spa, no Grand Hyatt Rio de Janeiro, e ganhe um kit de cerveja Noi.\",\"breadcrumb\":{\"@id\":\"https:\/\/www.pacoteshyatt.com.br\/rio-de-janeiro\/product\/massagem-de-dia-dos-pais-com-noi\/#breadcrumb\"},\"inLanguage\":\"pt-BR\",\"potentialAction\":[{\"@type\":\"ReadAction\",\"target\":[\"https:\/\/www.pacoteshyatt.com.br\/rio-de-janeiro\/product\/massagem-de-dia-dos-pais-com-noi\/\"]}]},{\"@type\":\"BreadcrumbList\",\"@id\":\"https:\/\/www.pacoteshyatt.com.br\/rio-de-janeiro\/product\/massagem-de-dia-dos-pais-com-noi\/#breadcrumb\",\"itemListElement\":[{\"@type\":\"ListItem\",\"position\":1,\"name\":\"Home\",\"item\":\"https:\/\/www.pacoteshyatt.com.br\/rio-de-janeiro\/\"},{\"@type\":\"ListItem\",\"position\":2,\"name\":\"Cat\u00e1logo\",\"item\":\"https:\/\/www.pacoteshyatt.com.br\/rio-de-janeiro\/catalogo\/\"},{\"@type\":\"ListItem\",\"position\":3,\"name\":\"Massagem de Dia Dos Pais com Noi\"}]}]}<\/script>\n<!-- \/ Yoast SEO plugin. -->","yoast_head_json":{"title":"Massagem de Dia Dos Pais com Noi - Grand Hyatt Rio de Janeiro","description":"Para o Dia dos Pais, marque uma\u00a0massagem profunda do Atiaia Spa, no Grand Hyatt Rio de Janeiro, e ganhe um kit de cerveja Noi.","robots":{"index":"index","follow":"follow","max-snippet":"max-snippet:-1","max-image-preview":"max-image-preview:large","max-video-preview":"max-video-preview:-1"},"canonical":"https:\/\/www.pacoteshyatt.com.br\/rio-de-janeiro\/product\/massagem-de-dia-dos-pais-com-noi\/","og_locale":"pt_BR","og_type":"article","og_title":"Massagem de Dia Dos Pais com Noi - Grand Hyatt Rio de Janeiro","og_description":"Para o Dia dos Pais, marque uma\u00a0massagem profunda do Atiaia Spa, no Grand Hyatt Rio de Janeiro, e ganhe um kit de cerveja Noi.","og_url":"https:\/\/www.pacoteshyatt.com.br\/rio-de-janeiro\/product\/massagem-de-dia-dos-pais-com-noi\/","og_site_name":"GRAND HYATT RIO DE JANEIRO","article_modified_time":"2023-10-30T17:10:54+00:00","og_image":[{"width":308,"height":200,"url":"https:\/\/www.pacoteshyatt.com.br\/rio-de-janeiro\/wp-content\/uploads\/sites\/2\/2023\/07\/VENDAS-ENCERRADAS-4.png","type":"image\/png"}],"twitter_card":"summary_large_image","twitter_misc":{"Est. tempo de leitura":"1 minuto"},"schema":{"@context":"https:\/\/schema.org","@graph":[{"@type":"WebSite","@id":"https:\/\/www.pacoteshyatt.com.br\/rio-de-janeiro\/#website","url":"https:\/\/www.pacoteshyatt.com.br\/rio-de-janeiro\/","name":"GRAND HYATT RIO DE JANEIRO","description":"Um verdadeiro resort urbano na Barra da Tijuca!","potentialAction":[{"@type":"SearchAction","target":{"@type":"EntryPoint","urlTemplate":"https:\/\/www.pacoteshyatt.com.br\/rio-de-janeiro\/?s={search_term_string}"},"query-input":"required name=search_term_string"}],"inLanguage":"pt-BR"},{"@type":"ImageObject","@id":"https:\/\/www.pacoteshyatt.com.br\/rio-de-janeiro\/product\/massagem-de-dia-dos-pais-com-noi\/#primaryimage","inLanguage":"pt-BR","url":"https:\/\/www.pacoteshyatt.com.br\/rio-de-janeiro\/wp-content\/uploads\/sites\/2\/2023\/07\/VENDAS-ENCERRADAS-4.png","contentUrl":"https:\/\/www.pacoteshyatt.com.br\/rio-de-janeiro\/wp-content\/uploads\/sites\/2\/2023\/07\/VENDAS-ENCERRADAS-4.png","width":308,"height":200},{"@type":"WebPage","@id":"https:\/\/www.pacoteshyatt.com.br\/rio-de-janeiro\/product\/massagem-de-dia-dos-pais-com-noi\/#webpage","url":"https:\/\/www.pacoteshyatt.com.br\/rio-de-janeiro\/product\/massagem-de-dia-dos-pais-com-noi\/","name":"Massagem de Dia Dos Pais com Noi - Grand Hyatt Rio de Janeiro","isPartOf":{"@id":"https:\/\/www.pacoteshyatt.com.br\/rio-de-janeiro\/#website"},"primaryImageOfPage":{"@id":"https:\/\/www.pacoteshyatt.com.br\/rio-de-janeiro\/product\/massagem-de-dia-dos-pais-com-noi\/#primaryimage"},"datePublished":"2023-07-24T16:28:53+00:00","dateModified":"2023-10-30T17:10:54+00:00","description":"Para o Dia dos Pais, marque uma\u00a0massagem profunda do Atiaia Spa, no Grand Hyatt Rio de Janeiro, e ganhe um kit de cerveja Noi.","breadcrumb":{"@id":"https:\/\/www.pacoteshyatt.com.br\/rio-de-janeiro\/product\/massagem-de-dia-dos-pais-com-noi\/#breadcrumb"},"inLanguage":"pt-BR","potentialAction":[{"@type":"ReadAction","target":["https:\/\/www.pacoteshyatt.com.br\/rio-de-janeiro\/product\/massagem-de-dia-dos-pais-com-noi\/"]}]},{"@type":"BreadcrumbList","@id":"https:\/\/www.pacoteshyatt.com.br\/rio-de-janeiro\/product\/massagem-de-dia-dos-pais-com-noi\/#breadcrumb","itemListElement":[{"@type":"ListItem","position":1,"name":"Home","item":"https:\/\/www.pacoteshyatt.com.br\/rio-de-janeiro\/"},{"@type":"ListItem","position":2,"name":"Cat\u00e1logo","item":"https:\/\/www.pacoteshyatt.com.br\/rio-de-janeiro\/catalogo\/"},{"@type":"ListItem","position":3,"name":"Massagem de Dia Dos Pais com Noi"}]}]}},"_links":{"self":[{"href":"https:\/\/www.pacoteshyatt.com.br\/rio-de-janeiro\/wp-json\/wp\/v2\/product\/10186"}],"collection":[{"href":"https:\/\/www.pacoteshyatt.com.br\/rio-de-janeiro\/wp-json\/wp\/v2\/product"}],"about":[{"href":"https:\/\/www.pacoteshyatt.com.br\/rio-de-janeiro\/wp-json\/wp\/v2\/types\/product"}],"wp:featuredmedia":[{"embeddable":true,"href":"https:\/\/www.pacoteshyatt.com.br\/rio-de-janeiro\/wp-json\/wp\/v2\/media\/10284"}],"wp:attachment":[{"href":"https:\/\/www.pacoteshyatt.com.br\/rio-de-janeiro\/wp-json\/wp\/v2\/media?parent=10186"}],"wp:term":[{"taxonomy":"product_cat","embeddable":true,"href":"https:\/\/www.pacoteshyatt.com.br\/rio-de-janeiro\/wp-json\/wp\/v2\/product_cat?post=10186"},{"taxonomy":"product_tag","embeddable":true,"href":"https:\/\/www.pacoteshyatt.com.br\/rio-de-janeiro\/wp-json\/wp\/v2\/product_tag?post=10186"}],"curies":[{"name":"wp","href":"https:\/\/api.w.org\/{rel}","templated":true}]}}