{"id":10522,"date":"2023-08-21T11:04:36","date_gmt":"2023-08-21T14:04:36","guid":{"rendered":"https:\/\/www.pacoteshyatt.com.br\/rio-de-janeiro\/?post_type=product&#038;p=10522"},"modified":"2023-12-04T08:59:54","modified_gmt":"2023-12-04T11:59:54","slug":"day-spa-para-casal","status":"publish","type":"product","link":"https:\/\/www.pacoteshyatt.com.br\/rio-de-janeiro\/product\/day-spa-para-casal\/","title":{"rendered":"Day Spa para Casal"},"content":{"rendered":"<p>Divida momentos especiais a dois com o <strong>Day Spa\u00a0para Casal.<br \/>\n<\/strong>Em um ambiente de relaxamento alivie o estresse e reponha suas energias na companhia de quem voc\u00ea mais ama.<\/p>\n<p>Viva a experi\u00eancia a dois no Atiaia Spa come\u00e7ando com o escalda p\u00e9s, em seguida um momento de Reflexologia, esta\u00a0massagem\u00a0podal<strong>\u00a0<\/strong>proporciona bem-estar pela aplica\u00e7\u00e3o de press\u00e3o em pontos dos p\u00e9s que refletem as regi\u00f5es do corpo todo. Para finalizar, a candle massage, massagem com velas, permite um relaxamento profundo, al\u00edvio da tens\u00e3o e do estresse.<\/p>\n<p><strong>O casal tamb\u00e9m recebe um espumante* de cortesia<\/strong><\/p>\n<p>&nbsp;<\/p>\n<p><strong>Day Spa para Casal:<br \/>\n<\/strong>&#8211; 1h10<br \/>\n&#8211; Escalda P\u00e9s<br \/>\n&#8211; Reflexologia (30min)<br \/>\n&#8211; Candle Massage (80min)<br \/>\n&#8211; Espumante &#8211; 187ml<\/p>\n<p>&nbsp;<\/p>\n<p><em><strong>*Garrafa de espumante de 187ml<br \/>\n<\/strong><\/em><em><strong>*valor j\u00e1 incluso a taxa de servi\u00e7o<\/strong><\/em><\/p>\n","protected":false},"excerpt":{"rendered":"<p><strong>Day Spa para Casal:<br \/>\n<\/strong>&#8211; 1h10<br \/>\n&#8211; Escalda P\u00e9s<br \/>\n&#8211; Reflexologia (30min)<br \/>\n&#8211; Candle Massage (80min)<\/p>\n","protected":false},"featured_media":10539,"template":"","meta":{"_eb_attr":""},"product_cat":[19,23,54],"product_tag":[],"bundled_by":[],"bundle_stock_status":"outofstock","bundle_stock_quantity":null,"bundle_virtual":false,"bundle_layout":"","bundle_add_to_cart_form_location":"","bundle_editable_in_cart":false,"bundle_sold_individually_context":"","bundle_item_grouping":"","bundle_min_size":"","bundle_max_size":"","bundled_items":[],"yoast_head":"<!-- This site is optimized with the Yoast SEO plugin v18.4.1 - https:\/\/yoast.com\/wordpress\/plugins\/seo\/ -->\n<title>Day Spa para Casal - GRAND HYATT RIO DE JANEIRO<\/title>\n<meta name=\"description\" content=\"Desfrute de uma ambienta\u00e7\u00e3o deslumbrante em um momento de relaxamento incr\u00edvel com v\u00e1rias op\u00e7\u00f5es de massagens como a Day Spa para Casal\" \/>\n<meta name=\"robots\" content=\"index, follow, max-snippet:-1, max-image-preview:large, max-video-preview:-1\" \/>\n<link rel=\"canonical\" href=\"https:\/\/www.pacoteshyatt.com.br\/rio-de-janeiro\/product\/day-spa-para-casal\/\" \/>\n<meta property=\"og:locale\" content=\"pt_BR\" \/>\n<meta property=\"og:type\" content=\"article\" \/>\n<meta property=\"og:title\" content=\"Day Spa para Casal - GRAND HYATT RIO DE JANEIRO\" \/>\n<meta property=\"og:description\" content=\"Desfrute de uma ambienta\u00e7\u00e3o deslumbrante em um momento de relaxamento incr\u00edvel com v\u00e1rias op\u00e7\u00f5es de massagens como a Day Spa para Casal\" \/>\n<meta property=\"og:url\" content=\"https:\/\/www.pacoteshyatt.com.br\/rio-de-janeiro\/product\/day-spa-para-casal\/\" \/>\n<meta property=\"og:site_name\" content=\"GRAND HYATT RIO DE JANEIRO\" \/>\n<meta property=\"article:modified_time\" content=\"2023-12-04T11:59:54+00:00\" \/>\n<meta property=\"og:image\" content=\"https:\/\/www.pacoteshyatt.com.br\/rio-de-janeiro\/wp-content\/uploads\/sites\/2\/2023\/08\/Grand-Hyatt-Rio-De-Janeiro-56-scaled.jpg\" \/>\n\t<meta property=\"og:image:width\" content=\"2560\" \/>\n\t<meta property=\"og:image:height\" content=\"1707\" \/>\n\t<meta property=\"og:image:type\" content=\"image\/jpeg\" \/>\n<meta name=\"twitter:card\" content=\"summary_large_image\" \/>\n<meta name=\"twitter:label1\" content=\"Est. tempo de leitura\" \/>\n\t<meta name=\"twitter:data1\" content=\"1 minuto\" \/>\n<script type=\"application\/ld+json\" class=\"yoast-schema-graph\">{\"@context\":\"https:\/\/schema.org\",\"@graph\":[{\"@type\":\"WebSite\",\"@id\":\"https:\/\/www.pacoteshyatt.com.br\/rio-de-janeiro\/#website\",\"url\":\"https:\/\/www.pacoteshyatt.com.br\/rio-de-janeiro\/\",\"name\":\"GRAND HYATT RIO DE JANEIRO\",\"description\":\"Um verdadeiro resort urbano na Barra da Tijuca!\",\"potentialAction\":[{\"@type\":\"SearchAction\",\"target\":{\"@type\":\"EntryPoint\",\"urlTemplate\":\"https:\/\/www.pacoteshyatt.com.br\/rio-de-janeiro\/?s={search_term_string}\"},\"query-input\":\"required name=search_term_string\"}],\"inLanguage\":\"pt-BR\"},{\"@type\":\"ImageObject\",\"@id\":\"https:\/\/www.pacoteshyatt.com.br\/rio-de-janeiro\/product\/day-spa-para-casal\/#primaryimage\",\"inLanguage\":\"pt-BR\",\"url\":\"https:\/\/www.pacoteshyatt.com.br\/rio-de-janeiro\/wp-content\/uploads\/sites\/2\/2023\/08\/Grand-Hyatt-Rio-De-Janeiro-56-scaled.jpg\",\"contentUrl\":\"https:\/\/www.pacoteshyatt.com.br\/rio-de-janeiro\/wp-content\/uploads\/sites\/2\/2023\/08\/Grand-Hyatt-Rio-De-Janeiro-56-scaled.jpg\",\"width\":2560,\"height\":1707,\"caption\":\"www.tbfoto.com.br GRAND HYATT - RJ\/RJ - 12\/12\/2019 Foto: Tadeu Brunelli ATENCAO: Toda foto deve ser publicada com o credito do autor, na sua integra sem cortes ou modificacoes, de acordo com a Lei N\u00ba 9.610 de 19\/02\/1998.\"},{\"@type\":\"WebPage\",\"@id\":\"https:\/\/www.pacoteshyatt.com.br\/rio-de-janeiro\/product\/day-spa-para-casal\/#webpage\",\"url\":\"https:\/\/www.pacoteshyatt.com.br\/rio-de-janeiro\/product\/day-spa-para-casal\/\",\"name\":\"Day Spa para Casal - GRAND HYATT RIO DE JANEIRO\",\"isPartOf\":{\"@id\":\"https:\/\/www.pacoteshyatt.com.br\/rio-de-janeiro\/#website\"},\"primaryImageOfPage\":{\"@id\":\"https:\/\/www.pacoteshyatt.com.br\/rio-de-janeiro\/product\/day-spa-para-casal\/#primaryimage\"},\"datePublished\":\"2023-08-21T14:04:36+00:00\",\"dateModified\":\"2023-12-04T11:59:54+00:00\",\"description\":\"Desfrute de uma ambienta\u00e7\u00e3o deslumbrante em um momento de relaxamento incr\u00edvel com v\u00e1rias op\u00e7\u00f5es de massagens como a Day Spa para Casal\",\"breadcrumb\":{\"@id\":\"https:\/\/www.pacoteshyatt.com.br\/rio-de-janeiro\/product\/day-spa-para-casal\/#breadcrumb\"},\"inLanguage\":\"pt-BR\",\"potentialAction\":[{\"@type\":\"ReadAction\",\"target\":[\"https:\/\/www.pacoteshyatt.com.br\/rio-de-janeiro\/product\/day-spa-para-casal\/\"]}]},{\"@type\":\"BreadcrumbList\",\"@id\":\"https:\/\/www.pacoteshyatt.com.br\/rio-de-janeiro\/product\/day-spa-para-casal\/#breadcrumb\",\"itemListElement\":[{\"@type\":\"ListItem\",\"position\":1,\"name\":\"Home\",\"item\":\"https:\/\/www.pacoteshyatt.com.br\/rio-de-janeiro\/\"},{\"@type\":\"ListItem\",\"position\":2,\"name\":\"Cat\u00e1logo\",\"item\":\"https:\/\/www.pacoteshyatt.com.br\/rio-de-janeiro\/catalogo\/\"},{\"@type\":\"ListItem\",\"position\":3,\"name\":\"Day Spa para Casal\"}]}]}<\/script>\n<!-- \/ Yoast SEO plugin. -->","yoast_head_json":{"title":"Day Spa para Casal - GRAND HYATT RIO DE JANEIRO","description":"Desfrute de uma ambienta\u00e7\u00e3o deslumbrante em um momento de relaxamento incr\u00edvel com v\u00e1rias op\u00e7\u00f5es de massagens como a Day Spa para Casal","robots":{"index":"index","follow":"follow","max-snippet":"max-snippet:-1","max-image-preview":"max-image-preview:large","max-video-preview":"max-video-preview:-1"},"canonical":"https:\/\/www.pacoteshyatt.com.br\/rio-de-janeiro\/product\/day-spa-para-casal\/","og_locale":"pt_BR","og_type":"article","og_title":"Day Spa para Casal - GRAND HYATT RIO DE JANEIRO","og_description":"Desfrute de uma ambienta\u00e7\u00e3o deslumbrante em um momento de relaxamento incr\u00edvel com v\u00e1rias op\u00e7\u00f5es de massagens como a Day Spa para Casal","og_url":"https:\/\/www.pacoteshyatt.com.br\/rio-de-janeiro\/product\/day-spa-para-casal\/","og_site_name":"GRAND HYATT RIO DE JANEIRO","article_modified_time":"2023-12-04T11:59:54+00:00","og_image":[{"width":2560,"height":1707,"url":"https:\/\/www.pacoteshyatt.com.br\/rio-de-janeiro\/wp-content\/uploads\/sites\/2\/2023\/08\/Grand-Hyatt-Rio-De-Janeiro-56-scaled.jpg","type":"image\/jpeg"}],"twitter_card":"summary_large_image","twitter_misc":{"Est. tempo de leitura":"1 minuto"},"schema":{"@context":"https:\/\/schema.org","@graph":[{"@type":"WebSite","@id":"https:\/\/www.pacoteshyatt.com.br\/rio-de-janeiro\/#website","url":"https:\/\/www.pacoteshyatt.com.br\/rio-de-janeiro\/","name":"GRAND HYATT RIO DE JANEIRO","description":"Um verdadeiro resort urbano na Barra da Tijuca!","potentialAction":[{"@type":"SearchAction","target":{"@type":"EntryPoint","urlTemplate":"https:\/\/www.pacoteshyatt.com.br\/rio-de-janeiro\/?s={search_term_string}"},"query-input":"required name=search_term_string"}],"inLanguage":"pt-BR"},{"@type":"ImageObject","@id":"https:\/\/www.pacoteshyatt.com.br\/rio-de-janeiro\/product\/day-spa-para-casal\/#primaryimage","inLanguage":"pt-BR","url":"https:\/\/www.pacoteshyatt.com.br\/rio-de-janeiro\/wp-content\/uploads\/sites\/2\/2023\/08\/Grand-Hyatt-Rio-De-Janeiro-56-scaled.jpg","contentUrl":"https:\/\/www.pacoteshyatt.com.br\/rio-de-janeiro\/wp-content\/uploads\/sites\/2\/2023\/08\/Grand-Hyatt-Rio-De-Janeiro-56-scaled.jpg","width":2560,"height":1707,"caption":"www.tbfoto.com.br GRAND HYATT - RJ\/RJ - 12\/12\/2019 Foto: Tadeu Brunelli ATENCAO: Toda foto deve ser publicada com o credito do autor, na sua integra sem cortes ou modificacoes, de acordo com a Lei N\u00ba 9.610 de 19\/02\/1998."},{"@type":"WebPage","@id":"https:\/\/www.pacoteshyatt.com.br\/rio-de-janeiro\/product\/day-spa-para-casal\/#webpage","url":"https:\/\/www.pacoteshyatt.com.br\/rio-de-janeiro\/product\/day-spa-para-casal\/","name":"Day Spa para Casal - GRAND HYATT RIO DE JANEIRO","isPartOf":{"@id":"https:\/\/www.pacoteshyatt.com.br\/rio-de-janeiro\/#website"},"primaryImageOfPage":{"@id":"https:\/\/www.pacoteshyatt.com.br\/rio-de-janeiro\/product\/day-spa-para-casal\/#primaryimage"},"datePublished":"2023-08-21T14:04:36+00:00","dateModified":"2023-12-04T11:59:54+00:00","description":"Desfrute de uma ambienta\u00e7\u00e3o deslumbrante em um momento de relaxamento incr\u00edvel com v\u00e1rias op\u00e7\u00f5es de massagens como a Day Spa para Casal","breadcrumb":{"@id":"https:\/\/www.pacoteshyatt.com.br\/rio-de-janeiro\/product\/day-spa-para-casal\/#breadcrumb"},"inLanguage":"pt-BR","potentialAction":[{"@type":"ReadAction","target":["https:\/\/www.pacoteshyatt.com.br\/rio-de-janeiro\/product\/day-spa-para-casal\/"]}]},{"@type":"BreadcrumbList","@id":"https:\/\/www.pacoteshyatt.com.br\/rio-de-janeiro\/product\/day-spa-para-casal\/#breadcrumb","itemListElement":[{"@type":"ListItem","position":1,"name":"Home","item":"https:\/\/www.pacoteshyatt.com.br\/rio-de-janeiro\/"},{"@type":"ListItem","position":2,"name":"Cat\u00e1logo","item":"https:\/\/www.pacoteshyatt.com.br\/rio-de-janeiro\/catalogo\/"},{"@type":"ListItem","position":3,"name":"Day Spa para Casal"}]}]}},"_links":{"self":[{"href":"https:\/\/www.pacoteshyatt.com.br\/rio-de-janeiro\/wp-json\/wp\/v2\/product\/10522"}],"collection":[{"href":"https:\/\/www.pacoteshyatt.com.br\/rio-de-janeiro\/wp-json\/wp\/v2\/product"}],"about":[{"href":"https:\/\/www.pacoteshyatt.com.br\/rio-de-janeiro\/wp-json\/wp\/v2\/types\/product"}],"wp:featuredmedia":[{"embeddable":true,"href":"https:\/\/www.pacoteshyatt.com.br\/rio-de-janeiro\/wp-json\/wp\/v2\/media\/10539"}],"wp:attachment":[{"href":"https:\/\/www.pacoteshyatt.com.br\/rio-de-janeiro\/wp-json\/wp\/v2\/media?parent=10522"}],"wp:term":[{"taxonomy":"product_cat","embeddable":true,"href":"https:\/\/www.pacoteshyatt.com.br\/rio-de-janeiro\/wp-json\/wp\/v2\/product_cat?post=10522"},{"taxonomy":"product_tag","embeddable":true,"href":"https:\/\/www.pacoteshyatt.com.br\/rio-de-janeiro\/wp-json\/wp\/v2\/product_tag?post=10522"}],"curies":[{"name":"wp","href":"https:\/\/api.w.org\/{rel}","templated":true}]}}