{"id":10797,"date":"2023-09-08T09:09:00","date_gmt":"2023-09-08T12:09:00","guid":{"rendered":"https:\/\/www.pacoteshyatt.com.br\/rio-de-janeiro\/?post_type=product&#038;p=10797"},"modified":"2024-10-18T09:10:43","modified_gmt":"2024-10-18T12:10:43","slug":"30-07-brunch-infantil-floresta-encantada-copia","status":"publish","type":"product","link":"https:\/\/www.pacoteshyatt.com.br\/rio-de-janeiro\/product\/30-07-brunch-infantil-floresta-encantada-copia\/","title":{"rendered":"30\/07 | Brunch Infantil | Floresta Encantada (c\u00f3pia)"},"content":{"rendered":"<div>\n<p>Voc\u00ea e sua fam\u00edlia ser\u00e3o transportados para um mundo de magia e fantasia da <strong>Floresta Encantada<\/strong>!<br \/>\nPensando em f\u00e9rias de meio de ano, o tradicional <strong>Brunch de Domingo<\/strong> do Grand Hyatt Rio de Janeiro ganha um novo tema destinado \u00e0s crian\u00e7as e tamb\u00e9m aos adultos! Com uma esta\u00e7\u00e3o inteira infantil, a experi\u00eancia gastron\u00f4mica ser\u00e1 para todos!<\/p>\n<p>Para os adultos teremos espumante liberado e m\u00fasica ao vivo. J\u00e1 a crian\u00e7ada vai poder se deliciar na esta\u00e7\u00e3o infantil com pizza, cachorro quente, cheeseburguer e mais! Al\u00e9m da recrea\u00e7\u00e3o e a presen\u00e7a de 4 personagens tem\u00e1ticos da Floresta Encantada.<\/p>\n<p><strong>Datas: 30\/07\/2023<\/strong><br \/>\n<strong>Hora: 13h \u00e0s 16h<\/strong><\/p>\n<\/div>\n<p><strong>Valores:<\/strong><br \/>\n&#8211; Adultos R$253,00<br \/>\n&#8211; Adolescentes (13 a 17 anos) R$ 189,75<br \/>\n<strong>&#8211; Crian\u00e7as (6 a 12 anos) R$ 126,50<\/strong><br \/>\n<strong>&#8211; Crian\u00e7as (0 a 5 anos) cortesia<\/strong><\/p>\n<p><em>Todos os pre\u00e7os acima j\u00e1 incluem taxa de servi\u00e7o.<\/em><\/p>\n<div>\n<p>&nbsp;<\/p>\n<p><em>Cada voucher gerado para o <strong>Brunch Infantil<\/strong><strong>\u00a0<\/strong>\u00e9 v\u00e1lido para 1 pessoa, e dever\u00e1 ser utilizado somente nos domingos, <strong>30 de julho<\/strong> (das 13h \u00e0s 16h).<\/em><\/p>\n<\/div>\n","protected":false},"excerpt":{"rendered":"<p>Voc\u00ea e sua fam\u00edlia ser\u00e3o transportados para um mundo de magia e fantasia da Floresta Encantada! Pensando em f\u00e9rias de meio de ano, o tradicional Brunch de Domingo do Grand Hyatt Rio de Janeiro ganha um novo tema destinado \u00e0s crian\u00e7as e tamb\u00e9m aos adultos! Com uma esta\u00e7\u00e3o inteira infantil, a experi\u00eancia gastron\u00f4mica ser\u00e1 para [&hellip;]<\/p>\n","protected":false},"featured_media":9897,"template":"","meta":{"_eb_attr":""},"product_cat":[20,69,56,68,70],"product_tag":[],"bundled_by":[],"bundle_stock_status":"outofstock","bundle_stock_quantity":0,"bundle_virtual":false,"bundle_layout":"","bundle_add_to_cart_form_location":"","bundle_editable_in_cart":false,"bundle_sold_individually_context":"","bundle_item_grouping":"","bundle_min_size":"","bundle_max_size":"","bundled_items":[],"yoast_head":"<!-- This site is optimized with the Yoast SEO plugin v18.4.1 - https:\/\/yoast.com\/wordpress\/plugins\/seo\/ -->\n<title>Pacotes Hyatt: Brunch Infantil - Grand Hyatt Rio de Janeiro<\/title>\n<meta name=\"description\" content=\"Para aproveitar o m\u00eas das f\u00e9rias escolares, o Grand Hyatt Rio de Janeiro prepara o Brunch Infantil com toda excel\u00eancia de sua gastronomia.\" \/>\n<meta name=\"robots\" content=\"index, follow, max-snippet:-1, max-image-preview:large, max-video-preview:-1\" \/>\n<link rel=\"canonical\" href=\"https:\/\/www.pacoteshyatt.com.br\/rio-de-janeiro\/product\/30-07-brunch-infantil-floresta-encantada-copia\/\" \/>\n<meta property=\"og:locale\" content=\"pt_BR\" \/>\n<meta property=\"og:type\" content=\"article\" \/>\n<meta property=\"og:title\" content=\"Pacotes Hyatt: Brunch Infantil - Grand Hyatt Rio de Janeiro\" \/>\n<meta property=\"og:description\" content=\"Para aproveitar o m\u00eas das f\u00e9rias escolares, o Grand Hyatt Rio de Janeiro prepara o Brunch Infantil com toda excel\u00eancia de sua gastronomia.\" \/>\n<meta property=\"og:url\" content=\"https:\/\/www.pacoteshyatt.com.br\/rio-de-janeiro\/product\/30-07-brunch-infantil-floresta-encantada-copia\/\" \/>\n<meta property=\"og:site_name\" content=\"GRAND HYATT RIO DE JANEIRO\" \/>\n<meta property=\"article:modified_time\" content=\"2024-10-18T12:10:43+00:00\" \/>\n<meta property=\"og:image\" content=\"https:\/\/www.pacoteshyatt.com.br\/rio-de-janeiro\/wp-content\/uploads\/sites\/2\/2023\/06\/Design-sem-nome.png\" \/>\n\t<meta property=\"og:image:width\" content=\"308\" \/>\n\t<meta property=\"og:image:height\" content=\"200\" \/>\n\t<meta property=\"og:image:type\" content=\"image\/png\" \/>\n<meta name=\"twitter:card\" content=\"summary_large_image\" \/>\n<meta name=\"twitter:label1\" content=\"Est. tempo de leitura\" \/>\n\t<meta name=\"twitter:data1\" content=\"1 minuto\" \/>\n<script type=\"application\/ld+json\" class=\"yoast-schema-graph\">{\"@context\":\"https:\/\/schema.org\",\"@graph\":[{\"@type\":\"WebSite\",\"@id\":\"https:\/\/www.pacoteshyatt.com.br\/rio-de-janeiro\/#website\",\"url\":\"https:\/\/www.pacoteshyatt.com.br\/rio-de-janeiro\/\",\"name\":\"GRAND HYATT RIO DE JANEIRO\",\"description\":\"Um verdadeiro resort urbano na Barra da Tijuca!\",\"potentialAction\":[{\"@type\":\"SearchAction\",\"target\":{\"@type\":\"EntryPoint\",\"urlTemplate\":\"https:\/\/www.pacoteshyatt.com.br\/rio-de-janeiro\/?s={search_term_string}\"},\"query-input\":\"required name=search_term_string\"}],\"inLanguage\":\"pt-BR\"},{\"@type\":\"ImageObject\",\"@id\":\"https:\/\/www.pacoteshyatt.com.br\/rio-de-janeiro\/product\/30-07-brunch-infantil-floresta-encantada-copia\/#primaryimage\",\"inLanguage\":\"pt-BR\",\"url\":\"https:\/\/www.pacoteshyatt.com.br\/rio-de-janeiro\/wp-content\/uploads\/sites\/2\/2023\/06\/Design-sem-nome.png\",\"contentUrl\":\"https:\/\/www.pacoteshyatt.com.br\/rio-de-janeiro\/wp-content\/uploads\/sites\/2\/2023\/06\/Design-sem-nome.png\",\"width\":308,\"height\":200},{\"@type\":\"WebPage\",\"@id\":\"https:\/\/www.pacoteshyatt.com.br\/rio-de-janeiro\/product\/30-07-brunch-infantil-floresta-encantada-copia\/#webpage\",\"url\":\"https:\/\/www.pacoteshyatt.com.br\/rio-de-janeiro\/product\/30-07-brunch-infantil-floresta-encantada-copia\/\",\"name\":\"Pacotes Hyatt: Brunch Infantil - Grand Hyatt Rio de Janeiro\",\"isPartOf\":{\"@id\":\"https:\/\/www.pacoteshyatt.com.br\/rio-de-janeiro\/#website\"},\"primaryImageOfPage\":{\"@id\":\"https:\/\/www.pacoteshyatt.com.br\/rio-de-janeiro\/product\/30-07-brunch-infantil-floresta-encantada-copia\/#primaryimage\"},\"datePublished\":\"2023-09-08T12:09:00+00:00\",\"dateModified\":\"2024-10-18T12:10:43+00:00\",\"description\":\"Para aproveitar o m\u00eas das f\u00e9rias escolares, o Grand Hyatt Rio de Janeiro prepara o Brunch Infantil com toda excel\u00eancia de sua gastronomia.\",\"breadcrumb\":{\"@id\":\"https:\/\/www.pacoteshyatt.com.br\/rio-de-janeiro\/product\/30-07-brunch-infantil-floresta-encantada-copia\/#breadcrumb\"},\"inLanguage\":\"pt-BR\",\"potentialAction\":[{\"@type\":\"ReadAction\",\"target\":[\"https:\/\/www.pacoteshyatt.com.br\/rio-de-janeiro\/product\/30-07-brunch-infantil-floresta-encantada-copia\/\"]}]},{\"@type\":\"BreadcrumbList\",\"@id\":\"https:\/\/www.pacoteshyatt.com.br\/rio-de-janeiro\/product\/30-07-brunch-infantil-floresta-encantada-copia\/#breadcrumb\",\"itemListElement\":[{\"@type\":\"ListItem\",\"position\":1,\"name\":\"Home\",\"item\":\"https:\/\/www.pacoteshyatt.com.br\/rio-de-janeiro\/\"},{\"@type\":\"ListItem\",\"position\":2,\"name\":\"Cat\u00e1logo\",\"item\":\"https:\/\/www.pacoteshyatt.com.br\/rio-de-janeiro\/catalogo\/\"},{\"@type\":\"ListItem\",\"position\":3,\"name\":\"30\/07 | Brunch Infantil | Floresta Encantada (c\u00f3pia)\"}]}]}<\/script>\n<!-- \/ Yoast SEO plugin. -->","yoast_head_json":{"title":"Pacotes Hyatt: Brunch Infantil - Grand Hyatt Rio de Janeiro","description":"Para aproveitar o m\u00eas das f\u00e9rias escolares, o Grand Hyatt Rio de Janeiro prepara o Brunch Infantil com toda excel\u00eancia de sua gastronomia.","robots":{"index":"index","follow":"follow","max-snippet":"max-snippet:-1","max-image-preview":"max-image-preview:large","max-video-preview":"max-video-preview:-1"},"canonical":"https:\/\/www.pacoteshyatt.com.br\/rio-de-janeiro\/product\/30-07-brunch-infantil-floresta-encantada-copia\/","og_locale":"pt_BR","og_type":"article","og_title":"Pacotes Hyatt: Brunch Infantil - Grand Hyatt Rio de Janeiro","og_description":"Para aproveitar o m\u00eas das f\u00e9rias escolares, o Grand Hyatt Rio de Janeiro prepara o Brunch Infantil com toda excel\u00eancia de sua gastronomia.","og_url":"https:\/\/www.pacoteshyatt.com.br\/rio-de-janeiro\/product\/30-07-brunch-infantil-floresta-encantada-copia\/","og_site_name":"GRAND HYATT RIO DE JANEIRO","article_modified_time":"2024-10-18T12:10:43+00:00","og_image":[{"width":308,"height":200,"url":"https:\/\/www.pacoteshyatt.com.br\/rio-de-janeiro\/wp-content\/uploads\/sites\/2\/2023\/06\/Design-sem-nome.png","type":"image\/png"}],"twitter_card":"summary_large_image","twitter_misc":{"Est. tempo de leitura":"1 minuto"},"schema":{"@context":"https:\/\/schema.org","@graph":[{"@type":"WebSite","@id":"https:\/\/www.pacoteshyatt.com.br\/rio-de-janeiro\/#website","url":"https:\/\/www.pacoteshyatt.com.br\/rio-de-janeiro\/","name":"GRAND HYATT RIO DE JANEIRO","description":"Um verdadeiro resort urbano na Barra da Tijuca!","potentialAction":[{"@type":"SearchAction","target":{"@type":"EntryPoint","urlTemplate":"https:\/\/www.pacoteshyatt.com.br\/rio-de-janeiro\/?s={search_term_string}"},"query-input":"required name=search_term_string"}],"inLanguage":"pt-BR"},{"@type":"ImageObject","@id":"https:\/\/www.pacoteshyatt.com.br\/rio-de-janeiro\/product\/30-07-brunch-infantil-floresta-encantada-copia\/#primaryimage","inLanguage":"pt-BR","url":"https:\/\/www.pacoteshyatt.com.br\/rio-de-janeiro\/wp-content\/uploads\/sites\/2\/2023\/06\/Design-sem-nome.png","contentUrl":"https:\/\/www.pacoteshyatt.com.br\/rio-de-janeiro\/wp-content\/uploads\/sites\/2\/2023\/06\/Design-sem-nome.png","width":308,"height":200},{"@type":"WebPage","@id":"https:\/\/www.pacoteshyatt.com.br\/rio-de-janeiro\/product\/30-07-brunch-infantil-floresta-encantada-copia\/#webpage","url":"https:\/\/www.pacoteshyatt.com.br\/rio-de-janeiro\/product\/30-07-brunch-infantil-floresta-encantada-copia\/","name":"Pacotes Hyatt: Brunch Infantil - Grand Hyatt Rio de Janeiro","isPartOf":{"@id":"https:\/\/www.pacoteshyatt.com.br\/rio-de-janeiro\/#website"},"primaryImageOfPage":{"@id":"https:\/\/www.pacoteshyatt.com.br\/rio-de-janeiro\/product\/30-07-brunch-infantil-floresta-encantada-copia\/#primaryimage"},"datePublished":"2023-09-08T12:09:00+00:00","dateModified":"2024-10-18T12:10:43+00:00","description":"Para aproveitar o m\u00eas das f\u00e9rias escolares, o Grand Hyatt Rio de Janeiro prepara o Brunch Infantil com toda excel\u00eancia de sua gastronomia.","breadcrumb":{"@id":"https:\/\/www.pacoteshyatt.com.br\/rio-de-janeiro\/product\/30-07-brunch-infantil-floresta-encantada-copia\/#breadcrumb"},"inLanguage":"pt-BR","potentialAction":[{"@type":"ReadAction","target":["https:\/\/www.pacoteshyatt.com.br\/rio-de-janeiro\/product\/30-07-brunch-infantil-floresta-encantada-copia\/"]}]},{"@type":"BreadcrumbList","@id":"https:\/\/www.pacoteshyatt.com.br\/rio-de-janeiro\/product\/30-07-brunch-infantil-floresta-encantada-copia\/#breadcrumb","itemListElement":[{"@type":"ListItem","position":1,"name":"Home","item":"https:\/\/www.pacoteshyatt.com.br\/rio-de-janeiro\/"},{"@type":"ListItem","position":2,"name":"Cat\u00e1logo","item":"https:\/\/www.pacoteshyatt.com.br\/rio-de-janeiro\/catalogo\/"},{"@type":"ListItem","position":3,"name":"30\/07 | Brunch Infantil | Floresta Encantada (c\u00f3pia)"}]}]}},"_links":{"self":[{"href":"https:\/\/www.pacoteshyatt.com.br\/rio-de-janeiro\/wp-json\/wp\/v2\/product\/10797"}],"collection":[{"href":"https:\/\/www.pacoteshyatt.com.br\/rio-de-janeiro\/wp-json\/wp\/v2\/product"}],"about":[{"href":"https:\/\/www.pacoteshyatt.com.br\/rio-de-janeiro\/wp-json\/wp\/v2\/types\/product"}],"wp:featuredmedia":[{"embeddable":true,"href":"https:\/\/www.pacoteshyatt.com.br\/rio-de-janeiro\/wp-json\/wp\/v2\/media\/9897"}],"wp:attachment":[{"href":"https:\/\/www.pacoteshyatt.com.br\/rio-de-janeiro\/wp-json\/wp\/v2\/media?parent=10797"}],"wp:term":[{"taxonomy":"product_cat","embeddable":true,"href":"https:\/\/www.pacoteshyatt.com.br\/rio-de-janeiro\/wp-json\/wp\/v2\/product_cat?post=10797"},{"taxonomy":"product_tag","embeddable":true,"href":"https:\/\/www.pacoteshyatt.com.br\/rio-de-janeiro\/wp-json\/wp\/v2\/product_tag?post=10797"}],"curies":[{"name":"wp","href":"https:\/\/api.w.org\/{rel}","templated":true}]}}