{"id":10956,"date":"2023-09-18T12:15:39","date_gmt":"2023-09-18T15:15:39","guid":{"rendered":"https:\/\/www.pacoteshyatt.com.br\/rio-de-janeiro\/?post_type=product&#038;p=10956"},"modified":"2025-01-07T16:42:05","modified_gmt":"2025-01-07T19:42:05","slug":"feijoada-de-fim-de-ano","status":"publish","type":"product","link":"https:\/\/www.pacoteshyatt.com.br\/rio-de-janeiro\/product\/feijoada-de-fim-de-ano\/","title":{"rendered":"28\/12 | Feijoada de Fim de Ano"},"content":{"rendered":"<p>Seja um\u00a0<strong>carioca de corpo e alma<\/strong>, e celebre o <strong>Fim de Ano<\/strong> em grande estilo!<strong><br \/>\n<\/strong>Aprecie nossa incr\u00edvel iguaria brasileira ao som de uma boa<strong> m\u00fasica ao vivo<\/strong> e com direito a uma cortesia de<strong> caipirinha Santo Grau ou cerveja.<\/strong> Al\u00e9m de esta\u00e7\u00e3o de saladas e mesa de sobremesas.<\/p>\n<p>O tradicional buffet de feijoada acontece <strong>no s\u00e1bado 28 de Dezembro, das 13h \u00e0s 16h<\/strong>!<\/p>\n<p>&nbsp;<\/p>\n<p>&nbsp;<\/p>\n<div>\n<p><span style=\"color: #bd2137\">Adquira e fa\u00e7a a sua reserva de mesa atrav\u00e9s do telefone <\/span><span style=\"color: #bd2137\"><strong><em>21 3797-9524<\/em><\/strong> ou email <em><strong>RIOGH-hostesses@hyatt.com<\/strong><\/em>.\u00a0<\/span><\/p>\n<p><strong>Cada voucher gerado \u00e9 v\u00e1lido para 1 pessoa.<br \/>\nTaxa de servi\u00e7o j\u00e1 incluso no valor<\/strong><\/p>\n<\/div>\n","protected":false},"excerpt":{"rendered":"<p>Seja um\u00a0carioca de corpo e alma, e celebre o Fim de Ano em grande estilo! Aprecie nossa incr\u00edvel iguaria brasileira ao som de uma boa m\u00fasica ao vivo e com direito a uma cortesia de caipirinha Santo Grau ou cerveja. Al\u00e9m de esta\u00e7\u00e3o de saladas e mesa de sobremesas. O tradicional buffet de feijoada acontece [&hellip;]<\/p>\n","protected":false},"featured_media":16046,"template":"","meta":{"_eb_attr":""},"product_cat":[108,123,119,20,69,76,56,68,70],"product_tag":[],"bundled_by":[],"bundle_stock_status":"outofstock","bundle_stock_quantity":0,"bundle_virtual":false,"bundle_layout":"","bundle_add_to_cart_form_location":"","bundle_editable_in_cart":false,"bundle_sold_individually_context":"","bundle_item_grouping":"","bundle_min_size":"","bundle_max_size":"","bundled_items":[],"yoast_head":"<!-- This site is optimized with the Yoast SEO plugin v18.4.1 - https:\/\/yoast.com\/wordpress\/plugins\/seo\/ -->\n<title>Feijoada de s\u00e1bado - Grand Hyatt Rio de Janeiro<\/title>\n<meta name=\"description\" content=\"A tradicional comida brasileira e a boa m\u00fasica s\u00e3o prioridades na Feijoada de Fim de Ano do Grand Hyatt Rio de Janeiro.\" \/>\n<meta name=\"robots\" content=\"index, follow, max-snippet:-1, max-image-preview:large, max-video-preview:-1\" \/>\n<link rel=\"canonical\" href=\"https:\/\/www.pacoteshyatt.com.br\/rio-de-janeiro\/product\/feijoada-de-fim-de-ano\/\" \/>\n<meta property=\"og:locale\" content=\"pt_BR\" \/>\n<meta property=\"og:type\" content=\"article\" \/>\n<meta property=\"og:title\" content=\"Feijoada de s\u00e1bado - Grand Hyatt Rio de Janeiro\" \/>\n<meta property=\"og:description\" content=\"A tradicional comida brasileira e a boa m\u00fasica s\u00e3o prioridades na Feijoada de Fim de Ano do Grand Hyatt Rio de Janeiro.\" \/>\n<meta property=\"og:url\" content=\"https:\/\/www.pacoteshyatt.com.br\/rio-de-janeiro\/product\/feijoada-de-fim-de-ano\/\" \/>\n<meta property=\"og:site_name\" content=\"GRAND HYATT RIO DE JANEIRO\" \/>\n<meta property=\"article:modified_time\" content=\"2025-01-07T19:42:05+00:00\" \/>\n<meta property=\"og:image\" content=\"https:\/\/www.pacoteshyatt.com.br\/rio-de-janeiro\/wp-content\/uploads\/sites\/2\/2023\/09\/GHRJ_ImagemOfertas_Feijoada28dez_308x200_FimDeAno_2024.png\" \/>\n\t<meta property=\"og:image:width\" content=\"308\" \/>\n\t<meta property=\"og:image:height\" content=\"200\" \/>\n\t<meta property=\"og:image:type\" content=\"image\/png\" \/>\n<meta name=\"twitter:card\" content=\"summary_large_image\" \/>\n<meta name=\"twitter:label1\" content=\"Est. tempo de leitura\" \/>\n\t<meta name=\"twitter:data1\" content=\"1 minuto\" \/>\n<script type=\"application\/ld+json\" class=\"yoast-schema-graph\">{\"@context\":\"https:\/\/schema.org\",\"@graph\":[{\"@type\":\"WebSite\",\"@id\":\"https:\/\/www.pacoteshyatt.com.br\/rio-de-janeiro\/#website\",\"url\":\"https:\/\/www.pacoteshyatt.com.br\/rio-de-janeiro\/\",\"name\":\"GRAND HYATT RIO DE JANEIRO\",\"description\":\"Um verdadeiro resort urbano na Barra da Tijuca!\",\"potentialAction\":[{\"@type\":\"SearchAction\",\"target\":{\"@type\":\"EntryPoint\",\"urlTemplate\":\"https:\/\/www.pacoteshyatt.com.br\/rio-de-janeiro\/?s={search_term_string}\"},\"query-input\":\"required name=search_term_string\"}],\"inLanguage\":\"pt-BR\"},{\"@type\":\"ImageObject\",\"@id\":\"https:\/\/www.pacoteshyatt.com.br\/rio-de-janeiro\/product\/feijoada-de-fim-de-ano\/#primaryimage\",\"inLanguage\":\"pt-BR\",\"url\":\"https:\/\/www.pacoteshyatt.com.br\/rio-de-janeiro\/wp-content\/uploads\/sites\/2\/2023\/09\/GHRJ_ImagemOfertas_Feijoada28dez_308x200_FimDeAno_2024.png\",\"contentUrl\":\"https:\/\/www.pacoteshyatt.com.br\/rio-de-janeiro\/wp-content\/uploads\/sites\/2\/2023\/09\/GHRJ_ImagemOfertas_Feijoada28dez_308x200_FimDeAno_2024.png\",\"width\":308,\"height\":200},{\"@type\":\"WebPage\",\"@id\":\"https:\/\/www.pacoteshyatt.com.br\/rio-de-janeiro\/product\/feijoada-de-fim-de-ano\/#webpage\",\"url\":\"https:\/\/www.pacoteshyatt.com.br\/rio-de-janeiro\/product\/feijoada-de-fim-de-ano\/\",\"name\":\"Feijoada de s\u00e1bado - Grand Hyatt Rio de Janeiro\",\"isPartOf\":{\"@id\":\"https:\/\/www.pacoteshyatt.com.br\/rio-de-janeiro\/#website\"},\"primaryImageOfPage\":{\"@id\":\"https:\/\/www.pacoteshyatt.com.br\/rio-de-janeiro\/product\/feijoada-de-fim-de-ano\/#primaryimage\"},\"datePublished\":\"2023-09-18T15:15:39+00:00\",\"dateModified\":\"2025-01-07T19:42:05+00:00\",\"description\":\"A tradicional comida brasileira e a boa m\u00fasica s\u00e3o prioridades na Feijoada de Fim de Ano do Grand Hyatt Rio de Janeiro.\",\"breadcrumb\":{\"@id\":\"https:\/\/www.pacoteshyatt.com.br\/rio-de-janeiro\/product\/feijoada-de-fim-de-ano\/#breadcrumb\"},\"inLanguage\":\"pt-BR\",\"potentialAction\":[{\"@type\":\"ReadAction\",\"target\":[\"https:\/\/www.pacoteshyatt.com.br\/rio-de-janeiro\/product\/feijoada-de-fim-de-ano\/\"]}]},{\"@type\":\"BreadcrumbList\",\"@id\":\"https:\/\/www.pacoteshyatt.com.br\/rio-de-janeiro\/product\/feijoada-de-fim-de-ano\/#breadcrumb\",\"itemListElement\":[{\"@type\":\"ListItem\",\"position\":1,\"name\":\"Home\",\"item\":\"https:\/\/www.pacoteshyatt.com.br\/rio-de-janeiro\/\"},{\"@type\":\"ListItem\",\"position\":2,\"name\":\"Cat\u00e1logo\",\"item\":\"https:\/\/www.pacoteshyatt.com.br\/rio-de-janeiro\/catalogo\/\"},{\"@type\":\"ListItem\",\"position\":3,\"name\":\"28\/12 | Feijoada de Fim de Ano\"}]}]}<\/script>\n<!-- \/ Yoast SEO plugin. -->","yoast_head_json":{"title":"Feijoada de s\u00e1bado - Grand Hyatt Rio de Janeiro","description":"A tradicional comida brasileira e a boa m\u00fasica s\u00e3o prioridades na Feijoada de Fim de Ano do Grand Hyatt Rio de Janeiro.","robots":{"index":"index","follow":"follow","max-snippet":"max-snippet:-1","max-image-preview":"max-image-preview:large","max-video-preview":"max-video-preview:-1"},"canonical":"https:\/\/www.pacoteshyatt.com.br\/rio-de-janeiro\/product\/feijoada-de-fim-de-ano\/","og_locale":"pt_BR","og_type":"article","og_title":"Feijoada de s\u00e1bado - Grand Hyatt Rio de Janeiro","og_description":"A tradicional comida brasileira e a boa m\u00fasica s\u00e3o prioridades na Feijoada de Fim de Ano do Grand Hyatt Rio de Janeiro.","og_url":"https:\/\/www.pacoteshyatt.com.br\/rio-de-janeiro\/product\/feijoada-de-fim-de-ano\/","og_site_name":"GRAND HYATT RIO DE JANEIRO","article_modified_time":"2025-01-07T19:42:05+00:00","og_image":[{"width":308,"height":200,"url":"https:\/\/www.pacoteshyatt.com.br\/rio-de-janeiro\/wp-content\/uploads\/sites\/2\/2023\/09\/GHRJ_ImagemOfertas_Feijoada28dez_308x200_FimDeAno_2024.png","type":"image\/png"}],"twitter_card":"summary_large_image","twitter_misc":{"Est. tempo de leitura":"1 minuto"},"schema":{"@context":"https:\/\/schema.org","@graph":[{"@type":"WebSite","@id":"https:\/\/www.pacoteshyatt.com.br\/rio-de-janeiro\/#website","url":"https:\/\/www.pacoteshyatt.com.br\/rio-de-janeiro\/","name":"GRAND HYATT RIO DE JANEIRO","description":"Um verdadeiro resort urbano na Barra da Tijuca!","potentialAction":[{"@type":"SearchAction","target":{"@type":"EntryPoint","urlTemplate":"https:\/\/www.pacoteshyatt.com.br\/rio-de-janeiro\/?s={search_term_string}"},"query-input":"required name=search_term_string"}],"inLanguage":"pt-BR"},{"@type":"ImageObject","@id":"https:\/\/www.pacoteshyatt.com.br\/rio-de-janeiro\/product\/feijoada-de-fim-de-ano\/#primaryimage","inLanguage":"pt-BR","url":"https:\/\/www.pacoteshyatt.com.br\/rio-de-janeiro\/wp-content\/uploads\/sites\/2\/2023\/09\/GHRJ_ImagemOfertas_Feijoada28dez_308x200_FimDeAno_2024.png","contentUrl":"https:\/\/www.pacoteshyatt.com.br\/rio-de-janeiro\/wp-content\/uploads\/sites\/2\/2023\/09\/GHRJ_ImagemOfertas_Feijoada28dez_308x200_FimDeAno_2024.png","width":308,"height":200},{"@type":"WebPage","@id":"https:\/\/www.pacoteshyatt.com.br\/rio-de-janeiro\/product\/feijoada-de-fim-de-ano\/#webpage","url":"https:\/\/www.pacoteshyatt.com.br\/rio-de-janeiro\/product\/feijoada-de-fim-de-ano\/","name":"Feijoada de s\u00e1bado - Grand Hyatt Rio de Janeiro","isPartOf":{"@id":"https:\/\/www.pacoteshyatt.com.br\/rio-de-janeiro\/#website"},"primaryImageOfPage":{"@id":"https:\/\/www.pacoteshyatt.com.br\/rio-de-janeiro\/product\/feijoada-de-fim-de-ano\/#primaryimage"},"datePublished":"2023-09-18T15:15:39+00:00","dateModified":"2025-01-07T19:42:05+00:00","description":"A tradicional comida brasileira e a boa m\u00fasica s\u00e3o prioridades na Feijoada de Fim de Ano do Grand Hyatt Rio de Janeiro.","breadcrumb":{"@id":"https:\/\/www.pacoteshyatt.com.br\/rio-de-janeiro\/product\/feijoada-de-fim-de-ano\/#breadcrumb"},"inLanguage":"pt-BR","potentialAction":[{"@type":"ReadAction","target":["https:\/\/www.pacoteshyatt.com.br\/rio-de-janeiro\/product\/feijoada-de-fim-de-ano\/"]}]},{"@type":"BreadcrumbList","@id":"https:\/\/www.pacoteshyatt.com.br\/rio-de-janeiro\/product\/feijoada-de-fim-de-ano\/#breadcrumb","itemListElement":[{"@type":"ListItem","position":1,"name":"Home","item":"https:\/\/www.pacoteshyatt.com.br\/rio-de-janeiro\/"},{"@type":"ListItem","position":2,"name":"Cat\u00e1logo","item":"https:\/\/www.pacoteshyatt.com.br\/rio-de-janeiro\/catalogo\/"},{"@type":"ListItem","position":3,"name":"28\/12 | Feijoada de Fim de Ano"}]}]}},"_links":{"self":[{"href":"https:\/\/www.pacoteshyatt.com.br\/rio-de-janeiro\/wp-json\/wp\/v2\/product\/10956"}],"collection":[{"href":"https:\/\/www.pacoteshyatt.com.br\/rio-de-janeiro\/wp-json\/wp\/v2\/product"}],"about":[{"href":"https:\/\/www.pacoteshyatt.com.br\/rio-de-janeiro\/wp-json\/wp\/v2\/types\/product"}],"wp:featuredmedia":[{"embeddable":true,"href":"https:\/\/www.pacoteshyatt.com.br\/rio-de-janeiro\/wp-json\/wp\/v2\/media\/16046"}],"wp:attachment":[{"href":"https:\/\/www.pacoteshyatt.com.br\/rio-de-janeiro\/wp-json\/wp\/v2\/media?parent=10956"}],"wp:term":[{"taxonomy":"product_cat","embeddable":true,"href":"https:\/\/www.pacoteshyatt.com.br\/rio-de-janeiro\/wp-json\/wp\/v2\/product_cat?post=10956"},{"taxonomy":"product_tag","embeddable":true,"href":"https:\/\/www.pacoteshyatt.com.br\/rio-de-janeiro\/wp-json\/wp\/v2\/product_tag?post=10956"}],"curies":[{"name":"wp","href":"https:\/\/api.w.org\/{rel}","templated":true}]}}