{"id":13436,"date":"2024-02-05T14:58:35","date_gmt":"2024-02-05T17:58:35","guid":{"rendered":"https:\/\/www.pacoteshyatt.com.br\/rio-de-janeiro\/?post_type=product&#038;p=13436"},"modified":"2026-01-23T17:42:23","modified_gmt":"2026-01-23T20:42:23","slug":"day-use-e-almoco","status":"publish","type":"product","link":"https:\/\/www.pacoteshyatt.com.br\/rio-de-janeiro\/product\/day-use-e-almoco\/","title":{"rendered":"Day Use + Almo\u00e7o no Cant\u00f4 | Dias de Semana"},"content":{"rendered":"<p>Venha relaxar no melhor Resort Urbano do Rio de Janeiro. Aproveite um maravilhoso <strong>Day Use com Almo\u00e7o no Rio de Janeiro<\/strong> no Grand Hyatt Rio. Voc\u00ea ter\u00e1 direito \u00e0 almo\u00e7o no Restaurante Cant\u00f4 (inclui op\u00e7\u00e3o vegana)!<\/p>\n<p>&nbsp;<\/p>\n<h2>Day Use no Rio de Janeiro em Dias de Semana<\/h2>\n<p>&nbsp;<\/p>\n<p>Este Day Use ser\u00e1 v\u00e1lido:<\/p>\n<p>Segunda a sexta-feira, exceto feriados.<\/p>\n<p>Ele dar\u00e1 direito a:<\/p>\n<p>&#8211; Utiliza\u00e7\u00e3o dos vesti\u00e1rios e saunas do Atiaia Spa;<br \/>\n&#8211; Toalhas na \u00e1rea da piscina e nos vesti\u00e1rios;<br \/>\n&#8211; Servi\u00e7o de praia com guarda-sol e espregui\u00e7adeira na areia (n\u00e3o inclui servi\u00e7o de alimentos e bebidas).<\/p>\n<p>&nbsp;<\/p>\n<h2>Menu do Day Use com Almo\u00e7o<\/h2>\n<p>&nbsp;<\/p>\n<p>Escolha uma op\u00e7\u00e3o de salada, e uma op\u00e7\u00e3o de prato principal, al\u00e9m da sobremesa e bebida n\u00e3o-alc\u00f3olica.<\/p>\n<p><strong><span style=\"color: #bd2137\">Salada:\u00a0<\/span><\/strong><\/p>\n<ul>\n<li><strong>Salada Cant\u00f4<\/strong><\/li>\n<\/ul>\n<p>Salada com mix de folhas, quinoa, gr\u00e3o de bico, fava, tofu grelhado, crumble de castanhas e pesto de spirulina<\/p>\n<p>&nbsp;<\/p>\n<ul>\n<li><strong>Salada Cobb<\/strong><\/li>\n<\/ul>\n<p>Mix de folhas, tomate, abacate,\u00a0fava verde, ovo cozido, chips de bacon, gorgonzola e frango\u00a0grelhado<\/p>\n<p>&nbsp;<\/p>\n<p><strong><span style=\"color: #bd2137\">Principal : <\/span><\/strong><\/p>\n<ul>\n<li><strong>Galinhada<\/strong><\/li>\n<\/ul>\n<p>Galeto com arroz cozido em caldo de frango com a\u00e7afr\u00e3o da terra, p\u00e1prica defumada e cominho, acompanhado de bacon, cenoura, tomate, ervilha, ovo molet e farofinha de milho.<\/p>\n<p>&nbsp;<\/p>\n<ul>\n<li><strong>Peixe do dia <\/strong><\/li>\n<\/ul>\n<p>Um acompanhamento, e um molho da sua escolha.<\/p>\n<p>&nbsp;<\/p>\n<ul>\n<li><strong>Ravioli de Queijo Burrata e Manjeric\u00e3o<\/strong><\/li>\n<\/ul>\n<p>Molho de tomate cereja e pesto de spirulina<\/p>\n<p>&nbsp;<\/p>\n<ul>\n<li><strong>Risoto de cogumelos<\/strong><\/li>\n<\/ul>\n<p>Risoto de cogumelos frescos com uma generosa fatia de queijo meia cura gratinado e azeite de trufas.<\/p>\n<p><strong><em>\u00a0<\/em><\/strong><\/p>\n<p><strong><span style=\"color: #bd2137\">Sobremesa<\/span><\/strong><\/p>\n<ul>\n<li>Frutas Tropicais<\/li>\n<\/ul>\n<p>&nbsp;<\/p>\n<p><strong><span style=\"color: #bd2137\">01 (uma) op\u00e7\u00e3o de bebida n\u00e3o alc\u00f3olica. <\/span><\/strong><\/p>\n<p>&nbsp;<\/p>\n<p><span style=\"color: #bd2137\"><strong>Day Use<\/strong> &#8211; 9:30h \u00e0s 19:00<\/span><\/p>\n<p><span style=\"color: #bd2137\">Almo\u00e7o de 12h \u00e0s 16h<\/span><\/p>\n<p>&nbsp;<\/p>\n<p>&nbsp;<\/p>\n<p><strong><span style=\"color: #bd2137\"><em><span class=\"ui-provider a b c d e f g h i j k l m n o p q r s t u v w x y z ab ac ae af ag ah ai aj ak\" dir=\"ltr\"><i>ESTE VOUCHER TEM VALIDADE DE 3 MESES, MEDIANTE AGENDAMENTO PR\u00c9VIO E DISPONIBILIDADE.<br \/>\nNO PER\u00cdODO DE 20 DE DEZEMBRO A 20 DE JANEIRO O DAY USE N\u00c3O ESTAR\u00c1 DISPON\u00cdVEL.<br \/>\n<\/i><\/span><\/em><\/span><\/strong><\/p>\n<p><span style=\"color: #bd2137\"><i>Ap\u00f3s a compra, \u00e9 necess\u00e1rio realizar o agendamento atrav\u00e9s do Whatsapp: (21) 3797-9566<\/i><\/span><\/p>\n<p>&nbsp;<\/p>\n","protected":false},"excerpt":{"rendered":"<p>Revigore-se nessa oferta para passar um dia completo no Grand Hyatt Rio de Janeiro, com massagem e day use de piscina inclusos.<\/p>\n","protected":false},"featured_media":13442,"template":"","meta":{"_eb_attr":""},"product_cat":[19,21],"product_tag":[],"bundled_by":[],"bundle_stock_status":"instock","bundle_stock_quantity":null,"bundle_virtual":false,"bundle_layout":"","bundle_add_to_cart_form_location":"","bundle_editable_in_cart":false,"bundle_sold_individually_context":"","bundle_item_grouping":"","bundle_min_size":"","bundle_max_size":"","bundled_items":[],"yoast_head":"<!-- This site is optimized with the Yoast SEO plugin v18.4.1 - https:\/\/yoast.com\/wordpress\/plugins\/seo\/ -->\n<title>Day Use + Almo\u00e7o no Cant\u00f4 | Dias de Semana - GRAND HYATT RIO DE JANEIRO<\/title>\n<meta name=\"description\" content=\"Garanta um dia relaxante com essa experi\u00eancia inesquec\u00edvel nas piscinas e no Restaurante Cant\u00f4, no Grand Hyatt Rio de Janeiro.\" \/>\n<meta name=\"robots\" content=\"index, follow, max-snippet:-1, max-image-preview:large, max-video-preview:-1\" \/>\n<link rel=\"canonical\" href=\"https:\/\/www.pacoteshyatt.com.br\/rio-de-janeiro\/product\/day-use-e-almoco\/\" \/>\n<meta property=\"og:locale\" content=\"pt_BR\" \/>\n<meta property=\"og:type\" content=\"article\" \/>\n<meta property=\"og:title\" content=\"Day Use + Almo\u00e7o no Cant\u00f4 | Dias de Semana - GRAND HYATT RIO DE JANEIRO\" \/>\n<meta property=\"og:description\" content=\"Garanta um dia relaxante com essa experi\u00eancia inesquec\u00edvel nas piscinas e no Restaurante Cant\u00f4, no Grand Hyatt Rio de Janeiro.\" \/>\n<meta property=\"og:url\" content=\"https:\/\/www.pacoteshyatt.com.br\/rio-de-janeiro\/product\/day-use-e-almoco\/\" \/>\n<meta property=\"og:site_name\" content=\"GRAND HYATT RIO DE JANEIRO\" \/>\n<meta property=\"article:modified_time\" content=\"2026-01-23T20:42:23+00:00\" \/>\n<meta property=\"og:image\" content=\"https:\/\/www.pacoteshyatt.com.br\/rio-de-janeiro\/wp-content\/uploads\/sites\/2\/2024\/02\/tamanho-produto-23.png\" \/>\n\t<meta property=\"og:image:width\" content=\"308\" \/>\n\t<meta property=\"og:image:height\" content=\"200\" \/>\n\t<meta property=\"og:image:type\" content=\"image\/png\" \/>\n<meta name=\"twitter:card\" content=\"summary_large_image\" \/>\n<meta name=\"twitter:label1\" content=\"Est. tempo de leitura\" \/>\n\t<meta name=\"twitter:data1\" content=\"2 minutos\" \/>\n<script type=\"application\/ld+json\" class=\"yoast-schema-graph\">{\"@context\":\"https:\/\/schema.org\",\"@graph\":[{\"@type\":\"WebSite\",\"@id\":\"https:\/\/www.pacoteshyatt.com.br\/rio-de-janeiro\/#website\",\"url\":\"https:\/\/www.pacoteshyatt.com.br\/rio-de-janeiro\/\",\"name\":\"GRAND HYATT RIO DE JANEIRO\",\"description\":\"Um verdadeiro resort urbano na Barra da Tijuca!\",\"potentialAction\":[{\"@type\":\"SearchAction\",\"target\":{\"@type\":\"EntryPoint\",\"urlTemplate\":\"https:\/\/www.pacoteshyatt.com.br\/rio-de-janeiro\/?s={search_term_string}\"},\"query-input\":\"required name=search_term_string\"}],\"inLanguage\":\"pt-BR\"},{\"@type\":\"ImageObject\",\"@id\":\"https:\/\/www.pacoteshyatt.com.br\/rio-de-janeiro\/product\/day-use-e-almoco\/#primaryimage\",\"inLanguage\":\"pt-BR\",\"url\":\"https:\/\/www.pacoteshyatt.com.br\/rio-de-janeiro\/wp-content\/uploads\/sites\/2\/2024\/02\/tamanho-produto-23.png\",\"contentUrl\":\"https:\/\/www.pacoteshyatt.com.br\/rio-de-janeiro\/wp-content\/uploads\/sites\/2\/2024\/02\/tamanho-produto-23.png\",\"width\":308,\"height\":200,\"caption\":\"Day Use com Almo\u00e7o no Rio de Janeiro\"},{\"@type\":\"WebPage\",\"@id\":\"https:\/\/www.pacoteshyatt.com.br\/rio-de-janeiro\/product\/day-use-e-almoco\/#webpage\",\"url\":\"https:\/\/www.pacoteshyatt.com.br\/rio-de-janeiro\/product\/day-use-e-almoco\/\",\"name\":\"Day Use + Almo\u00e7o no Cant\u00f4 | Dias de Semana - GRAND HYATT RIO DE JANEIRO\",\"isPartOf\":{\"@id\":\"https:\/\/www.pacoteshyatt.com.br\/rio-de-janeiro\/#website\"},\"primaryImageOfPage\":{\"@id\":\"https:\/\/www.pacoteshyatt.com.br\/rio-de-janeiro\/product\/day-use-e-almoco\/#primaryimage\"},\"datePublished\":\"2024-02-05T17:58:35+00:00\",\"dateModified\":\"2026-01-23T20:42:23+00:00\",\"description\":\"Garanta um dia relaxante com essa experi\u00eancia inesquec\u00edvel nas piscinas e no Restaurante Cant\u00f4, no Grand Hyatt Rio de Janeiro.\",\"breadcrumb\":{\"@id\":\"https:\/\/www.pacoteshyatt.com.br\/rio-de-janeiro\/product\/day-use-e-almoco\/#breadcrumb\"},\"inLanguage\":\"pt-BR\",\"potentialAction\":[{\"@type\":\"ReadAction\",\"target\":[\"https:\/\/www.pacoteshyatt.com.br\/rio-de-janeiro\/product\/day-use-e-almoco\/\"]}]},{\"@type\":\"BreadcrumbList\",\"@id\":\"https:\/\/www.pacoteshyatt.com.br\/rio-de-janeiro\/product\/day-use-e-almoco\/#breadcrumb\",\"itemListElement\":[{\"@type\":\"ListItem\",\"position\":1,\"name\":\"Home\",\"item\":\"https:\/\/www.pacoteshyatt.com.br\/rio-de-janeiro\/\"},{\"@type\":\"ListItem\",\"position\":2,\"name\":\"Cat\u00e1logo\",\"item\":\"https:\/\/www.pacoteshyatt.com.br\/rio-de-janeiro\/catalogo\/\"},{\"@type\":\"ListItem\",\"position\":3,\"name\":\"Day Use + Almo\u00e7o no Cant\u00f4 | Dias de Semana\"}]}]}<\/script>\n<!-- \/ Yoast SEO plugin. -->","yoast_head_json":{"title":"Day Use + Almo\u00e7o no Cant\u00f4 | Dias de Semana - GRAND HYATT RIO DE JANEIRO","description":"Garanta um dia relaxante com essa experi\u00eancia inesquec\u00edvel nas piscinas e no Restaurante Cant\u00f4, no Grand Hyatt Rio de Janeiro.","robots":{"index":"index","follow":"follow","max-snippet":"max-snippet:-1","max-image-preview":"max-image-preview:large","max-video-preview":"max-video-preview:-1"},"canonical":"https:\/\/www.pacoteshyatt.com.br\/rio-de-janeiro\/product\/day-use-e-almoco\/","og_locale":"pt_BR","og_type":"article","og_title":"Day Use + Almo\u00e7o no Cant\u00f4 | Dias de Semana - GRAND HYATT RIO DE JANEIRO","og_description":"Garanta um dia relaxante com essa experi\u00eancia inesquec\u00edvel nas piscinas e no Restaurante Cant\u00f4, no Grand Hyatt Rio de Janeiro.","og_url":"https:\/\/www.pacoteshyatt.com.br\/rio-de-janeiro\/product\/day-use-e-almoco\/","og_site_name":"GRAND HYATT RIO DE JANEIRO","article_modified_time":"2026-01-23T20:42:23+00:00","og_image":[{"width":308,"height":200,"url":"https:\/\/www.pacoteshyatt.com.br\/rio-de-janeiro\/wp-content\/uploads\/sites\/2\/2024\/02\/tamanho-produto-23.png","type":"image\/png"}],"twitter_card":"summary_large_image","twitter_misc":{"Est. tempo de leitura":"2 minutos"},"schema":{"@context":"https:\/\/schema.org","@graph":[{"@type":"WebSite","@id":"https:\/\/www.pacoteshyatt.com.br\/rio-de-janeiro\/#website","url":"https:\/\/www.pacoteshyatt.com.br\/rio-de-janeiro\/","name":"GRAND HYATT RIO DE JANEIRO","description":"Um verdadeiro resort urbano na Barra da Tijuca!","potentialAction":[{"@type":"SearchAction","target":{"@type":"EntryPoint","urlTemplate":"https:\/\/www.pacoteshyatt.com.br\/rio-de-janeiro\/?s={search_term_string}"},"query-input":"required name=search_term_string"}],"inLanguage":"pt-BR"},{"@type":"ImageObject","@id":"https:\/\/www.pacoteshyatt.com.br\/rio-de-janeiro\/product\/day-use-e-almoco\/#primaryimage","inLanguage":"pt-BR","url":"https:\/\/www.pacoteshyatt.com.br\/rio-de-janeiro\/wp-content\/uploads\/sites\/2\/2024\/02\/tamanho-produto-23.png","contentUrl":"https:\/\/www.pacoteshyatt.com.br\/rio-de-janeiro\/wp-content\/uploads\/sites\/2\/2024\/02\/tamanho-produto-23.png","width":308,"height":200,"caption":"Day Use com Almo\u00e7o no Rio de Janeiro"},{"@type":"WebPage","@id":"https:\/\/www.pacoteshyatt.com.br\/rio-de-janeiro\/product\/day-use-e-almoco\/#webpage","url":"https:\/\/www.pacoteshyatt.com.br\/rio-de-janeiro\/product\/day-use-e-almoco\/","name":"Day Use + Almo\u00e7o no Cant\u00f4 | Dias de Semana - GRAND HYATT RIO DE JANEIRO","isPartOf":{"@id":"https:\/\/www.pacoteshyatt.com.br\/rio-de-janeiro\/#website"},"primaryImageOfPage":{"@id":"https:\/\/www.pacoteshyatt.com.br\/rio-de-janeiro\/product\/day-use-e-almoco\/#primaryimage"},"datePublished":"2024-02-05T17:58:35+00:00","dateModified":"2026-01-23T20:42:23+00:00","description":"Garanta um dia relaxante com essa experi\u00eancia inesquec\u00edvel nas piscinas e no Restaurante Cant\u00f4, no Grand Hyatt Rio de Janeiro.","breadcrumb":{"@id":"https:\/\/www.pacoteshyatt.com.br\/rio-de-janeiro\/product\/day-use-e-almoco\/#breadcrumb"},"inLanguage":"pt-BR","potentialAction":[{"@type":"ReadAction","target":["https:\/\/www.pacoteshyatt.com.br\/rio-de-janeiro\/product\/day-use-e-almoco\/"]}]},{"@type":"BreadcrumbList","@id":"https:\/\/www.pacoteshyatt.com.br\/rio-de-janeiro\/product\/day-use-e-almoco\/#breadcrumb","itemListElement":[{"@type":"ListItem","position":1,"name":"Home","item":"https:\/\/www.pacoteshyatt.com.br\/rio-de-janeiro\/"},{"@type":"ListItem","position":2,"name":"Cat\u00e1logo","item":"https:\/\/www.pacoteshyatt.com.br\/rio-de-janeiro\/catalogo\/"},{"@type":"ListItem","position":3,"name":"Day Use + Almo\u00e7o no Cant\u00f4 | Dias de Semana"}]}]}},"_links":{"self":[{"href":"https:\/\/www.pacoteshyatt.com.br\/rio-de-janeiro\/wp-json\/wp\/v2\/product\/13436"}],"collection":[{"href":"https:\/\/www.pacoteshyatt.com.br\/rio-de-janeiro\/wp-json\/wp\/v2\/product"}],"about":[{"href":"https:\/\/www.pacoteshyatt.com.br\/rio-de-janeiro\/wp-json\/wp\/v2\/types\/product"}],"wp:featuredmedia":[{"embeddable":true,"href":"https:\/\/www.pacoteshyatt.com.br\/rio-de-janeiro\/wp-json\/wp\/v2\/media\/13442"}],"wp:attachment":[{"href":"https:\/\/www.pacoteshyatt.com.br\/rio-de-janeiro\/wp-json\/wp\/v2\/media?parent=13436"}],"wp:term":[{"taxonomy":"product_cat","embeddable":true,"href":"https:\/\/www.pacoteshyatt.com.br\/rio-de-janeiro\/wp-json\/wp\/v2\/product_cat?post=13436"},{"taxonomy":"product_tag","embeddable":true,"href":"https:\/\/www.pacoteshyatt.com.br\/rio-de-janeiro\/wp-json\/wp\/v2\/product_tag?post=13436"}],"curies":[{"name":"wp","href":"https:\/\/api.w.org\/{rel}","templated":true}]}}