{"id":13507,"date":"2024-02-07T14:01:32","date_gmt":"2024-02-07T17:01:32","guid":{"rendered":"https:\/\/www.pacoteshyatt.com.br\/rio-de-janeiro\/?post_type=product&#038;p=13507"},"modified":"2025-11-28T16:31:33","modified_gmt":"2025-11-28T19:31:33","slug":"omakase-especial","status":"publish","type":"product","link":"https:\/\/www.pacoteshyatt.com.br\/rio-de-janeiro\/product\/omakase-especial\/","title":{"rendered":"27\/11 | Omakase a Quatro M\u00e3os com Chef Eric Ueda"},"content":{"rendered":"<p><em>If you are a foreigner and want to acquire this experience, <a href=\"https:\/\/www.hyattexperiences.com\/grand-hyatt\/riogh#!\/e\/03-28-omakase-4-hands-dinner-cdf6468e\/\">click here<\/a>.<\/em><\/p>\n<p>&nbsp;<\/p>\n<p><strong>O <em>restaurante Shiso<\/em> sob o comando do <em>Chef Guilherme Campos<\/em>, convida Eric Ueda<\/strong>, eleito Chef Revela\u00e7\u00e3o pelo Pr\u00eamio Comer &amp; Beber 2024\/2025 e a frente da Casa Ueda e o restaurante Kakurenbo, para prepararem juntos um menu <strong>Omakase especial no Rio de Janeiro<\/strong> e harmonizado \u00e0 quatro m\u00e3os na<strong> quinta-feita, dia<em> 27 de Novembro. <\/em><\/strong><em>Um <strong>evento gastron\u00f4mico<\/strong> com muito sabor e t\u00e9cnicas \u00fanicas da culin\u00e1ria japonesa.<\/em><\/p>\n<p>&nbsp;<\/p>\n<h3>Qual o significado e como funciona o Omakase?<\/h3>\n<p>&nbsp;<\/p>\n<p>Omakase \u00e9 uma palavra japonesa que significa &#8220;confie no Chef&#8221;.<\/p>\n<p>O \u201cOmakase a 4 m\u00e3os\u201d se refere a um evento gastron\u00f4mico no rio de janeiro\u00a0onde dois chefs trabalham juntos em um menu colaborativo e harmonizado.<\/p>\n<p>Ser\u00e1 um\u00a0<em>menu cuidadosamente idealizado<\/em>, passeando pelos diferentes sabores e texturas, focando e enaltecendo a pesca local. A mistura de segredos e expertise dos Chefs Guilherme Campos e Eric Ueda promete que sua experi\u00eancia seja verdadeiramente \u00fanica.<\/p>\n<p>&nbsp;<\/p>\n<h3>Sobre o evento Omakase na Barra da Tijuca:<\/h3>\n<p>&nbsp;<\/p>\n<p><strong>19:30 | <\/strong>Drink de boas vindas<\/p>\n<p><strong>20:30 | <\/strong>In\u00edcio da experi\u00eancia Omakase, <strong>menu hamornizado de 7 tempos<\/strong>, sendo o \u00faltimo passo uma <strong>sobremesa feita pela nossa Chef P\u00e2tisserie Paula Peixoto.<\/strong><\/p>\n<p>&nbsp;<\/p>\n<p>Endere\u00e7o: Av. L\u00facio Costa, 9600 &#8211; Barra da Tijuca, Rio de Janeiro &#8211; RJ, 22795-007<\/p>\n<hr \/>\n<p><i>Para coment\u00e1rios \u00e0 respeito de restri\u00e7\u00f5es alimentares e prefer\u00eancias em rela\u00e7\u00e3o a localiza\u00e7\u00e3o e compartilhamento da mesa, favor inserir na parte\u00a0<strong>\u201cInforma\u00e7\u00e3o adicional\u201d\u00a0<\/strong>no momento do pagamento.<\/i><\/p>\n<p><span style=\"color: #bd2137\"><i>Voucher v\u00e1lido para 1 (uma) pessoa e exclusivo apenas para o evento <strong>Omakase a Quatro M\u00e3os<\/strong>, a ser realizado na quinta-feira, dia <strong>27 de Novembro de 2025.\u00a0<\/strong><\/i><\/span><\/p>\n","protected":false},"excerpt":{"rendered":"<p>If you are a foreigner and want to acquire this experience, click here. &nbsp; O restaurante Shiso sob o comando do Chef Guilherme Campos, convida Eric Ueda, eleito Chef Revela\u00e7\u00e3o pelo Pr\u00eamio Comer &amp; Beber 2024\/2025 e a frente da Casa Ueda e o restaurante Kakurenbo, para prepararem juntos um menu Omakase especial no Rio [&hellip;]<\/p>\n","protected":false},"featured_media":13682,"template":"","meta":{"_eb_attr":""},"product_cat":[135,20,67,68,70],"product_tag":[],"bundled_by":[],"bundle_stock_status":"outofstock","bundle_stock_quantity":0,"bundle_virtual":false,"bundle_layout":"","bundle_add_to_cart_form_location":"","bundle_editable_in_cart":false,"bundle_sold_individually_context":"","bundle_item_grouping":"","bundle_min_size":"","bundle_max_size":"","bundled_items":[],"yoast_head":"<!-- This site is optimized with the Yoast SEO plugin v18.4.1 - https:\/\/yoast.com\/wordpress\/plugins\/seo\/ -->\n<title>27\/11 | Omakase a Quatro M\u00e3os com Chef Eric Ueda - Grand Hyatt<\/title>\n<meta name=\"description\" content=\"O Omakase a Quatro M\u00e3os no Shiso Restaurante do Grand Hyatt na Barra da Tijuca, traz um evento gastron\u00f4mico japon\u00eas com menus in\u00e9ditos. Reserve j\u00e1!\" \/>\n<meta name=\"robots\" content=\"index, follow, max-snippet:-1, max-image-preview:large, max-video-preview:-1\" \/>\n<link rel=\"canonical\" href=\"https:\/\/www.pacoteshyatt.com.br\/rio-de-janeiro\/product\/omakase-especial\/\" \/>\n<meta property=\"og:locale\" content=\"pt_BR\" \/>\n<meta property=\"og:type\" content=\"article\" \/>\n<meta property=\"og:title\" content=\"27\/11 | Omakase a Quatro M\u00e3os com Chef Eric Ueda - Grand Hyatt\" \/>\n<meta property=\"og:description\" content=\"O Omakase a Quatro M\u00e3os no Shiso Restaurante do Grand Hyatt na Barra da Tijuca, traz um evento gastron\u00f4mico japon\u00eas com menus in\u00e9ditos. Reserve j\u00e1!\" \/>\n<meta property=\"og:url\" content=\"https:\/\/www.pacoteshyatt.com.br\/rio-de-janeiro\/product\/omakase-especial\/\" \/>\n<meta property=\"og:site_name\" content=\"GRAND HYATT RIO DE JANEIRO\" \/>\n<meta property=\"article:modified_time\" content=\"2025-11-28T19:31:33+00:00\" \/>\n<meta property=\"og:image\" content=\"https:\/\/www.pacoteshyatt.com.br\/rio-de-janeiro\/wp-content\/uploads\/sites\/2\/2024\/02\/Produto-Pacotes-Hyatt-4.png\" \/>\n\t<meta property=\"og:image:width\" content=\"308\" \/>\n\t<meta property=\"og:image:height\" content=\"200\" \/>\n\t<meta property=\"og:image:type\" content=\"image\/png\" \/>\n<meta name=\"twitter:card\" content=\"summary_large_image\" \/>\n<meta name=\"twitter:label1\" content=\"Est. tempo de leitura\" \/>\n\t<meta name=\"twitter:data1\" content=\"2 minutos\" \/>\n<script type=\"application\/ld+json\" class=\"yoast-schema-graph\">{\"@context\":\"https:\/\/schema.org\",\"@graph\":[{\"@type\":\"WebSite\",\"@id\":\"https:\/\/www.pacoteshyatt.com.br\/rio-de-janeiro\/#website\",\"url\":\"https:\/\/www.pacoteshyatt.com.br\/rio-de-janeiro\/\",\"name\":\"GRAND HYATT RIO DE JANEIRO\",\"description\":\"Um verdadeiro resort urbano na Barra da Tijuca!\",\"potentialAction\":[{\"@type\":\"SearchAction\",\"target\":{\"@type\":\"EntryPoint\",\"urlTemplate\":\"https:\/\/www.pacoteshyatt.com.br\/rio-de-janeiro\/?s={search_term_string}\"},\"query-input\":\"required name=search_term_string\"}],\"inLanguage\":\"pt-BR\"},{\"@type\":\"ImageObject\",\"@id\":\"https:\/\/www.pacoteshyatt.com.br\/rio-de-janeiro\/product\/omakase-especial\/#primaryimage\",\"inLanguage\":\"pt-BR\",\"url\":\"https:\/\/www.pacoteshyatt.com.br\/rio-de-janeiro\/wp-content\/uploads\/sites\/2\/2024\/02\/Produto-Pacotes-Hyatt-4.png\",\"contentUrl\":\"https:\/\/www.pacoteshyatt.com.br\/rio-de-janeiro\/wp-content\/uploads\/sites\/2\/2024\/02\/Produto-Pacotes-Hyatt-4.png\",\"width\":308,\"height\":200,\"caption\":\"evento omakase a quatro m\u00e3os\"},{\"@type\":\"WebPage\",\"@id\":\"https:\/\/www.pacoteshyatt.com.br\/rio-de-janeiro\/product\/omakase-especial\/#webpage\",\"url\":\"https:\/\/www.pacoteshyatt.com.br\/rio-de-janeiro\/product\/omakase-especial\/\",\"name\":\"27\/11 | Omakase a Quatro M\u00e3os com Chef Eric Ueda - Grand Hyatt\",\"isPartOf\":{\"@id\":\"https:\/\/www.pacoteshyatt.com.br\/rio-de-janeiro\/#website\"},\"primaryImageOfPage\":{\"@id\":\"https:\/\/www.pacoteshyatt.com.br\/rio-de-janeiro\/product\/omakase-especial\/#primaryimage\"},\"datePublished\":\"2024-02-07T17:01:32+00:00\",\"dateModified\":\"2025-11-28T19:31:33+00:00\",\"description\":\"O Omakase a Quatro M\u00e3os no Shiso Restaurante do Grand Hyatt na Barra da Tijuca, traz um evento gastron\u00f4mico japon\u00eas com menus in\u00e9ditos. Reserve j\u00e1!\",\"breadcrumb\":{\"@id\":\"https:\/\/www.pacoteshyatt.com.br\/rio-de-janeiro\/product\/omakase-especial\/#breadcrumb\"},\"inLanguage\":\"pt-BR\",\"potentialAction\":[{\"@type\":\"ReadAction\",\"target\":[\"https:\/\/www.pacoteshyatt.com.br\/rio-de-janeiro\/product\/omakase-especial\/\"]}]},{\"@type\":\"BreadcrumbList\",\"@id\":\"https:\/\/www.pacoteshyatt.com.br\/rio-de-janeiro\/product\/omakase-especial\/#breadcrumb\",\"itemListElement\":[{\"@type\":\"ListItem\",\"position\":1,\"name\":\"Home\",\"item\":\"https:\/\/www.pacoteshyatt.com.br\/rio-de-janeiro\/\"},{\"@type\":\"ListItem\",\"position\":2,\"name\":\"Cat\u00e1logo\",\"item\":\"https:\/\/www.pacoteshyatt.com.br\/rio-de-janeiro\/catalogo\/\"},{\"@type\":\"ListItem\",\"position\":3,\"name\":\"27\/11 | Omakase a Quatro M\u00e3os com Chef Eric Ueda\"}]}]}<\/script>\n<!-- \/ Yoast SEO plugin. -->","yoast_head_json":{"title":"27\/11 | Omakase a Quatro M\u00e3os com Chef Eric Ueda - Grand Hyatt","description":"O Omakase a Quatro M\u00e3os no Shiso Restaurante do Grand Hyatt na Barra da Tijuca, traz um evento gastron\u00f4mico japon\u00eas com menus in\u00e9ditos. Reserve j\u00e1!","robots":{"index":"index","follow":"follow","max-snippet":"max-snippet:-1","max-image-preview":"max-image-preview:large","max-video-preview":"max-video-preview:-1"},"canonical":"https:\/\/www.pacoteshyatt.com.br\/rio-de-janeiro\/product\/omakase-especial\/","og_locale":"pt_BR","og_type":"article","og_title":"27\/11 | Omakase a Quatro M\u00e3os com Chef Eric Ueda - Grand Hyatt","og_description":"O Omakase a Quatro M\u00e3os no Shiso Restaurante do Grand Hyatt na Barra da Tijuca, traz um evento gastron\u00f4mico japon\u00eas com menus in\u00e9ditos. Reserve j\u00e1!","og_url":"https:\/\/www.pacoteshyatt.com.br\/rio-de-janeiro\/product\/omakase-especial\/","og_site_name":"GRAND HYATT RIO DE JANEIRO","article_modified_time":"2025-11-28T19:31:33+00:00","og_image":[{"width":308,"height":200,"url":"https:\/\/www.pacoteshyatt.com.br\/rio-de-janeiro\/wp-content\/uploads\/sites\/2\/2024\/02\/Produto-Pacotes-Hyatt-4.png","type":"image\/png"}],"twitter_card":"summary_large_image","twitter_misc":{"Est. tempo de leitura":"2 minutos"},"schema":{"@context":"https:\/\/schema.org","@graph":[{"@type":"WebSite","@id":"https:\/\/www.pacoteshyatt.com.br\/rio-de-janeiro\/#website","url":"https:\/\/www.pacoteshyatt.com.br\/rio-de-janeiro\/","name":"GRAND HYATT RIO DE JANEIRO","description":"Um verdadeiro resort urbano na Barra da Tijuca!","potentialAction":[{"@type":"SearchAction","target":{"@type":"EntryPoint","urlTemplate":"https:\/\/www.pacoteshyatt.com.br\/rio-de-janeiro\/?s={search_term_string}"},"query-input":"required name=search_term_string"}],"inLanguage":"pt-BR"},{"@type":"ImageObject","@id":"https:\/\/www.pacoteshyatt.com.br\/rio-de-janeiro\/product\/omakase-especial\/#primaryimage","inLanguage":"pt-BR","url":"https:\/\/www.pacoteshyatt.com.br\/rio-de-janeiro\/wp-content\/uploads\/sites\/2\/2024\/02\/Produto-Pacotes-Hyatt-4.png","contentUrl":"https:\/\/www.pacoteshyatt.com.br\/rio-de-janeiro\/wp-content\/uploads\/sites\/2\/2024\/02\/Produto-Pacotes-Hyatt-4.png","width":308,"height":200,"caption":"evento omakase a quatro m\u00e3os"},{"@type":"WebPage","@id":"https:\/\/www.pacoteshyatt.com.br\/rio-de-janeiro\/product\/omakase-especial\/#webpage","url":"https:\/\/www.pacoteshyatt.com.br\/rio-de-janeiro\/product\/omakase-especial\/","name":"27\/11 | Omakase a Quatro M\u00e3os com Chef Eric Ueda - Grand Hyatt","isPartOf":{"@id":"https:\/\/www.pacoteshyatt.com.br\/rio-de-janeiro\/#website"},"primaryImageOfPage":{"@id":"https:\/\/www.pacoteshyatt.com.br\/rio-de-janeiro\/product\/omakase-especial\/#primaryimage"},"datePublished":"2024-02-07T17:01:32+00:00","dateModified":"2025-11-28T19:31:33+00:00","description":"O Omakase a Quatro M\u00e3os no Shiso Restaurante do Grand Hyatt na Barra da Tijuca, traz um evento gastron\u00f4mico japon\u00eas com menus in\u00e9ditos. Reserve j\u00e1!","breadcrumb":{"@id":"https:\/\/www.pacoteshyatt.com.br\/rio-de-janeiro\/product\/omakase-especial\/#breadcrumb"},"inLanguage":"pt-BR","potentialAction":[{"@type":"ReadAction","target":["https:\/\/www.pacoteshyatt.com.br\/rio-de-janeiro\/product\/omakase-especial\/"]}]},{"@type":"BreadcrumbList","@id":"https:\/\/www.pacoteshyatt.com.br\/rio-de-janeiro\/product\/omakase-especial\/#breadcrumb","itemListElement":[{"@type":"ListItem","position":1,"name":"Home","item":"https:\/\/www.pacoteshyatt.com.br\/rio-de-janeiro\/"},{"@type":"ListItem","position":2,"name":"Cat\u00e1logo","item":"https:\/\/www.pacoteshyatt.com.br\/rio-de-janeiro\/catalogo\/"},{"@type":"ListItem","position":3,"name":"27\/11 | Omakase a Quatro M\u00e3os com Chef Eric Ueda"}]}]}},"_links":{"self":[{"href":"https:\/\/www.pacoteshyatt.com.br\/rio-de-janeiro\/wp-json\/wp\/v2\/product\/13507"}],"collection":[{"href":"https:\/\/www.pacoteshyatt.com.br\/rio-de-janeiro\/wp-json\/wp\/v2\/product"}],"about":[{"href":"https:\/\/www.pacoteshyatt.com.br\/rio-de-janeiro\/wp-json\/wp\/v2\/types\/product"}],"wp:featuredmedia":[{"embeddable":true,"href":"https:\/\/www.pacoteshyatt.com.br\/rio-de-janeiro\/wp-json\/wp\/v2\/media\/13682"}],"wp:attachment":[{"href":"https:\/\/www.pacoteshyatt.com.br\/rio-de-janeiro\/wp-json\/wp\/v2\/media?parent=13507"}],"wp:term":[{"taxonomy":"product_cat","embeddable":true,"href":"https:\/\/www.pacoteshyatt.com.br\/rio-de-janeiro\/wp-json\/wp\/v2\/product_cat?post=13507"},{"taxonomy":"product_tag","embeddable":true,"href":"https:\/\/www.pacoteshyatt.com.br\/rio-de-janeiro\/wp-json\/wp\/v2\/product_tag?post=13507"}],"curies":[{"name":"wp","href":"https:\/\/api.w.org\/{rel}","templated":true}]}}