{"id":13897,"date":"2024-03-06T10:48:38","date_gmt":"2024-03-06T13:48:38","guid":{"rendered":"https:\/\/www.pacoteshyatt.com.br\/rio-de-janeiro\/?post_type=product&#038;p=13897"},"modified":"2025-11-10T16:27:09","modified_gmt":"2025-11-10T19:27:09","slug":"cafe-com-yoga","status":"publish","type":"product","link":"https:\/\/www.pacoteshyatt.com.br\/rio-de-janeiro\/product\/cafe-com-yoga\/","title":{"rendered":"30\/11 | Caf\u00e9 com Yoga | 20% OFF"},"content":{"rendered":"<div>\n<p>Aproveite uma manh\u00e3 diferente com <strong>caf\u00e9 da manh\u00e3 com yoga<\/strong> no Grand Hyatt Rio de Janeiro.<\/p>\n<p>Inicie seu dia com um delicioso caf\u00e9 da manh\u00e3 no Restaurante Tano, com uma sele\u00e7\u00e3o de p\u00e3es, queijos, geleias, doces maravilhosos, al\u00e9m de esta\u00e7\u00f5es de omelete e tapioca, e repleto das mais variadas frutas brasileiras.<\/p>\n<p>Em seguida tenha uma aula de Yoga revigorante com a professora Adriana Camargo, um momento de conex\u00e3o e relaxamento com a vista da Lagoa de Marapendi.<\/p>\n<\/div>\n<p>&nbsp;<\/p>\n<p><strong>Hor\u00e1rios:<\/strong><\/p>\n<ul>\n<li><strong>Caf\u00e9 da manh\u00e3:<\/strong> 7h \u00e0s 11h<\/li>\n<li><strong>Aula de Yoga:<\/strong> 8h20 \u00e0s 9h20<\/li>\n<\/ul>\n<div>\n<p>&nbsp;<\/p>\n<div>\n<p><strong><span style=\"color: #bd2137\">Este voucher \u00e9 v\u00e1lido apenas para o Caf\u00e9 da Manh\u00e3 que ir\u00e1 acontecer no dia 30\/11<\/span><\/strong><\/p>\n<p>&nbsp;<\/p>\n<p>&nbsp;<\/p>\n<\/div>\n<p>&nbsp;<\/p>\n<\/div>\n<p>&nbsp;<\/p>\n<p>&nbsp;<\/p>\n<div class=\"j_more\">\n<div>\n<div>\n<div>\n<div>\n<p>&nbsp;<\/p>\n<\/div>\n<\/div>\n<\/div>\n<\/div>\n<\/div>\n","protected":false},"excerpt":{"rendered":"<p>Aproveite uma manh\u00e3 diferente com caf\u00e9 da manh\u00e3 com yoga no Grand Hyatt Rio de Janeiro. Inicie seu dia com um delicioso caf\u00e9 da manh\u00e3 no Restaurante Tano, com uma sele\u00e7\u00e3o de p\u00e3es, queijos, geleias, doces maravilhosos, al\u00e9m de esta\u00e7\u00f5es de omelete e tapioca, e repleto das mais variadas frutas brasileiras. Em seguida tenha uma [&hellip;]<\/p>\n","protected":false},"featured_media":12330,"template":"","meta":{"_eb_attr":""},"product_cat":[20,56],"product_tag":[],"bundled_by":[],"bundle_stock_status":"outofstock","bundle_stock_quantity":0,"bundle_virtual":false,"bundle_layout":"","bundle_add_to_cart_form_location":"","bundle_editable_in_cart":false,"bundle_sold_individually_context":"","bundle_item_grouping":"","bundle_min_size":"","bundle_max_size":"","bundled_items":[],"yoast_head":"<!-- This site is optimized with the Yoast SEO plugin v18.4.1 - https:\/\/yoast.com\/wordpress\/plugins\/seo\/ -->\n<title>Caf\u00e9 da Manh\u00e3 com Yoga - Grand Hyatt Rio de Janeiro<\/title>\n<meta name=\"description\" content=\"Desfrute de uma manh\u00e3 \u00fanica com Caf\u00e9 e Yoga no Hyatt Rio de Janeiro. Bem-estar, tranquilidade e uma vista inspiradora. Reserve seu momento especial!\" \/>\n<meta name=\"robots\" content=\"index, follow, max-snippet:-1, max-image-preview:large, max-video-preview:-1\" \/>\n<link rel=\"canonical\" href=\"https:\/\/www.pacoteshyatt.com.br\/rio-de-janeiro\/product\/cafe-com-yoga\/\" \/>\n<meta property=\"og:locale\" content=\"pt_BR\" \/>\n<meta property=\"og:type\" content=\"article\" \/>\n<meta property=\"og:title\" content=\"Caf\u00e9 da Manh\u00e3 com Yoga - Grand Hyatt Rio de Janeiro\" \/>\n<meta property=\"og:description\" content=\"Desfrute de uma manh\u00e3 \u00fanica com Caf\u00e9 e Yoga no Hyatt Rio de Janeiro. Bem-estar, tranquilidade e uma vista inspiradora. Reserve seu momento especial!\" \/>\n<meta property=\"og:url\" content=\"https:\/\/www.pacoteshyatt.com.br\/rio-de-janeiro\/product\/cafe-com-yoga\/\" \/>\n<meta property=\"og:site_name\" content=\"GRAND HYATT RIO DE JANEIRO\" \/>\n<meta property=\"article:modified_time\" content=\"2025-11-10T19:27:09+00:00\" \/>\n<meta property=\"og:image\" content=\"https:\/\/www.pacoteshyatt.com.br\/rio-de-janeiro\/wp-content\/uploads\/sites\/2\/2020\/10\/tamanho-produto-18.png\" \/>\n\t<meta property=\"og:image:width\" content=\"308\" \/>\n\t<meta property=\"og:image:height\" content=\"200\" \/>\n\t<meta property=\"og:image:type\" content=\"image\/png\" \/>\n<meta name=\"twitter:card\" content=\"summary_large_image\" \/>\n<meta name=\"twitter:label1\" content=\"Est. tempo de leitura\" \/>\n\t<meta name=\"twitter:data1\" content=\"1 minuto\" \/>\n<script type=\"application\/ld+json\" class=\"yoast-schema-graph\">{\"@context\":\"https:\/\/schema.org\",\"@graph\":[{\"@type\":\"WebSite\",\"@id\":\"https:\/\/www.pacoteshyatt.com.br\/rio-de-janeiro\/#website\",\"url\":\"https:\/\/www.pacoteshyatt.com.br\/rio-de-janeiro\/\",\"name\":\"GRAND HYATT RIO DE JANEIRO\",\"description\":\"Um verdadeiro resort urbano na Barra da Tijuca!\",\"potentialAction\":[{\"@type\":\"SearchAction\",\"target\":{\"@type\":\"EntryPoint\",\"urlTemplate\":\"https:\/\/www.pacoteshyatt.com.br\/rio-de-janeiro\/?s={search_term_string}\"},\"query-input\":\"required name=search_term_string\"}],\"inLanguage\":\"pt-BR\"},{\"@type\":\"ImageObject\",\"@id\":\"https:\/\/www.pacoteshyatt.com.br\/rio-de-janeiro\/product\/cafe-com-yoga\/#primaryimage\",\"inLanguage\":\"pt-BR\",\"url\":\"https:\/\/www.pacoteshyatt.com.br\/rio-de-janeiro\/wp-content\/uploads\/sites\/2\/2020\/10\/tamanho-produto-18.png\",\"contentUrl\":\"https:\/\/www.pacoteshyatt.com.br\/rio-de-janeiro\/wp-content\/uploads\/sites\/2\/2020\/10\/tamanho-produto-18.png\",\"width\":308,\"height\":200},{\"@type\":\"WebPage\",\"@id\":\"https:\/\/www.pacoteshyatt.com.br\/rio-de-janeiro\/product\/cafe-com-yoga\/#webpage\",\"url\":\"https:\/\/www.pacoteshyatt.com.br\/rio-de-janeiro\/product\/cafe-com-yoga\/\",\"name\":\"Caf\u00e9 da Manh\u00e3 com Yoga - Grand Hyatt Rio de Janeiro\",\"isPartOf\":{\"@id\":\"https:\/\/www.pacoteshyatt.com.br\/rio-de-janeiro\/#website\"},\"primaryImageOfPage\":{\"@id\":\"https:\/\/www.pacoteshyatt.com.br\/rio-de-janeiro\/product\/cafe-com-yoga\/#primaryimage\"},\"datePublished\":\"2024-03-06T13:48:38+00:00\",\"dateModified\":\"2025-11-10T19:27:09+00:00\",\"description\":\"Desfrute de uma manh\u00e3 \u00fanica com Caf\u00e9 e Yoga no Hyatt Rio de Janeiro. Bem-estar, tranquilidade e uma vista inspiradora. Reserve seu momento especial!\",\"breadcrumb\":{\"@id\":\"https:\/\/www.pacoteshyatt.com.br\/rio-de-janeiro\/product\/cafe-com-yoga\/#breadcrumb\"},\"inLanguage\":\"pt-BR\",\"potentialAction\":[{\"@type\":\"ReadAction\",\"target\":[\"https:\/\/www.pacoteshyatt.com.br\/rio-de-janeiro\/product\/cafe-com-yoga\/\"]}]},{\"@type\":\"BreadcrumbList\",\"@id\":\"https:\/\/www.pacoteshyatt.com.br\/rio-de-janeiro\/product\/cafe-com-yoga\/#breadcrumb\",\"itemListElement\":[{\"@type\":\"ListItem\",\"position\":1,\"name\":\"Home\",\"item\":\"https:\/\/www.pacoteshyatt.com.br\/rio-de-janeiro\/\"},{\"@type\":\"ListItem\",\"position\":2,\"name\":\"Cat\u00e1logo\",\"item\":\"https:\/\/www.pacoteshyatt.com.br\/rio-de-janeiro\/catalogo\/\"},{\"@type\":\"ListItem\",\"position\":3,\"name\":\"30\/11 | Caf\u00e9 com Yoga | 20% OFF\"}]}]}<\/script>\n<!-- \/ Yoast SEO plugin. -->","yoast_head_json":{"title":"Caf\u00e9 da Manh\u00e3 com Yoga - Grand Hyatt Rio de Janeiro","description":"Desfrute de uma manh\u00e3 \u00fanica com Caf\u00e9 e Yoga no Hyatt Rio de Janeiro. Bem-estar, tranquilidade e uma vista inspiradora. Reserve seu momento especial!","robots":{"index":"index","follow":"follow","max-snippet":"max-snippet:-1","max-image-preview":"max-image-preview:large","max-video-preview":"max-video-preview:-1"},"canonical":"https:\/\/www.pacoteshyatt.com.br\/rio-de-janeiro\/product\/cafe-com-yoga\/","og_locale":"pt_BR","og_type":"article","og_title":"Caf\u00e9 da Manh\u00e3 com Yoga - Grand Hyatt Rio de Janeiro","og_description":"Desfrute de uma manh\u00e3 \u00fanica com Caf\u00e9 e Yoga no Hyatt Rio de Janeiro. Bem-estar, tranquilidade e uma vista inspiradora. Reserve seu momento especial!","og_url":"https:\/\/www.pacoteshyatt.com.br\/rio-de-janeiro\/product\/cafe-com-yoga\/","og_site_name":"GRAND HYATT RIO DE JANEIRO","article_modified_time":"2025-11-10T19:27:09+00:00","og_image":[{"width":308,"height":200,"url":"https:\/\/www.pacoteshyatt.com.br\/rio-de-janeiro\/wp-content\/uploads\/sites\/2\/2020\/10\/tamanho-produto-18.png","type":"image\/png"}],"twitter_card":"summary_large_image","twitter_misc":{"Est. tempo de leitura":"1 minuto"},"schema":{"@context":"https:\/\/schema.org","@graph":[{"@type":"WebSite","@id":"https:\/\/www.pacoteshyatt.com.br\/rio-de-janeiro\/#website","url":"https:\/\/www.pacoteshyatt.com.br\/rio-de-janeiro\/","name":"GRAND HYATT RIO DE JANEIRO","description":"Um verdadeiro resort urbano na Barra da Tijuca!","potentialAction":[{"@type":"SearchAction","target":{"@type":"EntryPoint","urlTemplate":"https:\/\/www.pacoteshyatt.com.br\/rio-de-janeiro\/?s={search_term_string}"},"query-input":"required name=search_term_string"}],"inLanguage":"pt-BR"},{"@type":"ImageObject","@id":"https:\/\/www.pacoteshyatt.com.br\/rio-de-janeiro\/product\/cafe-com-yoga\/#primaryimage","inLanguage":"pt-BR","url":"https:\/\/www.pacoteshyatt.com.br\/rio-de-janeiro\/wp-content\/uploads\/sites\/2\/2020\/10\/tamanho-produto-18.png","contentUrl":"https:\/\/www.pacoteshyatt.com.br\/rio-de-janeiro\/wp-content\/uploads\/sites\/2\/2020\/10\/tamanho-produto-18.png","width":308,"height":200},{"@type":"WebPage","@id":"https:\/\/www.pacoteshyatt.com.br\/rio-de-janeiro\/product\/cafe-com-yoga\/#webpage","url":"https:\/\/www.pacoteshyatt.com.br\/rio-de-janeiro\/product\/cafe-com-yoga\/","name":"Caf\u00e9 da Manh\u00e3 com Yoga - Grand Hyatt Rio de Janeiro","isPartOf":{"@id":"https:\/\/www.pacoteshyatt.com.br\/rio-de-janeiro\/#website"},"primaryImageOfPage":{"@id":"https:\/\/www.pacoteshyatt.com.br\/rio-de-janeiro\/product\/cafe-com-yoga\/#primaryimage"},"datePublished":"2024-03-06T13:48:38+00:00","dateModified":"2025-11-10T19:27:09+00:00","description":"Desfrute de uma manh\u00e3 \u00fanica com Caf\u00e9 e Yoga no Hyatt Rio de Janeiro. Bem-estar, tranquilidade e uma vista inspiradora. Reserve seu momento especial!","breadcrumb":{"@id":"https:\/\/www.pacoteshyatt.com.br\/rio-de-janeiro\/product\/cafe-com-yoga\/#breadcrumb"},"inLanguage":"pt-BR","potentialAction":[{"@type":"ReadAction","target":["https:\/\/www.pacoteshyatt.com.br\/rio-de-janeiro\/product\/cafe-com-yoga\/"]}]},{"@type":"BreadcrumbList","@id":"https:\/\/www.pacoteshyatt.com.br\/rio-de-janeiro\/product\/cafe-com-yoga\/#breadcrumb","itemListElement":[{"@type":"ListItem","position":1,"name":"Home","item":"https:\/\/www.pacoteshyatt.com.br\/rio-de-janeiro\/"},{"@type":"ListItem","position":2,"name":"Cat\u00e1logo","item":"https:\/\/www.pacoteshyatt.com.br\/rio-de-janeiro\/catalogo\/"},{"@type":"ListItem","position":3,"name":"30\/11 | Caf\u00e9 com Yoga | 20% OFF"}]}]}},"_links":{"self":[{"href":"https:\/\/www.pacoteshyatt.com.br\/rio-de-janeiro\/wp-json\/wp\/v2\/product\/13897"}],"collection":[{"href":"https:\/\/www.pacoteshyatt.com.br\/rio-de-janeiro\/wp-json\/wp\/v2\/product"}],"about":[{"href":"https:\/\/www.pacoteshyatt.com.br\/rio-de-janeiro\/wp-json\/wp\/v2\/types\/product"}],"wp:featuredmedia":[{"embeddable":true,"href":"https:\/\/www.pacoteshyatt.com.br\/rio-de-janeiro\/wp-json\/wp\/v2\/media\/12330"}],"wp:attachment":[{"href":"https:\/\/www.pacoteshyatt.com.br\/rio-de-janeiro\/wp-json\/wp\/v2\/media?parent=13897"}],"wp:term":[{"taxonomy":"product_cat","embeddable":true,"href":"https:\/\/www.pacoteshyatt.com.br\/rio-de-janeiro\/wp-json\/wp\/v2\/product_cat?post=13897"},{"taxonomy":"product_tag","embeddable":true,"href":"https:\/\/www.pacoteshyatt.com.br\/rio-de-janeiro\/wp-json\/wp\/v2\/product_tag?post=13897"}],"curies":[{"name":"wp","href":"https:\/\/api.w.org\/{rel}","templated":true}]}}