{"id":14159,"date":"2024-03-26T16:15:52","date_gmt":"2024-03-26T19:15:52","guid":{"rendered":"https:\/\/www.pacoteshyatt.com.br\/rio-de-janeiro\/?post_type=product&#038;p=14159"},"modified":"2025-01-07T16:41:51","modified_gmt":"2025-01-07T19:41:51","slug":"feijoada-especial","status":"publish","type":"product","link":"https:\/\/www.pacoteshyatt.com.br\/rio-de-janeiro\/product\/feijoada-especial\/","title":{"rendered":"04\/01 | Feijoada Especial"},"content":{"rendered":"<p>Seja um\u00a0<strong>carioca de corpo e alma<\/strong>, e celebre o <strong>in\u00edcio de 2025<\/strong>\u00a0em grande estilo!<strong><br \/>\n<\/strong>Aprecie nossa incr\u00edvel iguaria brasileira ao som de uma boa m\u00fasica ao vivo e com direito a uma cortesia de<strong> caipirinha Santo Grau ou cerveja.<\/strong> Al\u00e9m de esta\u00e7\u00e3o de saladas e mesa de sobremesas.<\/p>\n<p>O tradicional buffet de feijoada acontece <strong>no s\u00e1bado 04 de Janeiro de 2025, das 13h \u00e0s 16h<\/strong>!<\/p>\n<p>&nbsp;<\/p>\n<p>&nbsp;<\/p>\n<div>\n<p><span style=\"color: #bd2137\">Adquira e fa\u00e7a a sua reserva de mesa atrav\u00e9s do telefone <\/span><span style=\"color: #bd2137\"><strong><em>21 3797-9524<\/em><\/strong> ou email <em><strong>RIOGH-hostesses@hyatt.com<\/strong><\/em>.\u00a0<\/span><\/p>\n<p><strong>Cada voucher gerado \u00e9 v\u00e1lido para 1 pessoa.<br \/>\nTaxa de servi\u00e7o j\u00e1 incluso no valor<\/strong><\/p>\n<\/div>\n<p><strong>\u00a0<\/strong><\/p>\n<p><i>Para coment\u00e1rios \u00e0 respeito de restri\u00e7\u00f5es alimentares e prefer\u00eancias em rela\u00e7\u00e3o a localiza\u00e7\u00e3o e compartilhamento da mesa, favor inserir na parte\u00a0<strong>&#8220;Informa\u00e7\u00e3o adicional&#8221;\u00a0<\/strong>no momento do pagamento.<\/i><\/p>\n","protected":false},"excerpt":{"rendered":"<p>Seja um\u00a0carioca de corpo e alma, e celebre o in\u00edcio de 2025\u00a0em grande estilo! Aprecie nossa incr\u00edvel iguaria brasileira ao som de uma boa m\u00fasica ao vivo e com direito a uma cortesia de caipirinha Santo Grau ou cerveja. Al\u00e9m de esta\u00e7\u00e3o de saladas e mesa de sobremesas. O tradicional buffet de feijoada acontece no [&hellip;]<\/p>\n","protected":false},"featured_media":16008,"template":"","meta":{"_eb_attr":""},"product_cat":[108,123,119,126,20,69,56],"product_tag":[],"bundled_by":[],"bundle_stock_status":"outofstock","bundle_stock_quantity":0,"bundle_virtual":false,"bundle_layout":"","bundle_add_to_cart_form_location":"","bundle_editable_in_cart":false,"bundle_sold_individually_context":"","bundle_item_grouping":"","bundle_min_size":"","bundle_max_size":"","bundled_items":[],"yoast_head":"<!-- This site is optimized with the Yoast SEO plugin v18.4.1 - https:\/\/yoast.com\/wordpress\/plugins\/seo\/ -->\n<title>04\/01 | Feijoada Especial - GRAND HYATT RIO DE JANEIRO<\/title>\n<meta name=\"description\" content=\"Venha celebrar o in\u00edcio de 2025 em grande estilo! Nossa famosa feijoada, acompanhada de m\u00fasica ao vivo com cerveja e caipirinha liberadas.\" \/>\n<meta name=\"robots\" content=\"index, follow, max-snippet:-1, max-image-preview:large, max-video-preview:-1\" \/>\n<link rel=\"canonical\" href=\"https:\/\/www.pacoteshyatt.com.br\/rio-de-janeiro\/product\/feijoada-especial\/\" \/>\n<meta property=\"og:locale\" content=\"pt_BR\" \/>\n<meta property=\"og:type\" content=\"article\" \/>\n<meta property=\"og:title\" content=\"04\/01 | Feijoada Especial - GRAND HYATT RIO DE JANEIRO\" \/>\n<meta property=\"og:description\" content=\"Venha celebrar o in\u00edcio de 2025 em grande estilo! Nossa famosa feijoada, acompanhada de m\u00fasica ao vivo com cerveja e caipirinha liberadas.\" \/>\n<meta property=\"og:url\" content=\"https:\/\/www.pacoteshyatt.com.br\/rio-de-janeiro\/product\/feijoada-especial\/\" \/>\n<meta property=\"og:site_name\" content=\"GRAND HYATT RIO DE JANEIRO\" \/>\n<meta property=\"article:modified_time\" content=\"2025-01-07T19:41:51+00:00\" \/>\n<meta property=\"og:image\" content=\"https:\/\/www.pacoteshyatt.com.br\/rio-de-janeiro\/wp-content\/uploads\/sites\/2\/2024\/03\/GHRJ_ImagemOfertas_FeijoadeAnoNovo_308x200_FimDeAno_2024.png\" \/>\n\t<meta property=\"og:image:width\" content=\"308\" \/>\n\t<meta property=\"og:image:height\" content=\"200\" \/>\n\t<meta property=\"og:image:type\" content=\"image\/png\" \/>\n<meta name=\"twitter:card\" content=\"summary_large_image\" \/>\n<meta name=\"twitter:label1\" content=\"Est. tempo de leitura\" \/>\n\t<meta name=\"twitter:data1\" content=\"2 minutos\" \/>\n<script type=\"application\/ld+json\" class=\"yoast-schema-graph\">{\"@context\":\"https:\/\/schema.org\",\"@graph\":[{\"@type\":\"WebSite\",\"@id\":\"https:\/\/www.pacoteshyatt.com.br\/rio-de-janeiro\/#website\",\"url\":\"https:\/\/www.pacoteshyatt.com.br\/rio-de-janeiro\/\",\"name\":\"GRAND HYATT RIO DE JANEIRO\",\"description\":\"Um verdadeiro resort urbano na Barra da Tijuca!\",\"potentialAction\":[{\"@type\":\"SearchAction\",\"target\":{\"@type\":\"EntryPoint\",\"urlTemplate\":\"https:\/\/www.pacoteshyatt.com.br\/rio-de-janeiro\/?s={search_term_string}\"},\"query-input\":\"required name=search_term_string\"}],\"inLanguage\":\"pt-BR\"},{\"@type\":\"ImageObject\",\"@id\":\"https:\/\/www.pacoteshyatt.com.br\/rio-de-janeiro\/product\/feijoada-especial\/#primaryimage\",\"inLanguage\":\"pt-BR\",\"url\":\"https:\/\/www.pacoteshyatt.com.br\/rio-de-janeiro\/wp-content\/uploads\/sites\/2\/2024\/03\/GHRJ_ImagemOfertas_FeijoadeAnoNovo_308x200_FimDeAno_2024.png\",\"contentUrl\":\"https:\/\/www.pacoteshyatt.com.br\/rio-de-janeiro\/wp-content\/uploads\/sites\/2\/2024\/03\/GHRJ_ImagemOfertas_FeijoadeAnoNovo_308x200_FimDeAno_2024.png\",\"width\":308,\"height\":200},{\"@type\":\"WebPage\",\"@id\":\"https:\/\/www.pacoteshyatt.com.br\/rio-de-janeiro\/product\/feijoada-especial\/#webpage\",\"url\":\"https:\/\/www.pacoteshyatt.com.br\/rio-de-janeiro\/product\/feijoada-especial\/\",\"name\":\"04\/01 | Feijoada Especial - GRAND HYATT RIO DE JANEIRO\",\"isPartOf\":{\"@id\":\"https:\/\/www.pacoteshyatt.com.br\/rio-de-janeiro\/#website\"},\"primaryImageOfPage\":{\"@id\":\"https:\/\/www.pacoteshyatt.com.br\/rio-de-janeiro\/product\/feijoada-especial\/#primaryimage\"},\"datePublished\":\"2024-03-26T19:15:52+00:00\",\"dateModified\":\"2025-01-07T19:41:51+00:00\",\"description\":\"Venha celebrar o in\u00edcio de 2025 em grande estilo! Nossa famosa feijoada, acompanhada de m\u00fasica ao vivo com cerveja e caipirinha liberadas.\",\"breadcrumb\":{\"@id\":\"https:\/\/www.pacoteshyatt.com.br\/rio-de-janeiro\/product\/feijoada-especial\/#breadcrumb\"},\"inLanguage\":\"pt-BR\",\"potentialAction\":[{\"@type\":\"ReadAction\",\"target\":[\"https:\/\/www.pacoteshyatt.com.br\/rio-de-janeiro\/product\/feijoada-especial\/\"]}]},{\"@type\":\"BreadcrumbList\",\"@id\":\"https:\/\/www.pacoteshyatt.com.br\/rio-de-janeiro\/product\/feijoada-especial\/#breadcrumb\",\"itemListElement\":[{\"@type\":\"ListItem\",\"position\":1,\"name\":\"Home\",\"item\":\"https:\/\/www.pacoteshyatt.com.br\/rio-de-janeiro\/\"},{\"@type\":\"ListItem\",\"position\":2,\"name\":\"Cat\u00e1logo\",\"item\":\"https:\/\/www.pacoteshyatt.com.br\/rio-de-janeiro\/catalogo\/\"},{\"@type\":\"ListItem\",\"position\":3,\"name\":\"04\/01 | Feijoada Especial\"}]}]}<\/script>\n<!-- \/ Yoast SEO plugin. -->","yoast_head_json":{"title":"04\/01 | Feijoada Especial - GRAND HYATT RIO DE JANEIRO","description":"Venha celebrar o in\u00edcio de 2025 em grande estilo! Nossa famosa feijoada, acompanhada de m\u00fasica ao vivo com cerveja e caipirinha liberadas.","robots":{"index":"index","follow":"follow","max-snippet":"max-snippet:-1","max-image-preview":"max-image-preview:large","max-video-preview":"max-video-preview:-1"},"canonical":"https:\/\/www.pacoteshyatt.com.br\/rio-de-janeiro\/product\/feijoada-especial\/","og_locale":"pt_BR","og_type":"article","og_title":"04\/01 | Feijoada Especial - GRAND HYATT RIO DE JANEIRO","og_description":"Venha celebrar o in\u00edcio de 2025 em grande estilo! Nossa famosa feijoada, acompanhada de m\u00fasica ao vivo com cerveja e caipirinha liberadas.","og_url":"https:\/\/www.pacoteshyatt.com.br\/rio-de-janeiro\/product\/feijoada-especial\/","og_site_name":"GRAND HYATT RIO DE JANEIRO","article_modified_time":"2025-01-07T19:41:51+00:00","og_image":[{"width":308,"height":200,"url":"https:\/\/www.pacoteshyatt.com.br\/rio-de-janeiro\/wp-content\/uploads\/sites\/2\/2024\/03\/GHRJ_ImagemOfertas_FeijoadeAnoNovo_308x200_FimDeAno_2024.png","type":"image\/png"}],"twitter_card":"summary_large_image","twitter_misc":{"Est. tempo de leitura":"2 minutos"},"schema":{"@context":"https:\/\/schema.org","@graph":[{"@type":"WebSite","@id":"https:\/\/www.pacoteshyatt.com.br\/rio-de-janeiro\/#website","url":"https:\/\/www.pacoteshyatt.com.br\/rio-de-janeiro\/","name":"GRAND HYATT RIO DE JANEIRO","description":"Um verdadeiro resort urbano na Barra da Tijuca!","potentialAction":[{"@type":"SearchAction","target":{"@type":"EntryPoint","urlTemplate":"https:\/\/www.pacoteshyatt.com.br\/rio-de-janeiro\/?s={search_term_string}"},"query-input":"required name=search_term_string"}],"inLanguage":"pt-BR"},{"@type":"ImageObject","@id":"https:\/\/www.pacoteshyatt.com.br\/rio-de-janeiro\/product\/feijoada-especial\/#primaryimage","inLanguage":"pt-BR","url":"https:\/\/www.pacoteshyatt.com.br\/rio-de-janeiro\/wp-content\/uploads\/sites\/2\/2024\/03\/GHRJ_ImagemOfertas_FeijoadeAnoNovo_308x200_FimDeAno_2024.png","contentUrl":"https:\/\/www.pacoteshyatt.com.br\/rio-de-janeiro\/wp-content\/uploads\/sites\/2\/2024\/03\/GHRJ_ImagemOfertas_FeijoadeAnoNovo_308x200_FimDeAno_2024.png","width":308,"height":200},{"@type":"WebPage","@id":"https:\/\/www.pacoteshyatt.com.br\/rio-de-janeiro\/product\/feijoada-especial\/#webpage","url":"https:\/\/www.pacoteshyatt.com.br\/rio-de-janeiro\/product\/feijoada-especial\/","name":"04\/01 | Feijoada Especial - GRAND HYATT RIO DE JANEIRO","isPartOf":{"@id":"https:\/\/www.pacoteshyatt.com.br\/rio-de-janeiro\/#website"},"primaryImageOfPage":{"@id":"https:\/\/www.pacoteshyatt.com.br\/rio-de-janeiro\/product\/feijoada-especial\/#primaryimage"},"datePublished":"2024-03-26T19:15:52+00:00","dateModified":"2025-01-07T19:41:51+00:00","description":"Venha celebrar o in\u00edcio de 2025 em grande estilo! Nossa famosa feijoada, acompanhada de m\u00fasica ao vivo com cerveja e caipirinha liberadas.","breadcrumb":{"@id":"https:\/\/www.pacoteshyatt.com.br\/rio-de-janeiro\/product\/feijoada-especial\/#breadcrumb"},"inLanguage":"pt-BR","potentialAction":[{"@type":"ReadAction","target":["https:\/\/www.pacoteshyatt.com.br\/rio-de-janeiro\/product\/feijoada-especial\/"]}]},{"@type":"BreadcrumbList","@id":"https:\/\/www.pacoteshyatt.com.br\/rio-de-janeiro\/product\/feijoada-especial\/#breadcrumb","itemListElement":[{"@type":"ListItem","position":1,"name":"Home","item":"https:\/\/www.pacoteshyatt.com.br\/rio-de-janeiro\/"},{"@type":"ListItem","position":2,"name":"Cat\u00e1logo","item":"https:\/\/www.pacoteshyatt.com.br\/rio-de-janeiro\/catalogo\/"},{"@type":"ListItem","position":3,"name":"04\/01 | Feijoada Especial"}]}]}},"_links":{"self":[{"href":"https:\/\/www.pacoteshyatt.com.br\/rio-de-janeiro\/wp-json\/wp\/v2\/product\/14159"}],"collection":[{"href":"https:\/\/www.pacoteshyatt.com.br\/rio-de-janeiro\/wp-json\/wp\/v2\/product"}],"about":[{"href":"https:\/\/www.pacoteshyatt.com.br\/rio-de-janeiro\/wp-json\/wp\/v2\/types\/product"}],"wp:featuredmedia":[{"embeddable":true,"href":"https:\/\/www.pacoteshyatt.com.br\/rio-de-janeiro\/wp-json\/wp\/v2\/media\/16008"}],"wp:attachment":[{"href":"https:\/\/www.pacoteshyatt.com.br\/rio-de-janeiro\/wp-json\/wp\/v2\/media?parent=14159"}],"wp:term":[{"taxonomy":"product_cat","embeddable":true,"href":"https:\/\/www.pacoteshyatt.com.br\/rio-de-janeiro\/wp-json\/wp\/v2\/product_cat?post=14159"},{"taxonomy":"product_tag","embeddable":true,"href":"https:\/\/www.pacoteshyatt.com.br\/rio-de-janeiro\/wp-json\/wp\/v2\/product_tag?post=14159"}],"curies":[{"name":"wp","href":"https:\/\/api.w.org\/{rel}","templated":true}]}}