{"id":14398,"date":"2024-04-05T15:49:51","date_gmt":"2024-04-05T18:49:51","guid":{"rendered":"https:\/\/www.pacoteshyatt.com.br\/rio-de-janeiro\/?post_type=product&#038;p=14398"},"modified":"2025-11-10T16:58:49","modified_gmt":"2025-11-10T19:58:49","slug":"quintas-no-canto","status":"publish","type":"product","link":"https:\/\/www.pacoteshyatt.com.br\/rio-de-janeiro\/product\/quintas-no-canto\/","title":{"rendered":"Quintas | Jazz &amp; Oysters"},"content":{"rendered":"<p>Nas <strong>quintas, das 19h \u00e0s 21h<\/strong>, viva um momento de aproveitar os sabores do mar embalados em uma noite de Jazz ao vivo.<br \/>\n<strong>Aproveite o espumante liberado, com ostras \u00e0 vontade<\/strong> ambientados no restaurante Cant\u00f4, de arquitetura renomada e sofistica\u00e7\u00e3o.<\/p>\n<p>&nbsp;<\/p>\n<p><span style=\"color: #bd2137\">Mais informa\u00e7\u00f5es: <a href=\"tel:21 3797-9524\"><em>21 3797-9524<\/em><\/a> ou email <a href=\"mailto:RIOGH-hostesses@hyatt.com\"><em>RIOGH-hostesses@hyatt.com<\/em><\/a><\/span><span style=\"color: #bd2137\">.<\/span><strong><br \/>\n<\/strong><\/p>\n<p>&nbsp;<\/p>\n<p><strong>Cada voucher gerado \u00e9 v\u00e1lido para 1 pessoa, e deve ser utilizado somente \u00e0s quintas, durante o hor\u00e1rio do evento. Reserve sua mesa com anteced\u00eancia para confirmar disponibilidade.<\/strong><\/p>\n<p>&nbsp;<\/p>\n<p><i>Para coment\u00e1rios \u00e0 respeito de restri\u00e7\u00f5es alimentares e prefer\u00eancias em rela\u00e7\u00e3o a localiza\u00e7\u00e3o e compartilhamento da mesa, favor inserir na parte\u00a0<strong>&#8220;Informa\u00e7\u00e3o adicional&#8221;\u00a0<\/strong>no momento do pagamento.<\/i><\/p>\n","protected":false},"excerpt":{"rendered":"<p>Nas quintas, das 19h \u00e0s 21h, viva um momento de aproveitar os sabores do mar embalados em uma noite de Jazz ao vivo. Aproveite o espumante liberado, com ostras \u00e0 vontade ambientados no restaurante Cant\u00f4, de arquitetura renomada e sofistica\u00e7\u00e3o. &nbsp; Mais informa\u00e7\u00f5es: 21 3797-9524 ou email RIOGH-hostesses@hyatt.com. &nbsp; Cada voucher gerado \u00e9 v\u00e1lido para [&hellip;]<\/p>\n","protected":false},"featured_media":18233,"template":"","meta":{"_eb_attr":""},"product_cat":[136,20,69,56],"product_tag":[],"bundled_by":[],"bundle_stock_status":"instock","bundle_stock_quantity":null,"bundle_virtual":false,"bundle_layout":"","bundle_add_to_cart_form_location":"","bundle_editable_in_cart":false,"bundle_sold_individually_context":"","bundle_item_grouping":"","bundle_min_size":"","bundle_max_size":"","bundled_items":[],"yoast_head":"<!-- This site is optimized with the Yoast SEO plugin v18.4.1 - https:\/\/yoast.com\/wordpress\/plugins\/seo\/ -->\n<title>Quintas no Cant\u00f4: Jazz, Ostras e Espumante \u2013 Grand Hyatt Rio<\/title>\n<meta name=\"description\" content=\"Aproveite as Quintas no Cant\u00f4 com jazz ao vivo, ostras frescas \u00e0 vontade e espumante liberado. Uma experi\u00eancia sofisticada no Grand Hyatt Rio. Reserve j\u00e1!\" \/>\n<meta name=\"robots\" content=\"index, follow, max-snippet:-1, max-image-preview:large, max-video-preview:-1\" \/>\n<link rel=\"canonical\" href=\"https:\/\/www.pacoteshyatt.com.br\/rio-de-janeiro\/product\/quintas-no-canto\/\" \/>\n<meta property=\"og:locale\" content=\"pt_BR\" \/>\n<meta property=\"og:type\" content=\"article\" \/>\n<meta property=\"og:title\" content=\"Quintas no Cant\u00f4: Jazz, Ostras e Espumante \u2013 Grand Hyatt Rio\" \/>\n<meta property=\"og:description\" content=\"Aproveite as Quintas no Cant\u00f4 com jazz ao vivo, ostras frescas \u00e0 vontade e espumante liberado. Uma experi\u00eancia sofisticada no Grand Hyatt Rio. Reserve j\u00e1!\" \/>\n<meta property=\"og:url\" content=\"https:\/\/www.pacoteshyatt.com.br\/rio-de-janeiro\/product\/quintas-no-canto\/\" \/>\n<meta property=\"og:site_name\" content=\"GRAND HYATT RIO DE JANEIRO\" \/>\n<meta property=\"article:modified_time\" content=\"2025-11-10T19:58:49+00:00\" \/>\n<meta property=\"og:image\" content=\"https:\/\/www.pacoteshyatt.com.br\/rio-de-janeiro\/wp-content\/uploads\/sites\/2\/2024\/04\/GHRJ_Banner-ImgdaOferta_NoitesMusicais_308x200px_2024_v1B.jpg\" \/>\n\t<meta property=\"og:image:width\" content=\"308\" \/>\n\t<meta property=\"og:image:height\" content=\"200\" \/>\n\t<meta property=\"og:image:type\" content=\"image\/jpeg\" \/>\n<meta name=\"twitter:card\" content=\"summary_large_image\" \/>\n<meta name=\"twitter:label1\" content=\"Est. tempo de leitura\" \/>\n\t<meta name=\"twitter:data1\" content=\"1 minuto\" \/>\n<script type=\"application\/ld+json\" class=\"yoast-schema-graph\">{\"@context\":\"https:\/\/schema.org\",\"@graph\":[{\"@type\":\"WebSite\",\"@id\":\"https:\/\/www.pacoteshyatt.com.br\/rio-de-janeiro\/#website\",\"url\":\"https:\/\/www.pacoteshyatt.com.br\/rio-de-janeiro\/\",\"name\":\"GRAND HYATT RIO DE JANEIRO\",\"description\":\"Um verdadeiro resort urbano na Barra da Tijuca!\",\"potentialAction\":[{\"@type\":\"SearchAction\",\"target\":{\"@type\":\"EntryPoint\",\"urlTemplate\":\"https:\/\/www.pacoteshyatt.com.br\/rio-de-janeiro\/?s={search_term_string}\"},\"query-input\":\"required name=search_term_string\"}],\"inLanguage\":\"pt-BR\"},{\"@type\":\"ImageObject\",\"@id\":\"https:\/\/www.pacoteshyatt.com.br\/rio-de-janeiro\/product\/quintas-no-canto\/#primaryimage\",\"inLanguage\":\"pt-BR\",\"url\":\"https:\/\/www.pacoteshyatt.com.br\/rio-de-janeiro\/wp-content\/uploads\/sites\/2\/2024\/04\/GHRJ_Banner-ImgdaOferta_NoitesMusicais_308x200px_2024_v1B.jpg\",\"contentUrl\":\"https:\/\/www.pacoteshyatt.com.br\/rio-de-janeiro\/wp-content\/uploads\/sites\/2\/2024\/04\/GHRJ_Banner-ImgdaOferta_NoitesMusicais_308x200px_2024_v1B.jpg\",\"width\":308,\"height\":200},{\"@type\":\"WebPage\",\"@id\":\"https:\/\/www.pacoteshyatt.com.br\/rio-de-janeiro\/product\/quintas-no-canto\/#webpage\",\"url\":\"https:\/\/www.pacoteshyatt.com.br\/rio-de-janeiro\/product\/quintas-no-canto\/\",\"name\":\"Quintas no Cant\u00f4: Jazz, Ostras e Espumante \u2013 Grand Hyatt Rio\",\"isPartOf\":{\"@id\":\"https:\/\/www.pacoteshyatt.com.br\/rio-de-janeiro\/#website\"},\"primaryImageOfPage\":{\"@id\":\"https:\/\/www.pacoteshyatt.com.br\/rio-de-janeiro\/product\/quintas-no-canto\/#primaryimage\"},\"datePublished\":\"2024-04-05T18:49:51+00:00\",\"dateModified\":\"2025-11-10T19:58:49+00:00\",\"description\":\"Aproveite as Quintas no Cant\u00f4 com jazz ao vivo, ostras frescas \u00e0 vontade e espumante liberado. Uma experi\u00eancia sofisticada no Grand Hyatt Rio. Reserve j\u00e1!\",\"breadcrumb\":{\"@id\":\"https:\/\/www.pacoteshyatt.com.br\/rio-de-janeiro\/product\/quintas-no-canto\/#breadcrumb\"},\"inLanguage\":\"pt-BR\",\"potentialAction\":[{\"@type\":\"ReadAction\",\"target\":[\"https:\/\/www.pacoteshyatt.com.br\/rio-de-janeiro\/product\/quintas-no-canto\/\"]}]},{\"@type\":\"BreadcrumbList\",\"@id\":\"https:\/\/www.pacoteshyatt.com.br\/rio-de-janeiro\/product\/quintas-no-canto\/#breadcrumb\",\"itemListElement\":[{\"@type\":\"ListItem\",\"position\":1,\"name\":\"Home\",\"item\":\"https:\/\/www.pacoteshyatt.com.br\/rio-de-janeiro\/\"},{\"@type\":\"ListItem\",\"position\":2,\"name\":\"Cat\u00e1logo\",\"item\":\"https:\/\/www.pacoteshyatt.com.br\/rio-de-janeiro\/catalogo\/\"},{\"@type\":\"ListItem\",\"position\":3,\"name\":\"Quintas | Jazz &amp; Oysters\"}]}]}<\/script>\n<!-- \/ Yoast SEO plugin. -->","yoast_head_json":{"title":"Quintas no Cant\u00f4: Jazz, Ostras e Espumante \u2013 Grand Hyatt Rio","description":"Aproveite as Quintas no Cant\u00f4 com jazz ao vivo, ostras frescas \u00e0 vontade e espumante liberado. Uma experi\u00eancia sofisticada no Grand Hyatt Rio. Reserve j\u00e1!","robots":{"index":"index","follow":"follow","max-snippet":"max-snippet:-1","max-image-preview":"max-image-preview:large","max-video-preview":"max-video-preview:-1"},"canonical":"https:\/\/www.pacoteshyatt.com.br\/rio-de-janeiro\/product\/quintas-no-canto\/","og_locale":"pt_BR","og_type":"article","og_title":"Quintas no Cant\u00f4: Jazz, Ostras e Espumante \u2013 Grand Hyatt Rio","og_description":"Aproveite as Quintas no Cant\u00f4 com jazz ao vivo, ostras frescas \u00e0 vontade e espumante liberado. Uma experi\u00eancia sofisticada no Grand Hyatt Rio. Reserve j\u00e1!","og_url":"https:\/\/www.pacoteshyatt.com.br\/rio-de-janeiro\/product\/quintas-no-canto\/","og_site_name":"GRAND HYATT RIO DE JANEIRO","article_modified_time":"2025-11-10T19:58:49+00:00","og_image":[{"width":308,"height":200,"url":"https:\/\/www.pacoteshyatt.com.br\/rio-de-janeiro\/wp-content\/uploads\/sites\/2\/2024\/04\/GHRJ_Banner-ImgdaOferta_NoitesMusicais_308x200px_2024_v1B.jpg","type":"image\/jpeg"}],"twitter_card":"summary_large_image","twitter_misc":{"Est. tempo de leitura":"1 minuto"},"schema":{"@context":"https:\/\/schema.org","@graph":[{"@type":"WebSite","@id":"https:\/\/www.pacoteshyatt.com.br\/rio-de-janeiro\/#website","url":"https:\/\/www.pacoteshyatt.com.br\/rio-de-janeiro\/","name":"GRAND HYATT RIO DE JANEIRO","description":"Um verdadeiro resort urbano na Barra da Tijuca!","potentialAction":[{"@type":"SearchAction","target":{"@type":"EntryPoint","urlTemplate":"https:\/\/www.pacoteshyatt.com.br\/rio-de-janeiro\/?s={search_term_string}"},"query-input":"required name=search_term_string"}],"inLanguage":"pt-BR"},{"@type":"ImageObject","@id":"https:\/\/www.pacoteshyatt.com.br\/rio-de-janeiro\/product\/quintas-no-canto\/#primaryimage","inLanguage":"pt-BR","url":"https:\/\/www.pacoteshyatt.com.br\/rio-de-janeiro\/wp-content\/uploads\/sites\/2\/2024\/04\/GHRJ_Banner-ImgdaOferta_NoitesMusicais_308x200px_2024_v1B.jpg","contentUrl":"https:\/\/www.pacoteshyatt.com.br\/rio-de-janeiro\/wp-content\/uploads\/sites\/2\/2024\/04\/GHRJ_Banner-ImgdaOferta_NoitesMusicais_308x200px_2024_v1B.jpg","width":308,"height":200},{"@type":"WebPage","@id":"https:\/\/www.pacoteshyatt.com.br\/rio-de-janeiro\/product\/quintas-no-canto\/#webpage","url":"https:\/\/www.pacoteshyatt.com.br\/rio-de-janeiro\/product\/quintas-no-canto\/","name":"Quintas no Cant\u00f4: Jazz, Ostras e Espumante \u2013 Grand Hyatt Rio","isPartOf":{"@id":"https:\/\/www.pacoteshyatt.com.br\/rio-de-janeiro\/#website"},"primaryImageOfPage":{"@id":"https:\/\/www.pacoteshyatt.com.br\/rio-de-janeiro\/product\/quintas-no-canto\/#primaryimage"},"datePublished":"2024-04-05T18:49:51+00:00","dateModified":"2025-11-10T19:58:49+00:00","description":"Aproveite as Quintas no Cant\u00f4 com jazz ao vivo, ostras frescas \u00e0 vontade e espumante liberado. Uma experi\u00eancia sofisticada no Grand Hyatt Rio. Reserve j\u00e1!","breadcrumb":{"@id":"https:\/\/www.pacoteshyatt.com.br\/rio-de-janeiro\/product\/quintas-no-canto\/#breadcrumb"},"inLanguage":"pt-BR","potentialAction":[{"@type":"ReadAction","target":["https:\/\/www.pacoteshyatt.com.br\/rio-de-janeiro\/product\/quintas-no-canto\/"]}]},{"@type":"BreadcrumbList","@id":"https:\/\/www.pacoteshyatt.com.br\/rio-de-janeiro\/product\/quintas-no-canto\/#breadcrumb","itemListElement":[{"@type":"ListItem","position":1,"name":"Home","item":"https:\/\/www.pacoteshyatt.com.br\/rio-de-janeiro\/"},{"@type":"ListItem","position":2,"name":"Cat\u00e1logo","item":"https:\/\/www.pacoteshyatt.com.br\/rio-de-janeiro\/catalogo\/"},{"@type":"ListItem","position":3,"name":"Quintas | Jazz &amp; Oysters"}]}]}},"_links":{"self":[{"href":"https:\/\/www.pacoteshyatt.com.br\/rio-de-janeiro\/wp-json\/wp\/v2\/product\/14398"}],"collection":[{"href":"https:\/\/www.pacoteshyatt.com.br\/rio-de-janeiro\/wp-json\/wp\/v2\/product"}],"about":[{"href":"https:\/\/www.pacoteshyatt.com.br\/rio-de-janeiro\/wp-json\/wp\/v2\/types\/product"}],"wp:featuredmedia":[{"embeddable":true,"href":"https:\/\/www.pacoteshyatt.com.br\/rio-de-janeiro\/wp-json\/wp\/v2\/media\/18233"}],"wp:attachment":[{"href":"https:\/\/www.pacoteshyatt.com.br\/rio-de-janeiro\/wp-json\/wp\/v2\/media?parent=14398"}],"wp:term":[{"taxonomy":"product_cat","embeddable":true,"href":"https:\/\/www.pacoteshyatt.com.br\/rio-de-janeiro\/wp-json\/wp\/v2\/product_cat?post=14398"},{"taxonomy":"product_tag","embeddable":true,"href":"https:\/\/www.pacoteshyatt.com.br\/rio-de-janeiro\/wp-json\/wp\/v2\/product_tag?post=14398"}],"curies":[{"name":"wp","href":"https:\/\/api.w.org\/{rel}","templated":true}]}}