{"id":15101,"date":"2024-05-16T15:13:59","date_gmt":"2024-05-16T18:13:59","guid":{"rendered":"https:\/\/www.pacoteshyatt.com.br\/rio-de-janeiro\/?post_type=product&#038;p=15101"},"modified":"2025-05-21T16:40:55","modified_gmt":"2025-05-21T19:40:55","slug":"off-day-use-piscina-final-de-semana-e-feriado","status":"publish","type":"product","link":"https:\/\/www.pacoteshyatt.com.br\/rio-de-janeiro\/product\/off-day-use-piscina-final-de-semana-e-feriado\/","title":{"rendered":"20% OFF | Day Use Piscina | Final de semana e feriado"},"content":{"rendered":"<p>Aproveite um <strong>fim de semana<\/strong> ensolarado para curtir a piscina do Grand Hyatt Rio de Janeiro!<\/p>\n<p>O <strong>day use de piscina<\/strong> \u00e9 a oportunidade ideal para curtir um dia especial com toda a comodidade que o \u00fanico resort urbano da Barra da Tijuca tem para oferecer.<\/p>\n<p><strong><br \/>\n<span style=\"color: #bd2137\"><em>V\u00e1lido para utiliza\u00e7\u00e3o aos s\u00e1bados, domingos e feriados.<\/em><\/span><\/strong><\/p>\n<p><strong><br \/>\n<\/strong><strong><span style=\"color: #bd2137\"><em>Este voucher \u00e9 v\u00e1lido por 3 meses, mediante agendamento pr\u00e9vio e disponibilidade.<\/em><\/span><\/strong><\/p>\n","protected":false},"excerpt":{"rendered":"<p>Viva a experi\u00eancia de\u00a0um dia na piscina no Grand Hyatt Rio de Janeiro.<\/p>\n","protected":false},"featured_media":10499,"template":"","meta":{"_eb_attr":""},"product_cat":[118,19,21,68,71],"product_tag":[],"bundled_by":[],"bundle_stock_status":"instock","bundle_stock_quantity":null,"bundle_virtual":false,"bundle_layout":"","bundle_add_to_cart_form_location":"","bundle_editable_in_cart":false,"bundle_sold_individually_context":"","bundle_item_grouping":"","bundle_min_size":"","bundle_max_size":"","bundled_items":[],"yoast_head":"<!-- This site is optimized with the Yoast SEO plugin v18.4.1 - https:\/\/yoast.com\/wordpress\/plugins\/seo\/ -->\n<title>Day Use de Piscina | Final de semana e feriado - Pacotes Hyatt RJ<\/title>\n<meta name=\"description\" content=\"Aproveite um fim de semana com a piscina do Grand Hyatt Rio de Janeiro! O day use de piscina \u00e9 a oportunidade para curtir um dia no resort!\" \/>\n<meta name=\"robots\" content=\"index, follow, max-snippet:-1, max-image-preview:large, max-video-preview:-1\" \/>\n<link rel=\"canonical\" href=\"https:\/\/www.pacoteshyatt.com.br\/rio-de-janeiro\/product\/off-day-use-piscina-final-de-semana-e-feriado\/\" \/>\n<meta property=\"og:locale\" content=\"pt_BR\" \/>\n<meta property=\"og:type\" content=\"article\" \/>\n<meta property=\"og:title\" content=\"Day Use de Piscina | Final de semana e feriado - Pacotes Hyatt RJ\" \/>\n<meta property=\"og:description\" content=\"Aproveite um fim de semana com a piscina do Grand Hyatt Rio de Janeiro! O day use de piscina \u00e9 a oportunidade para curtir um dia no resort!\" \/>\n<meta property=\"og:url\" content=\"https:\/\/www.pacoteshyatt.com.br\/rio-de-janeiro\/product\/off-day-use-piscina-final-de-semana-e-feriado\/\" \/>\n<meta property=\"og:site_name\" content=\"GRAND HYATT RIO DE JANEIRO\" \/>\n<meta property=\"article:modified_time\" content=\"2025-05-21T19:40:55+00:00\" \/>\n<meta property=\"og:image\" content=\"https:\/\/www.pacoteshyatt.com.br\/rio-de-janeiro\/wp-content\/uploads\/sites\/2\/2023\/08\/tamanho-produto-1.png\" \/>\n\t<meta property=\"og:image:width\" content=\"308\" \/>\n\t<meta property=\"og:image:height\" content=\"200\" \/>\n\t<meta property=\"og:image:type\" content=\"image\/png\" \/>\n<meta name=\"twitter:card\" content=\"summary_large_image\" \/>\n<meta name=\"twitter:label1\" content=\"Est. tempo de leitura\" \/>\n\t<meta name=\"twitter:data1\" content=\"1 minuto\" \/>\n<script type=\"application\/ld+json\" class=\"yoast-schema-graph\">{\"@context\":\"https:\/\/schema.org\",\"@graph\":[{\"@type\":\"WebSite\",\"@id\":\"https:\/\/www.pacoteshyatt.com.br\/rio-de-janeiro\/#website\",\"url\":\"https:\/\/www.pacoteshyatt.com.br\/rio-de-janeiro\/\",\"name\":\"GRAND HYATT RIO DE JANEIRO\",\"description\":\"Um verdadeiro resort urbano na Barra da Tijuca!\",\"potentialAction\":[{\"@type\":\"SearchAction\",\"target\":{\"@type\":\"EntryPoint\",\"urlTemplate\":\"https:\/\/www.pacoteshyatt.com.br\/rio-de-janeiro\/?s={search_term_string}\"},\"query-input\":\"required name=search_term_string\"}],\"inLanguage\":\"pt-BR\"},{\"@type\":\"ImageObject\",\"@id\":\"https:\/\/www.pacoteshyatt.com.br\/rio-de-janeiro\/product\/off-day-use-piscina-final-de-semana-e-feriado\/#primaryimage\",\"inLanguage\":\"pt-BR\",\"url\":\"https:\/\/www.pacoteshyatt.com.br\/rio-de-janeiro\/wp-content\/uploads\/sites\/2\/2023\/08\/tamanho-produto-1.png\",\"contentUrl\":\"https:\/\/www.pacoteshyatt.com.br\/rio-de-janeiro\/wp-content\/uploads\/sites\/2\/2023\/08\/tamanho-produto-1.png\",\"width\":308,\"height\":200},{\"@type\":\"WebPage\",\"@id\":\"https:\/\/www.pacoteshyatt.com.br\/rio-de-janeiro\/product\/off-day-use-piscina-final-de-semana-e-feriado\/#webpage\",\"url\":\"https:\/\/www.pacoteshyatt.com.br\/rio-de-janeiro\/product\/off-day-use-piscina-final-de-semana-e-feriado\/\",\"name\":\"Day Use de Piscina | Final de semana e feriado - Pacotes Hyatt RJ\",\"isPartOf\":{\"@id\":\"https:\/\/www.pacoteshyatt.com.br\/rio-de-janeiro\/#website\"},\"primaryImageOfPage\":{\"@id\":\"https:\/\/www.pacoteshyatt.com.br\/rio-de-janeiro\/product\/off-day-use-piscina-final-de-semana-e-feriado\/#primaryimage\"},\"datePublished\":\"2024-05-16T18:13:59+00:00\",\"dateModified\":\"2025-05-21T19:40:55+00:00\",\"description\":\"Aproveite um fim de semana com a piscina do Grand Hyatt Rio de Janeiro! O day use de piscina \u00e9 a oportunidade para curtir um dia no resort!\",\"breadcrumb\":{\"@id\":\"https:\/\/www.pacoteshyatt.com.br\/rio-de-janeiro\/product\/off-day-use-piscina-final-de-semana-e-feriado\/#breadcrumb\"},\"inLanguage\":\"pt-BR\",\"potentialAction\":[{\"@type\":\"ReadAction\",\"target\":[\"https:\/\/www.pacoteshyatt.com.br\/rio-de-janeiro\/product\/off-day-use-piscina-final-de-semana-e-feriado\/\"]}]},{\"@type\":\"BreadcrumbList\",\"@id\":\"https:\/\/www.pacoteshyatt.com.br\/rio-de-janeiro\/product\/off-day-use-piscina-final-de-semana-e-feriado\/#breadcrumb\",\"itemListElement\":[{\"@type\":\"ListItem\",\"position\":1,\"name\":\"Home\",\"item\":\"https:\/\/www.pacoteshyatt.com.br\/rio-de-janeiro\/\"},{\"@type\":\"ListItem\",\"position\":2,\"name\":\"Cat\u00e1logo\",\"item\":\"https:\/\/www.pacoteshyatt.com.br\/rio-de-janeiro\/catalogo\/\"},{\"@type\":\"ListItem\",\"position\":3,\"name\":\"20% OFF | Day Use Piscina | Final de semana e feriado\"}]}]}<\/script>\n<!-- \/ Yoast SEO plugin. -->","yoast_head_json":{"title":"Day Use de Piscina | Final de semana e feriado - Pacotes Hyatt RJ","description":"Aproveite um fim de semana com a piscina do Grand Hyatt Rio de Janeiro! O day use de piscina \u00e9 a oportunidade para curtir um dia no resort!","robots":{"index":"index","follow":"follow","max-snippet":"max-snippet:-1","max-image-preview":"max-image-preview:large","max-video-preview":"max-video-preview:-1"},"canonical":"https:\/\/www.pacoteshyatt.com.br\/rio-de-janeiro\/product\/off-day-use-piscina-final-de-semana-e-feriado\/","og_locale":"pt_BR","og_type":"article","og_title":"Day Use de Piscina | Final de semana e feriado - Pacotes Hyatt RJ","og_description":"Aproveite um fim de semana com a piscina do Grand Hyatt Rio de Janeiro! O day use de piscina \u00e9 a oportunidade para curtir um dia no resort!","og_url":"https:\/\/www.pacoteshyatt.com.br\/rio-de-janeiro\/product\/off-day-use-piscina-final-de-semana-e-feriado\/","og_site_name":"GRAND HYATT RIO DE JANEIRO","article_modified_time":"2025-05-21T19:40:55+00:00","og_image":[{"width":308,"height":200,"url":"https:\/\/www.pacoteshyatt.com.br\/rio-de-janeiro\/wp-content\/uploads\/sites\/2\/2023\/08\/tamanho-produto-1.png","type":"image\/png"}],"twitter_card":"summary_large_image","twitter_misc":{"Est. tempo de leitura":"1 minuto"},"schema":{"@context":"https:\/\/schema.org","@graph":[{"@type":"WebSite","@id":"https:\/\/www.pacoteshyatt.com.br\/rio-de-janeiro\/#website","url":"https:\/\/www.pacoteshyatt.com.br\/rio-de-janeiro\/","name":"GRAND HYATT RIO DE JANEIRO","description":"Um verdadeiro resort urbano na Barra da Tijuca!","potentialAction":[{"@type":"SearchAction","target":{"@type":"EntryPoint","urlTemplate":"https:\/\/www.pacoteshyatt.com.br\/rio-de-janeiro\/?s={search_term_string}"},"query-input":"required name=search_term_string"}],"inLanguage":"pt-BR"},{"@type":"ImageObject","@id":"https:\/\/www.pacoteshyatt.com.br\/rio-de-janeiro\/product\/off-day-use-piscina-final-de-semana-e-feriado\/#primaryimage","inLanguage":"pt-BR","url":"https:\/\/www.pacoteshyatt.com.br\/rio-de-janeiro\/wp-content\/uploads\/sites\/2\/2023\/08\/tamanho-produto-1.png","contentUrl":"https:\/\/www.pacoteshyatt.com.br\/rio-de-janeiro\/wp-content\/uploads\/sites\/2\/2023\/08\/tamanho-produto-1.png","width":308,"height":200},{"@type":"WebPage","@id":"https:\/\/www.pacoteshyatt.com.br\/rio-de-janeiro\/product\/off-day-use-piscina-final-de-semana-e-feriado\/#webpage","url":"https:\/\/www.pacoteshyatt.com.br\/rio-de-janeiro\/product\/off-day-use-piscina-final-de-semana-e-feriado\/","name":"Day Use de Piscina | Final de semana e feriado - Pacotes Hyatt RJ","isPartOf":{"@id":"https:\/\/www.pacoteshyatt.com.br\/rio-de-janeiro\/#website"},"primaryImageOfPage":{"@id":"https:\/\/www.pacoteshyatt.com.br\/rio-de-janeiro\/product\/off-day-use-piscina-final-de-semana-e-feriado\/#primaryimage"},"datePublished":"2024-05-16T18:13:59+00:00","dateModified":"2025-05-21T19:40:55+00:00","description":"Aproveite um fim de semana com a piscina do Grand Hyatt Rio de Janeiro! O day use de piscina \u00e9 a oportunidade para curtir um dia no resort!","breadcrumb":{"@id":"https:\/\/www.pacoteshyatt.com.br\/rio-de-janeiro\/product\/off-day-use-piscina-final-de-semana-e-feriado\/#breadcrumb"},"inLanguage":"pt-BR","potentialAction":[{"@type":"ReadAction","target":["https:\/\/www.pacoteshyatt.com.br\/rio-de-janeiro\/product\/off-day-use-piscina-final-de-semana-e-feriado\/"]}]},{"@type":"BreadcrumbList","@id":"https:\/\/www.pacoteshyatt.com.br\/rio-de-janeiro\/product\/off-day-use-piscina-final-de-semana-e-feriado\/#breadcrumb","itemListElement":[{"@type":"ListItem","position":1,"name":"Home","item":"https:\/\/www.pacoteshyatt.com.br\/rio-de-janeiro\/"},{"@type":"ListItem","position":2,"name":"Cat\u00e1logo","item":"https:\/\/www.pacoteshyatt.com.br\/rio-de-janeiro\/catalogo\/"},{"@type":"ListItem","position":3,"name":"20% OFF | Day Use Piscina | Final de semana e feriado"}]}]}},"_links":{"self":[{"href":"https:\/\/www.pacoteshyatt.com.br\/rio-de-janeiro\/wp-json\/wp\/v2\/product\/15101"}],"collection":[{"href":"https:\/\/www.pacoteshyatt.com.br\/rio-de-janeiro\/wp-json\/wp\/v2\/product"}],"about":[{"href":"https:\/\/www.pacoteshyatt.com.br\/rio-de-janeiro\/wp-json\/wp\/v2\/types\/product"}],"wp:featuredmedia":[{"embeddable":true,"href":"https:\/\/www.pacoteshyatt.com.br\/rio-de-janeiro\/wp-json\/wp\/v2\/media\/10499"}],"wp:attachment":[{"href":"https:\/\/www.pacoteshyatt.com.br\/rio-de-janeiro\/wp-json\/wp\/v2\/media?parent=15101"}],"wp:term":[{"taxonomy":"product_cat","embeddable":true,"href":"https:\/\/www.pacoteshyatt.com.br\/rio-de-janeiro\/wp-json\/wp\/v2\/product_cat?post=15101"},{"taxonomy":"product_tag","embeddable":true,"href":"https:\/\/www.pacoteshyatt.com.br\/rio-de-janeiro\/wp-json\/wp\/v2\/product_tag?post=15101"}],"curies":[{"name":"wp","href":"https:\/\/api.w.org\/{rel}","templated":true}]}}