{"id":17201,"date":"2024-11-13T13:49:51","date_gmt":"2024-11-13T16:49:51","guid":{"rendered":"https:\/\/www.pacoteshyatt.com.br\/rio-de-janeiro\/?post_type=product&#038;p=17201"},"modified":"2026-03-23T10:56:20","modified_gmt":"2026-03-23T13:56:20","slug":"day-use-dias-de-semana-off","status":"publish","type":"product","link":"https:\/\/www.pacoteshyatt.com.br\/rio-de-janeiro\/product\/day-use-dias-de-semana-off\/","title":{"rendered":"Semana do Consumidor | Day Use Piscina: Dias de semana | 15% OFF"},"content":{"rendered":"<p><strong><span class=\"ui-provider a b c d e f g h i j k l m n o p q r s t u v w x y z ab ac ae af ag ah ai aj ak\" dir=\"ltr\">De 15\/03 a 20\/03, aproveite descontos exclusivos na Semana do Consumidor do Grand Hyatt Rio de Janeiro! <a href=\"https:\/\/www.pacoteshyatt.com.br\/rio-de-janeiro\/semana-do-consumidor\/\">Clique aqui<\/a> e confira todas as ofertas.\u00a0<\/span><\/strong><\/p>\n<p data-start=\"317\" data-end=\"569\">Com o\u00a0<strong data-start=\"323\" data-end=\"342\">Day Use Piscina: Dias de Semana<\/strong>, voc\u00ea tem acesso exclusivo \u00e0 \u00e1rea das piscinas do hotel, com toda a sofistica\u00e7\u00e3o, conforto e hospitalidade que o Grand Hyatt Rio de Janeiro oferece.<\/p>\n<p data-start=\"571\" data-end=\"758\">Aproveite uma experi\u00eancia completa de bem-estar com <strong>acesso \u00e0 piscina climatizada e ao deck molhado, vesti\u00e1rios equipados com arm\u00e1rios individuais do Atiaia Spa e acesso \u00e0s saunas seca e a vapor<\/strong> para relaxamento total. Para sua comodidade, toalhas dispon\u00edveis na \u00e1rea da piscina e nos vesti\u00e1rios, al\u00e9m de um servi\u00e7o de praia exclusivo com guarda-sol e espregui\u00e7adeiras \u00e0 sua disposi\u00e7\u00e3o.<\/p>\n<p data-start=\"571\" data-end=\"758\">Ideal para quem mora no Rio ou est\u00e1 de passagem pela Barra da Tijuca, essa experi\u00eancia \u00e9 perfeita para relaxar, recarregar as energias e curtir momentos \u00fanicos em um cen\u00e1rio paradis\u00edaco.<\/p>\n<hr \/>\n<p><strong><em>\u00a0<\/em><\/strong><\/p>\n<p><strong><span style=\"color: #bd2137\"><span class=\"ui-provider a b c d e f g h i j k l m n o p q r s t u v w x y z ab ac ae af ag ah ai aj ak\" dir=\"ltr\">ESTE VOUCHER TEM VALIDADE DE 3 MESES, MEDIANTE AGENDAMENTO PR\u00c9VIO E DISPONIBILIDADE DURANTE DIAS DE SEMANA (SEGUNDA \u00c0 SEXTA).\u00a0<\/span><\/span><\/strong><\/p>\n<p><span style=\"color: #bd2137\">Ap\u00f3s a compra, \u00e9 necess\u00e1rio realizar o agendamento atrav\u00e9s do Whatsapp: (21) 3797-9566<\/span><\/p>\n","protected":false},"excerpt":{"rendered":"<p>Viva a experi\u00eancia de\u00a0um dia na piscina no Grand Hyatt Rio de Janeiro.<\/p>\n","protected":false},"featured_media":22843,"template":"","meta":{"_eb_attr":""},"product_cat":[21,80,68,71],"product_tag":[],"bundled_by":[],"bundle_stock_status":"outofstock","bundle_stock_quantity":0,"bundle_virtual":false,"bundle_layout":"","bundle_add_to_cart_form_location":"","bundle_editable_in_cart":false,"bundle_sold_individually_context":"","bundle_item_grouping":"","bundle_min_size":"","bundle_max_size":"","bundled_items":[],"yoast_head":"<!-- This site is optimized with the Yoast SEO plugin v18.4.1 - https:\/\/yoast.com\/wordpress\/plugins\/seo\/ -->\n<title>Semana do Consumidor | Day Use Piscina: Dias de semana | 15% OFF - Grand Hyatt Rio de Janeiro<\/title>\n<meta name=\"description\" content=\"Desfrute do Day Use do Grand Hyatt Rio de Janeiro com descontos especiais em dias de semana. Conforto, lazer e exclusividade. Reserve j\u00e1!\" \/>\n<meta name=\"robots\" content=\"index, follow, max-snippet:-1, max-image-preview:large, max-video-preview:-1\" \/>\n<link rel=\"canonical\" href=\"https:\/\/www.pacoteshyatt.com.br\/rio-de-janeiro\/product\/day-use-dias-de-semana-off\/\" \/>\n<meta property=\"og:locale\" content=\"pt_BR\" \/>\n<meta property=\"og:type\" content=\"article\" \/>\n<meta property=\"og:title\" content=\"Semana do Consumidor | Day Use Piscina: Dias de semana | 15% OFF - Grand Hyatt Rio de Janeiro\" \/>\n<meta property=\"og:description\" content=\"Desfrute do Day Use do Grand Hyatt Rio de Janeiro com descontos especiais em dias de semana. Conforto, lazer e exclusividade. Reserve j\u00e1!\" \/>\n<meta property=\"og:url\" content=\"https:\/\/www.pacoteshyatt.com.br\/rio-de-janeiro\/product\/day-use-dias-de-semana-off\/\" \/>\n<meta property=\"og:site_name\" content=\"GRAND HYATT RIO DE JANEIRO\" \/>\n<meta property=\"article:modified_time\" content=\"2026-03-23T13:56:20+00:00\" \/>\n<meta property=\"og:image\" content=\"https:\/\/www.pacoteshyatt.com.br\/rio-de-janeiro\/wp-content\/uploads\/sites\/2\/2021\/11\/GHRJ_SemanaConsumidor2026_CapaOferta_DayUse_649x435px_v01.png\" \/>\n\t<meta property=\"og:image:width\" content=\"649\" \/>\n\t<meta property=\"og:image:height\" content=\"435\" \/>\n\t<meta property=\"og:image:type\" content=\"image\/png\" \/>\n<meta name=\"twitter:card\" content=\"summary_large_image\" \/>\n<meta name=\"twitter:label1\" content=\"Est. tempo de leitura\" \/>\n\t<meta name=\"twitter:data1\" content=\"1 minuto\" \/>\n<script type=\"application\/ld+json\" class=\"yoast-schema-graph\">{\"@context\":\"https:\/\/schema.org\",\"@graph\":[{\"@type\":\"WebSite\",\"@id\":\"https:\/\/www.pacoteshyatt.com.br\/rio-de-janeiro\/#website\",\"url\":\"https:\/\/www.pacoteshyatt.com.br\/rio-de-janeiro\/\",\"name\":\"GRAND HYATT RIO DE JANEIRO\",\"description\":\"Um verdadeiro resort urbano na Barra da Tijuca!\",\"potentialAction\":[{\"@type\":\"SearchAction\",\"target\":{\"@type\":\"EntryPoint\",\"urlTemplate\":\"https:\/\/www.pacoteshyatt.com.br\/rio-de-janeiro\/?s={search_term_string}\"},\"query-input\":\"required name=search_term_string\"}],\"inLanguage\":\"pt-BR\"},{\"@type\":\"ImageObject\",\"@id\":\"https:\/\/www.pacoteshyatt.com.br\/rio-de-janeiro\/product\/day-use-dias-de-semana-off\/#primaryimage\",\"inLanguage\":\"pt-BR\",\"url\":\"https:\/\/www.pacoteshyatt.com.br\/rio-de-janeiro\/wp-content\/uploads\/sites\/2\/2021\/11\/GHRJ_SemanaConsumidor2026_CapaOferta_DayUse_649x435px_v01.png\",\"contentUrl\":\"https:\/\/www.pacoteshyatt.com.br\/rio-de-janeiro\/wp-content\/uploads\/sites\/2\/2021\/11\/GHRJ_SemanaConsumidor2026_CapaOferta_DayUse_649x435px_v01.png\",\"width\":649,\"height\":435},{\"@type\":\"WebPage\",\"@id\":\"https:\/\/www.pacoteshyatt.com.br\/rio-de-janeiro\/product\/day-use-dias-de-semana-off\/#webpage\",\"url\":\"https:\/\/www.pacoteshyatt.com.br\/rio-de-janeiro\/product\/day-use-dias-de-semana-off\/\",\"name\":\"Semana do Consumidor | Day Use Piscina: Dias de semana | 15% OFF - Grand Hyatt Rio de Janeiro\",\"isPartOf\":{\"@id\":\"https:\/\/www.pacoteshyatt.com.br\/rio-de-janeiro\/#website\"},\"primaryImageOfPage\":{\"@id\":\"https:\/\/www.pacoteshyatt.com.br\/rio-de-janeiro\/product\/day-use-dias-de-semana-off\/#primaryimage\"},\"datePublished\":\"2024-11-13T16:49:51+00:00\",\"dateModified\":\"2026-03-23T13:56:20+00:00\",\"description\":\"Desfrute do Day Use do Grand Hyatt Rio de Janeiro com descontos especiais em dias de semana. Conforto, lazer e exclusividade. Reserve j\u00e1!\",\"breadcrumb\":{\"@id\":\"https:\/\/www.pacoteshyatt.com.br\/rio-de-janeiro\/product\/day-use-dias-de-semana-off\/#breadcrumb\"},\"inLanguage\":\"pt-BR\",\"potentialAction\":[{\"@type\":\"ReadAction\",\"target\":[\"https:\/\/www.pacoteshyatt.com.br\/rio-de-janeiro\/product\/day-use-dias-de-semana-off\/\"]}]},{\"@type\":\"BreadcrumbList\",\"@id\":\"https:\/\/www.pacoteshyatt.com.br\/rio-de-janeiro\/product\/day-use-dias-de-semana-off\/#breadcrumb\",\"itemListElement\":[{\"@type\":\"ListItem\",\"position\":1,\"name\":\"Home\",\"item\":\"https:\/\/www.pacoteshyatt.com.br\/rio-de-janeiro\/\"},{\"@type\":\"ListItem\",\"position\":2,\"name\":\"Cat\u00e1logo\",\"item\":\"https:\/\/www.pacoteshyatt.com.br\/rio-de-janeiro\/catalogo\/\"},{\"@type\":\"ListItem\",\"position\":3,\"name\":\"Semana do Consumidor | Day Use Piscina: Dias de semana | 15% OFF\"}]}]}<\/script>\n<!-- \/ Yoast SEO plugin. -->","yoast_head_json":{"title":"Semana do Consumidor | Day Use Piscina: Dias de semana | 15% OFF - Grand Hyatt Rio de Janeiro","description":"Desfrute do Day Use do Grand Hyatt Rio de Janeiro com descontos especiais em dias de semana. Conforto, lazer e exclusividade. Reserve j\u00e1!","robots":{"index":"index","follow":"follow","max-snippet":"max-snippet:-1","max-image-preview":"max-image-preview:large","max-video-preview":"max-video-preview:-1"},"canonical":"https:\/\/www.pacoteshyatt.com.br\/rio-de-janeiro\/product\/day-use-dias-de-semana-off\/","og_locale":"pt_BR","og_type":"article","og_title":"Semana do Consumidor | Day Use Piscina: Dias de semana | 15% OFF - Grand Hyatt Rio de Janeiro","og_description":"Desfrute do Day Use do Grand Hyatt Rio de Janeiro com descontos especiais em dias de semana. Conforto, lazer e exclusividade. Reserve j\u00e1!","og_url":"https:\/\/www.pacoteshyatt.com.br\/rio-de-janeiro\/product\/day-use-dias-de-semana-off\/","og_site_name":"GRAND HYATT RIO DE JANEIRO","article_modified_time":"2026-03-23T13:56:20+00:00","og_image":[{"width":649,"height":435,"url":"https:\/\/www.pacoteshyatt.com.br\/rio-de-janeiro\/wp-content\/uploads\/sites\/2\/2021\/11\/GHRJ_SemanaConsumidor2026_CapaOferta_DayUse_649x435px_v01.png","type":"image\/png"}],"twitter_card":"summary_large_image","twitter_misc":{"Est. tempo de leitura":"1 minuto"},"schema":{"@context":"https:\/\/schema.org","@graph":[{"@type":"WebSite","@id":"https:\/\/www.pacoteshyatt.com.br\/rio-de-janeiro\/#website","url":"https:\/\/www.pacoteshyatt.com.br\/rio-de-janeiro\/","name":"GRAND HYATT RIO DE JANEIRO","description":"Um verdadeiro resort urbano na Barra da Tijuca!","potentialAction":[{"@type":"SearchAction","target":{"@type":"EntryPoint","urlTemplate":"https:\/\/www.pacoteshyatt.com.br\/rio-de-janeiro\/?s={search_term_string}"},"query-input":"required name=search_term_string"}],"inLanguage":"pt-BR"},{"@type":"ImageObject","@id":"https:\/\/www.pacoteshyatt.com.br\/rio-de-janeiro\/product\/day-use-dias-de-semana-off\/#primaryimage","inLanguage":"pt-BR","url":"https:\/\/www.pacoteshyatt.com.br\/rio-de-janeiro\/wp-content\/uploads\/sites\/2\/2021\/11\/GHRJ_SemanaConsumidor2026_CapaOferta_DayUse_649x435px_v01.png","contentUrl":"https:\/\/www.pacoteshyatt.com.br\/rio-de-janeiro\/wp-content\/uploads\/sites\/2\/2021\/11\/GHRJ_SemanaConsumidor2026_CapaOferta_DayUse_649x435px_v01.png","width":649,"height":435},{"@type":"WebPage","@id":"https:\/\/www.pacoteshyatt.com.br\/rio-de-janeiro\/product\/day-use-dias-de-semana-off\/#webpage","url":"https:\/\/www.pacoteshyatt.com.br\/rio-de-janeiro\/product\/day-use-dias-de-semana-off\/","name":"Semana do Consumidor | Day Use Piscina: Dias de semana | 15% OFF - Grand Hyatt Rio de Janeiro","isPartOf":{"@id":"https:\/\/www.pacoteshyatt.com.br\/rio-de-janeiro\/#website"},"primaryImageOfPage":{"@id":"https:\/\/www.pacoteshyatt.com.br\/rio-de-janeiro\/product\/day-use-dias-de-semana-off\/#primaryimage"},"datePublished":"2024-11-13T16:49:51+00:00","dateModified":"2026-03-23T13:56:20+00:00","description":"Desfrute do Day Use do Grand Hyatt Rio de Janeiro com descontos especiais em dias de semana. Conforto, lazer e exclusividade. Reserve j\u00e1!","breadcrumb":{"@id":"https:\/\/www.pacoteshyatt.com.br\/rio-de-janeiro\/product\/day-use-dias-de-semana-off\/#breadcrumb"},"inLanguage":"pt-BR","potentialAction":[{"@type":"ReadAction","target":["https:\/\/www.pacoteshyatt.com.br\/rio-de-janeiro\/product\/day-use-dias-de-semana-off\/"]}]},{"@type":"BreadcrumbList","@id":"https:\/\/www.pacoteshyatt.com.br\/rio-de-janeiro\/product\/day-use-dias-de-semana-off\/#breadcrumb","itemListElement":[{"@type":"ListItem","position":1,"name":"Home","item":"https:\/\/www.pacoteshyatt.com.br\/rio-de-janeiro\/"},{"@type":"ListItem","position":2,"name":"Cat\u00e1logo","item":"https:\/\/www.pacoteshyatt.com.br\/rio-de-janeiro\/catalogo\/"},{"@type":"ListItem","position":3,"name":"Semana do Consumidor | Day Use Piscina: Dias de semana | 15% OFF"}]}]}},"_links":{"self":[{"href":"https:\/\/www.pacoteshyatt.com.br\/rio-de-janeiro\/wp-json\/wp\/v2\/product\/17201"}],"collection":[{"href":"https:\/\/www.pacoteshyatt.com.br\/rio-de-janeiro\/wp-json\/wp\/v2\/product"}],"about":[{"href":"https:\/\/www.pacoteshyatt.com.br\/rio-de-janeiro\/wp-json\/wp\/v2\/types\/product"}],"wp:featuredmedia":[{"embeddable":true,"href":"https:\/\/www.pacoteshyatt.com.br\/rio-de-janeiro\/wp-json\/wp\/v2\/media\/22843"}],"wp:attachment":[{"href":"https:\/\/www.pacoteshyatt.com.br\/rio-de-janeiro\/wp-json\/wp\/v2\/media?parent=17201"}],"wp:term":[{"taxonomy":"product_cat","embeddable":true,"href":"https:\/\/www.pacoteshyatt.com.br\/rio-de-janeiro\/wp-json\/wp\/v2\/product_cat?post=17201"},{"taxonomy":"product_tag","embeddable":true,"href":"https:\/\/www.pacoteshyatt.com.br\/rio-de-janeiro\/wp-json\/wp\/v2\/product_tag?post=17201"}],"curies":[{"name":"wp","href":"https:\/\/api.w.org\/{rel}","templated":true}]}}