{"id":18235,"date":"2025-02-12T11:49:49","date_gmt":"2025-02-12T14:49:49","guid":{"rendered":"https:\/\/www.pacoteshyatt.com.br\/rio-de-janeiro\/?post_type=product&#038;p=18235"},"modified":"2025-05-13T18:02:51","modified_gmt":"2025-05-13T21:02:51","slug":"carioca-nights","status":"publish","type":"product","link":"https:\/\/www.pacoteshyatt.com.br\/rio-de-janeiro\/product\/carioca-nights\/","title":{"rendered":"S\u00e1bados | Carioca Nights"},"content":{"rendered":"<p><strong>Aproveite noites incr\u00edveis com o Carioca Nights!<\/strong><\/p>\n<p>Venha viver uma experi\u00eancia Maravilhosa, assim como nossa cidade, no restaurante Cant\u00f4 Gastr\u00f4 &amp; Lounge. Experimente os mais deliciosos drinks de nossa carta especial, e como cortesia, desfrute de uma t\u00e1bua com petiscos selecionados para acompanhar.<\/p>\n<p>Junte-se a n\u00f3s todos os s\u00e1bados das 20h \u00e0s 22h em um ambiente que mistura o luxo com a descontra\u00e7\u00e3o, com m\u00fasica ao vivo tocando o melhor do samba e MPB.<\/p>\n<p>&nbsp;<\/p>\n<p><span style=\"color: #bd2137\">Mais informa\u00e7\u00f5es: <a href=\"tel:21 3797-9524\"><em>21 3797-9524<\/em><\/a> ou email <a href=\"mailto:RIOGH-hostesses@hyatt.com\"><em>RIOGH-hostesses@hyatt.com<\/em><\/a><\/span><span style=\"color: #bd2137\">.<\/span><strong><span style=\"color: #bd2137\"><br \/>\n<\/span><\/strong><strong><br \/>\n<\/strong><\/p>\n<p><strong>Cada voucher gerado \u00e9 v\u00e1lido para 1 pessoa, e deve ser utilizado somente aos s\u00e1bados, durante o hor\u00e1rio do evento. Reserve sua mesa com anteced\u00eancia para confirmar disponibilidade.\u00a0<\/strong><\/p>\n<p>&nbsp;<\/p>\n<p><i>Para coment\u00e1rios \u00e0 respeito de restri\u00e7\u00f5es alimentares e prefer\u00eancias em rela\u00e7\u00e3o a localiza\u00e7\u00e3o e compartilhamento da mesa, favor inserir na parte\u00a0<strong>&#8220;Informa\u00e7\u00e3o adicional&#8221;\u00a0<\/strong>no momento do pagamento.<\/i><\/p>\n","protected":false},"excerpt":{"rendered":"<p>Aproveite noites incr\u00edveis com o Carioca Nights! Venha viver uma experi\u00eancia Maravilhosa, assim como nossa cidade, no restaurante Cant\u00f4 Gastr\u00f4 &amp; Lounge. Experimente os mais deliciosos drinks de nossa carta especial, e como cortesia, desfrute de uma t\u00e1bua com petiscos selecionados para acompanhar. Junte-se a n\u00f3s todos os s\u00e1bados das 20h \u00e0s 22h em um [&hellip;]<\/p>\n","protected":false},"featured_media":19074,"template":"","meta":{"_eb_attr":""},"product_cat":[136,20,69,56],"product_tag":[],"bundled_by":[],"bundle_stock_status":"instock","bundle_stock_quantity":null,"bundle_virtual":false,"bundle_layout":"","bundle_add_to_cart_form_location":"","bundle_editable_in_cart":false,"bundle_sold_individually_context":"","bundle_item_grouping":"","bundle_min_size":"","bundle_max_size":"","bundled_items":[],"yoast_head":"<!-- This site is optimized with the Yoast SEO plugin v18.4.1 - https:\/\/yoast.com\/wordpress\/plugins\/seo\/ -->\n<title>Carioca Nights: M\u00fasica ao Vivo e Drinks \u2013 Grand Hyatt Rio<\/title>\n<meta name=\"description\" content=\"Aproveite o Carioca Nights no Cant\u00f4, com samba e MPB ao vivo, drinks especiais e petiscos cortesia. Uma experi\u00eancia \u00fanica aos s\u00e1bados, das 20h \u00e0s 22h. Acesse!\" \/>\n<meta name=\"robots\" content=\"index, follow, max-snippet:-1, max-image-preview:large, max-video-preview:-1\" \/>\n<link rel=\"canonical\" href=\"https:\/\/www.pacoteshyatt.com.br\/rio-de-janeiro\/product\/carioca-nights\/\" \/>\n<meta property=\"og:locale\" content=\"pt_BR\" \/>\n<meta property=\"og:type\" content=\"article\" \/>\n<meta property=\"og:title\" content=\"Carioca Nights: M\u00fasica ao Vivo e Drinks \u2013 Grand Hyatt Rio\" \/>\n<meta property=\"og:description\" content=\"Aproveite o Carioca Nights no Cant\u00f4, com samba e MPB ao vivo, drinks especiais e petiscos cortesia. Uma experi\u00eancia \u00fanica aos s\u00e1bados, das 20h \u00e0s 22h. Acesse!\" \/>\n<meta property=\"og:url\" content=\"https:\/\/www.pacoteshyatt.com.br\/rio-de-janeiro\/product\/carioca-nights\/\" \/>\n<meta property=\"og:site_name\" content=\"GRAND HYATT RIO DE JANEIRO\" \/>\n<meta property=\"article:modified_time\" content=\"2025-05-13T21:02:51+00:00\" \/>\n<meta property=\"og:image\" content=\"https:\/\/www.pacoteshyatt.com.br\/rio-de-janeiro\/wp-content\/uploads\/sites\/2\/2025\/05\/GHRJ_ImgOferta_NoitesMusicais_308x200px_Fev2025_v2.jpg\" \/>\n\t<meta property=\"og:image:width\" content=\"308\" \/>\n\t<meta property=\"og:image:height\" content=\"200\" \/>\n\t<meta property=\"og:image:type\" content=\"image\/jpeg\" \/>\n<meta name=\"twitter:card\" content=\"summary_large_image\" \/>\n<meta name=\"twitter:label1\" content=\"Est. tempo de leitura\" \/>\n\t<meta name=\"twitter:data1\" content=\"1 minuto\" \/>\n<script type=\"application\/ld+json\" class=\"yoast-schema-graph\">{\"@context\":\"https:\/\/schema.org\",\"@graph\":[{\"@type\":\"WebSite\",\"@id\":\"https:\/\/www.pacoteshyatt.com.br\/rio-de-janeiro\/#website\",\"url\":\"https:\/\/www.pacoteshyatt.com.br\/rio-de-janeiro\/\",\"name\":\"GRAND HYATT RIO DE JANEIRO\",\"description\":\"Um verdadeiro resort urbano na Barra da Tijuca!\",\"potentialAction\":[{\"@type\":\"SearchAction\",\"target\":{\"@type\":\"EntryPoint\",\"urlTemplate\":\"https:\/\/www.pacoteshyatt.com.br\/rio-de-janeiro\/?s={search_term_string}\"},\"query-input\":\"required name=search_term_string\"}],\"inLanguage\":\"pt-BR\"},{\"@type\":\"ImageObject\",\"@id\":\"https:\/\/www.pacoteshyatt.com.br\/rio-de-janeiro\/product\/carioca-nights\/#primaryimage\",\"inLanguage\":\"pt-BR\",\"url\":\"https:\/\/www.pacoteshyatt.com.br\/rio-de-janeiro\/wp-content\/uploads\/sites\/2\/2025\/05\/GHRJ_ImgOferta_NoitesMusicais_308x200px_Fev2025_v2.jpg\",\"contentUrl\":\"https:\/\/www.pacoteshyatt.com.br\/rio-de-janeiro\/wp-content\/uploads\/sites\/2\/2025\/05\/GHRJ_ImgOferta_NoitesMusicais_308x200px_Fev2025_v2.jpg\",\"width\":308,\"height\":200},{\"@type\":\"WebPage\",\"@id\":\"https:\/\/www.pacoteshyatt.com.br\/rio-de-janeiro\/product\/carioca-nights\/#webpage\",\"url\":\"https:\/\/www.pacoteshyatt.com.br\/rio-de-janeiro\/product\/carioca-nights\/\",\"name\":\"Carioca Nights: M\u00fasica ao Vivo e Drinks \u2013 Grand Hyatt Rio\",\"isPartOf\":{\"@id\":\"https:\/\/www.pacoteshyatt.com.br\/rio-de-janeiro\/#website\"},\"primaryImageOfPage\":{\"@id\":\"https:\/\/www.pacoteshyatt.com.br\/rio-de-janeiro\/product\/carioca-nights\/#primaryimage\"},\"datePublished\":\"2025-02-12T14:49:49+00:00\",\"dateModified\":\"2025-05-13T21:02:51+00:00\",\"description\":\"Aproveite o Carioca Nights no Cant\u00f4, com samba e MPB ao vivo, drinks especiais e petiscos cortesia. Uma experi\u00eancia \u00fanica aos s\u00e1bados, das 20h \u00e0s 22h. Acesse!\",\"breadcrumb\":{\"@id\":\"https:\/\/www.pacoteshyatt.com.br\/rio-de-janeiro\/product\/carioca-nights\/#breadcrumb\"},\"inLanguage\":\"pt-BR\",\"potentialAction\":[{\"@type\":\"ReadAction\",\"target\":[\"https:\/\/www.pacoteshyatt.com.br\/rio-de-janeiro\/product\/carioca-nights\/\"]}]},{\"@type\":\"BreadcrumbList\",\"@id\":\"https:\/\/www.pacoteshyatt.com.br\/rio-de-janeiro\/product\/carioca-nights\/#breadcrumb\",\"itemListElement\":[{\"@type\":\"ListItem\",\"position\":1,\"name\":\"Home\",\"item\":\"https:\/\/www.pacoteshyatt.com.br\/rio-de-janeiro\/\"},{\"@type\":\"ListItem\",\"position\":2,\"name\":\"Cat\u00e1logo\",\"item\":\"https:\/\/www.pacoteshyatt.com.br\/rio-de-janeiro\/catalogo\/\"},{\"@type\":\"ListItem\",\"position\":3,\"name\":\"S\u00e1bados | Carioca Nights\"}]}]}<\/script>\n<!-- \/ Yoast SEO plugin. -->","yoast_head_json":{"title":"Carioca Nights: M\u00fasica ao Vivo e Drinks \u2013 Grand Hyatt Rio","description":"Aproveite o Carioca Nights no Cant\u00f4, com samba e MPB ao vivo, drinks especiais e petiscos cortesia. Uma experi\u00eancia \u00fanica aos s\u00e1bados, das 20h \u00e0s 22h. Acesse!","robots":{"index":"index","follow":"follow","max-snippet":"max-snippet:-1","max-image-preview":"max-image-preview:large","max-video-preview":"max-video-preview:-1"},"canonical":"https:\/\/www.pacoteshyatt.com.br\/rio-de-janeiro\/product\/carioca-nights\/","og_locale":"pt_BR","og_type":"article","og_title":"Carioca Nights: M\u00fasica ao Vivo e Drinks \u2013 Grand Hyatt Rio","og_description":"Aproveite o Carioca Nights no Cant\u00f4, com samba e MPB ao vivo, drinks especiais e petiscos cortesia. Uma experi\u00eancia \u00fanica aos s\u00e1bados, das 20h \u00e0s 22h. Acesse!","og_url":"https:\/\/www.pacoteshyatt.com.br\/rio-de-janeiro\/product\/carioca-nights\/","og_site_name":"GRAND HYATT RIO DE JANEIRO","article_modified_time":"2025-05-13T21:02:51+00:00","og_image":[{"width":308,"height":200,"url":"https:\/\/www.pacoteshyatt.com.br\/rio-de-janeiro\/wp-content\/uploads\/sites\/2\/2025\/05\/GHRJ_ImgOferta_NoitesMusicais_308x200px_Fev2025_v2.jpg","type":"image\/jpeg"}],"twitter_card":"summary_large_image","twitter_misc":{"Est. tempo de leitura":"1 minuto"},"schema":{"@context":"https:\/\/schema.org","@graph":[{"@type":"WebSite","@id":"https:\/\/www.pacoteshyatt.com.br\/rio-de-janeiro\/#website","url":"https:\/\/www.pacoteshyatt.com.br\/rio-de-janeiro\/","name":"GRAND HYATT RIO DE JANEIRO","description":"Um verdadeiro resort urbano na Barra da Tijuca!","potentialAction":[{"@type":"SearchAction","target":{"@type":"EntryPoint","urlTemplate":"https:\/\/www.pacoteshyatt.com.br\/rio-de-janeiro\/?s={search_term_string}"},"query-input":"required name=search_term_string"}],"inLanguage":"pt-BR"},{"@type":"ImageObject","@id":"https:\/\/www.pacoteshyatt.com.br\/rio-de-janeiro\/product\/carioca-nights\/#primaryimage","inLanguage":"pt-BR","url":"https:\/\/www.pacoteshyatt.com.br\/rio-de-janeiro\/wp-content\/uploads\/sites\/2\/2025\/05\/GHRJ_ImgOferta_NoitesMusicais_308x200px_Fev2025_v2.jpg","contentUrl":"https:\/\/www.pacoteshyatt.com.br\/rio-de-janeiro\/wp-content\/uploads\/sites\/2\/2025\/05\/GHRJ_ImgOferta_NoitesMusicais_308x200px_Fev2025_v2.jpg","width":308,"height":200},{"@type":"WebPage","@id":"https:\/\/www.pacoteshyatt.com.br\/rio-de-janeiro\/product\/carioca-nights\/#webpage","url":"https:\/\/www.pacoteshyatt.com.br\/rio-de-janeiro\/product\/carioca-nights\/","name":"Carioca Nights: M\u00fasica ao Vivo e Drinks \u2013 Grand Hyatt Rio","isPartOf":{"@id":"https:\/\/www.pacoteshyatt.com.br\/rio-de-janeiro\/#website"},"primaryImageOfPage":{"@id":"https:\/\/www.pacoteshyatt.com.br\/rio-de-janeiro\/product\/carioca-nights\/#primaryimage"},"datePublished":"2025-02-12T14:49:49+00:00","dateModified":"2025-05-13T21:02:51+00:00","description":"Aproveite o Carioca Nights no Cant\u00f4, com samba e MPB ao vivo, drinks especiais e petiscos cortesia. Uma experi\u00eancia \u00fanica aos s\u00e1bados, das 20h \u00e0s 22h. Acesse!","breadcrumb":{"@id":"https:\/\/www.pacoteshyatt.com.br\/rio-de-janeiro\/product\/carioca-nights\/#breadcrumb"},"inLanguage":"pt-BR","potentialAction":[{"@type":"ReadAction","target":["https:\/\/www.pacoteshyatt.com.br\/rio-de-janeiro\/product\/carioca-nights\/"]}]},{"@type":"BreadcrumbList","@id":"https:\/\/www.pacoteshyatt.com.br\/rio-de-janeiro\/product\/carioca-nights\/#breadcrumb","itemListElement":[{"@type":"ListItem","position":1,"name":"Home","item":"https:\/\/www.pacoteshyatt.com.br\/rio-de-janeiro\/"},{"@type":"ListItem","position":2,"name":"Cat\u00e1logo","item":"https:\/\/www.pacoteshyatt.com.br\/rio-de-janeiro\/catalogo\/"},{"@type":"ListItem","position":3,"name":"S\u00e1bados | Carioca Nights"}]}]}},"_links":{"self":[{"href":"https:\/\/www.pacoteshyatt.com.br\/rio-de-janeiro\/wp-json\/wp\/v2\/product\/18235"}],"collection":[{"href":"https:\/\/www.pacoteshyatt.com.br\/rio-de-janeiro\/wp-json\/wp\/v2\/product"}],"about":[{"href":"https:\/\/www.pacoteshyatt.com.br\/rio-de-janeiro\/wp-json\/wp\/v2\/types\/product"}],"wp:featuredmedia":[{"embeddable":true,"href":"https:\/\/www.pacoteshyatt.com.br\/rio-de-janeiro\/wp-json\/wp\/v2\/media\/19074"}],"wp:attachment":[{"href":"https:\/\/www.pacoteshyatt.com.br\/rio-de-janeiro\/wp-json\/wp\/v2\/media?parent=18235"}],"wp:term":[{"taxonomy":"product_cat","embeddable":true,"href":"https:\/\/www.pacoteshyatt.com.br\/rio-de-janeiro\/wp-json\/wp\/v2\/product_cat?post=18235"},{"taxonomy":"product_tag","embeddable":true,"href":"https:\/\/www.pacoteshyatt.com.br\/rio-de-janeiro\/wp-json\/wp\/v2\/product_tag?post=18235"}],"curies":[{"name":"wp","href":"https:\/\/api.w.org\/{rel}","templated":true}]}}