{"id":18289,"date":"2025-02-17T16:28:30","date_gmt":"2025-02-17T19:28:30","guid":{"rendered":"https:\/\/www.pacoteshyatt.com.br\/rio-de-janeiro\/?post_type=product&#038;p=18289"},"modified":"2026-02-26T14:40:13","modified_gmt":"2026-02-26T17:40:13","slug":"feijoada-de-carnaval-canto","status":"publish","type":"product","link":"https:\/\/www.pacoteshyatt.com.br\/rio-de-janeiro\/product\/feijoada-de-carnaval-canto\/","title":{"rendered":"14\/02 | Feijoada de Carnaval | Cant\u00f4"},"content":{"rendered":"<p>Celebre o <strong>Carnaval<\/strong> na Feijoada do Grand Hyatt Rio de Janeiro.<\/p>\n<div>No dia <strong>14 de fevereiro<\/strong>, das <strong>13h \u00e0s 16h<\/strong>, o restaurante Cant\u00f4 recebe uma edi\u00e7\u00e3o especial da sua tradicional Feijoada de S\u00e1bado, agora ainda mais festiva, completa e vibrante!<\/div>\n<p>Ao som de uma <strong>roda de samba ao vivo e presen\u00e7a animada de passistas<\/strong>, desfrute de nossa incr\u00edvel iguaria brasileira com direito \u00e0s novas <strong>esta\u00e7\u00f5es de boteco e massas<\/strong>, al\u00e9m de <strong>soft drinks, chopp, caipirinhas e caipiroskas liberados<\/strong> durante todo o evento.<\/p>\n<p><span style=\"color: #bd2137\"><br \/>\nConfirme a sua reserva de mesa atrav\u00e9s do telefone<\/span><span style=\"color: #bd2137\">\u00a0<strong><em>21 3797-9524<\/em><\/strong> ou email <em><strong>RIOGH-hostesses@hyatt.com<\/strong><\/em>.\u00a0<\/span><\/p>\n<div>\n<p><strong>Cada voucher gerado \u00e9 v\u00e1lido para 1 pessoa, e deve ser utilizado somente no s\u00e1bado, 14\/02, das 13h \u00e0s 16h<\/strong><\/p>\n<\/div>\n","protected":false},"excerpt":{"rendered":"<p>Celebre o Carnaval na Feijoada do Grand Hyatt Rio de Janeiro. No dia 14 de fevereiro, das 13h \u00e0s 16h, o restaurante Cant\u00f4 recebe uma edi\u00e7\u00e3o especial da sua tradicional Feijoada de S\u00e1bado, agora ainda mais festiva, completa e vibrante! Ao som de uma roda de samba ao vivo e presen\u00e7a animada de passistas, desfrute [&hellip;]<\/p>\n","protected":false},"featured_media":5241,"template":"","meta":{"_eb_attr":""},"product_cat":[135,20,69,56,68,70],"product_tag":[],"bundled_by":[],"bundle_stock_status":"outofstock","bundle_stock_quantity":0,"bundle_virtual":false,"bundle_layout":"","bundle_add_to_cart_form_location":"","bundle_editable_in_cart":false,"bundle_sold_individually_context":"","bundle_item_grouping":"","bundle_min_size":"","bundle_max_size":"","bundled_items":[],"yoast_head":"<!-- This site is optimized with the Yoast SEO plugin v18.4.1 - https:\/\/yoast.com\/wordpress\/plugins\/seo\/ -->\n<title>14\/02 | Feijoada de Carnaval | Cant\u00f4 - GRAND HYATT RIO DE JANEIRO<\/title>\n<meta name=\"description\" content=\"Ao som de uma roda de samba ao vivo e show de passistas, aprecie nossa incr\u00edvel iguaria brasileira com direito a cerveja e bebidas n\u00e3o alco\u00f3licas liberadas.\" \/>\n<meta name=\"robots\" content=\"index, follow, max-snippet:-1, max-image-preview:large, max-video-preview:-1\" \/>\n<link rel=\"canonical\" href=\"https:\/\/www.pacoteshyatt.com.br\/rio-de-janeiro\/product\/feijoada-de-carnaval-canto\/\" \/>\n<meta property=\"og:locale\" content=\"pt_BR\" \/>\n<meta property=\"og:type\" content=\"article\" \/>\n<meta property=\"og:title\" content=\"14\/02 | Feijoada de Carnaval | Cant\u00f4 - GRAND HYATT RIO DE JANEIRO\" \/>\n<meta property=\"og:description\" content=\"Ao som de uma roda de samba ao vivo e show de passistas, aprecie nossa incr\u00edvel iguaria brasileira com direito a cerveja e bebidas n\u00e3o alco\u00f3licas liberadas.\" \/>\n<meta property=\"og:url\" content=\"https:\/\/www.pacoteshyatt.com.br\/rio-de-janeiro\/product\/feijoada-de-carnaval-canto\/\" \/>\n<meta property=\"og:site_name\" content=\"GRAND HYATT RIO DE JANEIRO\" \/>\n<meta property=\"article:modified_time\" content=\"2026-02-26T17:40:13+00:00\" \/>\n<meta property=\"og:image\" content=\"https:\/\/www.pacoteshyatt.com.br\/rio-de-janeiro\/wp-content\/uploads\/sites\/2\/2022\/02\/feijoada-carnaval_308x200.jpg\" \/>\n\t<meta property=\"og:image:width\" content=\"308\" \/>\n\t<meta property=\"og:image:height\" content=\"200\" \/>\n\t<meta property=\"og:image:type\" content=\"image\/jpeg\" \/>\n<meta name=\"twitter:card\" content=\"summary_large_image\" \/>\n<meta name=\"twitter:label1\" content=\"Est. tempo de leitura\" \/>\n\t<meta name=\"twitter:data1\" content=\"1 minuto\" \/>\n<script type=\"application\/ld+json\" class=\"yoast-schema-graph\">{\"@context\":\"https:\/\/schema.org\",\"@graph\":[{\"@type\":\"WebSite\",\"@id\":\"https:\/\/www.pacoteshyatt.com.br\/rio-de-janeiro\/#website\",\"url\":\"https:\/\/www.pacoteshyatt.com.br\/rio-de-janeiro\/\",\"name\":\"GRAND HYATT RIO DE JANEIRO\",\"description\":\"Um verdadeiro resort urbano na Barra da Tijuca!\",\"potentialAction\":[{\"@type\":\"SearchAction\",\"target\":{\"@type\":\"EntryPoint\",\"urlTemplate\":\"https:\/\/www.pacoteshyatt.com.br\/rio-de-janeiro\/?s={search_term_string}\"},\"query-input\":\"required name=search_term_string\"}],\"inLanguage\":\"pt-BR\"},{\"@type\":\"ImageObject\",\"@id\":\"https:\/\/www.pacoteshyatt.com.br\/rio-de-janeiro\/product\/feijoada-de-carnaval-canto\/#primaryimage\",\"inLanguage\":\"pt-BR\",\"url\":\"https:\/\/www.pacoteshyatt.com.br\/rio-de-janeiro\/wp-content\/uploads\/sites\/2\/2022\/02\/feijoada-carnaval_308x200.jpg\",\"contentUrl\":\"https:\/\/www.pacoteshyatt.com.br\/rio-de-janeiro\/wp-content\/uploads\/sites\/2\/2022\/02\/feijoada-carnaval_308x200.jpg\",\"width\":308,\"height\":200,\"caption\":\"feijoda das campe\u00e3s de Carnaval 2026\"},{\"@type\":\"WebPage\",\"@id\":\"https:\/\/www.pacoteshyatt.com.br\/rio-de-janeiro\/product\/feijoada-de-carnaval-canto\/#webpage\",\"url\":\"https:\/\/www.pacoteshyatt.com.br\/rio-de-janeiro\/product\/feijoada-de-carnaval-canto\/\",\"name\":\"14\/02 | Feijoada de Carnaval | Cant\u00f4 - GRAND HYATT RIO DE JANEIRO\",\"isPartOf\":{\"@id\":\"https:\/\/www.pacoteshyatt.com.br\/rio-de-janeiro\/#website\"},\"primaryImageOfPage\":{\"@id\":\"https:\/\/www.pacoteshyatt.com.br\/rio-de-janeiro\/product\/feijoada-de-carnaval-canto\/#primaryimage\"},\"datePublished\":\"2025-02-17T19:28:30+00:00\",\"dateModified\":\"2026-02-26T17:40:13+00:00\",\"description\":\"Ao som de uma roda de samba ao vivo e show de passistas, aprecie nossa incr\u00edvel iguaria brasileira com direito a cerveja e bebidas n\u00e3o alco\u00f3licas liberadas.\",\"breadcrumb\":{\"@id\":\"https:\/\/www.pacoteshyatt.com.br\/rio-de-janeiro\/product\/feijoada-de-carnaval-canto\/#breadcrumb\"},\"inLanguage\":\"pt-BR\",\"potentialAction\":[{\"@type\":\"ReadAction\",\"target\":[\"https:\/\/www.pacoteshyatt.com.br\/rio-de-janeiro\/product\/feijoada-de-carnaval-canto\/\"]}]},{\"@type\":\"BreadcrumbList\",\"@id\":\"https:\/\/www.pacoteshyatt.com.br\/rio-de-janeiro\/product\/feijoada-de-carnaval-canto\/#breadcrumb\",\"itemListElement\":[{\"@type\":\"ListItem\",\"position\":1,\"name\":\"Home\",\"item\":\"https:\/\/www.pacoteshyatt.com.br\/rio-de-janeiro\/\"},{\"@type\":\"ListItem\",\"position\":2,\"name\":\"Cat\u00e1logo\",\"item\":\"https:\/\/www.pacoteshyatt.com.br\/rio-de-janeiro\/catalogo\/\"},{\"@type\":\"ListItem\",\"position\":3,\"name\":\"14\/02 | Feijoada de Carnaval | Cant\u00f4\"}]}]}<\/script>\n<!-- \/ Yoast SEO plugin. -->","yoast_head_json":{"title":"14\/02 | Feijoada de Carnaval | Cant\u00f4 - GRAND HYATT RIO DE JANEIRO","description":"Ao som de uma roda de samba ao vivo e show de passistas, aprecie nossa incr\u00edvel iguaria brasileira com direito a cerveja e bebidas n\u00e3o alco\u00f3licas liberadas.","robots":{"index":"index","follow":"follow","max-snippet":"max-snippet:-1","max-image-preview":"max-image-preview:large","max-video-preview":"max-video-preview:-1"},"canonical":"https:\/\/www.pacoteshyatt.com.br\/rio-de-janeiro\/product\/feijoada-de-carnaval-canto\/","og_locale":"pt_BR","og_type":"article","og_title":"14\/02 | Feijoada de Carnaval | Cant\u00f4 - GRAND HYATT RIO DE JANEIRO","og_description":"Ao som de uma roda de samba ao vivo e show de passistas, aprecie nossa incr\u00edvel iguaria brasileira com direito a cerveja e bebidas n\u00e3o alco\u00f3licas liberadas.","og_url":"https:\/\/www.pacoteshyatt.com.br\/rio-de-janeiro\/product\/feijoada-de-carnaval-canto\/","og_site_name":"GRAND HYATT RIO DE JANEIRO","article_modified_time":"2026-02-26T17:40:13+00:00","og_image":[{"width":308,"height":200,"url":"https:\/\/www.pacoteshyatt.com.br\/rio-de-janeiro\/wp-content\/uploads\/sites\/2\/2022\/02\/feijoada-carnaval_308x200.jpg","type":"image\/jpeg"}],"twitter_card":"summary_large_image","twitter_misc":{"Est. tempo de leitura":"1 minuto"},"schema":{"@context":"https:\/\/schema.org","@graph":[{"@type":"WebSite","@id":"https:\/\/www.pacoteshyatt.com.br\/rio-de-janeiro\/#website","url":"https:\/\/www.pacoteshyatt.com.br\/rio-de-janeiro\/","name":"GRAND HYATT RIO DE JANEIRO","description":"Um verdadeiro resort urbano na Barra da Tijuca!","potentialAction":[{"@type":"SearchAction","target":{"@type":"EntryPoint","urlTemplate":"https:\/\/www.pacoteshyatt.com.br\/rio-de-janeiro\/?s={search_term_string}"},"query-input":"required name=search_term_string"}],"inLanguage":"pt-BR"},{"@type":"ImageObject","@id":"https:\/\/www.pacoteshyatt.com.br\/rio-de-janeiro\/product\/feijoada-de-carnaval-canto\/#primaryimage","inLanguage":"pt-BR","url":"https:\/\/www.pacoteshyatt.com.br\/rio-de-janeiro\/wp-content\/uploads\/sites\/2\/2022\/02\/feijoada-carnaval_308x200.jpg","contentUrl":"https:\/\/www.pacoteshyatt.com.br\/rio-de-janeiro\/wp-content\/uploads\/sites\/2\/2022\/02\/feijoada-carnaval_308x200.jpg","width":308,"height":200,"caption":"feijoda das campe\u00e3s de Carnaval 2026"},{"@type":"WebPage","@id":"https:\/\/www.pacoteshyatt.com.br\/rio-de-janeiro\/product\/feijoada-de-carnaval-canto\/#webpage","url":"https:\/\/www.pacoteshyatt.com.br\/rio-de-janeiro\/product\/feijoada-de-carnaval-canto\/","name":"14\/02 | Feijoada de Carnaval | Cant\u00f4 - GRAND HYATT RIO DE JANEIRO","isPartOf":{"@id":"https:\/\/www.pacoteshyatt.com.br\/rio-de-janeiro\/#website"},"primaryImageOfPage":{"@id":"https:\/\/www.pacoteshyatt.com.br\/rio-de-janeiro\/product\/feijoada-de-carnaval-canto\/#primaryimage"},"datePublished":"2025-02-17T19:28:30+00:00","dateModified":"2026-02-26T17:40:13+00:00","description":"Ao som de uma roda de samba ao vivo e show de passistas, aprecie nossa incr\u00edvel iguaria brasileira com direito a cerveja e bebidas n\u00e3o alco\u00f3licas liberadas.","breadcrumb":{"@id":"https:\/\/www.pacoteshyatt.com.br\/rio-de-janeiro\/product\/feijoada-de-carnaval-canto\/#breadcrumb"},"inLanguage":"pt-BR","potentialAction":[{"@type":"ReadAction","target":["https:\/\/www.pacoteshyatt.com.br\/rio-de-janeiro\/product\/feijoada-de-carnaval-canto\/"]}]},{"@type":"BreadcrumbList","@id":"https:\/\/www.pacoteshyatt.com.br\/rio-de-janeiro\/product\/feijoada-de-carnaval-canto\/#breadcrumb","itemListElement":[{"@type":"ListItem","position":1,"name":"Home","item":"https:\/\/www.pacoteshyatt.com.br\/rio-de-janeiro\/"},{"@type":"ListItem","position":2,"name":"Cat\u00e1logo","item":"https:\/\/www.pacoteshyatt.com.br\/rio-de-janeiro\/catalogo\/"},{"@type":"ListItem","position":3,"name":"14\/02 | Feijoada de Carnaval | Cant\u00f4"}]}]}},"_links":{"self":[{"href":"https:\/\/www.pacoteshyatt.com.br\/rio-de-janeiro\/wp-json\/wp\/v2\/product\/18289"}],"collection":[{"href":"https:\/\/www.pacoteshyatt.com.br\/rio-de-janeiro\/wp-json\/wp\/v2\/product"}],"about":[{"href":"https:\/\/www.pacoteshyatt.com.br\/rio-de-janeiro\/wp-json\/wp\/v2\/types\/product"}],"wp:featuredmedia":[{"embeddable":true,"href":"https:\/\/www.pacoteshyatt.com.br\/rio-de-janeiro\/wp-json\/wp\/v2\/media\/5241"}],"wp:attachment":[{"href":"https:\/\/www.pacoteshyatt.com.br\/rio-de-janeiro\/wp-json\/wp\/v2\/media?parent=18289"}],"wp:term":[{"taxonomy":"product_cat","embeddable":true,"href":"https:\/\/www.pacoteshyatt.com.br\/rio-de-janeiro\/wp-json\/wp\/v2\/product_cat?post=18289"},{"taxonomy":"product_tag","embeddable":true,"href":"https:\/\/www.pacoteshyatt.com.br\/rio-de-janeiro\/wp-json\/wp\/v2\/product_tag?post=18289"}],"curies":[{"name":"wp","href":"https:\/\/api.w.org\/{rel}","templated":true}]}}