{"id":18517,"date":"2025-03-13T12:23:49","date_gmt":"2025-03-13T15:23:49","guid":{"rendered":"https:\/\/www.pacoteshyatt.com.br\/rio-de-janeiro\/?post_type=product&#038;p=18517"},"modified":"2025-03-13T12:25:34","modified_gmt":"2025-03-13T15:25:34","slug":"massagem-para-casal-20","status":"publish","type":"product","link":"https:\/\/www.pacoteshyatt.com.br\/rio-de-janeiro\/product\/massagem-para-casal-20\/","title":{"rendered":"Massagem para Casal 20%"},"content":{"rendered":"<p>Divida momentos especiais a dois com a <strong>Massagem em Casal<\/strong> no Atiaia Spa.<\/p>\n<p>Em um ambiente de relaxamento, escolha a massagem ideal para voc\u00eas. Alivie o estresse e reponha suas energias na companhia de quem voc\u00ea mais ama.<\/p>\n<p>Com o pacote de Massagem para Casal, cada pessoa pode escolher no momento do agendamento a massagem de sua prefer\u00eancia entre as op\u00e7\u00f5es de 50 minutos e 80 minutos para uma experi\u00eancia em nossas exclusivas salas duplas.<\/p>\n<p><em>Op\u00e7\u00f5es 50 minutos:<\/em><br \/>\nAtiaia, Relaxante ou Profunda<\/p>\n<p><em>Op\u00e7\u00f5es 80 minutos:<\/em><br \/>\nAtiaia, Relaxante, Profunda ou Drenagem Linf\u00e1tica.<\/p>\n<p>&nbsp;<\/p>\n<p><strong><span style=\"color: #bd2137\"><em><span class=\"ui-provider a b c d e f g h i j k l m n o p q r s t u v w x y z ab ac ae af ag ah ai aj ak\" dir=\"ltr\"><i>ESTE VOUCHER TEM VALIDADE DE 3 MESES, MEDIANTE AGENDAMENTO PR\u00c9VIO E DISPONIBILIDADE.<\/i><\/span><\/em><\/span><\/strong><\/p>\n<p><span style=\"color: #bd2137\"><i>Ap\u00f3s a compra, \u00e9 necess\u00e1rio realizar o agendamento atrav\u00e9s do Whatsapp: (21) 3797-9566<\/i><\/span><\/p>\n","protected":false},"excerpt":{"rendered":"<p>Massagem din\u00e2mica, com dura\u00e7\u00e3o de 50 ou 80 minutos, que une manobras de relaxamento.<\/p>\n","protected":false},"featured_media":10291,"template":"","meta":{"_eb_attr":""},"product_cat":[19,23],"product_tag":[],"bundled_by":[],"bundle_stock_status":"instock","bundle_stock_quantity":2,"bundle_virtual":false,"bundle_layout":"","bundle_add_to_cart_form_location":"","bundle_editable_in_cart":false,"bundle_sold_individually_context":"","bundle_item_grouping":"","bundle_min_size":"","bundle_max_size":"","bundled_items":[],"yoast_head":"<!-- This site is optimized with the Yoast SEO plugin v18.4.1 - https:\/\/yoast.com\/wordpress\/plugins\/seo\/ -->\n<title>Massagem em Casal - Atiaia Spa Grand Hyatt Rio de Janeiro<\/title>\n<meta name=\"description\" content=\"Desfrute de momentos especiais com a Massagem para Casal no Atiaia Spa do Hyatt Rio. Escolha entre massagens de 50 ou 80 minutos. Reserve agora!\" \/>\n<meta name=\"robots\" content=\"index, follow, max-snippet:-1, max-image-preview:large, max-video-preview:-1\" \/>\n<link rel=\"canonical\" href=\"https:\/\/www.pacoteshyatt.com.br\/rio-de-janeiro\/product\/massagem-para-casal-20\/\" \/>\n<meta property=\"og:locale\" content=\"pt_BR\" \/>\n<meta property=\"og:type\" content=\"article\" \/>\n<meta property=\"og:title\" content=\"Massagem em Casal - Atiaia Spa Grand Hyatt Rio de Janeiro\" \/>\n<meta property=\"og:description\" content=\"Desfrute de momentos especiais com a Massagem para Casal no Atiaia Spa do Hyatt Rio. Escolha entre massagens de 50 ou 80 minutos. Reserve agora!\" \/>\n<meta property=\"og:url\" content=\"https:\/\/www.pacoteshyatt.com.br\/rio-de-janeiro\/product\/massagem-para-casal-20\/\" \/>\n<meta property=\"og:site_name\" content=\"GRAND HYATT RIO DE JANEIRO\" \/>\n<meta property=\"article:modified_time\" content=\"2025-03-13T15:25:34+00:00\" \/>\n<meta property=\"og:image\" content=\"https:\/\/www.pacoteshyatt.com.br\/rio-de-janeiro\/wp-content\/uploads\/sites\/2\/2022\/12\/VENDAS-ENCERRADAS-5.png\" \/>\n\t<meta property=\"og:image:width\" content=\"308\" \/>\n\t<meta property=\"og:image:height\" content=\"200\" \/>\n\t<meta property=\"og:image:type\" content=\"image\/png\" \/>\n<meta name=\"twitter:card\" content=\"summary_large_image\" \/>\n<meta name=\"twitter:label1\" content=\"Est. tempo de leitura\" \/>\n\t<meta name=\"twitter:data1\" content=\"1 minuto\" \/>\n<script type=\"application\/ld+json\" class=\"yoast-schema-graph\">{\"@context\":\"https:\/\/schema.org\",\"@graph\":[{\"@type\":\"WebSite\",\"@id\":\"https:\/\/www.pacoteshyatt.com.br\/rio-de-janeiro\/#website\",\"url\":\"https:\/\/www.pacoteshyatt.com.br\/rio-de-janeiro\/\",\"name\":\"GRAND HYATT RIO DE JANEIRO\",\"description\":\"Um verdadeiro resort urbano na Barra da Tijuca!\",\"potentialAction\":[{\"@type\":\"SearchAction\",\"target\":{\"@type\":\"EntryPoint\",\"urlTemplate\":\"https:\/\/www.pacoteshyatt.com.br\/rio-de-janeiro\/?s={search_term_string}\"},\"query-input\":\"required name=search_term_string\"}],\"inLanguage\":\"pt-BR\"},{\"@type\":\"ImageObject\",\"@id\":\"https:\/\/www.pacoteshyatt.com.br\/rio-de-janeiro\/product\/massagem-para-casal-20\/#primaryimage\",\"inLanguage\":\"pt-BR\",\"url\":\"https:\/\/www.pacoteshyatt.com.br\/rio-de-janeiro\/wp-content\/uploads\/sites\/2\/2022\/12\/VENDAS-ENCERRADAS-5.png\",\"contentUrl\":\"https:\/\/www.pacoteshyatt.com.br\/rio-de-janeiro\/wp-content\/uploads\/sites\/2\/2022\/12\/VENDAS-ENCERRADAS-5.png\",\"width\":308,\"height\":200,\"caption\":\"Massagem para Casal\"},{\"@type\":\"WebPage\",\"@id\":\"https:\/\/www.pacoteshyatt.com.br\/rio-de-janeiro\/product\/massagem-para-casal-20\/#webpage\",\"url\":\"https:\/\/www.pacoteshyatt.com.br\/rio-de-janeiro\/product\/massagem-para-casal-20\/\",\"name\":\"Massagem em Casal - Atiaia Spa Grand Hyatt Rio de Janeiro\",\"isPartOf\":{\"@id\":\"https:\/\/www.pacoteshyatt.com.br\/rio-de-janeiro\/#website\"},\"primaryImageOfPage\":{\"@id\":\"https:\/\/www.pacoteshyatt.com.br\/rio-de-janeiro\/product\/massagem-para-casal-20\/#primaryimage\"},\"datePublished\":\"2025-03-13T15:23:49+00:00\",\"dateModified\":\"2025-03-13T15:25:34+00:00\",\"description\":\"Desfrute de momentos especiais com a Massagem para Casal no Atiaia Spa do Hyatt Rio. Escolha entre massagens de 50 ou 80 minutos. Reserve agora!\",\"breadcrumb\":{\"@id\":\"https:\/\/www.pacoteshyatt.com.br\/rio-de-janeiro\/product\/massagem-para-casal-20\/#breadcrumb\"},\"inLanguage\":\"pt-BR\",\"potentialAction\":[{\"@type\":\"ReadAction\",\"target\":[\"https:\/\/www.pacoteshyatt.com.br\/rio-de-janeiro\/product\/massagem-para-casal-20\/\"]}]},{\"@type\":\"BreadcrumbList\",\"@id\":\"https:\/\/www.pacoteshyatt.com.br\/rio-de-janeiro\/product\/massagem-para-casal-20\/#breadcrumb\",\"itemListElement\":[{\"@type\":\"ListItem\",\"position\":1,\"name\":\"Home\",\"item\":\"https:\/\/www.pacoteshyatt.com.br\/rio-de-janeiro\/\"},{\"@type\":\"ListItem\",\"position\":2,\"name\":\"Cat\u00e1logo\",\"item\":\"https:\/\/www.pacoteshyatt.com.br\/rio-de-janeiro\/catalogo\/\"},{\"@type\":\"ListItem\",\"position\":3,\"name\":\"Massagem para Casal 20%\"}]}]}<\/script>\n<!-- \/ Yoast SEO plugin. -->","yoast_head_json":{"title":"Massagem em Casal - Atiaia Spa Grand Hyatt Rio de Janeiro","description":"Desfrute de momentos especiais com a Massagem para Casal no Atiaia Spa do Hyatt Rio. Escolha entre massagens de 50 ou 80 minutos. Reserve agora!","robots":{"index":"index","follow":"follow","max-snippet":"max-snippet:-1","max-image-preview":"max-image-preview:large","max-video-preview":"max-video-preview:-1"},"canonical":"https:\/\/www.pacoteshyatt.com.br\/rio-de-janeiro\/product\/massagem-para-casal-20\/","og_locale":"pt_BR","og_type":"article","og_title":"Massagem em Casal - Atiaia Spa Grand Hyatt Rio de Janeiro","og_description":"Desfrute de momentos especiais com a Massagem para Casal no Atiaia Spa do Hyatt Rio. Escolha entre massagens de 50 ou 80 minutos. Reserve agora!","og_url":"https:\/\/www.pacoteshyatt.com.br\/rio-de-janeiro\/product\/massagem-para-casal-20\/","og_site_name":"GRAND HYATT RIO DE JANEIRO","article_modified_time":"2025-03-13T15:25:34+00:00","og_image":[{"width":308,"height":200,"url":"https:\/\/www.pacoteshyatt.com.br\/rio-de-janeiro\/wp-content\/uploads\/sites\/2\/2022\/12\/VENDAS-ENCERRADAS-5.png","type":"image\/png"}],"twitter_card":"summary_large_image","twitter_misc":{"Est. tempo de leitura":"1 minuto"},"schema":{"@context":"https:\/\/schema.org","@graph":[{"@type":"WebSite","@id":"https:\/\/www.pacoteshyatt.com.br\/rio-de-janeiro\/#website","url":"https:\/\/www.pacoteshyatt.com.br\/rio-de-janeiro\/","name":"GRAND HYATT RIO DE JANEIRO","description":"Um verdadeiro resort urbano na Barra da Tijuca!","potentialAction":[{"@type":"SearchAction","target":{"@type":"EntryPoint","urlTemplate":"https:\/\/www.pacoteshyatt.com.br\/rio-de-janeiro\/?s={search_term_string}"},"query-input":"required name=search_term_string"}],"inLanguage":"pt-BR"},{"@type":"ImageObject","@id":"https:\/\/www.pacoteshyatt.com.br\/rio-de-janeiro\/product\/massagem-para-casal-20\/#primaryimage","inLanguage":"pt-BR","url":"https:\/\/www.pacoteshyatt.com.br\/rio-de-janeiro\/wp-content\/uploads\/sites\/2\/2022\/12\/VENDAS-ENCERRADAS-5.png","contentUrl":"https:\/\/www.pacoteshyatt.com.br\/rio-de-janeiro\/wp-content\/uploads\/sites\/2\/2022\/12\/VENDAS-ENCERRADAS-5.png","width":308,"height":200,"caption":"Massagem para Casal"},{"@type":"WebPage","@id":"https:\/\/www.pacoteshyatt.com.br\/rio-de-janeiro\/product\/massagem-para-casal-20\/#webpage","url":"https:\/\/www.pacoteshyatt.com.br\/rio-de-janeiro\/product\/massagem-para-casal-20\/","name":"Massagem em Casal - Atiaia Spa Grand Hyatt Rio de Janeiro","isPartOf":{"@id":"https:\/\/www.pacoteshyatt.com.br\/rio-de-janeiro\/#website"},"primaryImageOfPage":{"@id":"https:\/\/www.pacoteshyatt.com.br\/rio-de-janeiro\/product\/massagem-para-casal-20\/#primaryimage"},"datePublished":"2025-03-13T15:23:49+00:00","dateModified":"2025-03-13T15:25:34+00:00","description":"Desfrute de momentos especiais com a Massagem para Casal no Atiaia Spa do Hyatt Rio. Escolha entre massagens de 50 ou 80 minutos. Reserve agora!","breadcrumb":{"@id":"https:\/\/www.pacoteshyatt.com.br\/rio-de-janeiro\/product\/massagem-para-casal-20\/#breadcrumb"},"inLanguage":"pt-BR","potentialAction":[{"@type":"ReadAction","target":["https:\/\/www.pacoteshyatt.com.br\/rio-de-janeiro\/product\/massagem-para-casal-20\/"]}]},{"@type":"BreadcrumbList","@id":"https:\/\/www.pacoteshyatt.com.br\/rio-de-janeiro\/product\/massagem-para-casal-20\/#breadcrumb","itemListElement":[{"@type":"ListItem","position":1,"name":"Home","item":"https:\/\/www.pacoteshyatt.com.br\/rio-de-janeiro\/"},{"@type":"ListItem","position":2,"name":"Cat\u00e1logo","item":"https:\/\/www.pacoteshyatt.com.br\/rio-de-janeiro\/catalogo\/"},{"@type":"ListItem","position":3,"name":"Massagem para Casal 20%"}]}]}},"_links":{"self":[{"href":"https:\/\/www.pacoteshyatt.com.br\/rio-de-janeiro\/wp-json\/wp\/v2\/product\/18517"}],"collection":[{"href":"https:\/\/www.pacoteshyatt.com.br\/rio-de-janeiro\/wp-json\/wp\/v2\/product"}],"about":[{"href":"https:\/\/www.pacoteshyatt.com.br\/rio-de-janeiro\/wp-json\/wp\/v2\/types\/product"}],"wp:featuredmedia":[{"embeddable":true,"href":"https:\/\/www.pacoteshyatt.com.br\/rio-de-janeiro\/wp-json\/wp\/v2\/media\/10291"}],"wp:attachment":[{"href":"https:\/\/www.pacoteshyatt.com.br\/rio-de-janeiro\/wp-json\/wp\/v2\/media?parent=18517"}],"wp:term":[{"taxonomy":"product_cat","embeddable":true,"href":"https:\/\/www.pacoteshyatt.com.br\/rio-de-janeiro\/wp-json\/wp\/v2\/product_cat?post=18517"},{"taxonomy":"product_tag","embeddable":true,"href":"https:\/\/www.pacoteshyatt.com.br\/rio-de-janeiro\/wp-json\/wp\/v2\/product_tag?post=18517"}],"curies":[{"name":"wp","href":"https:\/\/api.w.org\/{rel}","templated":true}]}}