{"id":19588,"date":"2025-07-07T10:35:58","date_gmt":"2025-07-07T13:35:58","guid":{"rendered":"https:\/\/www.pacoteshyatt.com.br\/rio-de-janeiro\/?post_type=product&#038;p=19588"},"modified":"2026-01-30T16:21:16","modified_gmt":"2026-01-30T19:21:16","slug":"wine-tasting","status":"publish","type":"product","link":"https:\/\/www.pacoteshyatt.com.br\/rio-de-janeiro\/product\/wine-tasting\/","title":{"rendered":"Grand Wine Tasting Experience"},"content":{"rendered":"<div class=\"hide-scrollbar markdown prose relative w-full max-w-none overflow-x-scroll break-words text-base leading-7 first:mt-0 prose-headings:first:mt-0 prose-strong:font-bold prose-thead:font-bold light:text-[#3E4247] dark:text-[#EBEBEB] prose-headings:light:text-[#3E4247]\">\n<div>\n<div>\n<p class=\"mb-3 mt-0\" data-copy-text=\"true\">Participe da nossa <strong>Grand Wine Tasting Experience<\/strong>!<\/p>\n<p class=\"mb-3 mt-0\" data-copy-text=\"true\">Aproveite as noites no Cant\u00f4 Gastr\u00f4 &amp; Lounge para uma experi\u00eancia dedicada \u00e0 <strong>degusta\u00e7\u00e3o de vinhos<\/strong> e harmoniza\u00e7\u00f5es. Se voc\u00ea procura a melhor degusta\u00e7\u00e3o de vinho no rio de janeiro, o nosso espa\u00e7o oferece o ambiente perfeito para explorar novos r\u00f3tulos e harmoniza\u00e7\u00f5es sofisticadas em um cen\u00e1rio acolhedor.<\/p>\n<p class=\"mb-3 mt-0\" data-copy-text=\"true\">Uma proposta para explorar sabores de forma pr\u00e1tica e interessante, tudo em um ambiente sofisticado e acolhedor no cora\u00e7\u00e3o da Barra da Tijuca.<\/p>\n<p data-copy-text=\"true\">\n<\/div>\n<\/div>\n<\/div>\n<div class=\"hide-scrollbar markdown prose relative w-full max-w-none overflow-x-scroll break-words text-base leading-7 first:mt-0 prose-headings:first:mt-0 prose-strong:font-bold prose-thead:font-bold light:text-[#3E4247] dark:text-[#EBEBEB] prose-headings:light:text-[#3E4247]\">\n<div>\n<div>\n<p class=\"mb-3 mt-0\" data-copy-text=\"true\"><strong>O que inclui a experi\u00eancia Wine Tasting Experience:<\/strong><\/p>\n<\/div>\n<\/div>\n<\/div>\n<div class=\"hide-scrollbar markdown prose relative w-full max-w-none overflow-x-scroll break-words text-base leading-7 first:mt-0 prose-headings:first:mt-0 prose-strong:font-bold prose-thead:font-bold light:text-[#3E4247] dark:text-[#EBEBEB] prose-headings:light:text-[#3E4247] animate-typing\">\n<div>\n<div>\n<p class=\"mb-3 mt-0\" data-copy-text=\"true\">Voc\u00ea ter\u00e1 a oportunidade de degustar <strong>5 r\u00f3tulos de vinhos selecionados<\/strong>. Para elevar a sua experi\u00eancia, montamos um <strong>card\u00e1pio com uma variedade de sabores<\/strong>:<\/p>\n<\/div>\n<\/div>\n<\/div>\n<div class=\"hide-scrollbar markdown prose relative w-full max-w-none overflow-x-scroll break-words text-base leading-7 first:mt-0 prose-headings:first:mt-0 prose-strong:font-bold prose-thead:font-bold light:text-[#3E4247] dark:text-[#EBEBEB] prose-headings:light:text-[#3E4247]\">\n<p><strong>&#8211; <\/strong>Sele\u00e7\u00e3o de queijos e frios<br \/>\n<strong>&#8211;<\/strong> Variedades de p\u00e3es , lavosh e grissinis<br \/>\n<strong>&#8211;<\/strong> Pastas da casa, picles e nuts<br \/>\n<strong>&#8211;<\/strong> Mediant, cookie, frutas, mel e geleias<\/p>\n<p>&nbsp;<\/p>\n<\/div>\n<div class=\"hide-scrollbar markdown prose relative w-full max-w-none overflow-x-scroll break-words text-base leading-7 first:mt-0 prose-headings:first:mt-0 prose-strong:font-bold prose-thead:font-bold light:text-[#3E4247] dark:text-[#EBEBEB] prose-headings:light:text-[#3E4247]\">\n<div>\n<div>\n<p class=\"mb-3 mt-0\" data-copy-text=\"true\"><strong>Degusta\u00e7\u00e3o e Conhecimento:<\/strong><\/p>\n<\/div>\n<\/div>\n<\/div>\n<div class=\"hide-scrollbar markdown prose relative w-full max-w-none overflow-x-scroll break-words text-base leading-7 first:mt-0 prose-headings:first:mt-0 prose-strong:font-bold prose-thead:font-bold light:text-[#3E4247] dark:text-[#EBEBEB] prose-headings:light:text-[#3E4247]\">\n<div>\n<p class=\"mb-3 mt-0\" data-copy-text=\"true\">Nossa proposta \u00e9 que voc\u00ea possa harmonizar os vinhos livremente, explorando as combina\u00e7\u00f5es que mais te agradam. E para quem busca aprimorar o conhecimento em <strong>degusta\u00e7\u00e3o de vinhos<\/strong>, daremos dicas valiosas sobre como cada r\u00f3tulo pode ser real\u00e7ado pelos acompanhamentos.<\/p>\n<p class=\"mb-3 mt-0\" data-copy-text=\"true\">Uma experi\u00eancia de aprendizado leve, descontra\u00edda e cheia de sabor! Ideal para quem busca uma experi\u00eancia wine tasting na Barra da Tijuca com padr\u00e3o internacional.<\/p>\n<\/div>\n<div class=\"hide-scrollbar markdown prose relative w-full max-w-none overflow-x-scroll break-words text-base leading-7 first:mt-0 prose-headings:first:mt-0 prose-strong:font-bold prose-thead:font-bold light:text-[#3E4247] dark:text-[#EBEBEB] prose-headings:light:text-[#3E4247] animate-typing\">\n<div>\n<div>\n<hr \/>\n<p class=\"mb-3 mt-0\" data-copy-text=\"true\"><strong>Local:<\/strong> Restaurante Cant\u00f4 (no Hotel)<br \/>\n<strong>Hor\u00e1rio:<\/strong> Todos os dias, das 19h \u00e0s 23h<br \/>\n<strong>Valor por pessoa:<\/strong> R$242 (taxa de servi\u00e7o j\u00e1 inclusa)<br \/>\n<strong>Voucher:\u00a0<\/strong>O voucher \u00e9 individual.*<\/p>\n<p>*necess\u00e1rio fazer a reserva atrav\u00e9s do n\u00famero 21 3797-9524, ou pelo email <a href=\"mailto:RIOGH-Hostesses@hyatt.com\">RIOGH-Hostesses@hyatt.com<\/a><\/p>\n<\/div>\n<\/div>\n<\/div>\n<\/div>\n","protected":false},"excerpt":{"rendered":"<p>Participe da nossa Grand Wine Tasting Experience! Aproveite as noites no Cant\u00f4 Gastr\u00f4 &amp; Lounge para uma experi\u00eancia dedicada \u00e0 degusta\u00e7\u00e3o de vinhos e harmoniza\u00e7\u00f5es. Se voc\u00ea procura a melhor degusta\u00e7\u00e3o de vinho no rio de janeiro, o nosso espa\u00e7o oferece o ambiente perfeito para explorar novos r\u00f3tulos e harmoniza\u00e7\u00f5es sofisticadas em um cen\u00e1rio acolhedor. [&hellip;]<\/p>\n","protected":false},"featured_media":19597,"template":"","meta":{"_eb_attr":""},"product_cat":[136,20,56,68],"product_tag":[],"bundled_by":[],"bundle_stock_status":"instock","bundle_stock_quantity":null,"bundle_virtual":false,"bundle_layout":"","bundle_add_to_cart_form_location":"","bundle_editable_in_cart":false,"bundle_sold_individually_context":"","bundle_item_grouping":"","bundle_min_size":"","bundle_max_size":"","bundled_items":[],"yoast_head":"<!-- This site is optimized with the Yoast SEO plugin v18.4.1 - https:\/\/yoast.com\/wordpress\/plugins\/seo\/ -->\n<title>Grand Wine Tasting Experience: Desgusta\u00e7\u00e3o de Vinhos - GHRJ<\/title>\n<meta name=\"description\" content=\"Deguste vinhos selecionados e harmoniza\u00e7\u00f5es no Grand Wine Tasting Experience no cora\u00e7\u00e3o da Barra da Tijuca. Evento do restaurante Cant\u00f4. Reserve seu voucher!\" \/>\n<meta name=\"robots\" content=\"index, follow, max-snippet:-1, max-image-preview:large, max-video-preview:-1\" \/>\n<link rel=\"canonical\" href=\"https:\/\/www.pacoteshyatt.com.br\/rio-de-janeiro\/product\/wine-tasting\/\" \/>\n<meta property=\"og:locale\" content=\"pt_BR\" \/>\n<meta property=\"og:type\" content=\"article\" \/>\n<meta property=\"og:title\" content=\"Grand Wine Tasting Experience: Desgusta\u00e7\u00e3o de Vinhos - GHRJ\" \/>\n<meta property=\"og:description\" content=\"Deguste vinhos selecionados e harmoniza\u00e7\u00f5es no Grand Wine Tasting Experience no cora\u00e7\u00e3o da Barra da Tijuca. Evento do restaurante Cant\u00f4. Reserve seu voucher!\" \/>\n<meta property=\"og:url\" content=\"https:\/\/www.pacoteshyatt.com.br\/rio-de-janeiro\/product\/wine-tasting\/\" \/>\n<meta property=\"og:site_name\" content=\"GRAND HYATT RIO DE JANEIRO\" \/>\n<meta property=\"article:modified_time\" content=\"2026-01-30T19:21:16+00:00\" \/>\n<meta property=\"og:image\" content=\"https:\/\/www.pacoteshyatt.com.br\/rio-de-janeiro\/wp-content\/uploads\/sites\/2\/2025\/07\/Design-sem-nome-12.png\" \/>\n\t<meta property=\"og:image:width\" content=\"308\" \/>\n\t<meta property=\"og:image:height\" content=\"200\" \/>\n\t<meta property=\"og:image:type\" content=\"image\/png\" \/>\n<meta name=\"twitter:card\" content=\"summary_large_image\" \/>\n<meta name=\"twitter:label1\" content=\"Est. tempo de leitura\" \/>\n\t<meta name=\"twitter:data1\" content=\"1 minuto\" \/>\n<script type=\"application\/ld+json\" class=\"yoast-schema-graph\">{\"@context\":\"https:\/\/schema.org\",\"@graph\":[{\"@type\":\"WebSite\",\"@id\":\"https:\/\/www.pacoteshyatt.com.br\/rio-de-janeiro\/#website\",\"url\":\"https:\/\/www.pacoteshyatt.com.br\/rio-de-janeiro\/\",\"name\":\"GRAND HYATT RIO DE JANEIRO\",\"description\":\"Um verdadeiro resort urbano na Barra da Tijuca!\",\"potentialAction\":[{\"@type\":\"SearchAction\",\"target\":{\"@type\":\"EntryPoint\",\"urlTemplate\":\"https:\/\/www.pacoteshyatt.com.br\/rio-de-janeiro\/?s={search_term_string}\"},\"query-input\":\"required name=search_term_string\"}],\"inLanguage\":\"pt-BR\"},{\"@type\":\"ImageObject\",\"@id\":\"https:\/\/www.pacoteshyatt.com.br\/rio-de-janeiro\/product\/wine-tasting\/#primaryimage\",\"inLanguage\":\"pt-BR\",\"url\":\"https:\/\/www.pacoteshyatt.com.br\/rio-de-janeiro\/wp-content\/uploads\/sites\/2\/2025\/07\/Design-sem-nome-12.png\",\"contentUrl\":\"https:\/\/www.pacoteshyatt.com.br\/rio-de-janeiro\/wp-content\/uploads\/sites\/2\/2025\/07\/Design-sem-nome-12.png\",\"width\":308,\"height\":200,\"caption\":\"Travessa com harmoniza\u00e7\u00f5es como salame, frutas, frios, p\u00e3es do Wine Tasting Experience do Grand Hyatt\"},{\"@type\":\"WebPage\",\"@id\":\"https:\/\/www.pacoteshyatt.com.br\/rio-de-janeiro\/product\/wine-tasting\/#webpage\",\"url\":\"https:\/\/www.pacoteshyatt.com.br\/rio-de-janeiro\/product\/wine-tasting\/\",\"name\":\"Grand Wine Tasting Experience: Desgusta\u00e7\u00e3o de Vinhos - GHRJ\",\"isPartOf\":{\"@id\":\"https:\/\/www.pacoteshyatt.com.br\/rio-de-janeiro\/#website\"},\"primaryImageOfPage\":{\"@id\":\"https:\/\/www.pacoteshyatt.com.br\/rio-de-janeiro\/product\/wine-tasting\/#primaryimage\"},\"datePublished\":\"2025-07-07T13:35:58+00:00\",\"dateModified\":\"2026-01-30T19:21:16+00:00\",\"description\":\"Deguste vinhos selecionados e harmoniza\u00e7\u00f5es no Grand Wine Tasting Experience no cora\u00e7\u00e3o da Barra da Tijuca. Evento do restaurante Cant\u00f4. Reserve seu voucher!\",\"breadcrumb\":{\"@id\":\"https:\/\/www.pacoteshyatt.com.br\/rio-de-janeiro\/product\/wine-tasting\/#breadcrumb\"},\"inLanguage\":\"pt-BR\",\"potentialAction\":[{\"@type\":\"ReadAction\",\"target\":[\"https:\/\/www.pacoteshyatt.com.br\/rio-de-janeiro\/product\/wine-tasting\/\"]}]},{\"@type\":\"BreadcrumbList\",\"@id\":\"https:\/\/www.pacoteshyatt.com.br\/rio-de-janeiro\/product\/wine-tasting\/#breadcrumb\",\"itemListElement\":[{\"@type\":\"ListItem\",\"position\":1,\"name\":\"Home\",\"item\":\"https:\/\/www.pacoteshyatt.com.br\/rio-de-janeiro\/\"},{\"@type\":\"ListItem\",\"position\":2,\"name\":\"Cat\u00e1logo\",\"item\":\"https:\/\/www.pacoteshyatt.com.br\/rio-de-janeiro\/catalogo\/\"},{\"@type\":\"ListItem\",\"position\":3,\"name\":\"Grand Wine Tasting Experience\"}]}]}<\/script>\n<!-- \/ Yoast SEO plugin. -->","yoast_head_json":{"title":"Grand Wine Tasting Experience: Desgusta\u00e7\u00e3o de Vinhos - GHRJ","description":"Deguste vinhos selecionados e harmoniza\u00e7\u00f5es no Grand Wine Tasting Experience no cora\u00e7\u00e3o da Barra da Tijuca. Evento do restaurante Cant\u00f4. Reserve seu voucher!","robots":{"index":"index","follow":"follow","max-snippet":"max-snippet:-1","max-image-preview":"max-image-preview:large","max-video-preview":"max-video-preview:-1"},"canonical":"https:\/\/www.pacoteshyatt.com.br\/rio-de-janeiro\/product\/wine-tasting\/","og_locale":"pt_BR","og_type":"article","og_title":"Grand Wine Tasting Experience: Desgusta\u00e7\u00e3o de Vinhos - GHRJ","og_description":"Deguste vinhos selecionados e harmoniza\u00e7\u00f5es no Grand Wine Tasting Experience no cora\u00e7\u00e3o da Barra da Tijuca. Evento do restaurante Cant\u00f4. Reserve seu voucher!","og_url":"https:\/\/www.pacoteshyatt.com.br\/rio-de-janeiro\/product\/wine-tasting\/","og_site_name":"GRAND HYATT RIO DE JANEIRO","article_modified_time":"2026-01-30T19:21:16+00:00","og_image":[{"width":308,"height":200,"url":"https:\/\/www.pacoteshyatt.com.br\/rio-de-janeiro\/wp-content\/uploads\/sites\/2\/2025\/07\/Design-sem-nome-12.png","type":"image\/png"}],"twitter_card":"summary_large_image","twitter_misc":{"Est. tempo de leitura":"1 minuto"},"schema":{"@context":"https:\/\/schema.org","@graph":[{"@type":"WebSite","@id":"https:\/\/www.pacoteshyatt.com.br\/rio-de-janeiro\/#website","url":"https:\/\/www.pacoteshyatt.com.br\/rio-de-janeiro\/","name":"GRAND HYATT RIO DE JANEIRO","description":"Um verdadeiro resort urbano na Barra da Tijuca!","potentialAction":[{"@type":"SearchAction","target":{"@type":"EntryPoint","urlTemplate":"https:\/\/www.pacoteshyatt.com.br\/rio-de-janeiro\/?s={search_term_string}"},"query-input":"required name=search_term_string"}],"inLanguage":"pt-BR"},{"@type":"ImageObject","@id":"https:\/\/www.pacoteshyatt.com.br\/rio-de-janeiro\/product\/wine-tasting\/#primaryimage","inLanguage":"pt-BR","url":"https:\/\/www.pacoteshyatt.com.br\/rio-de-janeiro\/wp-content\/uploads\/sites\/2\/2025\/07\/Design-sem-nome-12.png","contentUrl":"https:\/\/www.pacoteshyatt.com.br\/rio-de-janeiro\/wp-content\/uploads\/sites\/2\/2025\/07\/Design-sem-nome-12.png","width":308,"height":200,"caption":"Travessa com harmoniza\u00e7\u00f5es como salame, frutas, frios, p\u00e3es do Wine Tasting Experience do Grand Hyatt"},{"@type":"WebPage","@id":"https:\/\/www.pacoteshyatt.com.br\/rio-de-janeiro\/product\/wine-tasting\/#webpage","url":"https:\/\/www.pacoteshyatt.com.br\/rio-de-janeiro\/product\/wine-tasting\/","name":"Grand Wine Tasting Experience: Desgusta\u00e7\u00e3o de Vinhos - GHRJ","isPartOf":{"@id":"https:\/\/www.pacoteshyatt.com.br\/rio-de-janeiro\/#website"},"primaryImageOfPage":{"@id":"https:\/\/www.pacoteshyatt.com.br\/rio-de-janeiro\/product\/wine-tasting\/#primaryimage"},"datePublished":"2025-07-07T13:35:58+00:00","dateModified":"2026-01-30T19:21:16+00:00","description":"Deguste vinhos selecionados e harmoniza\u00e7\u00f5es no Grand Wine Tasting Experience no cora\u00e7\u00e3o da Barra da Tijuca. Evento do restaurante Cant\u00f4. Reserve seu voucher!","breadcrumb":{"@id":"https:\/\/www.pacoteshyatt.com.br\/rio-de-janeiro\/product\/wine-tasting\/#breadcrumb"},"inLanguage":"pt-BR","potentialAction":[{"@type":"ReadAction","target":["https:\/\/www.pacoteshyatt.com.br\/rio-de-janeiro\/product\/wine-tasting\/"]}]},{"@type":"BreadcrumbList","@id":"https:\/\/www.pacoteshyatt.com.br\/rio-de-janeiro\/product\/wine-tasting\/#breadcrumb","itemListElement":[{"@type":"ListItem","position":1,"name":"Home","item":"https:\/\/www.pacoteshyatt.com.br\/rio-de-janeiro\/"},{"@type":"ListItem","position":2,"name":"Cat\u00e1logo","item":"https:\/\/www.pacoteshyatt.com.br\/rio-de-janeiro\/catalogo\/"},{"@type":"ListItem","position":3,"name":"Grand Wine Tasting Experience"}]}]}},"_links":{"self":[{"href":"https:\/\/www.pacoteshyatt.com.br\/rio-de-janeiro\/wp-json\/wp\/v2\/product\/19588"}],"collection":[{"href":"https:\/\/www.pacoteshyatt.com.br\/rio-de-janeiro\/wp-json\/wp\/v2\/product"}],"about":[{"href":"https:\/\/www.pacoteshyatt.com.br\/rio-de-janeiro\/wp-json\/wp\/v2\/types\/product"}],"wp:featuredmedia":[{"embeddable":true,"href":"https:\/\/www.pacoteshyatt.com.br\/rio-de-janeiro\/wp-json\/wp\/v2\/media\/19597"}],"wp:attachment":[{"href":"https:\/\/www.pacoteshyatt.com.br\/rio-de-janeiro\/wp-json\/wp\/v2\/media?parent=19588"}],"wp:term":[{"taxonomy":"product_cat","embeddable":true,"href":"https:\/\/www.pacoteshyatt.com.br\/rio-de-janeiro\/wp-json\/wp\/v2\/product_cat?post=19588"},{"taxonomy":"product_tag","embeddable":true,"href":"https:\/\/www.pacoteshyatt.com.br\/rio-de-janeiro\/wp-json\/wp\/v2\/product_tag?post=19588"}],"curies":[{"name":"wp","href":"https:\/\/api.w.org\/{rel}","templated":true}]}}