{"id":20034,"date":"2025-08-06T15:32:40","date_gmt":"2025-08-06T18:32:40","guid":{"rendered":"https:\/\/www.pacoteshyatt.com.br\/rio-de-janeiro\/?post_type=product&#038;p=20034"},"modified":"2025-12-26T12:22:35","modified_gmt":"2025-12-26T15:22:35","slug":"omakase-de-natal","status":"publish","type":"product","link":"https:\/\/www.pacoteshyatt.com.br\/rio-de-janeiro\/product\/omakase-de-natal\/","title":{"rendered":"24\/12 | Omakase de Natal"},"content":{"rendered":"<p style=\"text-align: center\"><span style=\"color: #bd2137\"><strong>VENDAS ONLINE ENCERRADAS!<\/strong><br \/>\nPara adquirir o seu voucher, entre em contato atrav\u00e9s do <a href=\"https:\/\/wa.me\/5511942414458\">WhatsApp<\/a> ou visite o nosso plant\u00e3o de vendas presencial, localizado no lobby do Grand Hyattt Rio de Janeiro, de 10h \u00e0s 20h.<\/span><\/p>\n<p>&nbsp;<\/p>\n<p>&nbsp;<\/p>\n<p><strong><em>Si vienes de fuera de Brasil, haga\u00a0<a href=\"https:\/\/www.hyattexperiences.com\/grand-hyatt\/riogh#!\/e\/5bdfb8b5\">clic aqu\u00ed<\/a>\u00a0|\u00a0<\/em><em>If you are coming from outside Brazil,\u00a0<a href=\"https:\/\/www.hyattexperiences.com\/grand-hyatt\/riogh#!\/e\/5bdfb8b5\">click here<\/a><\/em><\/strong><\/p>\n<p>&nbsp;<\/p>\n<p data-start=\"429\" data-end=\"485\"><strong data-start=\"429\" data-end=\"485\">Noite de Natal, menu Omakase de Natal e m\u00fasica ao vivo.<\/strong><\/p>\n<p data-start=\"429\" data-end=\"485\">Nesta noite especial, propomos uma experi\u00eancia sensorial que une a est\u00e9tica da cozinha japonesa contempor\u00e2nea ao esp\u00edrito leve e contemplativo do Natal.<\/p>\n<p data-start=\"703\" data-end=\"942\">Omakase \u00e9 uma palavra japonesa que significa &#8220;confie no Chef&#8221;.<br \/>\nO menu, cuidadosamente elaborado, percorre <strong>oito tempos<\/strong> com ingredientes frescos e t\u00e9cnicas refinadas. Cada prato ser\u00e1 harmonizado com uma sele\u00e7\u00e3o especial de <strong data-start=\"864\" data-end=\"882\">saqu\u00eas<\/strong>, pensada para acompanhar e elevar os sabores de cada etapa.<\/p>\n<p data-start=\"944\" data-end=\"1062\">Para completar a noite, a trilha sonora da noite ficar\u00e1 por conta de um <strong data-start=\"992\" data-end=\"1015\">saxofonista ao vivo.\u00a0<\/strong><\/p>\n<p>&nbsp;<\/p>\n<p><strong>Sobre o evento Omakase de Natal:<\/strong><\/p>\n<p>\u2022 Ser\u00e1 um <strong>menu hamornizado de 8 tempos<\/strong>, sendo o \u00faltimo passo uma <strong>sobremesa feita pela nossa Chef P\u00e2tisserie Paula Lopes.<\/strong><\/p>\n<p>\u2022 <strong>O jantar ser\u00e1 harmonizado com saqu\u00eas<\/strong>, al\u00e9m de espumante e bebidas n\u00e3o alco\u00f3licas inclu\u00eddas: \u00e1gua, sucos e refrigerantes.<\/p>\n<p>\u2022 <strong>M\u00fasica ao vivo<\/strong> com saxofone.<\/p>\n<p><strong data-start=\"1165\" data-end=\"1187\">\u2022 Mesa individual<\/strong> para aproveitar a noite com seus amigos e familiares.<\/p>\n<p>&nbsp;<\/p>\n<p><strong>Informa\u00e7\u00f5es:<\/strong><\/p>\n<p>\u2022<strong> Local:\u00a0<\/strong>Restaurante Shiso &#8211; Grand Hyatt Rio de Janeiro<\/p>\n<p>\u2022 <strong>Data:\u00a0<\/strong>24\/12\/2025<\/p>\n<p>\u2022\u00a0<strong>Hora: <\/strong>das 20h \u00e0 1h<\/p>\n<p>\u2022\u00a0<strong>Primeiro Lote dispon\u00edvel<\/strong><\/p>\n<p>&nbsp;<\/p>\n<hr \/>\n<p><i>Para coment\u00e1rios \u00e0 respeito de restri\u00e7\u00f5es alimentares e prefer\u00eancias em rela\u00e7\u00e3o a localiza\u00e7\u00e3o e compartilhamento da mesa, favor inserir na parte\u00a0<strong>\u201cInforma\u00e7\u00e3o adicional\u201d\u00a0<\/strong>no momento do pagamento.<\/i><\/p>\n<p><span style=\"color: #bd2137\"><i>Voucher v\u00e1lido para 1 (uma) pessoa e exclusivo apenas para o evento <strong>Omakase de Natal<\/strong>, a ser realizado na quinta-feira, dia <strong>24 de Dezembro de 2025.\u00a0<\/strong><\/i><\/span><\/p>\n","protected":false},"excerpt":{"rendered":"<p>VENDAS ONLINE ENCERRADAS! Para adquirir o seu voucher, entre em contato atrav\u00e9s do WhatsApp ou visite o nosso plant\u00e3o de vendas presencial, localizado no lobby do Grand Hyattt Rio de Janeiro, de 10h \u00e0s 20h. &nbsp; &nbsp; Si vienes de fuera de Brasil, haga\u00a0clic aqu\u00ed\u00a0|\u00a0If you are coming from outside Brazil,\u00a0click here &nbsp; Noite de [&hellip;]<\/p>\n","protected":false},"featured_media":20175,"template":"","meta":{"_eb_attr":""},"product_cat":[119,20,76,74,67,68,70],"product_tag":[],"bundled_by":[],"bundle_stock_status":"instock","bundle_stock_quantity":null,"bundle_virtual":false,"bundle_layout":"","bundle_add_to_cart_form_location":"","bundle_editable_in_cart":false,"bundle_sold_individually_context":"","bundle_item_grouping":"","bundle_min_size":"","bundle_max_size":"","bundled_items":[],"yoast_head":"<!-- This site is optimized with the Yoast SEO plugin v18.4.1 - https:\/\/yoast.com\/wordpress\/plugins\/seo\/ -->\n<title>Omakase de Natal 2025 no Rio de Janeiro - Grand Hyatt<\/title>\n<meta name=\"description\" content=\"O Omakase a Quatro M\u00e3os no Shiso Restaurante do Grand Hyatt na barra da tijuca, traz um evento gastron\u00f4mico japon\u00eas com menus in\u00e9ditos. Reserve j\u00e1!\" \/>\n<meta name=\"robots\" content=\"index, follow, max-snippet:-1, max-image-preview:large, max-video-preview:-1\" \/>\n<link rel=\"canonical\" href=\"https:\/\/www.pacoteshyatt.com.br\/rio-de-janeiro\/product\/omakase-de-natal\/\" \/>\n<meta property=\"og:locale\" content=\"pt_BR\" \/>\n<meta property=\"og:type\" content=\"article\" \/>\n<meta property=\"og:title\" content=\"Omakase de Natal 2025 no Rio de Janeiro - Grand Hyatt\" \/>\n<meta property=\"og:description\" content=\"O Omakase a Quatro M\u00e3os no Shiso Restaurante do Grand Hyatt na barra da tijuca, traz um evento gastron\u00f4mico japon\u00eas com menus in\u00e9ditos. Reserve j\u00e1!\" \/>\n<meta property=\"og:url\" content=\"https:\/\/www.pacoteshyatt.com.br\/rio-de-janeiro\/product\/omakase-de-natal\/\" \/>\n<meta property=\"og:site_name\" content=\"GRAND HYATT RIO DE JANEIRO\" \/>\n<meta property=\"article:modified_time\" content=\"2025-12-26T15:22:35+00:00\" \/>\n<meta property=\"og:image\" content=\"https:\/\/www.pacoteshyatt.com.br\/rio-de-janeiro\/wp-content\/uploads\/sites\/2\/2025\/08\/GHRJ_Banners_PTBR_308x200_NatalShiso_2025_v1.png\" \/>\n\t<meta property=\"og:image:width\" content=\"308\" \/>\n\t<meta property=\"og:image:height\" content=\"200\" \/>\n\t<meta property=\"og:image:type\" content=\"image\/png\" \/>\n<meta name=\"twitter:card\" content=\"summary_large_image\" \/>\n<meta name=\"twitter:label1\" content=\"Est. tempo de leitura\" \/>\n\t<meta name=\"twitter:data1\" content=\"2 minutos\" \/>\n<script type=\"application\/ld+json\" class=\"yoast-schema-graph\">{\"@context\":\"https:\/\/schema.org\",\"@graph\":[{\"@type\":\"WebSite\",\"@id\":\"https:\/\/www.pacoteshyatt.com.br\/rio-de-janeiro\/#website\",\"url\":\"https:\/\/www.pacoteshyatt.com.br\/rio-de-janeiro\/\",\"name\":\"GRAND HYATT RIO DE JANEIRO\",\"description\":\"Um verdadeiro resort urbano na Barra da Tijuca!\",\"potentialAction\":[{\"@type\":\"SearchAction\",\"target\":{\"@type\":\"EntryPoint\",\"urlTemplate\":\"https:\/\/www.pacoteshyatt.com.br\/rio-de-janeiro\/?s={search_term_string}\"},\"query-input\":\"required name=search_term_string\"}],\"inLanguage\":\"pt-BR\"},{\"@type\":\"ImageObject\",\"@id\":\"https:\/\/www.pacoteshyatt.com.br\/rio-de-janeiro\/product\/omakase-de-natal\/#primaryimage\",\"inLanguage\":\"pt-BR\",\"url\":\"https:\/\/www.pacoteshyatt.com.br\/rio-de-janeiro\/wp-content\/uploads\/sites\/2\/2025\/08\/GHRJ_Banners_PTBR_308x200_NatalShiso_2025_v1.png\",\"contentUrl\":\"https:\/\/www.pacoteshyatt.com.br\/rio-de-janeiro\/wp-content\/uploads\/sites\/2\/2025\/08\/GHRJ_Banners_PTBR_308x200_NatalShiso_2025_v1.png\",\"width\":308,\"height\":200,\"caption\":\"Omakase de Natal do Grand Hyatt Barra da Tijuca\"},{\"@type\":\"WebPage\",\"@id\":\"https:\/\/www.pacoteshyatt.com.br\/rio-de-janeiro\/product\/omakase-de-natal\/#webpage\",\"url\":\"https:\/\/www.pacoteshyatt.com.br\/rio-de-janeiro\/product\/omakase-de-natal\/\",\"name\":\"Omakase de Natal 2025 no Rio de Janeiro - Grand Hyatt\",\"isPartOf\":{\"@id\":\"https:\/\/www.pacoteshyatt.com.br\/rio-de-janeiro\/#website\"},\"primaryImageOfPage\":{\"@id\":\"https:\/\/www.pacoteshyatt.com.br\/rio-de-janeiro\/product\/omakase-de-natal\/#primaryimage\"},\"datePublished\":\"2025-08-06T18:32:40+00:00\",\"dateModified\":\"2025-12-26T15:22:35+00:00\",\"description\":\"O Omakase a Quatro M\u00e3os no Shiso Restaurante do Grand Hyatt na barra da tijuca, traz um evento gastron\u00f4mico japon\u00eas com menus in\u00e9ditos. Reserve j\u00e1!\",\"breadcrumb\":{\"@id\":\"https:\/\/www.pacoteshyatt.com.br\/rio-de-janeiro\/product\/omakase-de-natal\/#breadcrumb\"},\"inLanguage\":\"pt-BR\",\"potentialAction\":[{\"@type\":\"ReadAction\",\"target\":[\"https:\/\/www.pacoteshyatt.com.br\/rio-de-janeiro\/product\/omakase-de-natal\/\"]}]},{\"@type\":\"BreadcrumbList\",\"@id\":\"https:\/\/www.pacoteshyatt.com.br\/rio-de-janeiro\/product\/omakase-de-natal\/#breadcrumb\",\"itemListElement\":[{\"@type\":\"ListItem\",\"position\":1,\"name\":\"Home\",\"item\":\"https:\/\/www.pacoteshyatt.com.br\/rio-de-janeiro\/\"},{\"@type\":\"ListItem\",\"position\":2,\"name\":\"Cat\u00e1logo\",\"item\":\"https:\/\/www.pacoteshyatt.com.br\/rio-de-janeiro\/catalogo\/\"},{\"@type\":\"ListItem\",\"position\":3,\"name\":\"24\/12 | Omakase de Natal\"}]}]}<\/script>\n<!-- \/ Yoast SEO plugin. -->","yoast_head_json":{"title":"Omakase de Natal 2025 no Rio de Janeiro - Grand Hyatt","description":"O Omakase a Quatro M\u00e3os no Shiso Restaurante do Grand Hyatt na barra da tijuca, traz um evento gastron\u00f4mico japon\u00eas com menus in\u00e9ditos. Reserve j\u00e1!","robots":{"index":"index","follow":"follow","max-snippet":"max-snippet:-1","max-image-preview":"max-image-preview:large","max-video-preview":"max-video-preview:-1"},"canonical":"https:\/\/www.pacoteshyatt.com.br\/rio-de-janeiro\/product\/omakase-de-natal\/","og_locale":"pt_BR","og_type":"article","og_title":"Omakase de Natal 2025 no Rio de Janeiro - Grand Hyatt","og_description":"O Omakase a Quatro M\u00e3os no Shiso Restaurante do Grand Hyatt na barra da tijuca, traz um evento gastron\u00f4mico japon\u00eas com menus in\u00e9ditos. Reserve j\u00e1!","og_url":"https:\/\/www.pacoteshyatt.com.br\/rio-de-janeiro\/product\/omakase-de-natal\/","og_site_name":"GRAND HYATT RIO DE JANEIRO","article_modified_time":"2025-12-26T15:22:35+00:00","og_image":[{"width":308,"height":200,"url":"https:\/\/www.pacoteshyatt.com.br\/rio-de-janeiro\/wp-content\/uploads\/sites\/2\/2025\/08\/GHRJ_Banners_PTBR_308x200_NatalShiso_2025_v1.png","type":"image\/png"}],"twitter_card":"summary_large_image","twitter_misc":{"Est. tempo de leitura":"2 minutos"},"schema":{"@context":"https:\/\/schema.org","@graph":[{"@type":"WebSite","@id":"https:\/\/www.pacoteshyatt.com.br\/rio-de-janeiro\/#website","url":"https:\/\/www.pacoteshyatt.com.br\/rio-de-janeiro\/","name":"GRAND HYATT RIO DE JANEIRO","description":"Um verdadeiro resort urbano na Barra da Tijuca!","potentialAction":[{"@type":"SearchAction","target":{"@type":"EntryPoint","urlTemplate":"https:\/\/www.pacoteshyatt.com.br\/rio-de-janeiro\/?s={search_term_string}"},"query-input":"required name=search_term_string"}],"inLanguage":"pt-BR"},{"@type":"ImageObject","@id":"https:\/\/www.pacoteshyatt.com.br\/rio-de-janeiro\/product\/omakase-de-natal\/#primaryimage","inLanguage":"pt-BR","url":"https:\/\/www.pacoteshyatt.com.br\/rio-de-janeiro\/wp-content\/uploads\/sites\/2\/2025\/08\/GHRJ_Banners_PTBR_308x200_NatalShiso_2025_v1.png","contentUrl":"https:\/\/www.pacoteshyatt.com.br\/rio-de-janeiro\/wp-content\/uploads\/sites\/2\/2025\/08\/GHRJ_Banners_PTBR_308x200_NatalShiso_2025_v1.png","width":308,"height":200,"caption":"Omakase de Natal do Grand Hyatt Barra da Tijuca"},{"@type":"WebPage","@id":"https:\/\/www.pacoteshyatt.com.br\/rio-de-janeiro\/product\/omakase-de-natal\/#webpage","url":"https:\/\/www.pacoteshyatt.com.br\/rio-de-janeiro\/product\/omakase-de-natal\/","name":"Omakase de Natal 2025 no Rio de Janeiro - Grand Hyatt","isPartOf":{"@id":"https:\/\/www.pacoteshyatt.com.br\/rio-de-janeiro\/#website"},"primaryImageOfPage":{"@id":"https:\/\/www.pacoteshyatt.com.br\/rio-de-janeiro\/product\/omakase-de-natal\/#primaryimage"},"datePublished":"2025-08-06T18:32:40+00:00","dateModified":"2025-12-26T15:22:35+00:00","description":"O Omakase a Quatro M\u00e3os no Shiso Restaurante do Grand Hyatt na barra da tijuca, traz um evento gastron\u00f4mico japon\u00eas com menus in\u00e9ditos. Reserve j\u00e1!","breadcrumb":{"@id":"https:\/\/www.pacoteshyatt.com.br\/rio-de-janeiro\/product\/omakase-de-natal\/#breadcrumb"},"inLanguage":"pt-BR","potentialAction":[{"@type":"ReadAction","target":["https:\/\/www.pacoteshyatt.com.br\/rio-de-janeiro\/product\/omakase-de-natal\/"]}]},{"@type":"BreadcrumbList","@id":"https:\/\/www.pacoteshyatt.com.br\/rio-de-janeiro\/product\/omakase-de-natal\/#breadcrumb","itemListElement":[{"@type":"ListItem","position":1,"name":"Home","item":"https:\/\/www.pacoteshyatt.com.br\/rio-de-janeiro\/"},{"@type":"ListItem","position":2,"name":"Cat\u00e1logo","item":"https:\/\/www.pacoteshyatt.com.br\/rio-de-janeiro\/catalogo\/"},{"@type":"ListItem","position":3,"name":"24\/12 | Omakase de Natal"}]}]}},"_links":{"self":[{"href":"https:\/\/www.pacoteshyatt.com.br\/rio-de-janeiro\/wp-json\/wp\/v2\/product\/20034"}],"collection":[{"href":"https:\/\/www.pacoteshyatt.com.br\/rio-de-janeiro\/wp-json\/wp\/v2\/product"}],"about":[{"href":"https:\/\/www.pacoteshyatt.com.br\/rio-de-janeiro\/wp-json\/wp\/v2\/types\/product"}],"wp:featuredmedia":[{"embeddable":true,"href":"https:\/\/www.pacoteshyatt.com.br\/rio-de-janeiro\/wp-json\/wp\/v2\/media\/20175"}],"wp:attachment":[{"href":"https:\/\/www.pacoteshyatt.com.br\/rio-de-janeiro\/wp-json\/wp\/v2\/media?parent=20034"}],"wp:term":[{"taxonomy":"product_cat","embeddable":true,"href":"https:\/\/www.pacoteshyatt.com.br\/rio-de-janeiro\/wp-json\/wp\/v2\/product_cat?post=20034"},{"taxonomy":"product_tag","embeddable":true,"href":"https:\/\/www.pacoteshyatt.com.br\/rio-de-janeiro\/wp-json\/wp\/v2\/product_tag?post=20034"}],"curies":[{"name":"wp","href":"https:\/\/api.w.org\/{rel}","templated":true}]}}