{"id":20387,"date":"2025-08-29T08:58:17","date_gmt":"2025-08-29T11:58:17","guid":{"rendered":"https:\/\/www.pacoteshyatt.com.br\/rio-de-janeiro\/?post_type=product&#038;p=20387"},"modified":"2026-01-30T15:37:42","modified_gmt":"2026-01-30T18:37:42","slug":"massagem-apuama","status":"publish","type":"product","link":"https:\/\/www.pacoteshyatt.com.br\/rio-de-janeiro\/product\/massagem-apuama\/","title":{"rendered":"Massagem Apuama"},"content":{"rendered":"<p class=\"mb-3 mt-0\" data-copy-text=\"true\">Descubra a <strong>Massagem Apuama<\/strong>, a nova massagem idealizada pelo Atiaia Spa no Rio de Janeiro que transforma o cuidado em experi\u00eancia exclusiva.<\/p>\n<p class=\"mb-3 mt-0\" data-copy-text=\"true\">Com uma sequ\u00eancia harmoniosa de movimentos contempor\u00e2neos, a sess\u00e3o de massagem Apuama une fluidez, ritmo e inten\u00e7\u00e3o em tratamentos de <strong>50 e 80 minutos.<\/strong><\/p>\n<p class=\"mb-3 mt-0\" data-copy-text=\"true\">Atrav\u00e9s de manobras amplas, toques levemente profundos e alongamentos conscientes, essa t\u00e9cnica dissolve tens\u00f5es acumuladas, estimula a circula\u00e7\u00e3o e restaura a mobilidade natural do corpo. O resultado \u00e9 uma sensa\u00e7\u00e3o imediata de leveza, presen\u00e7a e bem-estar.<\/p>\n<p class=\"mb-3 mt-0\" data-copy-text=\"true\">Massagem Apuama \u00e9 um convite a reconectar-se com o pr\u00f3prio ritmo, realinhar a postura e reviver a energia que te move.<\/p>\n<p class=\"mb-3 mt-0\" data-copy-text=\"true\"><strong>Ideal para:<br \/>\n<\/strong>\u2022 Quem sente peso, rigidez ou cansa\u00e7o no corpo<br \/>\n\u2022 Quem busca um cuidado contempor\u00e2neo e sensorial no melhor spa da barra da tijuca<br \/>\n\u2022 Quem deseja relaxar sem abrir m\u00e3o de t\u00e9cnica e resultado de um day spa<\/p>\n<hr \/>\n<p data-copy-text=\"true\"><i>Ap\u00f3s a compra, \u00e9 necess\u00e1rio realizar o agendamento atrav\u00e9s do Whatsapp: (21) 3797-9566<\/i><\/p>\n","protected":false},"excerpt":{"rendered":"<p>Descubra a Massagem Apuama, a nova massagem idealizada pelo Atiaia Spa no Rio de Janeiro que transforma o cuidado em experi\u00eancia exclusiva. Com uma sequ\u00eancia harmoniosa de movimentos contempor\u00e2neos, a sess\u00e3o de massagem Apuama une fluidez, ritmo e inten\u00e7\u00e3o em tratamentos de 50 e 80 minutos. Atrav\u00e9s de manobras amplas, toques levemente profundos e alongamentos [&hellip;]<\/p>\n","protected":false},"featured_media":20612,"template":"","meta":{"_eb_attr":""},"product_cat":[135,19,23],"product_tag":[],"bundled_by":[],"bundle_stock_status":"instock","bundle_stock_quantity":null,"bundle_virtual":false,"bundle_layout":"","bundle_add_to_cart_form_location":"","bundle_editable_in_cart":false,"bundle_sold_individually_context":"","bundle_item_grouping":"","bundle_min_size":"","bundle_max_size":"","bundled_items":[],"yoast_head":"<!-- This site is optimized with the Yoast SEO plugin v18.4.1 - https:\/\/yoast.com\/wordpress\/plugins\/seo\/ -->\n<title>Massagem Apuama | Spa Rio de Janeiro - Grand Hyatt RJ<\/title>\n<meta name=\"description\" content=\"Relaxe com a massagem Apuama no Grand Hyatt Rio de Janeiro. T\u00e9cnicas revitalizantes do Atiaia Spa que aliviam tens\u00f5es e renova suas energias. Reserve aqui!\" \/>\n<meta name=\"robots\" content=\"index, follow, max-snippet:-1, max-image-preview:large, max-video-preview:-1\" \/>\n<link rel=\"canonical\" href=\"https:\/\/www.pacoteshyatt.com.br\/rio-de-janeiro\/product\/massagem-apuama\/\" \/>\n<meta property=\"og:locale\" content=\"pt_BR\" \/>\n<meta property=\"og:type\" content=\"article\" \/>\n<meta property=\"og:title\" content=\"Massagem Apuama | Spa Rio de Janeiro - Grand Hyatt RJ\" \/>\n<meta property=\"og:description\" content=\"Relaxe com a massagem Apuama no Grand Hyatt Rio de Janeiro. T\u00e9cnicas revitalizantes do Atiaia Spa que aliviam tens\u00f5es e renova suas energias. Reserve aqui!\" \/>\n<meta property=\"og:url\" content=\"https:\/\/www.pacoteshyatt.com.br\/rio-de-janeiro\/product\/massagem-apuama\/\" \/>\n<meta property=\"og:site_name\" content=\"GRAND HYATT RIO DE JANEIRO\" \/>\n<meta property=\"article:modified_time\" content=\"2026-01-30T18:37:42+00:00\" \/>\n<meta property=\"og:image\" content=\"https:\/\/www.pacoteshyatt.com.br\/rio-de-janeiro\/wp-content\/uploads\/sites\/2\/2025\/09\/GHRJ_MassagemApuama_2025_Banner_308x200px_v1.png\" \/>\n\t<meta property=\"og:image:width\" content=\"308\" \/>\n\t<meta property=\"og:image:height\" content=\"200\" \/>\n\t<meta property=\"og:image:type\" content=\"image\/png\" \/>\n<meta name=\"twitter:card\" content=\"summary_large_image\" \/>\n<meta name=\"twitter:label1\" content=\"Est. tempo de leitura\" \/>\n\t<meta name=\"twitter:data1\" content=\"1 minuto\" \/>\n<script type=\"application\/ld+json\" class=\"yoast-schema-graph\">{\"@context\":\"https:\/\/schema.org\",\"@graph\":[{\"@type\":\"WebSite\",\"@id\":\"https:\/\/www.pacoteshyatt.com.br\/rio-de-janeiro\/#website\",\"url\":\"https:\/\/www.pacoteshyatt.com.br\/rio-de-janeiro\/\",\"name\":\"GRAND HYATT RIO DE JANEIRO\",\"description\":\"Um verdadeiro resort urbano na Barra da Tijuca!\",\"potentialAction\":[{\"@type\":\"SearchAction\",\"target\":{\"@type\":\"EntryPoint\",\"urlTemplate\":\"https:\/\/www.pacoteshyatt.com.br\/rio-de-janeiro\/?s={search_term_string}\"},\"query-input\":\"required name=search_term_string\"}],\"inLanguage\":\"pt-BR\"},{\"@type\":\"ImageObject\",\"@id\":\"https:\/\/www.pacoteshyatt.com.br\/rio-de-janeiro\/product\/massagem-apuama\/#primaryimage\",\"inLanguage\":\"pt-BR\",\"url\":\"https:\/\/www.pacoteshyatt.com.br\/rio-de-janeiro\/wp-content\/uploads\/sites\/2\/2025\/09\/GHRJ_MassagemApuama_2025_Banner_308x200px_v1.png\",\"contentUrl\":\"https:\/\/www.pacoteshyatt.com.br\/rio-de-janeiro\/wp-content\/uploads\/sites\/2\/2025\/09\/GHRJ_MassagemApuama_2025_Banner_308x200px_v1.png\",\"width\":308,\"height\":200,\"caption\":\"banner de destaque massagem apuama Grand Hyatt Rio\"},{\"@type\":\"WebPage\",\"@id\":\"https:\/\/www.pacoteshyatt.com.br\/rio-de-janeiro\/product\/massagem-apuama\/#webpage\",\"url\":\"https:\/\/www.pacoteshyatt.com.br\/rio-de-janeiro\/product\/massagem-apuama\/\",\"name\":\"Massagem Apuama | Spa Rio de Janeiro - Grand Hyatt RJ\",\"isPartOf\":{\"@id\":\"https:\/\/www.pacoteshyatt.com.br\/rio-de-janeiro\/#website\"},\"primaryImageOfPage\":{\"@id\":\"https:\/\/www.pacoteshyatt.com.br\/rio-de-janeiro\/product\/massagem-apuama\/#primaryimage\"},\"datePublished\":\"2025-08-29T11:58:17+00:00\",\"dateModified\":\"2026-01-30T18:37:42+00:00\",\"description\":\"Relaxe com a massagem Apuama no Grand Hyatt Rio de Janeiro. T\u00e9cnicas revitalizantes do Atiaia Spa que aliviam tens\u00f5es e renova suas energias. Reserve aqui!\",\"breadcrumb\":{\"@id\":\"https:\/\/www.pacoteshyatt.com.br\/rio-de-janeiro\/product\/massagem-apuama\/#breadcrumb\"},\"inLanguage\":\"pt-BR\",\"potentialAction\":[{\"@type\":\"ReadAction\",\"target\":[\"https:\/\/www.pacoteshyatt.com.br\/rio-de-janeiro\/product\/massagem-apuama\/\"]}]},{\"@type\":\"BreadcrumbList\",\"@id\":\"https:\/\/www.pacoteshyatt.com.br\/rio-de-janeiro\/product\/massagem-apuama\/#breadcrumb\",\"itemListElement\":[{\"@type\":\"ListItem\",\"position\":1,\"name\":\"Home\",\"item\":\"https:\/\/www.pacoteshyatt.com.br\/rio-de-janeiro\/\"},{\"@type\":\"ListItem\",\"position\":2,\"name\":\"Cat\u00e1logo\",\"item\":\"https:\/\/www.pacoteshyatt.com.br\/rio-de-janeiro\/catalogo\/\"},{\"@type\":\"ListItem\",\"position\":3,\"name\":\"Massagem Apuama\"}]}]}<\/script>\n<!-- \/ Yoast SEO plugin. -->","yoast_head_json":{"title":"Massagem Apuama | Spa Rio de Janeiro - Grand Hyatt RJ","description":"Relaxe com a massagem Apuama no Grand Hyatt Rio de Janeiro. T\u00e9cnicas revitalizantes do Atiaia Spa que aliviam tens\u00f5es e renova suas energias. Reserve aqui!","robots":{"index":"index","follow":"follow","max-snippet":"max-snippet:-1","max-image-preview":"max-image-preview:large","max-video-preview":"max-video-preview:-1"},"canonical":"https:\/\/www.pacoteshyatt.com.br\/rio-de-janeiro\/product\/massagem-apuama\/","og_locale":"pt_BR","og_type":"article","og_title":"Massagem Apuama | Spa Rio de Janeiro - Grand Hyatt RJ","og_description":"Relaxe com a massagem Apuama no Grand Hyatt Rio de Janeiro. T\u00e9cnicas revitalizantes do Atiaia Spa que aliviam tens\u00f5es e renova suas energias. Reserve aqui!","og_url":"https:\/\/www.pacoteshyatt.com.br\/rio-de-janeiro\/product\/massagem-apuama\/","og_site_name":"GRAND HYATT RIO DE JANEIRO","article_modified_time":"2026-01-30T18:37:42+00:00","og_image":[{"width":308,"height":200,"url":"https:\/\/www.pacoteshyatt.com.br\/rio-de-janeiro\/wp-content\/uploads\/sites\/2\/2025\/09\/GHRJ_MassagemApuama_2025_Banner_308x200px_v1.png","type":"image\/png"}],"twitter_card":"summary_large_image","twitter_misc":{"Est. tempo de leitura":"1 minuto"},"schema":{"@context":"https:\/\/schema.org","@graph":[{"@type":"WebSite","@id":"https:\/\/www.pacoteshyatt.com.br\/rio-de-janeiro\/#website","url":"https:\/\/www.pacoteshyatt.com.br\/rio-de-janeiro\/","name":"GRAND HYATT RIO DE JANEIRO","description":"Um verdadeiro resort urbano na Barra da Tijuca!","potentialAction":[{"@type":"SearchAction","target":{"@type":"EntryPoint","urlTemplate":"https:\/\/www.pacoteshyatt.com.br\/rio-de-janeiro\/?s={search_term_string}"},"query-input":"required name=search_term_string"}],"inLanguage":"pt-BR"},{"@type":"ImageObject","@id":"https:\/\/www.pacoteshyatt.com.br\/rio-de-janeiro\/product\/massagem-apuama\/#primaryimage","inLanguage":"pt-BR","url":"https:\/\/www.pacoteshyatt.com.br\/rio-de-janeiro\/wp-content\/uploads\/sites\/2\/2025\/09\/GHRJ_MassagemApuama_2025_Banner_308x200px_v1.png","contentUrl":"https:\/\/www.pacoteshyatt.com.br\/rio-de-janeiro\/wp-content\/uploads\/sites\/2\/2025\/09\/GHRJ_MassagemApuama_2025_Banner_308x200px_v1.png","width":308,"height":200,"caption":"banner de destaque massagem apuama Grand Hyatt Rio"},{"@type":"WebPage","@id":"https:\/\/www.pacoteshyatt.com.br\/rio-de-janeiro\/product\/massagem-apuama\/#webpage","url":"https:\/\/www.pacoteshyatt.com.br\/rio-de-janeiro\/product\/massagem-apuama\/","name":"Massagem Apuama | Spa Rio de Janeiro - Grand Hyatt RJ","isPartOf":{"@id":"https:\/\/www.pacoteshyatt.com.br\/rio-de-janeiro\/#website"},"primaryImageOfPage":{"@id":"https:\/\/www.pacoteshyatt.com.br\/rio-de-janeiro\/product\/massagem-apuama\/#primaryimage"},"datePublished":"2025-08-29T11:58:17+00:00","dateModified":"2026-01-30T18:37:42+00:00","description":"Relaxe com a massagem Apuama no Grand Hyatt Rio de Janeiro. T\u00e9cnicas revitalizantes do Atiaia Spa que aliviam tens\u00f5es e renova suas energias. Reserve aqui!","breadcrumb":{"@id":"https:\/\/www.pacoteshyatt.com.br\/rio-de-janeiro\/product\/massagem-apuama\/#breadcrumb"},"inLanguage":"pt-BR","potentialAction":[{"@type":"ReadAction","target":["https:\/\/www.pacoteshyatt.com.br\/rio-de-janeiro\/product\/massagem-apuama\/"]}]},{"@type":"BreadcrumbList","@id":"https:\/\/www.pacoteshyatt.com.br\/rio-de-janeiro\/product\/massagem-apuama\/#breadcrumb","itemListElement":[{"@type":"ListItem","position":1,"name":"Home","item":"https:\/\/www.pacoteshyatt.com.br\/rio-de-janeiro\/"},{"@type":"ListItem","position":2,"name":"Cat\u00e1logo","item":"https:\/\/www.pacoteshyatt.com.br\/rio-de-janeiro\/catalogo\/"},{"@type":"ListItem","position":3,"name":"Massagem Apuama"}]}]}},"_links":{"self":[{"href":"https:\/\/www.pacoteshyatt.com.br\/rio-de-janeiro\/wp-json\/wp\/v2\/product\/20387"}],"collection":[{"href":"https:\/\/www.pacoteshyatt.com.br\/rio-de-janeiro\/wp-json\/wp\/v2\/product"}],"about":[{"href":"https:\/\/www.pacoteshyatt.com.br\/rio-de-janeiro\/wp-json\/wp\/v2\/types\/product"}],"wp:featuredmedia":[{"embeddable":true,"href":"https:\/\/www.pacoteshyatt.com.br\/rio-de-janeiro\/wp-json\/wp\/v2\/media\/20612"}],"wp:attachment":[{"href":"https:\/\/www.pacoteshyatt.com.br\/rio-de-janeiro\/wp-json\/wp\/v2\/media?parent=20387"}],"wp:term":[{"taxonomy":"product_cat","embeddable":true,"href":"https:\/\/www.pacoteshyatt.com.br\/rio-de-janeiro\/wp-json\/wp\/v2\/product_cat?post=20387"},{"taxonomy":"product_tag","embeddable":true,"href":"https:\/\/www.pacoteshyatt.com.br\/rio-de-janeiro\/wp-json\/wp\/v2\/product_tag?post=20387"}],"curies":[{"name":"wp","href":"https:\/\/api.w.org\/{rel}","templated":true}]}}