{"id":21174,"date":"2025-10-14T11:16:50","date_gmt":"2025-10-14T14:16:50","guid":{"rendered":"https:\/\/www.pacoteshyatt.com.br\/rio-de-janeiro\/?post_type=product&#038;p=21174"},"modified":"2026-05-04T14:46:09","modified_gmt":"2026-05-04T17:46:09","slug":"day-spa-apuama","status":"publish","type":"product","link":"https:\/\/www.pacoteshyatt.com.br\/rio-de-janeiro\/product\/day-spa-apuama\/","title":{"rendered":"Day Spa Apuama"},"content":{"rendered":"<div class=\"hide-scrollbar markdown prose relative w-full max-w-none overflow-x-scroll break-words text-base leading-7 first:mt-0 prose-headings:first:mt-0 prose-strong:font-bold prose-thead:font-bold light:text-[#3E4247] dark:text-[#EBEBEB] prose-headings:light:text-[#3E4247]\">\n<div class=\"hide-scrollbar markdown prose relative w-full max-w-none overflow-x-scroll break-words text-base leading-7 first:mt-0 prose-headings:first:mt-0 prose-strong:font-bold prose-thead:font-bold light:text-[#3E4247] dark:text-[#EBEBEB] prose-headings:light:text-[#3E4247]\">\n<div>\n<div>\n<p class=\"mb-3 mt-0\" data-copy-text=\"true\">Prepare-se para uma experi\u00eancia inesquec\u00edvel!<br \/>\nO <strong>Day Spa Apuama<\/strong> \u00e9 uma jornada completa de renova\u00e7\u00e3o, cuidadosamente idealizada para restaurar seu equil\u00edbrio e vitalidade.<\/p>\n<\/div>\n<\/div>\n<\/div>\n<div class=\"hide-scrollbar markdown prose relative w-full max-w-none overflow-x-scroll break-words text-base leading-7 first:mt-0 prose-headings:first:mt-0 prose-strong:font-bold prose-thead:font-bold light:text-[#3E4247] dark:text-[#EBEBEB] prose-headings:light:text-[#3E4247]\">\n<div>\n<div>\n<p class=\"mb-3 mt-0\" data-copy-text=\"true\">Com aproximadamente 2h20 de dura\u00e7\u00e3o, o tratamento inicia com uma <strong>esfolia\u00e7\u00e3o corporal revigorante<\/strong> seguida de uma ducha revitalizante, que remove delicadamente as c\u00e9lulas mortas e prepara sua pele para as pr\u00f3ximas etapas.<\/p>\n<\/div>\n<\/div>\n<\/div>\n<div class=\"hide-scrollbar markdown prose relative w-full max-w-none overflow-x-scroll break-words text-base leading-7 first:mt-0 prose-headings:first:mt-0 prose-strong:font-bold prose-thead:font-bold light:text-[#3E4247] dark:text-[#EBEBEB] prose-headings:light:text-[#3E4247]\">\n<div>\n<div>\n<p class=\"mb-3 mt-0\" data-copy-text=\"true\">Em seguida relaxe em nosso <strong>banho de imers\u00e3o na exclusiva banheira do Atiaia Spa,<\/strong> acompanhado de umch\u00e1 de camomila. As \u00e1guas quentes e arom\u00e1ticas, permitem um relaxamento profundo que acalma a mente e o corpo.<\/p>\n<\/div>\n<\/div>\n<\/div>\n<div class=\"hide-scrollbar markdown prose relative w-full max-w-none overflow-x-scroll break-words text-base leading-7 first:mt-0 prose-headings:first:mt-0 prose-strong:font-bold prose-thead:font-bold light:text-[#3E4247] dark:text-[#EBEBEB] prose-headings:light:text-[#3E4247]\">\n<div>\n<div>\n<p class=\"mb-3 mt-0\" data-copy-text=\"true\">Para finalizar, a <strong>Massagem Apuama<\/strong>, o cora\u00e7\u00e3o da sua experi\u00eancia, conta com uma sequ\u00eancia harmoniosa de movimentos contempor\u00e2neos. Apuama une fluidez e ritmo. Atrav\u00e9s de manobras amplas, toques levemente profundos e alongamentos, ela dissolve tens\u00f5es acumuladas, estimula a circula\u00e7\u00e3o e restaura a mobilidade natural do corpo.<\/p>\n<\/div>\n<\/div>\n<\/div>\n<div class=\"hide-scrollbar markdown prose relative w-full max-w-none overflow-x-scroll break-words text-base leading-7 first:mt-0 prose-headings:first:mt-0 prose-strong:font-bold prose-thead:font-bold light:text-[#3E4247] dark:text-[#EBEBEB] prose-headings:light:text-[#3E4247]\">\n<div>\n<div>\n<p class=\"mb-3 mt-0\" data-copy-text=\"true\">O Day Spa localizado no cora\u00e7\u00e3o da Barra da Tijuca \u00e9 um convite a reconectar-se com seu ritmo interior, realinhar a postura e reviver a energia que te move, proporcionando uma experi\u00eancia completa de renova\u00e7\u00e3o de corpo e mente.<\/p>\n<p data-copy-text=\"true\">\n<\/div>\n<\/div>\n<p data-copy-text=\"true\"><strong>Etapas do Day Spa Apuama:<\/strong><\/p>\n<p data-copy-text=\"true\">\u2022 Esfolia\u00e7\u00e3o corporal<br \/>\n\u2022 Ducha revitalizante<br \/>\n\u2022 Banho de imers\u00e3o na banheira, acompanhado de ch\u00e1 de camomila<br \/>\n\u2022 Massagem Apuama<\/p>\n<p data-copy-text=\"true\">\n<\/div>\n<div class=\"hide-scrollbar markdown prose relative w-full max-w-none overflow-x-scroll break-words text-base leading-7 first:mt-0 prose-headings:first:mt-0 prose-strong:font-bold prose-thead:font-bold light:text-[#3E4247] dark:text-[#EBEBEB] prose-headings:light:text-[#3E4247]\">\n<div>\n<div>\n<p class=\"mb-3 mt-0\" data-copy-text=\"true\"><strong>Ideal para quem busca:<\/strong><\/p>\n<\/div>\n<\/div>\n<\/div>\n<div class=\"hide-scrollbar markdown prose relative w-full max-w-none overflow-x-scroll break-words text-base leading-7 first:mt-0 prose-headings:first:mt-0 prose-strong:font-bold prose-thead:font-bold light:text-[#3E4247] dark:text-[#EBEBEB] prose-headings:light:text-[#3E4247]\">\n<p>\u2022 Uma experi\u00eancia de cuidado integral, que combina relaxamento profundo e revitaliza\u00e7\u00e3o.<br \/>\n\u2022 Dissolver tens\u00f5es e restaurar a leveza do corpo e da mente.<br \/>\n\u2022 Um ref\u00fagio exclusivo para reconectar-se consigo mesmo e recuperar a energia vital.<\/p>\n<\/div>\n<p>&nbsp;<\/p>\n<div class=\"hide-scrollbar markdown prose relative w-full max-w-none overflow-x-scroll break-words text-base leading-7 first:mt-0 prose-headings:first:mt-0 prose-strong:font-bold prose-thead:font-bold light:text-[#3E4247] dark:text-[#EBEBEB] prose-headings:light:text-[#3E4247]\">\n<hr \/>\n<p><strong><span style=\"color: #bd2137\"><em><span class=\"ui-provider a b c d e f g h i j k l m n o p q r s t u v w x y z ab ac ae af ag ah ai aj ak\" dir=\"ltr\"><i>ESTE VOUCHER TEM VALIDADE DE 3 MESES, MEDIANTE AGENDAMENTO PR\u00c9VIO E DISPONIBILIDADE.<\/i><\/span><\/em><\/span><\/strong><\/p>\n<p><span style=\"color: #bd2137\"><i>Ap\u00f3s a compra, \u00e9 necess\u00e1rio realizar o agendamento atrav\u00e9s do Whatsapp: (21) 3797-9566. Para essa experi\u00eancia, n\u00e3o atendemos gestantes. Consulte disponibilidade.<\/i><\/span><\/p>\n<\/div>\n<\/div>\n","protected":false},"excerpt":{"rendered":"<p>Prepare-se para uma experi\u00eancia inesquec\u00edvel! O Day Spa Apuama \u00e9 uma jornada completa de renova\u00e7\u00e3o, cuidadosamente idealizada para restaurar seu equil\u00edbrio e vitalidade. Com aproximadamente 2h20 de dura\u00e7\u00e3o, o tratamento inicia com uma esfolia\u00e7\u00e3o corporal revigorante seguida de uma ducha revitalizante, que remove delicadamente as c\u00e9lulas mortas e prepara sua pele para as pr\u00f3ximas etapas. [&hellip;]<\/p>\n","protected":false},"featured_media":21405,"template":"","meta":{"_eb_attr":""},"product_cat":[135,19,22,68,71],"product_tag":[],"bundled_by":[],"bundle_stock_status":"instock","bundle_stock_quantity":null,"bundle_virtual":false,"bundle_layout":"","bundle_add_to_cart_form_location":"","bundle_editable_in_cart":false,"bundle_sold_individually_context":"","bundle_item_grouping":"","bundle_min_size":"","bundle_max_size":"","bundled_items":[],"yoast_head":"<!-- This site is optimized with the Yoast SEO plugin v18.4.1 - https:\/\/yoast.com\/wordpress\/plugins\/seo\/ -->\n<title>Day Spa Apuama | Sess\u00f5es na Barra da Tijuca - Grand Hyatt RJ<\/title>\n<meta name=\"description\" content=\"O Day spa Apuama conta com uma experi\u00eancia de 2 horas de sess\u00e3o e renova\u00e7\u00e3o e relaxamento completo. Um tratamento exclusivo do Atiaia Spa. Reserve j\u00e1!\" \/>\n<meta name=\"robots\" content=\"index, follow, max-snippet:-1, max-image-preview:large, max-video-preview:-1\" \/>\n<link rel=\"canonical\" href=\"https:\/\/www.pacoteshyatt.com.br\/rio-de-janeiro\/product\/day-spa-apuama\/\" \/>\n<meta property=\"og:locale\" content=\"pt_BR\" \/>\n<meta property=\"og:type\" content=\"article\" \/>\n<meta property=\"og:title\" content=\"Day Spa Apuama | Sess\u00f5es na Barra da Tijuca - Grand Hyatt RJ\" \/>\n<meta property=\"og:description\" content=\"O Day spa Apuama conta com uma experi\u00eancia de 2 horas de sess\u00e3o e renova\u00e7\u00e3o e relaxamento completo. Um tratamento exclusivo do Atiaia Spa. Reserve j\u00e1!\" \/>\n<meta property=\"og:url\" content=\"https:\/\/www.pacoteshyatt.com.br\/rio-de-janeiro\/product\/day-spa-apuama\/\" \/>\n<meta property=\"og:site_name\" content=\"GRAND HYATT RIO DE JANEIRO\" \/>\n<meta property=\"article:modified_time\" content=\"2026-05-04T17:46:09+00:00\" \/>\n<meta property=\"og:image\" content=\"https:\/\/www.pacoteshyatt.com.br\/rio-de-janeiro\/wp-content\/uploads\/sites\/2\/2025\/10\/GHRJ_ImagemDeOferta_MassagemApuama_2025_308x220px_v3.png\" \/>\n\t<meta property=\"og:image:width\" content=\"308\" \/>\n\t<meta property=\"og:image:height\" content=\"200\" \/>\n\t<meta property=\"og:image:type\" content=\"image\/png\" \/>\n<meta name=\"twitter:card\" content=\"summary_large_image\" \/>\n<meta name=\"twitter:label1\" content=\"Est. tempo de leitura\" \/>\n\t<meta name=\"twitter:data1\" content=\"2 minutos\" \/>\n<script type=\"application\/ld+json\" class=\"yoast-schema-graph\">{\"@context\":\"https:\/\/schema.org\",\"@graph\":[{\"@type\":\"WebSite\",\"@id\":\"https:\/\/www.pacoteshyatt.com.br\/rio-de-janeiro\/#website\",\"url\":\"https:\/\/www.pacoteshyatt.com.br\/rio-de-janeiro\/\",\"name\":\"GRAND HYATT RIO DE JANEIRO\",\"description\":\"Um verdadeiro resort urbano na Barra da Tijuca!\",\"potentialAction\":[{\"@type\":\"SearchAction\",\"target\":{\"@type\":\"EntryPoint\",\"urlTemplate\":\"https:\/\/www.pacoteshyatt.com.br\/rio-de-janeiro\/?s={search_term_string}\"},\"query-input\":\"required name=search_term_string\"}],\"inLanguage\":\"pt-BR\"},{\"@type\":\"ImageObject\",\"@id\":\"https:\/\/www.pacoteshyatt.com.br\/rio-de-janeiro\/product\/day-spa-apuama\/#primaryimage\",\"inLanguage\":\"pt-BR\",\"url\":\"https:\/\/www.pacoteshyatt.com.br\/rio-de-janeiro\/wp-content\/uploads\/sites\/2\/2025\/10\/GHRJ_ImagemDeOferta_MassagemApuama_2025_308x220px_v3.png\",\"contentUrl\":\"https:\/\/www.pacoteshyatt.com.br\/rio-de-janeiro\/wp-content\/uploads\/sites\/2\/2025\/10\/GHRJ_ImagemDeOferta_MassagemApuama_2025_308x220px_v3.png\",\"width\":308,\"height\":200,\"caption\":\"Banner day spa apuama do Grand Hyatt Rio de janeiro\"},{\"@type\":\"WebPage\",\"@id\":\"https:\/\/www.pacoteshyatt.com.br\/rio-de-janeiro\/product\/day-spa-apuama\/#webpage\",\"url\":\"https:\/\/www.pacoteshyatt.com.br\/rio-de-janeiro\/product\/day-spa-apuama\/\",\"name\":\"Day Spa Apuama | Sess\u00f5es na Barra da Tijuca - Grand Hyatt RJ\",\"isPartOf\":{\"@id\":\"https:\/\/www.pacoteshyatt.com.br\/rio-de-janeiro\/#website\"},\"primaryImageOfPage\":{\"@id\":\"https:\/\/www.pacoteshyatt.com.br\/rio-de-janeiro\/product\/day-spa-apuama\/#primaryimage\"},\"datePublished\":\"2025-10-14T14:16:50+00:00\",\"dateModified\":\"2026-05-04T17:46:09+00:00\",\"description\":\"O Day spa Apuama conta com uma experi\u00eancia de 2 horas de sess\u00e3o e renova\u00e7\u00e3o e relaxamento completo. Um tratamento exclusivo do Atiaia Spa. Reserve j\u00e1!\",\"breadcrumb\":{\"@id\":\"https:\/\/www.pacoteshyatt.com.br\/rio-de-janeiro\/product\/day-spa-apuama\/#breadcrumb\"},\"inLanguage\":\"pt-BR\",\"potentialAction\":[{\"@type\":\"ReadAction\",\"target\":[\"https:\/\/www.pacoteshyatt.com.br\/rio-de-janeiro\/product\/day-spa-apuama\/\"]}]},{\"@type\":\"BreadcrumbList\",\"@id\":\"https:\/\/www.pacoteshyatt.com.br\/rio-de-janeiro\/product\/day-spa-apuama\/#breadcrumb\",\"itemListElement\":[{\"@type\":\"ListItem\",\"position\":1,\"name\":\"Home\",\"item\":\"https:\/\/www.pacoteshyatt.com.br\/rio-de-janeiro\/\"},{\"@type\":\"ListItem\",\"position\":2,\"name\":\"Cat\u00e1logo\",\"item\":\"https:\/\/www.pacoteshyatt.com.br\/rio-de-janeiro\/catalogo\/\"},{\"@type\":\"ListItem\",\"position\":3,\"name\":\"Day Spa Apuama\"}]}]}<\/script>\n<!-- \/ Yoast SEO plugin. -->","yoast_head_json":{"title":"Day Spa Apuama | Sess\u00f5es na Barra da Tijuca - Grand Hyatt RJ","description":"O Day spa Apuama conta com uma experi\u00eancia de 2 horas de sess\u00e3o e renova\u00e7\u00e3o e relaxamento completo. Um tratamento exclusivo do Atiaia Spa. Reserve j\u00e1!","robots":{"index":"index","follow":"follow","max-snippet":"max-snippet:-1","max-image-preview":"max-image-preview:large","max-video-preview":"max-video-preview:-1"},"canonical":"https:\/\/www.pacoteshyatt.com.br\/rio-de-janeiro\/product\/day-spa-apuama\/","og_locale":"pt_BR","og_type":"article","og_title":"Day Spa Apuama | Sess\u00f5es na Barra da Tijuca - Grand Hyatt RJ","og_description":"O Day spa Apuama conta com uma experi\u00eancia de 2 horas de sess\u00e3o e renova\u00e7\u00e3o e relaxamento completo. Um tratamento exclusivo do Atiaia Spa. Reserve j\u00e1!","og_url":"https:\/\/www.pacoteshyatt.com.br\/rio-de-janeiro\/product\/day-spa-apuama\/","og_site_name":"GRAND HYATT RIO DE JANEIRO","article_modified_time":"2026-05-04T17:46:09+00:00","og_image":[{"width":308,"height":200,"url":"https:\/\/www.pacoteshyatt.com.br\/rio-de-janeiro\/wp-content\/uploads\/sites\/2\/2025\/10\/GHRJ_ImagemDeOferta_MassagemApuama_2025_308x220px_v3.png","type":"image\/png"}],"twitter_card":"summary_large_image","twitter_misc":{"Est. tempo de leitura":"2 minutos"},"schema":{"@context":"https:\/\/schema.org","@graph":[{"@type":"WebSite","@id":"https:\/\/www.pacoteshyatt.com.br\/rio-de-janeiro\/#website","url":"https:\/\/www.pacoteshyatt.com.br\/rio-de-janeiro\/","name":"GRAND HYATT RIO DE JANEIRO","description":"Um verdadeiro resort urbano na Barra da Tijuca!","potentialAction":[{"@type":"SearchAction","target":{"@type":"EntryPoint","urlTemplate":"https:\/\/www.pacoteshyatt.com.br\/rio-de-janeiro\/?s={search_term_string}"},"query-input":"required name=search_term_string"}],"inLanguage":"pt-BR"},{"@type":"ImageObject","@id":"https:\/\/www.pacoteshyatt.com.br\/rio-de-janeiro\/product\/day-spa-apuama\/#primaryimage","inLanguage":"pt-BR","url":"https:\/\/www.pacoteshyatt.com.br\/rio-de-janeiro\/wp-content\/uploads\/sites\/2\/2025\/10\/GHRJ_ImagemDeOferta_MassagemApuama_2025_308x220px_v3.png","contentUrl":"https:\/\/www.pacoteshyatt.com.br\/rio-de-janeiro\/wp-content\/uploads\/sites\/2\/2025\/10\/GHRJ_ImagemDeOferta_MassagemApuama_2025_308x220px_v3.png","width":308,"height":200,"caption":"Banner day spa apuama do Grand Hyatt Rio de janeiro"},{"@type":"WebPage","@id":"https:\/\/www.pacoteshyatt.com.br\/rio-de-janeiro\/product\/day-spa-apuama\/#webpage","url":"https:\/\/www.pacoteshyatt.com.br\/rio-de-janeiro\/product\/day-spa-apuama\/","name":"Day Spa Apuama | Sess\u00f5es na Barra da Tijuca - Grand Hyatt RJ","isPartOf":{"@id":"https:\/\/www.pacoteshyatt.com.br\/rio-de-janeiro\/#website"},"primaryImageOfPage":{"@id":"https:\/\/www.pacoteshyatt.com.br\/rio-de-janeiro\/product\/day-spa-apuama\/#primaryimage"},"datePublished":"2025-10-14T14:16:50+00:00","dateModified":"2026-05-04T17:46:09+00:00","description":"O Day spa Apuama conta com uma experi\u00eancia de 2 horas de sess\u00e3o e renova\u00e7\u00e3o e relaxamento completo. Um tratamento exclusivo do Atiaia Spa. Reserve j\u00e1!","breadcrumb":{"@id":"https:\/\/www.pacoteshyatt.com.br\/rio-de-janeiro\/product\/day-spa-apuama\/#breadcrumb"},"inLanguage":"pt-BR","potentialAction":[{"@type":"ReadAction","target":["https:\/\/www.pacoteshyatt.com.br\/rio-de-janeiro\/product\/day-spa-apuama\/"]}]},{"@type":"BreadcrumbList","@id":"https:\/\/www.pacoteshyatt.com.br\/rio-de-janeiro\/product\/day-spa-apuama\/#breadcrumb","itemListElement":[{"@type":"ListItem","position":1,"name":"Home","item":"https:\/\/www.pacoteshyatt.com.br\/rio-de-janeiro\/"},{"@type":"ListItem","position":2,"name":"Cat\u00e1logo","item":"https:\/\/www.pacoteshyatt.com.br\/rio-de-janeiro\/catalogo\/"},{"@type":"ListItem","position":3,"name":"Day Spa Apuama"}]}]}},"_links":{"self":[{"href":"https:\/\/www.pacoteshyatt.com.br\/rio-de-janeiro\/wp-json\/wp\/v2\/product\/21174"}],"collection":[{"href":"https:\/\/www.pacoteshyatt.com.br\/rio-de-janeiro\/wp-json\/wp\/v2\/product"}],"about":[{"href":"https:\/\/www.pacoteshyatt.com.br\/rio-de-janeiro\/wp-json\/wp\/v2\/types\/product"}],"wp:featuredmedia":[{"embeddable":true,"href":"https:\/\/www.pacoteshyatt.com.br\/rio-de-janeiro\/wp-json\/wp\/v2\/media\/21405"}],"wp:attachment":[{"href":"https:\/\/www.pacoteshyatt.com.br\/rio-de-janeiro\/wp-json\/wp\/v2\/media?parent=21174"}],"wp:term":[{"taxonomy":"product_cat","embeddable":true,"href":"https:\/\/www.pacoteshyatt.com.br\/rio-de-janeiro\/wp-json\/wp\/v2\/product_cat?post=21174"},{"taxonomy":"product_tag","embeddable":true,"href":"https:\/\/www.pacoteshyatt.com.br\/rio-de-janeiro\/wp-json\/wp\/v2\/product_tag?post=21174"}],"curies":[{"name":"wp","href":"https:\/\/api.w.org\/{rel}","templated":true}]}}