{"id":21456,"date":"2025-11-10T16:56:07","date_gmt":"2025-11-10T19:56:07","guid":{"rendered":"https:\/\/www.pacoteshyatt.com.br\/rio-de-janeiro\/?post_type=product&#038;p=21456"},"modified":"2026-03-23T10:56:25","modified_gmt":"2026-03-23T13:56:25","slug":"grand-wine-tasting-off","status":"publish","type":"product","link":"https:\/\/www.pacoteshyatt.com.br\/rio-de-janeiro\/product\/grand-wine-tasting-off\/","title":{"rendered":"Semana do Consumidor | Grand Wine Tasting Experience | 15% OFF"},"content":{"rendered":"<div class=\"hide-scrollbar markdown prose relative w-full max-w-none overflow-x-scroll break-words text-base leading-7 first:mt-0 prose-headings:first:mt-0 prose-strong:font-bold prose-thead:font-bold light:text-[#3E4247] dark:text-[#EBEBEB] prose-headings:light:text-[#3E4247]\">\n<p data-copy-text=\"true\"><strong><span class=\"ui-provider a b c d e f g h i j k l m n o p q r s t u v w x y z ab ac ae af ag ah ai aj ak\" dir=\"ltr\">De 15\/03 a 20\/03, aproveite descontos exclusivos na Semana do Consumidor do Grand Hyatt Rio de Janeiro! <a href=\"https:\/\/www.pacoteshyatt.com.br\/rio-de-janeiro\/semana-do-consumidor\/\">Clique aqui<\/a> e confira todas as ofertas.\u00a0<\/span><\/strong><\/p>\n<p class=\"mb-3 mt-0\" data-copy-text=\"true\">Participe do <strong>Grand Wine Tasting Experience <\/strong>e aproveite as noites no Cant\u00f4 Gastr\u00f4 &amp; Lounge com uma experi\u00eancia dedicada \u00e0 <strong>degusta\u00e7\u00e3o de vinhos<\/strong> e harmoniza\u00e7\u00f5es. Uma proposta para explorar sabores de forma pr\u00e1tica e interessante em um ambiente sofisticado e acolhedor.<\/p>\n<\/div>\n<div class=\"hide-scrollbar markdown prose relative w-full max-w-none overflow-x-scroll break-words text-base leading-7 first:mt-0 prose-headings:first:mt-0 prose-strong:font-bold prose-thead:font-bold light:text-[#3E4247] dark:text-[#EBEBEB] prose-headings:light:text-[#3E4247] animate-typing\">\n<div>\n<div>\n<p class=\"mb-3 mt-0\" data-copy-text=\"true\">Deguste <strong>5 r\u00f3tulos de vinhos selecionados <\/strong>e, para elevar a sua experi\u00eancia, <strong>harmonize com uma sele\u00e7\u00e3o especial de itens<\/strong> como queijos e frios, variedades de p\u00e3es, lavosh e grissinis, pastas da casa, picles, nuts, mediant, cookie, frutas, mel e geleias.<\/p>\n<p data-copy-text=\"true\">Nossa proposta \u00e9 que voc\u00ea possa harmonizar os vinhos livremente, explorando as combina\u00e7\u00f5es que mais te agradam. E para quem busca aprimorar o conhecimento, daremos dicas valiosas sobre como cada r\u00f3tulo pode ser real\u00e7ado pelos acompanhamentos.<\/p>\n<\/div>\n<\/div>\n<\/div>\n<div class=\"hide-scrollbar markdown prose relative w-full max-w-none overflow-x-scroll break-words text-base leading-7 first:mt-0 prose-headings:first:mt-0 prose-strong:font-bold prose-thead:font-bold light:text-[#3E4247] dark:text-[#EBEBEB] prose-headings:light:text-[#3E4247]\">\n<div>\n<p class=\"mb-3 mt-0\" data-copy-text=\"true\">Uma experi\u00eancia de aprendizado leve, descontra\u00edda e cheia de sabor, dispon\u00edvel todos os dias, das 19h \u00e0s 23h, no Cant\u00f4 Gastr\u00f4 &amp; Lounge, localizado no Grand Hyatt Rio de Janeiro.<\/p>\n<\/div>\n<div class=\"hide-scrollbar markdown prose relative w-full max-w-none overflow-x-scroll break-words text-base leading-7 first:mt-0 prose-headings:first:mt-0 prose-strong:font-bold prose-thead:font-bold light:text-[#3E4247] dark:text-[#EBEBEB] prose-headings:light:text-[#3E4247] animate-typing\">\n<hr \/>\n<p>&nbsp;<\/p>\n<p><span style=\"color: #bd2137\"><strong><em><span class=\"ui-provider a b c d e f g h i j k l m n o p q r s t u v w x y z ab ac ae af ag ah ai aj ak\" dir=\"ltr\"><i>ESTE VOUCHER TEM VALIDADE DE 3 MESES, MEDIANTE AGENDAMENTO PR\u00c9VIO E DISPONIBILIDADE.<\/i><\/span><\/em><\/strong><br \/>\n<\/span><\/p>\n<p><span style=\"color: #bd2137\">Fa\u00e7a a sua reserva de mesa atrav\u00e9s do telefone<\/span><span style=\"color: #bd2137\">\u00a0<strong><em>21 3797-9523<\/em><\/strong> ou email <em><strong>RIOGH-hostesses@hyatt.com<\/strong><\/em>.<\/span><\/p>\n<\/div>\n<\/div>\n","protected":false},"excerpt":{"rendered":"<p>De 15\/03 a 20\/03, aproveite descontos exclusivos na Semana do Consumidor do Grand Hyatt Rio de Janeiro! Clique aqui e confira todas as ofertas.\u00a0 Participe do Grand Wine Tasting Experience e aproveite as noites no Cant\u00f4 Gastr\u00f4 &amp; Lounge com uma experi\u00eancia dedicada \u00e0 degusta\u00e7\u00e3o de vinhos e harmoniza\u00e7\u00f5es. Uma proposta para explorar sabores de [&hellip;]<\/p>\n","protected":false},"featured_media":22848,"template":"","meta":{"_eb_attr":""},"product_cat":[80,20,56],"product_tag":[],"bundled_by":[],"bundle_stock_status":"outofstock","bundle_stock_quantity":null,"bundle_virtual":false,"bundle_layout":"","bundle_add_to_cart_form_location":"","bundle_editable_in_cart":false,"bundle_sold_individually_context":"","bundle_item_grouping":"","bundle_min_size":"","bundle_max_size":"","bundled_items":[],"yoast_head":"<!-- This site is optimized with the Yoast SEO plugin v18.4.1 - https:\/\/yoast.com\/wordpress\/plugins\/seo\/ -->\n<title>Grand Wine Tasting Experience: Desgusta\u00e7\u00e3o de Vinhos - GHRJ<\/title>\n<meta name=\"description\" content=\"Deguste vinhos selecionados e harmoniza\u00e7\u00f5es no Grand Wine Tasting Experience no Cant\u00f4 Gastr\u00f4 &amp; Lounge. Reserve seu voucher!\" \/>\n<meta name=\"robots\" content=\"index, follow, max-snippet:-1, max-image-preview:large, max-video-preview:-1\" \/>\n<link rel=\"canonical\" href=\"https:\/\/www.pacoteshyatt.com.br\/rio-de-janeiro\/product\/grand-wine-tasting-off\/\" \/>\n<meta property=\"og:locale\" content=\"pt_BR\" \/>\n<meta property=\"og:type\" content=\"article\" \/>\n<meta property=\"og:title\" content=\"Grand Wine Tasting Experience: Desgusta\u00e7\u00e3o de Vinhos - GHRJ\" \/>\n<meta property=\"og:description\" content=\"Deguste vinhos selecionados e harmoniza\u00e7\u00f5es no Grand Wine Tasting Experience no Cant\u00f4 Gastr\u00f4 &amp; Lounge. Reserve seu voucher!\" \/>\n<meta property=\"og:url\" content=\"https:\/\/www.pacoteshyatt.com.br\/rio-de-janeiro\/product\/grand-wine-tasting-off\/\" \/>\n<meta property=\"og:site_name\" content=\"GRAND HYATT RIO DE JANEIRO\" \/>\n<meta property=\"article:modified_time\" content=\"2026-03-23T13:56:25+00:00\" \/>\n<meta property=\"og:image\" content=\"https:\/\/www.pacoteshyatt.com.br\/rio-de-janeiro\/wp-content\/uploads\/sites\/2\/2021\/11\/GHRJ_SemanaConsumidor2026_CapaOferta_WineTasting_649x435px_v01.png\" \/>\n\t<meta property=\"og:image:width\" content=\"649\" \/>\n\t<meta property=\"og:image:height\" content=\"435\" \/>\n\t<meta property=\"og:image:type\" content=\"image\/png\" \/>\n<meta name=\"twitter:card\" content=\"summary_large_image\" \/>\n<meta name=\"twitter:label1\" content=\"Est. tempo de leitura\" \/>\n\t<meta name=\"twitter:data1\" content=\"2 minutos\" \/>\n<script type=\"application\/ld+json\" class=\"yoast-schema-graph\">{\"@context\":\"https:\/\/schema.org\",\"@graph\":[{\"@type\":\"WebSite\",\"@id\":\"https:\/\/www.pacoteshyatt.com.br\/rio-de-janeiro\/#website\",\"url\":\"https:\/\/www.pacoteshyatt.com.br\/rio-de-janeiro\/\",\"name\":\"GRAND HYATT RIO DE JANEIRO\",\"description\":\"Um verdadeiro resort urbano na Barra da Tijuca!\",\"potentialAction\":[{\"@type\":\"SearchAction\",\"target\":{\"@type\":\"EntryPoint\",\"urlTemplate\":\"https:\/\/www.pacoteshyatt.com.br\/rio-de-janeiro\/?s={search_term_string}\"},\"query-input\":\"required name=search_term_string\"}],\"inLanguage\":\"pt-BR\"},{\"@type\":\"ImageObject\",\"@id\":\"https:\/\/www.pacoteshyatt.com.br\/rio-de-janeiro\/product\/grand-wine-tasting-off\/#primaryimage\",\"inLanguage\":\"pt-BR\",\"url\":\"https:\/\/www.pacoteshyatt.com.br\/rio-de-janeiro\/wp-content\/uploads\/sites\/2\/2021\/11\/GHRJ_SemanaConsumidor2026_CapaOferta_WineTasting_649x435px_v01.png\",\"contentUrl\":\"https:\/\/www.pacoteshyatt.com.br\/rio-de-janeiro\/wp-content\/uploads\/sites\/2\/2021\/11\/GHRJ_SemanaConsumidor2026_CapaOferta_WineTasting_649x435px_v01.png\",\"width\":649,\"height\":435},{\"@type\":\"WebPage\",\"@id\":\"https:\/\/www.pacoteshyatt.com.br\/rio-de-janeiro\/product\/grand-wine-tasting-off\/#webpage\",\"url\":\"https:\/\/www.pacoteshyatt.com.br\/rio-de-janeiro\/product\/grand-wine-tasting-off\/\",\"name\":\"Grand Wine Tasting Experience: Desgusta\u00e7\u00e3o de Vinhos - GHRJ\",\"isPartOf\":{\"@id\":\"https:\/\/www.pacoteshyatt.com.br\/rio-de-janeiro\/#website\"},\"primaryImageOfPage\":{\"@id\":\"https:\/\/www.pacoteshyatt.com.br\/rio-de-janeiro\/product\/grand-wine-tasting-off\/#primaryimage\"},\"datePublished\":\"2025-11-10T19:56:07+00:00\",\"dateModified\":\"2026-03-23T13:56:25+00:00\",\"description\":\"Deguste vinhos selecionados e harmoniza\u00e7\u00f5es no Grand Wine Tasting Experience no Cant\u00f4 Gastr\u00f4 & Lounge. Reserve seu voucher!\",\"breadcrumb\":{\"@id\":\"https:\/\/www.pacoteshyatt.com.br\/rio-de-janeiro\/product\/grand-wine-tasting-off\/#breadcrumb\"},\"inLanguage\":\"pt-BR\",\"potentialAction\":[{\"@type\":\"ReadAction\",\"target\":[\"https:\/\/www.pacoteshyatt.com.br\/rio-de-janeiro\/product\/grand-wine-tasting-off\/\"]}]},{\"@type\":\"BreadcrumbList\",\"@id\":\"https:\/\/www.pacoteshyatt.com.br\/rio-de-janeiro\/product\/grand-wine-tasting-off\/#breadcrumb\",\"itemListElement\":[{\"@type\":\"ListItem\",\"position\":1,\"name\":\"Home\",\"item\":\"https:\/\/www.pacoteshyatt.com.br\/rio-de-janeiro\/\"},{\"@type\":\"ListItem\",\"position\":2,\"name\":\"Cat\u00e1logo\",\"item\":\"https:\/\/www.pacoteshyatt.com.br\/rio-de-janeiro\/catalogo\/\"},{\"@type\":\"ListItem\",\"position\":3,\"name\":\"Semana do Consumidor | Grand Wine Tasting Experience | 15% OFF\"}]}]}<\/script>\n<!-- \/ Yoast SEO plugin. -->","yoast_head_json":{"title":"Grand Wine Tasting Experience: Desgusta\u00e7\u00e3o de Vinhos - GHRJ","description":"Deguste vinhos selecionados e harmoniza\u00e7\u00f5es no Grand Wine Tasting Experience no Cant\u00f4 Gastr\u00f4 & Lounge. Reserve seu voucher!","robots":{"index":"index","follow":"follow","max-snippet":"max-snippet:-1","max-image-preview":"max-image-preview:large","max-video-preview":"max-video-preview:-1"},"canonical":"https:\/\/www.pacoteshyatt.com.br\/rio-de-janeiro\/product\/grand-wine-tasting-off\/","og_locale":"pt_BR","og_type":"article","og_title":"Grand Wine Tasting Experience: Desgusta\u00e7\u00e3o de Vinhos - GHRJ","og_description":"Deguste vinhos selecionados e harmoniza\u00e7\u00f5es no Grand Wine Tasting Experience no Cant\u00f4 Gastr\u00f4 & Lounge. Reserve seu voucher!","og_url":"https:\/\/www.pacoteshyatt.com.br\/rio-de-janeiro\/product\/grand-wine-tasting-off\/","og_site_name":"GRAND HYATT RIO DE JANEIRO","article_modified_time":"2026-03-23T13:56:25+00:00","og_image":[{"width":649,"height":435,"url":"https:\/\/www.pacoteshyatt.com.br\/rio-de-janeiro\/wp-content\/uploads\/sites\/2\/2021\/11\/GHRJ_SemanaConsumidor2026_CapaOferta_WineTasting_649x435px_v01.png","type":"image\/png"}],"twitter_card":"summary_large_image","twitter_misc":{"Est. tempo de leitura":"2 minutos"},"schema":{"@context":"https:\/\/schema.org","@graph":[{"@type":"WebSite","@id":"https:\/\/www.pacoteshyatt.com.br\/rio-de-janeiro\/#website","url":"https:\/\/www.pacoteshyatt.com.br\/rio-de-janeiro\/","name":"GRAND HYATT RIO DE JANEIRO","description":"Um verdadeiro resort urbano na Barra da Tijuca!","potentialAction":[{"@type":"SearchAction","target":{"@type":"EntryPoint","urlTemplate":"https:\/\/www.pacoteshyatt.com.br\/rio-de-janeiro\/?s={search_term_string}"},"query-input":"required name=search_term_string"}],"inLanguage":"pt-BR"},{"@type":"ImageObject","@id":"https:\/\/www.pacoteshyatt.com.br\/rio-de-janeiro\/product\/grand-wine-tasting-off\/#primaryimage","inLanguage":"pt-BR","url":"https:\/\/www.pacoteshyatt.com.br\/rio-de-janeiro\/wp-content\/uploads\/sites\/2\/2021\/11\/GHRJ_SemanaConsumidor2026_CapaOferta_WineTasting_649x435px_v01.png","contentUrl":"https:\/\/www.pacoteshyatt.com.br\/rio-de-janeiro\/wp-content\/uploads\/sites\/2\/2021\/11\/GHRJ_SemanaConsumidor2026_CapaOferta_WineTasting_649x435px_v01.png","width":649,"height":435},{"@type":"WebPage","@id":"https:\/\/www.pacoteshyatt.com.br\/rio-de-janeiro\/product\/grand-wine-tasting-off\/#webpage","url":"https:\/\/www.pacoteshyatt.com.br\/rio-de-janeiro\/product\/grand-wine-tasting-off\/","name":"Grand Wine Tasting Experience: Desgusta\u00e7\u00e3o de Vinhos - GHRJ","isPartOf":{"@id":"https:\/\/www.pacoteshyatt.com.br\/rio-de-janeiro\/#website"},"primaryImageOfPage":{"@id":"https:\/\/www.pacoteshyatt.com.br\/rio-de-janeiro\/product\/grand-wine-tasting-off\/#primaryimage"},"datePublished":"2025-11-10T19:56:07+00:00","dateModified":"2026-03-23T13:56:25+00:00","description":"Deguste vinhos selecionados e harmoniza\u00e7\u00f5es no Grand Wine Tasting Experience no Cant\u00f4 Gastr\u00f4 & Lounge. Reserve seu voucher!","breadcrumb":{"@id":"https:\/\/www.pacoteshyatt.com.br\/rio-de-janeiro\/product\/grand-wine-tasting-off\/#breadcrumb"},"inLanguage":"pt-BR","potentialAction":[{"@type":"ReadAction","target":["https:\/\/www.pacoteshyatt.com.br\/rio-de-janeiro\/product\/grand-wine-tasting-off\/"]}]},{"@type":"BreadcrumbList","@id":"https:\/\/www.pacoteshyatt.com.br\/rio-de-janeiro\/product\/grand-wine-tasting-off\/#breadcrumb","itemListElement":[{"@type":"ListItem","position":1,"name":"Home","item":"https:\/\/www.pacoteshyatt.com.br\/rio-de-janeiro\/"},{"@type":"ListItem","position":2,"name":"Cat\u00e1logo","item":"https:\/\/www.pacoteshyatt.com.br\/rio-de-janeiro\/catalogo\/"},{"@type":"ListItem","position":3,"name":"Semana do Consumidor | Grand Wine Tasting Experience | 15% OFF"}]}]}},"_links":{"self":[{"href":"https:\/\/www.pacoteshyatt.com.br\/rio-de-janeiro\/wp-json\/wp\/v2\/product\/21456"}],"collection":[{"href":"https:\/\/www.pacoteshyatt.com.br\/rio-de-janeiro\/wp-json\/wp\/v2\/product"}],"about":[{"href":"https:\/\/www.pacoteshyatt.com.br\/rio-de-janeiro\/wp-json\/wp\/v2\/types\/product"}],"wp:featuredmedia":[{"embeddable":true,"href":"https:\/\/www.pacoteshyatt.com.br\/rio-de-janeiro\/wp-json\/wp\/v2\/media\/22848"}],"wp:attachment":[{"href":"https:\/\/www.pacoteshyatt.com.br\/rio-de-janeiro\/wp-json\/wp\/v2\/media?parent=21456"}],"wp:term":[{"taxonomy":"product_cat","embeddable":true,"href":"https:\/\/www.pacoteshyatt.com.br\/rio-de-janeiro\/wp-json\/wp\/v2\/product_cat?post=21456"},{"taxonomy":"product_tag","embeddable":true,"href":"https:\/\/www.pacoteshyatt.com.br\/rio-de-janeiro\/wp-json\/wp\/v2\/product_tag?post=21456"}],"curies":[{"name":"wp","href":"https:\/\/api.w.org\/{rel}","templated":true}]}}