{"id":21459,"date":"2025-11-10T16:59:58","date_gmt":"2025-11-10T19:59:58","guid":{"rendered":"https:\/\/www.pacoteshyatt.com.br\/rio-de-janeiro\/?post_type=product&#038;p=21459"},"modified":"2025-12-01T09:22:28","modified_gmt":"2025-12-01T12:22:28","slug":"facial-anti-idade-red-week","status":"publish","type":"product","link":"https:\/\/www.pacoteshyatt.com.br\/rio-de-janeiro\/product\/facial-anti-idade-red-week\/","title":{"rendered":"Red Week | Facial Anti-Idade | 10% OFF"},"content":{"rendered":"<p>&nbsp;<\/p>\n<p><strong><span class=\"ui-provider a b c d e f g h i j k l m n o p q r s t u v w x y z ab ac ae af ag ah ai aj ak\" dir=\"ltr\">Para conferir todas as ofertas de Red Week basta <a href=\"https:\/\/www.pacoteshyatt.com.br\/rio-de-janeiro\/black-november\/\">clicar aqui!<\/a><\/span><\/strong><\/p>\n<div class=\"size-full [&amp;&gt;*:first-child]:mt-0 [&amp;&gt;*:last-child]:mb-0 space-y-2\">\n<p>Invista no cuidado preventivo da sua pele com nosso spa facial anti-idade.<\/p>\n<p>Este tratamento de <strong>50 minutos<\/strong> combina ativos nutritivos e oxigenantes que estimulam a reposi\u00e7\u00e3o natural do col\u00e1geno, fortalecendo a pele contra os sinais do tempo. O resultado \u00e9 uma pele mais saud\u00e1vel, luminosa e renovada.<\/p>\n<p>&nbsp;<\/p>\n<p><strong>Benef\u00edcios do Spa Facial Anti-Idade:<\/strong><\/p>\n<\/div>\n<div class=\"size-full [&amp;&gt;*:first-child]:mt-0 [&amp;&gt;*:last-child]:mb-0 space-y-2\">\n<p>\u2022 Est\u00edmulo \u00e0 produ\u00e7\u00e3o de col\u00e1geno<br \/>\n\u2022 Hidrata\u00e7\u00e3o profunda com ativos nutritivos<br \/>\n\u2022 Oxigena\u00e7\u00e3o da pele<br \/>\n\u2022 Redu\u00e7\u00e3o de rugas e linhas de express\u00e3o<br \/>\n\u2022 Aspecto mais saud\u00e1vel e luminoso<\/p>\n<\/div>\n<p>&nbsp;<\/p>\n<hr \/>\n<p><strong><span style=\"color: #bd2137\"><em><span class=\"ui-provider a b c d e f g h i j k l m n o p q r s t u v w x y z ab ac ae af ag ah ai aj ak\" dir=\"ltr\"><i>ESTE VOUCHER TEM VALIDADE DE 3 MESES, MEDIANTE AGENDAMENTO PR\u00c9VIO E DISPONIBILIDADE.<\/i><\/span><\/em><\/span><\/strong><\/p>\n<p><span style=\"color: #bd2137\"><i>Ap\u00f3s a compra, \u00e9 necess\u00e1rio realizar o agendamento atrav\u00e9s do Whatsapp: (21) 3797-9566<\/i><\/span><\/p>\n","protected":false},"excerpt":{"rendered":"<p>&nbsp; Para conferir todas as ofertas de Red Week basta clicar aqui! Invista no cuidado preventivo da sua pele com nosso spa facial anti-idade. Este tratamento de 50 minutos combina ativos nutritivos e oxigenantes que estimulam a reposi\u00e7\u00e3o natural do col\u00e1geno, fortalecendo a pele contra os sinais do tempo. O resultado \u00e9 uma pele mais [&hellip;]<\/p>\n","protected":false},"featured_media":21551,"template":"","meta":{"_eb_attr":""},"product_cat":[19,84,80],"product_tag":[],"bundled_by":[],"bundle_stock_status":"outofstock","bundle_stock_quantity":null,"bundle_virtual":false,"bundle_layout":"","bundle_add_to_cart_form_location":"","bundle_editable_in_cart":false,"bundle_sold_individually_context":"","bundle_item_grouping":"","bundle_min_size":"","bundle_max_size":"","bundled_items":[],"yoast_head":"<!-- This site is optimized with the Yoast SEO plugin v18.4.1 - https:\/\/yoast.com\/wordpress\/plugins\/seo\/ -->\n<title>Spa Facial Anti-Idade - Pacotes Hyatt Rio de Janeiro<\/title>\n<meta name=\"description\" content=\"Rejuvenes\u00e7a sua pele com o tratamento facial anti-idade no Atiaia Spa do Hyatt Rio. Ativos nutritivos que estimulam a reposi\u00e7\u00e3o de col\u00e1geno. Reserve agora!\" \/>\n<meta name=\"robots\" content=\"index, follow, max-snippet:-1, max-image-preview:large, max-video-preview:-1\" \/>\n<link rel=\"canonical\" href=\"https:\/\/www.pacoteshyatt.com.br\/rio-de-janeiro\/product\/facial-anti-idade-red-week\/\" \/>\n<meta property=\"og:locale\" content=\"pt_BR\" \/>\n<meta property=\"og:type\" content=\"article\" \/>\n<meta property=\"og:title\" content=\"Spa Facial Anti-Idade - Pacotes Hyatt Rio de Janeiro\" \/>\n<meta property=\"og:description\" content=\"Rejuvenes\u00e7a sua pele com o tratamento facial anti-idade no Atiaia Spa do Hyatt Rio. Ativos nutritivos que estimulam a reposi\u00e7\u00e3o de col\u00e1geno. Reserve agora!\" \/>\n<meta property=\"og:url\" content=\"https:\/\/www.pacoteshyatt.com.br\/rio-de-janeiro\/product\/facial-anti-idade-red-week\/\" \/>\n<meta property=\"og:site_name\" content=\"GRAND HYATT RIO DE JANEIRO\" \/>\n<meta property=\"article:modified_time\" content=\"2025-12-01T12:22:28+00:00\" \/>\n<meta property=\"og:image\" content=\"https:\/\/www.pacoteshyatt.com.br\/rio-de-janeiro\/wp-content\/uploads\/sites\/2\/2025\/11\/GHRJ_RedWeek2025_ImagemOferta_308x200px_FacialAntiidade_v1.png\" \/>\n\t<meta property=\"og:image:width\" content=\"308\" \/>\n\t<meta property=\"og:image:height\" content=\"200\" \/>\n\t<meta property=\"og:image:type\" content=\"image\/png\" \/>\n<meta name=\"twitter:card\" content=\"summary_large_image\" \/>\n<meta name=\"twitter:label1\" content=\"Est. tempo de leitura\" \/>\n\t<meta name=\"twitter:data1\" content=\"1 minuto\" \/>\n<script type=\"application\/ld+json\" class=\"yoast-schema-graph\">{\"@context\":\"https:\/\/schema.org\",\"@graph\":[{\"@type\":\"WebSite\",\"@id\":\"https:\/\/www.pacoteshyatt.com.br\/rio-de-janeiro\/#website\",\"url\":\"https:\/\/www.pacoteshyatt.com.br\/rio-de-janeiro\/\",\"name\":\"GRAND HYATT RIO DE JANEIRO\",\"description\":\"Um verdadeiro resort urbano na Barra da Tijuca!\",\"potentialAction\":[{\"@type\":\"SearchAction\",\"target\":{\"@type\":\"EntryPoint\",\"urlTemplate\":\"https:\/\/www.pacoteshyatt.com.br\/rio-de-janeiro\/?s={search_term_string}\"},\"query-input\":\"required name=search_term_string\"}],\"inLanguage\":\"pt-BR\"},{\"@type\":\"ImageObject\",\"@id\":\"https:\/\/www.pacoteshyatt.com.br\/rio-de-janeiro\/product\/facial-anti-idade-red-week\/#primaryimage\",\"inLanguage\":\"pt-BR\",\"url\":\"https:\/\/www.pacoteshyatt.com.br\/rio-de-janeiro\/wp-content\/uploads\/sites\/2\/2025\/11\/GHRJ_RedWeek2025_ImagemOferta_308x200px_FacialAntiidade_v1.png\",\"contentUrl\":\"https:\/\/www.pacoteshyatt.com.br\/rio-de-janeiro\/wp-content\/uploads\/sites\/2\/2025\/11\/GHRJ_RedWeek2025_ImagemOferta_308x200px_FacialAntiidade_v1.png\",\"width\":308,\"height\":200},{\"@type\":\"WebPage\",\"@id\":\"https:\/\/www.pacoteshyatt.com.br\/rio-de-janeiro\/product\/facial-anti-idade-red-week\/#webpage\",\"url\":\"https:\/\/www.pacoteshyatt.com.br\/rio-de-janeiro\/product\/facial-anti-idade-red-week\/\",\"name\":\"Spa Facial Anti-Idade - Pacotes Hyatt Rio de Janeiro\",\"isPartOf\":{\"@id\":\"https:\/\/www.pacoteshyatt.com.br\/rio-de-janeiro\/#website\"},\"primaryImageOfPage\":{\"@id\":\"https:\/\/www.pacoteshyatt.com.br\/rio-de-janeiro\/product\/facial-anti-idade-red-week\/#primaryimage\"},\"datePublished\":\"2025-11-10T19:59:58+00:00\",\"dateModified\":\"2025-12-01T12:22:28+00:00\",\"description\":\"Rejuvenes\u00e7a sua pele com o tratamento facial anti-idade no Atiaia Spa do Hyatt Rio. Ativos nutritivos que estimulam a reposi\u00e7\u00e3o de col\u00e1geno. Reserve agora!\",\"breadcrumb\":{\"@id\":\"https:\/\/www.pacoteshyatt.com.br\/rio-de-janeiro\/product\/facial-anti-idade-red-week\/#breadcrumb\"},\"inLanguage\":\"pt-BR\",\"potentialAction\":[{\"@type\":\"ReadAction\",\"target\":[\"https:\/\/www.pacoteshyatt.com.br\/rio-de-janeiro\/product\/facial-anti-idade-red-week\/\"]}]},{\"@type\":\"BreadcrumbList\",\"@id\":\"https:\/\/www.pacoteshyatt.com.br\/rio-de-janeiro\/product\/facial-anti-idade-red-week\/#breadcrumb\",\"itemListElement\":[{\"@type\":\"ListItem\",\"position\":1,\"name\":\"Home\",\"item\":\"https:\/\/www.pacoteshyatt.com.br\/rio-de-janeiro\/\"},{\"@type\":\"ListItem\",\"position\":2,\"name\":\"Cat\u00e1logo\",\"item\":\"https:\/\/www.pacoteshyatt.com.br\/rio-de-janeiro\/catalogo\/\"},{\"@type\":\"ListItem\",\"position\":3,\"name\":\"Red Week | Facial Anti-Idade | 10% OFF\"}]}]}<\/script>\n<!-- \/ Yoast SEO plugin. -->","yoast_head_json":{"title":"Spa Facial Anti-Idade - Pacotes Hyatt Rio de Janeiro","description":"Rejuvenes\u00e7a sua pele com o tratamento facial anti-idade no Atiaia Spa do Hyatt Rio. Ativos nutritivos que estimulam a reposi\u00e7\u00e3o de col\u00e1geno. Reserve agora!","robots":{"index":"index","follow":"follow","max-snippet":"max-snippet:-1","max-image-preview":"max-image-preview:large","max-video-preview":"max-video-preview:-1"},"canonical":"https:\/\/www.pacoteshyatt.com.br\/rio-de-janeiro\/product\/facial-anti-idade-red-week\/","og_locale":"pt_BR","og_type":"article","og_title":"Spa Facial Anti-Idade - Pacotes Hyatt Rio de Janeiro","og_description":"Rejuvenes\u00e7a sua pele com o tratamento facial anti-idade no Atiaia Spa do Hyatt Rio. Ativos nutritivos que estimulam a reposi\u00e7\u00e3o de col\u00e1geno. Reserve agora!","og_url":"https:\/\/www.pacoteshyatt.com.br\/rio-de-janeiro\/product\/facial-anti-idade-red-week\/","og_site_name":"GRAND HYATT RIO DE JANEIRO","article_modified_time":"2025-12-01T12:22:28+00:00","og_image":[{"width":308,"height":200,"url":"https:\/\/www.pacoteshyatt.com.br\/rio-de-janeiro\/wp-content\/uploads\/sites\/2\/2025\/11\/GHRJ_RedWeek2025_ImagemOferta_308x200px_FacialAntiidade_v1.png","type":"image\/png"}],"twitter_card":"summary_large_image","twitter_misc":{"Est. tempo de leitura":"1 minuto"},"schema":{"@context":"https:\/\/schema.org","@graph":[{"@type":"WebSite","@id":"https:\/\/www.pacoteshyatt.com.br\/rio-de-janeiro\/#website","url":"https:\/\/www.pacoteshyatt.com.br\/rio-de-janeiro\/","name":"GRAND HYATT RIO DE JANEIRO","description":"Um verdadeiro resort urbano na Barra da Tijuca!","potentialAction":[{"@type":"SearchAction","target":{"@type":"EntryPoint","urlTemplate":"https:\/\/www.pacoteshyatt.com.br\/rio-de-janeiro\/?s={search_term_string}"},"query-input":"required name=search_term_string"}],"inLanguage":"pt-BR"},{"@type":"ImageObject","@id":"https:\/\/www.pacoteshyatt.com.br\/rio-de-janeiro\/product\/facial-anti-idade-red-week\/#primaryimage","inLanguage":"pt-BR","url":"https:\/\/www.pacoteshyatt.com.br\/rio-de-janeiro\/wp-content\/uploads\/sites\/2\/2025\/11\/GHRJ_RedWeek2025_ImagemOferta_308x200px_FacialAntiidade_v1.png","contentUrl":"https:\/\/www.pacoteshyatt.com.br\/rio-de-janeiro\/wp-content\/uploads\/sites\/2\/2025\/11\/GHRJ_RedWeek2025_ImagemOferta_308x200px_FacialAntiidade_v1.png","width":308,"height":200},{"@type":"WebPage","@id":"https:\/\/www.pacoteshyatt.com.br\/rio-de-janeiro\/product\/facial-anti-idade-red-week\/#webpage","url":"https:\/\/www.pacoteshyatt.com.br\/rio-de-janeiro\/product\/facial-anti-idade-red-week\/","name":"Spa Facial Anti-Idade - Pacotes Hyatt Rio de Janeiro","isPartOf":{"@id":"https:\/\/www.pacoteshyatt.com.br\/rio-de-janeiro\/#website"},"primaryImageOfPage":{"@id":"https:\/\/www.pacoteshyatt.com.br\/rio-de-janeiro\/product\/facial-anti-idade-red-week\/#primaryimage"},"datePublished":"2025-11-10T19:59:58+00:00","dateModified":"2025-12-01T12:22:28+00:00","description":"Rejuvenes\u00e7a sua pele com o tratamento facial anti-idade no Atiaia Spa do Hyatt Rio. Ativos nutritivos que estimulam a reposi\u00e7\u00e3o de col\u00e1geno. Reserve agora!","breadcrumb":{"@id":"https:\/\/www.pacoteshyatt.com.br\/rio-de-janeiro\/product\/facial-anti-idade-red-week\/#breadcrumb"},"inLanguage":"pt-BR","potentialAction":[{"@type":"ReadAction","target":["https:\/\/www.pacoteshyatt.com.br\/rio-de-janeiro\/product\/facial-anti-idade-red-week\/"]}]},{"@type":"BreadcrumbList","@id":"https:\/\/www.pacoteshyatt.com.br\/rio-de-janeiro\/product\/facial-anti-idade-red-week\/#breadcrumb","itemListElement":[{"@type":"ListItem","position":1,"name":"Home","item":"https:\/\/www.pacoteshyatt.com.br\/rio-de-janeiro\/"},{"@type":"ListItem","position":2,"name":"Cat\u00e1logo","item":"https:\/\/www.pacoteshyatt.com.br\/rio-de-janeiro\/catalogo\/"},{"@type":"ListItem","position":3,"name":"Red Week | Facial Anti-Idade | 10% OFF"}]}]}},"_links":{"self":[{"href":"https:\/\/www.pacoteshyatt.com.br\/rio-de-janeiro\/wp-json\/wp\/v2\/product\/21459"}],"collection":[{"href":"https:\/\/www.pacoteshyatt.com.br\/rio-de-janeiro\/wp-json\/wp\/v2\/product"}],"about":[{"href":"https:\/\/www.pacoteshyatt.com.br\/rio-de-janeiro\/wp-json\/wp\/v2\/types\/product"}],"wp:featuredmedia":[{"embeddable":true,"href":"https:\/\/www.pacoteshyatt.com.br\/rio-de-janeiro\/wp-json\/wp\/v2\/media\/21551"}],"wp:attachment":[{"href":"https:\/\/www.pacoteshyatt.com.br\/rio-de-janeiro\/wp-json\/wp\/v2\/media?parent=21459"}],"wp:term":[{"taxonomy":"product_cat","embeddable":true,"href":"https:\/\/www.pacoteshyatt.com.br\/rio-de-janeiro\/wp-json\/wp\/v2\/product_cat?post=21459"},{"taxonomy":"product_tag","embeddable":true,"href":"https:\/\/www.pacoteshyatt.com.br\/rio-de-janeiro\/wp-json\/wp\/v2\/product_tag?post=21459"}],"curies":[{"name":"wp","href":"https:\/\/api.w.org\/{rel}","templated":true}]}}