{"id":21463,"date":"2025-11-10T17:29:18","date_gmt":"2025-11-10T20:29:18","guid":{"rendered":"https:\/\/www.pacoteshyatt.com.br\/rio-de-janeiro\/?post_type=product&#038;p=21463"},"modified":"2025-12-01T09:21:21","modified_gmt":"2025-12-01T12:21:21","slug":"drenagem-linfatica-red-week","status":"publish","type":"product","link":"https:\/\/www.pacoteshyatt.com.br\/rio-de-janeiro\/product\/drenagem-linfatica-red-week\/","title":{"rendered":"Red Week | Drenagem Linf\u00e1tica | 20% OFF"},"content":{"rendered":"<p>&nbsp;<\/p>\n<p><strong><span class=\"ui-provider a b c d e f g h i j k l m n o p q r s t u v w x y z ab ac ae af ag ah ai aj ak\" dir=\"ltr\">Para conferir todas as ofertas de Red Week basta <a href=\"https:\/\/www.pacoteshyatt.com.br\/rio-de-janeiro\/black-november\/\">clicar aqui!<\/a><\/span><\/strong><\/p>\n<p>A <strong>drenagem linf\u00e1tica<\/strong> \u00e9 uma t\u00e9cnica de massagem corporal, com dura\u00e7\u00e3o de <strong>50 ou 80 minutos<\/strong>, que estimula o sistema linf\u00e1tico, com movimentos suaves e precisos, visando \u00e0 elimina\u00e7\u00e3o de l\u00edquidos, toxinas e edemas.<\/p>\n<p>As manobras da <strong>drenagem linf\u00e1tica <\/strong>s\u00e3o realizadas em dire\u00e7\u00e3o aos linfonodos, proporcionando a redu\u00e7\u00e3o de edemas.<\/p>\n<p>O que melhora a hidrata\u00e7\u00e3o e nutri\u00e7\u00e3o das c\u00e9lulas, acelera a cicatriza\u00e7\u00e3o de ferimentos, aumenta a capacidade de absor\u00e7\u00e3o de hematomas e equimoses, melhora o retorno de sensibilidade em cirurgias, reduz a reten\u00e7\u00e3o de l\u00edquido nos tecidos e ajuda na melhora aparente da celulite.<\/p>\n<p>&nbsp;<\/p>\n<hr \/>\n<p><strong><span style=\"color: #bd2137\"><em><span class=\"ui-provider a b c d e f g h i j k l m n o p q r s t u v w x y z ab ac ae af ag ah ai aj ak\" dir=\"ltr\"><i>ESTE VOUCHER TEM VALIDADE DE 3 MESES, MEDIANTE AGENDAMENTO PR\u00c9VIO E DISPONIBILIDADE.<\/i><\/span><\/em><\/span><\/strong><\/p>\n<p><span style=\"color: #bd2137\"><i>Ap\u00f3s a compra, \u00e9 necess\u00e1rio realizar o agendamento atrav\u00e9s do Whatsapp: (21) 3797-9566<\/i><\/span><\/p>\n","protected":false},"excerpt":{"rendered":"<p>&nbsp; Para conferir todas as ofertas de Red Week basta clicar aqui! A drenagem linf\u00e1tica \u00e9 uma t\u00e9cnica de massagem corporal, com dura\u00e7\u00e3o de 50 ou 80 minutos, que estimula o sistema linf\u00e1tico, com movimentos suaves e precisos, visando \u00e0 elimina\u00e7\u00e3o de l\u00edquidos, toxinas e edemas. As manobras da drenagem linf\u00e1tica s\u00e3o realizadas em dire\u00e7\u00e3o [&hellip;]<\/p>\n","protected":false},"featured_media":21550,"template":"","meta":{"_eb_attr":""},"product_cat":[19,23,80],"product_tag":[],"bundled_by":[],"bundle_stock_status":"outofstock","bundle_stock_quantity":0,"bundle_virtual":false,"bundle_layout":"","bundle_add_to_cart_form_location":"","bundle_editable_in_cart":false,"bundle_sold_individually_context":"","bundle_item_grouping":"","bundle_min_size":"","bundle_max_size":"","bundled_items":[],"yoast_head":"<!-- This site is optimized with the Yoast SEO plugin v18.4.1 - https:\/\/yoast.com\/wordpress\/plugins\/seo\/ -->\n<title>Red Week | Drenagem Linf\u00e1tica | 20% OFF - Grand Hyatt Rio de Janeiro<\/title>\n<meta name=\"description\" content=\"A drenagem linf\u00e1tica \u00e9 uma t\u00e9cnica de massagem corporal que estimula o sistema linf\u00e1tico com movimentos suaves e precisos. Experimente! Vouchers aqui:\" \/>\n<meta name=\"robots\" content=\"index, follow, max-snippet:-1, max-image-preview:large, max-video-preview:-1\" \/>\n<link rel=\"canonical\" href=\"https:\/\/www.pacoteshyatt.com.br\/rio-de-janeiro\/product\/drenagem-linfatica-red-week\/\" \/>\n<meta property=\"og:locale\" content=\"pt_BR\" \/>\n<meta property=\"og:type\" content=\"article\" \/>\n<meta property=\"og:title\" content=\"Red Week | Drenagem Linf\u00e1tica | 20% OFF - Grand Hyatt Rio de Janeiro\" \/>\n<meta property=\"og:description\" content=\"A drenagem linf\u00e1tica \u00e9 uma t\u00e9cnica de massagem corporal que estimula o sistema linf\u00e1tico com movimentos suaves e precisos. Experimente! Vouchers aqui:\" \/>\n<meta property=\"og:url\" content=\"https:\/\/www.pacoteshyatt.com.br\/rio-de-janeiro\/product\/drenagem-linfatica-red-week\/\" \/>\n<meta property=\"og:site_name\" content=\"GRAND HYATT RIO DE JANEIRO\" \/>\n<meta property=\"article:modified_time\" content=\"2025-12-01T12:21:21+00:00\" \/>\n<meta property=\"og:image\" content=\"https:\/\/www.pacoteshyatt.com.br\/rio-de-janeiro\/wp-content\/uploads\/sites\/2\/2025\/11\/GHRJ_RedWeek2025_ImagemOferta_308x200px_Drenagem_v1.png\" \/>\n\t<meta property=\"og:image:width\" content=\"308\" \/>\n\t<meta property=\"og:image:height\" content=\"200\" \/>\n\t<meta property=\"og:image:type\" content=\"image\/png\" \/>\n<meta name=\"twitter:card\" content=\"summary_large_image\" \/>\n<meta name=\"twitter:label1\" content=\"Est. tempo de leitura\" \/>\n\t<meta name=\"twitter:data1\" content=\"1 minuto\" \/>\n<script type=\"application\/ld+json\" class=\"yoast-schema-graph\">{\"@context\":\"https:\/\/schema.org\",\"@graph\":[{\"@type\":\"WebSite\",\"@id\":\"https:\/\/www.pacoteshyatt.com.br\/rio-de-janeiro\/#website\",\"url\":\"https:\/\/www.pacoteshyatt.com.br\/rio-de-janeiro\/\",\"name\":\"GRAND HYATT RIO DE JANEIRO\",\"description\":\"Um verdadeiro resort urbano na Barra da Tijuca!\",\"potentialAction\":[{\"@type\":\"SearchAction\",\"target\":{\"@type\":\"EntryPoint\",\"urlTemplate\":\"https:\/\/www.pacoteshyatt.com.br\/rio-de-janeiro\/?s={search_term_string}\"},\"query-input\":\"required name=search_term_string\"}],\"inLanguage\":\"pt-BR\"},{\"@type\":\"ImageObject\",\"@id\":\"https:\/\/www.pacoteshyatt.com.br\/rio-de-janeiro\/product\/drenagem-linfatica-red-week\/#primaryimage\",\"inLanguage\":\"pt-BR\",\"url\":\"https:\/\/www.pacoteshyatt.com.br\/rio-de-janeiro\/wp-content\/uploads\/sites\/2\/2025\/11\/GHRJ_RedWeek2025_ImagemOferta_308x200px_Drenagem_v1.png\",\"contentUrl\":\"https:\/\/www.pacoteshyatt.com.br\/rio-de-janeiro\/wp-content\/uploads\/sites\/2\/2025\/11\/GHRJ_RedWeek2025_ImagemOferta_308x200px_Drenagem_v1.png\",\"width\":308,\"height\":200},{\"@type\":\"WebPage\",\"@id\":\"https:\/\/www.pacoteshyatt.com.br\/rio-de-janeiro\/product\/drenagem-linfatica-red-week\/#webpage\",\"url\":\"https:\/\/www.pacoteshyatt.com.br\/rio-de-janeiro\/product\/drenagem-linfatica-red-week\/\",\"name\":\"Red Week | Drenagem Linf\u00e1tica | 20% OFF - Grand Hyatt Rio de Janeiro\",\"isPartOf\":{\"@id\":\"https:\/\/www.pacoteshyatt.com.br\/rio-de-janeiro\/#website\"},\"primaryImageOfPage\":{\"@id\":\"https:\/\/www.pacoteshyatt.com.br\/rio-de-janeiro\/product\/drenagem-linfatica-red-week\/#primaryimage\"},\"datePublished\":\"2025-11-10T20:29:18+00:00\",\"dateModified\":\"2025-12-01T12:21:21+00:00\",\"description\":\"A drenagem linf\u00e1tica \u00e9 uma t\u00e9cnica de massagem corporal que estimula o sistema linf\u00e1tico com movimentos suaves e precisos. Experimente! Vouchers aqui:\",\"breadcrumb\":{\"@id\":\"https:\/\/www.pacoteshyatt.com.br\/rio-de-janeiro\/product\/drenagem-linfatica-red-week\/#breadcrumb\"},\"inLanguage\":\"pt-BR\",\"potentialAction\":[{\"@type\":\"ReadAction\",\"target\":[\"https:\/\/www.pacoteshyatt.com.br\/rio-de-janeiro\/product\/drenagem-linfatica-red-week\/\"]}]},{\"@type\":\"BreadcrumbList\",\"@id\":\"https:\/\/www.pacoteshyatt.com.br\/rio-de-janeiro\/product\/drenagem-linfatica-red-week\/#breadcrumb\",\"itemListElement\":[{\"@type\":\"ListItem\",\"position\":1,\"name\":\"Home\",\"item\":\"https:\/\/www.pacoteshyatt.com.br\/rio-de-janeiro\/\"},{\"@type\":\"ListItem\",\"position\":2,\"name\":\"Cat\u00e1logo\",\"item\":\"https:\/\/www.pacoteshyatt.com.br\/rio-de-janeiro\/catalogo\/\"},{\"@type\":\"ListItem\",\"position\":3,\"name\":\"Red Week | Drenagem Linf\u00e1tica | 20% OFF\"}]}]}<\/script>\n<!-- \/ Yoast SEO plugin. -->","yoast_head_json":{"title":"Red Week | Drenagem Linf\u00e1tica | 20% OFF - Grand Hyatt Rio de Janeiro","description":"A drenagem linf\u00e1tica \u00e9 uma t\u00e9cnica de massagem corporal que estimula o sistema linf\u00e1tico com movimentos suaves e precisos. Experimente! Vouchers aqui:","robots":{"index":"index","follow":"follow","max-snippet":"max-snippet:-1","max-image-preview":"max-image-preview:large","max-video-preview":"max-video-preview:-1"},"canonical":"https:\/\/www.pacoteshyatt.com.br\/rio-de-janeiro\/product\/drenagem-linfatica-red-week\/","og_locale":"pt_BR","og_type":"article","og_title":"Red Week | Drenagem Linf\u00e1tica | 20% OFF - Grand Hyatt Rio de Janeiro","og_description":"A drenagem linf\u00e1tica \u00e9 uma t\u00e9cnica de massagem corporal que estimula o sistema linf\u00e1tico com movimentos suaves e precisos. Experimente! Vouchers aqui:","og_url":"https:\/\/www.pacoteshyatt.com.br\/rio-de-janeiro\/product\/drenagem-linfatica-red-week\/","og_site_name":"GRAND HYATT RIO DE JANEIRO","article_modified_time":"2025-12-01T12:21:21+00:00","og_image":[{"width":308,"height":200,"url":"https:\/\/www.pacoteshyatt.com.br\/rio-de-janeiro\/wp-content\/uploads\/sites\/2\/2025\/11\/GHRJ_RedWeek2025_ImagemOferta_308x200px_Drenagem_v1.png","type":"image\/png"}],"twitter_card":"summary_large_image","twitter_misc":{"Est. tempo de leitura":"1 minuto"},"schema":{"@context":"https:\/\/schema.org","@graph":[{"@type":"WebSite","@id":"https:\/\/www.pacoteshyatt.com.br\/rio-de-janeiro\/#website","url":"https:\/\/www.pacoteshyatt.com.br\/rio-de-janeiro\/","name":"GRAND HYATT RIO DE JANEIRO","description":"Um verdadeiro resort urbano na Barra da Tijuca!","potentialAction":[{"@type":"SearchAction","target":{"@type":"EntryPoint","urlTemplate":"https:\/\/www.pacoteshyatt.com.br\/rio-de-janeiro\/?s={search_term_string}"},"query-input":"required name=search_term_string"}],"inLanguage":"pt-BR"},{"@type":"ImageObject","@id":"https:\/\/www.pacoteshyatt.com.br\/rio-de-janeiro\/product\/drenagem-linfatica-red-week\/#primaryimage","inLanguage":"pt-BR","url":"https:\/\/www.pacoteshyatt.com.br\/rio-de-janeiro\/wp-content\/uploads\/sites\/2\/2025\/11\/GHRJ_RedWeek2025_ImagemOferta_308x200px_Drenagem_v1.png","contentUrl":"https:\/\/www.pacoteshyatt.com.br\/rio-de-janeiro\/wp-content\/uploads\/sites\/2\/2025\/11\/GHRJ_RedWeek2025_ImagemOferta_308x200px_Drenagem_v1.png","width":308,"height":200},{"@type":"WebPage","@id":"https:\/\/www.pacoteshyatt.com.br\/rio-de-janeiro\/product\/drenagem-linfatica-red-week\/#webpage","url":"https:\/\/www.pacoteshyatt.com.br\/rio-de-janeiro\/product\/drenagem-linfatica-red-week\/","name":"Red Week | Drenagem Linf\u00e1tica | 20% OFF - Grand Hyatt Rio de Janeiro","isPartOf":{"@id":"https:\/\/www.pacoteshyatt.com.br\/rio-de-janeiro\/#website"},"primaryImageOfPage":{"@id":"https:\/\/www.pacoteshyatt.com.br\/rio-de-janeiro\/product\/drenagem-linfatica-red-week\/#primaryimage"},"datePublished":"2025-11-10T20:29:18+00:00","dateModified":"2025-12-01T12:21:21+00:00","description":"A drenagem linf\u00e1tica \u00e9 uma t\u00e9cnica de massagem corporal que estimula o sistema linf\u00e1tico com movimentos suaves e precisos. Experimente! Vouchers aqui:","breadcrumb":{"@id":"https:\/\/www.pacoteshyatt.com.br\/rio-de-janeiro\/product\/drenagem-linfatica-red-week\/#breadcrumb"},"inLanguage":"pt-BR","potentialAction":[{"@type":"ReadAction","target":["https:\/\/www.pacoteshyatt.com.br\/rio-de-janeiro\/product\/drenagem-linfatica-red-week\/"]}]},{"@type":"BreadcrumbList","@id":"https:\/\/www.pacoteshyatt.com.br\/rio-de-janeiro\/product\/drenagem-linfatica-red-week\/#breadcrumb","itemListElement":[{"@type":"ListItem","position":1,"name":"Home","item":"https:\/\/www.pacoteshyatt.com.br\/rio-de-janeiro\/"},{"@type":"ListItem","position":2,"name":"Cat\u00e1logo","item":"https:\/\/www.pacoteshyatt.com.br\/rio-de-janeiro\/catalogo\/"},{"@type":"ListItem","position":3,"name":"Red Week | Drenagem Linf\u00e1tica | 20% OFF"}]}]}},"_links":{"self":[{"href":"https:\/\/www.pacoteshyatt.com.br\/rio-de-janeiro\/wp-json\/wp\/v2\/product\/21463"}],"collection":[{"href":"https:\/\/www.pacoteshyatt.com.br\/rio-de-janeiro\/wp-json\/wp\/v2\/product"}],"about":[{"href":"https:\/\/www.pacoteshyatt.com.br\/rio-de-janeiro\/wp-json\/wp\/v2\/types\/product"}],"wp:featuredmedia":[{"embeddable":true,"href":"https:\/\/www.pacoteshyatt.com.br\/rio-de-janeiro\/wp-json\/wp\/v2\/media\/21550"}],"wp:attachment":[{"href":"https:\/\/www.pacoteshyatt.com.br\/rio-de-janeiro\/wp-json\/wp\/v2\/media?parent=21463"}],"wp:term":[{"taxonomy":"product_cat","embeddable":true,"href":"https:\/\/www.pacoteshyatt.com.br\/rio-de-janeiro\/wp-json\/wp\/v2\/product_cat?post=21463"},{"taxonomy":"product_tag","embeddable":true,"href":"https:\/\/www.pacoteshyatt.com.br\/rio-de-janeiro\/wp-json\/wp\/v2\/product_tag?post=21463"}],"curies":[{"name":"wp","href":"https:\/\/api.w.org\/{rel}","templated":true}]}}