{"id":21473,"date":"2025-11-10T18:29:04","date_gmt":"2025-11-10T21:29:04","guid":{"rendered":"https:\/\/www.pacoteshyatt.com.br\/rio-de-janeiro\/?post_type=product&#038;p=21473"},"modified":"2025-12-01T09:23:29","modified_gmt":"2025-12-01T12:23:29","slug":"red-week-facial-revitalizante","status":"publish","type":"product","link":"https:\/\/www.pacoteshyatt.com.br\/rio-de-janeiro\/product\/red-week-facial-revitalizante\/","title":{"rendered":"Red Week | Facial Revitalizante | 10% OFF"},"content":{"rendered":"<p>&nbsp;<\/p>\n<p><strong><span class=\"ui-provider a b c d e f g h i j k l m n o p q r s t u v w x y z ab ac ae af ag ah ai aj ak\" dir=\"ltr\">Para conferir todas as ofertas de Red Week basta <a href=\"https:\/\/www.pacoteshyatt.com.br\/rio-de-janeiro\/black-november\/\">clicar aqui!<\/a><\/span><\/strong><\/p>\n<div class=\"size-full [&amp;&gt;*:first-child]:mt-0 [&amp;&gt;*:last-child]:mb-0 space-y-2\">\n<p>Revitalize sua pele com nosso spa facial revitalizante.<\/p>\n<p>Este tratamento de <strong>50 minutos<\/strong> trabalha com ativos nutritivos e oxigenantes que estimulam a reposi\u00e7\u00e3o natural de col\u00e1geno e elastina, devolvendo firmeza e vitalidade \u00e0 pele cansada. O resultado \u00e9 uma pele renovada, com textura mais suave e aspecto notavelmente mais saud\u00e1vel.<\/p>\n<p>&nbsp;<\/p>\n<p><strong>Benef\u00edcios do Spa Facial Revitalizante:<\/strong><\/p>\n<\/div>\n<div class=\"size-full [&amp;&gt;*:first-child]:mt-0 [&amp;&gt;*:last-child]:mb-0 space-y-2\">\n<p>\u2022 Est\u00edmulo \u00e0 produ\u00e7\u00e3o de col\u00e1geno e elastina<br \/>\n\u2022 Melhora vis\u00edvel na textura da pele<br \/>\n\u2022 Aumento de firmeza e elasticidade<br \/>\n\u2022 Hidrata\u00e7\u00e3o profunda com ativos nutritivos<br \/>\n\u2022 Revitaliza\u00e7\u00e3o de pele cansada e sem brilho<\/p>\n<\/div>\n<p>&nbsp;<\/p>\n<hr \/>\n<p><strong><span style=\"color: #bd2137\"><em><span class=\"ui-provider a b c d e f g h i j k l m n o p q r s t u v w x y z ab ac ae af ag ah ai aj ak\" dir=\"ltr\"><i>ESTE VOUCHER TEM VALIDADE DE 3 MESES, MEDIANTE AGENDAMENTO PR\u00c9VIO E DISPONIBILIDADE.<\/i><\/span><\/em><\/span><\/strong><\/p>\n<p><span style=\"color: #bd2137\"><i>Ap\u00f3s a compra, \u00e9 necess\u00e1rio realizar o agendamento atrav\u00e9s do Whatsapp: (21) 3797-9566<\/i><\/span><\/p>\n","protected":false},"excerpt":{"rendered":"<p>&nbsp; Para conferir todas as ofertas de Red Week basta clicar aqui! Revitalize sua pele com nosso spa facial revitalizante. Este tratamento de 50 minutos trabalha com ativos nutritivos e oxigenantes que estimulam a reposi\u00e7\u00e3o natural de col\u00e1geno e elastina, devolvendo firmeza e vitalidade \u00e0 pele cansada. O resultado \u00e9 uma pele renovada, com textura [&hellip;]<\/p>\n","protected":false},"featured_media":21553,"template":"","meta":{"_eb_attr":""},"product_cat":[19,84,80],"product_tag":[],"bundled_by":[],"bundle_stock_status":"outofstock","bundle_stock_quantity":null,"bundle_virtual":false,"bundle_layout":"","bundle_add_to_cart_form_location":"","bundle_editable_in_cart":false,"bundle_sold_individually_context":"","bundle_item_grouping":"","bundle_min_size":"","bundle_max_size":"","bundled_items":[],"yoast_head":"<!-- This site is optimized with the Yoast SEO plugin v18.4.1 - https:\/\/yoast.com\/wordpress\/plugins\/seo\/ -->\n<title>Red Week | Facial Revitalizante | 10% OFF - Grand Hyatt Rio de Janeiro<\/title>\n<meta name=\"description\" content=\"Spa Facial Revitalizante no Rio de Janeiro com sess\u00e3o de 50 minutos com ativos nutritivos que melhoram a textura e firmeza da pele. Reserve agora!\" \/>\n<meta name=\"robots\" content=\"index, follow, max-snippet:-1, max-image-preview:large, max-video-preview:-1\" \/>\n<link rel=\"canonical\" href=\"https:\/\/www.pacoteshyatt.com.br\/rio-de-janeiro\/product\/red-week-facial-revitalizante\/\" \/>\n<meta property=\"og:locale\" content=\"pt_BR\" \/>\n<meta property=\"og:type\" content=\"article\" \/>\n<meta property=\"og:title\" content=\"Red Week | Facial Revitalizante | 10% OFF - Grand Hyatt Rio de Janeiro\" \/>\n<meta property=\"og:description\" content=\"Spa Facial Revitalizante no Rio de Janeiro com sess\u00e3o de 50 minutos com ativos nutritivos que melhoram a textura e firmeza da pele. Reserve agora!\" \/>\n<meta property=\"og:url\" content=\"https:\/\/www.pacoteshyatt.com.br\/rio-de-janeiro\/product\/red-week-facial-revitalizante\/\" \/>\n<meta property=\"og:site_name\" content=\"GRAND HYATT RIO DE JANEIRO\" \/>\n<meta property=\"article:modified_time\" content=\"2025-12-01T12:23:29+00:00\" \/>\n<meta property=\"og:image\" content=\"https:\/\/www.pacoteshyatt.com.br\/rio-de-janeiro\/wp-content\/uploads\/sites\/2\/2025\/11\/GHRJ_RedWeek2025_ImagemOferta_308x200px_FacialRevitalizante_v1.png\" \/>\n\t<meta property=\"og:image:width\" content=\"308\" \/>\n\t<meta property=\"og:image:height\" content=\"200\" \/>\n\t<meta property=\"og:image:type\" content=\"image\/png\" \/>\n<meta name=\"twitter:card\" content=\"summary_large_image\" \/>\n<meta name=\"twitter:label1\" content=\"Est. tempo de leitura\" \/>\n\t<meta name=\"twitter:data1\" content=\"1 minuto\" \/>\n<script type=\"application\/ld+json\" class=\"yoast-schema-graph\">{\"@context\":\"https:\/\/schema.org\",\"@graph\":[{\"@type\":\"WebSite\",\"@id\":\"https:\/\/www.pacoteshyatt.com.br\/rio-de-janeiro\/#website\",\"url\":\"https:\/\/www.pacoteshyatt.com.br\/rio-de-janeiro\/\",\"name\":\"GRAND HYATT RIO DE JANEIRO\",\"description\":\"Um verdadeiro resort urbano na Barra da Tijuca!\",\"potentialAction\":[{\"@type\":\"SearchAction\",\"target\":{\"@type\":\"EntryPoint\",\"urlTemplate\":\"https:\/\/www.pacoteshyatt.com.br\/rio-de-janeiro\/?s={search_term_string}\"},\"query-input\":\"required name=search_term_string\"}],\"inLanguage\":\"pt-BR\"},{\"@type\":\"ImageObject\",\"@id\":\"https:\/\/www.pacoteshyatt.com.br\/rio-de-janeiro\/product\/red-week-facial-revitalizante\/#primaryimage\",\"inLanguage\":\"pt-BR\",\"url\":\"https:\/\/www.pacoteshyatt.com.br\/rio-de-janeiro\/wp-content\/uploads\/sites\/2\/2025\/11\/GHRJ_RedWeek2025_ImagemOferta_308x200px_FacialRevitalizante_v1.png\",\"contentUrl\":\"https:\/\/www.pacoteshyatt.com.br\/rio-de-janeiro\/wp-content\/uploads\/sites\/2\/2025\/11\/GHRJ_RedWeek2025_ImagemOferta_308x200px_FacialRevitalizante_v1.png\",\"width\":308,\"height\":200},{\"@type\":\"WebPage\",\"@id\":\"https:\/\/www.pacoteshyatt.com.br\/rio-de-janeiro\/product\/red-week-facial-revitalizante\/#webpage\",\"url\":\"https:\/\/www.pacoteshyatt.com.br\/rio-de-janeiro\/product\/red-week-facial-revitalizante\/\",\"name\":\"Red Week | Facial Revitalizante | 10% OFF - Grand Hyatt Rio de Janeiro\",\"isPartOf\":{\"@id\":\"https:\/\/www.pacoteshyatt.com.br\/rio-de-janeiro\/#website\"},\"primaryImageOfPage\":{\"@id\":\"https:\/\/www.pacoteshyatt.com.br\/rio-de-janeiro\/product\/red-week-facial-revitalizante\/#primaryimage\"},\"datePublished\":\"2025-11-10T21:29:04+00:00\",\"dateModified\":\"2025-12-01T12:23:29+00:00\",\"description\":\"Spa Facial Revitalizante no Rio de Janeiro com sess\u00e3o de 50 minutos com ativos nutritivos que melhoram a textura e firmeza da pele. Reserve agora!\",\"breadcrumb\":{\"@id\":\"https:\/\/www.pacoteshyatt.com.br\/rio-de-janeiro\/product\/red-week-facial-revitalizante\/#breadcrumb\"},\"inLanguage\":\"pt-BR\",\"potentialAction\":[{\"@type\":\"ReadAction\",\"target\":[\"https:\/\/www.pacoteshyatt.com.br\/rio-de-janeiro\/product\/red-week-facial-revitalizante\/\"]}]},{\"@type\":\"BreadcrumbList\",\"@id\":\"https:\/\/www.pacoteshyatt.com.br\/rio-de-janeiro\/product\/red-week-facial-revitalizante\/#breadcrumb\",\"itemListElement\":[{\"@type\":\"ListItem\",\"position\":1,\"name\":\"Home\",\"item\":\"https:\/\/www.pacoteshyatt.com.br\/rio-de-janeiro\/\"},{\"@type\":\"ListItem\",\"position\":2,\"name\":\"Cat\u00e1logo\",\"item\":\"https:\/\/www.pacoteshyatt.com.br\/rio-de-janeiro\/catalogo\/\"},{\"@type\":\"ListItem\",\"position\":3,\"name\":\"Red Week | Facial Revitalizante | 10% OFF\"}]}]}<\/script>\n<!-- \/ Yoast SEO plugin. -->","yoast_head_json":{"title":"Red Week | Facial Revitalizante | 10% OFF - Grand Hyatt Rio de Janeiro","description":"Spa Facial Revitalizante no Rio de Janeiro com sess\u00e3o de 50 minutos com ativos nutritivos que melhoram a textura e firmeza da pele. Reserve agora!","robots":{"index":"index","follow":"follow","max-snippet":"max-snippet:-1","max-image-preview":"max-image-preview:large","max-video-preview":"max-video-preview:-1"},"canonical":"https:\/\/www.pacoteshyatt.com.br\/rio-de-janeiro\/product\/red-week-facial-revitalizante\/","og_locale":"pt_BR","og_type":"article","og_title":"Red Week | Facial Revitalizante | 10% OFF - Grand Hyatt Rio de Janeiro","og_description":"Spa Facial Revitalizante no Rio de Janeiro com sess\u00e3o de 50 minutos com ativos nutritivos que melhoram a textura e firmeza da pele. Reserve agora!","og_url":"https:\/\/www.pacoteshyatt.com.br\/rio-de-janeiro\/product\/red-week-facial-revitalizante\/","og_site_name":"GRAND HYATT RIO DE JANEIRO","article_modified_time":"2025-12-01T12:23:29+00:00","og_image":[{"width":308,"height":200,"url":"https:\/\/www.pacoteshyatt.com.br\/rio-de-janeiro\/wp-content\/uploads\/sites\/2\/2025\/11\/GHRJ_RedWeek2025_ImagemOferta_308x200px_FacialRevitalizante_v1.png","type":"image\/png"}],"twitter_card":"summary_large_image","twitter_misc":{"Est. tempo de leitura":"1 minuto"},"schema":{"@context":"https:\/\/schema.org","@graph":[{"@type":"WebSite","@id":"https:\/\/www.pacoteshyatt.com.br\/rio-de-janeiro\/#website","url":"https:\/\/www.pacoteshyatt.com.br\/rio-de-janeiro\/","name":"GRAND HYATT RIO DE JANEIRO","description":"Um verdadeiro resort urbano na Barra da Tijuca!","potentialAction":[{"@type":"SearchAction","target":{"@type":"EntryPoint","urlTemplate":"https:\/\/www.pacoteshyatt.com.br\/rio-de-janeiro\/?s={search_term_string}"},"query-input":"required name=search_term_string"}],"inLanguage":"pt-BR"},{"@type":"ImageObject","@id":"https:\/\/www.pacoteshyatt.com.br\/rio-de-janeiro\/product\/red-week-facial-revitalizante\/#primaryimage","inLanguage":"pt-BR","url":"https:\/\/www.pacoteshyatt.com.br\/rio-de-janeiro\/wp-content\/uploads\/sites\/2\/2025\/11\/GHRJ_RedWeek2025_ImagemOferta_308x200px_FacialRevitalizante_v1.png","contentUrl":"https:\/\/www.pacoteshyatt.com.br\/rio-de-janeiro\/wp-content\/uploads\/sites\/2\/2025\/11\/GHRJ_RedWeek2025_ImagemOferta_308x200px_FacialRevitalizante_v1.png","width":308,"height":200},{"@type":"WebPage","@id":"https:\/\/www.pacoteshyatt.com.br\/rio-de-janeiro\/product\/red-week-facial-revitalizante\/#webpage","url":"https:\/\/www.pacoteshyatt.com.br\/rio-de-janeiro\/product\/red-week-facial-revitalizante\/","name":"Red Week | Facial Revitalizante | 10% OFF - Grand Hyatt Rio de Janeiro","isPartOf":{"@id":"https:\/\/www.pacoteshyatt.com.br\/rio-de-janeiro\/#website"},"primaryImageOfPage":{"@id":"https:\/\/www.pacoteshyatt.com.br\/rio-de-janeiro\/product\/red-week-facial-revitalizante\/#primaryimage"},"datePublished":"2025-11-10T21:29:04+00:00","dateModified":"2025-12-01T12:23:29+00:00","description":"Spa Facial Revitalizante no Rio de Janeiro com sess\u00e3o de 50 minutos com ativos nutritivos que melhoram a textura e firmeza da pele. Reserve agora!","breadcrumb":{"@id":"https:\/\/www.pacoteshyatt.com.br\/rio-de-janeiro\/product\/red-week-facial-revitalizante\/#breadcrumb"},"inLanguage":"pt-BR","potentialAction":[{"@type":"ReadAction","target":["https:\/\/www.pacoteshyatt.com.br\/rio-de-janeiro\/product\/red-week-facial-revitalizante\/"]}]},{"@type":"BreadcrumbList","@id":"https:\/\/www.pacoteshyatt.com.br\/rio-de-janeiro\/product\/red-week-facial-revitalizante\/#breadcrumb","itemListElement":[{"@type":"ListItem","position":1,"name":"Home","item":"https:\/\/www.pacoteshyatt.com.br\/rio-de-janeiro\/"},{"@type":"ListItem","position":2,"name":"Cat\u00e1logo","item":"https:\/\/www.pacoteshyatt.com.br\/rio-de-janeiro\/catalogo\/"},{"@type":"ListItem","position":3,"name":"Red Week | Facial Revitalizante | 10% OFF"}]}]}},"_links":{"self":[{"href":"https:\/\/www.pacoteshyatt.com.br\/rio-de-janeiro\/wp-json\/wp\/v2\/product\/21473"}],"collection":[{"href":"https:\/\/www.pacoteshyatt.com.br\/rio-de-janeiro\/wp-json\/wp\/v2\/product"}],"about":[{"href":"https:\/\/www.pacoteshyatt.com.br\/rio-de-janeiro\/wp-json\/wp\/v2\/types\/product"}],"wp:featuredmedia":[{"embeddable":true,"href":"https:\/\/www.pacoteshyatt.com.br\/rio-de-janeiro\/wp-json\/wp\/v2\/media\/21553"}],"wp:attachment":[{"href":"https:\/\/www.pacoteshyatt.com.br\/rio-de-janeiro\/wp-json\/wp\/v2\/media?parent=21473"}],"wp:term":[{"taxonomy":"product_cat","embeddable":true,"href":"https:\/\/www.pacoteshyatt.com.br\/rio-de-janeiro\/wp-json\/wp\/v2\/product_cat?post=21473"},{"taxonomy":"product_tag","embeddable":true,"href":"https:\/\/www.pacoteshyatt.com.br\/rio-de-janeiro\/wp-json\/wp\/v2\/product_tag?post=21473"}],"curies":[{"name":"wp","href":"https:\/\/api.w.org\/{rel}","templated":true}]}}