{"id":21474,"date":"2025-11-10T18:29:07","date_gmt":"2025-11-10T21:29:07","guid":{"rendered":"https:\/\/www.pacoteshyatt.com.br\/rio-de-janeiro\/?post_type=product&#038;p=21474"},"modified":"2025-12-01T09:22:51","modified_gmt":"2025-12-01T12:22:51","slug":"red-week-facial-hidratante","status":"publish","type":"product","link":"https:\/\/www.pacoteshyatt.com.br\/rio-de-janeiro\/product\/red-week-facial-hidratante\/","title":{"rendered":"Red Week | Facial Hidratante | 10% OFF"},"content":{"rendered":"<p>&nbsp;<\/p>\n<p><strong><span class=\"ui-provider a b c d e f g h i j k l m n o p q r s t u v w x y z ab ac ae af ag ah ai aj ak\" dir=\"ltr\">Para conferir todas as ofertas de Red Week basta <a href=\"https:\/\/www.pacoteshyatt.com.br\/rio-de-janeiro\/black-november\/\">clicar aqui!<\/a><\/span><\/strong><\/p>\n<p><strong>Sess\u00e3o de Hidrata\u00e7\u00e3o facial<\/strong> e nutri\u00e7\u00e3o intensa de 50 min que promove o equil\u00edbrio h\u00eddrico da pele facial, fortalecendo o sistema natural de prote\u00e7\u00e3o cut\u00e2nea. Ideal para o p\u00f3s praia.<\/p>\n<p data-start=\"1179\" data-end=\"1487\">O resultado \u00e9 uma pele revitalizada, com textura sedosa e apar\u00eancia descansada \u2014 ideal para quem busca <strong data-start=\"1282\" data-end=\"1340\">recuperar o vigor ap\u00f3s o ver\u00e3o ou um dia de sol intenso<\/strong>. Essa <strong data-start=\"1347\" data-end=\"1378\">hidrata\u00e7\u00e3o facial p\u00f3s-praia<\/strong> tamb\u00e9m auxilia na reposi\u00e7\u00e3o do equil\u00edbrio h\u00eddrico, promovendo uma sensa\u00e7\u00e3o imediata de leveza e bem-estar.<\/p>\n<p data-start=\"1489\" data-end=\"1864\">Perfeito para todos os tipos de pele, o tratamento \u00e9 indicado para quem deseja restaurar a luminosidade, aliviar desconfortos e prevenir os sinais de desidrata\u00e7\u00e3o.<br data-start=\"1652\" data-end=\"1655\" \/>Em um ambiente calmo e elegante, com aromas suaves e atendimento personalizado, o <strong data-start=\"1737\" data-end=\"1781\">Atiaia Spa do Grand Hyatt Rio de Janeiro<\/strong> oferece um verdadeiro convite ao autocuidado e \u00e0 reconex\u00e3o com a pr\u00f3pria beleza.<\/p>\n<p>&nbsp;<\/p>\n<hr \/>\n<p><strong><span style=\"color: #bd2137\"><em><span class=\"ui-provider a b c d e f g h i j k l m n o p q r s t u v w x y z ab ac ae af ag ah ai aj ak\" dir=\"ltr\"><i>ESTE VOUCHER TEM VALIDADE DE 3 MESES, MEDIANTE AGENDAMENTO PR\u00c9VIO E DISPONIBILIDADE.<\/i><\/span><\/em><\/span><\/strong><\/p>\n<p><span style=\"color: #bd2137\"><i>Ap\u00f3s a compra, \u00e9 necess\u00e1rio realizar o agendamento atrav\u00e9s do Whatsapp: (21) 3797-9566<\/i><\/span><\/p>\n","protected":false},"excerpt":{"rendered":"<p>&nbsp; Para conferir todas as ofertas de Red Week basta clicar aqui! Sess\u00e3o de Hidrata\u00e7\u00e3o facial e nutri\u00e7\u00e3o intensa de 50 min que promove o equil\u00edbrio h\u00eddrico da pele facial, fortalecendo o sistema natural de prote\u00e7\u00e3o cut\u00e2nea. Ideal para o p\u00f3s praia. O resultado \u00e9 uma pele revitalizada, com textura sedosa e apar\u00eancia descansada \u2014 [&hellip;]<\/p>\n","protected":false},"featured_media":21552,"template":"","meta":{"_eb_attr":""},"product_cat":[19,84,80],"product_tag":[],"bundled_by":[],"bundle_stock_status":"outofstock","bundle_stock_quantity":null,"bundle_virtual":false,"bundle_layout":"","bundle_add_to_cart_form_location":"","bundle_editable_in_cart":false,"bundle_sold_individually_context":"","bundle_item_grouping":"","bundle_min_size":"","bundle_max_size":"","bundled_items":[],"yoast_head":"<!-- This site is optimized with the Yoast SEO plugin v18.4.1 - https:\/\/yoast.com\/wordpress\/plugins\/seo\/ -->\n<title>Red Week | Facial Hidratante | 10% OFF - Grand Hyatt Rio de Janeiro<\/title>\n<meta name=\"description\" content=\"A sess\u00e3o de Hidrata\u00e7\u00e3o Facial do Grand Hyatt Rio de Janeiro, nutre intensamente por 60 minutos, promovendo equil\u00edbrio h\u00eddrico para a pele. Vouchers aqui\" \/>\n<meta name=\"robots\" content=\"index, follow, max-snippet:-1, max-image-preview:large, max-video-preview:-1\" \/>\n<link rel=\"canonical\" href=\"https:\/\/www.pacoteshyatt.com.br\/rio-de-janeiro\/product\/red-week-facial-hidratante\/\" \/>\n<meta property=\"og:locale\" content=\"pt_BR\" \/>\n<meta property=\"og:type\" content=\"article\" \/>\n<meta property=\"og:title\" content=\"Red Week | Facial Hidratante | 10% OFF - Grand Hyatt Rio de Janeiro\" \/>\n<meta property=\"og:description\" content=\"A sess\u00e3o de Hidrata\u00e7\u00e3o Facial do Grand Hyatt Rio de Janeiro, nutre intensamente por 60 minutos, promovendo equil\u00edbrio h\u00eddrico para a pele. Vouchers aqui\" \/>\n<meta property=\"og:url\" content=\"https:\/\/www.pacoteshyatt.com.br\/rio-de-janeiro\/product\/red-week-facial-hidratante\/\" \/>\n<meta property=\"og:site_name\" content=\"GRAND HYATT RIO DE JANEIRO\" \/>\n<meta property=\"article:modified_time\" content=\"2025-12-01T12:22:51+00:00\" \/>\n<meta property=\"og:image\" content=\"https:\/\/www.pacoteshyatt.com.br\/rio-de-janeiro\/wp-content\/uploads\/sites\/2\/2025\/11\/GHRJ_RedWeek2025_ImagemOferta_308x200px_FacialHidratante_v1.png\" \/>\n\t<meta property=\"og:image:width\" content=\"308\" \/>\n\t<meta property=\"og:image:height\" content=\"200\" \/>\n\t<meta property=\"og:image:type\" content=\"image\/png\" \/>\n<meta name=\"twitter:card\" content=\"summary_large_image\" \/>\n<meta name=\"twitter:label1\" content=\"Est. tempo de leitura\" \/>\n\t<meta name=\"twitter:data1\" content=\"1 minuto\" \/>\n<script type=\"application\/ld+json\" class=\"yoast-schema-graph\">{\"@context\":\"https:\/\/schema.org\",\"@graph\":[{\"@type\":\"WebSite\",\"@id\":\"https:\/\/www.pacoteshyatt.com.br\/rio-de-janeiro\/#website\",\"url\":\"https:\/\/www.pacoteshyatt.com.br\/rio-de-janeiro\/\",\"name\":\"GRAND HYATT RIO DE JANEIRO\",\"description\":\"Um verdadeiro resort urbano na Barra da Tijuca!\",\"potentialAction\":[{\"@type\":\"SearchAction\",\"target\":{\"@type\":\"EntryPoint\",\"urlTemplate\":\"https:\/\/www.pacoteshyatt.com.br\/rio-de-janeiro\/?s={search_term_string}\"},\"query-input\":\"required name=search_term_string\"}],\"inLanguage\":\"pt-BR\"},{\"@type\":\"ImageObject\",\"@id\":\"https:\/\/www.pacoteshyatt.com.br\/rio-de-janeiro\/product\/red-week-facial-hidratante\/#primaryimage\",\"inLanguage\":\"pt-BR\",\"url\":\"https:\/\/www.pacoteshyatt.com.br\/rio-de-janeiro\/wp-content\/uploads\/sites\/2\/2025\/11\/GHRJ_RedWeek2025_ImagemOferta_308x200px_FacialHidratante_v1.png\",\"contentUrl\":\"https:\/\/www.pacoteshyatt.com.br\/rio-de-janeiro\/wp-content\/uploads\/sites\/2\/2025\/11\/GHRJ_RedWeek2025_ImagemOferta_308x200px_FacialHidratante_v1.png\",\"width\":308,\"height\":200},{\"@type\":\"WebPage\",\"@id\":\"https:\/\/www.pacoteshyatt.com.br\/rio-de-janeiro\/product\/red-week-facial-hidratante\/#webpage\",\"url\":\"https:\/\/www.pacoteshyatt.com.br\/rio-de-janeiro\/product\/red-week-facial-hidratante\/\",\"name\":\"Red Week | Facial Hidratante | 10% OFF - Grand Hyatt Rio de Janeiro\",\"isPartOf\":{\"@id\":\"https:\/\/www.pacoteshyatt.com.br\/rio-de-janeiro\/#website\"},\"primaryImageOfPage\":{\"@id\":\"https:\/\/www.pacoteshyatt.com.br\/rio-de-janeiro\/product\/red-week-facial-hidratante\/#primaryimage\"},\"datePublished\":\"2025-11-10T21:29:07+00:00\",\"dateModified\":\"2025-12-01T12:22:51+00:00\",\"description\":\"A sess\u00e3o de Hidrata\u00e7\u00e3o Facial do Grand Hyatt Rio de Janeiro, nutre intensamente por 60 minutos, promovendo equil\u00edbrio h\u00eddrico para a pele. Vouchers aqui\",\"breadcrumb\":{\"@id\":\"https:\/\/www.pacoteshyatt.com.br\/rio-de-janeiro\/product\/red-week-facial-hidratante\/#breadcrumb\"},\"inLanguage\":\"pt-BR\",\"potentialAction\":[{\"@type\":\"ReadAction\",\"target\":[\"https:\/\/www.pacoteshyatt.com.br\/rio-de-janeiro\/product\/red-week-facial-hidratante\/\"]}]},{\"@type\":\"BreadcrumbList\",\"@id\":\"https:\/\/www.pacoteshyatt.com.br\/rio-de-janeiro\/product\/red-week-facial-hidratante\/#breadcrumb\",\"itemListElement\":[{\"@type\":\"ListItem\",\"position\":1,\"name\":\"Home\",\"item\":\"https:\/\/www.pacoteshyatt.com.br\/rio-de-janeiro\/\"},{\"@type\":\"ListItem\",\"position\":2,\"name\":\"Cat\u00e1logo\",\"item\":\"https:\/\/www.pacoteshyatt.com.br\/rio-de-janeiro\/catalogo\/\"},{\"@type\":\"ListItem\",\"position\":3,\"name\":\"Red Week | Facial Hidratante | 10% OFF\"}]}]}<\/script>\n<!-- \/ Yoast SEO plugin. -->","yoast_head_json":{"title":"Red Week | Facial Hidratante | 10% OFF - Grand Hyatt Rio de Janeiro","description":"A sess\u00e3o de Hidrata\u00e7\u00e3o Facial do Grand Hyatt Rio de Janeiro, nutre intensamente por 60 minutos, promovendo equil\u00edbrio h\u00eddrico para a pele. Vouchers aqui","robots":{"index":"index","follow":"follow","max-snippet":"max-snippet:-1","max-image-preview":"max-image-preview:large","max-video-preview":"max-video-preview:-1"},"canonical":"https:\/\/www.pacoteshyatt.com.br\/rio-de-janeiro\/product\/red-week-facial-hidratante\/","og_locale":"pt_BR","og_type":"article","og_title":"Red Week | Facial Hidratante | 10% OFF - Grand Hyatt Rio de Janeiro","og_description":"A sess\u00e3o de Hidrata\u00e7\u00e3o Facial do Grand Hyatt Rio de Janeiro, nutre intensamente por 60 minutos, promovendo equil\u00edbrio h\u00eddrico para a pele. Vouchers aqui","og_url":"https:\/\/www.pacoteshyatt.com.br\/rio-de-janeiro\/product\/red-week-facial-hidratante\/","og_site_name":"GRAND HYATT RIO DE JANEIRO","article_modified_time":"2025-12-01T12:22:51+00:00","og_image":[{"width":308,"height":200,"url":"https:\/\/www.pacoteshyatt.com.br\/rio-de-janeiro\/wp-content\/uploads\/sites\/2\/2025\/11\/GHRJ_RedWeek2025_ImagemOferta_308x200px_FacialHidratante_v1.png","type":"image\/png"}],"twitter_card":"summary_large_image","twitter_misc":{"Est. tempo de leitura":"1 minuto"},"schema":{"@context":"https:\/\/schema.org","@graph":[{"@type":"WebSite","@id":"https:\/\/www.pacoteshyatt.com.br\/rio-de-janeiro\/#website","url":"https:\/\/www.pacoteshyatt.com.br\/rio-de-janeiro\/","name":"GRAND HYATT RIO DE JANEIRO","description":"Um verdadeiro resort urbano na Barra da Tijuca!","potentialAction":[{"@type":"SearchAction","target":{"@type":"EntryPoint","urlTemplate":"https:\/\/www.pacoteshyatt.com.br\/rio-de-janeiro\/?s={search_term_string}"},"query-input":"required name=search_term_string"}],"inLanguage":"pt-BR"},{"@type":"ImageObject","@id":"https:\/\/www.pacoteshyatt.com.br\/rio-de-janeiro\/product\/red-week-facial-hidratante\/#primaryimage","inLanguage":"pt-BR","url":"https:\/\/www.pacoteshyatt.com.br\/rio-de-janeiro\/wp-content\/uploads\/sites\/2\/2025\/11\/GHRJ_RedWeek2025_ImagemOferta_308x200px_FacialHidratante_v1.png","contentUrl":"https:\/\/www.pacoteshyatt.com.br\/rio-de-janeiro\/wp-content\/uploads\/sites\/2\/2025\/11\/GHRJ_RedWeek2025_ImagemOferta_308x200px_FacialHidratante_v1.png","width":308,"height":200},{"@type":"WebPage","@id":"https:\/\/www.pacoteshyatt.com.br\/rio-de-janeiro\/product\/red-week-facial-hidratante\/#webpage","url":"https:\/\/www.pacoteshyatt.com.br\/rio-de-janeiro\/product\/red-week-facial-hidratante\/","name":"Red Week | Facial Hidratante | 10% OFF - Grand Hyatt Rio de Janeiro","isPartOf":{"@id":"https:\/\/www.pacoteshyatt.com.br\/rio-de-janeiro\/#website"},"primaryImageOfPage":{"@id":"https:\/\/www.pacoteshyatt.com.br\/rio-de-janeiro\/product\/red-week-facial-hidratante\/#primaryimage"},"datePublished":"2025-11-10T21:29:07+00:00","dateModified":"2025-12-01T12:22:51+00:00","description":"A sess\u00e3o de Hidrata\u00e7\u00e3o Facial do Grand Hyatt Rio de Janeiro, nutre intensamente por 60 minutos, promovendo equil\u00edbrio h\u00eddrico para a pele. Vouchers aqui","breadcrumb":{"@id":"https:\/\/www.pacoteshyatt.com.br\/rio-de-janeiro\/product\/red-week-facial-hidratante\/#breadcrumb"},"inLanguage":"pt-BR","potentialAction":[{"@type":"ReadAction","target":["https:\/\/www.pacoteshyatt.com.br\/rio-de-janeiro\/product\/red-week-facial-hidratante\/"]}]},{"@type":"BreadcrumbList","@id":"https:\/\/www.pacoteshyatt.com.br\/rio-de-janeiro\/product\/red-week-facial-hidratante\/#breadcrumb","itemListElement":[{"@type":"ListItem","position":1,"name":"Home","item":"https:\/\/www.pacoteshyatt.com.br\/rio-de-janeiro\/"},{"@type":"ListItem","position":2,"name":"Cat\u00e1logo","item":"https:\/\/www.pacoteshyatt.com.br\/rio-de-janeiro\/catalogo\/"},{"@type":"ListItem","position":3,"name":"Red Week | Facial Hidratante | 10% OFF"}]}]}},"_links":{"self":[{"href":"https:\/\/www.pacoteshyatt.com.br\/rio-de-janeiro\/wp-json\/wp\/v2\/product\/21474"}],"collection":[{"href":"https:\/\/www.pacoteshyatt.com.br\/rio-de-janeiro\/wp-json\/wp\/v2\/product"}],"about":[{"href":"https:\/\/www.pacoteshyatt.com.br\/rio-de-janeiro\/wp-json\/wp\/v2\/types\/product"}],"wp:featuredmedia":[{"embeddable":true,"href":"https:\/\/www.pacoteshyatt.com.br\/rio-de-janeiro\/wp-json\/wp\/v2\/media\/21552"}],"wp:attachment":[{"href":"https:\/\/www.pacoteshyatt.com.br\/rio-de-janeiro\/wp-json\/wp\/v2\/media?parent=21474"}],"wp:term":[{"taxonomy":"product_cat","embeddable":true,"href":"https:\/\/www.pacoteshyatt.com.br\/rio-de-janeiro\/wp-json\/wp\/v2\/product_cat?post=21474"},{"taxonomy":"product_tag","embeddable":true,"href":"https:\/\/www.pacoteshyatt.com.br\/rio-de-janeiro\/wp-json\/wp\/v2\/product_tag?post=21474"}],"curies":[{"name":"wp","href":"https:\/\/api.w.org\/{rel}","templated":true}]}}