{"id":22443,"date":"2026-02-02T10:48:10","date_gmt":"2026-02-02T13:48:10","guid":{"rendered":"https:\/\/www.pacoteshyatt.com.br\/rio-de-janeiro\/?post_type=product&#038;p=22443"},"modified":"2026-03-03T11:27:54","modified_gmt":"2026-03-03T14:27:54","slug":"feijoada-das-campeas-canto","status":"publish","type":"product","link":"https:\/\/www.pacoteshyatt.com.br\/rio-de-janeiro\/product\/feijoada-das-campeas-canto\/","title":{"rendered":"21\/02 | Feijoada das Campe\u00e3s | Cant\u00f4"},"content":{"rendered":"<p class=\"text-text-100 mt-3 -mb-1 text-[1.375rem] font-bold\"><strong>\u00a0Feijoada das Campe\u00e3s no Grand Hyatt Rio: Celebra\u00e7\u00e3o P\u00f3s-Carnaval com Samba e Divers\u00e3o<\/strong><\/p>\n<p>O sabor da vit\u00f3ria invade a Feijoada de carnaval, celebra\u00e7\u00e3o do Grand Hyatt Rio de Janeiro!<\/p>\n<div>No dia <strong>21 de fevereiro<\/strong>, das <strong>13h \u00e0s 16h<\/strong>, celebramos o clima das campe\u00e3s do Carnaval com uma edi\u00e7\u00e3o ainda mais especial da tradicional Feijoada de S\u00e1bado!<\/div>\n<p>Desfrute de um buffet completo com esta\u00e7\u00e3o de massas e esta\u00e7\u00e3o de boteco, al\u00e9m de\u00a0<strong>soft drinks, chopp, caipirinhas e caipiroskas liberados<\/strong> durante todo o evento.<\/p>\n<div>Para completar esta experi\u00eancia \u00fanica de <strong>feijoada das campe\u00e3s<\/strong>, uma aut\u00eantica <strong>roda de samba ao vivo<\/strong> acompanhada pela presen\u00e7a vibrante das passistas garante intera\u00e7\u00e3o, fotos memor\u00e1veis e muita anima\u00e7\u00e3o durante toda a tarde!<\/div>\n<div><\/div>\n<p><span style=\"color: #bd2137\"><br \/>\nConfirme a sua reserva de mesa atrav\u00e9s do telefone<\/span><span style=\"color: #bd2137\">\u00a0<strong><em>21 3797-9524<\/em><\/strong> ou email <em><strong>RIOGH-hostesses@hyatt.com<\/strong><\/em>.\u00a0<\/span><\/p>\n<div>\n<p><strong>Cada voucher gerado \u00e9 v\u00e1lido para 1 pessoa, e deve ser utilizado somente no s\u00e1bado, 21\/02, das 13h \u00e0s 16h<\/strong><\/p>\n<\/div>\n<p class=\"font-claude-response-body break-words whitespace-normal leading-[1.7]\"><strong>Informa\u00e7\u00f5es importantes:<\/strong><\/p>\n<ul class=\"[li_&amp;]:mb-0 [li_&amp;]:mt-1 [li_&amp;]:gap-1 [&amp;:not(:last-child)_ul]:pb-1 [&amp;:not(:last-child)_ol]:pb-1 list-disc flex flex-col gap-1 pl-8 mb-3\">\n<li class=\"whitespace-normal break-words pl-2\"><strong>Data:<\/strong> S\u00e1bado, 21 de fevereiro de 2025<\/li>\n<li class=\"whitespace-normal break-words pl-2\"><strong>Hor\u00e1rio:<\/strong> 13h \u00e0s 16h<\/li>\n<li class=\"whitespace-normal break-words pl-2\"><strong>Local:<\/strong> Grand Hyatt Rio de Janeiro<\/li>\n<li class=\"whitespace-normal break-words pl-2\">Cada voucher \u00e9 v\u00e1lido para 1 pessoa<\/li>\n<li class=\"whitespace-normal break-words pl-2\">V\u00e1lido exclusivamente para o dia 21\/02, das 13h \u00e0s 16h<\/li>\n<li><strong>Valores: <\/strong>Adulto R$330 \/ Adolescente (13 a 17 anos) R$247,5 \/ Crian\u00e7a (6 a 12 anos) R$165 \/ Crian\u00e7a (0 a 5 anos) R$50<\/li>\n<\/ul>\n<p class=\"font-claude-response-body break-words whitespace-normal leading-[1.7]\">N\u00e3o perca a oportunidade de viver essa experi\u00eancia gastron\u00f4mica e cultural completa no cora\u00e7\u00e3o da Barra da Tijuca<\/p>\n","protected":false},"excerpt":{"rendered":"<p>\u00a0Feijoada das Campe\u00e3s no Grand Hyatt Rio: Celebra\u00e7\u00e3o P\u00f3s-Carnaval com Samba e Divers\u00e3o O sabor da vit\u00f3ria invade a Feijoada de carnaval, celebra\u00e7\u00e3o do Grand Hyatt Rio de Janeiro! No dia 21 de fevereiro, das 13h \u00e0s 16h, celebramos o clima das campe\u00e3s do Carnaval com uma edi\u00e7\u00e3o ainda mais especial da tradicional Feijoada de [&hellip;]<\/p>\n","protected":false},"featured_media":5241,"template":"","meta":{"_eb_attr":""},"product_cat":[135,20,69,56,68,70],"product_tag":[],"bundled_by":[],"bundle_stock_status":"outofstock","bundle_stock_quantity":0,"bundle_virtual":false,"bundle_layout":"","bundle_add_to_cart_form_location":"","bundle_editable_in_cart":false,"bundle_sold_individually_context":"","bundle_item_grouping":"","bundle_min_size":"","bundle_max_size":"","bundled_items":[],"yoast_head":"<!-- This site is optimized with the Yoast SEO plugin v18.4.1 - https:\/\/yoast.com\/wordpress\/plugins\/seo\/ -->\n<title>Feijoada das Campe\u00e3s de Carnaval: (21\/02) - Grand Hyatt RJ<\/title>\n<meta name=\"description\" content=\"Feijoada de s\u00e1bado com chopp e caipirinhas liberados, samba ao vivo e show de passistas para comemorar a vit\u00f3ria das campe\u00e3s do Carnaval 2026. Reserve j\u00e1!\" \/>\n<meta name=\"robots\" content=\"index, follow, max-snippet:-1, max-image-preview:large, max-video-preview:-1\" \/>\n<link rel=\"canonical\" href=\"https:\/\/www.pacoteshyatt.com.br\/rio-de-janeiro\/product\/feijoada-das-campeas-canto\/\" \/>\n<meta property=\"og:locale\" content=\"pt_BR\" \/>\n<meta property=\"og:type\" content=\"article\" \/>\n<meta property=\"og:title\" content=\"Feijoada das Campe\u00e3s de Carnaval: (21\/02) - Grand Hyatt RJ\" \/>\n<meta property=\"og:description\" content=\"Feijoada de s\u00e1bado com chopp e caipirinhas liberados, samba ao vivo e show de passistas para comemorar a vit\u00f3ria das campe\u00e3s do Carnaval 2026. Reserve j\u00e1!\" \/>\n<meta property=\"og:url\" content=\"https:\/\/www.pacoteshyatt.com.br\/rio-de-janeiro\/product\/feijoada-das-campeas-canto\/\" \/>\n<meta property=\"og:site_name\" content=\"GRAND HYATT RIO DE JANEIRO\" \/>\n<meta property=\"article:modified_time\" content=\"2026-03-03T14:27:54+00:00\" \/>\n<meta property=\"og:image\" content=\"https:\/\/www.pacoteshyatt.com.br\/rio-de-janeiro\/wp-content\/uploads\/sites\/2\/2022\/02\/feijoada-carnaval_308x200.jpg\" \/>\n\t<meta property=\"og:image:width\" content=\"308\" \/>\n\t<meta property=\"og:image:height\" content=\"200\" \/>\n\t<meta property=\"og:image:type\" content=\"image\/jpeg\" \/>\n<meta name=\"twitter:card\" content=\"summary_large_image\" \/>\n<meta name=\"twitter:label1\" content=\"Est. tempo de leitura\" \/>\n\t<meta name=\"twitter:data1\" content=\"2 minutos\" \/>\n<script type=\"application\/ld+json\" class=\"yoast-schema-graph\">{\"@context\":\"https:\/\/schema.org\",\"@graph\":[{\"@type\":\"WebSite\",\"@id\":\"https:\/\/www.pacoteshyatt.com.br\/rio-de-janeiro\/#website\",\"url\":\"https:\/\/www.pacoteshyatt.com.br\/rio-de-janeiro\/\",\"name\":\"GRAND HYATT RIO DE JANEIRO\",\"description\":\"Um verdadeiro resort urbano na Barra da Tijuca!\",\"potentialAction\":[{\"@type\":\"SearchAction\",\"target\":{\"@type\":\"EntryPoint\",\"urlTemplate\":\"https:\/\/www.pacoteshyatt.com.br\/rio-de-janeiro\/?s={search_term_string}\"},\"query-input\":\"required name=search_term_string\"}],\"inLanguage\":\"pt-BR\"},{\"@type\":\"ImageObject\",\"@id\":\"https:\/\/www.pacoteshyatt.com.br\/rio-de-janeiro\/product\/feijoada-das-campeas-canto\/#primaryimage\",\"inLanguage\":\"pt-BR\",\"url\":\"https:\/\/www.pacoteshyatt.com.br\/rio-de-janeiro\/wp-content\/uploads\/sites\/2\/2022\/02\/feijoada-carnaval_308x200.jpg\",\"contentUrl\":\"https:\/\/www.pacoteshyatt.com.br\/rio-de-janeiro\/wp-content\/uploads\/sites\/2\/2022\/02\/feijoada-carnaval_308x200.jpg\",\"width\":308,\"height\":200,\"caption\":\"feijoda das campe\u00e3s de Carnaval 2026\"},{\"@type\":\"WebPage\",\"@id\":\"https:\/\/www.pacoteshyatt.com.br\/rio-de-janeiro\/product\/feijoada-das-campeas-canto\/#webpage\",\"url\":\"https:\/\/www.pacoteshyatt.com.br\/rio-de-janeiro\/product\/feijoada-das-campeas-canto\/\",\"name\":\"Feijoada das Campe\u00e3s de Carnaval: (21\/02) - Grand Hyatt RJ\",\"isPartOf\":{\"@id\":\"https:\/\/www.pacoteshyatt.com.br\/rio-de-janeiro\/#website\"},\"primaryImageOfPage\":{\"@id\":\"https:\/\/www.pacoteshyatt.com.br\/rio-de-janeiro\/product\/feijoada-das-campeas-canto\/#primaryimage\"},\"datePublished\":\"2026-02-02T13:48:10+00:00\",\"dateModified\":\"2026-03-03T14:27:54+00:00\",\"description\":\"Feijoada de s\u00e1bado com chopp e caipirinhas liberados, samba ao vivo e show de passistas para comemorar a vit\u00f3ria das campe\u00e3s do Carnaval 2026. Reserve j\u00e1!\",\"breadcrumb\":{\"@id\":\"https:\/\/www.pacoteshyatt.com.br\/rio-de-janeiro\/product\/feijoada-das-campeas-canto\/#breadcrumb\"},\"inLanguage\":\"pt-BR\",\"potentialAction\":[{\"@type\":\"ReadAction\",\"target\":[\"https:\/\/www.pacoteshyatt.com.br\/rio-de-janeiro\/product\/feijoada-das-campeas-canto\/\"]}]},{\"@type\":\"BreadcrumbList\",\"@id\":\"https:\/\/www.pacoteshyatt.com.br\/rio-de-janeiro\/product\/feijoada-das-campeas-canto\/#breadcrumb\",\"itemListElement\":[{\"@type\":\"ListItem\",\"position\":1,\"name\":\"Home\",\"item\":\"https:\/\/www.pacoteshyatt.com.br\/rio-de-janeiro\/\"},{\"@type\":\"ListItem\",\"position\":2,\"name\":\"Cat\u00e1logo\",\"item\":\"https:\/\/www.pacoteshyatt.com.br\/rio-de-janeiro\/catalogo\/\"},{\"@type\":\"ListItem\",\"position\":3,\"name\":\"21\/02 | Feijoada das Campe\u00e3s | Cant\u00f4\"}]}]}<\/script>\n<!-- \/ Yoast SEO plugin. -->","yoast_head_json":{"title":"Feijoada das Campe\u00e3s de Carnaval: (21\/02) - Grand Hyatt RJ","description":"Feijoada de s\u00e1bado com chopp e caipirinhas liberados, samba ao vivo e show de passistas para comemorar a vit\u00f3ria das campe\u00e3s do Carnaval 2026. Reserve j\u00e1!","robots":{"index":"index","follow":"follow","max-snippet":"max-snippet:-1","max-image-preview":"max-image-preview:large","max-video-preview":"max-video-preview:-1"},"canonical":"https:\/\/www.pacoteshyatt.com.br\/rio-de-janeiro\/product\/feijoada-das-campeas-canto\/","og_locale":"pt_BR","og_type":"article","og_title":"Feijoada das Campe\u00e3s de Carnaval: (21\/02) - Grand Hyatt RJ","og_description":"Feijoada de s\u00e1bado com chopp e caipirinhas liberados, samba ao vivo e show de passistas para comemorar a vit\u00f3ria das campe\u00e3s do Carnaval 2026. Reserve j\u00e1!","og_url":"https:\/\/www.pacoteshyatt.com.br\/rio-de-janeiro\/product\/feijoada-das-campeas-canto\/","og_site_name":"GRAND HYATT RIO DE JANEIRO","article_modified_time":"2026-03-03T14:27:54+00:00","og_image":[{"width":308,"height":200,"url":"https:\/\/www.pacoteshyatt.com.br\/rio-de-janeiro\/wp-content\/uploads\/sites\/2\/2022\/02\/feijoada-carnaval_308x200.jpg","type":"image\/jpeg"}],"twitter_card":"summary_large_image","twitter_misc":{"Est. tempo de leitura":"2 minutos"},"schema":{"@context":"https:\/\/schema.org","@graph":[{"@type":"WebSite","@id":"https:\/\/www.pacoteshyatt.com.br\/rio-de-janeiro\/#website","url":"https:\/\/www.pacoteshyatt.com.br\/rio-de-janeiro\/","name":"GRAND HYATT RIO DE JANEIRO","description":"Um verdadeiro resort urbano na Barra da Tijuca!","potentialAction":[{"@type":"SearchAction","target":{"@type":"EntryPoint","urlTemplate":"https:\/\/www.pacoteshyatt.com.br\/rio-de-janeiro\/?s={search_term_string}"},"query-input":"required name=search_term_string"}],"inLanguage":"pt-BR"},{"@type":"ImageObject","@id":"https:\/\/www.pacoteshyatt.com.br\/rio-de-janeiro\/product\/feijoada-das-campeas-canto\/#primaryimage","inLanguage":"pt-BR","url":"https:\/\/www.pacoteshyatt.com.br\/rio-de-janeiro\/wp-content\/uploads\/sites\/2\/2022\/02\/feijoada-carnaval_308x200.jpg","contentUrl":"https:\/\/www.pacoteshyatt.com.br\/rio-de-janeiro\/wp-content\/uploads\/sites\/2\/2022\/02\/feijoada-carnaval_308x200.jpg","width":308,"height":200,"caption":"feijoda das campe\u00e3s de Carnaval 2026"},{"@type":"WebPage","@id":"https:\/\/www.pacoteshyatt.com.br\/rio-de-janeiro\/product\/feijoada-das-campeas-canto\/#webpage","url":"https:\/\/www.pacoteshyatt.com.br\/rio-de-janeiro\/product\/feijoada-das-campeas-canto\/","name":"Feijoada das Campe\u00e3s de Carnaval: (21\/02) - Grand Hyatt RJ","isPartOf":{"@id":"https:\/\/www.pacoteshyatt.com.br\/rio-de-janeiro\/#website"},"primaryImageOfPage":{"@id":"https:\/\/www.pacoteshyatt.com.br\/rio-de-janeiro\/product\/feijoada-das-campeas-canto\/#primaryimage"},"datePublished":"2026-02-02T13:48:10+00:00","dateModified":"2026-03-03T14:27:54+00:00","description":"Feijoada de s\u00e1bado com chopp e caipirinhas liberados, samba ao vivo e show de passistas para comemorar a vit\u00f3ria das campe\u00e3s do Carnaval 2026. Reserve j\u00e1!","breadcrumb":{"@id":"https:\/\/www.pacoteshyatt.com.br\/rio-de-janeiro\/product\/feijoada-das-campeas-canto\/#breadcrumb"},"inLanguage":"pt-BR","potentialAction":[{"@type":"ReadAction","target":["https:\/\/www.pacoteshyatt.com.br\/rio-de-janeiro\/product\/feijoada-das-campeas-canto\/"]}]},{"@type":"BreadcrumbList","@id":"https:\/\/www.pacoteshyatt.com.br\/rio-de-janeiro\/product\/feijoada-das-campeas-canto\/#breadcrumb","itemListElement":[{"@type":"ListItem","position":1,"name":"Home","item":"https:\/\/www.pacoteshyatt.com.br\/rio-de-janeiro\/"},{"@type":"ListItem","position":2,"name":"Cat\u00e1logo","item":"https:\/\/www.pacoteshyatt.com.br\/rio-de-janeiro\/catalogo\/"},{"@type":"ListItem","position":3,"name":"21\/02 | Feijoada das Campe\u00e3s | Cant\u00f4"}]}]}},"_links":{"self":[{"href":"https:\/\/www.pacoteshyatt.com.br\/rio-de-janeiro\/wp-json\/wp\/v2\/product\/22443"}],"collection":[{"href":"https:\/\/www.pacoteshyatt.com.br\/rio-de-janeiro\/wp-json\/wp\/v2\/product"}],"about":[{"href":"https:\/\/www.pacoteshyatt.com.br\/rio-de-janeiro\/wp-json\/wp\/v2\/types\/product"}],"wp:featuredmedia":[{"embeddable":true,"href":"https:\/\/www.pacoteshyatt.com.br\/rio-de-janeiro\/wp-json\/wp\/v2\/media\/5241"}],"wp:attachment":[{"href":"https:\/\/www.pacoteshyatt.com.br\/rio-de-janeiro\/wp-json\/wp\/v2\/media?parent=22443"}],"wp:term":[{"taxonomy":"product_cat","embeddable":true,"href":"https:\/\/www.pacoteshyatt.com.br\/rio-de-janeiro\/wp-json\/wp\/v2\/product_cat?post=22443"},{"taxonomy":"product_tag","embeddable":true,"href":"https:\/\/www.pacoteshyatt.com.br\/rio-de-janeiro\/wp-json\/wp\/v2\/product_tag?post=22443"}],"curies":[{"name":"wp","href":"https:\/\/api.w.org\/{rel}","templated":true}]}}