{"id":2278,"date":"2021-02-09T15:16:12","date_gmt":"2021-02-09T18:16:12","guid":{"rendered":"https:\/\/www.pacoteshyatt.com.br\/rio-de-janeiro\/?post_type=product&#038;p=2278"},"modified":"2026-01-23T17:41:32","modified_gmt":"2026-01-23T20:41:32","slug":"day-use-piscina-final-de-semana-e-feriado","status":"publish","type":"product","link":"https:\/\/www.pacoteshyatt.com.br\/rio-de-janeiro\/product\/day-use-piscina-final-de-semana-e-feriado\/","title":{"rendered":"Day Use Piscina | Final de semana e feriado"},"content":{"rendered":"<p data-start=\"250\" data-end=\"315\">Que tal transformar um dia comum em uma experi\u00eancia inesquec\u00edvel?<\/p>\n<p data-start=\"317\" data-end=\"569\">Com o <strong data-start=\"323\" data-end=\"342\">Day Use Piscina<\/strong>, voc\u00ea tem acesso exclusivo \u00e0 deslumbrante \u00e1rea da piscina do hotel, com toda a sofistica\u00e7\u00e3o, conforto e hospitalidade que o Grand Hyatt Rio de Janeiro oferece.<\/p>\n<p data-start=\"571\" data-end=\"758\">Ideal para quem mora no Rio ou est\u00e1 de passagem pela Barra da Tijuca, essa experi\u00eancia \u00e9 perfeita para relaxar, recarregar as energias e curtir momentos \u00fanicos em um cen\u00e1rio paradis\u00edaco.<\/p>\n<p data-start=\"760\" data-end=\"793\"><strong data-start=\"760\" data-end=\"793\">O que esperar do seu Day Use*:<\/strong><\/p>\n<ul data-start=\"794\" data-end=\"1008\">\n<li data-start=\"794\" data-end=\"847\">\n<p data-start=\"796\" data-end=\"847\">Acesso \u00e0 piscina em ambiente exclusivo e elegante<\/p>\n<\/li>\n<li data-start=\"848\" data-end=\"897\">\n<p data-start=\"850\" data-end=\"897\">Saunas seca e \u00e0 vapor do Atiaia Spa<\/p>\n<\/li>\n<li data-start=\"898\" data-end=\"944\">\n<p data-start=\"900\" data-end=\"944\">Servi\u00e7o de praia com guarda-sol e espregui\u00e7adeira na areia<\/p>\n<\/li>\n<li data-start=\"945\" data-end=\"1008\">\n<p data-start=\"947\" data-end=\"1008\">Desconto de 20% nos tratamentos do Atiaia Spa<\/p>\n<\/li>\n<\/ul>\n<p>&nbsp;<\/p>\n<p data-start=\"1010\" data-end=\"1145\">Permita-se desacelerar e viver um dia especial. Reserve agora e descubra como \u00e9 passar o dia em um dos hot\u00e9is mais prestigiados do Rio.<\/p>\n<p data-start=\"1010\" data-end=\"1145\">*Confira as condi\u00e7\u00f5es na aba &#8220;Benef\u00edcios do Day Use&#8221; abaixo<\/p>\n<p><strong>\u00a0<\/strong><\/p>\n<p><strong><span style=\"color: #bd2137\"><em><span class=\"ui-provider a b c d e f g h i j k l m n o p q r s t u v w x y z ab ac ae af ag ah ai aj ak\" dir=\"ltr\"><i>ESTE VOUCHER TEM VALIDADE DE 3 MESES, MEDIANTE AGENDAMENTO PR\u00c9VIO E DISPONIBILIDADE.<br \/>\n<\/i><\/span><\/em><\/span><\/strong><\/p>\n<p><strong><i>AP\u00d3S A COMPRA, \u00c9 NECESS\u00c1RIO REALIZAR O AGENDAMENTO ATRAV\u00c9S DO WHATSAPP: (21) 3797-9566<\/i><\/strong><\/p>\n<p><strong>\u00a0<\/strong><\/p>\n","protected":false},"excerpt":{"rendered":"<p>Viva a experi\u00eancia de\u00a0um dia na piscina no Grand Hyatt Rio de Janeiro.<\/p>\n","protected":false},"featured_media":17515,"template":"","meta":{"_eb_attr":""},"product_cat":[19,21,68,71],"product_tag":[],"bundled_by":[],"bundle_stock_status":"instock","bundle_stock_quantity":null,"bundle_virtual":false,"bundle_layout":"","bundle_add_to_cart_form_location":"","bundle_editable_in_cart":false,"bundle_sold_individually_context":"","bundle_item_grouping":"","bundle_min_size":"","bundle_max_size":"","bundled_items":[],"yoast_head":"<!-- This site is optimized with the Yoast SEO plugin v18.4.1 - https:\/\/yoast.com\/wordpress\/plugins\/seo\/ -->\n<title>Day Use de Piscina | Final de semana e feriado - Pacotes Hyatt RJ<\/title>\n<meta name=\"description\" content=\"Aproveite um fim de semana com a piscina do Grand Hyatt Rio de Janeiro! O day use de piscina \u00e9 a oportunidade para curtir um dia no resort!\" \/>\n<meta name=\"robots\" content=\"index, follow, max-snippet:-1, max-image-preview:large, max-video-preview:-1\" \/>\n<link rel=\"canonical\" href=\"https:\/\/www.pacoteshyatt.com.br\/rio-de-janeiro\/product\/day-use-piscina-final-de-semana-e-feriado\/\" \/>\n<meta property=\"og:locale\" content=\"pt_BR\" \/>\n<meta property=\"og:type\" content=\"article\" \/>\n<meta property=\"og:title\" content=\"Day Use de Piscina | Final de semana e feriado - Pacotes Hyatt RJ\" \/>\n<meta property=\"og:description\" content=\"Aproveite um fim de semana com a piscina do Grand Hyatt Rio de Janeiro! O day use de piscina \u00e9 a oportunidade para curtir um dia no resort!\" \/>\n<meta property=\"og:url\" content=\"https:\/\/www.pacoteshyatt.com.br\/rio-de-janeiro\/product\/day-use-piscina-final-de-semana-e-feriado\/\" \/>\n<meta property=\"og:site_name\" content=\"GRAND HYATT RIO DE JANEIRO\" \/>\n<meta property=\"article:modified_time\" content=\"2026-01-23T20:41:32+00:00\" \/>\n<meta property=\"og:image\" content=\"https:\/\/www.pacoteshyatt.com.br\/rio-de-janeiro\/wp-content\/uploads\/sites\/2\/2021\/02\/308x200.png\" \/>\n\t<meta property=\"og:image:width\" content=\"308\" \/>\n\t<meta property=\"og:image:height\" content=\"200\" \/>\n\t<meta property=\"og:image:type\" content=\"image\/png\" \/>\n<meta name=\"twitter:card\" content=\"summary_large_image\" \/>\n<meta name=\"twitter:label1\" content=\"Est. tempo de leitura\" \/>\n\t<meta name=\"twitter:data1\" content=\"1 minuto\" \/>\n<script type=\"application\/ld+json\" class=\"yoast-schema-graph\">{\"@context\":\"https:\/\/schema.org\",\"@graph\":[{\"@type\":\"WebSite\",\"@id\":\"https:\/\/www.pacoteshyatt.com.br\/rio-de-janeiro\/#website\",\"url\":\"https:\/\/www.pacoteshyatt.com.br\/rio-de-janeiro\/\",\"name\":\"GRAND HYATT RIO DE JANEIRO\",\"description\":\"Um verdadeiro resort urbano na Barra da Tijuca!\",\"potentialAction\":[{\"@type\":\"SearchAction\",\"target\":{\"@type\":\"EntryPoint\",\"urlTemplate\":\"https:\/\/www.pacoteshyatt.com.br\/rio-de-janeiro\/?s={search_term_string}\"},\"query-input\":\"required name=search_term_string\"}],\"inLanguage\":\"pt-BR\"},{\"@type\":\"ImageObject\",\"@id\":\"https:\/\/www.pacoteshyatt.com.br\/rio-de-janeiro\/product\/day-use-piscina-final-de-semana-e-feriado\/#primaryimage\",\"inLanguage\":\"pt-BR\",\"url\":\"https:\/\/www.pacoteshyatt.com.br\/rio-de-janeiro\/wp-content\/uploads\/sites\/2\/2021\/02\/308x200.png\",\"contentUrl\":\"https:\/\/www.pacoteshyatt.com.br\/rio-de-janeiro\/wp-content\/uploads\/sites\/2\/2021\/02\/308x200.png\",\"width\":308,\"height\":200,\"caption\":\"Vista do Grand Hyatt Rio de Janeiro\"},{\"@type\":\"WebPage\",\"@id\":\"https:\/\/www.pacoteshyatt.com.br\/rio-de-janeiro\/product\/day-use-piscina-final-de-semana-e-feriado\/#webpage\",\"url\":\"https:\/\/www.pacoteshyatt.com.br\/rio-de-janeiro\/product\/day-use-piscina-final-de-semana-e-feriado\/\",\"name\":\"Day Use de Piscina | Final de semana e feriado - Pacotes Hyatt RJ\",\"isPartOf\":{\"@id\":\"https:\/\/www.pacoteshyatt.com.br\/rio-de-janeiro\/#website\"},\"primaryImageOfPage\":{\"@id\":\"https:\/\/www.pacoteshyatt.com.br\/rio-de-janeiro\/product\/day-use-piscina-final-de-semana-e-feriado\/#primaryimage\"},\"datePublished\":\"2021-02-09T18:16:12+00:00\",\"dateModified\":\"2026-01-23T20:41:32+00:00\",\"description\":\"Aproveite um fim de semana com a piscina do Grand Hyatt Rio de Janeiro! O day use de piscina \u00e9 a oportunidade para curtir um dia no resort!\",\"breadcrumb\":{\"@id\":\"https:\/\/www.pacoteshyatt.com.br\/rio-de-janeiro\/product\/day-use-piscina-final-de-semana-e-feriado\/#breadcrumb\"},\"inLanguage\":\"pt-BR\",\"potentialAction\":[{\"@type\":\"ReadAction\",\"target\":[\"https:\/\/www.pacoteshyatt.com.br\/rio-de-janeiro\/product\/day-use-piscina-final-de-semana-e-feriado\/\"]}]},{\"@type\":\"BreadcrumbList\",\"@id\":\"https:\/\/www.pacoteshyatt.com.br\/rio-de-janeiro\/product\/day-use-piscina-final-de-semana-e-feriado\/#breadcrumb\",\"itemListElement\":[{\"@type\":\"ListItem\",\"position\":1,\"name\":\"Home\",\"item\":\"https:\/\/www.pacoteshyatt.com.br\/rio-de-janeiro\/\"},{\"@type\":\"ListItem\",\"position\":2,\"name\":\"Cat\u00e1logo\",\"item\":\"https:\/\/www.pacoteshyatt.com.br\/rio-de-janeiro\/catalogo\/\"},{\"@type\":\"ListItem\",\"position\":3,\"name\":\"Day Use Piscina | Final de semana e feriado\"}]}]}<\/script>\n<!-- \/ Yoast SEO plugin. -->","yoast_head_json":{"title":"Day Use de Piscina | Final de semana e feriado - Pacotes Hyatt RJ","description":"Aproveite um fim de semana com a piscina do Grand Hyatt Rio de Janeiro! O day use de piscina \u00e9 a oportunidade para curtir um dia no resort!","robots":{"index":"index","follow":"follow","max-snippet":"max-snippet:-1","max-image-preview":"max-image-preview:large","max-video-preview":"max-video-preview:-1"},"canonical":"https:\/\/www.pacoteshyatt.com.br\/rio-de-janeiro\/product\/day-use-piscina-final-de-semana-e-feriado\/","og_locale":"pt_BR","og_type":"article","og_title":"Day Use de Piscina | Final de semana e feriado - Pacotes Hyatt RJ","og_description":"Aproveite um fim de semana com a piscina do Grand Hyatt Rio de Janeiro! O day use de piscina \u00e9 a oportunidade para curtir um dia no resort!","og_url":"https:\/\/www.pacoteshyatt.com.br\/rio-de-janeiro\/product\/day-use-piscina-final-de-semana-e-feriado\/","og_site_name":"GRAND HYATT RIO DE JANEIRO","article_modified_time":"2026-01-23T20:41:32+00:00","og_image":[{"width":308,"height":200,"url":"https:\/\/www.pacoteshyatt.com.br\/rio-de-janeiro\/wp-content\/uploads\/sites\/2\/2021\/02\/308x200.png","type":"image\/png"}],"twitter_card":"summary_large_image","twitter_misc":{"Est. tempo de leitura":"1 minuto"},"schema":{"@context":"https:\/\/schema.org","@graph":[{"@type":"WebSite","@id":"https:\/\/www.pacoteshyatt.com.br\/rio-de-janeiro\/#website","url":"https:\/\/www.pacoteshyatt.com.br\/rio-de-janeiro\/","name":"GRAND HYATT RIO DE JANEIRO","description":"Um verdadeiro resort urbano na Barra da Tijuca!","potentialAction":[{"@type":"SearchAction","target":{"@type":"EntryPoint","urlTemplate":"https:\/\/www.pacoteshyatt.com.br\/rio-de-janeiro\/?s={search_term_string}"},"query-input":"required name=search_term_string"}],"inLanguage":"pt-BR"},{"@type":"ImageObject","@id":"https:\/\/www.pacoteshyatt.com.br\/rio-de-janeiro\/product\/day-use-piscina-final-de-semana-e-feriado\/#primaryimage","inLanguage":"pt-BR","url":"https:\/\/www.pacoteshyatt.com.br\/rio-de-janeiro\/wp-content\/uploads\/sites\/2\/2021\/02\/308x200.png","contentUrl":"https:\/\/www.pacoteshyatt.com.br\/rio-de-janeiro\/wp-content\/uploads\/sites\/2\/2021\/02\/308x200.png","width":308,"height":200,"caption":"Vista do Grand Hyatt Rio de Janeiro"},{"@type":"WebPage","@id":"https:\/\/www.pacoteshyatt.com.br\/rio-de-janeiro\/product\/day-use-piscina-final-de-semana-e-feriado\/#webpage","url":"https:\/\/www.pacoteshyatt.com.br\/rio-de-janeiro\/product\/day-use-piscina-final-de-semana-e-feriado\/","name":"Day Use de Piscina | Final de semana e feriado - Pacotes Hyatt RJ","isPartOf":{"@id":"https:\/\/www.pacoteshyatt.com.br\/rio-de-janeiro\/#website"},"primaryImageOfPage":{"@id":"https:\/\/www.pacoteshyatt.com.br\/rio-de-janeiro\/product\/day-use-piscina-final-de-semana-e-feriado\/#primaryimage"},"datePublished":"2021-02-09T18:16:12+00:00","dateModified":"2026-01-23T20:41:32+00:00","description":"Aproveite um fim de semana com a piscina do Grand Hyatt Rio de Janeiro! O day use de piscina \u00e9 a oportunidade para curtir um dia no resort!","breadcrumb":{"@id":"https:\/\/www.pacoteshyatt.com.br\/rio-de-janeiro\/product\/day-use-piscina-final-de-semana-e-feriado\/#breadcrumb"},"inLanguage":"pt-BR","potentialAction":[{"@type":"ReadAction","target":["https:\/\/www.pacoteshyatt.com.br\/rio-de-janeiro\/product\/day-use-piscina-final-de-semana-e-feriado\/"]}]},{"@type":"BreadcrumbList","@id":"https:\/\/www.pacoteshyatt.com.br\/rio-de-janeiro\/product\/day-use-piscina-final-de-semana-e-feriado\/#breadcrumb","itemListElement":[{"@type":"ListItem","position":1,"name":"Home","item":"https:\/\/www.pacoteshyatt.com.br\/rio-de-janeiro\/"},{"@type":"ListItem","position":2,"name":"Cat\u00e1logo","item":"https:\/\/www.pacoteshyatt.com.br\/rio-de-janeiro\/catalogo\/"},{"@type":"ListItem","position":3,"name":"Day Use Piscina | Final de semana e feriado"}]}]}},"_links":{"self":[{"href":"https:\/\/www.pacoteshyatt.com.br\/rio-de-janeiro\/wp-json\/wp\/v2\/product\/2278"}],"collection":[{"href":"https:\/\/www.pacoteshyatt.com.br\/rio-de-janeiro\/wp-json\/wp\/v2\/product"}],"about":[{"href":"https:\/\/www.pacoteshyatt.com.br\/rio-de-janeiro\/wp-json\/wp\/v2\/types\/product"}],"wp:featuredmedia":[{"embeddable":true,"href":"https:\/\/www.pacoteshyatt.com.br\/rio-de-janeiro\/wp-json\/wp\/v2\/media\/17515"}],"wp:attachment":[{"href":"https:\/\/www.pacoteshyatt.com.br\/rio-de-janeiro\/wp-json\/wp\/v2\/media?parent=2278"}],"wp:term":[{"taxonomy":"product_cat","embeddable":true,"href":"https:\/\/www.pacoteshyatt.com.br\/rio-de-janeiro\/wp-json\/wp\/v2\/product_cat?post=2278"},{"taxonomy":"product_tag","embeddable":true,"href":"https:\/\/www.pacoteshyatt.com.br\/rio-de-janeiro\/wp-json\/wp\/v2\/product_tag?post=2278"}],"curies":[{"name":"wp","href":"https:\/\/api.w.org\/{rel}","templated":true}]}}