{"id":22788,"date":"2026-03-04T18:31:58","date_gmt":"2026-03-04T21:31:58","guid":{"rendered":"https:\/\/www.pacoteshyatt.com.br\/rio-de-janeiro\/?post_type=product&#038;p=22788"},"modified":"2026-03-23T10:55:56","modified_gmt":"2026-03-23T13:55:56","slug":"hospedagem-off","status":"publish","type":"product","link":"https:\/\/www.pacoteshyatt.com.br\/rio-de-janeiro\/product\/hospedagem-off\/","title":{"rendered":"Semana do Consumidor | Hospede-se com at\u00e9 20% OFF!"},"content":{"rendered":"<p><strong><span class=\"ui-provider a b c d e f g h i j k l m n o p q r s t u v w x y z ab ac ae af ag ah ai aj ak\" dir=\"ltr\">De 15\/03 a 20\/03, aproveite descontos exclusivos na Semana do Consumidor do Grand Hyatt Rio de Janeiro! <a href=\"https:\/\/www.pacoteshyatt.com.br\/rio-de-janeiro\/semana-do-consumidor\/\">Clique aqui<\/a> e confira todas as ofertas.\u00a0<\/span><\/strong><\/p>\n<div class=\"size-full [&amp;&gt;*:first-child]:mt-0 [&amp;&gt;*:last-child]:mb-0 space-y-2\">\n<p>Sua pr\u00f3xima estada merece ser GRAND e com condi\u00e7\u00f5es especiais!<\/p>\n<p>Planeje a viagem perfeita viagem perfeita para o Rio de Janeiro, onde montanhas deslumbrantes encontram praias de areia branca. Nosso resort oferece vistas serenas da Lagoa de Marapendi e acesso direto \u00e0 praia. Relaxe no spa rejuvenescedor, aproveite a piscina, experimente restaurantes extraordin\u00e1rios e curta atividades di\u00e1rias para toda a fam\u00edlia. Explore a vibrante cultura carioca e visite a Barra da Tijuca, um bairro exclusivo, famoso por sua praia paradis\u00edaca e atra\u00e7\u00f5es urbanas.<\/p>\n<p><strong>Aproveite at\u00e9 20% OFF* em hospedagens no Grand Hyatt Rio de Janeiro e desfrute de uma atmosfera que combina conforto e localiza\u00e7\u00e3o privilegiada. Acesse o bot\u00e3o para consultar disponibilidade da oferta e fa\u00e7a a sua reserva!<\/strong><\/p>\n<p style=\"font-size: 12px\">*At\u00e9 20% de desconto para membros World of Hyatt. Demais clientes garantem at\u00e9 15% de desconto. Reserve de 26\/02\/26 a 26\/03\/26 para estadas de 01\/03\/26 a 30\/04\/26.Consulte disponiblidade da oferta.<\/p>\n<p>&nbsp;<\/p>\n<\/div>\n","protected":false},"excerpt":{"rendered":"<p>De 15\/03 a 20\/03, aproveite descontos exclusivos na Semana do Consumidor do Grand Hyatt Rio de Janeiro! Clique aqui e confira todas as ofertas.\u00a0 Sua pr\u00f3xima estada merece ser GRAND e com condi\u00e7\u00f5es especiais! Planeje a viagem perfeita viagem perfeita para o Rio de Janeiro, onde montanhas deslumbrantes encontram praias de areia branca. Nosso resort [&hellip;]<\/p>\n","protected":false},"featured_media":22887,"template":"","meta":{"_eb_attr":""},"product_cat":[80],"product_tag":[],"bundled_by":[],"bundle_stock_status":"outofstock","bundle_stock_quantity":null,"bundle_virtual":false,"bundle_layout":"","bundle_add_to_cart_form_location":"","bundle_editable_in_cart":false,"bundle_sold_individually_context":"","bundle_item_grouping":"","bundle_min_size":"","bundle_max_size":"","bundled_items":[],"yoast_head":"<!-- This site is optimized with the Yoast SEO plugin v18.4.1 - https:\/\/yoast.com\/wordpress\/plugins\/seo\/ -->\n<title>Semana do Consumidor | Hospede-se com at\u00e9 20% OFF! - Grand Hyatt Rio de Janeiro<\/title>\n<meta name=\"description\" content=\"Aproveite at\u00e9 20% OFF em sua pr\u00f3xima hospedagem no Grand Hyatt Rio de Janeiro e desfrute do \u00fanico resort urbano da regi\u00e3o!\" \/>\n<meta name=\"robots\" content=\"index, follow, max-snippet:-1, max-image-preview:large, max-video-preview:-1\" \/>\n<link rel=\"canonical\" href=\"https:\/\/www.pacoteshyatt.com.br\/rio-de-janeiro\/product\/hospedagem-off\/\" \/>\n<meta property=\"og:locale\" content=\"pt_BR\" \/>\n<meta property=\"og:type\" content=\"article\" \/>\n<meta property=\"og:title\" content=\"Semana do Consumidor | Hospede-se com at\u00e9 20% OFF! - Grand Hyatt Rio de Janeiro\" \/>\n<meta property=\"og:description\" content=\"Aproveite at\u00e9 20% OFF em sua pr\u00f3xima hospedagem no Grand Hyatt Rio de Janeiro e desfrute do \u00fanico resort urbano da regi\u00e3o!\" \/>\n<meta property=\"og:url\" content=\"https:\/\/www.pacoteshyatt.com.br\/rio-de-janeiro\/product\/hospedagem-off\/\" \/>\n<meta property=\"og:site_name\" content=\"GRAND HYATT RIO DE JANEIRO\" \/>\n<meta property=\"article:modified_time\" content=\"2026-03-23T13:55:56+00:00\" \/>\n<meta property=\"og:image\" content=\"https:\/\/www.pacoteshyatt.com.br\/rio-de-janeiro\/wp-content\/uploads\/sites\/2\/2026\/03\/GHRJ_SemanaConsumidor2026_CapaOferta_Hospedagem_649x435px_v01-v2.png\" \/>\n\t<meta property=\"og:image:width\" content=\"649\" \/>\n\t<meta property=\"og:image:height\" content=\"435\" \/>\n\t<meta property=\"og:image:type\" content=\"image\/png\" \/>\n<meta name=\"twitter:card\" content=\"summary_large_image\" \/>\n<meta name=\"twitter:label1\" content=\"Est. tempo de leitura\" \/>\n\t<meta name=\"twitter:data1\" content=\"1 minuto\" \/>\n<script type=\"application\/ld+json\" class=\"yoast-schema-graph\">{\"@context\":\"https:\/\/schema.org\",\"@graph\":[{\"@type\":\"WebSite\",\"@id\":\"https:\/\/www.pacoteshyatt.com.br\/rio-de-janeiro\/#website\",\"url\":\"https:\/\/www.pacoteshyatt.com.br\/rio-de-janeiro\/\",\"name\":\"GRAND HYATT RIO DE JANEIRO\",\"description\":\"Um verdadeiro resort urbano na Barra da Tijuca!\",\"potentialAction\":[{\"@type\":\"SearchAction\",\"target\":{\"@type\":\"EntryPoint\",\"urlTemplate\":\"https:\/\/www.pacoteshyatt.com.br\/rio-de-janeiro\/?s={search_term_string}\"},\"query-input\":\"required name=search_term_string\"}],\"inLanguage\":\"pt-BR\"},{\"@type\":\"ImageObject\",\"@id\":\"https:\/\/www.pacoteshyatt.com.br\/rio-de-janeiro\/product\/hospedagem-off\/#primaryimage\",\"inLanguage\":\"pt-BR\",\"url\":\"https:\/\/www.pacoteshyatt.com.br\/rio-de-janeiro\/wp-content\/uploads\/sites\/2\/2026\/03\/GHRJ_SemanaConsumidor2026_CapaOferta_Hospedagem_649x435px_v01-v2.png\",\"contentUrl\":\"https:\/\/www.pacoteshyatt.com.br\/rio-de-janeiro\/wp-content\/uploads\/sites\/2\/2026\/03\/GHRJ_SemanaConsumidor2026_CapaOferta_Hospedagem_649x435px_v01-v2.png\",\"width\":649,\"height\":435},{\"@type\":\"WebPage\",\"@id\":\"https:\/\/www.pacoteshyatt.com.br\/rio-de-janeiro\/product\/hospedagem-off\/#webpage\",\"url\":\"https:\/\/www.pacoteshyatt.com.br\/rio-de-janeiro\/product\/hospedagem-off\/\",\"name\":\"Semana do Consumidor | Hospede-se com at\u00e9 20% OFF! - Grand Hyatt Rio de Janeiro\",\"isPartOf\":{\"@id\":\"https:\/\/www.pacoteshyatt.com.br\/rio-de-janeiro\/#website\"},\"primaryImageOfPage\":{\"@id\":\"https:\/\/www.pacoteshyatt.com.br\/rio-de-janeiro\/product\/hospedagem-off\/#primaryimage\"},\"datePublished\":\"2026-03-04T21:31:58+00:00\",\"dateModified\":\"2026-03-23T13:55:56+00:00\",\"description\":\"Aproveite at\u00e9 20% OFF em sua pr\u00f3xima hospedagem no Grand Hyatt Rio de Janeiro e desfrute do \u00fanico resort urbano da regi\u00e3o!\",\"breadcrumb\":{\"@id\":\"https:\/\/www.pacoteshyatt.com.br\/rio-de-janeiro\/product\/hospedagem-off\/#breadcrumb\"},\"inLanguage\":\"pt-BR\",\"potentialAction\":[{\"@type\":\"ReadAction\",\"target\":[\"https:\/\/www.pacoteshyatt.com.br\/rio-de-janeiro\/product\/hospedagem-off\/\"]}]},{\"@type\":\"BreadcrumbList\",\"@id\":\"https:\/\/www.pacoteshyatt.com.br\/rio-de-janeiro\/product\/hospedagem-off\/#breadcrumb\",\"itemListElement\":[{\"@type\":\"ListItem\",\"position\":1,\"name\":\"Home\",\"item\":\"https:\/\/www.pacoteshyatt.com.br\/rio-de-janeiro\/\"},{\"@type\":\"ListItem\",\"position\":2,\"name\":\"Cat\u00e1logo\",\"item\":\"https:\/\/www.pacoteshyatt.com.br\/rio-de-janeiro\/catalogo\/\"},{\"@type\":\"ListItem\",\"position\":3,\"name\":\"Semana do Consumidor | Hospede-se com at\u00e9 20% OFF!\"}]}]}<\/script>\n<!-- \/ Yoast SEO plugin. -->","yoast_head_json":{"title":"Semana do Consumidor | Hospede-se com at\u00e9 20% OFF! - Grand Hyatt Rio de Janeiro","description":"Aproveite at\u00e9 20% OFF em sua pr\u00f3xima hospedagem no Grand Hyatt Rio de Janeiro e desfrute do \u00fanico resort urbano da regi\u00e3o!","robots":{"index":"index","follow":"follow","max-snippet":"max-snippet:-1","max-image-preview":"max-image-preview:large","max-video-preview":"max-video-preview:-1"},"canonical":"https:\/\/www.pacoteshyatt.com.br\/rio-de-janeiro\/product\/hospedagem-off\/","og_locale":"pt_BR","og_type":"article","og_title":"Semana do Consumidor | Hospede-se com at\u00e9 20% OFF! - Grand Hyatt Rio de Janeiro","og_description":"Aproveite at\u00e9 20% OFF em sua pr\u00f3xima hospedagem no Grand Hyatt Rio de Janeiro e desfrute do \u00fanico resort urbano da regi\u00e3o!","og_url":"https:\/\/www.pacoteshyatt.com.br\/rio-de-janeiro\/product\/hospedagem-off\/","og_site_name":"GRAND HYATT RIO DE JANEIRO","article_modified_time":"2026-03-23T13:55:56+00:00","og_image":[{"width":649,"height":435,"url":"https:\/\/www.pacoteshyatt.com.br\/rio-de-janeiro\/wp-content\/uploads\/sites\/2\/2026\/03\/GHRJ_SemanaConsumidor2026_CapaOferta_Hospedagem_649x435px_v01-v2.png","type":"image\/png"}],"twitter_card":"summary_large_image","twitter_misc":{"Est. tempo de leitura":"1 minuto"},"schema":{"@context":"https:\/\/schema.org","@graph":[{"@type":"WebSite","@id":"https:\/\/www.pacoteshyatt.com.br\/rio-de-janeiro\/#website","url":"https:\/\/www.pacoteshyatt.com.br\/rio-de-janeiro\/","name":"GRAND HYATT RIO DE JANEIRO","description":"Um verdadeiro resort urbano na Barra da Tijuca!","potentialAction":[{"@type":"SearchAction","target":{"@type":"EntryPoint","urlTemplate":"https:\/\/www.pacoteshyatt.com.br\/rio-de-janeiro\/?s={search_term_string}"},"query-input":"required name=search_term_string"}],"inLanguage":"pt-BR"},{"@type":"ImageObject","@id":"https:\/\/www.pacoteshyatt.com.br\/rio-de-janeiro\/product\/hospedagem-off\/#primaryimage","inLanguage":"pt-BR","url":"https:\/\/www.pacoteshyatt.com.br\/rio-de-janeiro\/wp-content\/uploads\/sites\/2\/2026\/03\/GHRJ_SemanaConsumidor2026_CapaOferta_Hospedagem_649x435px_v01-v2.png","contentUrl":"https:\/\/www.pacoteshyatt.com.br\/rio-de-janeiro\/wp-content\/uploads\/sites\/2\/2026\/03\/GHRJ_SemanaConsumidor2026_CapaOferta_Hospedagem_649x435px_v01-v2.png","width":649,"height":435},{"@type":"WebPage","@id":"https:\/\/www.pacoteshyatt.com.br\/rio-de-janeiro\/product\/hospedagem-off\/#webpage","url":"https:\/\/www.pacoteshyatt.com.br\/rio-de-janeiro\/product\/hospedagem-off\/","name":"Semana do Consumidor | Hospede-se com at\u00e9 20% OFF! - Grand Hyatt Rio de Janeiro","isPartOf":{"@id":"https:\/\/www.pacoteshyatt.com.br\/rio-de-janeiro\/#website"},"primaryImageOfPage":{"@id":"https:\/\/www.pacoteshyatt.com.br\/rio-de-janeiro\/product\/hospedagem-off\/#primaryimage"},"datePublished":"2026-03-04T21:31:58+00:00","dateModified":"2026-03-23T13:55:56+00:00","description":"Aproveite at\u00e9 20% OFF em sua pr\u00f3xima hospedagem no Grand Hyatt Rio de Janeiro e desfrute do \u00fanico resort urbano da regi\u00e3o!","breadcrumb":{"@id":"https:\/\/www.pacoteshyatt.com.br\/rio-de-janeiro\/product\/hospedagem-off\/#breadcrumb"},"inLanguage":"pt-BR","potentialAction":[{"@type":"ReadAction","target":["https:\/\/www.pacoteshyatt.com.br\/rio-de-janeiro\/product\/hospedagem-off\/"]}]},{"@type":"BreadcrumbList","@id":"https:\/\/www.pacoteshyatt.com.br\/rio-de-janeiro\/product\/hospedagem-off\/#breadcrumb","itemListElement":[{"@type":"ListItem","position":1,"name":"Home","item":"https:\/\/www.pacoteshyatt.com.br\/rio-de-janeiro\/"},{"@type":"ListItem","position":2,"name":"Cat\u00e1logo","item":"https:\/\/www.pacoteshyatt.com.br\/rio-de-janeiro\/catalogo\/"},{"@type":"ListItem","position":3,"name":"Semana do Consumidor | Hospede-se com at\u00e9 20% OFF!"}]}]}},"_links":{"self":[{"href":"https:\/\/www.pacoteshyatt.com.br\/rio-de-janeiro\/wp-json\/wp\/v2\/product\/22788"}],"collection":[{"href":"https:\/\/www.pacoteshyatt.com.br\/rio-de-janeiro\/wp-json\/wp\/v2\/product"}],"about":[{"href":"https:\/\/www.pacoteshyatt.com.br\/rio-de-janeiro\/wp-json\/wp\/v2\/types\/product"}],"wp:featuredmedia":[{"embeddable":true,"href":"https:\/\/www.pacoteshyatt.com.br\/rio-de-janeiro\/wp-json\/wp\/v2\/media\/22887"}],"wp:attachment":[{"href":"https:\/\/www.pacoteshyatt.com.br\/rio-de-janeiro\/wp-json\/wp\/v2\/media?parent=22788"}],"wp:term":[{"taxonomy":"product_cat","embeddable":true,"href":"https:\/\/www.pacoteshyatt.com.br\/rio-de-janeiro\/wp-json\/wp\/v2\/product_cat?post=22788"},{"taxonomy":"product_tag","embeddable":true,"href":"https:\/\/www.pacoteshyatt.com.br\/rio-de-janeiro\/wp-json\/wp\/v2\/product_tag?post=22788"}],"curies":[{"name":"wp","href":"https:\/\/api.w.org\/{rel}","templated":true}]}}