{"id":22819,"date":"2026-03-09T14:11:02","date_gmt":"2026-03-09T17:11:02","guid":{"rendered":"https:\/\/www.pacoteshyatt.com.br\/rio-de-janeiro\/?post_type=product&#038;p=22819"},"modified":"2026-04-02T15:49:26","modified_gmt":"2026-04-02T18:49:26","slug":"churrasco-no-canto","status":"publish","type":"product","link":"https:\/\/www.pacoteshyatt.com.br\/rio-de-janeiro\/product\/churrasco-no-canto\/","title":{"rendered":"29\/03 | Churrasco no Cant\u00f4"},"content":{"rendered":"<div class=\"hide-scrollbar markdown prose relative w-full max-w-none overflow-x-scroll break-words text-base leading-7 first:mt-0 prose-headings:first:mt-0 prose-strong:font-bold prose-thead:font-bold light:text-[#3E4247] dark:text-[#EBEBEB] prose-headings:light:text-[#3E4247]\">\n<div class=\"hide-scrollbar markdown prose relative w-full max-w-none overflow-x-scroll break-words text-base leading-7 first:mt-0 prose-headings:first:mt-0 prose-strong:font-bold prose-thead:font-bold light:text-[#3E4247] dark:text-[#EBEBEB] prose-headings:light:text-[#3E4247]\">\n<div>\n<div>\n<div style=\"text-align: center\"><span style=\"color: #bd2137\">If you are not Brazilian, get this experience by <a href=\"https:\/\/www.hyattexperiences.com\/grand-hyatt\/riogh#!\/e\/03-29-barbecue-at-cant-29-03-parrillada-en-cant-03eca3be\">clicking here<\/a>.<br \/>\nSi no eres brasile\u00f1o, adquiere esta experiencia haciendo <a href=\"https:\/\/www.hyattexperiences.com\/grand-hyatt\/riogh#!\/e\/03-29-barbecue-at-cant-29-03-parrillada-en-cant-03eca3be\">clic aq<\/a><a href=\"https:\/\/www.hyattexperiences.com\/grand-hyatt\/riogh#!\/e\/03-29-barbecue-at-cant-29-03-parrillada-en-cant-03eca3be\">u\u00ed<\/a>.<\/span><\/div>\n<\/div>\n<\/div>\n<\/div>\n<p>&nbsp;<\/p>\n<div><\/div>\n<\/div>\n<div><\/div>\n<div class=\"hide-scrollbar markdown prose relative w-full max-w-none overflow-x-scroll break-words text-base leading-7 first:mt-0 prose-headings:first:mt-0 prose-strong:font-bold prose-thead:font-bold light:text-[#3E4247] dark:text-[#EBEBEB] prose-headings:light:text-[#3E4247]\">\n<div class=\"hide-scrollbar markdown prose relative w-full max-w-none overflow-x-scroll break-words text-base leading-7 first:mt-0 prose-headings:first:mt-0 prose-strong:font-bold prose-thead:font-bold light:text-[#3E4247] dark:text-[#EBEBEB] prose-headings:light:text-[#3E4247]\">\n<div>\n<div>\n<p class=\"mb-3 mt-0\" data-copy-text=\"true\">No dia <strong>29 de mar\u00e7o<\/strong>, o almo\u00e7o de domingo fica ainda mais especial com o <strong>Churrasco no Cant\u00f4<\/strong>! Em uma edi\u00e7\u00e3o \u00fanica, aproveite em fam\u00edlia um buffet completo com saladas, frios e antepastos, al\u00e9m de pratos quentes e uma mesa de sobremesas. Para uma experi\u00eancia cl\u00e1ssica de um bom churrasco, aproveite esta\u00e7\u00f5es ao vivo com carnes nobres em nossas churrasqueiras e parrillas!<\/p>\n<\/div>\n<\/div>\n<p>&nbsp;<\/p>\n<\/div>\n<p>&nbsp;<\/p>\n<\/div>\n<div class=\"hide-scrollbar markdown prose relative w-full max-w-none overflow-x-scroll break-words text-base leading-7 first:mt-0 prose-headings:first:mt-0 prose-strong:font-bold prose-thead:font-bold light:text-[#3E4247] dark:text-[#EBEBEB] prose-headings:light:text-[#3E4247]\">\n<p data-copy-text=\"true\"><strong>A experi\u00eancia inclui:<\/strong><\/p>\n<div class=\"hide-scrollbar markdown prose relative w-full max-w-none overflow-x-scroll break-words text-base leading-7 first:mt-0 prose-headings:first:mt-0 prose-strong:font-bold prose-thead:font-bold light:text-[#3E4247] dark:text-[#EBEBEB] prose-headings:light:text-[#3E4247]\">\n<p>\u2022 <strong>Experi\u00eancia Open food <\/strong>com esta\u00e7\u00f5es ao vivo de churrasco preparado em nossas churrasqueiras e parrillas, al\u00e9m de guarni\u00e7\u00f5es t\u00edpicas como p\u00e3o de alho, farofa, vinagrete e mais.<br \/>\n\u2022 <strong>Para acompanhar teremos buffet<\/strong> de antepastos, saladas frescas e muito mais, al\u00e9m de uma mesa repleta de sobremesas.<br \/>\n\u2022 <strong>Bebidas inclusas:<\/strong> harmonize sua experi\u00eancia com chopes gelados, caipirinhas e op\u00e7\u00f5es n\u00e3o alco\u00f3licas (\u00e1gua, sucos e refrigerantes).<br \/>\n\u2022 <strong>Trio de samba<\/strong>, trazendo uma trilha sonora carioca para uma tarde leve e animada.<\/p>\n<p>&nbsp;<\/p>\n<\/div>\n<p><strong>Local:<\/strong> Cant\u00f4 Gastr\u00f4 &amp; Lounge<br \/>\n<strong>Data:<\/strong> 29 de Mar\u00e7o de 2026<br \/>\n<strong>Hor\u00e1rio:<\/strong> das 13h \u00e0s 16h<\/p>\n<p>&nbsp;<\/p>\n<\/div>\n<hr \/>\n<p>&nbsp;<\/p>\n<p><span style=\"color: #bd2137\"><strong><span class=\"ui-provider a b c d e f g h i j k l m n o p q r s t u v w x y z ab ac ae af ag ah ai aj ak\" dir=\"ltr\">ESTE VOUCHER \u00c9 V\u00c1LIDO APENAS PARA A EXPERI\u00caNCIA CHURRASCO NO CANT\u00d4, QUE ACONTECE NO DIA 29\/03\/2026.<\/span><\/strong><br \/>\n<\/span><\/p>\n<p><span style=\"color: #bd2137\">Cada voucher gerado \u00e9 v\u00e1lido para 1 pessoa. Fa\u00e7a a sua reserva de mesa atrav\u00e9s do telefone <\/span><span style=\"color: #bd2137\"><strong><em>21 3797-9523<\/em><\/strong>\u00a0ou email <em><strong>RIOGH-hostesses@hyatt.com<\/strong><\/em>.<\/span><\/p>\n","protected":false},"excerpt":{"rendered":"<p>If you are not Brazilian, get this experience by clicking here. Si no eres brasile\u00f1o, adquiere esta experiencia haciendo clic aqu\u00ed. &nbsp; No dia 29 de mar\u00e7o, o almo\u00e7o de domingo fica ainda mais especial com o Churrasco no Cant\u00f4! Em uma edi\u00e7\u00e3o \u00fanica, aproveite em fam\u00edlia um buffet completo com saladas, frios e antepastos, [&hellip;]<\/p>\n","protected":false},"featured_media":22824,"template":"","meta":{"_eb_attr":""},"product_cat":[135,80,20,56,68],"product_tag":[],"bundled_by":[],"bundle_stock_status":"outofstock","bundle_stock_quantity":0,"bundle_virtual":false,"bundle_layout":"","bundle_add_to_cart_form_location":"","bundle_editable_in_cart":false,"bundle_sold_individually_context":"","bundle_item_grouping":"","bundle_min_size":"","bundle_max_size":"","bundled_items":[],"yoast_head":"<!-- This site is optimized with the Yoast SEO plugin v18.4.1 - https:\/\/yoast.com\/wordpress\/plugins\/seo\/ -->\n<title>Churrasco do Restaurante Cant\u00f4 - Grand Hyatt Rio de Janeiro<\/title>\n<meta name=\"description\" content=\"Aproveite o domingo no Grand Hyatt Rio de Janeiro com o Churrasco no Cant\u00f4. Uma experi\u00eancia completa ao som ao vivo do grupo Trio de Samba. Reserve agora!\" \/>\n<meta name=\"robots\" content=\"index, follow, max-snippet:-1, max-image-preview:large, max-video-preview:-1\" \/>\n<link rel=\"canonical\" href=\"https:\/\/www.pacoteshyatt.com.br\/rio-de-janeiro\/product\/churrasco-no-canto\/\" \/>\n<meta property=\"og:locale\" content=\"pt_BR\" \/>\n<meta property=\"og:type\" content=\"article\" \/>\n<meta property=\"og:title\" content=\"Churrasco do Restaurante Cant\u00f4 - Grand Hyatt Rio de Janeiro\" \/>\n<meta property=\"og:description\" content=\"Aproveite o domingo no Grand Hyatt Rio de Janeiro com o Churrasco no Cant\u00f4. Uma experi\u00eancia completa ao som ao vivo do grupo Trio de Samba. Reserve agora!\" \/>\n<meta property=\"og:url\" content=\"https:\/\/www.pacoteshyatt.com.br\/rio-de-janeiro\/product\/churrasco-no-canto\/\" \/>\n<meta property=\"og:site_name\" content=\"GRAND HYATT RIO DE JANEIRO\" \/>\n<meta property=\"article:modified_time\" content=\"2026-04-02T18:49:26+00:00\" \/>\n<meta property=\"og:image\" content=\"https:\/\/www.pacoteshyatt.com.br\/rio-de-janeiro\/wp-content\/uploads\/sites\/2\/2026\/03\/Capa-de-Oferta-PH.png\" \/>\n\t<meta property=\"og:image:width\" content=\"308\" \/>\n\t<meta property=\"og:image:height\" content=\"200\" \/>\n\t<meta property=\"og:image:type\" content=\"image\/png\" \/>\n<meta name=\"twitter:card\" content=\"summary_large_image\" \/>\n<meta name=\"twitter:label1\" content=\"Est. tempo de leitura\" \/>\n\t<meta name=\"twitter:data1\" content=\"1 minuto\" \/>\n<script type=\"application\/ld+json\" class=\"yoast-schema-graph\">{\"@context\":\"https:\/\/schema.org\",\"@graph\":[{\"@type\":\"WebSite\",\"@id\":\"https:\/\/www.pacoteshyatt.com.br\/rio-de-janeiro\/#website\",\"url\":\"https:\/\/www.pacoteshyatt.com.br\/rio-de-janeiro\/\",\"name\":\"GRAND HYATT RIO DE JANEIRO\",\"description\":\"Um verdadeiro resort urbano na Barra da Tijuca!\",\"potentialAction\":[{\"@type\":\"SearchAction\",\"target\":{\"@type\":\"EntryPoint\",\"urlTemplate\":\"https:\/\/www.pacoteshyatt.com.br\/rio-de-janeiro\/?s={search_term_string}\"},\"query-input\":\"required name=search_term_string\"}],\"inLanguage\":\"pt-BR\"},{\"@type\":\"ImageObject\",\"@id\":\"https:\/\/www.pacoteshyatt.com.br\/rio-de-janeiro\/product\/churrasco-no-canto\/#primaryimage\",\"inLanguage\":\"pt-BR\",\"url\":\"https:\/\/www.pacoteshyatt.com.br\/rio-de-janeiro\/wp-content\/uploads\/sites\/2\/2026\/03\/Capa-de-Oferta-PH.png\",\"contentUrl\":\"https:\/\/www.pacoteshyatt.com.br\/rio-de-janeiro\/wp-content\/uploads\/sites\/2\/2026\/03\/Capa-de-Oferta-PH.png\",\"width\":308,\"height\":200},{\"@type\":\"WebPage\",\"@id\":\"https:\/\/www.pacoteshyatt.com.br\/rio-de-janeiro\/product\/churrasco-no-canto\/#webpage\",\"url\":\"https:\/\/www.pacoteshyatt.com.br\/rio-de-janeiro\/product\/churrasco-no-canto\/\",\"name\":\"Churrasco do Restaurante Cant\u00f4 - Grand Hyatt Rio de Janeiro\",\"isPartOf\":{\"@id\":\"https:\/\/www.pacoteshyatt.com.br\/rio-de-janeiro\/#website\"},\"primaryImageOfPage\":{\"@id\":\"https:\/\/www.pacoteshyatt.com.br\/rio-de-janeiro\/product\/churrasco-no-canto\/#primaryimage\"},\"datePublished\":\"2026-03-09T17:11:02+00:00\",\"dateModified\":\"2026-04-02T18:49:26+00:00\",\"description\":\"Aproveite o domingo no Grand Hyatt Rio de Janeiro com o Churrasco no Cant\u00f4. Uma experi\u00eancia completa ao som ao vivo do grupo Trio de Samba. Reserve agora!\",\"breadcrumb\":{\"@id\":\"https:\/\/www.pacoteshyatt.com.br\/rio-de-janeiro\/product\/churrasco-no-canto\/#breadcrumb\"},\"inLanguage\":\"pt-BR\",\"potentialAction\":[{\"@type\":\"ReadAction\",\"target\":[\"https:\/\/www.pacoteshyatt.com.br\/rio-de-janeiro\/product\/churrasco-no-canto\/\"]}]},{\"@type\":\"BreadcrumbList\",\"@id\":\"https:\/\/www.pacoteshyatt.com.br\/rio-de-janeiro\/product\/churrasco-no-canto\/#breadcrumb\",\"itemListElement\":[{\"@type\":\"ListItem\",\"position\":1,\"name\":\"Home\",\"item\":\"https:\/\/www.pacoteshyatt.com.br\/rio-de-janeiro\/\"},{\"@type\":\"ListItem\",\"position\":2,\"name\":\"Cat\u00e1logo\",\"item\":\"https:\/\/www.pacoteshyatt.com.br\/rio-de-janeiro\/catalogo\/\"},{\"@type\":\"ListItem\",\"position\":3,\"name\":\"29\/03 | Churrasco no Cant\u00f4\"}]}]}<\/script>\n<!-- \/ Yoast SEO plugin. -->","yoast_head_json":{"title":"Churrasco do Restaurante Cant\u00f4 - Grand Hyatt Rio de Janeiro","description":"Aproveite o domingo no Grand Hyatt Rio de Janeiro com o Churrasco no Cant\u00f4. Uma experi\u00eancia completa ao som ao vivo do grupo Trio de Samba. Reserve agora!","robots":{"index":"index","follow":"follow","max-snippet":"max-snippet:-1","max-image-preview":"max-image-preview:large","max-video-preview":"max-video-preview:-1"},"canonical":"https:\/\/www.pacoteshyatt.com.br\/rio-de-janeiro\/product\/churrasco-no-canto\/","og_locale":"pt_BR","og_type":"article","og_title":"Churrasco do Restaurante Cant\u00f4 - Grand Hyatt Rio de Janeiro","og_description":"Aproveite o domingo no Grand Hyatt Rio de Janeiro com o Churrasco no Cant\u00f4. Uma experi\u00eancia completa ao som ao vivo do grupo Trio de Samba. Reserve agora!","og_url":"https:\/\/www.pacoteshyatt.com.br\/rio-de-janeiro\/product\/churrasco-no-canto\/","og_site_name":"GRAND HYATT RIO DE JANEIRO","article_modified_time":"2026-04-02T18:49:26+00:00","og_image":[{"width":308,"height":200,"url":"https:\/\/www.pacoteshyatt.com.br\/rio-de-janeiro\/wp-content\/uploads\/sites\/2\/2026\/03\/Capa-de-Oferta-PH.png","type":"image\/png"}],"twitter_card":"summary_large_image","twitter_misc":{"Est. tempo de leitura":"1 minuto"},"schema":{"@context":"https:\/\/schema.org","@graph":[{"@type":"WebSite","@id":"https:\/\/www.pacoteshyatt.com.br\/rio-de-janeiro\/#website","url":"https:\/\/www.pacoteshyatt.com.br\/rio-de-janeiro\/","name":"GRAND HYATT RIO DE JANEIRO","description":"Um verdadeiro resort urbano na Barra da Tijuca!","potentialAction":[{"@type":"SearchAction","target":{"@type":"EntryPoint","urlTemplate":"https:\/\/www.pacoteshyatt.com.br\/rio-de-janeiro\/?s={search_term_string}"},"query-input":"required name=search_term_string"}],"inLanguage":"pt-BR"},{"@type":"ImageObject","@id":"https:\/\/www.pacoteshyatt.com.br\/rio-de-janeiro\/product\/churrasco-no-canto\/#primaryimage","inLanguage":"pt-BR","url":"https:\/\/www.pacoteshyatt.com.br\/rio-de-janeiro\/wp-content\/uploads\/sites\/2\/2026\/03\/Capa-de-Oferta-PH.png","contentUrl":"https:\/\/www.pacoteshyatt.com.br\/rio-de-janeiro\/wp-content\/uploads\/sites\/2\/2026\/03\/Capa-de-Oferta-PH.png","width":308,"height":200},{"@type":"WebPage","@id":"https:\/\/www.pacoteshyatt.com.br\/rio-de-janeiro\/product\/churrasco-no-canto\/#webpage","url":"https:\/\/www.pacoteshyatt.com.br\/rio-de-janeiro\/product\/churrasco-no-canto\/","name":"Churrasco do Restaurante Cant\u00f4 - Grand Hyatt Rio de Janeiro","isPartOf":{"@id":"https:\/\/www.pacoteshyatt.com.br\/rio-de-janeiro\/#website"},"primaryImageOfPage":{"@id":"https:\/\/www.pacoteshyatt.com.br\/rio-de-janeiro\/product\/churrasco-no-canto\/#primaryimage"},"datePublished":"2026-03-09T17:11:02+00:00","dateModified":"2026-04-02T18:49:26+00:00","description":"Aproveite o domingo no Grand Hyatt Rio de Janeiro com o Churrasco no Cant\u00f4. Uma experi\u00eancia completa ao som ao vivo do grupo Trio de Samba. Reserve agora!","breadcrumb":{"@id":"https:\/\/www.pacoteshyatt.com.br\/rio-de-janeiro\/product\/churrasco-no-canto\/#breadcrumb"},"inLanguage":"pt-BR","potentialAction":[{"@type":"ReadAction","target":["https:\/\/www.pacoteshyatt.com.br\/rio-de-janeiro\/product\/churrasco-no-canto\/"]}]},{"@type":"BreadcrumbList","@id":"https:\/\/www.pacoteshyatt.com.br\/rio-de-janeiro\/product\/churrasco-no-canto\/#breadcrumb","itemListElement":[{"@type":"ListItem","position":1,"name":"Home","item":"https:\/\/www.pacoteshyatt.com.br\/rio-de-janeiro\/"},{"@type":"ListItem","position":2,"name":"Cat\u00e1logo","item":"https:\/\/www.pacoteshyatt.com.br\/rio-de-janeiro\/catalogo\/"},{"@type":"ListItem","position":3,"name":"29\/03 | Churrasco no Cant\u00f4"}]}]}},"_links":{"self":[{"href":"https:\/\/www.pacoteshyatt.com.br\/rio-de-janeiro\/wp-json\/wp\/v2\/product\/22819"}],"collection":[{"href":"https:\/\/www.pacoteshyatt.com.br\/rio-de-janeiro\/wp-json\/wp\/v2\/product"}],"about":[{"href":"https:\/\/www.pacoteshyatt.com.br\/rio-de-janeiro\/wp-json\/wp\/v2\/types\/product"}],"wp:featuredmedia":[{"embeddable":true,"href":"https:\/\/www.pacoteshyatt.com.br\/rio-de-janeiro\/wp-json\/wp\/v2\/media\/22824"}],"wp:attachment":[{"href":"https:\/\/www.pacoteshyatt.com.br\/rio-de-janeiro\/wp-json\/wp\/v2\/media?parent=22819"}],"wp:term":[{"taxonomy":"product_cat","embeddable":true,"href":"https:\/\/www.pacoteshyatt.com.br\/rio-de-janeiro\/wp-json\/wp\/v2\/product_cat?post=22819"},{"taxonomy":"product_tag","embeddable":true,"href":"https:\/\/www.pacoteshyatt.com.br\/rio-de-janeiro\/wp-json\/wp\/v2\/product_tag?post=22819"}],"curies":[{"name":"wp","href":"https:\/\/api.w.org\/{rel}","templated":true}]}}