{"id":3052,"date":"2021-05-24T11:00:39","date_gmt":"2021-05-24T14:00:39","guid":{"rendered":"https:\/\/www.pacoteshyatt.com.br\/rio-de-janeiro\/?post_type=product&#038;p=3052"},"modified":"2025-06-26T12:42:35","modified_gmt":"2025-06-26T15:42:35","slug":"pacote-de-hospedagem","status":"publish","type":"product","link":"https:\/\/www.pacoteshyatt.com.br\/rio-de-janeiro\/product\/pacote-de-hospedagem\/","title":{"rendered":"Pacote de Hospedagem Romance"},"content":{"rendered":"<p class=\"ds-markdown-paragraph\">Celebre o amor em um cen\u00e1rio de luxo e requinte! Surpreenda sua cara metade com o\u00a0<strong>Pacote Rom\u00e2ntico<\/strong>, uma experi\u00eancia exclusiva em nosso hotel, repleta de momentos inesquec\u00edveis.<\/p>\n<p class=\"ds-markdown-paragraph\">Desfrute de:<br \/>\n<strong>Pacote Rom\u00e2ntico<\/strong> com hospedagem\u00a0em um ambiente intimista e sofisticado.<br \/>\n<strong>Amenidades rom\u00e2nticas<\/strong>: espumante, flores e frutas frescas<em><br \/>\n<\/em><strong>Upgrade <\/strong>e\u00a0<strong>late checkout gratuitos<\/strong><\/p>\n<p class=\"ds-markdown-paragraph\">Deixe o Dia dos Namorados ainda mais memor\u00e1vel com mimos que refletem todo o seu carinho. Reserve agora e viva uma celebra\u00e7\u00e3o a dois digna de conto de fadas!<\/p>\n<p><strong>*mediante disponibilidade<\/strong><\/p>\n","protected":false},"excerpt":{"rendered":"<p>Celebre o amor em um cen\u00e1rio de luxo e requinte! Surpreenda sua cara metade com o\u00a0Pacote Rom\u00e2ntico, uma experi\u00eancia exclusiva em nosso hotel, repleta de momentos inesquec\u00edveis. Desfrute de: Pacote Rom\u00e2ntico com hospedagem\u00a0em um ambiente intimista e sofisticado. Amenidades rom\u00e2nticas: espumante, flores e frutas frescas Upgrade e\u00a0late checkout gratuitos Deixe o Dia dos Namorados ainda [&hellip;]<\/p>\n","protected":false},"featured_media":19132,"template":"","meta":{"_eb_attr":""},"product_cat":[46],"product_tag":[],"bundled_by":[],"bundle_stock_status":"instock","bundle_stock_quantity":null,"bundle_virtual":false,"bundle_layout":"","bundle_add_to_cart_form_location":"","bundle_editable_in_cart":false,"bundle_sold_individually_context":"","bundle_item_grouping":"","bundle_min_size":"","bundle_max_size":"","bundled_items":[],"yoast_head":"<!-- This site is optimized with the Yoast SEO plugin v18.4.1 - https:\/\/yoast.com\/wordpress\/plugins\/seo\/ -->\n<title>Pacote Rom\u00e2ntico em Oferta Hotel RJ - Grand Hyatt RJ<\/title>\n<meta name=\"description\" content=\"Desfrute com o amor da sua vida o nosso pacote rom\u00e2ntico em oferta no Rio de Janeiro com vistas previligiadas da Barra da Tijuca. Fa\u00e7a j\u00e1 sua reserva!\" \/>\n<meta name=\"robots\" content=\"index, follow, max-snippet:-1, max-image-preview:large, max-video-preview:-1\" \/>\n<link rel=\"canonical\" href=\"https:\/\/www.pacoteshyatt.com.br\/rio-de-janeiro\/product\/pacote-de-hospedagem\/\" \/>\n<meta property=\"og:locale\" content=\"pt_BR\" \/>\n<meta property=\"og:type\" content=\"article\" \/>\n<meta property=\"og:title\" content=\"Pacote Rom\u00e2ntico em Oferta Hotel RJ - Grand Hyatt RJ\" \/>\n<meta property=\"og:description\" content=\"Desfrute com o amor da sua vida o nosso pacote rom\u00e2ntico em oferta no Rio de Janeiro com vistas previligiadas da Barra da Tijuca. Fa\u00e7a j\u00e1 sua reserva!\" \/>\n<meta property=\"og:url\" content=\"https:\/\/www.pacoteshyatt.com.br\/rio-de-janeiro\/product\/pacote-de-hospedagem\/\" \/>\n<meta property=\"og:site_name\" content=\"GRAND HYATT RIO DE JANEIRO\" \/>\n<meta property=\"article:modified_time\" content=\"2025-06-26T15:42:35+00:00\" \/>\n<meta property=\"og:image\" content=\"https:\/\/www.pacoteshyatt.com.br\/rio-de-janeiro\/wp-content\/uploads\/sites\/2\/2021\/05\/GHRJ_ImagemDeOfertas_308x200px_Pacote_DiadosNamorados_2025_01.png\" \/>\n\t<meta property=\"og:image:width\" content=\"308\" \/>\n\t<meta property=\"og:image:height\" content=\"200\" \/>\n\t<meta property=\"og:image:type\" content=\"image\/png\" \/>\n<meta name=\"twitter:card\" content=\"summary_large_image\" \/>\n<script type=\"application\/ld+json\" class=\"yoast-schema-graph\">{\"@context\":\"https:\/\/schema.org\",\"@graph\":[{\"@type\":\"WebSite\",\"@id\":\"https:\/\/www.pacoteshyatt.com.br\/rio-de-janeiro\/#website\",\"url\":\"https:\/\/www.pacoteshyatt.com.br\/rio-de-janeiro\/\",\"name\":\"GRAND HYATT RIO DE JANEIRO\",\"description\":\"Um verdadeiro resort urbano na Barra da Tijuca!\",\"potentialAction\":[{\"@type\":\"SearchAction\",\"target\":{\"@type\":\"EntryPoint\",\"urlTemplate\":\"https:\/\/www.pacoteshyatt.com.br\/rio-de-janeiro\/?s={search_term_string}\"},\"query-input\":\"required name=search_term_string\"}],\"inLanguage\":\"pt-BR\"},{\"@type\":\"ImageObject\",\"@id\":\"https:\/\/www.pacoteshyatt.com.br\/rio-de-janeiro\/product\/pacote-de-hospedagem\/#primaryimage\",\"inLanguage\":\"pt-BR\",\"url\":\"https:\/\/www.pacoteshyatt.com.br\/rio-de-janeiro\/wp-content\/uploads\/sites\/2\/2021\/05\/GHRJ_ImagemDeOfertas_308x200px_Pacote_DiadosNamorados_2025_01.png\",\"contentUrl\":\"https:\/\/www.pacoteshyatt.com.br\/rio-de-janeiro\/wp-content\/uploads\/sites\/2\/2021\/05\/GHRJ_ImagemDeOfertas_308x200px_Pacote_DiadosNamorados_2025_01.png\",\"width\":308,\"height\":200,\"caption\":\"Pacote Romantico Grand Hyatt RJ\"},{\"@type\":\"WebPage\",\"@id\":\"https:\/\/www.pacoteshyatt.com.br\/rio-de-janeiro\/product\/pacote-de-hospedagem\/#webpage\",\"url\":\"https:\/\/www.pacoteshyatt.com.br\/rio-de-janeiro\/product\/pacote-de-hospedagem\/\",\"name\":\"Pacote Rom\u00e2ntico em Oferta Hotel RJ - Grand Hyatt RJ\",\"isPartOf\":{\"@id\":\"https:\/\/www.pacoteshyatt.com.br\/rio-de-janeiro\/#website\"},\"primaryImageOfPage\":{\"@id\":\"https:\/\/www.pacoteshyatt.com.br\/rio-de-janeiro\/product\/pacote-de-hospedagem\/#primaryimage\"},\"datePublished\":\"2021-05-24T14:00:39+00:00\",\"dateModified\":\"2025-06-26T15:42:35+00:00\",\"description\":\"Desfrute com o amor da sua vida o nosso pacote rom\u00e2ntico em oferta no Rio de Janeiro com vistas previligiadas da Barra da Tijuca. Fa\u00e7a j\u00e1 sua reserva!\",\"breadcrumb\":{\"@id\":\"https:\/\/www.pacoteshyatt.com.br\/rio-de-janeiro\/product\/pacote-de-hospedagem\/#breadcrumb\"},\"inLanguage\":\"pt-BR\",\"potentialAction\":[{\"@type\":\"ReadAction\",\"target\":[\"https:\/\/www.pacoteshyatt.com.br\/rio-de-janeiro\/product\/pacote-de-hospedagem\/\"]}]},{\"@type\":\"BreadcrumbList\",\"@id\":\"https:\/\/www.pacoteshyatt.com.br\/rio-de-janeiro\/product\/pacote-de-hospedagem\/#breadcrumb\",\"itemListElement\":[{\"@type\":\"ListItem\",\"position\":1,\"name\":\"Home\",\"item\":\"https:\/\/www.pacoteshyatt.com.br\/rio-de-janeiro\/\"},{\"@type\":\"ListItem\",\"position\":2,\"name\":\"Cat\u00e1logo\",\"item\":\"https:\/\/www.pacoteshyatt.com.br\/rio-de-janeiro\/catalogo\/\"},{\"@type\":\"ListItem\",\"position\":3,\"name\":\"Pacote de Hospedagem Romance\"}]}]}<\/script>\n<!-- \/ Yoast SEO plugin. -->","yoast_head_json":{"title":"Pacote Rom\u00e2ntico em Oferta Hotel RJ - Grand Hyatt RJ","description":"Desfrute com o amor da sua vida o nosso pacote rom\u00e2ntico em oferta no Rio de Janeiro com vistas previligiadas da Barra da Tijuca. Fa\u00e7a j\u00e1 sua reserva!","robots":{"index":"index","follow":"follow","max-snippet":"max-snippet:-1","max-image-preview":"max-image-preview:large","max-video-preview":"max-video-preview:-1"},"canonical":"https:\/\/www.pacoteshyatt.com.br\/rio-de-janeiro\/product\/pacote-de-hospedagem\/","og_locale":"pt_BR","og_type":"article","og_title":"Pacote Rom\u00e2ntico em Oferta Hotel RJ - Grand Hyatt RJ","og_description":"Desfrute com o amor da sua vida o nosso pacote rom\u00e2ntico em oferta no Rio de Janeiro com vistas previligiadas da Barra da Tijuca. Fa\u00e7a j\u00e1 sua reserva!","og_url":"https:\/\/www.pacoteshyatt.com.br\/rio-de-janeiro\/product\/pacote-de-hospedagem\/","og_site_name":"GRAND HYATT RIO DE JANEIRO","article_modified_time":"2025-06-26T15:42:35+00:00","og_image":[{"width":308,"height":200,"url":"https:\/\/www.pacoteshyatt.com.br\/rio-de-janeiro\/wp-content\/uploads\/sites\/2\/2021\/05\/GHRJ_ImagemDeOfertas_308x200px_Pacote_DiadosNamorados_2025_01.png","type":"image\/png"}],"twitter_card":"summary_large_image","schema":{"@context":"https:\/\/schema.org","@graph":[{"@type":"WebSite","@id":"https:\/\/www.pacoteshyatt.com.br\/rio-de-janeiro\/#website","url":"https:\/\/www.pacoteshyatt.com.br\/rio-de-janeiro\/","name":"GRAND HYATT RIO DE JANEIRO","description":"Um verdadeiro resort urbano na Barra da Tijuca!","potentialAction":[{"@type":"SearchAction","target":{"@type":"EntryPoint","urlTemplate":"https:\/\/www.pacoteshyatt.com.br\/rio-de-janeiro\/?s={search_term_string}"},"query-input":"required name=search_term_string"}],"inLanguage":"pt-BR"},{"@type":"ImageObject","@id":"https:\/\/www.pacoteshyatt.com.br\/rio-de-janeiro\/product\/pacote-de-hospedagem\/#primaryimage","inLanguage":"pt-BR","url":"https:\/\/www.pacoteshyatt.com.br\/rio-de-janeiro\/wp-content\/uploads\/sites\/2\/2021\/05\/GHRJ_ImagemDeOfertas_308x200px_Pacote_DiadosNamorados_2025_01.png","contentUrl":"https:\/\/www.pacoteshyatt.com.br\/rio-de-janeiro\/wp-content\/uploads\/sites\/2\/2021\/05\/GHRJ_ImagemDeOfertas_308x200px_Pacote_DiadosNamorados_2025_01.png","width":308,"height":200,"caption":"Pacote Romantico Grand Hyatt RJ"},{"@type":"WebPage","@id":"https:\/\/www.pacoteshyatt.com.br\/rio-de-janeiro\/product\/pacote-de-hospedagem\/#webpage","url":"https:\/\/www.pacoteshyatt.com.br\/rio-de-janeiro\/product\/pacote-de-hospedagem\/","name":"Pacote Rom\u00e2ntico em Oferta Hotel RJ - Grand Hyatt RJ","isPartOf":{"@id":"https:\/\/www.pacoteshyatt.com.br\/rio-de-janeiro\/#website"},"primaryImageOfPage":{"@id":"https:\/\/www.pacoteshyatt.com.br\/rio-de-janeiro\/product\/pacote-de-hospedagem\/#primaryimage"},"datePublished":"2021-05-24T14:00:39+00:00","dateModified":"2025-06-26T15:42:35+00:00","description":"Desfrute com o amor da sua vida o nosso pacote rom\u00e2ntico em oferta no Rio de Janeiro com vistas previligiadas da Barra da Tijuca. Fa\u00e7a j\u00e1 sua reserva!","breadcrumb":{"@id":"https:\/\/www.pacoteshyatt.com.br\/rio-de-janeiro\/product\/pacote-de-hospedagem\/#breadcrumb"},"inLanguage":"pt-BR","potentialAction":[{"@type":"ReadAction","target":["https:\/\/www.pacoteshyatt.com.br\/rio-de-janeiro\/product\/pacote-de-hospedagem\/"]}]},{"@type":"BreadcrumbList","@id":"https:\/\/www.pacoteshyatt.com.br\/rio-de-janeiro\/product\/pacote-de-hospedagem\/#breadcrumb","itemListElement":[{"@type":"ListItem","position":1,"name":"Home","item":"https:\/\/www.pacoteshyatt.com.br\/rio-de-janeiro\/"},{"@type":"ListItem","position":2,"name":"Cat\u00e1logo","item":"https:\/\/www.pacoteshyatt.com.br\/rio-de-janeiro\/catalogo\/"},{"@type":"ListItem","position":3,"name":"Pacote de Hospedagem Romance"}]}]}},"_links":{"self":[{"href":"https:\/\/www.pacoteshyatt.com.br\/rio-de-janeiro\/wp-json\/wp\/v2\/product\/3052"}],"collection":[{"href":"https:\/\/www.pacoteshyatt.com.br\/rio-de-janeiro\/wp-json\/wp\/v2\/product"}],"about":[{"href":"https:\/\/www.pacoteshyatt.com.br\/rio-de-janeiro\/wp-json\/wp\/v2\/types\/product"}],"wp:featuredmedia":[{"embeddable":true,"href":"https:\/\/www.pacoteshyatt.com.br\/rio-de-janeiro\/wp-json\/wp\/v2\/media\/19132"}],"wp:attachment":[{"href":"https:\/\/www.pacoteshyatt.com.br\/rio-de-janeiro\/wp-json\/wp\/v2\/media?parent=3052"}],"wp:term":[{"taxonomy":"product_cat","embeddable":true,"href":"https:\/\/www.pacoteshyatt.com.br\/rio-de-janeiro\/wp-json\/wp\/v2\/product_cat?post=3052"},{"taxonomy":"product_tag","embeddable":true,"href":"https:\/\/www.pacoteshyatt.com.br\/rio-de-janeiro\/wp-json\/wp\/v2\/product_tag?post=3052"}],"curies":[{"name":"wp","href":"https:\/\/api.w.org\/{rel}","templated":true}]}}