{"id":3859,"date":"2021-09-01T00:01:57","date_gmt":"2021-09-01T03:01:57","guid":{"rendered":"https:\/\/www.pacoteshyatt.com.br\/rio-de-janeiro\/?post_type=product&#038;p=3859"},"modified":"2025-12-24T14:36:26","modified_gmt":"2025-12-24T17:36:26","slug":"day-spa-de-primavera","status":"publish","type":"product","link":"https:\/\/www.pacoteshyatt.com.br\/rio-de-janeiro\/product\/day-spa-de-primavera\/","title":{"rendered":"Day Spa de Primavera"},"content":{"rendered":"<p><span style=\"color: #993300\">Primavera \u00e9 a esta\u00e7\u00e3o das flores e dos aromas.<br \/>\n<\/span>Um per\u00edodo em que a natureza fica bela, colorida, cheia de vida, presenteando o ser humano com flores coloridas e fragr\u00e2ncias \u00fanicas. Pensando nisso, o Atiaia Spa preparou um protocolo especial para que voc\u00ea aproveite a primavera na Cidade Maravilhosa com toda sua beleza, as suas cores e suas ess\u00eancias.<\/p>\n<p><span style=\"color: #993300\">O <strong>Day Spa Primavera<\/strong> tem dura\u00e7\u00e3o de 2h20, confira abaixo o tratamento:<\/span><\/p>\n<p><span style=\"color: #993300\">ESCALDA-P\u00c9S COM LAVANDA:<\/span><br \/>\nA \u00e1gua aquecida junto com lavanda inicia nosso\u00a0 ritual de relaxamento.<\/p>\n<p><span style=\"color: #993300\">ESFOLIA\u00c7\u00c3O CORPORAL:<br \/>\n<\/span>Promove a renova\u00e7\u00e3o celular e elasticidade da pele, al\u00e9m de eliminar as toxinas e realizar uma verdadeira renova\u00e7\u00e3o. Por fim uma ducha para se preparar para o pr\u00f3ximo tratamento.<\/p>\n<p><span style=\"color: #993300\">MASSAGEM ATIAIA:<br \/>\n<\/span>Realizada com \u00f3leo de coco especialmente, promove a harmoniza\u00e7\u00e3o energ\u00e9tica, melhora do sistema imunol\u00f3gico e elimina\u00e7\u00e3o de toxinas do corpo.<\/p>\n<p><span style=\"color: #993300\">CH\u00c1 DE CAMOMILA COM MIX DE CASTANHAS:<br \/>\n<\/span>Para encerrar a experi\u00eancia, o <strong data-start=\"1755\" data-end=\"1776\">Day Spa Primavera<\/strong> oferece um ch\u00e1 de camomila acompanhado de castanhas, que ajudam a fortalecer o sistema imunol\u00f3gico, melhorar o humor e deixar a pele mais saud\u00e1vel.<\/p>\n<p>&nbsp;<\/p>\n<p><em>*<i>Ap\u00f3s a compra, \u00e9 necess\u00e1rio realizar o agendamento atrav\u00e9s do Whatsapp: (21) 3797-9566.<\/i><\/em><strong><em><br \/>\n<\/em><\/strong><\/p>\n<p><em>*taxa de servi\u00e7o j\u00e1 incluso no valor<\/em><\/p>\n","protected":false},"excerpt":{"rendered":"<p>Primavera \u00e9 a esta\u00e7\u00e3o das flores e dos aromas. Um per\u00edodo em que a natureza fica bela, colorida, cheia de vida, presenteando o ser humano com flores coloridas e fragr\u00e2ncias \u00fanicas. Pensando nisso, o Atiaia Spa preparou um protocolo especial para que voc\u00ea aproveite a primavera na Cidade Maravilhosa com toda sua beleza, as suas [&hellip;]<\/p>\n","protected":false},"featured_media":16342,"template":"","meta":{"_eb_attr":""},"product_cat":[135,117,19,22,54,68],"product_tag":[],"bundled_by":[],"bundle_stock_status":"outofstock","bundle_stock_quantity":null,"bundle_virtual":false,"bundle_layout":"","bundle_add_to_cart_form_location":"","bundle_editable_in_cart":false,"bundle_sold_individually_context":"","bundle_item_grouping":"","bundle_min_size":"","bundle_max_size":"","bundled_items":[],"yoast_head":"<!-- This site is optimized with the Yoast SEO plugin v18.4.1 - https:\/\/yoast.com\/wordpress\/plugins\/seo\/ -->\n<title>Day Spa Primavera | 2h20 de relaxamento - Grand Hyatt RJ<\/title>\n<meta name=\"description\" content=\"O Atiaia Spa do Hyatt Rio de Janeiro apresenta o seu Day Spa de Primavera, criado para oferecer um tratamento singular e completo de 2h30. Vouchers aqui:\" \/>\n<meta name=\"robots\" content=\"index, follow, max-snippet:-1, max-image-preview:large, max-video-preview:-1\" \/>\n<link rel=\"canonical\" href=\"https:\/\/www.pacoteshyatt.com.br\/rio-de-janeiro\/product\/day-spa-de-primavera\/\" \/>\n<meta property=\"og:locale\" content=\"pt_BR\" \/>\n<meta property=\"og:type\" content=\"article\" \/>\n<meta property=\"og:title\" content=\"Day Spa Primavera | 2h20 de relaxamento - Grand Hyatt RJ\" \/>\n<meta property=\"og:description\" content=\"O Atiaia Spa do Hyatt Rio de Janeiro apresenta o seu Day Spa de Primavera, criado para oferecer um tratamento singular e completo de 2h30. Vouchers aqui:\" \/>\n<meta property=\"og:url\" content=\"https:\/\/www.pacoteshyatt.com.br\/rio-de-janeiro\/product\/day-spa-de-primavera\/\" \/>\n<meta property=\"og:site_name\" content=\"GRAND HYATT RIO DE JANEIRO\" \/>\n<meta property=\"article:modified_time\" content=\"2025-12-24T17:36:26+00:00\" \/>\n<meta property=\"og:image\" content=\"https:\/\/www.pacoteshyatt.com.br\/rio-de-janeiro\/wp-content\/uploads\/sites\/2\/2021\/09\/GHRJ_Banner-ImgdaOferta_SpaDayPrimavera_308x200px_2024_v2.jpg\" \/>\n\t<meta property=\"og:image:width\" content=\"308\" \/>\n\t<meta property=\"og:image:height\" content=\"200\" \/>\n\t<meta property=\"og:image:type\" content=\"image\/jpeg\" \/>\n<meta name=\"twitter:card\" content=\"summary_large_image\" \/>\n<meta name=\"twitter:label1\" content=\"Est. tempo de leitura\" \/>\n\t<meta name=\"twitter:data1\" content=\"2 minutos\" \/>\n<script type=\"application\/ld+json\" class=\"yoast-schema-graph\">{\"@context\":\"https:\/\/schema.org\",\"@graph\":[{\"@type\":\"WebSite\",\"@id\":\"https:\/\/www.pacoteshyatt.com.br\/rio-de-janeiro\/#website\",\"url\":\"https:\/\/www.pacoteshyatt.com.br\/rio-de-janeiro\/\",\"name\":\"GRAND HYATT RIO DE JANEIRO\",\"description\":\"Um verdadeiro resort urbano na Barra da Tijuca!\",\"potentialAction\":[{\"@type\":\"SearchAction\",\"target\":{\"@type\":\"EntryPoint\",\"urlTemplate\":\"https:\/\/www.pacoteshyatt.com.br\/rio-de-janeiro\/?s={search_term_string}\"},\"query-input\":\"required name=search_term_string\"}],\"inLanguage\":\"pt-BR\"},{\"@type\":\"ImageObject\",\"@id\":\"https:\/\/www.pacoteshyatt.com.br\/rio-de-janeiro\/product\/day-spa-de-primavera\/#primaryimage\",\"inLanguage\":\"pt-BR\",\"url\":\"https:\/\/www.pacoteshyatt.com.br\/rio-de-janeiro\/wp-content\/uploads\/sites\/2\/2021\/09\/GHRJ_Banner-ImgdaOferta_SpaDayPrimavera_308x200px_2024_v2.jpg\",\"contentUrl\":\"https:\/\/www.pacoteshyatt.com.br\/rio-de-janeiro\/wp-content\/uploads\/sites\/2\/2021\/09\/GHRJ_Banner-ImgdaOferta_SpaDayPrimavera_308x200px_2024_v2.jpg\",\"width\":308,\"height\":200,\"caption\":\"Day Spa Primavera do Grand Hyatt RJ banner promocional\"},{\"@type\":\"WebPage\",\"@id\":\"https:\/\/www.pacoteshyatt.com.br\/rio-de-janeiro\/product\/day-spa-de-primavera\/#webpage\",\"url\":\"https:\/\/www.pacoteshyatt.com.br\/rio-de-janeiro\/product\/day-spa-de-primavera\/\",\"name\":\"Day Spa Primavera | 2h20 de relaxamento - Grand Hyatt RJ\",\"isPartOf\":{\"@id\":\"https:\/\/www.pacoteshyatt.com.br\/rio-de-janeiro\/#website\"},\"primaryImageOfPage\":{\"@id\":\"https:\/\/www.pacoteshyatt.com.br\/rio-de-janeiro\/product\/day-spa-de-primavera\/#primaryimage\"},\"datePublished\":\"2021-09-01T03:01:57+00:00\",\"dateModified\":\"2025-12-24T17:36:26+00:00\",\"description\":\"O Atiaia Spa do Hyatt Rio de Janeiro apresenta o seu Day Spa de Primavera, criado para oferecer um tratamento singular e completo de 2h30. Vouchers aqui:\",\"breadcrumb\":{\"@id\":\"https:\/\/www.pacoteshyatt.com.br\/rio-de-janeiro\/product\/day-spa-de-primavera\/#breadcrumb\"},\"inLanguage\":\"pt-BR\",\"potentialAction\":[{\"@type\":\"ReadAction\",\"target\":[\"https:\/\/www.pacoteshyatt.com.br\/rio-de-janeiro\/product\/day-spa-de-primavera\/\"]}]},{\"@type\":\"BreadcrumbList\",\"@id\":\"https:\/\/www.pacoteshyatt.com.br\/rio-de-janeiro\/product\/day-spa-de-primavera\/#breadcrumb\",\"itemListElement\":[{\"@type\":\"ListItem\",\"position\":1,\"name\":\"Home\",\"item\":\"https:\/\/www.pacoteshyatt.com.br\/rio-de-janeiro\/\"},{\"@type\":\"ListItem\",\"position\":2,\"name\":\"Cat\u00e1logo\",\"item\":\"https:\/\/www.pacoteshyatt.com.br\/rio-de-janeiro\/catalogo\/\"},{\"@type\":\"ListItem\",\"position\":3,\"name\":\"Day Spa de Primavera\"}]}]}<\/script>\n<!-- \/ Yoast SEO plugin. -->","yoast_head_json":{"title":"Day Spa Primavera | 2h20 de relaxamento - Grand Hyatt RJ","description":"O Atiaia Spa do Hyatt Rio de Janeiro apresenta o seu Day Spa de Primavera, criado para oferecer um tratamento singular e completo de 2h30. Vouchers aqui:","robots":{"index":"index","follow":"follow","max-snippet":"max-snippet:-1","max-image-preview":"max-image-preview:large","max-video-preview":"max-video-preview:-1"},"canonical":"https:\/\/www.pacoteshyatt.com.br\/rio-de-janeiro\/product\/day-spa-de-primavera\/","og_locale":"pt_BR","og_type":"article","og_title":"Day Spa Primavera | 2h20 de relaxamento - Grand Hyatt RJ","og_description":"O Atiaia Spa do Hyatt Rio de Janeiro apresenta o seu Day Spa de Primavera, criado para oferecer um tratamento singular e completo de 2h30. Vouchers aqui:","og_url":"https:\/\/www.pacoteshyatt.com.br\/rio-de-janeiro\/product\/day-spa-de-primavera\/","og_site_name":"GRAND HYATT RIO DE JANEIRO","article_modified_time":"2025-12-24T17:36:26+00:00","og_image":[{"width":308,"height":200,"url":"https:\/\/www.pacoteshyatt.com.br\/rio-de-janeiro\/wp-content\/uploads\/sites\/2\/2021\/09\/GHRJ_Banner-ImgdaOferta_SpaDayPrimavera_308x200px_2024_v2.jpg","type":"image\/jpeg"}],"twitter_card":"summary_large_image","twitter_misc":{"Est. tempo de leitura":"2 minutos"},"schema":{"@context":"https:\/\/schema.org","@graph":[{"@type":"WebSite","@id":"https:\/\/www.pacoteshyatt.com.br\/rio-de-janeiro\/#website","url":"https:\/\/www.pacoteshyatt.com.br\/rio-de-janeiro\/","name":"GRAND HYATT RIO DE JANEIRO","description":"Um verdadeiro resort urbano na Barra da Tijuca!","potentialAction":[{"@type":"SearchAction","target":{"@type":"EntryPoint","urlTemplate":"https:\/\/www.pacoteshyatt.com.br\/rio-de-janeiro\/?s={search_term_string}"},"query-input":"required name=search_term_string"}],"inLanguage":"pt-BR"},{"@type":"ImageObject","@id":"https:\/\/www.pacoteshyatt.com.br\/rio-de-janeiro\/product\/day-spa-de-primavera\/#primaryimage","inLanguage":"pt-BR","url":"https:\/\/www.pacoteshyatt.com.br\/rio-de-janeiro\/wp-content\/uploads\/sites\/2\/2021\/09\/GHRJ_Banner-ImgdaOferta_SpaDayPrimavera_308x200px_2024_v2.jpg","contentUrl":"https:\/\/www.pacoteshyatt.com.br\/rio-de-janeiro\/wp-content\/uploads\/sites\/2\/2021\/09\/GHRJ_Banner-ImgdaOferta_SpaDayPrimavera_308x200px_2024_v2.jpg","width":308,"height":200,"caption":"Day Spa Primavera do Grand Hyatt RJ banner promocional"},{"@type":"WebPage","@id":"https:\/\/www.pacoteshyatt.com.br\/rio-de-janeiro\/product\/day-spa-de-primavera\/#webpage","url":"https:\/\/www.pacoteshyatt.com.br\/rio-de-janeiro\/product\/day-spa-de-primavera\/","name":"Day Spa Primavera | 2h20 de relaxamento - Grand Hyatt RJ","isPartOf":{"@id":"https:\/\/www.pacoteshyatt.com.br\/rio-de-janeiro\/#website"},"primaryImageOfPage":{"@id":"https:\/\/www.pacoteshyatt.com.br\/rio-de-janeiro\/product\/day-spa-de-primavera\/#primaryimage"},"datePublished":"2021-09-01T03:01:57+00:00","dateModified":"2025-12-24T17:36:26+00:00","description":"O Atiaia Spa do Hyatt Rio de Janeiro apresenta o seu Day Spa de Primavera, criado para oferecer um tratamento singular e completo de 2h30. Vouchers aqui:","breadcrumb":{"@id":"https:\/\/www.pacoteshyatt.com.br\/rio-de-janeiro\/product\/day-spa-de-primavera\/#breadcrumb"},"inLanguage":"pt-BR","potentialAction":[{"@type":"ReadAction","target":["https:\/\/www.pacoteshyatt.com.br\/rio-de-janeiro\/product\/day-spa-de-primavera\/"]}]},{"@type":"BreadcrumbList","@id":"https:\/\/www.pacoteshyatt.com.br\/rio-de-janeiro\/product\/day-spa-de-primavera\/#breadcrumb","itemListElement":[{"@type":"ListItem","position":1,"name":"Home","item":"https:\/\/www.pacoteshyatt.com.br\/rio-de-janeiro\/"},{"@type":"ListItem","position":2,"name":"Cat\u00e1logo","item":"https:\/\/www.pacoteshyatt.com.br\/rio-de-janeiro\/catalogo\/"},{"@type":"ListItem","position":3,"name":"Day Spa de Primavera"}]}]}},"_links":{"self":[{"href":"https:\/\/www.pacoteshyatt.com.br\/rio-de-janeiro\/wp-json\/wp\/v2\/product\/3859"}],"collection":[{"href":"https:\/\/www.pacoteshyatt.com.br\/rio-de-janeiro\/wp-json\/wp\/v2\/product"}],"about":[{"href":"https:\/\/www.pacoteshyatt.com.br\/rio-de-janeiro\/wp-json\/wp\/v2\/types\/product"}],"wp:featuredmedia":[{"embeddable":true,"href":"https:\/\/www.pacoteshyatt.com.br\/rio-de-janeiro\/wp-json\/wp\/v2\/media\/16342"}],"wp:attachment":[{"href":"https:\/\/www.pacoteshyatt.com.br\/rio-de-janeiro\/wp-json\/wp\/v2\/media?parent=3859"}],"wp:term":[{"taxonomy":"product_cat","embeddable":true,"href":"https:\/\/www.pacoteshyatt.com.br\/rio-de-janeiro\/wp-json\/wp\/v2\/product_cat?post=3859"},{"taxonomy":"product_tag","embeddable":true,"href":"https:\/\/www.pacoteshyatt.com.br\/rio-de-janeiro\/wp-json\/wp\/v2\/product_tag?post=3859"}],"curies":[{"name":"wp","href":"https:\/\/api.w.org\/{rel}","templated":true}]}}