{"id":43,"date":"2020-10-19T15:10:02","date_gmt":"2020-10-19T18:10:02","guid":{"rendered":"https:\/\/www.pacoteshyatt.com.br\/rio-de-janeiro\/?post_type=product&#038;p=43"},"modified":"2026-04-01T17:19:26","modified_gmt":"2026-04-01T20:19:26","slug":"feijoada-de-sabado","status":"publish","type":"product","link":"https:\/\/www.pacoteshyatt.com.br\/rio-de-janeiro\/product\/feijoada-de-sabado\/","title":{"rendered":"Feijoada de S\u00e1bado | Cant\u00f4"},"content":{"rendered":"<div class=\"size-full [&amp;&gt;*:first-child]:mt-0 [&amp;&gt;*:last-child]:mb-0 space-y-2\">\n<p>Descubra o verdadeiro sabor do Rio na nossa <strong>feijoada de s\u00e1bado buffet<\/strong>, uma celebra\u00e7\u00e3o da culin\u00e1ria carioca que re\u00fane tradi\u00e7\u00e3o e eleg\u00e2ncia.<\/p>\n<p>Entre a Lagoa de Marapendi e a Praia da Barra da Tijuca, nosso Hotel oferece o cen\u00e1rio perfeito para uma experi\u00eancia inesquec\u00edvel. O Restaurante Cant\u00f4 Gastr\u00f4 &amp; Lounge combina ambiente elegante, vista privilegiada e o melhor da hospitalidade carioca para transformar seu s\u00e1bado em um momento especial.<\/p>\n<p>Nossa <strong>feijoada de s\u00e1bado<\/strong> vai muito al\u00e9m do tradicional. Preparada com ingredientes selecionados e seguindo receitas que honram a tradi\u00e7\u00e3o brasileira, oferecemos um buffet completo que contempla todos os elementos cl\u00e1ssicos deste prato ic\u00f4nico: feij\u00e3o preto cozido lentamente com carnes nobres e defumadas, acompanhado por arroz branco soltinho, couve refogada no alho, farofa crocante, torresmo sequinho, laranja fatiada e molho de pimenta artesanal.<\/p>\n<p data-pm-slice=\"1 1 []\">Tudo ao som envolvente de m\u00fasica ao vivo, que traz a alma carioca para cada momento!<\/p>\n<p>&nbsp;<\/p>\n<p><strong>Sua experi\u00eancia feijoada de s\u00e1bado inclui:<\/strong><\/p>\n<p><strong>\u2022 Buffet completo de feijoada<\/strong>, com esta\u00e7\u00f5es de saladas e acompanhamentos e mesa de sobremesas.<\/p>\n<\/div>\n<div class=\"size-full [&amp;&gt;*:first-child]:mt-0 [&amp;&gt;*:last-child]:mb-0 space-y-2\">\n<p><strong>\u2022 Bebidas n\u00e3o alco\u00f3licas \u00e0 vontade<\/strong><\/p>\n<p><strong>\u2022 Cortesia especial:<\/strong> cerveja artesanal ou caipirinha gelada<\/p>\n<p><strong>\u2022 M\u00fasica ao vivo<\/strong><\/p>\n<p>&nbsp;<\/p>\n<p><strong>Todos os s\u00e1bados*, de 13h \u00e0s 16h | Restaurante Cant\u00f4 Gastr\u00f4 &amp; Lounge na Barra da Tijuca<\/strong><\/p>\n<p>&nbsp;<\/p>\n<p>Venha ser carioca de corpo e alma!<\/p>\n<\/div>\n<p>&nbsp;<\/p>\n<hr \/>\n<div>\n<p><span style=\"color: #bd2137\"><strong><em><span class=\"ui-provider a b c d e f g h i j k l m n o p q r s t u v w x y z ab ac ae af ag ah ai aj ak\" dir=\"ltr\"><i>ESTE VOUCHER TEM VALIDADE DE 3 MESES, MEDIANTE AGENDAMENTO PR\u00c9VIO E DISPONIBILIDADE.<\/i><\/span><\/em><\/strong><\/span><\/p>\n<p><span style=\"color: #bd2137\">Fa\u00e7a a sua reserva de mesa atrav\u00e9s do telefone<\/span><span style=\"color: #bd2137\">\u00a0<strong><em>21 3797-9524<\/em><\/strong> ou email <em><strong>RIOGH-hostesses@hyatt.com<\/strong><\/em>.<\/span><\/p>\n<p><span style=\"color: #bd2137\">Cada voucher gerado \u00e9 v\u00e1lido para 1 pessoa, e deve ser utilizado somente aos s\u00e1bados (das 13h \u00e0s 16h), exceto eventos especiais.<\/span><\/p>\n<\/div>\n","protected":false},"excerpt":{"rendered":"<p>Descubra o verdadeiro sabor do Rio na nossa feijoada de s\u00e1bado buffet, uma celebra\u00e7\u00e3o da culin\u00e1ria carioca que re\u00fane tradi\u00e7\u00e3o e eleg\u00e2ncia. Entre a Lagoa de Marapendi e a Praia da Barra da Tijuca, nosso Hotel oferece o cen\u00e1rio perfeito para uma experi\u00eancia inesquec\u00edvel. O Restaurante Cant\u00f4 Gastr\u00f4 &amp; Lounge combina ambiente elegante, vista privilegiada [&hellip;]<\/p>\n","protected":false},"featured_media":18616,"template":"","meta":{"_eb_attr":""},"product_cat":[136,20,69,56,68,70],"product_tag":[],"bundled_by":[],"bundle_stock_status":"instock","bundle_stock_quantity":null,"bundle_virtual":false,"bundle_layout":"","bundle_add_to_cart_form_location":"","bundle_editable_in_cart":false,"bundle_sold_individually_context":"","bundle_item_grouping":"","bundle_min_size":"","bundle_max_size":"","bundled_items":[],"yoast_head":"<!-- This site is optimized with the Yoast SEO plugin v18.4.1 - https:\/\/yoast.com\/wordpress\/plugins\/seo\/ -->\n<title>Feijoada de S\u00e1bado c\/ Buffet - Grand Hyatt Rio de Janeiro<\/title>\n<meta name=\"description\" content=\"A Feijoada de S\u00e1bado do restaurante Cant\u00f4 do Grand Hyatt Rio. Um experi\u00eancia saborosa com buffet completo, m\u00fasica ao vivo e m\u00fasica ao vivo. Reserve j\u00e1!\" \/>\n<meta name=\"robots\" content=\"index, follow, max-snippet:-1, max-image-preview:large, max-video-preview:-1\" \/>\n<link rel=\"canonical\" href=\"https:\/\/www.pacoteshyatt.com.br\/rio-de-janeiro\/product\/feijoada-de-sabado\/\" \/>\n<meta property=\"og:locale\" content=\"pt_BR\" \/>\n<meta property=\"og:type\" content=\"article\" \/>\n<meta property=\"og:title\" content=\"Feijoada de S\u00e1bado c\/ Buffet - Grand Hyatt Rio de Janeiro\" \/>\n<meta property=\"og:description\" content=\"A Feijoada de S\u00e1bado do restaurante Cant\u00f4 do Grand Hyatt Rio. Um experi\u00eancia saborosa com buffet completo, m\u00fasica ao vivo e m\u00fasica ao vivo. Reserve j\u00e1!\" \/>\n<meta property=\"og:url\" content=\"https:\/\/www.pacoteshyatt.com.br\/rio-de-janeiro\/product\/feijoada-de-sabado\/\" \/>\n<meta property=\"og:site_name\" content=\"GRAND HYATT RIO DE JANEIRO\" \/>\n<meta property=\"article:modified_time\" content=\"2026-04-01T20:19:26+00:00\" \/>\n<meta property=\"og:image\" content=\"https:\/\/www.pacoteshyatt.com.br\/rio-de-janeiro\/wp-content\/uploads\/sites\/2\/2020\/10\/308x200-1.png\" \/>\n\t<meta property=\"og:image:width\" content=\"308\" \/>\n\t<meta property=\"og:image:height\" content=\"200\" \/>\n\t<meta property=\"og:image:type\" content=\"image\/png\" \/>\n<meta name=\"twitter:card\" content=\"summary_large_image\" \/>\n<meta name=\"twitter:label1\" content=\"Est. tempo de leitura\" \/>\n\t<meta name=\"twitter:data1\" content=\"2 minutos\" \/>\n<script type=\"application\/ld+json\" class=\"yoast-schema-graph\">{\"@context\":\"https:\/\/schema.org\",\"@graph\":[{\"@type\":\"WebSite\",\"@id\":\"https:\/\/www.pacoteshyatt.com.br\/rio-de-janeiro\/#website\",\"url\":\"https:\/\/www.pacoteshyatt.com.br\/rio-de-janeiro\/\",\"name\":\"GRAND HYATT RIO DE JANEIRO\",\"description\":\"Um verdadeiro resort urbano na Barra da Tijuca!\",\"potentialAction\":[{\"@type\":\"SearchAction\",\"target\":{\"@type\":\"EntryPoint\",\"urlTemplate\":\"https:\/\/www.pacoteshyatt.com.br\/rio-de-janeiro\/?s={search_term_string}\"},\"query-input\":\"required name=search_term_string\"}],\"inLanguage\":\"pt-BR\"},{\"@type\":\"ImageObject\",\"@id\":\"https:\/\/www.pacoteshyatt.com.br\/rio-de-janeiro\/product\/feijoada-de-sabado\/#primaryimage\",\"inLanguage\":\"pt-BR\",\"url\":\"https:\/\/www.pacoteshyatt.com.br\/rio-de-janeiro\/wp-content\/uploads\/sites\/2\/2020\/10\/308x200-1.png\",\"contentUrl\":\"https:\/\/www.pacoteshyatt.com.br\/rio-de-janeiro\/wp-content\/uploads\/sites\/2\/2020\/10\/308x200-1.png\",\"width\":308,\"height\":200,\"caption\":\"Feijoada de S\u00e1bado Grand Hyatt Rio de Janeiro\"},{\"@type\":\"WebPage\",\"@id\":\"https:\/\/www.pacoteshyatt.com.br\/rio-de-janeiro\/product\/feijoada-de-sabado\/#webpage\",\"url\":\"https:\/\/www.pacoteshyatt.com.br\/rio-de-janeiro\/product\/feijoada-de-sabado\/\",\"name\":\"Feijoada de S\u00e1bado c\/ Buffet - Grand Hyatt Rio de Janeiro\",\"isPartOf\":{\"@id\":\"https:\/\/www.pacoteshyatt.com.br\/rio-de-janeiro\/#website\"},\"primaryImageOfPage\":{\"@id\":\"https:\/\/www.pacoteshyatt.com.br\/rio-de-janeiro\/product\/feijoada-de-sabado\/#primaryimage\"},\"datePublished\":\"2020-10-19T18:10:02+00:00\",\"dateModified\":\"2026-04-01T20:19:26+00:00\",\"description\":\"A Feijoada de S\u00e1bado do restaurante Cant\u00f4 do Grand Hyatt Rio. Um experi\u00eancia saborosa com buffet completo, m\u00fasica ao vivo e m\u00fasica ao vivo. Reserve j\u00e1!\",\"breadcrumb\":{\"@id\":\"https:\/\/www.pacoteshyatt.com.br\/rio-de-janeiro\/product\/feijoada-de-sabado\/#breadcrumb\"},\"inLanguage\":\"pt-BR\",\"potentialAction\":[{\"@type\":\"ReadAction\",\"target\":[\"https:\/\/www.pacoteshyatt.com.br\/rio-de-janeiro\/product\/feijoada-de-sabado\/\"]}]},{\"@type\":\"BreadcrumbList\",\"@id\":\"https:\/\/www.pacoteshyatt.com.br\/rio-de-janeiro\/product\/feijoada-de-sabado\/#breadcrumb\",\"itemListElement\":[{\"@type\":\"ListItem\",\"position\":1,\"name\":\"Home\",\"item\":\"https:\/\/www.pacoteshyatt.com.br\/rio-de-janeiro\/\"},{\"@type\":\"ListItem\",\"position\":2,\"name\":\"Cat\u00e1logo\",\"item\":\"https:\/\/www.pacoteshyatt.com.br\/rio-de-janeiro\/catalogo\/\"},{\"@type\":\"ListItem\",\"position\":3,\"name\":\"Feijoada de S\u00e1bado | Cant\u00f4\"}]}]}<\/script>\n<!-- \/ Yoast SEO plugin. -->","yoast_head_json":{"title":"Feijoada de S\u00e1bado c\/ Buffet - Grand Hyatt Rio de Janeiro","description":"A Feijoada de S\u00e1bado do restaurante Cant\u00f4 do Grand Hyatt Rio. Um experi\u00eancia saborosa com buffet completo, m\u00fasica ao vivo e m\u00fasica ao vivo. Reserve j\u00e1!","robots":{"index":"index","follow":"follow","max-snippet":"max-snippet:-1","max-image-preview":"max-image-preview:large","max-video-preview":"max-video-preview:-1"},"canonical":"https:\/\/www.pacoteshyatt.com.br\/rio-de-janeiro\/product\/feijoada-de-sabado\/","og_locale":"pt_BR","og_type":"article","og_title":"Feijoada de S\u00e1bado c\/ Buffet - Grand Hyatt Rio de Janeiro","og_description":"A Feijoada de S\u00e1bado do restaurante Cant\u00f4 do Grand Hyatt Rio. Um experi\u00eancia saborosa com buffet completo, m\u00fasica ao vivo e m\u00fasica ao vivo. Reserve j\u00e1!","og_url":"https:\/\/www.pacoteshyatt.com.br\/rio-de-janeiro\/product\/feijoada-de-sabado\/","og_site_name":"GRAND HYATT RIO DE JANEIRO","article_modified_time":"2026-04-01T20:19:26+00:00","og_image":[{"width":308,"height":200,"url":"https:\/\/www.pacoteshyatt.com.br\/rio-de-janeiro\/wp-content\/uploads\/sites\/2\/2020\/10\/308x200-1.png","type":"image\/png"}],"twitter_card":"summary_large_image","twitter_misc":{"Est. tempo de leitura":"2 minutos"},"schema":{"@context":"https:\/\/schema.org","@graph":[{"@type":"WebSite","@id":"https:\/\/www.pacoteshyatt.com.br\/rio-de-janeiro\/#website","url":"https:\/\/www.pacoteshyatt.com.br\/rio-de-janeiro\/","name":"GRAND HYATT RIO DE JANEIRO","description":"Um verdadeiro resort urbano na Barra da Tijuca!","potentialAction":[{"@type":"SearchAction","target":{"@type":"EntryPoint","urlTemplate":"https:\/\/www.pacoteshyatt.com.br\/rio-de-janeiro\/?s={search_term_string}"},"query-input":"required name=search_term_string"}],"inLanguage":"pt-BR"},{"@type":"ImageObject","@id":"https:\/\/www.pacoteshyatt.com.br\/rio-de-janeiro\/product\/feijoada-de-sabado\/#primaryimage","inLanguage":"pt-BR","url":"https:\/\/www.pacoteshyatt.com.br\/rio-de-janeiro\/wp-content\/uploads\/sites\/2\/2020\/10\/308x200-1.png","contentUrl":"https:\/\/www.pacoteshyatt.com.br\/rio-de-janeiro\/wp-content\/uploads\/sites\/2\/2020\/10\/308x200-1.png","width":308,"height":200,"caption":"Feijoada de S\u00e1bado Grand Hyatt Rio de Janeiro"},{"@type":"WebPage","@id":"https:\/\/www.pacoteshyatt.com.br\/rio-de-janeiro\/product\/feijoada-de-sabado\/#webpage","url":"https:\/\/www.pacoteshyatt.com.br\/rio-de-janeiro\/product\/feijoada-de-sabado\/","name":"Feijoada de S\u00e1bado c\/ Buffet - Grand Hyatt Rio de Janeiro","isPartOf":{"@id":"https:\/\/www.pacoteshyatt.com.br\/rio-de-janeiro\/#website"},"primaryImageOfPage":{"@id":"https:\/\/www.pacoteshyatt.com.br\/rio-de-janeiro\/product\/feijoada-de-sabado\/#primaryimage"},"datePublished":"2020-10-19T18:10:02+00:00","dateModified":"2026-04-01T20:19:26+00:00","description":"A Feijoada de S\u00e1bado do restaurante Cant\u00f4 do Grand Hyatt Rio. Um experi\u00eancia saborosa com buffet completo, m\u00fasica ao vivo e m\u00fasica ao vivo. Reserve j\u00e1!","breadcrumb":{"@id":"https:\/\/www.pacoteshyatt.com.br\/rio-de-janeiro\/product\/feijoada-de-sabado\/#breadcrumb"},"inLanguage":"pt-BR","potentialAction":[{"@type":"ReadAction","target":["https:\/\/www.pacoteshyatt.com.br\/rio-de-janeiro\/product\/feijoada-de-sabado\/"]}]},{"@type":"BreadcrumbList","@id":"https:\/\/www.pacoteshyatt.com.br\/rio-de-janeiro\/product\/feijoada-de-sabado\/#breadcrumb","itemListElement":[{"@type":"ListItem","position":1,"name":"Home","item":"https:\/\/www.pacoteshyatt.com.br\/rio-de-janeiro\/"},{"@type":"ListItem","position":2,"name":"Cat\u00e1logo","item":"https:\/\/www.pacoteshyatt.com.br\/rio-de-janeiro\/catalogo\/"},{"@type":"ListItem","position":3,"name":"Feijoada de S\u00e1bado | Cant\u00f4"}]}]}},"_links":{"self":[{"href":"https:\/\/www.pacoteshyatt.com.br\/rio-de-janeiro\/wp-json\/wp\/v2\/product\/43"}],"collection":[{"href":"https:\/\/www.pacoteshyatt.com.br\/rio-de-janeiro\/wp-json\/wp\/v2\/product"}],"about":[{"href":"https:\/\/www.pacoteshyatt.com.br\/rio-de-janeiro\/wp-json\/wp\/v2\/types\/product"}],"wp:featuredmedia":[{"embeddable":true,"href":"https:\/\/www.pacoteshyatt.com.br\/rio-de-janeiro\/wp-json\/wp\/v2\/media\/18616"}],"wp:attachment":[{"href":"https:\/\/www.pacoteshyatt.com.br\/rio-de-janeiro\/wp-json\/wp\/v2\/media?parent=43"}],"wp:term":[{"taxonomy":"product_cat","embeddable":true,"href":"https:\/\/www.pacoteshyatt.com.br\/rio-de-janeiro\/wp-json\/wp\/v2\/product_cat?post=43"},{"taxonomy":"product_tag","embeddable":true,"href":"https:\/\/www.pacoteshyatt.com.br\/rio-de-janeiro\/wp-json\/wp\/v2\/product_tag?post=43"}],"curies":[{"name":"wp","href":"https:\/\/api.w.org\/{rel}","templated":true}]}}