{"id":4749,"date":"2021-12-09T13:48:52","date_gmt":"2021-12-09T16:48:52","guid":{"rendered":"https:\/\/www.pacoteshyatt.com.br\/rio-de-janeiro\/?post_type=product&#038;p=4749"},"modified":"2024-05-23T14:13:40","modified_gmt":"2024-05-23T17:13:40","slug":"atiaia-box","status":"publish","type":"product","link":"https:\/\/www.pacoteshyatt.com.br\/rio-de-janeiro\/product\/atiaia-box\/","title":{"rendered":"Atiaia Gift Box (massagem + kit)"},"content":{"rendered":"<p>A Atiaia Box contempla cuidados especiais selecionados por nossos massoterapeutas. Pensado para despertar a verdadeira luminosidade interior e proporcionar equil\u00edbrio entre o corpo e a mente. D\u00ea esse carinho \u00e0quela pessoa especial.<\/p>\n<p>O kit cont\u00e9m:<br \/>\n1) <strong>01 voucher da<\/strong> <strong>Massagem corporal Atiaia Signature<\/strong>, de 50 min.<br \/>\nEssa massagem relaxante \u00e9 composta por\u00a0manobras de amassamento, percurss\u00e3o, deslizamento, acupress\u00e3o e drenagem junto com o\u00a0<strong>exclusivo \u00f3leo<\/strong>\u00a0<strong>essencial Atiaia<\/strong>, proporcionando revigor ao corpo todo.<br \/>\n2) <strong>01\u00a0oleo relaxante Atiaia Spa by S\u00e2mia <\/strong>(15ml), compostos pela harmoniza\u00e7\u00e3o dos \u00f3leos essenciais de lavanda, patchouli e lemongrass. Esse blend relaxa o f\u00edsico e emocional e tem aroma herbal e amadeirado.<br \/>\n3) <strong>01\u00a0blend de \u00f3leo essencial<\/strong> de gengibre by Samia (5ml), promove tranquilidade e paz.<br \/>\n4)<strong> 01 sabonete l\u00edquido<\/strong> de lavanda sby Samya\u00a0 (100gr) promove uma limpeza suave para todo o corpo.<br \/>\n5) <strong>01 caixa personalizada<\/strong> assinada pelo Spa<\/p>\n<p>A Atiaia box deve ser retirada no Atiaia Spa, localizado no Grand Hyatt Rio de Janeiro, piso -1, na Av. L\u00facio Costa, 9.600 &#8211; Barra da Tijuca.<br \/>\n<strong>Adquira online e agende a sua retirada. Parcelamento dispon\u00edvel em at\u00e9 3x sem juros.<\/strong><\/p>\n<p>&nbsp;<\/p>\n<p><strong>Este voucher \u00e9 v\u00e1lido at\u00e9 10 de outubro de 2024, mediante agendamento pr\u00e9vio e disponibilidade<\/strong><\/p>\n<p><strong>O\u00a0<em>Atiaia Spa\u00a0<\/em>est\u00e1 aberto todos os dias das 9h \u00e0s 20h. Para informa\u00e7\u00f5es e reservas, entre em contato atrav\u00e9s do tel.:(21) 3797 9566 (tamb\u00e9m Whatsapp).<\/strong><\/p>\n","protected":false},"excerpt":{"rendered":"<p>A Atiaia Box contempla cuidados especiais selecionados por nossos massoterapeutas. Pensado para despertar a verdadeira luminosidade interior e proporcionar equil\u00edbrio entre o corpo e a mente. D\u00ea esse carinho \u00e0quela pessoa especial. O kit cont\u00e9m: 1) 01 voucher da Massagem corporal Atiaia Signature, de 50 min. Essa massagem relaxante \u00e9 composta por\u00a0manobras de amassamento, percurss\u00e3o, [&hellip;]<\/p>\n","protected":false},"featured_media":4750,"template":"","meta":{"_eb_attr":""},"product_cat":[19,23,54],"product_tag":[],"bundled_by":[],"bundle_stock_status":"outofstock","bundle_stock_quantity":null,"bundle_virtual":false,"bundle_layout":"","bundle_add_to_cart_form_location":"","bundle_editable_in_cart":false,"bundle_sold_individually_context":"","bundle_item_grouping":"","bundle_min_size":"","bundle_max_size":"","bundled_items":[],"yoast_head":"<!-- This site is optimized with the Yoast SEO plugin v18.4.1 - https:\/\/yoast.com\/wordpress\/plugins\/seo\/ -->\n<title>Atiaia Gift Box: pacote com massagem + kit de spa<\/title>\n<meta name=\"description\" content=\"Presentei aquela pessoal especial com um kit exclusivo de spa mais um voucher de massagem corporal com \u00f3leos essenciais relaxantes. Adquira agora aqui:\" \/>\n<meta name=\"robots\" content=\"index, follow, max-snippet:-1, max-image-preview:large, max-video-preview:-1\" \/>\n<link rel=\"canonical\" href=\"https:\/\/www.pacoteshyatt.com.br\/rio-de-janeiro\/product\/atiaia-box\/\" \/>\n<meta property=\"og:locale\" content=\"pt_BR\" \/>\n<meta property=\"og:type\" content=\"article\" \/>\n<meta property=\"og:title\" content=\"Atiaia Gift Box: pacote com massagem + kit de spa\" \/>\n<meta property=\"og:description\" content=\"Presentei aquela pessoal especial com um kit exclusivo de spa mais um voucher de massagem corporal com \u00f3leos essenciais relaxantes. Adquira agora aqui:\" \/>\n<meta property=\"og:url\" content=\"https:\/\/www.pacoteshyatt.com.br\/rio-de-janeiro\/product\/atiaia-box\/\" \/>\n<meta property=\"og:site_name\" content=\"GRAND HYATT RIO DE JANEIRO\" \/>\n<meta property=\"article:modified_time\" content=\"2024-05-23T17:13:40+00:00\" \/>\n<meta property=\"og:image\" content=\"https:\/\/www.pacoteshyatt.com.br\/rio-de-janeiro\/wp-content\/uploads\/sites\/2\/2021\/12\/oferta_spa-atiaia-box.jpg\" \/>\n\t<meta property=\"og:image:width\" content=\"308\" \/>\n\t<meta property=\"og:image:height\" content=\"200\" \/>\n\t<meta property=\"og:image:type\" content=\"image\/jpeg\" \/>\n<meta name=\"twitter:card\" content=\"summary_large_image\" \/>\n<meta name=\"twitter:label1\" content=\"Est. tempo de leitura\" \/>\n\t<meta name=\"twitter:data1\" content=\"2 minutos\" \/>\n<script type=\"application\/ld+json\" class=\"yoast-schema-graph\">{\"@context\":\"https:\/\/schema.org\",\"@graph\":[{\"@type\":\"WebSite\",\"@id\":\"https:\/\/www.pacoteshyatt.com.br\/rio-de-janeiro\/#website\",\"url\":\"https:\/\/www.pacoteshyatt.com.br\/rio-de-janeiro\/\",\"name\":\"GRAND HYATT RIO DE JANEIRO\",\"description\":\"Um verdadeiro resort urbano na Barra da Tijuca!\",\"potentialAction\":[{\"@type\":\"SearchAction\",\"target\":{\"@type\":\"EntryPoint\",\"urlTemplate\":\"https:\/\/www.pacoteshyatt.com.br\/rio-de-janeiro\/?s={search_term_string}\"},\"query-input\":\"required name=search_term_string\"}],\"inLanguage\":\"pt-BR\"},{\"@type\":\"ImageObject\",\"@id\":\"https:\/\/www.pacoteshyatt.com.br\/rio-de-janeiro\/product\/atiaia-box\/#primaryimage\",\"inLanguage\":\"pt-BR\",\"url\":\"https:\/\/www.pacoteshyatt.com.br\/rio-de-janeiro\/wp-content\/uploads\/sites\/2\/2021\/12\/oferta_spa-atiaia-box.jpg\",\"contentUrl\":\"https:\/\/www.pacoteshyatt.com.br\/rio-de-janeiro\/wp-content\/uploads\/sites\/2\/2021\/12\/oferta_spa-atiaia-box.jpg\",\"width\":308,\"height\":200,\"caption\":\"pacote com massagem e kit de spa\"},{\"@type\":\"WebPage\",\"@id\":\"https:\/\/www.pacoteshyatt.com.br\/rio-de-janeiro\/product\/atiaia-box\/#webpage\",\"url\":\"https:\/\/www.pacoteshyatt.com.br\/rio-de-janeiro\/product\/atiaia-box\/\",\"name\":\"Atiaia Gift Box: pacote com massagem + kit de spa\",\"isPartOf\":{\"@id\":\"https:\/\/www.pacoteshyatt.com.br\/rio-de-janeiro\/#website\"},\"primaryImageOfPage\":{\"@id\":\"https:\/\/www.pacoteshyatt.com.br\/rio-de-janeiro\/product\/atiaia-box\/#primaryimage\"},\"datePublished\":\"2021-12-09T16:48:52+00:00\",\"dateModified\":\"2024-05-23T17:13:40+00:00\",\"description\":\"Presentei aquela pessoal especial com um kit exclusivo de spa mais um voucher de massagem corporal com \u00f3leos essenciais relaxantes. Adquira agora aqui:\",\"breadcrumb\":{\"@id\":\"https:\/\/www.pacoteshyatt.com.br\/rio-de-janeiro\/product\/atiaia-box\/#breadcrumb\"},\"inLanguage\":\"pt-BR\",\"potentialAction\":[{\"@type\":\"ReadAction\",\"target\":[\"https:\/\/www.pacoteshyatt.com.br\/rio-de-janeiro\/product\/atiaia-box\/\"]}]},{\"@type\":\"BreadcrumbList\",\"@id\":\"https:\/\/www.pacoteshyatt.com.br\/rio-de-janeiro\/product\/atiaia-box\/#breadcrumb\",\"itemListElement\":[{\"@type\":\"ListItem\",\"position\":1,\"name\":\"Home\",\"item\":\"https:\/\/www.pacoteshyatt.com.br\/rio-de-janeiro\/\"},{\"@type\":\"ListItem\",\"position\":2,\"name\":\"Cat\u00e1logo\",\"item\":\"https:\/\/www.pacoteshyatt.com.br\/rio-de-janeiro\/catalogo\/\"},{\"@type\":\"ListItem\",\"position\":3,\"name\":\"Atiaia Gift Box (massagem + kit)\"}]}]}<\/script>\n<!-- \/ Yoast SEO plugin. -->","yoast_head_json":{"title":"Atiaia Gift Box: pacote com massagem + kit de spa","description":"Presentei aquela pessoal especial com um kit exclusivo de spa mais um voucher de massagem corporal com \u00f3leos essenciais relaxantes. Adquira agora aqui:","robots":{"index":"index","follow":"follow","max-snippet":"max-snippet:-1","max-image-preview":"max-image-preview:large","max-video-preview":"max-video-preview:-1"},"canonical":"https:\/\/www.pacoteshyatt.com.br\/rio-de-janeiro\/product\/atiaia-box\/","og_locale":"pt_BR","og_type":"article","og_title":"Atiaia Gift Box: pacote com massagem + kit de spa","og_description":"Presentei aquela pessoal especial com um kit exclusivo de spa mais um voucher de massagem corporal com \u00f3leos essenciais relaxantes. Adquira agora aqui:","og_url":"https:\/\/www.pacoteshyatt.com.br\/rio-de-janeiro\/product\/atiaia-box\/","og_site_name":"GRAND HYATT RIO DE JANEIRO","article_modified_time":"2024-05-23T17:13:40+00:00","og_image":[{"width":308,"height":200,"url":"https:\/\/www.pacoteshyatt.com.br\/rio-de-janeiro\/wp-content\/uploads\/sites\/2\/2021\/12\/oferta_spa-atiaia-box.jpg","type":"image\/jpeg"}],"twitter_card":"summary_large_image","twitter_misc":{"Est. tempo de leitura":"2 minutos"},"schema":{"@context":"https:\/\/schema.org","@graph":[{"@type":"WebSite","@id":"https:\/\/www.pacoteshyatt.com.br\/rio-de-janeiro\/#website","url":"https:\/\/www.pacoteshyatt.com.br\/rio-de-janeiro\/","name":"GRAND HYATT RIO DE JANEIRO","description":"Um verdadeiro resort urbano na Barra da Tijuca!","potentialAction":[{"@type":"SearchAction","target":{"@type":"EntryPoint","urlTemplate":"https:\/\/www.pacoteshyatt.com.br\/rio-de-janeiro\/?s={search_term_string}"},"query-input":"required name=search_term_string"}],"inLanguage":"pt-BR"},{"@type":"ImageObject","@id":"https:\/\/www.pacoteshyatt.com.br\/rio-de-janeiro\/product\/atiaia-box\/#primaryimage","inLanguage":"pt-BR","url":"https:\/\/www.pacoteshyatt.com.br\/rio-de-janeiro\/wp-content\/uploads\/sites\/2\/2021\/12\/oferta_spa-atiaia-box.jpg","contentUrl":"https:\/\/www.pacoteshyatt.com.br\/rio-de-janeiro\/wp-content\/uploads\/sites\/2\/2021\/12\/oferta_spa-atiaia-box.jpg","width":308,"height":200,"caption":"pacote com massagem e kit de spa"},{"@type":"WebPage","@id":"https:\/\/www.pacoteshyatt.com.br\/rio-de-janeiro\/product\/atiaia-box\/#webpage","url":"https:\/\/www.pacoteshyatt.com.br\/rio-de-janeiro\/product\/atiaia-box\/","name":"Atiaia Gift Box: pacote com massagem + kit de spa","isPartOf":{"@id":"https:\/\/www.pacoteshyatt.com.br\/rio-de-janeiro\/#website"},"primaryImageOfPage":{"@id":"https:\/\/www.pacoteshyatt.com.br\/rio-de-janeiro\/product\/atiaia-box\/#primaryimage"},"datePublished":"2021-12-09T16:48:52+00:00","dateModified":"2024-05-23T17:13:40+00:00","description":"Presentei aquela pessoal especial com um kit exclusivo de spa mais um voucher de massagem corporal com \u00f3leos essenciais relaxantes. Adquira agora aqui:","breadcrumb":{"@id":"https:\/\/www.pacoteshyatt.com.br\/rio-de-janeiro\/product\/atiaia-box\/#breadcrumb"},"inLanguage":"pt-BR","potentialAction":[{"@type":"ReadAction","target":["https:\/\/www.pacoteshyatt.com.br\/rio-de-janeiro\/product\/atiaia-box\/"]}]},{"@type":"BreadcrumbList","@id":"https:\/\/www.pacoteshyatt.com.br\/rio-de-janeiro\/product\/atiaia-box\/#breadcrumb","itemListElement":[{"@type":"ListItem","position":1,"name":"Home","item":"https:\/\/www.pacoteshyatt.com.br\/rio-de-janeiro\/"},{"@type":"ListItem","position":2,"name":"Cat\u00e1logo","item":"https:\/\/www.pacoteshyatt.com.br\/rio-de-janeiro\/catalogo\/"},{"@type":"ListItem","position":3,"name":"Atiaia Gift Box (massagem + kit)"}]}]}},"_links":{"self":[{"href":"https:\/\/www.pacoteshyatt.com.br\/rio-de-janeiro\/wp-json\/wp\/v2\/product\/4749"}],"collection":[{"href":"https:\/\/www.pacoteshyatt.com.br\/rio-de-janeiro\/wp-json\/wp\/v2\/product"}],"about":[{"href":"https:\/\/www.pacoteshyatt.com.br\/rio-de-janeiro\/wp-json\/wp\/v2\/types\/product"}],"wp:featuredmedia":[{"embeddable":true,"href":"https:\/\/www.pacoteshyatt.com.br\/rio-de-janeiro\/wp-json\/wp\/v2\/media\/4750"}],"wp:attachment":[{"href":"https:\/\/www.pacoteshyatt.com.br\/rio-de-janeiro\/wp-json\/wp\/v2\/media?parent=4749"}],"wp:term":[{"taxonomy":"product_cat","embeddable":true,"href":"https:\/\/www.pacoteshyatt.com.br\/rio-de-janeiro\/wp-json\/wp\/v2\/product_cat?post=4749"},{"taxonomy":"product_tag","embeddable":true,"href":"https:\/\/www.pacoteshyatt.com.br\/rio-de-janeiro\/wp-json\/wp\/v2\/product_tag?post=4749"}],"curies":[{"name":"wp","href":"https:\/\/api.w.org\/{rel}","templated":true}]}}