{"id":5160,"date":"2022-02-03T15:38:45","date_gmt":"2022-02-03T18:38:45","guid":{"rendered":"https:\/\/www.pacoteshyatt.com.br\/rio-de-janeiro\/?post_type=product&#038;p=5160"},"modified":"2026-02-26T14:39:49","modified_gmt":"2026-02-26T17:39:49","slug":"feijoada-de-carnaval","status":"publish","type":"product","link":"https:\/\/www.pacoteshyatt.com.br\/rio-de-janeiro\/product\/feijoada-de-carnaval\/","title":{"rendered":"31\/01 | Feijoada Pr\u00e9-Carnaval com Salgueiro"},"content":{"rendered":"<p><em><strong>Si vienes de fuera de Brasil, haga\u00a0<a href=\"https:\/\/www.hyattexperiences.com\/grand-hyatt\/riogh#!\/e\/fd2ad6ef\">clic aqu\u00ed<\/a>\u00a0|\u00a0If you are coming from outside Brazil,\u00a0<a href=\"https:\/\/www.hyattexperiences.com\/grand-hyatt\/riogh#!\/e\/fd2ad6ef\">click here<\/a><\/strong><\/em><\/p>\n<p>&nbsp;<\/p>\n<p>O m\u00eas mais animado do ano se aproxima e preparamos uma deliciosa <strong>Feijoada Pr\u00e9-Carnaval<\/strong> para entrar no clima!<\/p>\n<p>Para celebrar esta data com muito samba no p\u00e9, receberemos a escola de samba<strong> Salgueiro<\/strong>, com sua bateria e passistas trazendo muita m\u00fasica e a folia do carnaval carioca para o Grand Hyatt Rio de Janeiro!<\/p>\n<p>&nbsp;<\/p>\n<p><strong>\u2022\u00a0 Buffet completo com feijoada tradicional e vegana,<\/strong> al\u00e9m de sele\u00e7\u00e3o de queijos e antepastos, petiscos variados, esta\u00e7\u00e3o de saladas e mesa especial de sobremesas da confeitaria do hotel.<\/p>\n<p><strong>\u2022\u00a0 Bar com bebidas inclu\u00eddas:<\/strong> soft drinks, chopp, caipirinha, caipivodka, Aperol e Gin T\u00f4nica liberados.<\/p>\n<p><strong>\u2022\u00a0 Samba ao vivo\u00a0<\/strong>com os cl\u00e1ssicos brasileiros.<\/p>\n<p><strong>\u2022\u00a0 Bateria dos Acad\u00eamicos do Salgueiro<\/strong>, uma das escolas de samba mais tradicionais do Rio!<\/p>\n<p><strong>\u2022\u00a0 Abad\u00e1 exclusivo,<\/strong> com personaliza\u00e7\u00e3o inclusa para soltar a criatividade e cair na folia!<\/p>\n<p>&nbsp;<\/p>\n<p><strong>Segundo lote dispon\u00edvel!<\/strong><\/p>\n<p><strong>Data:<\/strong> 31\/01, das 13h \u00e0s 17h00*<\/p>\n<p>&nbsp;<\/p>\n<p>*Evento sujeito \u00e0 altera\u00e7\u00e3o sem aviso pr\u00e9vio e conforme decretos municipais da cidade do Rio de Janeiro.<strong><br \/>\n<\/strong><\/p>\n<p><span style=\"color: #bd2137\">Mais informa\u00e7\u00f5es: <a href=\"tel:21 3797-9524\"><em>21 3797-9524<\/em><\/a> ou email <a href=\"mailto:RIOGH-hostesses@hyatt.com\"><em>RIOGH-hostesses@hyatt.com<\/em><\/a><\/span><span style=\"color: #bd2137\">.<\/span><strong><br \/>\n<\/strong><\/p>\n","protected":false},"excerpt":{"rendered":"<p>Si vienes de fuera de Brasil, haga\u00a0clic aqu\u00ed\u00a0|\u00a0If you are coming from outside Brazil,\u00a0click here &nbsp; O m\u00eas mais animado do ano se aproxima e preparamos uma deliciosa Feijoada Pr\u00e9-Carnaval para entrar no clima! Para celebrar esta data com muito samba no p\u00e9, receberemos a escola de samba Salgueiro, com sua bateria e passistas trazendo [&hellip;]<\/p>\n","protected":false},"featured_media":22267,"template":"","meta":{"_eb_attr":""},"product_cat":[135,123,126,20,69,56],"product_tag":[],"bundled_by":[],"bundle_stock_status":"outofstock","bundle_stock_quantity":0,"bundle_virtual":false,"bundle_layout":"","bundle_add_to_cart_form_location":"","bundle_editable_in_cart":false,"bundle_sold_individually_context":"","bundle_item_grouping":"","bundle_min_size":"","bundle_max_size":"","bundled_items":[],"yoast_head":"<!-- This site is optimized with the Yoast SEO plugin v18.4.1 - https:\/\/yoast.com\/wordpress\/plugins\/seo\/ -->\n<title>Feijoada Pr\u00e9-Carnaval - Pacotes Grand Hyatt Rio de Janeiro<\/title>\n<meta name=\"description\" content=\"Conhe\u00e7a a deliciosa feijoada de Carnaval que preparamos para voc\u00ea entrar no clima, com open bar, buffet completo e presen\u00e7a da Salgueiro ao vivo. Acesse!\" \/>\n<meta name=\"robots\" content=\"index, follow, max-snippet:-1, max-image-preview:large, max-video-preview:-1\" \/>\n<link rel=\"canonical\" href=\"https:\/\/www.pacoteshyatt.com.br\/rio-de-janeiro\/product\/feijoada-de-carnaval\/\" \/>\n<meta property=\"og:locale\" content=\"pt_BR\" \/>\n<meta property=\"og:type\" content=\"article\" \/>\n<meta property=\"og:title\" content=\"Feijoada Pr\u00e9-Carnaval - Pacotes Grand Hyatt Rio de Janeiro\" \/>\n<meta property=\"og:description\" content=\"Conhe\u00e7a a deliciosa feijoada de Carnaval que preparamos para voc\u00ea entrar no clima, com open bar, buffet completo e presen\u00e7a da Salgueiro ao vivo. Acesse!\" \/>\n<meta property=\"og:url\" content=\"https:\/\/www.pacoteshyatt.com.br\/rio-de-janeiro\/product\/feijoada-de-carnaval\/\" \/>\n<meta property=\"og:site_name\" content=\"GRAND HYATT RIO DE JANEIRO\" \/>\n<meta property=\"article:modified_time\" content=\"2026-02-26T17:39:49+00:00\" \/>\n<meta property=\"og:image\" content=\"https:\/\/www.pacoteshyatt.com.br\/rio-de-janeiro\/wp-content\/uploads\/sites\/2\/2022\/02\/GHRJ_FeijoadaPreCarnaval_BannerOferta_308x200px_v02.png\" \/>\n\t<meta property=\"og:image:width\" content=\"1284\" \/>\n\t<meta property=\"og:image:height\" content=\"834\" \/>\n\t<meta property=\"og:image:type\" content=\"image\/png\" \/>\n<meta name=\"twitter:card\" content=\"summary_large_image\" \/>\n<meta name=\"twitter:label1\" content=\"Est. tempo de leitura\" \/>\n\t<meta name=\"twitter:data1\" content=\"1 minuto\" \/>\n<script type=\"application\/ld+json\" class=\"yoast-schema-graph\">{\"@context\":\"https:\/\/schema.org\",\"@graph\":[{\"@type\":\"WebSite\",\"@id\":\"https:\/\/www.pacoteshyatt.com.br\/rio-de-janeiro\/#website\",\"url\":\"https:\/\/www.pacoteshyatt.com.br\/rio-de-janeiro\/\",\"name\":\"GRAND HYATT RIO DE JANEIRO\",\"description\":\"Um verdadeiro resort urbano na Barra da Tijuca!\",\"potentialAction\":[{\"@type\":\"SearchAction\",\"target\":{\"@type\":\"EntryPoint\",\"urlTemplate\":\"https:\/\/www.pacoteshyatt.com.br\/rio-de-janeiro\/?s={search_term_string}\"},\"query-input\":\"required name=search_term_string\"}],\"inLanguage\":\"pt-BR\"},{\"@type\":\"ImageObject\",\"@id\":\"https:\/\/www.pacoteshyatt.com.br\/rio-de-janeiro\/product\/feijoada-de-carnaval\/#primaryimage\",\"inLanguage\":\"pt-BR\",\"url\":\"https:\/\/www.pacoteshyatt.com.br\/rio-de-janeiro\/wp-content\/uploads\/sites\/2\/2022\/02\/GHRJ_FeijoadaPreCarnaval_BannerOferta_308x200px_v02.png\",\"contentUrl\":\"https:\/\/www.pacoteshyatt.com.br\/rio-de-janeiro\/wp-content\/uploads\/sites\/2\/2022\/02\/GHRJ_FeijoadaPreCarnaval_BannerOferta_308x200px_v02.png\",\"width\":1284,\"height\":834,\"caption\":\"pacote feijoada de carnaval 2026 do grand hyatt rio de janeiro\"},{\"@type\":\"WebPage\",\"@id\":\"https:\/\/www.pacoteshyatt.com.br\/rio-de-janeiro\/product\/feijoada-de-carnaval\/#webpage\",\"url\":\"https:\/\/www.pacoteshyatt.com.br\/rio-de-janeiro\/product\/feijoada-de-carnaval\/\",\"name\":\"Feijoada Pr\u00e9-Carnaval - Pacotes Grand Hyatt Rio de Janeiro\",\"isPartOf\":{\"@id\":\"https:\/\/www.pacoteshyatt.com.br\/rio-de-janeiro\/#website\"},\"primaryImageOfPage\":{\"@id\":\"https:\/\/www.pacoteshyatt.com.br\/rio-de-janeiro\/product\/feijoada-de-carnaval\/#primaryimage\"},\"datePublished\":\"2022-02-03T18:38:45+00:00\",\"dateModified\":\"2026-02-26T17:39:49+00:00\",\"description\":\"Conhe\u00e7a a deliciosa feijoada de Carnaval que preparamos para voc\u00ea entrar no clima, com open bar, buffet completo e presen\u00e7a da Salgueiro ao vivo. Acesse!\",\"breadcrumb\":{\"@id\":\"https:\/\/www.pacoteshyatt.com.br\/rio-de-janeiro\/product\/feijoada-de-carnaval\/#breadcrumb\"},\"inLanguage\":\"pt-BR\",\"potentialAction\":[{\"@type\":\"ReadAction\",\"target\":[\"https:\/\/www.pacoteshyatt.com.br\/rio-de-janeiro\/product\/feijoada-de-carnaval\/\"]}]},{\"@type\":\"BreadcrumbList\",\"@id\":\"https:\/\/www.pacoteshyatt.com.br\/rio-de-janeiro\/product\/feijoada-de-carnaval\/#breadcrumb\",\"itemListElement\":[{\"@type\":\"ListItem\",\"position\":1,\"name\":\"Home\",\"item\":\"https:\/\/www.pacoteshyatt.com.br\/rio-de-janeiro\/\"},{\"@type\":\"ListItem\",\"position\":2,\"name\":\"Cat\u00e1logo\",\"item\":\"https:\/\/www.pacoteshyatt.com.br\/rio-de-janeiro\/catalogo\/\"},{\"@type\":\"ListItem\",\"position\":3,\"name\":\"31\/01 | Feijoada Pr\u00e9-Carnaval com Salgueiro\"}]}]}<\/script>\n<!-- \/ Yoast SEO plugin. -->","yoast_head_json":{"title":"Feijoada Pr\u00e9-Carnaval - Pacotes Grand Hyatt Rio de Janeiro","description":"Conhe\u00e7a a deliciosa feijoada de Carnaval que preparamos para voc\u00ea entrar no clima, com open bar, buffet completo e presen\u00e7a da Salgueiro ao vivo. Acesse!","robots":{"index":"index","follow":"follow","max-snippet":"max-snippet:-1","max-image-preview":"max-image-preview:large","max-video-preview":"max-video-preview:-1"},"canonical":"https:\/\/www.pacoteshyatt.com.br\/rio-de-janeiro\/product\/feijoada-de-carnaval\/","og_locale":"pt_BR","og_type":"article","og_title":"Feijoada Pr\u00e9-Carnaval - Pacotes Grand Hyatt Rio de Janeiro","og_description":"Conhe\u00e7a a deliciosa feijoada de Carnaval que preparamos para voc\u00ea entrar no clima, com open bar, buffet completo e presen\u00e7a da Salgueiro ao vivo. Acesse!","og_url":"https:\/\/www.pacoteshyatt.com.br\/rio-de-janeiro\/product\/feijoada-de-carnaval\/","og_site_name":"GRAND HYATT RIO DE JANEIRO","article_modified_time":"2026-02-26T17:39:49+00:00","og_image":[{"width":1284,"height":834,"url":"https:\/\/www.pacoteshyatt.com.br\/rio-de-janeiro\/wp-content\/uploads\/sites\/2\/2022\/02\/GHRJ_FeijoadaPreCarnaval_BannerOferta_308x200px_v02.png","type":"image\/png"}],"twitter_card":"summary_large_image","twitter_misc":{"Est. tempo de leitura":"1 minuto"},"schema":{"@context":"https:\/\/schema.org","@graph":[{"@type":"WebSite","@id":"https:\/\/www.pacoteshyatt.com.br\/rio-de-janeiro\/#website","url":"https:\/\/www.pacoteshyatt.com.br\/rio-de-janeiro\/","name":"GRAND HYATT RIO DE JANEIRO","description":"Um verdadeiro resort urbano na Barra da Tijuca!","potentialAction":[{"@type":"SearchAction","target":{"@type":"EntryPoint","urlTemplate":"https:\/\/www.pacoteshyatt.com.br\/rio-de-janeiro\/?s={search_term_string}"},"query-input":"required name=search_term_string"}],"inLanguage":"pt-BR"},{"@type":"ImageObject","@id":"https:\/\/www.pacoteshyatt.com.br\/rio-de-janeiro\/product\/feijoada-de-carnaval\/#primaryimage","inLanguage":"pt-BR","url":"https:\/\/www.pacoteshyatt.com.br\/rio-de-janeiro\/wp-content\/uploads\/sites\/2\/2022\/02\/GHRJ_FeijoadaPreCarnaval_BannerOferta_308x200px_v02.png","contentUrl":"https:\/\/www.pacoteshyatt.com.br\/rio-de-janeiro\/wp-content\/uploads\/sites\/2\/2022\/02\/GHRJ_FeijoadaPreCarnaval_BannerOferta_308x200px_v02.png","width":1284,"height":834,"caption":"pacote feijoada de carnaval 2026 do grand hyatt rio de janeiro"},{"@type":"WebPage","@id":"https:\/\/www.pacoteshyatt.com.br\/rio-de-janeiro\/product\/feijoada-de-carnaval\/#webpage","url":"https:\/\/www.pacoteshyatt.com.br\/rio-de-janeiro\/product\/feijoada-de-carnaval\/","name":"Feijoada Pr\u00e9-Carnaval - Pacotes Grand Hyatt Rio de Janeiro","isPartOf":{"@id":"https:\/\/www.pacoteshyatt.com.br\/rio-de-janeiro\/#website"},"primaryImageOfPage":{"@id":"https:\/\/www.pacoteshyatt.com.br\/rio-de-janeiro\/product\/feijoada-de-carnaval\/#primaryimage"},"datePublished":"2022-02-03T18:38:45+00:00","dateModified":"2026-02-26T17:39:49+00:00","description":"Conhe\u00e7a a deliciosa feijoada de Carnaval que preparamos para voc\u00ea entrar no clima, com open bar, buffet completo e presen\u00e7a da Salgueiro ao vivo. Acesse!","breadcrumb":{"@id":"https:\/\/www.pacoteshyatt.com.br\/rio-de-janeiro\/product\/feijoada-de-carnaval\/#breadcrumb"},"inLanguage":"pt-BR","potentialAction":[{"@type":"ReadAction","target":["https:\/\/www.pacoteshyatt.com.br\/rio-de-janeiro\/product\/feijoada-de-carnaval\/"]}]},{"@type":"BreadcrumbList","@id":"https:\/\/www.pacoteshyatt.com.br\/rio-de-janeiro\/product\/feijoada-de-carnaval\/#breadcrumb","itemListElement":[{"@type":"ListItem","position":1,"name":"Home","item":"https:\/\/www.pacoteshyatt.com.br\/rio-de-janeiro\/"},{"@type":"ListItem","position":2,"name":"Cat\u00e1logo","item":"https:\/\/www.pacoteshyatt.com.br\/rio-de-janeiro\/catalogo\/"},{"@type":"ListItem","position":3,"name":"31\/01 | Feijoada Pr\u00e9-Carnaval com Salgueiro"}]}]}},"_links":{"self":[{"href":"https:\/\/www.pacoteshyatt.com.br\/rio-de-janeiro\/wp-json\/wp\/v2\/product\/5160"}],"collection":[{"href":"https:\/\/www.pacoteshyatt.com.br\/rio-de-janeiro\/wp-json\/wp\/v2\/product"}],"about":[{"href":"https:\/\/www.pacoteshyatt.com.br\/rio-de-janeiro\/wp-json\/wp\/v2\/types\/product"}],"wp:featuredmedia":[{"embeddable":true,"href":"https:\/\/www.pacoteshyatt.com.br\/rio-de-janeiro\/wp-json\/wp\/v2\/media\/22267"}],"wp:attachment":[{"href":"https:\/\/www.pacoteshyatt.com.br\/rio-de-janeiro\/wp-json\/wp\/v2\/media?parent=5160"}],"wp:term":[{"taxonomy":"product_cat","embeddable":true,"href":"https:\/\/www.pacoteshyatt.com.br\/rio-de-janeiro\/wp-json\/wp\/v2\/product_cat?post=5160"},{"taxonomy":"product_tag","embeddable":true,"href":"https:\/\/www.pacoteshyatt.com.br\/rio-de-janeiro\/wp-json\/wp\/v2\/product_tag?post=5160"}],"curies":[{"name":"wp","href":"https:\/\/api.w.org\/{rel}","templated":true}]}}