{"id":5217,"date":"2022-02-08T15:53:36","date_gmt":"2022-02-08T18:53:36","guid":{"rendered":"https:\/\/www.pacoteshyatt.com.br\/rio-de-janeiro\/?post_type=product&#038;p=5217"},"modified":"2026-05-14T11:34:09","modified_gmt":"2026-05-14T14:34:09","slug":"facial-revitalizante","status":"publish","type":"product","link":"https:\/\/www.pacoteshyatt.com.br\/rio-de-janeiro\/product\/facial-revitalizante\/","title":{"rendered":"Facial Revitalizante"},"content":{"rendered":"<p>O <strong>Spa Facial Revitalizante<\/strong> \u00e9 um tratamento de 50 minutos preventivo rico em ativos nutritivos e oxigenantes que estimulam a reposi\u00e7\u00e3o de col\u00e1geno e elastina, combatendo fatores envolvidos no envelhecimento cut\u00e2neo e devolvendo um aspecto saud\u00e1vel \u00e0 pele. Esse tratamento proporciona melhora na textura, al\u00e9m de auxiliar na firmeza e revitaliza\u00e7\u00e3o da pele cansada.<\/p>\n<p>&nbsp;<\/p>\n<p><strong><span style=\"color: #bd2137\"><em><span class=\"ui-provider a b c d e f g h i j k l m n o p q r s t u v w x y z ab ac ae af ag ah ai aj ak\" dir=\"ltr\"><i>ESTE VOUCHER TEM VALIDADE DE 3 MESES, MEDIANTE AGENDAMENTO PR\u00c9VIO E DISPONIBILIDADE.<\/i><\/span><\/em><\/span><\/strong><\/p>\n<p><span style=\"color: #bd2137\"><i>Ap\u00f3s a compra, \u00e9 necess\u00e1rio realizar o agendamento atrav\u00e9s do Whatsapp: (21) 3797-9566. Para essa experi\u00eancia, n\u00e3o atendemos gestantes. Consulte disponibilidade.<\/i><\/span><\/p>\n<p><span style=\"color: #bd2137\"><i>Sess\u00f5es j\u00e1 agendadas somente poder\u00e3o ser reagendadas ou canceladas com <strong><u>at\u00e9 6 horas de anteced\u00eancia<\/u><\/strong>. Caso o aviso n\u00e3o seja feito dentro do prazo, o voucher ser\u00e1 considerado utilizado.<\/i><\/span><\/p>\n","protected":false},"excerpt":{"rendered":"<p>O Spa Facial Revitalizante \u00e9 um tratamento de 50 minutos preventivo rico em ativos nutritivos e oxigenantes que estimulam a reposi\u00e7\u00e3o de col\u00e1geno e elastina, combatendo fatores envolvidos no envelhecimento cut\u00e2neo e devolvendo um aspecto saud\u00e1vel \u00e0 pele. Esse tratamento proporciona melhora na textura, al\u00e9m de auxiliar na firmeza e revitaliza\u00e7\u00e3o da pele cansada. &nbsp; [&hellip;]<\/p>\n","protected":false},"featured_media":5225,"template":"","meta":{"_eb_attr":""},"product_cat":[19,84,68,71],"product_tag":[],"bundled_by":[],"bundle_stock_status":"instock","bundle_stock_quantity":20,"bundle_virtual":false,"bundle_layout":"","bundle_add_to_cart_form_location":"","bundle_editable_in_cart":false,"bundle_sold_individually_context":"","bundle_item_grouping":"","bundle_min_size":"","bundle_max_size":"","bundled_items":[],"yoast_head":"<!-- This site is optimized with the Yoast SEO plugin v18.4.1 - https:\/\/yoast.com\/wordpress\/plugins\/seo\/ -->\n<title>Spa Facial Revitalizante - Pacotes Hyatt Rio de Janeiro<\/title>\n<meta name=\"description\" content=\"Spa Facial Revitalizante no Rio de Janeiro com sess\u00e3o de 50 minutos com ativos nutritivos que melhoram a textura e firmeza da pele. Reserve agora!\" \/>\n<meta name=\"robots\" content=\"index, follow, max-snippet:-1, max-image-preview:large, max-video-preview:-1\" \/>\n<link rel=\"canonical\" href=\"https:\/\/www.pacoteshyatt.com.br\/rio-de-janeiro\/product\/facial-revitalizante\/\" \/>\n<meta property=\"og:locale\" content=\"pt_BR\" \/>\n<meta property=\"og:type\" content=\"article\" \/>\n<meta property=\"og:title\" content=\"Spa Facial Revitalizante - Pacotes Hyatt Rio de Janeiro\" \/>\n<meta property=\"og:description\" content=\"Spa Facial Revitalizante no Rio de Janeiro com sess\u00e3o de 50 minutos com ativos nutritivos que melhoram a textura e firmeza da pele. Reserve agora!\" \/>\n<meta property=\"og:url\" content=\"https:\/\/www.pacoteshyatt.com.br\/rio-de-janeiro\/product\/facial-revitalizante\/\" \/>\n<meta property=\"og:site_name\" content=\"GRAND HYATT RIO DE JANEIRO\" \/>\n<meta property=\"article:modified_time\" content=\"2026-05-14T14:34:09+00:00\" \/>\n<meta property=\"og:image\" content=\"https:\/\/www.pacoteshyatt.com.br\/rio-de-janeiro\/wp-content\/uploads\/sites\/2\/2022\/02\/oferta_spa-revitalizante.jpg\" \/>\n\t<meta property=\"og:image:width\" content=\"308\" \/>\n\t<meta property=\"og:image:height\" content=\"200\" \/>\n\t<meta property=\"og:image:type\" content=\"image\/jpeg\" \/>\n<meta name=\"twitter:card\" content=\"summary_large_image\" \/>\n<meta name=\"twitter:label1\" content=\"Est. tempo de leitura\" \/>\n\t<meta name=\"twitter:data1\" content=\"1 minuto\" \/>\n<script type=\"application\/ld+json\" class=\"yoast-schema-graph\">{\"@context\":\"https:\/\/schema.org\",\"@graph\":[{\"@type\":\"WebSite\",\"@id\":\"https:\/\/www.pacoteshyatt.com.br\/rio-de-janeiro\/#website\",\"url\":\"https:\/\/www.pacoteshyatt.com.br\/rio-de-janeiro\/\",\"name\":\"GRAND HYATT RIO DE JANEIRO\",\"description\":\"Um verdadeiro resort urbano na Barra da Tijuca!\",\"potentialAction\":[{\"@type\":\"SearchAction\",\"target\":{\"@type\":\"EntryPoint\",\"urlTemplate\":\"https:\/\/www.pacoteshyatt.com.br\/rio-de-janeiro\/?s={search_term_string}\"},\"query-input\":\"required name=search_term_string\"}],\"inLanguage\":\"pt-BR\"},{\"@type\":\"ImageObject\",\"@id\":\"https:\/\/www.pacoteshyatt.com.br\/rio-de-janeiro\/product\/facial-revitalizante\/#primaryimage\",\"inLanguage\":\"pt-BR\",\"url\":\"https:\/\/www.pacoteshyatt.com.br\/rio-de-janeiro\/wp-content\/uploads\/sites\/2\/2022\/02\/oferta_spa-revitalizante.jpg\",\"contentUrl\":\"https:\/\/www.pacoteshyatt.com.br\/rio-de-janeiro\/wp-content\/uploads\/sites\/2\/2022\/02\/oferta_spa-revitalizante.jpg\",\"width\":308,\"height\":200,\"caption\":\"Spa Facial Rejuvenescedor\"},{\"@type\":\"WebPage\",\"@id\":\"https:\/\/www.pacoteshyatt.com.br\/rio-de-janeiro\/product\/facial-revitalizante\/#webpage\",\"url\":\"https:\/\/www.pacoteshyatt.com.br\/rio-de-janeiro\/product\/facial-revitalizante\/\",\"name\":\"Spa Facial Revitalizante - Pacotes Hyatt Rio de Janeiro\",\"isPartOf\":{\"@id\":\"https:\/\/www.pacoteshyatt.com.br\/rio-de-janeiro\/#website\"},\"primaryImageOfPage\":{\"@id\":\"https:\/\/www.pacoteshyatt.com.br\/rio-de-janeiro\/product\/facial-revitalizante\/#primaryimage\"},\"datePublished\":\"2022-02-08T18:53:36+00:00\",\"dateModified\":\"2026-05-14T14:34:09+00:00\",\"description\":\"Spa Facial Revitalizante no Rio de Janeiro com sess\u00e3o de 50 minutos com ativos nutritivos que melhoram a textura e firmeza da pele. Reserve agora!\",\"breadcrumb\":{\"@id\":\"https:\/\/www.pacoteshyatt.com.br\/rio-de-janeiro\/product\/facial-revitalizante\/#breadcrumb\"},\"inLanguage\":\"pt-BR\",\"potentialAction\":[{\"@type\":\"ReadAction\",\"target\":[\"https:\/\/www.pacoteshyatt.com.br\/rio-de-janeiro\/product\/facial-revitalizante\/\"]}]},{\"@type\":\"BreadcrumbList\",\"@id\":\"https:\/\/www.pacoteshyatt.com.br\/rio-de-janeiro\/product\/facial-revitalizante\/#breadcrumb\",\"itemListElement\":[{\"@type\":\"ListItem\",\"position\":1,\"name\":\"Home\",\"item\":\"https:\/\/www.pacoteshyatt.com.br\/rio-de-janeiro\/\"},{\"@type\":\"ListItem\",\"position\":2,\"name\":\"Cat\u00e1logo\",\"item\":\"https:\/\/www.pacoteshyatt.com.br\/rio-de-janeiro\/catalogo\/\"},{\"@type\":\"ListItem\",\"position\":3,\"name\":\"Facial Revitalizante\"}]}]}<\/script>\n<!-- \/ Yoast SEO plugin. -->","yoast_head_json":{"title":"Spa Facial Revitalizante - Pacotes Hyatt Rio de Janeiro","description":"Spa Facial Revitalizante no Rio de Janeiro com sess\u00e3o de 50 minutos com ativos nutritivos que melhoram a textura e firmeza da pele. Reserve agora!","robots":{"index":"index","follow":"follow","max-snippet":"max-snippet:-1","max-image-preview":"max-image-preview:large","max-video-preview":"max-video-preview:-1"},"canonical":"https:\/\/www.pacoteshyatt.com.br\/rio-de-janeiro\/product\/facial-revitalizante\/","og_locale":"pt_BR","og_type":"article","og_title":"Spa Facial Revitalizante - Pacotes Hyatt Rio de Janeiro","og_description":"Spa Facial Revitalizante no Rio de Janeiro com sess\u00e3o de 50 minutos com ativos nutritivos que melhoram a textura e firmeza da pele. Reserve agora!","og_url":"https:\/\/www.pacoteshyatt.com.br\/rio-de-janeiro\/product\/facial-revitalizante\/","og_site_name":"GRAND HYATT RIO DE JANEIRO","article_modified_time":"2026-05-14T14:34:09+00:00","og_image":[{"width":308,"height":200,"url":"https:\/\/www.pacoteshyatt.com.br\/rio-de-janeiro\/wp-content\/uploads\/sites\/2\/2022\/02\/oferta_spa-revitalizante.jpg","type":"image\/jpeg"}],"twitter_card":"summary_large_image","twitter_misc":{"Est. tempo de leitura":"1 minuto"},"schema":{"@context":"https:\/\/schema.org","@graph":[{"@type":"WebSite","@id":"https:\/\/www.pacoteshyatt.com.br\/rio-de-janeiro\/#website","url":"https:\/\/www.pacoteshyatt.com.br\/rio-de-janeiro\/","name":"GRAND HYATT RIO DE JANEIRO","description":"Um verdadeiro resort urbano na Barra da Tijuca!","potentialAction":[{"@type":"SearchAction","target":{"@type":"EntryPoint","urlTemplate":"https:\/\/www.pacoteshyatt.com.br\/rio-de-janeiro\/?s={search_term_string}"},"query-input":"required name=search_term_string"}],"inLanguage":"pt-BR"},{"@type":"ImageObject","@id":"https:\/\/www.pacoteshyatt.com.br\/rio-de-janeiro\/product\/facial-revitalizante\/#primaryimage","inLanguage":"pt-BR","url":"https:\/\/www.pacoteshyatt.com.br\/rio-de-janeiro\/wp-content\/uploads\/sites\/2\/2022\/02\/oferta_spa-revitalizante.jpg","contentUrl":"https:\/\/www.pacoteshyatt.com.br\/rio-de-janeiro\/wp-content\/uploads\/sites\/2\/2022\/02\/oferta_spa-revitalizante.jpg","width":308,"height":200,"caption":"Spa Facial Rejuvenescedor"},{"@type":"WebPage","@id":"https:\/\/www.pacoteshyatt.com.br\/rio-de-janeiro\/product\/facial-revitalizante\/#webpage","url":"https:\/\/www.pacoteshyatt.com.br\/rio-de-janeiro\/product\/facial-revitalizante\/","name":"Spa Facial Revitalizante - Pacotes Hyatt Rio de Janeiro","isPartOf":{"@id":"https:\/\/www.pacoteshyatt.com.br\/rio-de-janeiro\/#website"},"primaryImageOfPage":{"@id":"https:\/\/www.pacoteshyatt.com.br\/rio-de-janeiro\/product\/facial-revitalizante\/#primaryimage"},"datePublished":"2022-02-08T18:53:36+00:00","dateModified":"2026-05-14T14:34:09+00:00","description":"Spa Facial Revitalizante no Rio de Janeiro com sess\u00e3o de 50 minutos com ativos nutritivos que melhoram a textura e firmeza da pele. Reserve agora!","breadcrumb":{"@id":"https:\/\/www.pacoteshyatt.com.br\/rio-de-janeiro\/product\/facial-revitalizante\/#breadcrumb"},"inLanguage":"pt-BR","potentialAction":[{"@type":"ReadAction","target":["https:\/\/www.pacoteshyatt.com.br\/rio-de-janeiro\/product\/facial-revitalizante\/"]}]},{"@type":"BreadcrumbList","@id":"https:\/\/www.pacoteshyatt.com.br\/rio-de-janeiro\/product\/facial-revitalizante\/#breadcrumb","itemListElement":[{"@type":"ListItem","position":1,"name":"Home","item":"https:\/\/www.pacoteshyatt.com.br\/rio-de-janeiro\/"},{"@type":"ListItem","position":2,"name":"Cat\u00e1logo","item":"https:\/\/www.pacoteshyatt.com.br\/rio-de-janeiro\/catalogo\/"},{"@type":"ListItem","position":3,"name":"Facial Revitalizante"}]}]}},"_links":{"self":[{"href":"https:\/\/www.pacoteshyatt.com.br\/rio-de-janeiro\/wp-json\/wp\/v2\/product\/5217"}],"collection":[{"href":"https:\/\/www.pacoteshyatt.com.br\/rio-de-janeiro\/wp-json\/wp\/v2\/product"}],"about":[{"href":"https:\/\/www.pacoteshyatt.com.br\/rio-de-janeiro\/wp-json\/wp\/v2\/types\/product"}],"wp:featuredmedia":[{"embeddable":true,"href":"https:\/\/www.pacoteshyatt.com.br\/rio-de-janeiro\/wp-json\/wp\/v2\/media\/5225"}],"wp:attachment":[{"href":"https:\/\/www.pacoteshyatt.com.br\/rio-de-janeiro\/wp-json\/wp\/v2\/media?parent=5217"}],"wp:term":[{"taxonomy":"product_cat","embeddable":true,"href":"https:\/\/www.pacoteshyatt.com.br\/rio-de-janeiro\/wp-json\/wp\/v2\/product_cat?post=5217"},{"taxonomy":"product_tag","embeddable":true,"href":"https:\/\/www.pacoteshyatt.com.br\/rio-de-janeiro\/wp-json\/wp\/v2\/product_tag?post=5217"}],"curies":[{"name":"wp","href":"https:\/\/api.w.org\/{rel}","templated":true}]}}