{"id":5480,"date":"2022-03-15T14:49:22","date_gmt":"2022-03-15T17:49:22","guid":{"rendered":"https:\/\/www.pacoteshyatt.com.br\/rio-de-janeiro\/?post_type=product&#038;p=5480"},"modified":"2025-09-23T00:28:58","modified_gmt":"2025-09-23T03:28:58","slug":"pacote-10-sessoes-massagem","status":"publish","type":"product","link":"https:\/\/www.pacoteshyatt.com.br\/rio-de-janeiro\/product\/pacote-10-sessoes-massagem\/","title":{"rendered":"Pacote 10 Sess\u00f5es de Massagem"},"content":{"rendered":"<p><strong>Pacote de massagem na Barra da Tijuca &#8211; Grand Hyatt Rio de Janeiro<\/strong><\/p>\n<p>Que tal presentear algu\u00e9m especial ou at\u00e9 mesmo a si com 10 sess\u00f5es de uma das <strong>massagens do Atiaia Spa<\/strong>? Nesse pacote voc\u00ea escolhe a op\u00e7\u00e3o ideal para aliviar o estresse do dia a dia. Conhe\u00e7a as op\u00e7\u00f5es:<\/p>\n<p><strong>MASSAGEM ATIAIA<\/strong>: a massagem assinatura do Atiaia Spa une manobras de amassamento, percurss\u00e3o, deslizamento, acupress\u00e3o e drenagem junto com o exclusivo \u00f3leo\u00a0essencial Atiaia, proporcionando revigor ao corpo todo. Nessa oferta voc\u00ea adquir\u00e1 o pacote de 4 sess\u00f5es dessa deliciosa e relaxante massagem.<\/p>\n<p><strong>MASSAGEM PROFUNDA<\/strong>: Mais conhecida como Massagem Deep Tissue e inspirada na for\u00e7a e profundezas dos oceanos, esta massagem corporal alivia dores e tens\u00f5es musculares causadas pelo stress ou exerc\u00edcios f\u00edsicos por meio de manobras que penetram as diversas camadas dos m\u00fasculos.<br \/>\n<strong><br \/>\nMASSAGEM RELAXANTE<\/strong>: Composta por ritmos e compassada como uma melodia, essa massagem promove o relaxamento profundo e bem-estar por meio de movimentos harmoniosos de deslizamento com m\u00e3os e antebra\u00e7os.<\/p>\n<p>Este <strong>pacote de massagem<\/strong> t\u00eam validade de 1 ano para utiliza\u00e7\u00e3o.<\/p>\n<p>&nbsp;<\/p>\n<p><span style=\"color: #bd2137\"><i>Ap\u00f3s a compra, \u00e9 necess\u00e1rio realizar o agendamento atrav\u00e9s do Whatsapp: (21) 3797-9566<\/i><\/span><\/p>\n","protected":false},"excerpt":{"rendered":"<p>Pacote de massagem na Barra da Tijuca &#8211; Grand Hyatt Rio de Janeiro Que tal presentear algu\u00e9m especial ou at\u00e9 mesmo a si com 10 sess\u00f5es de uma das massagens do Atiaia Spa? Nesse pacote voc\u00ea escolhe a op\u00e7\u00e3o ideal para aliviar o estresse do dia a dia. Conhe\u00e7a as op\u00e7\u00f5es: MASSAGEM ATIAIA: a massagem [&hellip;]<\/p>\n","protected":false},"featured_media":5994,"template":"","meta":{"_eb_attr":""},"product_cat":[19,23,54],"product_tag":[],"bundled_by":[],"bundle_stock_status":"instock","bundle_stock_quantity":"","bundle_virtual":true,"bundle_layout":"default","bundle_add_to_cart_form_location":"default","bundle_editable_in_cart":false,"bundle_sold_individually_context":"product","bundle_item_grouping":"parent","bundle_min_size":10,"bundle_max_size":10,"bundled_items":[{"bundled_item_id":192,"product_id":14431,"menu_order":0,"quantity_min":0,"quantity_max":10,"quantity_default":10,"priced_individually":true,"shipped_individually":false,"override_title":false,"title":"","override_description":false,"description":"","optional":false,"hide_thumbnail":false,"discount":"","override_variations":false,"allowed_variations":[],"override_default_variation_attributes":false,"default_variation_attributes":[],"single_product_visibility":"visible","cart_visibility":"visible","order_visibility":"visible","single_product_price_visibility":"visible","cart_price_visibility":"visible","order_price_visibility":"visible","stock_status":"in_stock"},{"bundled_item_id":193,"product_id":14434,"menu_order":1,"quantity_min":0,"quantity_max":10,"quantity_default":10,"priced_individually":true,"shipped_individually":true,"override_title":false,"title":"","override_description":false,"description":"","optional":false,"hide_thumbnail":false,"discount":"","override_variations":false,"allowed_variations":[],"override_default_variation_attributes":false,"default_variation_attributes":[],"single_product_visibility":"visible","cart_visibility":"visible","order_visibility":"visible","single_product_price_visibility":"visible","cart_price_visibility":"visible","order_price_visibility":"visible","stock_status":"in_stock"}],"yoast_head":"<!-- This site is optimized with the Yoast SEO plugin v18.4.1 - https:\/\/yoast.com\/wordpress\/plugins\/seo\/ -->\n<title>Pacote de Massagem com 10 Sess\u00f5es - Grand Hyatt RJ<\/title>\n<meta name=\"description\" content=\"Cuide do seu bem-estar com 10 sess\u00f5es de massagem no Atiaia Spa do Grand Hyatt Rio de Janeiro. Escolha entre t\u00e9cnicas exclusivas e relaxe profundamente. Acesse!\" \/>\n<meta name=\"robots\" content=\"index, follow, max-snippet:-1, max-image-preview:large, max-video-preview:-1\" \/>\n<link rel=\"canonical\" href=\"https:\/\/www.pacoteshyatt.com.br\/rio-de-janeiro\/product\/pacote-10-sessoes-massagem\/\" \/>\n<meta property=\"og:locale\" content=\"pt_BR\" \/>\n<meta property=\"og:type\" content=\"article\" \/>\n<meta property=\"og:title\" content=\"Pacote de Massagem com 10 Sess\u00f5es - Grand Hyatt RJ\" \/>\n<meta property=\"og:description\" content=\"Cuide do seu bem-estar com 10 sess\u00f5es de massagem no Atiaia Spa do Grand Hyatt Rio de Janeiro. Escolha entre t\u00e9cnicas exclusivas e relaxe profundamente. Acesse!\" \/>\n<meta property=\"og:url\" content=\"https:\/\/www.pacoteshyatt.com.br\/rio-de-janeiro\/product\/pacote-10-sessoes-massagem\/\" \/>\n<meta property=\"og:site_name\" content=\"GRAND HYATT RIO DE JANEIRO\" \/>\n<meta property=\"article:modified_time\" content=\"2025-09-23T03:28:58+00:00\" \/>\n<meta property=\"og:image\" content=\"https:\/\/www.pacoteshyatt.com.br\/rio-de-janeiro\/wp-content\/uploads\/sites\/2\/2022\/06\/oferta_spa-massagens_2.jpg\" \/>\n\t<meta property=\"og:image:width\" content=\"308\" \/>\n\t<meta property=\"og:image:height\" content=\"200\" \/>\n\t<meta property=\"og:image:type\" content=\"image\/jpeg\" \/>\n<meta name=\"twitter:card\" content=\"summary_large_image\" \/>\n<meta name=\"twitter:label1\" content=\"Est. tempo de leitura\" \/>\n\t<meta name=\"twitter:data1\" content=\"1 minuto\" \/>\n<script type=\"application\/ld+json\" class=\"yoast-schema-graph\">{\"@context\":\"https:\/\/schema.org\",\"@graph\":[{\"@type\":\"WebSite\",\"@id\":\"https:\/\/www.pacoteshyatt.com.br\/rio-de-janeiro\/#website\",\"url\":\"https:\/\/www.pacoteshyatt.com.br\/rio-de-janeiro\/\",\"name\":\"GRAND HYATT RIO DE JANEIRO\",\"description\":\"Um verdadeiro resort urbano na Barra da Tijuca!\",\"potentialAction\":[{\"@type\":\"SearchAction\",\"target\":{\"@type\":\"EntryPoint\",\"urlTemplate\":\"https:\/\/www.pacoteshyatt.com.br\/rio-de-janeiro\/?s={search_term_string}\"},\"query-input\":\"required name=search_term_string\"}],\"inLanguage\":\"pt-BR\"},{\"@type\":\"ImageObject\",\"@id\":\"https:\/\/www.pacoteshyatt.com.br\/rio-de-janeiro\/product\/pacote-10-sessoes-massagem\/#primaryimage\",\"inLanguage\":\"pt-BR\",\"url\":\"https:\/\/www.pacoteshyatt.com.br\/rio-de-janeiro\/wp-content\/uploads\/sites\/2\/2022\/06\/oferta_spa-massagens_2.jpg\",\"contentUrl\":\"https:\/\/www.pacoteshyatt.com.br\/rio-de-janeiro\/wp-content\/uploads\/sites\/2\/2022\/06\/oferta_spa-massagens_2.jpg\",\"width\":308,\"height\":200,\"caption\":\"Pacote 10 Sess\u00f5es de Massagem\"},{\"@type\":\"WebPage\",\"@id\":\"https:\/\/www.pacoteshyatt.com.br\/rio-de-janeiro\/product\/pacote-10-sessoes-massagem\/#webpage\",\"url\":\"https:\/\/www.pacoteshyatt.com.br\/rio-de-janeiro\/product\/pacote-10-sessoes-massagem\/\",\"name\":\"Pacote de Massagem com 10 Sess\u00f5es - Grand Hyatt RJ\",\"isPartOf\":{\"@id\":\"https:\/\/www.pacoteshyatt.com.br\/rio-de-janeiro\/#website\"},\"primaryImageOfPage\":{\"@id\":\"https:\/\/www.pacoteshyatt.com.br\/rio-de-janeiro\/product\/pacote-10-sessoes-massagem\/#primaryimage\"},\"datePublished\":\"2022-03-15T17:49:22+00:00\",\"dateModified\":\"2025-09-23T03:28:58+00:00\",\"description\":\"Cuide do seu bem-estar com 10 sess\u00f5es de massagem no Atiaia Spa do Grand Hyatt Rio de Janeiro. Escolha entre t\u00e9cnicas exclusivas e relaxe profundamente. Acesse!\",\"breadcrumb\":{\"@id\":\"https:\/\/www.pacoteshyatt.com.br\/rio-de-janeiro\/product\/pacote-10-sessoes-massagem\/#breadcrumb\"},\"inLanguage\":\"pt-BR\",\"potentialAction\":[{\"@type\":\"ReadAction\",\"target\":[\"https:\/\/www.pacoteshyatt.com.br\/rio-de-janeiro\/product\/pacote-10-sessoes-massagem\/\"]}]},{\"@type\":\"BreadcrumbList\",\"@id\":\"https:\/\/www.pacoteshyatt.com.br\/rio-de-janeiro\/product\/pacote-10-sessoes-massagem\/#breadcrumb\",\"itemListElement\":[{\"@type\":\"ListItem\",\"position\":1,\"name\":\"Home\",\"item\":\"https:\/\/www.pacoteshyatt.com.br\/rio-de-janeiro\/\"},{\"@type\":\"ListItem\",\"position\":2,\"name\":\"Cat\u00e1logo\",\"item\":\"https:\/\/www.pacoteshyatt.com.br\/rio-de-janeiro\/catalogo\/\"},{\"@type\":\"ListItem\",\"position\":3,\"name\":\"Pacote 10 Sess\u00f5es de Massagem\"}]}]}<\/script>\n<!-- \/ Yoast SEO plugin. -->","yoast_head_json":{"title":"Pacote de Massagem com 10 Sess\u00f5es - Grand Hyatt RJ","description":"Cuide do seu bem-estar com 10 sess\u00f5es de massagem no Atiaia Spa do Grand Hyatt Rio de Janeiro. Escolha entre t\u00e9cnicas exclusivas e relaxe profundamente. Acesse!","robots":{"index":"index","follow":"follow","max-snippet":"max-snippet:-1","max-image-preview":"max-image-preview:large","max-video-preview":"max-video-preview:-1"},"canonical":"https:\/\/www.pacoteshyatt.com.br\/rio-de-janeiro\/product\/pacote-10-sessoes-massagem\/","og_locale":"pt_BR","og_type":"article","og_title":"Pacote de Massagem com 10 Sess\u00f5es - Grand Hyatt RJ","og_description":"Cuide do seu bem-estar com 10 sess\u00f5es de massagem no Atiaia Spa do Grand Hyatt Rio de Janeiro. Escolha entre t\u00e9cnicas exclusivas e relaxe profundamente. Acesse!","og_url":"https:\/\/www.pacoteshyatt.com.br\/rio-de-janeiro\/product\/pacote-10-sessoes-massagem\/","og_site_name":"GRAND HYATT RIO DE JANEIRO","article_modified_time":"2025-09-23T03:28:58+00:00","og_image":[{"width":308,"height":200,"url":"https:\/\/www.pacoteshyatt.com.br\/rio-de-janeiro\/wp-content\/uploads\/sites\/2\/2022\/06\/oferta_spa-massagens_2.jpg","type":"image\/jpeg"}],"twitter_card":"summary_large_image","twitter_misc":{"Est. tempo de leitura":"1 minuto"},"schema":{"@context":"https:\/\/schema.org","@graph":[{"@type":"WebSite","@id":"https:\/\/www.pacoteshyatt.com.br\/rio-de-janeiro\/#website","url":"https:\/\/www.pacoteshyatt.com.br\/rio-de-janeiro\/","name":"GRAND HYATT RIO DE JANEIRO","description":"Um verdadeiro resort urbano na Barra da Tijuca!","potentialAction":[{"@type":"SearchAction","target":{"@type":"EntryPoint","urlTemplate":"https:\/\/www.pacoteshyatt.com.br\/rio-de-janeiro\/?s={search_term_string}"},"query-input":"required name=search_term_string"}],"inLanguage":"pt-BR"},{"@type":"ImageObject","@id":"https:\/\/www.pacoteshyatt.com.br\/rio-de-janeiro\/product\/pacote-10-sessoes-massagem\/#primaryimage","inLanguage":"pt-BR","url":"https:\/\/www.pacoteshyatt.com.br\/rio-de-janeiro\/wp-content\/uploads\/sites\/2\/2022\/06\/oferta_spa-massagens_2.jpg","contentUrl":"https:\/\/www.pacoteshyatt.com.br\/rio-de-janeiro\/wp-content\/uploads\/sites\/2\/2022\/06\/oferta_spa-massagens_2.jpg","width":308,"height":200,"caption":"Pacote 10 Sess\u00f5es de Massagem"},{"@type":"WebPage","@id":"https:\/\/www.pacoteshyatt.com.br\/rio-de-janeiro\/product\/pacote-10-sessoes-massagem\/#webpage","url":"https:\/\/www.pacoteshyatt.com.br\/rio-de-janeiro\/product\/pacote-10-sessoes-massagem\/","name":"Pacote de Massagem com 10 Sess\u00f5es - Grand Hyatt RJ","isPartOf":{"@id":"https:\/\/www.pacoteshyatt.com.br\/rio-de-janeiro\/#website"},"primaryImageOfPage":{"@id":"https:\/\/www.pacoteshyatt.com.br\/rio-de-janeiro\/product\/pacote-10-sessoes-massagem\/#primaryimage"},"datePublished":"2022-03-15T17:49:22+00:00","dateModified":"2025-09-23T03:28:58+00:00","description":"Cuide do seu bem-estar com 10 sess\u00f5es de massagem no Atiaia Spa do Grand Hyatt Rio de Janeiro. Escolha entre t\u00e9cnicas exclusivas e relaxe profundamente. Acesse!","breadcrumb":{"@id":"https:\/\/www.pacoteshyatt.com.br\/rio-de-janeiro\/product\/pacote-10-sessoes-massagem\/#breadcrumb"},"inLanguage":"pt-BR","potentialAction":[{"@type":"ReadAction","target":["https:\/\/www.pacoteshyatt.com.br\/rio-de-janeiro\/product\/pacote-10-sessoes-massagem\/"]}]},{"@type":"BreadcrumbList","@id":"https:\/\/www.pacoteshyatt.com.br\/rio-de-janeiro\/product\/pacote-10-sessoes-massagem\/#breadcrumb","itemListElement":[{"@type":"ListItem","position":1,"name":"Home","item":"https:\/\/www.pacoteshyatt.com.br\/rio-de-janeiro\/"},{"@type":"ListItem","position":2,"name":"Cat\u00e1logo","item":"https:\/\/www.pacoteshyatt.com.br\/rio-de-janeiro\/catalogo\/"},{"@type":"ListItem","position":3,"name":"Pacote 10 Sess\u00f5es de Massagem"}]}]}},"_links":{"self":[{"href":"https:\/\/www.pacoteshyatt.com.br\/rio-de-janeiro\/wp-json\/wp\/v2\/product\/5480"}],"collection":[{"href":"https:\/\/www.pacoteshyatt.com.br\/rio-de-janeiro\/wp-json\/wp\/v2\/product"}],"about":[{"href":"https:\/\/www.pacoteshyatt.com.br\/rio-de-janeiro\/wp-json\/wp\/v2\/types\/product"}],"wp:featuredmedia":[{"embeddable":true,"href":"https:\/\/www.pacoteshyatt.com.br\/rio-de-janeiro\/wp-json\/wp\/v2\/media\/5994"}],"wp:attachment":[{"href":"https:\/\/www.pacoteshyatt.com.br\/rio-de-janeiro\/wp-json\/wp\/v2\/media?parent=5480"}],"wp:term":[{"taxonomy":"product_cat","embeddable":true,"href":"https:\/\/www.pacoteshyatt.com.br\/rio-de-janeiro\/wp-json\/wp\/v2\/product_cat?post=5480"},{"taxonomy":"product_tag","embeddable":true,"href":"https:\/\/www.pacoteshyatt.com.br\/rio-de-janeiro\/wp-json\/wp\/v2\/product_tag?post=5480"}],"curies":[{"name":"wp","href":"https:\/\/api.w.org\/{rel}","templated":true}]}}