{"id":61,"date":"2020-10-20T22:16:31","date_gmt":"2020-10-21T01:16:31","guid":{"rendered":"https:\/\/www.pacoteshyatt.com.br\/rio-de-janeiro\/?post_type=product&#038;p=61"},"modified":"2025-11-10T17:29:48","modified_gmt":"2025-11-10T20:29:48","slug":"drenagem-linfatica","status":"publish","type":"product","link":"https:\/\/www.pacoteshyatt.com.br\/rio-de-janeiro\/product\/drenagem-linfatica\/","title":{"rendered":"Drenagem Linf\u00e1tica"},"content":{"rendered":"<p>A <strong>drenagem linf\u00e1tica<\/strong> \u00e9 uma t\u00e9cnica de massagem corporal, com dura\u00e7\u00e3o de 80 minutos, que estimula o sistema linf\u00e1tico, com movimentos suaves e precisos, visando \u00e0 elimina\u00e7\u00e3o de l\u00edquidos, toxinas e edemas.<\/p>\n<p>&nbsp;<\/p>\n<p>As manobras da <strong>drenagem linf\u00e1tica <\/strong>s\u00e3o realizadas em dire\u00e7\u00e3o aos linfonodos, proporcionando a redu\u00e7\u00e3o de edemas.<\/p>\n<p>&nbsp;<\/p>\n<p>O que melhora a hidrata\u00e7\u00e3o e nutri\u00e7\u00e3o das c\u00e9lulas, acelera a cicatriza\u00e7\u00e3o de ferimentos, aumenta a capacidade de absor\u00e7\u00e3o de hematomas e equimoses, melhora o retorno de sensibilidade em cirurgias, reduz a reten\u00e7\u00e3o de l\u00edquido nos tecidos e ajuda na melhora aparente da celulite.<\/p>\n<p>&nbsp;<\/p>\n<hr \/>\n<p><strong><span style=\"color: #bd2137\"><em><span class=\"ui-provider a b c d e f g h i j k l m n o p q r s t u v w x y z ab ac ae af ag ah ai aj ak\" dir=\"ltr\"><i>ESTE VOUCHER TEM VALIDADE DE 3 MESES, MEDIANTE AGENDAMENTO PR\u00c9VIO E DISPONIBILIDADE.<\/i><\/span><\/em><\/span><\/strong><\/p>\n<p><span style=\"color: #bd2137\"><i>Ap\u00f3s a compra, \u00e9 necess\u00e1rio realizar o agendamento atrav\u00e9s do Whatsapp: (21) 3797-9566<\/i><\/span><\/p>\n","protected":false},"excerpt":{"rendered":"<p>A drenagem linf\u00e1tica \u00e9 uma t\u00e9cnica de massagem corporal, com dura\u00e7\u00e3o de 80 minutos, que estimula o sistema linf\u00e1tico, com movimentos suaves e precisos, visando \u00e0 elimina\u00e7\u00e3o de l\u00edquidos, toxinas e edemas. &nbsp; As manobras da drenagem linf\u00e1tica s\u00e3o realizadas em dire\u00e7\u00e3o aos linfonodos, proporcionando a redu\u00e7\u00e3o de edemas. &nbsp; O que melhora a hidrata\u00e7\u00e3o [&hellip;]<\/p>\n","protected":false},"featured_media":728,"template":"","meta":{"_eb_attr":""},"product_cat":[19,23,68,71],"product_tag":[],"bundled_by":[],"bundle_stock_status":"instock","bundle_stock_quantity":null,"bundle_virtual":false,"bundle_layout":"","bundle_add_to_cart_form_location":"","bundle_editable_in_cart":false,"bundle_sold_individually_context":"","bundle_item_grouping":"","bundle_min_size":"","bundle_max_size":"","bundled_items":[],"yoast_head":"<!-- This site is optimized with the Yoast SEO plugin v18.4.1 - https:\/\/yoast.com\/wordpress\/plugins\/seo\/ -->\n<title>Drenagem Linf\u00e1tica no Rio de Janeiro - Pacotes Hyatt RJ<\/title>\n<meta name=\"description\" content=\"A drenagem linf\u00e1tica \u00e9 uma t\u00e9cnica de massagem corporal que estimula o sistema linf\u00e1tico com movimentos suaves e precisos. Experimente! Vouchers aqui:\" \/>\n<meta name=\"robots\" content=\"index, follow, max-snippet:-1, max-image-preview:large, max-video-preview:-1\" \/>\n<link rel=\"canonical\" href=\"https:\/\/www.pacoteshyatt.com.br\/rio-de-janeiro\/product\/drenagem-linfatica\/\" \/>\n<meta property=\"og:locale\" content=\"pt_BR\" \/>\n<meta property=\"og:type\" content=\"article\" \/>\n<meta property=\"og:title\" content=\"Drenagem Linf\u00e1tica no Rio de Janeiro - Pacotes Hyatt RJ\" \/>\n<meta property=\"og:description\" content=\"A drenagem linf\u00e1tica \u00e9 uma t\u00e9cnica de massagem corporal que estimula o sistema linf\u00e1tico com movimentos suaves e precisos. Experimente! Vouchers aqui:\" \/>\n<meta property=\"og:url\" content=\"https:\/\/www.pacoteshyatt.com.br\/rio-de-janeiro\/product\/drenagem-linfatica\/\" \/>\n<meta property=\"og:site_name\" content=\"GRAND HYATT RIO DE JANEIRO\" \/>\n<meta property=\"article:modified_time\" content=\"2025-11-10T20:29:48+00:00\" \/>\n<meta property=\"og:image\" content=\"https:\/\/www.pacoteshyatt.com.br\/rio-de-janeiro\/wp-content\/uploads\/sites\/2\/2020\/10\/2974.jpg\" \/>\n\t<meta property=\"og:image:width\" content=\"308\" \/>\n\t<meta property=\"og:image:height\" content=\"200\" \/>\n\t<meta property=\"og:image:type\" content=\"image\/jpeg\" \/>\n<meta name=\"twitter:card\" content=\"summary_large_image\" \/>\n<meta name=\"twitter:label1\" content=\"Est. tempo de leitura\" \/>\n\t<meta name=\"twitter:data1\" content=\"1 minuto\" \/>\n<script type=\"application\/ld+json\" class=\"yoast-schema-graph\">{\"@context\":\"https:\/\/schema.org\",\"@graph\":[{\"@type\":\"WebSite\",\"@id\":\"https:\/\/www.pacoteshyatt.com.br\/rio-de-janeiro\/#website\",\"url\":\"https:\/\/www.pacoteshyatt.com.br\/rio-de-janeiro\/\",\"name\":\"GRAND HYATT RIO DE JANEIRO\",\"description\":\"Um verdadeiro resort urbano na Barra da Tijuca!\",\"potentialAction\":[{\"@type\":\"SearchAction\",\"target\":{\"@type\":\"EntryPoint\",\"urlTemplate\":\"https:\/\/www.pacoteshyatt.com.br\/rio-de-janeiro\/?s={search_term_string}\"},\"query-input\":\"required name=search_term_string\"}],\"inLanguage\":\"pt-BR\"},{\"@type\":\"ImageObject\",\"@id\":\"https:\/\/www.pacoteshyatt.com.br\/rio-de-janeiro\/product\/drenagem-linfatica\/#primaryimage\",\"inLanguage\":\"pt-BR\",\"url\":\"https:\/\/www.pacoteshyatt.com.br\/rio-de-janeiro\/wp-content\/uploads\/sites\/2\/2020\/10\/2974.jpg\",\"contentUrl\":\"https:\/\/www.pacoteshyatt.com.br\/rio-de-janeiro\/wp-content\/uploads\/sites\/2\/2020\/10\/2974.jpg\",\"width\":308,\"height\":200,\"caption\":\"sess\u00e3o de Drenagem Linf\u00e1tica no rio\"},{\"@type\":\"WebPage\",\"@id\":\"https:\/\/www.pacoteshyatt.com.br\/rio-de-janeiro\/product\/drenagem-linfatica\/#webpage\",\"url\":\"https:\/\/www.pacoteshyatt.com.br\/rio-de-janeiro\/product\/drenagem-linfatica\/\",\"name\":\"Drenagem Linf\u00e1tica no Rio de Janeiro - Pacotes Hyatt RJ\",\"isPartOf\":{\"@id\":\"https:\/\/www.pacoteshyatt.com.br\/rio-de-janeiro\/#website\"},\"primaryImageOfPage\":{\"@id\":\"https:\/\/www.pacoteshyatt.com.br\/rio-de-janeiro\/product\/drenagem-linfatica\/#primaryimage\"},\"datePublished\":\"2020-10-21T01:16:31+00:00\",\"dateModified\":\"2025-11-10T20:29:48+00:00\",\"description\":\"A drenagem linf\u00e1tica \u00e9 uma t\u00e9cnica de massagem corporal que estimula o sistema linf\u00e1tico com movimentos suaves e precisos. Experimente! Vouchers aqui:\",\"breadcrumb\":{\"@id\":\"https:\/\/www.pacoteshyatt.com.br\/rio-de-janeiro\/product\/drenagem-linfatica\/#breadcrumb\"},\"inLanguage\":\"pt-BR\",\"potentialAction\":[{\"@type\":\"ReadAction\",\"target\":[\"https:\/\/www.pacoteshyatt.com.br\/rio-de-janeiro\/product\/drenagem-linfatica\/\"]}]},{\"@type\":\"BreadcrumbList\",\"@id\":\"https:\/\/www.pacoteshyatt.com.br\/rio-de-janeiro\/product\/drenagem-linfatica\/#breadcrumb\",\"itemListElement\":[{\"@type\":\"ListItem\",\"position\":1,\"name\":\"Home\",\"item\":\"https:\/\/www.pacoteshyatt.com.br\/rio-de-janeiro\/\"},{\"@type\":\"ListItem\",\"position\":2,\"name\":\"Cat\u00e1logo\",\"item\":\"https:\/\/www.pacoteshyatt.com.br\/rio-de-janeiro\/catalogo\/\"},{\"@type\":\"ListItem\",\"position\":3,\"name\":\"Drenagem Linf\u00e1tica\"}]}]}<\/script>\n<!-- \/ Yoast SEO plugin. -->","yoast_head_json":{"title":"Drenagem Linf\u00e1tica no Rio de Janeiro - Pacotes Hyatt RJ","description":"A drenagem linf\u00e1tica \u00e9 uma t\u00e9cnica de massagem corporal que estimula o sistema linf\u00e1tico com movimentos suaves e precisos. Experimente! Vouchers aqui:","robots":{"index":"index","follow":"follow","max-snippet":"max-snippet:-1","max-image-preview":"max-image-preview:large","max-video-preview":"max-video-preview:-1"},"canonical":"https:\/\/www.pacoteshyatt.com.br\/rio-de-janeiro\/product\/drenagem-linfatica\/","og_locale":"pt_BR","og_type":"article","og_title":"Drenagem Linf\u00e1tica no Rio de Janeiro - Pacotes Hyatt RJ","og_description":"A drenagem linf\u00e1tica \u00e9 uma t\u00e9cnica de massagem corporal que estimula o sistema linf\u00e1tico com movimentos suaves e precisos. Experimente! Vouchers aqui:","og_url":"https:\/\/www.pacoteshyatt.com.br\/rio-de-janeiro\/product\/drenagem-linfatica\/","og_site_name":"GRAND HYATT RIO DE JANEIRO","article_modified_time":"2025-11-10T20:29:48+00:00","og_image":[{"width":308,"height":200,"url":"https:\/\/www.pacoteshyatt.com.br\/rio-de-janeiro\/wp-content\/uploads\/sites\/2\/2020\/10\/2974.jpg","type":"image\/jpeg"}],"twitter_card":"summary_large_image","twitter_misc":{"Est. tempo de leitura":"1 minuto"},"schema":{"@context":"https:\/\/schema.org","@graph":[{"@type":"WebSite","@id":"https:\/\/www.pacoteshyatt.com.br\/rio-de-janeiro\/#website","url":"https:\/\/www.pacoteshyatt.com.br\/rio-de-janeiro\/","name":"GRAND HYATT RIO DE JANEIRO","description":"Um verdadeiro resort urbano na Barra da Tijuca!","potentialAction":[{"@type":"SearchAction","target":{"@type":"EntryPoint","urlTemplate":"https:\/\/www.pacoteshyatt.com.br\/rio-de-janeiro\/?s={search_term_string}"},"query-input":"required name=search_term_string"}],"inLanguage":"pt-BR"},{"@type":"ImageObject","@id":"https:\/\/www.pacoteshyatt.com.br\/rio-de-janeiro\/product\/drenagem-linfatica\/#primaryimage","inLanguage":"pt-BR","url":"https:\/\/www.pacoteshyatt.com.br\/rio-de-janeiro\/wp-content\/uploads\/sites\/2\/2020\/10\/2974.jpg","contentUrl":"https:\/\/www.pacoteshyatt.com.br\/rio-de-janeiro\/wp-content\/uploads\/sites\/2\/2020\/10\/2974.jpg","width":308,"height":200,"caption":"sess\u00e3o de Drenagem Linf\u00e1tica no rio"},{"@type":"WebPage","@id":"https:\/\/www.pacoteshyatt.com.br\/rio-de-janeiro\/product\/drenagem-linfatica\/#webpage","url":"https:\/\/www.pacoteshyatt.com.br\/rio-de-janeiro\/product\/drenagem-linfatica\/","name":"Drenagem Linf\u00e1tica no Rio de Janeiro - Pacotes Hyatt RJ","isPartOf":{"@id":"https:\/\/www.pacoteshyatt.com.br\/rio-de-janeiro\/#website"},"primaryImageOfPage":{"@id":"https:\/\/www.pacoteshyatt.com.br\/rio-de-janeiro\/product\/drenagem-linfatica\/#primaryimage"},"datePublished":"2020-10-21T01:16:31+00:00","dateModified":"2025-11-10T20:29:48+00:00","description":"A drenagem linf\u00e1tica \u00e9 uma t\u00e9cnica de massagem corporal que estimula o sistema linf\u00e1tico com movimentos suaves e precisos. Experimente! Vouchers aqui:","breadcrumb":{"@id":"https:\/\/www.pacoteshyatt.com.br\/rio-de-janeiro\/product\/drenagem-linfatica\/#breadcrumb"},"inLanguage":"pt-BR","potentialAction":[{"@type":"ReadAction","target":["https:\/\/www.pacoteshyatt.com.br\/rio-de-janeiro\/product\/drenagem-linfatica\/"]}]},{"@type":"BreadcrumbList","@id":"https:\/\/www.pacoteshyatt.com.br\/rio-de-janeiro\/product\/drenagem-linfatica\/#breadcrumb","itemListElement":[{"@type":"ListItem","position":1,"name":"Home","item":"https:\/\/www.pacoteshyatt.com.br\/rio-de-janeiro\/"},{"@type":"ListItem","position":2,"name":"Cat\u00e1logo","item":"https:\/\/www.pacoteshyatt.com.br\/rio-de-janeiro\/catalogo\/"},{"@type":"ListItem","position":3,"name":"Drenagem Linf\u00e1tica"}]}]}},"_links":{"self":[{"href":"https:\/\/www.pacoteshyatt.com.br\/rio-de-janeiro\/wp-json\/wp\/v2\/product\/61"}],"collection":[{"href":"https:\/\/www.pacoteshyatt.com.br\/rio-de-janeiro\/wp-json\/wp\/v2\/product"}],"about":[{"href":"https:\/\/www.pacoteshyatt.com.br\/rio-de-janeiro\/wp-json\/wp\/v2\/types\/product"}],"wp:featuredmedia":[{"embeddable":true,"href":"https:\/\/www.pacoteshyatt.com.br\/rio-de-janeiro\/wp-json\/wp\/v2\/media\/728"}],"wp:attachment":[{"href":"https:\/\/www.pacoteshyatt.com.br\/rio-de-janeiro\/wp-json\/wp\/v2\/media?parent=61"}],"wp:term":[{"taxonomy":"product_cat","embeddable":true,"href":"https:\/\/www.pacoteshyatt.com.br\/rio-de-janeiro\/wp-json\/wp\/v2\/product_cat?post=61"},{"taxonomy":"product_tag","embeddable":true,"href":"https:\/\/www.pacoteshyatt.com.br\/rio-de-janeiro\/wp-json\/wp\/v2\/product_tag?post=61"}],"curies":[{"name":"wp","href":"https:\/\/api.w.org\/{rel}","templated":true}]}}