{"id":619,"date":"2020-11-25T10:52:33","date_gmt":"2020-11-25T13:52:33","guid":{"rendered":"https:\/\/www.pacoteshyatt.com.br\/rio-de-janeiro\/?post_type=product&#038;p=619"},"modified":"2024-11-27T08:51:29","modified_gmt":"2024-11-27T11:51:29","slug":"noite-de-nupcias-rj","status":"publish","type":"product","link":"https:\/\/www.pacoteshyatt.com.br\/rio-de-janeiro\/product\/noite-de-nupcias-rj\/","title":{"rendered":"Noite de N\u00fapcias RJ"},"content":{"rendered":"<p>Ap\u00f3s festejar o grande dia com os amigos e a fam\u00edlia, chega a hora de comemorar o momento mais importante da vida do casal.<\/p>\n<p>Desfrute a sua\u00a0<strong>Noite de N\u00fapcias no Rio de Janeiro <\/strong>de\u00a0frente para os mais lindos e rom\u00e2nticos cen\u00e1rios do Rio. Torne esse momento especial e \u00fanico em uma ocasi\u00e3o memor\u00e1vel.<\/p>\n<p>Aproveite a facilidade do parcelamento em at\u00e9 3 vezes sem juros.<\/p>\n<p><strong>Reserve: 0800 880 1234 \u00a0I\u00a0<a href=\"mailto:reservations.ghriodejaneiro@hyatt.com\">reservations.ghriodejaneiro@hyatt.com<\/a><\/strong><\/p>\n","protected":false},"excerpt":{"rendered":"<p>Ap\u00f3s festejar o grande dia com os amigos e a fam\u00edlia, chega a hora de comemorar o momento mais importante da vida do casal. Desfrute a sua\u00a0Noite de N\u00fapcias no Rio de Janeiro de\u00a0frente para os mais lindos e rom\u00e2nticos cen\u00e1rios do Rio. Torne esse momento especial e \u00fanico em uma ocasi\u00e3o memor\u00e1vel. Aproveite a [&hellip;]<\/p>\n","protected":false},"featured_media":1954,"template":"","meta":{"_eb_attr":""},"product_cat":[48],"product_tag":[],"bundled_by":[],"bundle_stock_status":"instock","bundle_stock_quantity":null,"bundle_virtual":false,"bundle_layout":"","bundle_add_to_cart_form_location":"","bundle_editable_in_cart":false,"bundle_sold_individually_context":"","bundle_item_grouping":"","bundle_min_size":"","bundle_max_size":"","bundled_items":[],"yoast_head":"<!-- This site is optimized with the Yoast SEO plugin v18.4.1 - https:\/\/yoast.com\/wordpress\/plugins\/seo\/ -->\n<title>Noite de N\u00fapcias RJ - Grand Hyatt Rio de Janeiro<\/title>\n<meta name=\"description\" content=\"Depois de festejar um momento t\u00e3o \u00fanico e especial com amigos e familiares, aproveite em casal a melhor noite de n\u00fapcias do Rio de Janeiro. Saiba mais!\" \/>\n<meta name=\"robots\" content=\"index, follow, max-snippet:-1, max-image-preview:large, max-video-preview:-1\" \/>\n<link rel=\"canonical\" href=\"https:\/\/www.pacoteshyatt.com.br\/rio-de-janeiro\/product\/noite-de-nupcias-rj\/\" \/>\n<meta property=\"og:locale\" content=\"pt_BR\" \/>\n<meta property=\"og:type\" content=\"article\" \/>\n<meta property=\"og:title\" content=\"Noite de N\u00fapcias RJ - Grand Hyatt Rio de Janeiro\" \/>\n<meta property=\"og:description\" content=\"Depois de festejar um momento t\u00e3o \u00fanico e especial com amigos e familiares, aproveite em casal a melhor noite de n\u00fapcias do Rio de Janeiro. Saiba mais!\" \/>\n<meta property=\"og:url\" content=\"https:\/\/www.pacoteshyatt.com.br\/rio-de-janeiro\/product\/noite-de-nupcias-rj\/\" \/>\n<meta property=\"og:site_name\" content=\"GRAND HYATT RIO DE JANEIRO\" \/>\n<meta property=\"article:modified_time\" content=\"2024-11-27T11:51:29+00:00\" \/>\n<meta property=\"og:image\" content=\"https:\/\/www.pacoteshyatt.com.br\/rio-de-janeiro\/wp-content\/uploads\/sites\/2\/2020\/11\/RIOGH_P463-Honeymoon-Suite.jpg\" \/>\n\t<meta property=\"og:image:width\" content=\"308\" \/>\n\t<meta property=\"og:image:height\" content=\"200\" \/>\n\t<meta property=\"og:image:type\" content=\"image\/jpeg\" \/>\n<meta name=\"twitter:card\" content=\"summary_large_image\" \/>\n<meta name=\"twitter:label1\" content=\"Est. tempo de leitura\" \/>\n\t<meta name=\"twitter:data1\" content=\"1 minuto\" \/>\n<script type=\"application\/ld+json\" class=\"yoast-schema-graph\">{\"@context\":\"https:\/\/schema.org\",\"@graph\":[{\"@type\":\"WebSite\",\"@id\":\"https:\/\/www.pacoteshyatt.com.br\/rio-de-janeiro\/#website\",\"url\":\"https:\/\/www.pacoteshyatt.com.br\/rio-de-janeiro\/\",\"name\":\"GRAND HYATT RIO DE JANEIRO\",\"description\":\"Um verdadeiro resort urbano na Barra da Tijuca!\",\"potentialAction\":[{\"@type\":\"SearchAction\",\"target\":{\"@type\":\"EntryPoint\",\"urlTemplate\":\"https:\/\/www.pacoteshyatt.com.br\/rio-de-janeiro\/?s={search_term_string}\"},\"query-input\":\"required name=search_term_string\"}],\"inLanguage\":\"pt-BR\"},{\"@type\":\"ImageObject\",\"@id\":\"https:\/\/www.pacoteshyatt.com.br\/rio-de-janeiro\/product\/noite-de-nupcias-rj\/#primaryimage\",\"inLanguage\":\"pt-BR\",\"url\":\"https:\/\/www.pacoteshyatt.com.br\/rio-de-janeiro\/wp-content\/uploads\/sites\/2\/2020\/11\/RIOGH_P463-Honeymoon-Suite.jpg\",\"contentUrl\":\"https:\/\/www.pacoteshyatt.com.br\/rio-de-janeiro\/wp-content\/uploads\/sites\/2\/2020\/11\/RIOGH_P463-Honeymoon-Suite.jpg\",\"width\":308,\"height\":200,\"caption\":\"casal aproveitando vista de quarto em uma noite de n\u00fapcias no rj\"},{\"@type\":\"WebPage\",\"@id\":\"https:\/\/www.pacoteshyatt.com.br\/rio-de-janeiro\/product\/noite-de-nupcias-rj\/#webpage\",\"url\":\"https:\/\/www.pacoteshyatt.com.br\/rio-de-janeiro\/product\/noite-de-nupcias-rj\/\",\"name\":\"Noite de N\u00fapcias RJ - Grand Hyatt Rio de Janeiro\",\"isPartOf\":{\"@id\":\"https:\/\/www.pacoteshyatt.com.br\/rio-de-janeiro\/#website\"},\"primaryImageOfPage\":{\"@id\":\"https:\/\/www.pacoteshyatt.com.br\/rio-de-janeiro\/product\/noite-de-nupcias-rj\/#primaryimage\"},\"datePublished\":\"2020-11-25T13:52:33+00:00\",\"dateModified\":\"2024-11-27T11:51:29+00:00\",\"description\":\"Depois de festejar um momento t\u00e3o \u00fanico e especial com amigos e familiares, aproveite em casal a melhor noite de n\u00fapcias do Rio de Janeiro. Saiba mais!\",\"breadcrumb\":{\"@id\":\"https:\/\/www.pacoteshyatt.com.br\/rio-de-janeiro\/product\/noite-de-nupcias-rj\/#breadcrumb\"},\"inLanguage\":\"pt-BR\",\"potentialAction\":[{\"@type\":\"ReadAction\",\"target\":[\"https:\/\/www.pacoteshyatt.com.br\/rio-de-janeiro\/product\/noite-de-nupcias-rj\/\"]}]},{\"@type\":\"BreadcrumbList\",\"@id\":\"https:\/\/www.pacoteshyatt.com.br\/rio-de-janeiro\/product\/noite-de-nupcias-rj\/#breadcrumb\",\"itemListElement\":[{\"@type\":\"ListItem\",\"position\":1,\"name\":\"Home\",\"item\":\"https:\/\/www.pacoteshyatt.com.br\/rio-de-janeiro\/\"},{\"@type\":\"ListItem\",\"position\":2,\"name\":\"Cat\u00e1logo\",\"item\":\"https:\/\/www.pacoteshyatt.com.br\/rio-de-janeiro\/catalogo\/\"},{\"@type\":\"ListItem\",\"position\":3,\"name\":\"Noite de N\u00fapcias RJ\"}]}]}<\/script>\n<!-- \/ Yoast SEO plugin. -->","yoast_head_json":{"title":"Noite de N\u00fapcias RJ - Grand Hyatt Rio de Janeiro","description":"Depois de festejar um momento t\u00e3o \u00fanico e especial com amigos e familiares, aproveite em casal a melhor noite de n\u00fapcias do Rio de Janeiro. Saiba mais!","robots":{"index":"index","follow":"follow","max-snippet":"max-snippet:-1","max-image-preview":"max-image-preview:large","max-video-preview":"max-video-preview:-1"},"canonical":"https:\/\/www.pacoteshyatt.com.br\/rio-de-janeiro\/product\/noite-de-nupcias-rj\/","og_locale":"pt_BR","og_type":"article","og_title":"Noite de N\u00fapcias RJ - Grand Hyatt Rio de Janeiro","og_description":"Depois de festejar um momento t\u00e3o \u00fanico e especial com amigos e familiares, aproveite em casal a melhor noite de n\u00fapcias do Rio de Janeiro. Saiba mais!","og_url":"https:\/\/www.pacoteshyatt.com.br\/rio-de-janeiro\/product\/noite-de-nupcias-rj\/","og_site_name":"GRAND HYATT RIO DE JANEIRO","article_modified_time":"2024-11-27T11:51:29+00:00","og_image":[{"width":308,"height":200,"url":"https:\/\/www.pacoteshyatt.com.br\/rio-de-janeiro\/wp-content\/uploads\/sites\/2\/2020\/11\/RIOGH_P463-Honeymoon-Suite.jpg","type":"image\/jpeg"}],"twitter_card":"summary_large_image","twitter_misc":{"Est. tempo de leitura":"1 minuto"},"schema":{"@context":"https:\/\/schema.org","@graph":[{"@type":"WebSite","@id":"https:\/\/www.pacoteshyatt.com.br\/rio-de-janeiro\/#website","url":"https:\/\/www.pacoteshyatt.com.br\/rio-de-janeiro\/","name":"GRAND HYATT RIO DE JANEIRO","description":"Um verdadeiro resort urbano na Barra da Tijuca!","potentialAction":[{"@type":"SearchAction","target":{"@type":"EntryPoint","urlTemplate":"https:\/\/www.pacoteshyatt.com.br\/rio-de-janeiro\/?s={search_term_string}"},"query-input":"required name=search_term_string"}],"inLanguage":"pt-BR"},{"@type":"ImageObject","@id":"https:\/\/www.pacoteshyatt.com.br\/rio-de-janeiro\/product\/noite-de-nupcias-rj\/#primaryimage","inLanguage":"pt-BR","url":"https:\/\/www.pacoteshyatt.com.br\/rio-de-janeiro\/wp-content\/uploads\/sites\/2\/2020\/11\/RIOGH_P463-Honeymoon-Suite.jpg","contentUrl":"https:\/\/www.pacoteshyatt.com.br\/rio-de-janeiro\/wp-content\/uploads\/sites\/2\/2020\/11\/RIOGH_P463-Honeymoon-Suite.jpg","width":308,"height":200,"caption":"casal aproveitando vista de quarto em uma noite de n\u00fapcias no rj"},{"@type":"WebPage","@id":"https:\/\/www.pacoteshyatt.com.br\/rio-de-janeiro\/product\/noite-de-nupcias-rj\/#webpage","url":"https:\/\/www.pacoteshyatt.com.br\/rio-de-janeiro\/product\/noite-de-nupcias-rj\/","name":"Noite de N\u00fapcias RJ - Grand Hyatt Rio de Janeiro","isPartOf":{"@id":"https:\/\/www.pacoteshyatt.com.br\/rio-de-janeiro\/#website"},"primaryImageOfPage":{"@id":"https:\/\/www.pacoteshyatt.com.br\/rio-de-janeiro\/product\/noite-de-nupcias-rj\/#primaryimage"},"datePublished":"2020-11-25T13:52:33+00:00","dateModified":"2024-11-27T11:51:29+00:00","description":"Depois de festejar um momento t\u00e3o \u00fanico e especial com amigos e familiares, aproveite em casal a melhor noite de n\u00fapcias do Rio de Janeiro. Saiba mais!","breadcrumb":{"@id":"https:\/\/www.pacoteshyatt.com.br\/rio-de-janeiro\/product\/noite-de-nupcias-rj\/#breadcrumb"},"inLanguage":"pt-BR","potentialAction":[{"@type":"ReadAction","target":["https:\/\/www.pacoteshyatt.com.br\/rio-de-janeiro\/product\/noite-de-nupcias-rj\/"]}]},{"@type":"BreadcrumbList","@id":"https:\/\/www.pacoteshyatt.com.br\/rio-de-janeiro\/product\/noite-de-nupcias-rj\/#breadcrumb","itemListElement":[{"@type":"ListItem","position":1,"name":"Home","item":"https:\/\/www.pacoteshyatt.com.br\/rio-de-janeiro\/"},{"@type":"ListItem","position":2,"name":"Cat\u00e1logo","item":"https:\/\/www.pacoteshyatt.com.br\/rio-de-janeiro\/catalogo\/"},{"@type":"ListItem","position":3,"name":"Noite de N\u00fapcias RJ"}]}]}},"_links":{"self":[{"href":"https:\/\/www.pacoteshyatt.com.br\/rio-de-janeiro\/wp-json\/wp\/v2\/product\/619"}],"collection":[{"href":"https:\/\/www.pacoteshyatt.com.br\/rio-de-janeiro\/wp-json\/wp\/v2\/product"}],"about":[{"href":"https:\/\/www.pacoteshyatt.com.br\/rio-de-janeiro\/wp-json\/wp\/v2\/types\/product"}],"wp:featuredmedia":[{"embeddable":true,"href":"https:\/\/www.pacoteshyatt.com.br\/rio-de-janeiro\/wp-json\/wp\/v2\/media\/1954"}],"wp:attachment":[{"href":"https:\/\/www.pacoteshyatt.com.br\/rio-de-janeiro\/wp-json\/wp\/v2\/media?parent=619"}],"wp:term":[{"taxonomy":"product_cat","embeddable":true,"href":"https:\/\/www.pacoteshyatt.com.br\/rio-de-janeiro\/wp-json\/wp\/v2\/product_cat?post=619"},{"taxonomy":"product_tag","embeddable":true,"href":"https:\/\/www.pacoteshyatt.com.br\/rio-de-janeiro\/wp-json\/wp\/v2\/product_tag?post=619"}],"curies":[{"name":"wp","href":"https:\/\/api.w.org\/{rel}","templated":true}]}}