{"id":6308,"date":"2022-08-05T16:02:09","date_gmt":"2022-08-05T19:02:09","guid":{"rendered":"https:\/\/www.pacoteshyatt.com.br\/rio-de-janeiro\/?post_type=product&#038;p=6308"},"modified":"2026-04-01T11:26:56","modified_gmt":"2026-04-01T14:26:56","slug":"cafe-da-manha-day-use-piscina-massagem","status":"publish","type":"product","link":"https:\/\/www.pacoteshyatt.com.br\/rio-de-janeiro\/product\/cafe-da-manha-day-use-piscina-massagem\/","title":{"rendered":"Caf\u00e9 da manh\u00e3 + Day use piscina + Massagem | Dias de Semana"},"content":{"rendered":"<p data-start=\"268\" data-end=\"331\"><strong data-start=\"268\" data-end=\"331\">Permita-se viver um dia s\u00f3 seu, com tudo o que voc\u00ea merece.<\/strong><\/p>\n<p data-start=\"333\" data-end=\"574\">Imagine come\u00e7ar o dia com um caf\u00e9 da manh\u00e3 delicioso, seguido de uma massagem relaxante e, depois, curtir o sol em uma piscina espetacular. Parece um sonho? No Grand Hyatt Rio de Janeiro, isso \u00e9 realidade.<\/p>\n<p data-start=\"576\" data-end=\"758\">Com essa experi\u00eancia completa, voc\u00ea mergulha em um mundo de bem-estar, sofistica\u00e7\u00e3o e tranquilidade, aproveitando o melhor da estrutura do maior resort urbano da Cidade Maravilhosa.<\/p>\n<p data-start=\"760\" data-end=\"802\"><strong data-start=\"760\" data-end=\"802\">O que est\u00e1 incluso na sua experi\u00eancia:<\/strong><\/p>\n<p data-start=\"805\" data-end=\"905\"><strong data-start=\"808\" data-end=\"834\">Caf\u00e9 da manh\u00e3 completo<\/strong> no elegante <strong data-start=\"847\" data-end=\"862\">Espa\u00e7o Tano<\/strong>, com buffet variado e vista encantadora.<\/p>\n<p data-start=\"908\" data-end=\"1034\"><strong data-start=\"914\" data-end=\"950\">Massagem relaxante de 50 minutos<\/strong> no exclusivo <strong data-start=\"964\" data-end=\"978\">Atiaia Spa<\/strong>, ideal para aliviar o estresse e renovar as energias.<\/p>\n<p data-start=\"1037\" data-end=\"1164\"><strong data-start=\"1041\" data-end=\"1060\">Day Use Piscina<\/strong>, com acesso \u00e0 piscina climatizada, deck molhado e servi\u00e7o de praia com espregui\u00e7adeiras e guarda-sol.<\/p>\n<p data-start=\"1166\" data-end=\"1177\"><strong data-start=\"1166\" data-end=\"1177\">E mais:<\/strong><\/p>\n<p data-start=\"1166\" data-end=\"1177\">&gt; Uso dos vesti\u00e1rios e saunas do Atiaia Spa<\/p>\n<p data-start=\"1180\" data-end=\"1223\">&gt; Toalhas dispon\u00edveis na \u00e1rea da piscina e spa<\/p>\n<p data-start=\"1320\" data-end=\"1486\"><strong data-start=\"1320\" data-end=\"1372\">Desconecte-se da rotina e reconecte-se com voc\u00ea.<\/strong><br data-start=\"1372\" data-end=\"1375\" \/>Reserve agora e aproveite um dia que combina bem-estar, sabor e lazer em um dos endere\u00e7os mais ic\u00f4nicos do Rio.<\/p>\n<p data-start=\"1488\" data-end=\"1523\"><strong data-start=\"1488\" data-end=\"1523\">Sua pausa perfeita come\u00e7a aqui.<\/strong><\/p>\n<p>&nbsp;<\/p>\n<p><strong><span style=\"color: #bd2137\"><em><span class=\"ui-provider a b c d e f g h i j k l m n o p q r s t u v w x y z ab ac ae af ag ah ai aj ak\" dir=\"ltr\"><i>ESTE VOUCHER TEM A VALIDADE DE 3 MESES, MEDIANTE AGENDAMENTO PR\u00c9VIO E DISPONIBILIDADE. SOMENTE EM DIAS DE SEMANA, EXCETO SEXTAS E FERIADOS.<br \/>\n<\/i><\/span><\/em><\/span><\/strong><\/p>\n<p><strong><i>*AP\u00d3S A COMPRA, \u00c9 NECESS\u00c1RIO REALIZAR O AGENDAMENTO ATRAV\u00c9S DO WHATSAPP: (21) 3797-9566<\/i><\/strong><\/p>\n","protected":false},"excerpt":{"rendered":"<p>Revigore-se nessa oferta para passar um dia completo no Grand Hyatt Rio de Janeiro, com massagem e day use de piscina inclusos.<\/p>\n","protected":false},"featured_media":5394,"template":"","meta":{"_eb_attr":""},"product_cat":[110,19,21],"product_tag":[],"bundled_by":[],"bundle_stock_status":"instock","bundle_stock_quantity":null,"bundle_virtual":false,"bundle_layout":"","bundle_add_to_cart_form_location":"","bundle_editable_in_cart":false,"bundle_sold_individually_context":"","bundle_item_grouping":"","bundle_min_size":"","bundle_max_size":"","bundled_items":[],"yoast_head":"<!-- This site is optimized with the Yoast SEO plugin v18.4.1 - https:\/\/yoast.com\/wordpress\/plugins\/seo\/ -->\n<title>Pacote Caf\u00e9 da Manh\u00e3, Day Use e Massagem - Grand Hyatt RJ<\/title>\n<meta name=\"description\" content=\"Garanta um dia relaxante com essa experi\u00eancia inesquec\u00edvel nas piscinas e no spa do Grand Hyatt Rio. Garanta essa oferta no m\u00eas do consumidor!\" \/>\n<meta name=\"robots\" content=\"index, follow, max-snippet:-1, max-image-preview:large, max-video-preview:-1\" \/>\n<link rel=\"canonical\" href=\"https:\/\/www.pacoteshyatt.com.br\/rio-de-janeiro\/product\/cafe-da-manha-day-use-piscina-massagem\/\" \/>\n<meta property=\"og:locale\" content=\"pt_BR\" \/>\n<meta property=\"og:type\" content=\"article\" \/>\n<meta property=\"og:title\" content=\"Pacote Caf\u00e9 da Manh\u00e3, Day Use e Massagem - Grand Hyatt RJ\" \/>\n<meta property=\"og:description\" content=\"Garanta um dia relaxante com essa experi\u00eancia inesquec\u00edvel nas piscinas e no spa do Grand Hyatt Rio. Garanta essa oferta no m\u00eas do consumidor!\" \/>\n<meta property=\"og:url\" content=\"https:\/\/www.pacoteshyatt.com.br\/rio-de-janeiro\/product\/cafe-da-manha-day-use-piscina-massagem\/\" \/>\n<meta property=\"og:site_name\" content=\"GRAND HYATT RIO DE JANEIRO\" \/>\n<meta property=\"article:modified_time\" content=\"2026-04-01T14:26:56+00:00\" \/>\n<meta property=\"og:image\" content=\"https:\/\/www.pacoteshyatt.com.br\/rio-de-janeiro\/wp-content\/uploads\/sites\/2\/2022\/03\/oferta_spa-pacote-piscina-massagem-cafe-da-manha.jpg\" \/>\n\t<meta property=\"og:image:width\" content=\"308\" \/>\n\t<meta property=\"og:image:height\" content=\"200\" \/>\n\t<meta property=\"og:image:type\" content=\"image\/jpeg\" \/>\n<meta name=\"twitter:card\" content=\"summary_large_image\" \/>\n<meta name=\"twitter:label1\" content=\"Est. tempo de leitura\" \/>\n\t<meta name=\"twitter:data1\" content=\"1 minuto\" \/>\n<script type=\"application\/ld+json\" class=\"yoast-schema-graph\">{\"@context\":\"https:\/\/schema.org\",\"@graph\":[{\"@type\":\"WebSite\",\"@id\":\"https:\/\/www.pacoteshyatt.com.br\/rio-de-janeiro\/#website\",\"url\":\"https:\/\/www.pacoteshyatt.com.br\/rio-de-janeiro\/\",\"name\":\"GRAND HYATT RIO DE JANEIRO\",\"description\":\"Um verdadeiro resort urbano na Barra da Tijuca!\",\"potentialAction\":[{\"@type\":\"SearchAction\",\"target\":{\"@type\":\"EntryPoint\",\"urlTemplate\":\"https:\/\/www.pacoteshyatt.com.br\/rio-de-janeiro\/?s={search_term_string}\"},\"query-input\":\"required name=search_term_string\"}],\"inLanguage\":\"pt-BR\"},{\"@type\":\"ImageObject\",\"@id\":\"https:\/\/www.pacoteshyatt.com.br\/rio-de-janeiro\/product\/cafe-da-manha-day-use-piscina-massagem\/#primaryimage\",\"inLanguage\":\"pt-BR\",\"url\":\"https:\/\/www.pacoteshyatt.com.br\/rio-de-janeiro\/wp-content\/uploads\/sites\/2\/2022\/03\/oferta_spa-pacote-piscina-massagem-cafe-da-manha.jpg\",\"contentUrl\":\"https:\/\/www.pacoteshyatt.com.br\/rio-de-janeiro\/wp-content\/uploads\/sites\/2\/2022\/03\/oferta_spa-pacote-piscina-massagem-cafe-da-manha.jpg\",\"width\":308,\"height\":200,\"caption\":\"Caf\u00e9 da manh\u00e3 com Day use piscina e Massagem\"},{\"@type\":\"WebPage\",\"@id\":\"https:\/\/www.pacoteshyatt.com.br\/rio-de-janeiro\/product\/cafe-da-manha-day-use-piscina-massagem\/#webpage\",\"url\":\"https:\/\/www.pacoteshyatt.com.br\/rio-de-janeiro\/product\/cafe-da-manha-day-use-piscina-massagem\/\",\"name\":\"Pacote Caf\u00e9 da Manh\u00e3, Day Use e Massagem - Grand Hyatt RJ\",\"isPartOf\":{\"@id\":\"https:\/\/www.pacoteshyatt.com.br\/rio-de-janeiro\/#website\"},\"primaryImageOfPage\":{\"@id\":\"https:\/\/www.pacoteshyatt.com.br\/rio-de-janeiro\/product\/cafe-da-manha-day-use-piscina-massagem\/#primaryimage\"},\"datePublished\":\"2022-08-05T19:02:09+00:00\",\"dateModified\":\"2026-04-01T14:26:56+00:00\",\"description\":\"Garanta um dia relaxante com essa experi\u00eancia inesquec\u00edvel nas piscinas e no spa do Grand Hyatt Rio. Garanta essa oferta no m\u00eas do consumidor!\",\"breadcrumb\":{\"@id\":\"https:\/\/www.pacoteshyatt.com.br\/rio-de-janeiro\/product\/cafe-da-manha-day-use-piscina-massagem\/#breadcrumb\"},\"inLanguage\":\"pt-BR\",\"potentialAction\":[{\"@type\":\"ReadAction\",\"target\":[\"https:\/\/www.pacoteshyatt.com.br\/rio-de-janeiro\/product\/cafe-da-manha-day-use-piscina-massagem\/\"]}]},{\"@type\":\"BreadcrumbList\",\"@id\":\"https:\/\/www.pacoteshyatt.com.br\/rio-de-janeiro\/product\/cafe-da-manha-day-use-piscina-massagem\/#breadcrumb\",\"itemListElement\":[{\"@type\":\"ListItem\",\"position\":1,\"name\":\"Home\",\"item\":\"https:\/\/www.pacoteshyatt.com.br\/rio-de-janeiro\/\"},{\"@type\":\"ListItem\",\"position\":2,\"name\":\"Cat\u00e1logo\",\"item\":\"https:\/\/www.pacoteshyatt.com.br\/rio-de-janeiro\/catalogo\/\"},{\"@type\":\"ListItem\",\"position\":3,\"name\":\"Caf\u00e9 da manh\u00e3 + Day use piscina + Massagem | Dias de Semana\"}]}]}<\/script>\n<!-- \/ Yoast SEO plugin. -->","yoast_head_json":{"title":"Pacote Caf\u00e9 da Manh\u00e3, Day Use e Massagem - Grand Hyatt RJ","description":"Garanta um dia relaxante com essa experi\u00eancia inesquec\u00edvel nas piscinas e no spa do Grand Hyatt Rio. Garanta essa oferta no m\u00eas do consumidor!","robots":{"index":"index","follow":"follow","max-snippet":"max-snippet:-1","max-image-preview":"max-image-preview:large","max-video-preview":"max-video-preview:-1"},"canonical":"https:\/\/www.pacoteshyatt.com.br\/rio-de-janeiro\/product\/cafe-da-manha-day-use-piscina-massagem\/","og_locale":"pt_BR","og_type":"article","og_title":"Pacote Caf\u00e9 da Manh\u00e3, Day Use e Massagem - Grand Hyatt RJ","og_description":"Garanta um dia relaxante com essa experi\u00eancia inesquec\u00edvel nas piscinas e no spa do Grand Hyatt Rio. Garanta essa oferta no m\u00eas do consumidor!","og_url":"https:\/\/www.pacoteshyatt.com.br\/rio-de-janeiro\/product\/cafe-da-manha-day-use-piscina-massagem\/","og_site_name":"GRAND HYATT RIO DE JANEIRO","article_modified_time":"2026-04-01T14:26:56+00:00","og_image":[{"width":308,"height":200,"url":"https:\/\/www.pacoteshyatt.com.br\/rio-de-janeiro\/wp-content\/uploads\/sites\/2\/2022\/03\/oferta_spa-pacote-piscina-massagem-cafe-da-manha.jpg","type":"image\/jpeg"}],"twitter_card":"summary_large_image","twitter_misc":{"Est. tempo de leitura":"1 minuto"},"schema":{"@context":"https:\/\/schema.org","@graph":[{"@type":"WebSite","@id":"https:\/\/www.pacoteshyatt.com.br\/rio-de-janeiro\/#website","url":"https:\/\/www.pacoteshyatt.com.br\/rio-de-janeiro\/","name":"GRAND HYATT RIO DE JANEIRO","description":"Um verdadeiro resort urbano na Barra da Tijuca!","potentialAction":[{"@type":"SearchAction","target":{"@type":"EntryPoint","urlTemplate":"https:\/\/www.pacoteshyatt.com.br\/rio-de-janeiro\/?s={search_term_string}"},"query-input":"required name=search_term_string"}],"inLanguage":"pt-BR"},{"@type":"ImageObject","@id":"https:\/\/www.pacoteshyatt.com.br\/rio-de-janeiro\/product\/cafe-da-manha-day-use-piscina-massagem\/#primaryimage","inLanguage":"pt-BR","url":"https:\/\/www.pacoteshyatt.com.br\/rio-de-janeiro\/wp-content\/uploads\/sites\/2\/2022\/03\/oferta_spa-pacote-piscina-massagem-cafe-da-manha.jpg","contentUrl":"https:\/\/www.pacoteshyatt.com.br\/rio-de-janeiro\/wp-content\/uploads\/sites\/2\/2022\/03\/oferta_spa-pacote-piscina-massagem-cafe-da-manha.jpg","width":308,"height":200,"caption":"Caf\u00e9 da manh\u00e3 com Day use piscina e Massagem"},{"@type":"WebPage","@id":"https:\/\/www.pacoteshyatt.com.br\/rio-de-janeiro\/product\/cafe-da-manha-day-use-piscina-massagem\/#webpage","url":"https:\/\/www.pacoteshyatt.com.br\/rio-de-janeiro\/product\/cafe-da-manha-day-use-piscina-massagem\/","name":"Pacote Caf\u00e9 da Manh\u00e3, Day Use e Massagem - Grand Hyatt RJ","isPartOf":{"@id":"https:\/\/www.pacoteshyatt.com.br\/rio-de-janeiro\/#website"},"primaryImageOfPage":{"@id":"https:\/\/www.pacoteshyatt.com.br\/rio-de-janeiro\/product\/cafe-da-manha-day-use-piscina-massagem\/#primaryimage"},"datePublished":"2022-08-05T19:02:09+00:00","dateModified":"2026-04-01T14:26:56+00:00","description":"Garanta um dia relaxante com essa experi\u00eancia inesquec\u00edvel nas piscinas e no spa do Grand Hyatt Rio. Garanta essa oferta no m\u00eas do consumidor!","breadcrumb":{"@id":"https:\/\/www.pacoteshyatt.com.br\/rio-de-janeiro\/product\/cafe-da-manha-day-use-piscina-massagem\/#breadcrumb"},"inLanguage":"pt-BR","potentialAction":[{"@type":"ReadAction","target":["https:\/\/www.pacoteshyatt.com.br\/rio-de-janeiro\/product\/cafe-da-manha-day-use-piscina-massagem\/"]}]},{"@type":"BreadcrumbList","@id":"https:\/\/www.pacoteshyatt.com.br\/rio-de-janeiro\/product\/cafe-da-manha-day-use-piscina-massagem\/#breadcrumb","itemListElement":[{"@type":"ListItem","position":1,"name":"Home","item":"https:\/\/www.pacoteshyatt.com.br\/rio-de-janeiro\/"},{"@type":"ListItem","position":2,"name":"Cat\u00e1logo","item":"https:\/\/www.pacoteshyatt.com.br\/rio-de-janeiro\/catalogo\/"},{"@type":"ListItem","position":3,"name":"Caf\u00e9 da manh\u00e3 + Day use piscina + Massagem | Dias de Semana"}]}]}},"_links":{"self":[{"href":"https:\/\/www.pacoteshyatt.com.br\/rio-de-janeiro\/wp-json\/wp\/v2\/product\/6308"}],"collection":[{"href":"https:\/\/www.pacoteshyatt.com.br\/rio-de-janeiro\/wp-json\/wp\/v2\/product"}],"about":[{"href":"https:\/\/www.pacoteshyatt.com.br\/rio-de-janeiro\/wp-json\/wp\/v2\/types\/product"}],"wp:featuredmedia":[{"embeddable":true,"href":"https:\/\/www.pacoteshyatt.com.br\/rio-de-janeiro\/wp-json\/wp\/v2\/media\/5394"}],"wp:attachment":[{"href":"https:\/\/www.pacoteshyatt.com.br\/rio-de-janeiro\/wp-json\/wp\/v2\/media?parent=6308"}],"wp:term":[{"taxonomy":"product_cat","embeddable":true,"href":"https:\/\/www.pacoteshyatt.com.br\/rio-de-janeiro\/wp-json\/wp\/v2\/product_cat?post=6308"},{"taxonomy":"product_tag","embeddable":true,"href":"https:\/\/www.pacoteshyatt.com.br\/rio-de-janeiro\/wp-json\/wp\/v2\/product_tag?post=6308"}],"curies":[{"name":"wp","href":"https:\/\/api.w.org\/{rel}","templated":true}]}}