{"id":65,"date":"2020-10-20T22:19:44","date_gmt":"2020-10-21T01:19:44","guid":{"rendered":"https:\/\/www.pacoteshyatt.com.br\/rio-de-janeiro\/?post_type=product&#038;p=65"},"modified":"2025-10-13T10:23:58","modified_gmt":"2025-10-13T13:23:58","slug":"massagem-oriental","status":"publish","type":"product","link":"https:\/\/www.pacoteshyatt.com.br\/rio-de-janeiro\/product\/massagem-oriental\/","title":{"rendered":"Massagem Oriental"},"content":{"rendered":"<p>Inspirada nos princ\u00edpios da tradicional massagem japonesa, <strong>shiatsu,<\/strong> de circula\u00e7\u00e3o energ\u00e9tica, esta <strong>massagem corporal<\/strong> <strong>de 80 minutos<\/strong> integra uma variedade de <strong>t\u00e9cnicas orientais<\/strong> com o objetivo de redistribuir a energia e equilibrar o corpo e a mente.<\/p>\n<p>&nbsp;<\/p>\n<hr \/>\n<p><strong><span style=\"color: #bd2137\"><em><span class=\"ui-provider a b c d e f g h i j k l m n o p q r s t u v w x y z ab ac ae af ag ah ai aj ak\" dir=\"ltr\"><i>ESTE VOUCHER TEM VALIDADE DE 3 MESES, MEDIANTE AGENDAMENTO PR\u00c9VIO E DISPONIBILIDADE.<\/i><\/span><\/em><\/span><\/strong><\/p>\n<p><span style=\"color: #bd2137\"><i>Ap\u00f3s a compra, \u00e9 necess\u00e1rio realizar o agendamento atrav\u00e9s do Whatsapp: (21) 3797-9566<\/i><\/span><\/p>\n","protected":false},"excerpt":{"rendered":"<p>Inspirada nos princ\u00edpios do <strong>shiatsu<\/strong>, esta massagem corporal de <strong>8<\/strong><strong>0 minutos<\/strong> integra uma variedade de t\u00e9cnicas orientais.<\/p>\n","protected":false},"featured_media":1947,"template":"","meta":{"_eb_attr":""},"product_cat":[19,23,68,71],"product_tag":[],"bundled_by":[],"bundle_stock_status":"instock","bundle_stock_quantity":null,"bundle_virtual":false,"bundle_layout":"","bundle_add_to_cart_form_location":"","bundle_editable_in_cart":false,"bundle_sold_individually_context":"","bundle_item_grouping":"","bundle_min_size":"","bundle_max_size":"","bundled_items":[],"yoast_head":"<!-- This site is optimized with the Yoast SEO plugin v18.4.1 - https:\/\/yoast.com\/wordpress\/plugins\/seo\/ -->\n<title>Massagem Oriental: Sess\u00e3o de 80 Minutos - Grand Hyatt RJ<\/title>\n<meta name=\"description\" content=\"A massagem oriental do Grand Hyatt da Barra da Tijuca, traz o melhor das t\u00e9cnicas japonesas em uma experi\u00eancia relaxante de 80 minutos. Reserve agora!\" \/>\n<meta name=\"robots\" content=\"index, follow, max-snippet:-1, max-image-preview:large, max-video-preview:-1\" \/>\n<link rel=\"canonical\" href=\"https:\/\/www.pacoteshyatt.com.br\/rio-de-janeiro\/product\/massagem-oriental\/\" \/>\n<meta property=\"og:locale\" content=\"pt_BR\" \/>\n<meta property=\"og:type\" content=\"article\" \/>\n<meta property=\"og:title\" content=\"Massagem Oriental: Sess\u00e3o de 80 Minutos - Grand Hyatt RJ\" \/>\n<meta property=\"og:description\" content=\"A massagem oriental do Grand Hyatt da Barra da Tijuca, traz o melhor das t\u00e9cnicas japonesas em uma experi\u00eancia relaxante de 80 minutos. Reserve agora!\" \/>\n<meta property=\"og:url\" content=\"https:\/\/www.pacoteshyatt.com.br\/rio-de-janeiro\/product\/massagem-oriental\/\" \/>\n<meta property=\"og:site_name\" content=\"GRAND HYATT RIO DE JANEIRO\" \/>\n<meta property=\"article:modified_time\" content=\"2025-10-13T13:23:58+00:00\" \/>\n<meta property=\"og:image\" content=\"https:\/\/www.pacoteshyatt.com.br\/rio-de-janeiro\/wp-content\/uploads\/sites\/2\/2020\/10\/HYATT_TBF_6377.jpg\" \/>\n\t<meta property=\"og:image:width\" content=\"308\" \/>\n\t<meta property=\"og:image:height\" content=\"200\" \/>\n\t<meta property=\"og:image:type\" content=\"image\/jpeg\" \/>\n<meta name=\"twitter:card\" content=\"summary_large_image\" \/>\n<script type=\"application\/ld+json\" class=\"yoast-schema-graph\">{\"@context\":\"https:\/\/schema.org\",\"@graph\":[{\"@type\":\"WebSite\",\"@id\":\"https:\/\/www.pacoteshyatt.com.br\/rio-de-janeiro\/#website\",\"url\":\"https:\/\/www.pacoteshyatt.com.br\/rio-de-janeiro\/\",\"name\":\"GRAND HYATT RIO DE JANEIRO\",\"description\":\"Um verdadeiro resort urbano na Barra da Tijuca!\",\"potentialAction\":[{\"@type\":\"SearchAction\",\"target\":{\"@type\":\"EntryPoint\",\"urlTemplate\":\"https:\/\/www.pacoteshyatt.com.br\/rio-de-janeiro\/?s={search_term_string}\"},\"query-input\":\"required name=search_term_string\"}],\"inLanguage\":\"pt-BR\"},{\"@type\":\"ImageObject\",\"@id\":\"https:\/\/www.pacoteshyatt.com.br\/rio-de-janeiro\/product\/massagem-oriental\/#primaryimage\",\"inLanguage\":\"pt-BR\",\"url\":\"https:\/\/www.pacoteshyatt.com.br\/rio-de-janeiro\/wp-content\/uploads\/sites\/2\/2020\/10\/HYATT_TBF_6377.jpg\",\"contentUrl\":\"https:\/\/www.pacoteshyatt.com.br\/rio-de-janeiro\/wp-content\/uploads\/sites\/2\/2020\/10\/HYATT_TBF_6377.jpg\",\"width\":308,\"height\":200,\"caption\":\"www.tbfoto.com.br HYATT - RJ\/RJ - 01\/11\/2017 Foto: Tadeu Brunelli ATENCAO: Toda foto deve ser publicada com o credito do autor, na sua integra sem cortes ou modificacoes, de acordo com a Lei N\u00ba 9.610 de 19\/02\/1998.\"},{\"@type\":\"WebPage\",\"@id\":\"https:\/\/www.pacoteshyatt.com.br\/rio-de-janeiro\/product\/massagem-oriental\/#webpage\",\"url\":\"https:\/\/www.pacoteshyatt.com.br\/rio-de-janeiro\/product\/massagem-oriental\/\",\"name\":\"Massagem Oriental: Sess\u00e3o de 80 Minutos - Grand Hyatt RJ\",\"isPartOf\":{\"@id\":\"https:\/\/www.pacoteshyatt.com.br\/rio-de-janeiro\/#website\"},\"primaryImageOfPage\":{\"@id\":\"https:\/\/www.pacoteshyatt.com.br\/rio-de-janeiro\/product\/massagem-oriental\/#primaryimage\"},\"datePublished\":\"2020-10-21T01:19:44+00:00\",\"dateModified\":\"2025-10-13T13:23:58+00:00\",\"description\":\"A massagem oriental do Grand Hyatt da Barra da Tijuca, traz o melhor das t\u00e9cnicas japonesas em uma experi\u00eancia relaxante de 80 minutos. Reserve agora!\",\"breadcrumb\":{\"@id\":\"https:\/\/www.pacoteshyatt.com.br\/rio-de-janeiro\/product\/massagem-oriental\/#breadcrumb\"},\"inLanguage\":\"pt-BR\",\"potentialAction\":[{\"@type\":\"ReadAction\",\"target\":[\"https:\/\/www.pacoteshyatt.com.br\/rio-de-janeiro\/product\/massagem-oriental\/\"]}]},{\"@type\":\"BreadcrumbList\",\"@id\":\"https:\/\/www.pacoteshyatt.com.br\/rio-de-janeiro\/product\/massagem-oriental\/#breadcrumb\",\"itemListElement\":[{\"@type\":\"ListItem\",\"position\":1,\"name\":\"Home\",\"item\":\"https:\/\/www.pacoteshyatt.com.br\/rio-de-janeiro\/\"},{\"@type\":\"ListItem\",\"position\":2,\"name\":\"Cat\u00e1logo\",\"item\":\"https:\/\/www.pacoteshyatt.com.br\/rio-de-janeiro\/catalogo\/\"},{\"@type\":\"ListItem\",\"position\":3,\"name\":\"Massagem Oriental\"}]}]}<\/script>\n<!-- \/ Yoast SEO plugin. -->","yoast_head_json":{"title":"Massagem Oriental: Sess\u00e3o de 80 Minutos - Grand Hyatt RJ","description":"A massagem oriental do Grand Hyatt da Barra da Tijuca, traz o melhor das t\u00e9cnicas japonesas em uma experi\u00eancia relaxante de 80 minutos. Reserve agora!","robots":{"index":"index","follow":"follow","max-snippet":"max-snippet:-1","max-image-preview":"max-image-preview:large","max-video-preview":"max-video-preview:-1"},"canonical":"https:\/\/www.pacoteshyatt.com.br\/rio-de-janeiro\/product\/massagem-oriental\/","og_locale":"pt_BR","og_type":"article","og_title":"Massagem Oriental: Sess\u00e3o de 80 Minutos - Grand Hyatt RJ","og_description":"A massagem oriental do Grand Hyatt da Barra da Tijuca, traz o melhor das t\u00e9cnicas japonesas em uma experi\u00eancia relaxante de 80 minutos. Reserve agora!","og_url":"https:\/\/www.pacoteshyatt.com.br\/rio-de-janeiro\/product\/massagem-oriental\/","og_site_name":"GRAND HYATT RIO DE JANEIRO","article_modified_time":"2025-10-13T13:23:58+00:00","og_image":[{"width":308,"height":200,"url":"https:\/\/www.pacoteshyatt.com.br\/rio-de-janeiro\/wp-content\/uploads\/sites\/2\/2020\/10\/HYATT_TBF_6377.jpg","type":"image\/jpeg"}],"twitter_card":"summary_large_image","schema":{"@context":"https:\/\/schema.org","@graph":[{"@type":"WebSite","@id":"https:\/\/www.pacoteshyatt.com.br\/rio-de-janeiro\/#website","url":"https:\/\/www.pacoteshyatt.com.br\/rio-de-janeiro\/","name":"GRAND HYATT RIO DE JANEIRO","description":"Um verdadeiro resort urbano na Barra da Tijuca!","potentialAction":[{"@type":"SearchAction","target":{"@type":"EntryPoint","urlTemplate":"https:\/\/www.pacoteshyatt.com.br\/rio-de-janeiro\/?s={search_term_string}"},"query-input":"required name=search_term_string"}],"inLanguage":"pt-BR"},{"@type":"ImageObject","@id":"https:\/\/www.pacoteshyatt.com.br\/rio-de-janeiro\/product\/massagem-oriental\/#primaryimage","inLanguage":"pt-BR","url":"https:\/\/www.pacoteshyatt.com.br\/rio-de-janeiro\/wp-content\/uploads\/sites\/2\/2020\/10\/HYATT_TBF_6377.jpg","contentUrl":"https:\/\/www.pacoteshyatt.com.br\/rio-de-janeiro\/wp-content\/uploads\/sites\/2\/2020\/10\/HYATT_TBF_6377.jpg","width":308,"height":200,"caption":"www.tbfoto.com.br HYATT - RJ\/RJ - 01\/11\/2017 Foto: Tadeu Brunelli ATENCAO: Toda foto deve ser publicada com o credito do autor, na sua integra sem cortes ou modificacoes, de acordo com a Lei N\u00ba 9.610 de 19\/02\/1998."},{"@type":"WebPage","@id":"https:\/\/www.pacoteshyatt.com.br\/rio-de-janeiro\/product\/massagem-oriental\/#webpage","url":"https:\/\/www.pacoteshyatt.com.br\/rio-de-janeiro\/product\/massagem-oriental\/","name":"Massagem Oriental: Sess\u00e3o de 80 Minutos - Grand Hyatt RJ","isPartOf":{"@id":"https:\/\/www.pacoteshyatt.com.br\/rio-de-janeiro\/#website"},"primaryImageOfPage":{"@id":"https:\/\/www.pacoteshyatt.com.br\/rio-de-janeiro\/product\/massagem-oriental\/#primaryimage"},"datePublished":"2020-10-21T01:19:44+00:00","dateModified":"2025-10-13T13:23:58+00:00","description":"A massagem oriental do Grand Hyatt da Barra da Tijuca, traz o melhor das t\u00e9cnicas japonesas em uma experi\u00eancia relaxante de 80 minutos. Reserve agora!","breadcrumb":{"@id":"https:\/\/www.pacoteshyatt.com.br\/rio-de-janeiro\/product\/massagem-oriental\/#breadcrumb"},"inLanguage":"pt-BR","potentialAction":[{"@type":"ReadAction","target":["https:\/\/www.pacoteshyatt.com.br\/rio-de-janeiro\/product\/massagem-oriental\/"]}]},{"@type":"BreadcrumbList","@id":"https:\/\/www.pacoteshyatt.com.br\/rio-de-janeiro\/product\/massagem-oriental\/#breadcrumb","itemListElement":[{"@type":"ListItem","position":1,"name":"Home","item":"https:\/\/www.pacoteshyatt.com.br\/rio-de-janeiro\/"},{"@type":"ListItem","position":2,"name":"Cat\u00e1logo","item":"https:\/\/www.pacoteshyatt.com.br\/rio-de-janeiro\/catalogo\/"},{"@type":"ListItem","position":3,"name":"Massagem Oriental"}]}]}},"_links":{"self":[{"href":"https:\/\/www.pacoteshyatt.com.br\/rio-de-janeiro\/wp-json\/wp\/v2\/product\/65"}],"collection":[{"href":"https:\/\/www.pacoteshyatt.com.br\/rio-de-janeiro\/wp-json\/wp\/v2\/product"}],"about":[{"href":"https:\/\/www.pacoteshyatt.com.br\/rio-de-janeiro\/wp-json\/wp\/v2\/types\/product"}],"wp:featuredmedia":[{"embeddable":true,"href":"https:\/\/www.pacoteshyatt.com.br\/rio-de-janeiro\/wp-json\/wp\/v2\/media\/1947"}],"wp:attachment":[{"href":"https:\/\/www.pacoteshyatt.com.br\/rio-de-janeiro\/wp-json\/wp\/v2\/media?parent=65"}],"wp:term":[{"taxonomy":"product_cat","embeddable":true,"href":"https:\/\/www.pacoteshyatt.com.br\/rio-de-janeiro\/wp-json\/wp\/v2\/product_cat?post=65"},{"taxonomy":"product_tag","embeddable":true,"href":"https:\/\/www.pacoteshyatt.com.br\/rio-de-janeiro\/wp-json\/wp\/v2\/product_tag?post=65"}],"curies":[{"name":"wp","href":"https:\/\/api.w.org\/{rel}","templated":true}]}}