{"id":6549,"date":"2022-10-06T11:00:46","date_gmt":"2022-10-06T14:00:46","guid":{"rendered":"https:\/\/www.pacoteshyatt.com.br\/rio-de-janeiro\/?post_type=product&#038;p=6549"},"modified":"2026-01-05T09:21:27","modified_gmt":"2026-01-05T12:21:27","slug":"ceia-de-ano-novo","status":"publish","type":"product","link":"https:\/\/www.pacoteshyatt.com.br\/rio-de-janeiro\/product\/ceia-de-ano-novo\/","title":{"rendered":"Ceia de Ano Novo | Tano"},"content":{"rendered":"<p style=\"text-align: center\"><span style=\"color: #bd2137\"><strong>VENDAS ONLINE ENCERRADAS!<\/strong><br \/>\nPara adquirir o seu voucher, entre em contato atrav\u00e9s do <a href=\"https:\/\/wa.me\/5511942414458\">WhatsApp<\/a> ou visite o nosso plant\u00e3o de vendas presencial, localizado no lobby do Grand Hyattt Rio de Janeiro, de 10h \u00e0s 20h.<\/span><\/p>\n<p>&nbsp;<\/p>\n<p>&nbsp;<\/p>\n<p><strong><em>Si vienes de fuera de Brasil, haga <a href=\"https:\/\/www.hyattexperiences.com\/grand-hyatt\/riogh#!\/e\/ece5721a\">clic aqu\u00ed<\/a> |\u00a0<\/em><em>If you are coming from outside Brazil, <a href=\"https:\/\/www.hyattexperiences.com\/grand-hyatt\/riogh#!\/e\/ece5721a\">click here<\/a><\/em><\/strong><\/p>\n<p>&nbsp;<\/p>\n<p><strong>Comece 2026 com uma experi\u00eancia \u00fanica na ceia de ano novo do Grand Hyatt Rio de Janeiro.<\/strong><\/p>\n<p>Celebre a virada de ano no Espa\u00e7o Tano, combinando alta gastronomia, bebidas premium liberadas e m\u00fasica ao vivo, com uma localiza\u00e7\u00e3o incr\u00edvel ao lado da Lagoa de Marapendi. Transforme a noite de R\u00e9veillon em mem\u00f3rias para celebrar o ano inteiro.<\/p>\n<p>&nbsp;<\/p>\n<p data-start=\"364\" data-end=\"390\"><strong data-start=\"368\" data-end=\"390\">Destaques da\u00a0experi\u00eancia da ceia de ano novo inclui:<\/strong><\/p>\n<p data-start=\"393\" data-end=\"537\"><strong data-start=\"393\" data-end=\"412\">\u2022 Buffet especial completo de fim de ano:<\/strong> uma experi\u00eancia gastron\u00f4mica completa, com esta\u00e7\u00f5es de saladas, frios, carnes, frutos do mar, sobremesas e a exclusiva esta\u00e7\u00e3o ao vivo do premiado restaurante <strong>japon\u00eas Shiso<\/strong>.\u00a0Confira o menu completo abaixo.<\/p>\n<p data-start=\"625\" data-end=\"652\"><strong data-start=\"625\" data-end=\"645\">\u2022 Open Bar Premium<\/strong>: champagne, vinhos tinto e branco Haras de Pirque (Chardonnay e Hussonet Cabernet Sauvignon), whisky Chivas 12 anos e cerveja; al\u00e9m de refrigerantes, \u00e1gua, sucos e energ\u00e9tico.<\/p>\n<p><strong>\u2022 Bar de drinks:<\/strong> caipirinhas e caipiroskas, gin tonic, Aperol e Negroni.<\/p>\n<p data-start=\"974\" data-end=\"1085\"><strong data-start=\"974\" data-end=\"992\">\u2022 M\u00fasica ao vivo<\/strong> com a artista\u00a0<strong>Nath Audizio\u00a0<\/strong>cantando MPB, Jazz, Pop e outros ritmos, al\u00e9m de DJ para animar a noite de R\u00e9veillon 2026!<\/p>\n<p data-start=\"974\" data-end=\"1085\"><strong data-start=\"1165\" data-end=\"1187\">\u2022 Mesa individual<\/strong> para aproveitar a noite com seus amigos e familiares.<\/p>\n<p data-start=\"1165\" data-end=\"1267\"><strong data-start=\"1165\" data-end=\"1187\">\u2022 Recrea\u00e7\u00e3o infantil<\/strong> para as crian\u00e7as; menores de seis anos devem estar acompanhadas pelos pais.<\/p>\n<p data-start=\"1270\" data-end=\"1463\"><strong data-start=\"1270\" data-end=\"1286\">\u2022 Acesso exclusivo<\/strong>: clientes que adquirirem o voucher para a Ceia no Tano ter\u00e3o entrada liberada, a partir das 00h30, na <strong data-start=\"1378\" data-end=\"1418\">Festa de R\u00e9veillon do Grand Ballroom<\/strong>.<\/p>\n<p>&nbsp;<\/p>\n<p><strong>Informa\u00e7\u00f5es sobre a ceia de ano novo:<\/strong><\/p>\n<p><strong>\u2022 Local:\u00a0<\/strong>Restaurante Tano<\/p>\n<p><strong>\u2022 Data: <\/strong>31\/12\/25<\/p>\n<p><strong>\u2022 Hor\u00e1rio: <\/strong>das 21h \u00e0 1h<\/p>\n<p>&nbsp;<\/p>\n<p>&nbsp;<\/p>\n<p><strong>Valores:<br \/>\n<\/strong><\/p>\n<p><strong>\u2022 Adulto:<\/strong> R$2990<\/p>\n<p><strong>\u2022 Adolescente:<\/strong> R$2242,50<\/p>\n<p><strong>\u2022 Crian\u00e7a (6 a 12 anos):<\/strong> R$1495<\/p>\n<p><strong>\u2022 Crian\u00e7a (0 a 5 anos):\u00a0<\/strong>R$50<\/p>\n<p>&nbsp;<\/p>\n<p>&nbsp;<\/p>\n<hr \/>\n<p>Em caso de d\u00favidas, entre em contato conosco pelo email <a href=\"mailto:vendas.rj@hyatt.com\"><strong>vendas.rj@hyatt.com<\/strong><\/a> ou telefone <a href=\"tel:(21) 3797-1234\"><strong>(21) 3797-1234<\/strong><\/a><\/p>\n","protected":false},"excerpt":{"rendered":"<p>VENDAS ONLINE ENCERRADAS! Para adquirir o seu voucher, entre em contato atrav\u00e9s do WhatsApp ou visite o nosso plant\u00e3o de vendas presencial, localizado no lobby do Grand Hyattt Rio de Janeiro, de 10h \u00e0s 20h. &nbsp; &nbsp; Si vienes de fuera de Brasil, haga clic aqu\u00ed |\u00a0If you are coming from outside Brazil, click here [&hellip;]<\/p>\n","protected":false},"featured_media":20168,"template":"","meta":{"_eb_attr":""},"product_cat":[119,20,76,74,56],"product_tag":[],"bundled_by":[],"bundle_stock_status":"instock","bundle_stock_quantity":null,"bundle_virtual":false,"bundle_layout":"","bundle_add_to_cart_form_location":"","bundle_editable_in_cart":false,"bundle_sold_individually_context":"","bundle_item_grouping":"","bundle_min_size":"","bundle_max_size":"","bundled_items":[],"yoast_head":"<!-- This site is optimized with the Yoast SEO plugin v18.4.1 - https:\/\/yoast.com\/wordpress\/plugins\/seo\/ -->\n<title>Ceia de Ano Novo 2026 no Tano - Grand Hyatt Rio de Janeiro<\/title>\n<meta name=\"description\" content=\"Ceia de Ano Novo no Grand Hyatt Rio de Janeiro: buffet exclusivo, m\u00fasica ao vivo e vista para a Lagoa de Marapendi. Reserve j\u00e1 e celebre o r\u00e9veillon!\" \/>\n<meta name=\"robots\" content=\"index, follow, max-snippet:-1, max-image-preview:large, max-video-preview:-1\" \/>\n<link rel=\"canonical\" href=\"https:\/\/www.pacoteshyatt.com.br\/rio-de-janeiro\/product\/ceia-de-ano-novo\/\" \/>\n<meta property=\"og:locale\" content=\"pt_BR\" \/>\n<meta property=\"og:type\" content=\"article\" \/>\n<meta property=\"og:title\" content=\"Ceia de Ano Novo 2026 no Tano - Grand Hyatt Rio de Janeiro\" \/>\n<meta property=\"og:description\" content=\"Ceia de Ano Novo no Grand Hyatt Rio de Janeiro: buffet exclusivo, m\u00fasica ao vivo e vista para a Lagoa de Marapendi. Reserve j\u00e1 e celebre o r\u00e9veillon!\" \/>\n<meta property=\"og:url\" content=\"https:\/\/www.pacoteshyatt.com.br\/rio-de-janeiro\/product\/ceia-de-ano-novo\/\" \/>\n<meta property=\"og:site_name\" content=\"GRAND HYATT RIO DE JANEIRO\" \/>\n<meta property=\"article:modified_time\" content=\"2026-01-05T12:21:27+00:00\" \/>\n<meta property=\"og:image\" content=\"https:\/\/www.pacoteshyatt.com.br\/rio-de-janeiro\/wp-content\/uploads\/sites\/2\/2022\/10\/GHRJ_Banners_PTBR_308x200_Ceiadeanonovo_2025_v1.png\" \/>\n\t<meta property=\"og:image:width\" content=\"308\" \/>\n\t<meta property=\"og:image:height\" content=\"200\" \/>\n\t<meta property=\"og:image:type\" content=\"image\/png\" \/>\n<meta name=\"twitter:card\" content=\"summary_large_image\" \/>\n<meta name=\"twitter:label1\" content=\"Est. tempo de leitura\" \/>\n\t<meta name=\"twitter:data1\" content=\"2 minutos\" \/>\n<script type=\"application\/ld+json\" class=\"yoast-schema-graph\">{\"@context\":\"https:\/\/schema.org\",\"@graph\":[{\"@type\":\"WebSite\",\"@id\":\"https:\/\/www.pacoteshyatt.com.br\/rio-de-janeiro\/#website\",\"url\":\"https:\/\/www.pacoteshyatt.com.br\/rio-de-janeiro\/\",\"name\":\"GRAND HYATT RIO DE JANEIRO\",\"description\":\"Um verdadeiro resort urbano na Barra da Tijuca!\",\"potentialAction\":[{\"@type\":\"SearchAction\",\"target\":{\"@type\":\"EntryPoint\",\"urlTemplate\":\"https:\/\/www.pacoteshyatt.com.br\/rio-de-janeiro\/?s={search_term_string}\"},\"query-input\":\"required name=search_term_string\"}],\"inLanguage\":\"pt-BR\"},{\"@type\":\"ImageObject\",\"@id\":\"https:\/\/www.pacoteshyatt.com.br\/rio-de-janeiro\/product\/ceia-de-ano-novo\/#primaryimage\",\"inLanguage\":\"pt-BR\",\"url\":\"https:\/\/www.pacoteshyatt.com.br\/rio-de-janeiro\/wp-content\/uploads\/sites\/2\/2022\/10\/GHRJ_Banners_PTBR_308x200_Ceiadeanonovo_2025_v1.png\",\"contentUrl\":\"https:\/\/www.pacoteshyatt.com.br\/rio-de-janeiro\/wp-content\/uploads\/sites\/2\/2022\/10\/GHRJ_Banners_PTBR_308x200_Ceiadeanonovo_2025_v1.png\",\"width\":308,\"height\":200},{\"@type\":\"WebPage\",\"@id\":\"https:\/\/www.pacoteshyatt.com.br\/rio-de-janeiro\/product\/ceia-de-ano-novo\/#webpage\",\"url\":\"https:\/\/www.pacoteshyatt.com.br\/rio-de-janeiro\/product\/ceia-de-ano-novo\/\",\"name\":\"Ceia de Ano Novo 2026 no Tano - Grand Hyatt Rio de Janeiro\",\"isPartOf\":{\"@id\":\"https:\/\/www.pacoteshyatt.com.br\/rio-de-janeiro\/#website\"},\"primaryImageOfPage\":{\"@id\":\"https:\/\/www.pacoteshyatt.com.br\/rio-de-janeiro\/product\/ceia-de-ano-novo\/#primaryimage\"},\"datePublished\":\"2022-10-06T14:00:46+00:00\",\"dateModified\":\"2026-01-05T12:21:27+00:00\",\"description\":\"Ceia de Ano Novo no Grand Hyatt Rio de Janeiro: buffet exclusivo, m\u00fasica ao vivo e vista para a Lagoa de Marapendi. Reserve j\u00e1 e celebre o r\u00e9veillon!\",\"breadcrumb\":{\"@id\":\"https:\/\/www.pacoteshyatt.com.br\/rio-de-janeiro\/product\/ceia-de-ano-novo\/#breadcrumb\"},\"inLanguage\":\"pt-BR\",\"potentialAction\":[{\"@type\":\"ReadAction\",\"target\":[\"https:\/\/www.pacoteshyatt.com.br\/rio-de-janeiro\/product\/ceia-de-ano-novo\/\"]}]},{\"@type\":\"BreadcrumbList\",\"@id\":\"https:\/\/www.pacoteshyatt.com.br\/rio-de-janeiro\/product\/ceia-de-ano-novo\/#breadcrumb\",\"itemListElement\":[{\"@type\":\"ListItem\",\"position\":1,\"name\":\"Home\",\"item\":\"https:\/\/www.pacoteshyatt.com.br\/rio-de-janeiro\/\"},{\"@type\":\"ListItem\",\"position\":2,\"name\":\"Cat\u00e1logo\",\"item\":\"https:\/\/www.pacoteshyatt.com.br\/rio-de-janeiro\/catalogo\/\"},{\"@type\":\"ListItem\",\"position\":3,\"name\":\"Ceia de Ano Novo | Tano\"}]}]}<\/script>\n<!-- \/ Yoast SEO plugin. -->","yoast_head_json":{"title":"Ceia de Ano Novo 2026 no Tano - Grand Hyatt Rio de Janeiro","description":"Ceia de Ano Novo no Grand Hyatt Rio de Janeiro: buffet exclusivo, m\u00fasica ao vivo e vista para a Lagoa de Marapendi. Reserve j\u00e1 e celebre o r\u00e9veillon!","robots":{"index":"index","follow":"follow","max-snippet":"max-snippet:-1","max-image-preview":"max-image-preview:large","max-video-preview":"max-video-preview:-1"},"canonical":"https:\/\/www.pacoteshyatt.com.br\/rio-de-janeiro\/product\/ceia-de-ano-novo\/","og_locale":"pt_BR","og_type":"article","og_title":"Ceia de Ano Novo 2026 no Tano - Grand Hyatt Rio de Janeiro","og_description":"Ceia de Ano Novo no Grand Hyatt Rio de Janeiro: buffet exclusivo, m\u00fasica ao vivo e vista para a Lagoa de Marapendi. Reserve j\u00e1 e celebre o r\u00e9veillon!","og_url":"https:\/\/www.pacoteshyatt.com.br\/rio-de-janeiro\/product\/ceia-de-ano-novo\/","og_site_name":"GRAND HYATT RIO DE JANEIRO","article_modified_time":"2026-01-05T12:21:27+00:00","og_image":[{"width":308,"height":200,"url":"https:\/\/www.pacoteshyatt.com.br\/rio-de-janeiro\/wp-content\/uploads\/sites\/2\/2022\/10\/GHRJ_Banners_PTBR_308x200_Ceiadeanonovo_2025_v1.png","type":"image\/png"}],"twitter_card":"summary_large_image","twitter_misc":{"Est. tempo de leitura":"2 minutos"},"schema":{"@context":"https:\/\/schema.org","@graph":[{"@type":"WebSite","@id":"https:\/\/www.pacoteshyatt.com.br\/rio-de-janeiro\/#website","url":"https:\/\/www.pacoteshyatt.com.br\/rio-de-janeiro\/","name":"GRAND HYATT RIO DE JANEIRO","description":"Um verdadeiro resort urbano na Barra da Tijuca!","potentialAction":[{"@type":"SearchAction","target":{"@type":"EntryPoint","urlTemplate":"https:\/\/www.pacoteshyatt.com.br\/rio-de-janeiro\/?s={search_term_string}"},"query-input":"required name=search_term_string"}],"inLanguage":"pt-BR"},{"@type":"ImageObject","@id":"https:\/\/www.pacoteshyatt.com.br\/rio-de-janeiro\/product\/ceia-de-ano-novo\/#primaryimage","inLanguage":"pt-BR","url":"https:\/\/www.pacoteshyatt.com.br\/rio-de-janeiro\/wp-content\/uploads\/sites\/2\/2022\/10\/GHRJ_Banners_PTBR_308x200_Ceiadeanonovo_2025_v1.png","contentUrl":"https:\/\/www.pacoteshyatt.com.br\/rio-de-janeiro\/wp-content\/uploads\/sites\/2\/2022\/10\/GHRJ_Banners_PTBR_308x200_Ceiadeanonovo_2025_v1.png","width":308,"height":200},{"@type":"WebPage","@id":"https:\/\/www.pacoteshyatt.com.br\/rio-de-janeiro\/product\/ceia-de-ano-novo\/#webpage","url":"https:\/\/www.pacoteshyatt.com.br\/rio-de-janeiro\/product\/ceia-de-ano-novo\/","name":"Ceia de Ano Novo 2026 no Tano - Grand Hyatt Rio de Janeiro","isPartOf":{"@id":"https:\/\/www.pacoteshyatt.com.br\/rio-de-janeiro\/#website"},"primaryImageOfPage":{"@id":"https:\/\/www.pacoteshyatt.com.br\/rio-de-janeiro\/product\/ceia-de-ano-novo\/#primaryimage"},"datePublished":"2022-10-06T14:00:46+00:00","dateModified":"2026-01-05T12:21:27+00:00","description":"Ceia de Ano Novo no Grand Hyatt Rio de Janeiro: buffet exclusivo, m\u00fasica ao vivo e vista para a Lagoa de Marapendi. Reserve j\u00e1 e celebre o r\u00e9veillon!","breadcrumb":{"@id":"https:\/\/www.pacoteshyatt.com.br\/rio-de-janeiro\/product\/ceia-de-ano-novo\/#breadcrumb"},"inLanguage":"pt-BR","potentialAction":[{"@type":"ReadAction","target":["https:\/\/www.pacoteshyatt.com.br\/rio-de-janeiro\/product\/ceia-de-ano-novo\/"]}]},{"@type":"BreadcrumbList","@id":"https:\/\/www.pacoteshyatt.com.br\/rio-de-janeiro\/product\/ceia-de-ano-novo\/#breadcrumb","itemListElement":[{"@type":"ListItem","position":1,"name":"Home","item":"https:\/\/www.pacoteshyatt.com.br\/rio-de-janeiro\/"},{"@type":"ListItem","position":2,"name":"Cat\u00e1logo","item":"https:\/\/www.pacoteshyatt.com.br\/rio-de-janeiro\/catalogo\/"},{"@type":"ListItem","position":3,"name":"Ceia de Ano Novo | Tano"}]}]}},"_links":{"self":[{"href":"https:\/\/www.pacoteshyatt.com.br\/rio-de-janeiro\/wp-json\/wp\/v2\/product\/6549"}],"collection":[{"href":"https:\/\/www.pacoteshyatt.com.br\/rio-de-janeiro\/wp-json\/wp\/v2\/product"}],"about":[{"href":"https:\/\/www.pacoteshyatt.com.br\/rio-de-janeiro\/wp-json\/wp\/v2\/types\/product"}],"wp:featuredmedia":[{"embeddable":true,"href":"https:\/\/www.pacoteshyatt.com.br\/rio-de-janeiro\/wp-json\/wp\/v2\/media\/20168"}],"wp:attachment":[{"href":"https:\/\/www.pacoteshyatt.com.br\/rio-de-janeiro\/wp-json\/wp\/v2\/media?parent=6549"}],"wp:term":[{"taxonomy":"product_cat","embeddable":true,"href":"https:\/\/www.pacoteshyatt.com.br\/rio-de-janeiro\/wp-json\/wp\/v2\/product_cat?post=6549"},{"taxonomy":"product_tag","embeddable":true,"href":"https:\/\/www.pacoteshyatt.com.br\/rio-de-janeiro\/wp-json\/wp\/v2\/product_tag?post=6549"}],"curies":[{"name":"wp","href":"https:\/\/api.w.org\/{rel}","templated":true}]}}